{"id":19651,"date":"2025-04-07T06:59:37","date_gmt":"2025-04-07T06:59:37","guid":{"rendered":"https:\/\/www.hydraulic-cylinders.net\/product\/boom-cylinder-for-bonny-wy160ahd\/"},"modified":"2025-04-07T06:59:40","modified_gmt":"2025-04-07T06:59:40","slug":"boom-cylinder-for-bonny-wy160ahd","status":"publish","type":"product","link":"https:\/\/www.hydraulic-cylinders.net\/et\/toode\/boom-cylinder-for-bonny-wy160ahd\/","title":{"rendered":"Poomi silinder Bonny WY160AHD jaoks"},"content":{"rendered":"<h1>Poomi silinder Bonny WY160AHD jaoks<\/h1>\n<h2>Toote \u00fclevaade<\/h2>\n<p>Bonny WY160AHD poomi silinder on spetsiaalne h\u00fcdrauliline silinder, mis on loodud poomi liikumise juhtimiseks erinevates rasketes masinates, n\u00e4iteks ekskavaatorites, laadur-ekskavaatorites ja esilaadurites. Need silindrid v\u00f5imaldavad poomi t\u00f5sta, langetada ja kallutada, h\u00f5lbustades materjalide k\u00e4itlemise \u00fclesandeid h\u00f5lpsalt ja t\u00e4pselt. Kopa silindril on h\u00fcdraulikas\u00fcsteemides kriitiline roll, pakkudes vajalikku j\u00f5udu ja juhtimist t\u00f5husaks t\u00f6\u00f6ks n\u00f5udlikes keskkondades.<\/p>\n<p><img decoding=\"async\" src=\"https:\/\/www.hydraulic-cylinders.net\/wp-content\/uploads\/2025\/04\/songte-company-1.webp\" alt=\"Poomi silinder Bonny WY160AHD jaoks\"><\/p>\n<h3>Definitsioon ja funktsionaalsus<\/h3>\n<p>Kopa silinder on h\u00fcdrosilindri t\u00fc\u00fcp, mis on spetsiaalselt loodud kopa liikumise juhtimiseks rasketel masinatel. Ekskavaatorites v\u00f5imaldab see kopa t\u00e4pset kaevamist, t\u00f5stmist ja kallutamist, et materjali t\u00f5husalt v\u00e4lja kaevata ja transportida. Nende silindrite disain arvestab tavaliselt suure vastupidavuse ja t\u00f6\u00f6kindlusega, tagades optimaalse j\u00f5udluse k\u00f5rgsurve tingimustes.<\/p>\n<h2>Poomi silindri omadused<\/h2>\n<ul>\n<li><strong>Suur tugevus ja vastupidavus:<\/strong> Need \u00fclitugevast terasest v\u00f5i alumiiniumist valmistatud silindrid taluvad k\u00f5rget r\u00f5hku ja suuri koormusi, mist\u00f5ttu sobivad need karmidesse t\u00f6\u00f6keskkondadesse. Nende konstruktsioonis on arvestatud kulumiskindluse ja korrosioonikaitsega, et pikendada nende eluiga.<\/li>\n<li><strong>T\u00f5hus h\u00fcdrauliline t\u00f6\u00f6:<\/strong> Kasutades sujuvaks pikendamiseks ja tagasit\u00f5mbamiseks h\u00fcdraulika\u00f5li r\u00f5hku, reageerivad need silindrid juhtimisk\u00e4sklustele kiiresti, pakkudes m\u00e4rkimisv\u00e4\u00e4rset t\u00f5uke- ja t\u00f5mbej\u00f5udu, mis sobib ideaalselt raskete ja keerukate \u00fclesannete t\u00e4itmiseks.<\/li>\n<li><strong>Erinevad t\u00fc\u00fcbid:<\/strong> Valikute hulka kuuluvad \u00fchetoimelised (\u00fches suunas t\u00f6\u00f6tavad) ja kahetoimelised (m\u00f5lemas suunas t\u00f6\u00f6tavad) silindrid, mis vastavad erinevatele t\u00f6\u00f6vajadustele. M\u00f5ned mudelid on teleskoopilised, v\u00f5imaldades suuremat pikendamist ilma v\u00e4lism\u00f5\u00f5tmeid suurendamata, sobides ruumipiirangutega rakenduste jaoks.<\/li>\n<li><strong>Kohandatavad lahendused:<\/strong> Meie tootmisv\u00f5imalused v\u00f5imaldavad meil toota silindreid, mis asendavad ideaalselt olemasolevaid h\u00fcdrosilindreid, tagades sujuva integreerimise teie seadmetesse.<\/li>\n<li><strong>Vastupidav disain:<\/strong> Nende silindrite projekteerimisel v\u00f5etakse arvesse selliseid tegureid nagu kandev\u00f5ime, tihendus, vastupidavus, ohutus ja hooldatavus, tagades usaldusv\u00e4\u00e4rse j\u00f5udluse k\u00f5igis rakendustes.<\/li>\n<\/ul>\n<p><img decoding=\"async\" src=\"https:\/\/www.hydraulic-cylinders.net\/wp-content\/uploads\/2025\/04\/songte-cylinder-head-with-all-kinds-excavator-models.webp\" alt=\"Ekskavaatorite silindripea\"><\/p>\n<h2>Poomi silindri rakendused<\/h2>\n<h3>Ehitustehnika<\/h3>\n<p>Ekskavaatorites on noolesilindrid olulised kaevamiseks, laadimiseks ja pinnase v\u00f5i prahi teisaldamiseks. Need annavad vajaliku j\u00f5u noole t\u00f5husaks manipuleerimiseks, v\u00f5imaldades operaatoritel t\u00e4ita mitmesuguseid \u00fclesandeid t\u00e4pselt. Noole v\u00f5ime t\u00f5sta raskeid koormaid on ehitusprojektides \u00fclioluline, tagades efektiivsuse ja tootlikkuse.<\/p>\n<h3>P\u00f5llumajandustehnika<\/h3>\n<p>Esilaadurites kasutatavad noolesilindrid h\u00f5lbustavad selliste materjalide nagu pinnas ja hein \u00fcleskorjamist, t\u00f5stmist ja transportimist. Nende vastupidav konstruktsioon tagab usaldusv\u00e4\u00e4rse t\u00f6\u00f6 erinevates p\u00f5llumajandust\u00f6\u00f6des, suurendades oluliselt talude tootlikkust.<\/p>\n<h3>Ekskavaatorid<\/h3>\n<p>Ekskavaatorites v\u00f5imaldavad noolesilindrid kaevamist, lastes kopal pinnasesse tungida. Nende konstruktsioon maksimeerib h\u00fcdraulilise efektiivsuse, pakkudes materjalide t\u00f5husaks kaevamiseks vajalikku v\u00f5imsust, parandades seel\u00e4bi masina \u00fcldist j\u00f5udlust.<\/p>\n<h3>Laadurid<\/h3>\n<p>Esilaaduritel aitavad noolesilindrid koormaid t\u00f5husalt t\u00f5sta ja t\u00fchjendada. Nende v\u00f5ime k\u00e4sitseda raskeid materjale muudab need ehituses ja materjalide k\u00e4itlemisel \u00fclioluliseks, tagades t\u00f6\u00f6de kiire ja t\u00f5husa t\u00e4itmise.<\/p>\n<h2>Projekteerimiskaalutlused ja valikukriteeriumid<\/h2>\n<h3>Kandev\u00f5ime<\/h3>\n<p>Poomi silindri valimisel on kandev\u00f5ime kriitilise t\u00e4htsusega aspekt. Silinder peab suutma taluda masina maksimaalset koormust. See n\u00f5uab hoolikat projekteerimist, et tagada kasutatavate materjalide taluvus t\u00f6\u00f6tamise ajal rakendatavatele j\u00f5ududele ilma deformatsiooni v\u00f5i purunemiseta.<\/p>\n<h3>Tihendus<\/h3>\n<p>Tihendus on veel \u00fcks oluline tegur. T\u00f5husad tihendid hoiavad \u00e4ra h\u00fcdraulikavedeliku lekke ja saastumise, mis v\u00f5ib kahjustada j\u00f5udlust ja ohutust. Kvaliteetsed tihendid, mis on valmistatud sellistest materjalidest nagu pol\u00fcuretaan v\u00f5i nitriilkummi, on h\u00fcdraulikas\u00fcsteemi terviklikkuse s\u00e4ilitamiseks \u00fcliolulised.<\/p>\n<h3>Vastupidavus<\/h3>\n<p>Poomi silindri vastupidavus on \u00fclioluline, eriti keerulistes keskkondades. See peaks vastu pidama pideva kasutamise ja karmide tingimuste t\u00f5ttu tekkivale kulumisele. See h\u00f5lmab mustuse ja prahi tekitatud h\u00f5\u00f5rdumist ning niiskuse ja kemikaalide p\u00f5hjustatud korrosiooni.<\/p>\n<h3>Ohutus<\/h3>\n<p>\u00d5nnetuste v\u00e4ltimiseks tuleb noole silindrite konstruktsiooni integreerida ohutusfunktsioonid. See h\u00f5lmab \u00fclekoormuskaitsemehhanisme ja kaitseklappe, mis takistavad s\u00fcsteemi ohutute t\u00f6\u00f6piiride \u00fcletamist, tagades nii operaatori ohutuse kui ka seadmete pikaealisuse.<\/p>\n<h3>Hooldatavus<\/h3>\n<p>L\u00f5puks on oluline kaalutlus hoolduse lihtsus. Konstruktsioon, mis lihtsustab \u00fclevaatusi, m\u00e4\u00e4rimist ja tihendite vahetamist, v\u00e4hendab seisakuid ja hoolduskulusid. Tootjad peaksid eelistama konstruktsioone, mis v\u00f5imaldavad kriitilistele komponentidele h\u00f5lpsat juurdep\u00e4\u00e4su.<\/p>\n<p><img decoding=\"async\" src=\"https:\/\/www.hydraulic-cylinders.net\/wp-content\/uploads\/2025\/04\/songte-oil-pipes-and-spare-parts.webp\" alt=\"H\u00fcdraulilised komponendid\"><\/p>\n<h2>Tihendus ja m\u00e4\u00e4rimine<\/h2>\n<p>Poomi silindrite efektiivsus s\u00f5ltub suuresti korralikust tihendusest ja m\u00e4\u00e4rimisest. H\u00fcdraulilise r\u00f5hu s\u00e4ilitamiseks ja lekete v\u00e4ltimiseks on \u00fcliolulised mitmesugused tihenduskomponendid, n\u00e4iteks kolvi- ja varrastihendid. Tihendid on tavaliselt valmistatud kulumiskindlatest materjalidest, n\u00e4iteks pol\u00fcuretaanist v\u00f5i nitriilkummist, mis pakuvad suurep\u00e4rast vastupidavust h\u00fcdrauliliste silindrite karmidele t\u00f6\u00f6tingimustele. Lisaks on silindri korpuse ja keermestatud otste pinnad peenelt t\u00f6\u00f6deldud, et suurendada kulumiskindlust ja aidata kaasa silindri \u00fcldisele t\u00f6\u00f6kindlusele.<\/p>\n<p>Regulaarne m\u00e4\u00e4rimine on samuti oluline. Operaatoritel soovitatakse h\u00fcdraulikas\u00fcsteemi perioodiliselt sobiva h\u00fcdraulika\u00f5liga t\u00e4ita, et tagada k\u00f5igi liikuvate osade sujuv toimimine ja minimeerida h\u00f5\u00f5rdumist. See tava pikendab silindri eluiga ja s\u00e4ilitab optimaalse j\u00f5udluse.<\/p>\n<h2>Ennetavad hooldusmeetmed<\/h2>\n<ul>\n<li><strong>Regulaarsed kontrollid:<\/strong> Planeerige sagedased kontrollid, et tuvastada kulumise, lekete v\u00f5i kahjustuste m\u00e4rke. Probleemide varajane avastamine aitab \u00e4ra hoida suuremate probleemide teket.<\/li>\n<li><strong>Sobiv m\u00e4\u00e4rimine:<\/strong> Veenduge, et h\u00fcdraulikavedeliku tase on piisav ja et s\u00fcsteemi m\u00e4\u00e4ritakse regulaarselt, et v\u00e4hendada h\u00f5\u00f5rdumist ja liikuvate osade kulumist.<\/li>\n<li><strong>Tihendi vahetamine:<\/strong> J\u00e4lgige tihendite seisukorda ja vahetage need vastavalt vajadusele v\u00e4lja, et v\u00e4ltida lekkeid ja s\u00e4ilitada h\u00fcdrauliline efektiivsus.<\/li>\n<\/ul>\n<h2>Paigaldusjuhised<\/h2>\n<p>Poomi silindri \u00f5ige paigaldamine on optimaalse t\u00f6\u00f6 ja pikaealisuse tagamiseks \u00fclioluline. Alustage veendumaks, et masina kinnituspunktid on puhtad ja prahist vabad. Joondage silinder hoolikalt, j\u00e4lgides, et see oleks sirge, et v\u00e4ltida joondusvigu, mis v\u00f5ivad p\u00f5hjustada enneaegset kulumist v\u00f5i riket. Kasutage silindri kinnitamiseks sobivaid kinnitusklambreid, tagades kindla kinnituse.<\/p>\n<p>P\u00f6\u00f6rdemomendi s\u00e4tete ja v\u00f5imalike ainulaadsete paigaldusn\u00f5uete osas vaadake alati tootja spetsifikatsioone. P\u00e4rast paigaldamist tehke katsed, et veenduda silindri sujuvas ja leketeta t\u00f6\u00f6tamises. L\u00f5puks dokumenteerige paigaldusprotsess ja k\u00f5ik tehtud muudatused edaspidiseks kasutamiseks.<\/p>\n<h2>Levinumad hooldust\u00f6\u00f6d<\/h2>\n<h3>Regulaarsed kontrollid<\/h3>\n<p>Regulaarsete kontrollide l\u00e4biviimine on oluline potentsiaalsete probleemide tuvastamiseks enne, kui need t\u00f5siseks muutuvad. Otsige silindrilt kulumism\u00e4rke, n\u00e4iteks pragusid v\u00f5i deformatsiooni, ja kontrollige h\u00fcdraulikavedeliku taset, et see oleks soovitatavas vahemikus. Kontrollimisi tuleks planeerida regulaarsete intervallidega, et s\u00e4ilitada poomi silindri terviklikkus ja j\u00f5udlus.<\/p>\n<h3>Sobiv m\u00e4\u00e4rimine<\/h3>\n<p>N\u00f5uetekohane m\u00e4\u00e4rimine on poomi silindri eluea pikendamiseks h\u00e4davajalik. Veenduge, et h\u00fcdraulika\u00f5li tase on piisav ja et m\u00e4\u00e4rimispunkte hooldatakse regulaarselt. Kasutada tuleb \u00f5iget t\u00fc\u00fcpi h\u00fcdraulika\u00f5li ja operaatorid peaksid kahjustuste v\u00e4ltimiseks ja sujuva t\u00f6\u00f6 tagamiseks j\u00e4rgima tootja soovitusi.<\/p>\n<h3>Tihendi vahetamine<\/h3>\n<p>Tihendid on h\u00fcdraulilise r\u00f5hu s\u00e4ilitamiseks ja lekete v\u00e4ltimiseks \u00fcliolulised. Kontrollige regulaarselt tihendeid kulumise v\u00f5i kahjustuste suhtes ja vajadusel vahetage need v\u00e4lja. See aitab s\u00e4ilitada h\u00fcdraulikas\u00fcsteemi t\u00f5husust ja v\u00e4ltida vedelikulekete t\u00f5ttu kulukaid remondit\u00f6id. Tihendite vahetuste arvestuse pidamine aitab hooldust\u00f6id j\u00e4lgida.<\/p>\n<p><img decoding=\"async\" src=\"https:\/\/www.hydraulic-cylinders.net\/wp-content\/uploads\/2025\/04\/songte-chushion-collar.webp\" alt=\"Padjakaelus\"><\/p>\n<h2>Ohutuskaalutlused ja keskkonnategurid<\/h2>\n<p>H\u00fcdrauliliste s\u00fcsteemide k\u00e4itamisel on ohutusmeetmed \u00fcliolulised. Operaatorid peaksid alati j\u00e4rgima ohutusprotokolle, sealhulgas kandma sobivaid isikukaitsevahendeid (IKV) ja tagama, et k\u00f5ik t\u00f6\u00f6tajad on teadlikud t\u00f6\u00f6protseduuridest. N\u00f5uetekohane v\u00e4lja\u00f5pe on oluline \u00f5nnetuste v\u00e4ltimiseks ja noolesilindritega masinate ohutuks kasutamiseks.<\/p>\n<p>Keskkonnategurid m\u00e4ngivad samuti olulist rolli h\u00fcdrauliliste silindrite t\u00f6\u00f6s ja pikaealisuses. Operaatorid peavad arvestama \u00e4\u00e4rmuslike temperatuuride, niiskuse ja v\u00f5imalike saasteainetega t\u00f6\u00f6keskkonnas. Kaitsemeetmete rakendamine, n\u00e4iteks katete kasutamine v\u00f5i sobivate materjalide valimine, saab neid riske leevendada.<\/p>\n<h2>Rikete diagnoosimine ja levinud probleemid<\/h2>\n<ul>\n<li><strong>Leke:<\/strong> Kui h\u00fcdraulikavedelik lekib, kontrollige tihendeid ja \u00fchendusi kahjustuste suhtes. S\u00fcsteemi terviklikkuse taastamiseks vahetage k\u00f5ik defektsed komponendid v\u00e4lja.<\/li>\n<li><strong>Ebaj\u00e4rjekindel toimimine:<\/strong> Kui silinder ei liigu sujuvalt v\u00e4lja ega sisse, kontrollige h\u00fcdraulikavoolikute ummistusi ja veenduge, et s\u00fcsteemis on piisavalt h\u00fcdraulikavedelikku.<\/li>\n<li><strong>Ebatavalised helid:<\/strong> Krigisemise v\u00f5i kolina taolised helid v\u00f5ivad viidata sisemisele kahjustusele v\u00f5i kulumisele. Kontrollige silindrit mehaaniliste rikete v\u00f5i kulumise tunnuste suhtes.<\/li>\n<\/ul>\n<h2>Veaotsingu n\u00e4pun\u00e4ited<\/h2>\n<p>Probleemide t\u00f5husaks diagnoosimiseks ja lahendamiseks peaksid operaatorid s\u00e4ilitama s\u00fcstemaatilise l\u00e4henemisviisi. Alustage h\u00fcdros\u00fcsteemi visuaalse kontrolliga, otsides lekkeid v\u00f5i ilmseid kahjustusi. Probleemi tuvastamisel tutvuge tootja juhistega t\u00f5rkeotsingu ja remondiprotseduuride kohta. Regulaarne koolitus levinud probleemide ja lahenduste kohta annab operaatoritele v\u00f5imaluse v\u00e4iksemate probleemidega toime tulla enne, kui need suureks remondiks eskaleeruvad.<\/p>\n<p>Ennetavate meetmete rakendamine, n\u00e4iteks plaaniline hooldus ja regulaarsed \u00fclevaatused, aitavad minimeerida v\u00f5imalikke probleeme ja tagada noole silindri t\u00f5rgeteta t\u00f6\u00f6.<\/p>\n<p><img decoding=\"async\" src=\"https:\/\/www.hydraulic-cylinders.net\/wp-content\/uploads\/2025\/04\/songte-bushings-with-all-kinds-of-excavator-models.webp\" alt=\"Ekskavaatorite puksid\"><\/p>\n<h2>Meie ettev\u00f5ttest<\/h2>\n<p>Oleme juhtiv asendush\u00fcdrauliliste silindrite tootja ja hulgim\u00fc\u00fcja, pakkudes laia tootevalikut. P\u00fchendumus erakordsele kvaliteedile on teinud meist silmapaistva tegija nii sise- kui ka rahvusvahelistel turgudel. J\u00e4rgime rafineeritud, industrialiseeritud tootmisjuhtimise strateegiat, mis keskendub tipptasemele ja t\u00f5hususele.<\/p>\n<p>Meie meeskond koosneb oskuslikest spetsialistidest, kes on varustatud t\u00e4iustatud digitaalsete tootmistehnoloogiate ja professionaalsete testimiss\u00fcsteemidega. See tagab meie tootmisplatvormi pideva t\u00e4iustamise, tootekvaliteedi parandamise ja tootmisprotsesside t\u00e4iustamise. Meie tugev loominguline v\u00f5imekus v\u00f5imaldab meil rahuldada klientide mitmekesiseid n\u00f5udmisi suure t\u00f5hususega, t\u00e4psuse ja kvaliteediga.<\/p>\n<p><img decoding=\"async\" src=\"https:\/\/www.hydraulic-cylinders.net\/wp-content\/uploads\/2025\/04\/songte-company-4.webp\" alt=\"Ettev\u00f5tte \u00fclevaade\"><br \/>\n<img decoding=\"async\" src=\"https:\/\/www.hydraulic-cylinders.net\/wp-content\/uploads\/2025\/04\/songte-company-3.webp\" alt=\"Tootmis\u00fcksus\"><\/p>\n<p>Pakume spetsialiseeritud teenuseid, sh eritellimusel lahendusi, mida toetavad rahvusvahelised sertifikaadid, mis kinnitavad meie p\u00fchendumust kvaliteedile ja ohutusele. Meie tipptasemel tootmisseadmed tagavad, et iga toode vastab rangetele t\u00f6\u00f6stusstandarditele, samas kui meie p\u00fchendunud m\u00fc\u00fcgij\u00e4rgne teenindus garanteerib klientide rahulolu ja toe.<\/p>\n<p>Autor: lyl<\/p>","protected":false},"excerpt":{"rendered":"<p>Boom Cylinder For Bonny WY160AHD Product Overview The Boom Cylinder for Bonny WY160AHD is a specialized hydraulic cylinder designed to control the movement of the boom in various heavy machinery such as excavators, backhoe loaders, and front loaders. These cylinders enable the boom to lift, lower, and tilt, facilitating material handling tasks with ease and [&hellip;]<\/p>","protected":false},"featured_media":17869,"comment_status":"open","ping_status":"closed","template":"","meta":{"_et_pb_use_builder":"","_et_pb_old_content":"","_et_gb_content_width":""},"product_brand":[],"product_cat":[1546],"product_tag":[1547,1496],"class_list":{"0":"post-19651","1":"product","2":"type-product","3":"status-publish","4":"has-post-thumbnail","6":"product_cat-boom-cylinders","7":"product_tag-boom-cylinders","8":"product_tag-hydraulic-cylinders","10":"first","11":"instock","12":"shipping-taxable","13":"product-type-simple"},"amp_enabled":true,"_links":{"self":[{"href":"https:\/\/www.hydraulic-cylinders.net\/et\/wp-json\/wp\/v2\/product\/19651","targetHints":{"allow":["GET"]}}],"collection":[{"href":"https:\/\/www.hydraulic-cylinders.net\/et\/wp-json\/wp\/v2\/product"}],"about":[{"href":"https:\/\/www.hydraulic-cylinders.net\/et\/wp-json\/wp\/v2\/types\/product"}],"replies":[{"embeddable":true,"href":"https:\/\/www.hydraulic-cylinders.net\/et\/wp-json\/wp\/v2\/comments?post=19651"}],"wp:featuredmedia":[{"embeddable":true,"href":"https:\/\/www.hydraulic-cylinders.net\/et\/wp-json\/wp\/v2\/media\/17869"}],"wp:attachment":[{"href":"https:\/\/www.hydraulic-cylinders.net\/et\/wp-json\/wp\/v2\/media?parent=19651"}],"wp:term":[{"taxonomy":"product_brand","embeddable":true,"href":"https:\/\/www.hydraulic-cylinders.net\/et\/wp-json\/wp\/v2\/product_brand?post=19651"},{"taxonomy":"product_cat","embeddable":true,"href":"https:\/\/www.hydraulic-cylinders.net\/et\/wp-json\/wp\/v2\/product_cat?post=19651"},{"taxonomy":"product_tag","embeddable":true,"href":"https:\/\/www.hydraulic-cylinders.net\/et\/wp-json\/wp\/v2\/product_tag?post=19651"}],"curies":[{"name":"wp","href":"https:\/\/api.w.org\/{rel}","templated":true}]}}