{"id":19653,"date":"2025-04-07T06:59:55","date_gmt":"2025-04-07T06:59:55","guid":{"rendered":"https:\/\/www.hydraulic-cylinders.net\/product\/boom-cylinder-for-bonny-ce2200-7\/"},"modified":"2025-04-07T06:59:57","modified_gmt":"2025-04-07T06:59:57","slug":"boom-cylinder-for-bonny-ce2200-7","status":"publish","type":"product","link":"https:\/\/www.hydraulic-cylinders.net\/et\/toode\/boom-cylinder-for-bonny-ce2200-7\/","title":{"rendered":"Poomi silinder Bonny CE2200-7 jaoks"},"content":{"rendered":"<h1>Poomi silinder Bonny CE2200-7 jaoks<\/h1>\n<h2>Toote \u00fclevaade<\/h2>\n<p>Bonny CE2200-7 noole silinder on oluline h\u00fcdrauliline komponent, mis on loodud koppade liikumise juhtimiseks rasketes masinates, n\u00e4iteks ekskavaatorites, laadur-ekskavaatorites ja esilaadurites. Kopa silindritel on oluline roll materjali k\u00e4itlemisega seotud \u00fclesannete h\u00f5lbustamisel, v\u00f5imaldades koppa t\u00f5sta, langetada ja kallutada. Need h\u00fcdraulilised silindrid on spetsiaalselt konstrueeritud vastu pidama n\u00f5udlikele tingimustele, muutes need h\u00fcdraulikas\u00fcsteemide oluliseks osaks erinevates t\u00f6\u00f6stuslikes rakendustes.<\/p>\n<p><img decoding=\"async\" src=\"https:\/\/www.hydraulic-cylinders.net\/wp-content\/uploads\/2025\/04\/songte-company-1.webp\" alt=\"Poomi silinder Bonny CE2200-7 jaoks\"><\/p>\n<h2>Poomi silindri omadused<\/h2>\n<ul>\n<li><strong>Suur tugevus ja vastupidavus:<\/strong> Valmistatud \u00fclitugevast terasest v\u00f5i alumiiniumist, mis on loodud taluma k\u00f5rget r\u00f5hku ja suuri koormusi, sobib karmidesse t\u00f6\u00f6keskkondadesse.<\/li>\n<li><strong>T\u00f5hus h\u00fcdrauliline t\u00f6\u00f6:<\/strong> Kasutab sujuvaks pikendamiseks ja tagasit\u00f5mbamiseks h\u00fcdraulilist \u00f5lir\u00f5hku, pakkudes v\u00f5imsat t\u00f5uke- ja t\u00f5mbej\u00f5udu, mis sobib ideaalselt raskete ja keerukate \u00fclesannete jaoks.<\/li>\n<li><strong>Erinevad t\u00fc\u00fcbid:<\/strong> Saadaval \u00fchetoimeliste (h\u00fcdrauliline, \u00fches suunas kasutatav) v\u00f5i kahetoimeliste (h\u00fcdrauliline, m\u00f5lemas suunas kasutatav) silindritena, et rahuldada erinevaid t\u00f6\u00f6vajadusi.<\/li>\n<li><strong>Ruumis\u00e4\u00e4stlik disain:<\/strong> M\u00f5ned mudelid on teleskoopilised, mis v\u00f5imaldab suuremat pikendamist ilma v\u00e4lism\u00f5\u00f5tmeid suurendamata, mis sobib ideaalselt piiratud ruumiga rakenduste jaoks.<\/li>\n<li><strong>Korrosioonikindlus:<\/strong> Valmistatud kulumis- ja korrosioonikindlatest materjalidest, pikendades oluliselt silindri t\u00f6\u00f6iga.<\/li>\n<\/ul>\n<p>Meie tooted suudavad neid h\u00fcdrosilindreid ideaalselt asendada.<\/p>\n<p><img decoding=\"async\" src=\"https:\/\/www.hydraulic-cylinders.net\/wp-content\/uploads\/2025\/04\/songte-cylinder-head-with-all-kinds-excavator-models.webp\" alt=\"H\u00fcdraulilise silindri pea\"><\/p>\n<h2>Rakendusstsenaariumid<\/h2>\n<h3>Ehitustehnika<\/h3>\n<p>Ekskavaatorites on noole silinder \u00fclioluline kaevamisel, laadimisel ja mulla v\u00f5i prahi teisaldamisel. See v\u00f5imaldab kopal t\u00f5husalt pinnasesse tungida, h\u00f5lbustades kaevamisprotsessi. Ekskavaator-laadurites aitab kopa silinder nii kaevamis- kui ka t\u00f5stet\u00f6\u00f6del, muutes selle ehitust\u00f6\u00f6del asendamatuks komponendiks.<\/p>\n<h3>P\u00f5llumajandustehnika<\/h3>\n<p>Esilaaduritel on kopa silinder \u00fclioluline mulla, heina ja muude materjalide korjamiseks, t\u00f5stmiseks ja transportimiseks. See funktsioon suurendab p\u00f5llumajandust\u00f6\u00f6de t\u00f5husust, v\u00f5imaldades p\u00f5llumeestel oma ressursse t\u00f5husalt hallata ja tootlikkust parandada.<\/p>\n<h3>Ekskavaatorid<\/h3>\n<p>Ekskavaatorite kopa silinder m\u00e4ngib kaevamistoimingu v\u00f5imaldamisel v\u00f5tmerolli, v\u00f5imaldades kopal pinnasesse tungida. See v\u00f5ime on oluline mitmesuguste kaevet\u00f6\u00f6de jaoks, tagades efektiivsuse nii ehitus- kui ka haljastusprojektides.<\/p>\n<h3>Laadurid<\/h3>\n<p>Frontaallaaduritel aitab noole silinder koormaid t\u00f5husalt t\u00f5sta ja t\u00fchjendada. See funktsioon on materjalide kiireks ja ohutuks teisaldamiseks kriitilise t\u00e4htsusega, tagades, et laadurid saavad oma \u00fclesandeid t\u00f5husalt t\u00e4ita ilma ohutust ohverdamata.<\/p>\n<h2>Projekteerimiskaalutlused ja valikukriteeriumid<\/h2>\n<h3>Kandev\u00f5ime<\/h3>\n<p>Poomi silindri valimisel on kandev\u00f5ime esmat\u00e4htis. Silinder peab suutma taluda maksimaalset raskust, millega see t\u00f6\u00f6tamise ajal kokku puutub. See tagab masina ohutu ja t\u00f5husa t\u00f6\u00f6, v\u00e4ltides v\u00f5imalikke seadme rikkeid.<\/p>\n<h3>Tihendus<\/h3>\n<p>T\u00f5hus tihendus on h\u00fcdrauliliste silindrite puhul oluline r\u00f5hu s\u00e4ilitamiseks ja vedeliku lekete v\u00e4ltimiseks. Tihendusmaterjalide, n\u00e4iteks pol\u00fcuretaani ja nitriilkummi valik v\u00f5ib oluliselt m\u00f5jutada silindri j\u00f5udlust ja pikaealisust, mist\u00f5ttu on see disaini valikul kriitilise t\u00e4htsusega.<\/p>\n<h3>Vastupidavus<\/h3>\n<p>Vastupidavus on veel \u00fcks oluline tegur, kuna h\u00fcdrosilindrid puutuvad sageli kokku karmide t\u00f6\u00f6tingimustega. Silindri eluea pikendamiseks peavad konstruktsioonimaterjalid olema kulumiskindlad, aga ka keskkonnateguritele, nagu niiskus ja kemikaalid, vastupidavad.<\/p>\n<h3>Ohutus<\/h3>\n<p>H\u00fcdrauliliste silindrite konstruktsioonis on \u00fclioluline rakendada ohutusfunktsioone. See h\u00f5lmab \u00fclekoormuskaitses\u00fcsteeme ja rikkeohutusmehhanisme, et tagada seadmete turvaline t\u00f6\u00f6 rikke korral ja v\u00e4ltida \u00f5nnetusi.<\/p>\n<h3>Hooldatavus<\/h3>\n<p>Hoolduse lihtsus on v\u00f5tmet\u00e4htsusega, et tagada h\u00fcdraulikas\u00fcsteemide t\u00f5hus t\u00f6\u00f6 pikas perspektiivis. H\u00e4sti disainitud silinder v\u00f5imaldab tihendite ja muude komponentide lihtsat kontrollimist, m\u00e4\u00e4rimist ja vahetamist, tagades masina minimaalse seisakuaja.<\/p>\n<p><img decoding=\"async\" src=\"https:\/\/www.hydraulic-cylinders.net\/wp-content\/uploads\/2025\/04\/songte-oil-pipes-and-spare-parts.webp\" alt=\"H\u00fcdrauliliste silindrite osad\"><\/p>\n<h2>Tihendus ja m\u00e4\u00e4rimine<\/h2>\n<p>Optimaalse j\u00f5udluse tagamiseks kasutatakse mitmesuguseid tihenduskomponente, sealhulgas kolvitihendeid ja varrastihendeid. Vastupidavate materjalide, n\u00e4iteks pol\u00fcuretaani ja nitriilkummi valimine tagab tihendite kulumiskindluse. H\u00fcdraulilise silindri korpus ja keermestatud otsapinnad on peenelt t\u00f6\u00f6deldud, et suurendada kulumiskindlust. Sujuva t\u00f6\u00f6 s\u00e4ilitamiseks ja h\u00f5\u00f5rdumisest tingitud kulumise v\u00e4ltimiseks on vajalik regulaarne m\u00e4\u00e4rimine h\u00fcdraulika\u00f5liga.<\/p>\n<h2>Ennetavad hooldusmeetmed<\/h2>\n<ul>\n<li><strong>Regulaarsed kontrollid:<\/strong> Tehke regulaarseid kontrolle, et tuvastada kulumise v\u00f5i kahjustuste m\u00e4rke. Probleemide varajane avastamine aitab v\u00e4ltida olulisi rikkeid.<\/li>\n<li><strong>Sobiv m\u00e4\u00e4rimine:<\/strong> Veenduge, et h\u00fcdraulika\u00f5li tase on piisav ja et m\u00e4\u00e4rimine toimub regulaarselt, et s\u00e4ilitada j\u00f5udlust ja v\u00e4ltida kinnikiilumist.<\/li>\n<li><strong>Tihendi vahetamine:<\/strong> J\u00e4lgige tihendeid kulumisj\u00e4lgede suhtes ja vahetage need vastavalt vajadusele v\u00e4lja, et v\u00e4ltida lekkeid ja s\u00e4ilitada efektiivsus.<\/li>\n<\/ul>\n<h2>Paigaldusjuhised<\/h2>\n<p>Poomi silindri \u00f5ige paigaldamine on optimaalse j\u00f5udluse saavutamiseks \u00fclioluline. Alustage veendumisest, et k\u00f5ik komponendid on puhtad ja prahist vabad. Joondage silinder \u00f5igesti kinnitusklambritega, et v\u00e4ltida liigset pinget. Kasutage silindri kinnitamiseks sobivaid kinnitusklambreid. P\u00f6\u00f6rdemomentide spetsifikatsioonide ja paigaldusprotseduuride kohta lugege alati tootja juhiseid. P\u00e4rast paigaldamist tehke p\u00f5hjalik kontroll, et veenduda k\u00f5igi \u00fchenduste turvalisuses ja etten\u00e4htud viisil toimimises.<\/p>\n<h2>Levinumad hooldust\u00f6\u00f6d<\/h2>\n<ul>\n<li><strong>Regulaarsed kontrollid:<\/strong> Planeerige regulaarseid kontrolle, et hinnata h\u00fcdraulikas\u00fcsteemi seisukorda ja tuvastada v\u00f5imalikke probleeme enne nende s\u00fcvenemist.<\/li>\n<li><strong>\u00d5ige m\u00e4\u00e4rimine:<\/strong> M\u00e4\u00e4rige silindrit regulaarselt vastavalt tootja soovitustele, et tagada sujuv t\u00f6\u00f6 ja v\u00e4ltida korrosiooni.<\/li>\n<li><strong>Tihendi vahetamine:<\/strong> Kontrollige regulaarselt tihendeid ja vahetage need kulumise korral v\u00e4lja, et v\u00e4ltida lekkeid, mis v\u00f5ivad p\u00f5hjustada h\u00fcdraulika rikkeid.<\/li>\n<\/ul>\n<h2>Ohutuskaalutlused ja keskkonnategurid<\/h2>\n<p>H\u00fcdrauliliste silindrite kasutamisel on oluline rakendada asjakohaseid ohutusmeetmeid. See h\u00f5lmab ka seda, et operaatorid oleksid seadmete kasutamiseks koolitatud ja teadlikud ohutusprotokollidest. Puhta t\u00f6\u00f6keskkonna s\u00e4ilitamine ja h\u00fcdrauliliste vedelike n\u00f5uetekohane utiliseerimine on samuti keskkonnam\u00f5ju minimeerimiseks \u00fcliolulised.<\/p>\n<h2>Veaotsing ja levinud probleemid<\/h2>\n<ul>\n<li><strong>H\u00fcdraulilised lekked:<\/strong> Lekked v\u00f5ivad tekkida kulunud tihendite v\u00f5i kahjustatud komponentide t\u00f5ttu. Regulaarsed kontrollid aitavad probleeme tuvastada enne, kui need t\u00f5siseks muutuvad.<\/li>\n<li><strong>Silindri halb reageering:<\/strong> Kui silinder ei reageeri \u00f5igesti, kontrollige h\u00fcdraulikavedeliku taset ja veenduge, et s\u00fcsteemis pole \u00f5humulle.<\/li>\n<li><strong>M\u00fcrane t\u00f6\u00f6:<\/strong> Liigne m\u00fcra v\u00f5ib viidata madalale vedelikutasemele v\u00f5i silindri mehaanilistele probleemidele. Regulaarne hooldus aitab neid probleeme v\u00e4ltida.<\/li>\n<\/ul>\n<h2>Probleemide lahendamise n\u00e4pun\u00e4ited<\/h2>\n<p>H\u00fcdraulikas\u00fcsteemi probleemide t\u00f5husaks diagnoosimiseks ja lahendamiseks veenduge, et k\u00f5ik \u00fchendused on tihedad ja h\u00fcdraulikavedeliku tase optimaalne. Lekete varajane tuvastamine on \u00fclioluline; kasutage allika leidmiseks \u00f5igeid tehnikaid. Regulaarsed hoolduskontrollid aitavad \u00e4ra hoida paljusid levinud probleeme enne nende s\u00fcvenemist, tagades s\u00fcsteemi t\u00f5hususe ja t\u00f6\u00f6kindluse.<\/p>\n<p><img decoding=\"async\" src=\"https:\/\/www.hydraulic-cylinders.net\/wp-content\/uploads\/2025\/04\/songte-bushings-with-all-kinds-of-excavator-models.webp\" alt=\"Ekskavaatori puksid\"><\/p>\n<h2>Ettev\u00f5tte tutvustus<\/h2>\n<p>Oleme juhtiv asendush\u00fcdrauliliste silindrite tootja, pakkudes laia tootevalikut nii sise- kui ka rahvusvahelise turu n\u00f5udluse rahuldamiseks. Meie p\u00fchendumust tipptasemele toetab t\u00e4iustatud tootmisstrateegia, mis h\u00f5lmab tipptehnoloogiat ja oskuslikku personali. T\u00e4iustades pidevalt oma tootmisv\u00f5imsust ja seades esikohale kvaliteedikontrolli, tagame, et meie tooted vastavad k\u00f5rgeimatele standarditele. Meie asjatundlikkus h\u00f5lmab professionaalset tootmist, rahvusvahelist sertifitseerimist, eritellimusteenuseid, t\u00e4iustatud tootmisseadmeid ja erakordset m\u00fc\u00fcgij\u00e4rgset teenindust, mis v\u00f5imaldab meil t\u00f5husalt rahuldada klientide mitmekesiseid vajadusi.<\/p>\n<p><img decoding=\"async\" src=\"https:\/\/www.hydraulic-cylinders.net\/wp-content\/uploads\/2025\/04\/songte-company-4.webp\" alt=\"Ettev\u00f5tte \u00fclevaade\"><br \/>\n<img decoding=\"async\" src=\"https:\/\/www.hydraulic-cylinders.net\/wp-content\/uploads\/2025\/04\/songte-company-3.webp\" alt=\"Tootmis\u00fcksus\"><\/p>\n<p>Autor: lyl<\/p>","protected":false},"excerpt":{"rendered":"<p>Boom Cylinder For Bonny CE2200-7 Product Overview The Boom Cylinder for Bonny CE2200-7 is an essential hydraulic component designed to control the movement of buckets in heavy machinery such as excavators, backhoe loaders, and front loaders. Bucket cylinders play a crucial role in facilitating tasks related to material handling by enabling the raising, lowering, and [&hellip;]<\/p>","protected":false},"featured_media":17871,"comment_status":"open","ping_status":"closed","template":"","meta":{"_et_pb_use_builder":"","_et_pb_old_content":"","_et_gb_content_width":""},"product_brand":[],"product_cat":[1546],"product_tag":[1547,1496],"class_list":{"0":"post-19653","1":"product","2":"type-product","3":"status-publish","4":"has-post-thumbnail","6":"product_cat-boom-cylinders","7":"product_tag-boom-cylinders","8":"product_tag-hydraulic-cylinders","10":"first","11":"instock","12":"shipping-taxable","13":"product-type-simple"},"amp_enabled":true,"_links":{"self":[{"href":"https:\/\/www.hydraulic-cylinders.net\/et\/wp-json\/wp\/v2\/product\/19653","targetHints":{"allow":["GET"]}}],"collection":[{"href":"https:\/\/www.hydraulic-cylinders.net\/et\/wp-json\/wp\/v2\/product"}],"about":[{"href":"https:\/\/www.hydraulic-cylinders.net\/et\/wp-json\/wp\/v2\/types\/product"}],"replies":[{"embeddable":true,"href":"https:\/\/www.hydraulic-cylinders.net\/et\/wp-json\/wp\/v2\/comments?post=19653"}],"wp:featuredmedia":[{"embeddable":true,"href":"https:\/\/www.hydraulic-cylinders.net\/et\/wp-json\/wp\/v2\/media\/17871"}],"wp:attachment":[{"href":"https:\/\/www.hydraulic-cylinders.net\/et\/wp-json\/wp\/v2\/media?parent=19653"}],"wp:term":[{"taxonomy":"product_brand","embeddable":true,"href":"https:\/\/www.hydraulic-cylinders.net\/et\/wp-json\/wp\/v2\/product_brand?post=19653"},{"taxonomy":"product_cat","embeddable":true,"href":"https:\/\/www.hydraulic-cylinders.net\/et\/wp-json\/wp\/v2\/product_cat?post=19653"},{"taxonomy":"product_tag","embeddable":true,"href":"https:\/\/www.hydraulic-cylinders.net\/et\/wp-json\/wp\/v2\/product_tag?post=19653"}],"curies":[{"name":"wp","href":"https:\/\/api.w.org\/{rel}","templated":true}]}}