{"id":19654,"date":"2025-04-07T06:59:59","date_gmt":"2025-04-07T06:59:59","guid":{"rendered":"https:\/\/www.hydraulic-cylinders.net\/product\/boom-cylinder-for-bonny-wzyd18-6\/"},"modified":"2025-04-07T07:00:01","modified_gmt":"2025-04-07T07:00:01","slug":"boom-cylinder-for-bonny-wzyd18-6","status":"publish","type":"product","link":"https:\/\/www.hydraulic-cylinders.net\/et\/toode\/boom-cylinder-for-bonny-wzyd18-6\/","title":{"rendered":"Poomi silinder Bonny WZYD18-6 jaoks"},"content":{"rendered":"<h1>Poomi silinder Bonny WZYD18-6 jaoks<\/h1>\n<h2>Toote \u00fclevaade<\/h2>\n<p>Bonny WZYD18-6 poomi silinder on oluline komponent mitmesugustes rasketehnikas, mis on spetsiaalselt loodud koppade liikumise juhtimiseks. See h\u00fcdrosilinder m\u00e4ngib h\u00fcdros\u00fcsteemides kriitilist rolli, v\u00f5imaldades ekskavaatorite, laadur-ekskavaatori ja esilaaduri koppade t\u00f5stmist, langetamist ja kallutamist. V\u00f5imaldades liikumise t\u00e4pset juhtimist, suurendab see oluliselt materjalik\u00e4itlust\u00f6\u00f6de efektiivsust.<\/p>\n<p><img decoding=\"async\" src=\"https:\/\/www.hydraulic-cylinders.net\/wp-content\/uploads\/2025\/04\/songte-company-1.webp\" alt=\"Poomi silinder\" \/><\/p>\n<h3>Kopasilindrite m\u00f5istmine<\/h3>\n<p>Kopa silinder on spetsiaalne h\u00fcdrauliline silinder, mida kasutatakse rasketehnikas kopa t\u00f6\u00f6 juhtimiseks. See h\u00f5lbustab kriitilisi liigutusi, mis on olulised mitmesuguste \u00fclesannete, sealhulgas kaevamise, t\u00f5stmise ja materjalide transportimise jaoks. H\u00fcdraulikas\u00fcsteem kasutab liikumise loomiseks survestatud vedelikku, mis v\u00f5imaldab kiireid ja tundlikke liigutusi, mis on ehitus- ja p\u00f5llumajandusrakendustes \u00fcliolulised.<\/p>\n<h2>Poomi silindri p\u00f5hijooned<\/h2>\n<ul>\n<li><strong>Suur tugevus ja vastupidavus:<\/strong> See \u00fclitugevast terasest v\u00f5i alumiiniumist valmistatud silinder on loodud taluma k\u00f5rget r\u00f5hku ja suuri koormusi, mist\u00f5ttu sobib see karmidesse t\u00f6\u00f6keskkondadesse.<\/li>\n<li><strong>T\u00f5hus h\u00fcdrauliline t\u00f6\u00f6:<\/strong> H\u00fcdraulilise \u00f5li r\u00f5hu abil tagab see sujuva pikendamise ja tagasit\u00f5mbamise, pakkudes v\u00f5imsaid t\u00f5uke- ja t\u00f5mbev\u00f5imeid, mis sobivad ideaalselt raskete ja keerukate \u00fclesannete jaoks.<\/li>\n<li><strong>Erinevad t\u00fc\u00fcbid:<\/strong> Saadaval on valikud \u00fchetoimeliste (h\u00fcdraulilise r\u00f5hu kasutamine \u00fches suunas) v\u00f5i kahetoimeliste silindrite (h\u00fcdraulilise r\u00f5hu kasutamine m\u00f5lemas suunas) jaoks, mis vastavad erinevatele t\u00f6\u00f6vajadustele.<\/li>\n<li><strong>Kompaktne disain:<\/strong> Teatud mudelitel on teleskoopkonstruktsioon, mis v\u00f5imaldab suuremat pikendamist ilma v\u00e4lism\u00f5\u00f5tmeid suurendamata, mist\u00f5ttu sobivad need ideaalselt ruumikitsastesse rakendustesse.<\/li>\n<li><strong>Pikendatud eluiga:<\/strong> Kulumiskindlust ja korrosioonikaitset silmas pidades konstrueeritud silindrid pakuvad pikka kasutusiga isegi rasketes tingimustes.<\/li>\n<\/ul>\n<p>Meie tooted asendavad ideaalselt mitmesuguseid t\u00f6\u00f6stuses kasutatavaid h\u00fcdraulilisi silindreid.<\/p>\n<p><img decoding=\"async\" src=\"https:\/\/www.hydraulic-cylinders.net\/wp-content\/uploads\/2025\/04\/songte-cylinder-head-with-all-kinds-excavator-models.webp\" alt=\"H\u00fcdraulilise silindri pea\" \/><\/p>\n<h2>Rakendusstsenaariumid<\/h2>\n<h3>Ehitustehnika<\/h3>\n<p>Ehitusmasinates on noolesilindrid ekskavaatorite lahutamatu osa, abistades kaevamisel, laadimisel ja mulla v\u00f5i prahi teisaldamisel. Need annavad kopa liigutamiseks vajaliku j\u00f5u, tagades t\u00f5husa t\u00f6\u00f6 ehitusplatsidel.<\/p>\n<h3>P\u00f5llumajandustehnika<\/h3>\n<p>Esilaadurites kasutatakse neid silindreid mulla, heina ja muude materjalide kopeerimiseks, t\u00f5stmiseks ja transportimiseks. Nende t\u00f6\u00f6kindlus ja tugevus muudavad need p\u00f5llumajandust\u00f6\u00f6de jaoks h\u00e4davajalikuks, suurendades p\u00f5llumajandustegevuse tootlikkust.<\/p>\n<h3>Ekskavaatorid<\/h3>\n<p>Ekskavaatorite puhul v\u00f5imaldavad kopasilindrid kopal t\u00f5husalt pinnasesse tungida, parandades kaevamisprotsessi. Nende h\u00fcdrauliline v\u00f5imekus v\u00f5imaldab m\u00e4rkimisv\u00e4\u00e4rset kaevamisj\u00f5udu, muutes need ehituses ja haljastuses asendamatuks.<\/p>\n<h3>Laadurid<\/h3>\n<p>Frontaallaadurites aitavad need silindrid koormaid t\u00f5husalt t\u00f5sta ja t\u00fchjendada. Nende konstruktsioon tagab raskete materjalide h\u00f5lpsa teisaldamise, parandades \u00fcldist t\u00f6\u00f6efektiivsust erinevates t\u00f6\u00f6stusharudes.<\/p>\n<h2>Projekteerimiskaalutlused ja valikukriteeriumid<\/h2>\n<ul>\n<li><strong>Kandev\u00f5ime:<\/strong> Kandev\u00f5ime on \u00fclioluline, kuna see m\u00e4\u00e4rab, kui palju raskust balloon ohutult taluda suudab. Oluline on valida ballon, mis vastab v\u00f5i \u00fcletab masina, kuhu see paigaldatakse, koormusn\u00f5udeid.<\/li>\n<li><strong>Tihendusv\u00f5ime:<\/strong> T\u00f5hus tihendus hoiab \u00e4ra h\u00fcdraulikavedeliku lekked, tagades optimaalse j\u00f5udluse. Vastupidavatest materjalidest valmistatud kvaliteetsed tihendid suurendavad h\u00fcdraulikasilindrite pikaealisust ja t\u00f5husust.<\/li>\n<li><strong>Vastupidavus:<\/strong> Ehitusmaterjalid peavad vastu pidama karmidele tingimustele, sealhulgas \u00e4\u00e4rmuslikele temperatuuridele ja s\u00f6\u00f6vitavale keskkonnale. Projekteerimisel peaksid olema omadused, mis v\u00e4hendavad aja jooksul kulumist.<\/li>\n<li><strong>Ohutusstandardid:<\/strong> Balloonid peavad ohutu t\u00f6\u00f6 tagamiseks vastama ohutusn\u00f5uetele ja -standarditele. See h\u00f5lmab selliseid funktsioone nagu \u00fcler\u00f5huventiilid ja muud ohutusmehhanismid \u00f5nnetuste v\u00e4ltimiseks.<\/li>\n<li><strong>Hoolduse lihtsus:<\/strong> H\u00e4sti disainitud silinder peaks v\u00f5imaldama komponentidele h\u00f5lpsat juurdep\u00e4\u00e4su regulaarseks hoolduseks. Vahetatavate osade ja lihtsa kokkupaneku arvestamine aitab s\u00e4\u00e4sta aega ja v\u00e4hendada seisakuid.<\/li>\n<\/ul>\n<p><img decoding=\"async\" src=\"https:\/\/www.hydraulic-cylinders.net\/wp-content\/uploads\/2025\/04\/songte-oil-pipes-and-spare-parts.webp\" alt=\"\u00d5litorud ja varuosad\" \/><\/p>\n<h2>Tihendus ja m\u00e4\u00e4rimine<\/h2>\n<p>H\u00fcdrauliliste silindrite funktsionaalsuse ja pikaealisuse tagamiseks on oluline korralik tihendamine ja m\u00e4\u00e4rimine. Vedeliku lekke v\u00e4ltimiseks kasutatakse mitmesuguseid tihendeid, n\u00e4iteks kolvitihendeid ja varrastihendeid. Kulumiskindlatest materjalidest, nagu pol\u00fcuretaan ja nitriilkummi, valmistatud tihendid tagavad vastupidavuse r\u00f5hu all. Silindri korpus ja keermestatud otsapinnad l\u00e4bivad peene t\u00f6\u00f6tluse, et suurendada kulumiskindlust, samas kui regulaarne h\u00fcdraulika\u00f5li m\u00e4\u00e4rimine on vajalik s\u00fcsteemi sujuva t\u00f6\u00f6 tagamiseks.<\/p>\n<h2>Regulaarne kontroll ja ennetav hooldus<\/h2>\n<ul>\n<li><strong>Rutiinsed kontrollid:<\/strong> Regulaarsed kontrollid aitavad kulumist tuvastada enne, kui see p\u00f5hjustab olulisi rikkeid. Otsige lekete m\u00e4rke, tihendite kulumist ja \u00fcldist seisukorda.<\/li>\n<li><strong>\u00d5ige m\u00e4\u00e4rimine:<\/strong> H\u00f5\u00f5rdumise ja kulumise v\u00e4hendamiseks veenduge liikuvate osade \u00f5igeaegses m\u00e4\u00e4rimises. See hooldus on optimaalse j\u00f5udluse s\u00e4ilitamiseks \u00fclioluline.<\/li>\n<li><strong>Tihendi vahetamine:<\/strong> Kontrollige tihendeid regulaarselt kulumisj\u00e4lgede suhtes. Kulunud tihendite vahetamine tagab h\u00fcdros\u00fcsteemi t\u00f5husa t\u00f6\u00f6, ennetades lekkeid ja r\u00f5hukadu.<\/li>\n<\/ul>\n<h2>Paigaldusjuhised<\/h2>\n<p>Poomi silindri paigaldamisel on oluline t\u00e4pselt j\u00e4rgida tootja juhiseid. Alustuseks veenduge, et kinnitusklambrid on kindlalt kinnitatud ja silindriga \u00f5igesti joondatud. Poltide pingutamiseks kasutage sobivaid t\u00f6\u00f6riistu, tagades tiheda sobivuse ilma \u00fcle pingutamata. Silindri \u00f5ige joondamine on \u00fclioluline, et v\u00e4ltida liigset pinget ja v\u00f5imalikku riket. P\u00e4rast paigaldamist kontrollige h\u00fcdraulika lekkeid ja veenduge, et see t\u00f6\u00f6taks sujuvalt kogu liikumisulatuses. Kui paigaldamise ajal tekib probleeme, on soovitatav konsulteerida spetsialistiga.<\/p>\n<h2>Levinumad hooldust\u00f6\u00f6d<\/h2>\n<ul>\n<li><strong>Regulaarsed kontrollid:<\/strong> Tehke silindrite toimivuse ja terviklikkuse regulaarseid kontrolle, et probleeme varakult avastada.<\/li>\n<li><strong>Sobiv m\u00e4\u00e4rimine:<\/strong> J\u00e4rgige j\u00e4rjepidevat m\u00e4\u00e4rimisgraafikut, kasutades kvaliteetset h\u00fcdraulika\u00f5li.<\/li>\n<li><strong>Tihendi vahetamine ja kalibreerimine:<\/strong> Optimaalse j\u00f5udluse s\u00e4ilitamiseks veenduge, et kulunud tihendid vahetatakse v\u00e4lja ja kalibreerimist kontrollitakse regulaarselt.<\/li>\n<\/ul>\n<p>Silindri \u00f5ige paigaldusjoondus on \u00fclioluline ja sobivate kinnitusklambrite kasutamine suurendab stabiilsust. Silindri eluea pikendamiseks on oluline regulaarne kontroll, remont ja vahetamine.<\/p>\n<p><img decoding=\"async\" src=\"https:\/\/www.hydraulic-cylinders.net\/wp-content\/uploads\/2025\/04\/songte-chushion-collar.webp\" alt=\"Padjakaelus\" \/><\/p>\n<h2>Ohutuskaalutlused ja keskkonnategurid<\/h2>\n<p>H\u00fcdrauliliste silindritega t\u00f6\u00f6tamisel on ohutusmeetmed \u00fcliolulised. Operaatorid peaksid olema koolitatud seadmete ohutuks k\u00e4sitsemiseks ja m\u00f5istma h\u00fcdraulilise r\u00f5huga seotud v\u00f5imalikke ohte. Regulaarne koolitus ja ohutusprotokollide j\u00e4rgimine v\u00f5ivad \u00f5nnetuste ohtu oluliselt v\u00e4hendada.<\/p>\n<h2>Veaotsing ja levinud probleemid<\/h2>\n<ul>\n<li><strong>R\u00f5hu langus:<\/strong> Kui silinder ei reageeri korralikult, kontrollige h\u00fcdraulikavedeliku taset ja v\u00f5imalikke lekkeid s\u00fcsteemis.<\/li>\n<li><strong>Eba\u00fchtlane liikumine:<\/strong> See v\u00f5ib viidata tihendite v\u00f5i sisemiste komponentide probleemidele. Kontrollige tihendeid ja kaaluge s\u00fcsteemi uuesti kalibreerimist.<\/li>\n<li><strong>Ebatavalised helid:<\/strong> T\u00f6\u00f6tamise ajal tekkivad m\u00fcrad v\u00f5ivad viidata hoolduse vajadusele. Uurige v\u00f5imalikke probleeme m\u00e4\u00e4rimise v\u00f5i kulunud osadega.<\/li>\n<\/ul>\n<p>Probleemide t\u00f5husaks diagnoosimiseks ja lahendamiseks j\u00e4rgige s\u00fcstemaatilist t\u00f5rkeotsingu l\u00e4henemisviisi. Regulaarsed ennetusmeetmed, sealhulgas lekete ja vedeliku taseme kontrollimine, minimeerivad h\u00fcdros\u00fcsteemi v\u00f5imalikke probleeme.<\/p>\n<p><img decoding=\"async\" src=\"https:\/\/www.hydraulic-cylinders.net\/wp-content\/uploads\/2025\/04\/songte-bushings-with-all-kinds-of-excavator-models.webp\" alt=\"Puksid ekskavaatorimudelitega\" \/><\/p>\n<h2>Ettev\u00f5tte \u00fclevaade<\/h2>\n<p>Oleme juhtiv asendush\u00fcdrauliliste silindrite tootja ja turustaja, pakkudes laia valikut tooteid nii sise- kui ka rahvusvahelistele turgudele. Meie p\u00fchendumust tipptasemele toetab t\u00e4iustatud tootmisstrateegia, mis h\u00f5lmab t\u00e4iustatud tehnoloogiat ja oskuslikku personali. T\u00e4iustame pidevalt oma tootmisprotsesse, et parandada toodete kvaliteeti ja t\u00f5husust, tagades klientide mitmekesiste vajaduste rahuldamise suure t\u00e4psuse ja usaldusv\u00e4\u00e4rsusega.<\/p>\n<p>Meie ettev\u00f5te on uhke oma professionaalsuse, rahvusvaheliste sertifikaatide, eritellimusel teenuste, t\u00e4iustatud tootmisseadmete ja igak\u00fclgse m\u00fc\u00fcgij\u00e4rgse toe \u00fcle.<\/p>\n<p><img decoding=\"async\" src=\"https:\/\/www.hydraulic-cylinders.net\/wp-content\/uploads\/2025\/04\/songte-company-4.webp\" alt=\"Ettev\u00f5tte pilt 4\" \/><br \/>\n<img decoding=\"async\" src=\"https:\/\/www.hydraulic-cylinders.net\/wp-content\/uploads\/2025\/04\/songte-company-3.webp\" alt=\"Ettev\u00f5tte pilt 3\" \/><\/p>\n<p>Autor: lyl<\/p>","protected":false},"excerpt":{"rendered":"<p>Boom Cylinder For Bonny WZYD18-6 Product Overview The Boom Cylinder for Bonny WZYD18-6 is an essential component in various heavy machinery, specifically designed to control the movement of buckets. This hydraulic cylinder plays a critical role in hydraulic systems, enabling the lifting, lowering, and tilting of buckets on excavators, backhoe loaders, and front-end loaders. By [&hellip;]<\/p>","protected":false},"featured_media":17872,"comment_status":"open","ping_status":"closed","template":"","meta":{"_et_pb_use_builder":"","_et_pb_old_content":"","_et_gb_content_width":""},"product_brand":[],"product_cat":[1546],"product_tag":[1547,1496],"class_list":{"0":"post-19654","1":"product","2":"type-product","3":"status-publish","4":"has-post-thumbnail","6":"product_cat-boom-cylinders","7":"product_tag-boom-cylinders","8":"product_tag-hydraulic-cylinders","10":"first","11":"instock","12":"shipping-taxable","13":"product-type-simple"},"amp_enabled":true,"_links":{"self":[{"href":"https:\/\/www.hydraulic-cylinders.net\/et\/wp-json\/wp\/v2\/product\/19654","targetHints":{"allow":["GET"]}}],"collection":[{"href":"https:\/\/www.hydraulic-cylinders.net\/et\/wp-json\/wp\/v2\/product"}],"about":[{"href":"https:\/\/www.hydraulic-cylinders.net\/et\/wp-json\/wp\/v2\/types\/product"}],"replies":[{"embeddable":true,"href":"https:\/\/www.hydraulic-cylinders.net\/et\/wp-json\/wp\/v2\/comments?post=19654"}],"wp:featuredmedia":[{"embeddable":true,"href":"https:\/\/www.hydraulic-cylinders.net\/et\/wp-json\/wp\/v2\/media\/17872"}],"wp:attachment":[{"href":"https:\/\/www.hydraulic-cylinders.net\/et\/wp-json\/wp\/v2\/media?parent=19654"}],"wp:term":[{"taxonomy":"product_brand","embeddable":true,"href":"https:\/\/www.hydraulic-cylinders.net\/et\/wp-json\/wp\/v2\/product_brand?post=19654"},{"taxonomy":"product_cat","embeddable":true,"href":"https:\/\/www.hydraulic-cylinders.net\/et\/wp-json\/wp\/v2\/product_cat?post=19654"},{"taxonomy":"product_tag","embeddable":true,"href":"https:\/\/www.hydraulic-cylinders.net\/et\/wp-json\/wp\/v2\/product_tag?post=19654"}],"curies":[{"name":"wp","href":"https:\/\/api.w.org\/{rel}","templated":true}]}}