{"id":19655,"date":"2025-04-07T07:00:01","date_gmt":"2025-04-07T07:00:01","guid":{"rendered":"https:\/\/www.hydraulic-cylinders.net\/product\/boom-cylinder-for-bonny-cee2200-7\/"},"modified":"2025-04-07T07:00:04","modified_gmt":"2025-04-07T07:00:04","slug":"boom-cylinder-for-bonny-cee2200-7","status":"publish","type":"product","link":"https:\/\/www.hydraulic-cylinders.net\/et\/toode\/boom-cylinder-for-bonny-cee2200-7\/","title":{"rendered":"Poomi silinder Bonny CEE2200-7 jaoks"},"content":{"rendered":"<h1>Poomi silinder Bonny CEE2200-7 jaoks<\/h1>\n<h2>Toote \u00fclevaade<\/h2>\n<p>Bonny CEE2200-7 poomi silinder on oluline h\u00fcdrauliline silinder, mis on spetsiaalselt loodud kopa liikumise juhtimiseks erinevates rasketehnika rakendustes. Seda t\u00fc\u00fcpi silinder on lahutamatu osa selliste seadmete nagu ekskavaatorite, laadur-ekskavaatorid ja esilaadurid t\u00f6\u00f6s. See v\u00f5imaldab kopa t\u00f5sta, langetada ja kallutada, h\u00f5lbustades t\u00f5husaid materjalik\u00e4itlust\u00f6id.<\/p>\n<p>Kopasilindrid on h\u00fcdraulilised ajamid, millel on ehitus- ja p\u00f5llumajandusmasinate h\u00fcdraulikas\u00fcsteemides keskne roll. Need silindrid kasutavad liikumise tekitamiseks k\u00f5rgsurve h\u00fcdraulilist vedelikku, mis v\u00f5imaldab operaatoritel kopasid t\u00e4pselt man\u00f6\u00f6verdada. Nende silindrite pakutav sujuv juhtimine suurendab tootlikkust ja t\u00f6\u00f6 efektiivsust erinevates rakendustes.<\/p>\n<p><img decoding=\"async\" src=\"https:\/\/www.hydraulic-cylinders.net\/wp-content\/uploads\/2025\/04\/songte-company-1.webp\" alt=\"Poomi silindri pilt\" \/><\/p>\n<h2>Peamised omadused<\/h2>\n<ul>\n<li><strong>Suur tugevus ja vastupidavus:<\/strong> K\u00f5rgtugevast terasest v\u00f5i alumiiniumist valmistatud poomi silinder talub k\u00f5rget r\u00f5hku ja suuri koormusi, mist\u00f5ttu sobib see karmideks t\u00f6\u00f6keskkondadeks. Selle disain arvestab kulumiskindluse ja korrosioonikindlusega, pikendades selle kasutusiga.<\/li>\n<li><strong>T\u00f5hus h\u00fcdrauliline t\u00f6\u00f6:<\/strong> See kasutab sujuva pikendus- ja tagasit\u00f5mbamisliigutuse saavutamiseks h\u00fcdraulilist \u00f5lir\u00f5hku, reageerides kiiresti operaatori k\u00e4sklustele ning pakkudes m\u00e4rkimisv\u00e4\u00e4rset t\u00f5uke- ja t\u00f5mbej\u00f5udu. See omadus muudab selle ideaalseks raskete materjalide k\u00e4sitsemiseks ja keerukate \u00fclesannete t\u00e4itmiseks.<\/li>\n<li><strong>Erinevad t\u00fc\u00fcbid:<\/strong> Saadaval \u00fchetoimelise (h\u00fcdrauliline \u00fches suunas) v\u00f5i kahetoimelise (h\u00fcdrauliline m\u00f5lemas suunas) konfiguratsioonina, et rahuldada erinevaid t\u00f6\u00f6vajadusi. M\u00f5ned mudelid on teleskoopilised, v\u00f5imaldades suuremat pikendust ilma v\u00e4lism\u00f5\u00f5tmeid suurendamata, mis sobib ideaalselt ruumikitsastes rakendustes.<\/li>\n<li><strong>Kohandatud lahendused:<\/strong> Me toodame seda toodet, pakkudes ideaalseid asendusi olemasolevatele h\u00fcdrosilindritele, tagades \u00fchilduvuse ja j\u00f5udluse erinevates masinates.<\/li>\n<li><strong>T\u00e4iustatud inseneriteadus:<\/strong> Meie noolesilindrid on konstrueeritud t\u00e4ppistehnoloogia abil, et tagada optimaalne j\u00f5udlus n\u00f5udlikes tingimustes, olles kohandatud vastama konkreetsetele t\u00f6\u00f6n\u00f5uetele.<\/li>\n<\/ul>\n<p><img decoding=\"async\" src=\"https:\/\/www.hydraulic-cylinders.net\/wp-content\/uploads\/2025\/04\/songte-cylinder-head-with-all-kinds-excavator-models.webp\" alt=\"H\u00fcdraulilise silindri pea\" \/><\/p>\n<h2>Rakendused<\/h2>\n<h3>Ehitustehnika<\/h3>\n<p>Ekskavaatorites on noolesilindrid kriitilise t\u00e4htsusega kaevamisel, laadimisel ja pinnase v\u00f5i prahi teisaldamisel. Need v\u00f5imaldavad kopal s\u00fcgavale maasse kaevata, t\u00f5stes ja transportides t\u00f5husalt raskeid materjale. Ekskavaator-laadurites aitavad need silindrid lisaks kaevamisele ka t\u00f5stet\u00f6\u00f6dele, pakkudes mitmek\u00fclgsust ehitust\u00f6\u00f6del.<\/p>\n<h3>P\u00f5llumajandustehnika<\/h3>\n<p>Esilaadurites kasutatakse noole silindreid mulla, heina ja muude materjalide kopeerimiseks, t\u00f5stmiseks ja transportimiseks. Nende vastupidav konstruktsioon v\u00f5imaldab neil toime tulla p\u00f5llumajandust\u00f6\u00f6de n\u00f5udmistega, tagades t\u00f6\u00f6kindluse intensiivsete t\u00f6\u00f6de ajal.<\/p>\n<h3>Ekskavaatorid<\/h3>\n<p>Ekskavaatorites h\u00f5lbustavad kopasilindrid kaevamisliigutust, v\u00f5imaldades kopal t\u00f5husalt pinnasesse tungida. See v\u00f5ime on kaevet\u00f6\u00f6de puhul oluline, tagades, et operaatorid saavad kaevata t\u00e4pselt ja v\u00f5imsalt.<\/p>\n<h3>Laadurid<\/h3>\n<p>Frontaallaadurites aitavad need silindrid koormaid t\u00f5husalt t\u00f5sta ja t\u00fchjendada. Need aitavad kaasa masina \u00fcldisele funktsionaalsusele ja tootlikkusele, muutes need asendamatuks mitmesugustes materjalik\u00e4itlusrakendustes.<\/p>\n<h2>Kujunduskaalutlused<\/h2>\n<ul>\n<li><strong>Kandev\u00f5ime:<\/strong> Noolesilindri kandev\u00f5ime on kriitilise t\u00e4htsusega tegur, mis m\u00e4\u00e4rab, kui palju raskust see t\u00f5sta ja liigutada suudab. Seadme koormusn\u00f5uete m\u00f5istmine on oluline \u00f5ige silindri valimiseks, tagades t\u00f6\u00f6 efektiivsuse ja ohutuse. Konstruktsioon peab vastu pidama erinevatele koormustele, ilma et see kahjustaks konstruktsiooni terviklikkust.<\/li>\n<li><strong>Tihendusv\u00f5ime:<\/strong> T\u00f5hus tihendamine on h\u00fcdraulilise r\u00f5hu s\u00e4ilitamiseks ja lekete v\u00e4ltimiseks \u00fclioluline. Olulised on kvaliteetsed tihendid, mis on valmistatud vastupidavatest materjalidest, nagu pol\u00fcuretaan ja nitriilkummi. Silindri konstruktsioon peab tagama, et need tihendid on \u00f5igesti paigaldatud, et parandada pikaealisust ja j\u00f5udlust, minimeerides hooldusvajadust.<\/li>\n<li><strong>Vastupidavus:<\/strong> Poomi silindri materjalid ja disain peavad vastu pidama kulumisele, eriti karmides t\u00f6\u00f6keskkondades. Korrosioonikindlate materjalide ja viimistluste kasutamine v\u00f5ib silindri eluiga oluliselt pikendada, tagades usaldusv\u00e4\u00e4rse t\u00f6\u00f6 aja jooksul.<\/li>\n<li><strong>Turvaelemendid:<\/strong> H\u00fcdraulilistes s\u00fcsteemides on ohutus esmat\u00e4htis. Kaitseventiilide ja r\u00f5hu alandamise mehhanismide lisamine tagab silindri t\u00f6\u00f6tamise ohutuspiirides, kaitstes nii seadet kui ka operaatorit. Projekteerimis- ja tootmisprotsesside k\u00e4igus tuleb j\u00e4rgida piisavaid ohutusstandardeid.<\/li>\n<li><strong>Hooldatavus:<\/strong> Konstruktsioon peaks h\u00f5lbustama h\u00f5lpsat hooldust ja remonti. Komponendid peaksid olema kontrollimiseks ligip\u00e4\u00e4setavad ja varuosad peaksid olema kergesti k\u00e4ttesaadavad. Regulaarne hooldus on oluline h\u00fcdraulikas\u00fcsteemi pikaealisuse ja t\u00f6\u00f6kindluse tagamiseks.<\/li>\n<\/ul>\n<p><img decoding=\"async\" src=\"https:\/\/www.hydraulic-cylinders.net\/wp-content\/uploads\/2025\/04\/songte-oil-pipes-and-spare-parts.webp\" alt=\"\u00d5litorud ja varuosad\" \/><\/p>\n<h2>Tihendus ja m\u00e4\u00e4rimine<\/h2>\n<p>Poomi silindri terviklikkus s\u00f5ltub suuresti t\u00f5husast tihendusest ja m\u00e4\u00e4rimisest. H\u00fcdraulilise vedeliku lekke v\u00e4ltimiseks kasutatakse mitmesuguseid tihendeid, sealhulgas kolvi- ja vardatihendeid. Tihendid on tavaliselt valmistatud kulumiskindlatest materjalidest, n\u00e4iteks pol\u00fcuretaanist ja nitriilkummist, et tagada vastupidavus. Silindri korpus ja keermestatud otsapinnad on hoolikalt t\u00f6\u00f6deldud, et suurendada kulumiskindlust ja pikendada kasutusiga.<\/p>\n<p>Regulaarne m\u00e4\u00e4rimine on h\u00fcdraulikas\u00fcsteemi toimimise seisukohalt kriitilise t\u00e4htsusega. Sujuva t\u00f6\u00f6 tagamiseks, \u00fclekuumenemise v\u00e4ltimiseks ja liikuvate osade vahelise h\u00f5\u00f5rdumise v\u00e4hendamiseks tuleks hoida piisavas koguses h\u00fcdraulika\u00f5li. Operaatorid peaksid optimaalse toimimise tagamiseks olema h\u00fcdraulika\u00f5li kontrollimisel ja vajadusel t\u00e4iendamisel hoolikad.<\/p>\n<h2>Regulaarne kontroll ja ennetav hooldus<\/h2>\n<ul>\n<li><strong>Regulaarsed kontrollid:<\/strong> Kulumis-, lekete- v\u00f5i kahjustuste tunnuste tuvastamiseks tuleks planeerida rutiinseid kontrolle. Operaatorid peavad h\u00fcdraulilist silindrit kontrollima n\u00e4htavate kulumistunnuste suhtes ja lahendama k\u00f5ik probleemid viivitamatult, et v\u00e4ltida katastroofilisi rikkeid.<\/li>\n<li><strong>\u00d5ige m\u00e4\u00e4rimine:<\/strong> H\u00fcdraulikas\u00fcsteemi piisav m\u00e4\u00e4rimine on sujuva t\u00f6\u00f6 tagamiseks \u00fclioluline. Operaatorid peaksid j\u00e4rgima tootja juhiseid m\u00e4\u00e4rimisgraafikute ja vedelike t\u00fc\u00fcpide kohta, et s\u00e4ilitada efektiivsus ja pikendada s\u00fcsteemi eluiga.<\/li>\n<li><strong>Tihendi vahetamine:<\/strong> Tihendite eluiga v\u00f5ib varieeruda olenevalt kasutusest ja keskkonnatingimustest. S\u00fcsteemi terviklikkuse s\u00e4ilitamiseks ja lekete v\u00e4ltimiseks on vaja tihendeid regulaarselt vahetada. Operaatorid peaksid \u00f5igeaegse remondi h\u00f5lbustamiseks pidama oluliste vahetustihendite inventuuri.<\/li>\n<\/ul>\n<h2>Paigaldusjuhised<\/h2>\n<p>Poomi silindri \u00f5ige paigaldamine on selle t\u00f5husa t\u00f6\u00f6 tagamiseks \u00fclioluline. Alustage veendumisest, et paigalduskoht on puhas ja prahist vaba. Joondage silinder t\u00e4pselt paigaldusasendiga, et v\u00e4ltida joondusvigu, mis v\u00f5ivad p\u00f5hjustada enneaegset kulumist v\u00f5i riket. Silindri t\u00f5husaks kinnitamiseks on soovitatav kasutada sobivaid kinnitusklambreid.<\/p>\n<p>Kui \u00fchendus on joondatud, pingutage k\u00f5ik kinnituspoldid vastavalt tootja spetsifikatsioonidele, veendudes, et need on kindlalt kinni, kuid mitte liiga tugevalt kinni, mis v\u00f5ib p\u00f5hjustada kahjustusi. P\u00e4rast paigaldamist kontrollige p\u00f5hjalikult, et k\u00f5ik h\u00fcdraulika\u00fchendused oleksid lekkevabad ja silinder t\u00f6\u00f6taks sujuvalt ja takistusteta.<\/p>\n<p>P\u00e4rast paigaldamist on oluline h\u00fcdraulikas\u00fcsteemi kontrollitud tingimustes testida, et veenduda selle toimimises. S\u00fcsteemi hoolikas j\u00e4lgimine esmakordsel kasutamisel aitab tuvastada v\u00f5imalikke probleeme varakult, v\u00f5imaldades \u00f5igeaegseid seadistusi v\u00f5i parandusi.<\/p>\n<h2>Levinumad hooldust\u00f6\u00f6d<\/h2>\n<ul>\n<li><strong>Regulaarsed kontrollid:<\/strong> Kontrollige regulaarselt h\u00fcdros\u00fcsteemi, et avastada v\u00f5imalikke probleeme enne, kui need t\u00f5siseks muutuvad. See h\u00f5lmab lekete, kulumise ning tihendite ja h\u00fcdraulika\u00fchenduste n\u00f5uetekohase toimimise kontrollimist. Ennetav l\u00e4henemine tagab j\u00e4tkuva j\u00f5udluse ja ohutuse.<\/li>\n<li><strong>Sobiv m\u00e4\u00e4rimine:<\/strong> H\u00fcdraulikas\u00fcsteemi heas korras hoidmiseks j\u00e4rgige ranget m\u00e4\u00e4rimisgraafikut. Kasutage soovitatud h\u00fcdraulika\u00f5li t\u00fc\u00fcpi ja veenduge, et k\u00f5ik liikuvad osad saaksid piisavalt m\u00e4\u00e4ritud, et v\u00e4ltida kulumist ja \u00fclekuumenemist. \u00d5ige m\u00e4\u00e4rimine on silindri pikaealisuse tagamiseks kriitilise t\u00e4htsusega.<\/li>\n<li><strong>Tihendi vahetamine ja kalibreerimise kontrollimine:<\/strong> Kontrollige regulaarselt tihendite kulumisj\u00e4lgi ja vahetage need vastavalt vajadusele v\u00e4lja. H\u00fcdraulikas\u00fcsteemi kalibreerimine on samuti oluline, et tagada selle toimimine etten\u00e4htud piirides, suurendades ohutust ja j\u00f5udlust.<\/li>\n<\/ul>\n<p><img decoding=\"async\" src=\"https:\/\/www.hydraulic-cylinders.net\/wp-content\/uploads\/2025\/04\/songte-chushion-collar.webp\" alt=\"Padjakaelus\" \/><\/p>\n<h2>Ohutuskaalutlused ja keskkonnategurid<\/h2>\n<p>H\u00fcdrauliliste s\u00fcsteemide, n\u00e4iteks Bonny CEE2200-7 poomisilindri kasutamisel on ohutusmeetmed \u00fcliolulised. Operaatorid peavad olema koolitatud h\u00fcdraulikaseadmete n\u00f5uetekohaseks kasutamiseks ja olema teadlikud v\u00f5imalikest ohtudest. Ohutusprotokollide j\u00e4rgimine aitab v\u00e4ltida \u00f5nnetusi ja vigastusi t\u00f6\u00f6kohal. Lisaks tuleb arvestada h\u00fcdraulikavedeliku lekete keskkonnam\u00f5juga, mis toob kaasa vajaduse n\u00f5uetekohase k\u00e4itlemise ja k\u00f5rvaldamise tavade j\u00e4rele.<\/p>\n<h2>Veaotsing ja levinud probleemid<\/h2>\n<ul>\n<li><strong>Leke:<\/strong> \u00dcks levinumaid probleeme on leke, mille p\u00f5hjuseks on sageli kulunud tihendid. Lekete avastamisel tuleb viivitamatult v\u00f5tta meetmeid tihendite v\u00e4ljavahetamiseks ja h\u00fcdraulikavedeliku kadumise v\u00e4ltimiseks.<\/li>\n<li><strong>V\u00e4hendatud j\u00f5udlus:<\/strong> Kui poomi silinder ei reageeri ootusp\u00e4raselt, v\u00f5ib see viidata madalale h\u00fcdraulikavedeliku tasemele v\u00f5i sisemistele ummistustele. Vedelikutaseme kontrollimine ja k\u00f5igi h\u00fcdraulikavoolikute vabaks j\u00e4\u00e4mise tagamine on j\u00f5udluse taastamiseks h\u00e4davajalik.<\/li>\n<li><strong>Ebatavalised helid:<\/strong> K\u00f5ik kummalised helid t\u00f6\u00f6tamise ajal v\u00f5ivad viidata silindri sisemistele probleemidele. Probleemi diagnoosimiseks ja t\u00f5husaks lahendamiseks v\u00f5ib vaja minna professionaalset \u00fclevaatust.<\/li>\n<\/ul>\n<h2>Ennetavad meetmed<\/h2>\n<p>Poomi silindri v\u00f5imalike probleemide minimeerimiseks tuleks r\u00f5hutada regulaarset hooldust ja ennetusmeetmeid. Hooldusgraafiku koostamine, mis h\u00f5lmab \u00fclevaatusi, m\u00e4\u00e4rimist ja tihendite vahetamist, v\u00e4hendab oluliselt ootamatute rikete riski. Lisaks aitab operaatorite koolitamine h\u00fcdraulikaseadmete kasutamise parimate tavade osas t\u00fcsistusi veelgi ennetada, tagades ohutuma ja t\u00f5husama t\u00f6\u00f6keskkonna.<\/p>\n<p><img decoding=\"async\" src=\"https:\/\/www.hydraulic-cylinders.net\/wp-content\/uploads\/2025\/04\/songte-bushings-with-all-kinds-of-excavator-models.webp\" alt=\"Puksid ekskavaatorimudelitega\" \/><\/p>\n<h2>Meie ettev\u00f5ttest<\/h2>\n<p>Oleme juhtiv asendush\u00fcdrauliliste silindrite tootja, pakkudes laia tootevalikut nii sise- kui ka rahvusvahelisele turule. Meie p\u00fchendumust tipptasemele ja kvaliteedile toetab t\u00e4iustatud tootmisjuhtimise strateegia. Kasutame oma tootmisv\u00f5imaluste pidevaks t\u00e4iustatud tehnoloogiaid ja oskuslikku personali.<\/p>\n<p>Meie tehas on varustatud tipptasemel tootmisseadmete ja professionaalse testimiss\u00fcsteemiga, mis tagab meie toodete vastavuse k\u00f5rgeimatele standarditele. Keskendume suurele t\u00f5hususele, t\u00e4psusele ja kvaliteedile, et rahuldada oma klientide mitmekesiseid vajadusi. Olenemata sellest, kas vajate standardtooteid v\u00f5i kohandatud lahendusi, oleme p\u00fchendunud erakordse teenuse pakkumisele.<\/p>\n<p><img decoding=\"async\" src=\"https:\/\/www.hydraulic-cylinders.net\/wp-content\/uploads\/2025\/04\/songte-company-4.webp\" alt=\"Ettev\u00f5tte \u00fclevaade\" \/><br \/>\n<img decoding=\"async\" src=\"https:\/\/www.hydraulic-cylinders.net\/wp-content\/uploads\/2025\/04\/songte-company-3.webp\" alt=\"T\u00e4iustatud tootmine\" \/><\/p>\n<p>Autor: lyl<\/p>","protected":false},"excerpt":{"rendered":"<p>Boom Cylinder For Bonny CEE2200-7 Product Overview The Boom Cylinder for Bonny CEE2200-7 is an essential hydraulic cylinder designed specifically to control the movement of the bucket in various heavy machinery applications. This type of cylinder is integral to the operation of equipment such as excavators, backhoe loaders, and front loaders. It enables the bucket [&hellip;]<\/p>","protected":false},"featured_media":17873,"comment_status":"open","ping_status":"closed","template":"","meta":{"_et_pb_use_builder":"","_et_pb_old_content":"","_et_gb_content_width":""},"product_brand":[],"product_cat":[1546],"product_tag":[1547,1496],"class_list":{"0":"post-19655","1":"product","2":"type-product","3":"status-publish","4":"has-post-thumbnail","6":"product_cat-boom-cylinders","7":"product_tag-boom-cylinders","8":"product_tag-hydraulic-cylinders","10":"first","11":"instock","12":"shipping-taxable","13":"product-type-simple"},"amp_enabled":true,"_links":{"self":[{"href":"https:\/\/www.hydraulic-cylinders.net\/et\/wp-json\/wp\/v2\/product\/19655","targetHints":{"allow":["GET"]}}],"collection":[{"href":"https:\/\/www.hydraulic-cylinders.net\/et\/wp-json\/wp\/v2\/product"}],"about":[{"href":"https:\/\/www.hydraulic-cylinders.net\/et\/wp-json\/wp\/v2\/types\/product"}],"replies":[{"embeddable":true,"href":"https:\/\/www.hydraulic-cylinders.net\/et\/wp-json\/wp\/v2\/comments?post=19655"}],"wp:featuredmedia":[{"embeddable":true,"href":"https:\/\/www.hydraulic-cylinders.net\/et\/wp-json\/wp\/v2\/media\/17873"}],"wp:attachment":[{"href":"https:\/\/www.hydraulic-cylinders.net\/et\/wp-json\/wp\/v2\/media?parent=19655"}],"wp:term":[{"taxonomy":"product_brand","embeddable":true,"href":"https:\/\/www.hydraulic-cylinders.net\/et\/wp-json\/wp\/v2\/product_brand?post=19655"},{"taxonomy":"product_cat","embeddable":true,"href":"https:\/\/www.hydraulic-cylinders.net\/et\/wp-json\/wp\/v2\/product_cat?post=19655"},{"taxonomy":"product_tag","embeddable":true,"href":"https:\/\/www.hydraulic-cylinders.net\/et\/wp-json\/wp\/v2\/product_tag?post=19655"}],"curies":[{"name":"wp","href":"https:\/\/api.w.org\/{rel}","templated":true}]}}