{"id":19656,"date":"2025-04-07T07:00:04","date_gmt":"2025-04-07T07:00:04","guid":{"rendered":"https:\/\/www.hydraulic-cylinders.net\/product\/boom-cylinder-for-bonny-ced1250-7\/"},"modified":"2025-04-07T07:00:07","modified_gmt":"2025-04-07T07:00:07","slug":"boom-cylinder-for-bonny-ced1250-7","status":"publish","type":"product","link":"https:\/\/www.hydraulic-cylinders.net\/et\/toode\/boom-cylinder-for-bonny-ced1250-7\/","title":{"rendered":"Bonny CED1250-7 poomi silinder"},"content":{"rendered":"<h1>Bonny CED1250-7 poomi silinder<\/h1>\n<h2>Sissejuhatus poomi silindrisse<\/h2>\n<p>Spetsiaalselt Bonny CED1250-7 jaoks loodud noole silinder on mitmesuguste raskete masinate, eriti h\u00fcdraulikas\u00fcsteemide, kriitiline komponent. Seda t\u00fc\u00fcpi h\u00fcdrauliline silinder on konstrueeritud kopa liikumise juhtimiseks, v\u00f5imaldades sellel t\u00f5sta, langetada ja kallutada. Noole silindri funktsionaalsus on oluline materjalide k\u00e4itlemisega seotud \u00fclesannete puhul, muutes selle h\u00e4davajalikuks ehitus- ja p\u00f5llumajandusrakendustes.<\/p>\n<p><img decoding=\"async\" src=\"https:\/\/www.hydraulic-cylinders.net\/wp-content\/uploads\/2025\/04\/songte-company-1.webp\" alt=\"Poomi silindri pilt\"><\/p>\n<h3>Definitsioon ja \u00fclevaade<\/h3>\n<p>Noole silinder on spetsiaalne h\u00fcdrauliline silinder, mis h\u00f5lbustab koppade t\u00e4pset liigutamist rasketes masinates, n\u00e4iteks ekskavaatorites, laadurites ja esilaadurites. Selle peamine \u00fclesanne on rakendada h\u00fcdraulilist r\u00f5hku sujuva ja kontrollitud liikumise tagamiseks, v\u00f5imaldades operaatoritel t\u00f5husalt hallata erinevaid \u00fclesandeid alates kaevamisest kuni materjalide transportimiseni. Need silindrid on konstrueeritud taluma m\u00e4rkimisv\u00e4\u00e4rseid j\u00f5ude ja t\u00f6\u00f6tama k\u00f5rge r\u00f5hu all, mist\u00f5ttu on need rasketehnika funktsionaalsuse jaoks \u00fcliolulised.<\/p>\n<h2>Poomi silindri omadused<\/h2>\n<ul>\n<li><strong>Suur tugevus ja vastupidavus:<\/strong> K\u00f5rgtugevast terasest v\u00f5i alumiiniumist valmistatud poomi silinder talub k\u00f5rget r\u00f5hku ja suuri koormusi, pidades samal ajal silmas karme t\u00f6\u00f6tingimusi. See on konstrueeritud kulumiskindlust ja korrosioonikaitset silmas pidades, et pikendada selle t\u00f6\u00f6iga.<\/li>\n<li><strong>T\u00f5hus h\u00fcdrauliline t\u00f6\u00f6:<\/strong> Silinder kasutab sujuva pikenemise ja tagasit\u00f5mbamise saavutamiseks h\u00fcdraulika\u00f5li r\u00f5hku, mis v\u00f5imaldab kiiret reageerimist operaatori k\u00e4skudele ning v\u00f5imsat t\u00f5uke- ja t\u00f5mbej\u00f5udu, mis sobib ideaalselt raskete ja keerukate \u00fclesannete t\u00e4itmiseks.<\/li>\n<li><strong>Erinevad t\u00fc\u00fcbid:<\/strong> Need silindrid on saadaval \u00fchetoimeliste (\u00fches suunas t\u00f6\u00f6tavate) v\u00f5i kahetoimeliste (m\u00f5lemas suunas t\u00f6\u00f6tavate) konfiguratsioonidena ning neid saab kohandada vastavalt erinevatele t\u00f6\u00f6vajadustele. M\u00f5ned mudelid on teleskoopilised, v\u00f5imaldades suuremat ulatust ilma v\u00e4lism\u00f5\u00f5tmeid suurendamata, mist\u00f5ttu sobivad need ruumikitsastes rakendustes.<\/li>\n<\/ul>\n<p>Me suudame seda toodet toota ja meie silindrid asendavad ideaalselt praegu kasutusel olevaid.<\/p>\n<p><img decoding=\"async\" src=\"https:\/\/www.hydraulic-cylinders.net\/wp-content\/uploads\/2025\/04\/songte-cylinder-head-with-all-kinds-excavator-models.webp\" alt=\"Ekskavaatori mudelid\"><\/p>\n<h2>Rakendusstsenaariumid<\/h2>\n<h3>Ehitustehnika<\/h3>\n<p>Ekskavaatorites m\u00e4ngivad noolesilindrid olulist rolli kaevamisel, laadimisel ja mulla v\u00f5i prahi teisaldamisel. Need on olulised mitte ainult kaevamisel, vaid ka t\u00f5stmisel, tagades raskete materjalide t\u00f5husa k\u00e4itlemise ehitusprojektide ajal.<\/p>\n<h3>P\u00f5llumajandustehnika<\/h3>\n<p>Esilaadurites kasutatakse noolesilindreid mulla, heina ja muude materjalide kopeerimiseks, t\u00f5stmiseks ja transportimiseks. Nende v\u00f5ime t\u00e4ita mitut \u00fclesannet muudab need p\u00f5llumajandust\u00f6\u00f6de jaoks hindamatuks, olgu selleks siis puistematerjalide teisaldamine v\u00f5i maakorralduse abistamine.<\/p>\n<h3>Ekskavaatorid<\/h3>\n<p>Ekskavaatorites v\u00f5imaldab noole silinder kopal t\u00f5husalt pinnasesse tungida, v\u00f5imaldades t\u00f5husat kaevamist. See funktsioon on \u00fclioluline paljude erinevate kaevet\u00f6\u00f6de puhul, tagades projektide kiire ja t\u00e4pse l\u00f5puleviimise.<\/p>\n<h3>Laadurid<\/h3>\n<p>Esilaadurites h\u00f5lbustavad noolesilindrid koormate t\u00f5husat t\u00f5stmist ja t\u00fchjendamist. Nende v\u00f5ime pakkuda suurt t\u00f5stev\u00f5imet tagab, et juhid saavad raskeid koormaid h\u00f5lpsalt k\u00e4sitseda, aidates kaasa t\u00f6\u00f6platsil tootlikkuse suurenemisele.<\/p>\n<h2>Projekteerimiskaalutlused ja valikustandardid<\/h2>\n<ul>\n<li><strong>Kandev\u00f5ime:<\/strong> Poomi silindri kandev\u00f5ime on oluline projekteerimiskriteerium. See peab suutma t\u00f5sta ja toetada k\u00e4ideldavate materjalide raskust, ilma et see kahjustaks ohutust v\u00f5i j\u00f5udlust. Insenerid teevad rangeid arvutusi, et m\u00e4\u00e4rata kindlaks sobivad spetsifikatsioonid, mis p\u00f5hinevad kavandatud rakendustel ja t\u00f6\u00f6n\u00f5uetel.<\/li>\n<li><strong>Tihendusmehhanismid:<\/strong> T\u00f5hus tihendus on vajalik h\u00fcdraulilise vedeliku lekete v\u00e4ltimiseks ja silindri r\u00f5hu s\u00e4ilitamiseks. Tihendite, n\u00e4iteks kolvi- ja varrastihendite valik p\u00f5hineb materjalidel, mis taluvad keskkonnatingimusi ja kulumist, tagades pikaajalise t\u00f6\u00f6kindluse.<\/li>\n<li><strong>Vastupidavus:<\/strong> Poomi silindrid peavad olema konstrueeritud pikaealiseks. See h\u00f5lmab kasutatud materjalide, v\u00e4simuskindluse ja v\u00f5imet toimida karmides keskkondades, mis v\u00f5ivad h\u00f5lmata kokkupuudet mustuse, niiskuse ja \u00e4\u00e4rmuslike temperatuuridega.<\/li>\n<li><strong>Turvaelemendid:<\/strong> H\u00fcdrauliliste silindrite projekteerimisel on ohutus esmat\u00e4htis. Masinate ohutu t\u00f6\u00f6 ja operaatorite heaolu tagamiseks on \u00fclioluline lisada omadused, mis takistavad \u00fclepinget ja liigset r\u00f5hku.<\/li>\n<li><strong>Hooldatavus:<\/strong> Hooldust silmas pidades projekteerimine on oluline. Silinder peaks v\u00f5imaldama h\u00f5lpsat juurdep\u00e4\u00e4su tihenditele ja komponentidele regulaarseks kontrolliks ja vahetamiseks, minimeerides seisakuid ja remondikulusid.<\/li>\n<\/ul>\n<p><img decoding=\"async\" src=\"https:\/\/www.hydraulic-cylinders.net\/wp-content\/uploads\/2025\/04\/songte-oil-pipes-and-spare-parts.webp\" alt=\"H\u00fcdraulilised osad\"><\/p>\n<h2>Tihendus ja m\u00e4\u00e4rimine<\/h2>\n<p>Poomi silindris kasutatakse optimaalse j\u00f5udluse tagamiseks mitmesuguseid tihenduskomponente, n\u00e4iteks kolvitihendeid ja vardatihendeid. Tihendid on tavaliselt valmistatud vastupidavatest materjalidest, n\u00e4iteks pol\u00fcuretaanist v\u00f5i nitriilkummist, et taluda h\u00f5\u00f5rdumist ja keskkonnatingimusi. Silindri korpuse ja keermestatud otste pinnad on peenelt t\u00f6\u00f6deldud, et suurendada kulumiskindlust. Regulaarne m\u00e4\u00e4rimine h\u00fcdraulika\u00f5liga on silindri funktsionaalsuse s\u00e4ilitamiseks h\u00e4davajalik, mist\u00f5ttu on vaja perioodiliselt kontrollida piisava \u00f5litaseme tagamiseks.<\/p>\n<h2>Regulaarne kontroll ja ennetav hooldus<\/h2>\n<ul>\n<li><strong>Perioodilised \u00fclevaatused:<\/strong> Kulumis- v\u00f5i lekete m\u00e4rke tuleb regulaarselt kontrollida. Operaatorid peaksid koostama hooldusgraafiku, et kontrollida tihendite, liitmike ja torude terviklikkust.<\/li>\n<li><strong>M\u00e4\u00e4rimine:<\/strong> Veenduge, et silinder oleks alati piisavalt m\u00e4\u00e4ritud. Kasutage soovitatud h\u00fcdraulika\u00f5li t\u00fc\u00fcpi ja j\u00e4rgige tootja juhiseid m\u00e4\u00e4rimisintervallide kohta.<\/li>\n<li><strong>Tihendi vahetamine:<\/strong> J\u00e4lgige tihendite seisukorda ja vahetage need vastavalt vajadusele, et v\u00e4ltida vedeliku lekkeid ja s\u00e4ilitada r\u00f5hu efektiivsus.<\/li>\n<\/ul>\n<h2>N\u00f5uetekohased paigaldusjuhised<\/h2>\n<p>Poomi silindri \u00f5ige paigaldamine on optimaalse j\u00f5udluse saavutamiseks \u00fclioluline. Alustage silindri t\u00e4pse joondamise tagamisest, et v\u00e4ltida komponentidele liigset pinget. Kasutage silindri kinnitamiseks sobivaid kinnitusklambreid, et v\u00e4ltida selle liikumist t\u00f6\u00f6tamise ajal. J\u00e4rgige tootja spetsifikatsioone poltide ja liitmike p\u00f6\u00f6rdemomentide s\u00e4tete kohta. Veenduge, et h\u00fcdraulika\u00fchendused on lekkevabad, ja kontrollige enne kasutamist, et s\u00fcsteem oleks \u00f5hust puhastatud. Kontrollige p\u00e4rast paigaldamist regulaarselt silindri joondamist ja seisukorda, et tagada j\u00e4tkuv efektiivsus.<\/p>\n<h2>Hooldus\u00fclesanded<\/h2>\n<ul>\n<li><strong>Regulaarsed kontrollid:<\/strong> Sagedased kulumiskontrollid aitavad potentsiaalseid probleeme varakult avastada. Regulaarsed \u00fclevaatused aitavad s\u00e4ilitada j\u00f5udlust ja pikendada silindri eluiga.<\/li>\n<li><strong>\u00d5ige m\u00e4\u00e4rimine:<\/strong> Silindri h\u00f5\u00f5rdumise ja kulumise v\u00e4ltimiseks on oluline j\u00e4rjepidev m\u00e4\u00e4rimine. Veenduge, et lisate h\u00fcdraulika\u00f5li vastavalt hooldusgraafikule.<\/li>\n<li><strong>Tihendi vahetamine ja kalibreerimine:<\/strong> Tihendid tuleks vastavalt nende seisukorrale v\u00e4lja vahetada. Regulaarsed kalibreerimiskontrollid tagavad, et silindrid t\u00f6\u00f6tavad etten\u00e4htud parameetrite piires ja s\u00e4ilitavad efektiivsuse.<\/li>\n<\/ul>\n<h2>Ohutuskaalutlused ja keskkonnategurid<\/h2>\n<p>H\u00fcdrauliliste s\u00fcsteemide k\u00e4itamisel on ohutusmeetmed \u00fcliolulised. Operaatorid peaksid \u00f5nnetuste v\u00e4ltimiseks ja seadmete ohutu kasutamise tagamiseks j\u00e4rgima ohutusprotokolle. Oluline on rakendada ohutusmeetmeid, n\u00e4iteks r\u00f5huvabastusventiile ja tagada h\u00fcdraulilisi masinaid k\u00e4sitsevate t\u00f6\u00f6tajate n\u00f5uetekohane v\u00e4lja\u00f5pe. Lisaks v\u00f5ivad keskkonnategurid, nagu \u00e4\u00e4rmuslikud temperatuurid ja kokkupuude saasteainetega, m\u00f5jutada h\u00fcdraulikakomponentide j\u00f5udlust ja pikaealisust, mist\u00f5ttu on vaja t\u00f6\u00f6tamise ja hoolduse ajal hoolikalt kaaluda.<\/p>\n<h2>Veaotsing ja levinud probleemid<\/h2>\n<ul>\n<li><strong>Vedeliku lekked:<\/strong> Kontrollige vedeliku lekke m\u00e4rke, mis v\u00f5ivad viidata tihendi rikkele. Kontrollige \u00fchendusi ja vahetage tihendid vastavalt vajadusele, et taastada funktsionaalsus.<\/li>\n<li><strong>Halb j\u00f5udlus:<\/strong> Kui silinder ei reageeri korralikult, v\u00f5ib see olla tingitud madalast h\u00fcdraulikavedeliku tasemest v\u00f5i s\u00fcsteemis olevast \u00f5hust. Veenduge, et vedeliku tase on \u00f5ige, ja vajadusel \u00f5hutage s\u00fcsteemi.<\/li>\n<li><strong>\u00dclekuumenemine:<\/strong> \u00dclekuumenemine v\u00f5ib tuleneda liigsest koormusest v\u00f5i ebapiisavast m\u00e4\u00e4rimisest. J\u00e4lgige regulaarselt t\u00f6\u00f6temperatuure ja kohandage vastavalt t\u00f6\u00f6koormust.<\/li>\n<\/ul>\n<h2>Veaotsingu n\u00e4pun\u00e4ited<\/h2>\n<p>Poomi silindri probleemide t\u00f5husaks diagnoosimiseks ja lahendamiseks tuleb rakendada ennetavat l\u00e4henemisviisi. Kontrollige s\u00fcsteemi regulaarselt kulumisj\u00e4lgede suhtes ja lahendage v\u00e4iksemad probleemid enne, kui need suuremateks probleemideks eskaleeruvad. Rakendage ennetavaid meetmeid, n\u00e4iteks n\u00f5uetekohane m\u00e4\u00e4rimine ja regulaarsed hoolduskontrollid, et minimeerida v\u00f5imalikke t\u00fcsistusi ja tagada t\u00f5rgeteta t\u00f6\u00f6.<\/p>\n<p><img decoding=\"async\" src=\"https:\/\/www.hydraulic-cylinders.net\/wp-content\/uploads\/2025\/04\/songte-bushings-with-all-kinds-of-excavator-models.webp\" alt=\"Ekskavaatori puksid\"><\/p>\n<h2>Meie ettev\u00f5ttest<\/h2>\n<p>Oleme juhtiv asendush\u00fcdrauliliste silindrite tootja, pakkudes laia tootevalikut, mis on teinud meist \u00fche silmapaistvama tootja ja hulgim\u00fc\u00fcja nii sise- kui ka rahvusvahelistel turgudel. Meie p\u00fchendumust tipptasemele toetab t\u00e4iustatud tootmisjuhtimise strateegia meie spetsialiseeritud tootmist\u00f6\u00f6kodades. T\u00e4iustame pidevalt oma tootmisplatvormi oskuslike t\u00f6\u00f6tajate, t\u00e4iustatud digitaalsete tootmisseadmete ja tugeva kontrolls\u00fcsteemi abil, mille tulemuseks on k\u00f5rge efektiivsus, t\u00e4psus ja kvaliteet, mis vastavad meie klientide mitmekesistele vajadustele.<\/p>\n<p><img decoding=\"async\" src=\"https:\/\/www.hydraulic-cylinders.net\/wp-content\/uploads\/2025\/04\/songte-company-4.webp\" alt=\"Ettev\u00f5tte \u00fclevaade\"><br \/>\n<img decoding=\"async\" src=\"https:\/\/www.hydraulic-cylinders.net\/wp-content\/uploads\/2025\/04\/songte-company-3.webp\" alt=\"Tootmis\u00fcksus\"><\/p>\n<h2>Kokkuv\u00f5te<\/h2>\n<p>Meie ettev\u00f5te on uhke oma professionaalsuse, rahvusvaheliste sertifikaatide, kohandatud teenuste, t\u00e4iustatud tootmisseadmete ja p\u00fchendunud m\u00fc\u00fcgij\u00e4rgse toe \u00fcle. Oleme p\u00fchendunud pakkuma kvaliteetseid h\u00fcdraulikalahendusi, mis vastavad meie klientide muutuvatele vajadustele erinevates t\u00f6\u00f6stusharudes.<\/p>\n<p>Autor: lyl<\/p>","protected":false},"excerpt":{"rendered":"<p>Boom Cylinder For Bonny CED1250-7 Introduction to Boom Cylinder The Boom Cylinder, specifically designed for the Bonny CED1250-7, is a critical component in various heavy machinery, particularly in hydraulic systems. This type of hydraulic cylinder is engineered to control the movement of a bucket, enabling it to lift, lower, and tilt. The functionality of the [&hellip;]<\/p>","protected":false},"featured_media":17874,"comment_status":"open","ping_status":"closed","template":"","meta":{"_et_pb_use_builder":"","_et_pb_old_content":"","_et_gb_content_width":""},"product_brand":[],"product_cat":[1546],"product_tag":[1547,1496],"class_list":{"0":"post-19656","1":"product","2":"type-product","3":"status-publish","4":"has-post-thumbnail","6":"product_cat-boom-cylinders","7":"product_tag-boom-cylinders","8":"product_tag-hydraulic-cylinders","10":"first","11":"instock","12":"shipping-taxable","13":"product-type-simple"},"amp_enabled":true,"_links":{"self":[{"href":"https:\/\/www.hydraulic-cylinders.net\/et\/wp-json\/wp\/v2\/product\/19656","targetHints":{"allow":["GET"]}}],"collection":[{"href":"https:\/\/www.hydraulic-cylinders.net\/et\/wp-json\/wp\/v2\/product"}],"about":[{"href":"https:\/\/www.hydraulic-cylinders.net\/et\/wp-json\/wp\/v2\/types\/product"}],"replies":[{"embeddable":true,"href":"https:\/\/www.hydraulic-cylinders.net\/et\/wp-json\/wp\/v2\/comments?post=19656"}],"wp:featuredmedia":[{"embeddable":true,"href":"https:\/\/www.hydraulic-cylinders.net\/et\/wp-json\/wp\/v2\/media\/17874"}],"wp:attachment":[{"href":"https:\/\/www.hydraulic-cylinders.net\/et\/wp-json\/wp\/v2\/media?parent=19656"}],"wp:term":[{"taxonomy":"product_brand","embeddable":true,"href":"https:\/\/www.hydraulic-cylinders.net\/et\/wp-json\/wp\/v2\/product_brand?post=19656"},{"taxonomy":"product_cat","embeddable":true,"href":"https:\/\/www.hydraulic-cylinders.net\/et\/wp-json\/wp\/v2\/product_cat?post=19656"},{"taxonomy":"product_tag","embeddable":true,"href":"https:\/\/www.hydraulic-cylinders.net\/et\/wp-json\/wp\/v2\/product_tag?post=19656"}],"curies":[{"name":"wp","href":"https:\/\/api.w.org\/{rel}","templated":true}]}}