{"id":19657,"date":"2025-04-07T07:00:07","date_gmt":"2025-04-07T07:00:07","guid":{"rendered":"https:\/\/www.hydraulic-cylinders.net\/product\/boom-cylinder-for-bonny-ced260-6\/"},"modified":"2025-04-07T07:00:10","modified_gmt":"2025-04-07T07:00:10","slug":"boom-cylinder-for-bonny-ced260-6","status":"publish","type":"product","link":"https:\/\/www.hydraulic-cylinders.net\/et\/toode\/boom-cylinder-for-bonny-ced260-6\/","title":{"rendered":"Bonny CED260-6 poomi silinder"},"content":{"rendered":"<h1>Bonny CED260-6 poomi silinder<\/h1>\n<h2>Sissejuhatus poomi silindrisse<\/h2>\n<p>Noole silinder on oluline h\u00fcdrauliline komponent, mis on spetsiaalselt loodud koppade liikumise juhtimiseks erinevates rasketes masinates, n\u00e4iteks ekskavaatorites, laadur-ekskavaatorites ja esilaadurites. Need silindrid v\u00f5imaldavad koppa t\u00f5sta, langetada ja kallutada, h\u00f5lbustades materjalide k\u00e4itlemise \u00fclesandeid t\u00f5husalt. Kopa silinder on h\u00fcdraulilise silindri t\u00fc\u00fcp, millel on h\u00fcdraulikas\u00fcsteemides oluline roll, muutes h\u00fcdraulilise energia mehaaniliseks energiaks t\u00f6\u00f6 tegemiseks. Raskete masinate puhul on see lahutamatu osa t\u00e4pse juhtimise ja sujuva t\u00f6\u00f6 tagamiseks, aidates kaasa ehitus- ja kaevet\u00f6\u00f6de \u00fcldisele t\u00f5hususele.<\/p>\n<p><img decoding=\"async\" src=\"https:\/\/www.hydraulic-cylinders.net\/wp-content\/uploads\/2025\/04\/songte-company-1.webp\" alt=\"Poomi silinder\"><\/p>\n<h2>Poomi silindri omadused<\/h2>\n<ul>\n<li>\n<h3>Suur tugevus ja vastupidavus<\/h3>\n<p>K\u00f5rgtugevast terasest v\u00f5i alumiiniumist valmistatud poomi silinder talub k\u00f5rget r\u00f5hku ja suuri koormusi, mist\u00f5ttu sobib see karmidesse t\u00f6\u00f6keskkondadesse. Selle disain arvestab kulumiskindluse ja korrosioonikindlusega, pikendades selle eluiga.<\/p>\n<\/li>\n<li>\n<h3>T\u00f5hus h\u00fcdrauliline t\u00f6\u00f6<\/h3>\n<p>Silinder kasutab sujuva v\u00e4lja- ja sisset\u00f5mbamise saavutamiseks h\u00fcdraulika\u00f5li r\u00f5hku. See reageerib kiiresti juhtimisk\u00e4sklustele, pakkudes v\u00f5imsat t\u00f5uke- ja t\u00f5mbej\u00f5udu, mis on vajalik raskete materjalide k\u00e4sitsemiseks ja keerukate \u00fclesannete t\u00e4itmiseks.<\/p>\n<\/li>\n<li>\n<h3>Mitmekesised t\u00fc\u00fcbid<\/h3>\n<p>Saadaval \u00fchetoimelise (h\u00fcdrauliline \u00fches suunas) ja kahetoimelise (h\u00fcdrauliline m\u00f5lemas suunas) t\u00fc\u00fcbina, vastab noole silinder erinevatele t\u00f6\u00f6vajadustele. Teatud mudelid on teleskoopilised, mis v\u00f5imaldab suuremat pikendust ilma v\u00e4lism\u00f5\u00f5tmeid suurendamata, mist\u00f5ttu sobivad need ideaalselt ruumikitsastes rakendustes.<\/p>\n<\/li>\n<li>\n<h3>T\u00e4iustatud tihendustehnoloogiad<\/h3>\n<p>Projekteeritud suurep\u00e4raste tihendustehnoloogiatega lekete v\u00e4ltimiseks ja sujuva t\u00f6\u00f6 tagamiseks, aidates kaasa h\u00fcdros\u00fcsteemi \u00fcldisele efektiivsusele.<\/p>\n<\/li>\n<li>\n<h3>Kohandamisvalikud<\/h3>\n<p>Pakume kohandatud lahendusi, mis vastavad konkreetsetele n\u00f5uetele, tagades, et meie poomi silinder suudab t\u00f5husalt asendada teisi turul olevaid h\u00fcdrosilindreid.<\/p>\n<\/li>\n<\/ul>\n<p><img decoding=\"async\" src=\"https:\/\/www.hydraulic-cylinders.net\/wp-content\/uploads\/2025\/04\/songte-cylinder-head-with-all-kinds-excavator-models.webp\" alt=\"Poomi silindri rakendused\"><\/p>\n<h2>Poomi silindri rakendused<\/h2>\n<ul>\n<li>\n<h3>Ehitustehnika<\/h3>\n<p>Ekskavaatorites on noolesilindrid kriitilise t\u00e4htsusega kaevamisel, laadimisel ja pinnase v\u00f5i prahi teisaldamisel. Need aitavad raskeid materjale t\u00e4pselt t\u00f5sta ja positsioneerida. Ekskavaatorlaadurites aitab noolesilinder lisaks kaevamisele ka t\u00f5stmistoimingutele, muutes selle ehitusprojektides asendamatuks.<\/p>\n<\/li>\n<li>\n<h3>P\u00f5llumajandustehnika<\/h3>\n<p>Esilaadurites kasutatakse neid silindreid mulla, heina ja muude materjalide kopeerimiseks, t\u00f5stmiseks ja transportimiseks. Kopa asendi t\u00e4pne juhtimine suurendab p\u00f5llumajandust\u00f6\u00f6de tootlikkust.<\/p>\n<\/li>\n<li>\n<h3>Ekskavaatorid<\/h3>\n<p>Ekskavaatorites v\u00f5imaldab noole silinder kaevamist, v\u00f5imaldades kopal t\u00f5husalt pinnasesse tungida. See funktsioon on oluline mitmesuguste kaevet\u00f6\u00f6de jaoks, aidates kaasa masina mitmek\u00fclgsusele ja t\u00f5hususele.<\/p>\n<\/li>\n<li>\n<h3>Laadurid<\/h3>\n<p>Frontaallaaduritel aitab noole silinder koormaid t\u00f5husalt t\u00f5sta ja t\u00fchjendada. Selle v\u00f5ime raskeid raskusi hallata, s\u00e4ilitades samal ajal stabiilsuse, on t\u00f6\u00f6ohutuse ja -t\u00f5hususe jaoks \u00fclioluline.<\/p>\n<\/li>\n<\/ul>\n<h2>Projekteerimiskaalutlused ja valikukriteeriumid<\/h2>\n<ul>\n<li>\n<h3>Kandev\u00f5ime<\/h3>\n<p>Poomi silindri projekteerimisel on esmat\u00e4htis kaalutlus kandev\u00f5ime. See m\u00e4\u00e4rab maksimaalse raskuse, mida silinder talub ilma ohutust v\u00f5i j\u00f5udlust kahjustamata. Materjalide valik ja projekteerimine kajastavad koormuse all oleva tugevuse ja stabiilsuse n\u00f5udeid.<\/p>\n<\/li>\n<li>\n<h3>Tihendus ja lekke v\u00e4ltimine<\/h3>\n<p>T\u00f5husad tihendusmehhanismid on \u00fcliolulised h\u00fcdraulilise vedeliku lekete v\u00e4ltimiseks, mis v\u00f5ivad v\u00e4hendada efektiivsust ja p\u00f5hjustada keskkonnaohtu. Kvaliteetsed ja vastupidavatest materjalidest tihendid on t\u00f6\u00f6kindluse tagamiseks h\u00e4davajalikud.<\/p>\n<\/li>\n<li>\n<h3>Vastupidavus<\/h3>\n<p>Poomi silindri vastupidavus on \u00fclioluline, eriti karmides keskkondades, kus kokkupuude elementidega v\u00f5ib p\u00f5hjustada kulumist. Projekteerimisetapis v\u00f5etakse arvesse selliseid tegureid nagu korrosioonikindlus, v\u00e4simustugevus ja materjali pikaealisus.<\/p>\n<\/li>\n<li>\n<h3>Turvaelemendid<\/h3>\n<p>H\u00fcdrauliliste komponentide projekteerimisel on ohutus esmat\u00e4htis. Ohutuselementide, n\u00e4iteks r\u00f5huvabastusventiilide ja tugeva konstruktsioonilise terviklikkuse lisamine aitab v\u00e4ltida \u00f5nnetusi ja tagab ohutu t\u00f6\u00f6 raskete esemete t\u00f5stmisel ja muude n\u00f5udlike \u00fclesannete t\u00e4itmisel.<\/p>\n<\/li>\n<li>\n<h3>Hooldus ja remonditavus<\/h3>\n<p>Samuti on oluline hoolduse lihtsust silmas pidades projekteerimine. Komponendid peaksid olema kontrollimiseks, m\u00e4\u00e4rimiseks ja parandamiseks h\u00f5lpsasti ligip\u00e4\u00e4setavad, minimeerides seisakuid ja suurendades tegevuse efektiivsust.<\/p>\n<\/li>\n<\/ul>\n<p><img decoding=\"async\" src=\"https:\/\/www.hydraulic-cylinders.net\/wp-content\/uploads\/2025\/04\/songte-oil-pipes-and-spare-parts.webp\" alt=\"H\u00fcdrauliliste silindrite komponendid\"><\/p>\n<h2>Poomi silindri tihendamine ja m\u00e4\u00e4rimine<\/h2>\n<p>Poomi silindri efektiivsus s\u00f5ltub suuresti mitmesuguste tihendite, n\u00e4iteks kolvi- ja varrastihendite kasutamisest, mis on valmistatud sellistest materjalidest nagu pol\u00fcuretaan ja nitriilkummi. Need materjalid on valitud nende kulumiskindluse ja vastupidavuse t\u00f5ttu h\u00fcdraulikarakendustes. Silindri korpus ja keermestatud otsapinnad on l\u00e4binud t\u00e4ppist\u00f6\u00f6tluse, et suurendada kulumiskindlust ja tagada pikk kasutusiga.<\/p>\n<p>Lisaks on oluline regulaarselt lisada \u00f5ige kogus h\u00fcdraulika\u00f5li m\u00e4\u00e4rimiseks. Piisav m\u00e4\u00e4rimine minimeerib liikuvate osade vahelist h\u00f5\u00f5rdumist, v\u00e4hendades kulumist ja pikendades seel\u00e4bi silindri eluiga. H\u00fcdraulika\u00f5li regulaarne kontroll ja t\u00e4iendamine on olulised tavad, mida tuleks optimaalse j\u00f5udluse saavutamiseks rangelt j\u00e4rgida.<\/p>\n<h2>Ennetavad hooldusmeetmed<\/h2>\n<ul>\n<li>\n<h3>Regulaarsed kontrollid<\/h3>\n<p>Regulaarsete kontrollide tegemine aitab kulumist varakult tuvastada. K\u00f5ik lekke v\u00f5i ebatavalise t\u00f6\u00f6 tunnused tuleks edasiste kahjustuste v\u00e4ltimiseks koheselt k\u00f5rvaldada.<\/p>\n<\/li>\n<li>\n<h3>\u00d5ige m\u00e4\u00e4rimine<\/h3>\n<p>Poomi silindri piisav m\u00e4\u00e4rimine on selle sujuva t\u00f6\u00f6 tagamiseks \u00fclioluline. H\u00f5\u00f5rdumisega seotud probleemide v\u00e4ltimiseks kontrollige regulaarselt h\u00fcdraulikavedeliku taset ja m\u00e4\u00e4rige vastavalt vajadusele.<\/p>\n<\/li>\n<li>\n<h3>Tihendi vahetamine<\/h3>\n<p>Tihendeid tuleks perioodiliselt kahjustuste suhtes kontrollida ja vajadusel vahetada. See toiming hoiab \u00e4ra vedeliku lekked ja s\u00e4ilitab s\u00fcsteemi terviklikkuse, mis on ohutu t\u00f6\u00f6 jaoks h\u00e4davajalik.<\/p>\n<\/li>\n<\/ul>\n<h2>Poomi silindri paigaldusjuhised<\/h2>\n<p>Poomi silindri \u00f5ige paigaldamine on optimaalse j\u00f5udluse saavutamiseks \u00fclioluline. Alustage silindri ja masina kinnituspindade puhtaks ja prahist vabaks paigaldamisest. Kasutage silindri kinnitamiseks sobivaid kinnitusklambreid, veendudes, et see on masina h\u00fcdros\u00fcsteemiga \u00f5igesti joondatud. Vale joondamine v\u00f5ib p\u00f5hjustada enneaegset kulumist ja v\u00f5imalikku riket.<\/p>\n<p>Enne paigaldamise l\u00f5petamist kontrollige veelkord, et k\u00f5ik h\u00fcdraulilised \u00fchendused oleksid kindlad ja lekkevabad. P\u00e4rast paigaldamist tehke r\u00f5hukatse, et veenduda s\u00fcsteemi t\u00f6\u00f6s etten\u00e4htud r\u00f5huvahemikus. J\u00e4lgige regulaarselt silindri j\u00f5udlust, et tuvastada probleeme varakult.<\/p>\n<h2>Levinumad hooldust\u00f6\u00f6d<\/h2>\n<ul>\n<li>\n<h3>Regulaarsed kontrollid<\/h3>\n<p>Regulaarsete kontrollide tegemine on kulumise ja v\u00f5imalike probleemide tuvastamiseks \u00fclioluline. Otsige kahjustuste m\u00e4rke ja k\u00f5rvaldage need kohe, et v\u00e4ltida eskaleerumist.<\/p>\n<\/li>\n<li>\n<h3>Sobiv m\u00e4\u00e4rimine<\/h3>\n<p>Regulaarne m\u00e4\u00e4rimine on poomi silindri sujuva t\u00f6\u00f6 tagamiseks h\u00e4davajalik. Veenduge, et h\u00fcdraulika\u00f5li tase on soovituslikul tasemel ja vahetage \u00f5li vastavalt hooldusgraafikule.<\/p>\n<\/li>\n<li>\n<h3>Tihendi vahetamine ja kalibreerimise kontrollimine<\/h3>\n<p>Kulunud v\u00f5i kahjustatud tihendid tuleks lekke v\u00e4ltimiseks v\u00e4lja vahetada. Lisaks tagavad kalibreerimiskontrollid silindri ootusp\u00e4rase toimimise, s\u00e4ilitades t\u00f6\u00f6 efektiivsuse.<\/p>\n<\/li>\n<\/ul>\n<p><img decoding=\"async\" src=\"https:\/\/www.hydraulic-cylinders.net\/wp-content\/uploads\/2025\/04\/songte-chushion-collar.webp\" alt=\"Poomi silindri hooldus\"><\/p>\n<h2>Ohutuskaalutlused ja keskkonnategurid<\/h2>\n<p>Poomisilindrite k\u00e4itamisel ja hooldamisel on ohutusmeetmed \u00e4\u00e4rmiselt olulised. H\u00fcdrauliliste masinatega tegeleva personali n\u00f5uetekohane v\u00e4lja\u00f5pe on \u00f5nnetuste v\u00e4ltimiseks h\u00e4davajalik. Lisaks on oluline olla teadlik keskkonnateguritest, n\u00e4iteks v\u00f5imalikest leketest, mis v\u00f5ivad pinnast ja vett saastata. Keskkonnas\u00f5bralike h\u00fcdraulikavedelike kasutamine aitab samuti keskkonnam\u00f5jusid leevendada.<\/p>\n<h2>Rikete diagnoosimine ja levinud probleemid<\/h2>\n<ul>\n<li>\n<h3>H\u00fcdraulilise vedeliku leke<\/h3>\n<p>Lekked on levinud probleem, mis v\u00f5ib tekkida kulunud tihendite v\u00f5i kahjustatud komponentide t\u00f5ttu. Regulaarne kontroll aitab neid probleeme varakult avastada, enne kui need oluliste probleemide tekkeks muutuvad.<\/p>\n<\/li>\n<li>\n<h3>Aeglane reageerimisaeg<\/h3>\n<p>Kui noole silinder reageerib aeglaselt, v\u00f5ib see viidata madalale h\u00fcdraulikavedeliku tasemele v\u00f5i sisemistele kahjustustele. Nende probleemide kiire lahendamine v\u00f5ib funktsionaalsuse taastada.<\/p>\n<\/li>\n<li>\n<h3>Ebatavalised m\u00fcrad<\/h3>\n<p>Kummalised helid t\u00f6\u00f6tamise ajal v\u00f5ivad viidata sisemisele kulumisele v\u00f5i komponendi rikkele. Selliste probleemide uurimine on edasiste kahjustuste v\u00e4ltimiseks oluline.<\/p>\n<\/li>\n<\/ul>\n<h2>Veaotsingu n\u00e4pun\u00e4ited ja lahendused<\/h2>\n<p>Probleemide t\u00f5husaks diagnoosimiseks ja lahendamiseks j\u00e4lgige regulaarselt poomi silindri j\u00f5udlust. Kui tuvastatakse h\u00fcdraulikavedeliku leke, kontrollige tihendeid ja \u00fchendusi kahjustuste suhtes. Aeglase reageerimisaja korral kontrollige h\u00fcdraulikavedeliku taset ja lisage vajadusel. Ebatavaliste helide ilmnemisel peatage kohe t\u00f6\u00f6 ja tehke p\u00f5hjalik kontroll probleemi allika kindlakstegemiseks.<\/p>\n<p>Ennetusmeetmete rakendamine, n\u00e4iteks regulaarne hooldus ja tuvastatud probleemide kohene lahendamine, v\u00f5ib oluliselt v\u00e4hendada v\u00f5imalike probleemide riski ja pikendada noolesilindri t\u00f6\u00f6iga.<\/p>\n<p><img decoding=\"async\" src=\"https:\/\/www.hydraulic-cylinders.net\/wp-content\/uploads\/2025\/04\/songte-bushings-with-all-kinds-of-excavator-models.webp\" alt=\"Poomi silindri t\u00f5rkeotsing\"><\/p>\n<h2>Meie ettev\u00f5ttest<\/h2>\n<p>Oleme juhtiv asendush\u00fcdrauliliste silindrite tootja, pakkudes laia tootevalikut, mis on teinud meist \u00fche juhtiva tarnija nii sise- kui ka rahvusvahelistel turgudel. Meie p\u00fchendumus tipptasemele ajendab meid j\u00e4rgima t\u00e4ppistootmisele keskendunud t\u00f6\u00f6stusliku tootmise juhtimise strateegiat. T\u00e4iustame pidevalt oma tootmisv\u00f5imalusi t\u00e4iustatud tehnoloogia, oskusliku personali ja rangete kvaliteedikontrollis\u00fcsteemide abil. See tagab, et rahuldame klientide mitmekesiseid vajadusi t\u00f5husalt ja tulemuslikult.<\/p>\n<p>Meie professionaalset asjatundlikkust toetavad rahvusvahelised sertifikaadid, mis v\u00f5imaldavad meil pakkuda kliendi spetsifikatsioonidele vastavaid kohandatud teenuseid. Kasutame tipptasemel tootmisseadmeid, et tagada oma toodete k\u00f5rge efektiivsus, t\u00e4psus ja kvaliteet. Meie p\u00fchendunud m\u00fc\u00fcgij\u00e4rgne teenindus kindlustab veelgi meie mainet, tagades klientide rahulolu ja toodete t\u00f6\u00f6kindluse.<\/p>\n<p><img decoding=\"async\" src=\"https:\/\/www.hydraulic-cylinders.net\/wp-content\/uploads\/2025\/04\/songte-company-4.webp\" alt=\"Ettev\u00f5tte \u00fclevaade\"><br \/>\n<img decoding=\"async\" src=\"https:\/\/www.hydraulic-cylinders.net\/wp-content\/uploads\/2025\/04\/songte-company-3.webp\" alt=\"Tootmise tipptase\"><\/p>\n<p>Autor: lyl<\/p>","protected":false},"excerpt":{"rendered":"<p>Boom Cylinder For Bonny CED260-6 Introduction to Boom Cylinder The Boom Cylinder is an essential hydraulic component designed specifically for controlling the movement of buckets in various heavy machinery, such as excavators, backhoe loaders, and front-end loaders. These cylinders enable the bucket to lift, lower, and tilt, facilitating material handling tasks efficiently. The bucket cylinder [&hellip;]<\/p>","protected":false},"featured_media":17875,"comment_status":"open","ping_status":"closed","template":"","meta":{"_et_pb_use_builder":"","_et_pb_old_content":"","_et_gb_content_width":""},"product_brand":[],"product_cat":[1546],"product_tag":[1547,1496],"class_list":{"0":"post-19657","1":"product","2":"type-product","3":"status-publish","4":"has-post-thumbnail","6":"product_cat-boom-cylinders","7":"product_tag-boom-cylinders","8":"product_tag-hydraulic-cylinders","10":"first","11":"instock","12":"shipping-taxable","13":"product-type-simple"},"amp_enabled":true,"_links":{"self":[{"href":"https:\/\/www.hydraulic-cylinders.net\/et\/wp-json\/wp\/v2\/product\/19657","targetHints":{"allow":["GET"]}}],"collection":[{"href":"https:\/\/www.hydraulic-cylinders.net\/et\/wp-json\/wp\/v2\/product"}],"about":[{"href":"https:\/\/www.hydraulic-cylinders.net\/et\/wp-json\/wp\/v2\/types\/product"}],"replies":[{"embeddable":true,"href":"https:\/\/www.hydraulic-cylinders.net\/et\/wp-json\/wp\/v2\/comments?post=19657"}],"wp:featuredmedia":[{"embeddable":true,"href":"https:\/\/www.hydraulic-cylinders.net\/et\/wp-json\/wp\/v2\/media\/17875"}],"wp:attachment":[{"href":"https:\/\/www.hydraulic-cylinders.net\/et\/wp-json\/wp\/v2\/media?parent=19657"}],"wp:term":[{"taxonomy":"product_brand","embeddable":true,"href":"https:\/\/www.hydraulic-cylinders.net\/et\/wp-json\/wp\/v2\/product_brand?post=19657"},{"taxonomy":"product_cat","embeddable":true,"href":"https:\/\/www.hydraulic-cylinders.net\/et\/wp-json\/wp\/v2\/product_cat?post=19657"},{"taxonomy":"product_tag","embeddable":true,"href":"https:\/\/www.hydraulic-cylinders.net\/et\/wp-json\/wp\/v2\/product_tag?post=19657"}],"curies":[{"name":"wp","href":"https:\/\/api.w.org\/{rel}","templated":true}]}}