{"id":19658,"date":"2025-04-07T07:00:10","date_gmt":"2025-04-07T07:00:10","guid":{"rendered":"https:\/\/www.hydraulic-cylinders.net\/product\/boom-cylinder-for-bonny-wzy42-7\/"},"modified":"2025-04-07T07:00:13","modified_gmt":"2025-04-07T07:00:13","slug":"boom-cylinder-for-bonny-wzy42-7","status":"publish","type":"product","link":"https:\/\/www.hydraulic-cylinders.net\/et\/toode\/boom-cylinder-for-bonny-wzy42-7\/","title":{"rendered":"Poomi silinder Bonny WZY42-7 jaoks"},"content":{"rendered":"<h1>Poomi silinder Bonny WZY42-7 jaoks<\/h1>\n<h2>Toote \u00fclevaade<\/h2>\n<p>Bonny WZY42-7 poomi silinder on spetsiaalne h\u00fcdrauliline silinder, mis on loodud rasketehnika koppade, n\u00e4iteks ekskavaatorite, laadur-ekskavaatori ja esilaaduri koppade liikumise juhtimiseks. Kopasilindrid v\u00f5imaldavad koppade t\u00f5stmist, langetamist ja kallutamist, h\u00f5lbustades t\u00f5husaid materjalik\u00e4itlust\u00f6id. Need h\u00fcdraulilised silindrid on h\u00fcdraulikas\u00fcsteemide olulised komponendid, mis muudavad h\u00fcdraulilise energia mehaaniliseks liikumiseks.<\/p>\n<p><img decoding=\"async\" src=\"https:\/\/www.hydraulic-cylinders.net\/wp-content\/uploads\/2025\/04\/songte-company-1.webp\" alt=\"Poomi silinder\"><\/p>\n<h3>Definitsioon ja \u00fclevaade<\/h3>\n<p>Kopa silinder on h\u00fcdrosilindri t\u00fc\u00fcp, mida kasutatakse spetsiaalselt erinevates rasketehnika masinates koppade liikumise t\u00e4pseks juhtimiseks. Need silindrid m\u00e4ngivad h\u00fcdros\u00fcsteemis olulist rolli, kasutades h\u00fcdraulilist vedelikku j\u00f5u ja liikumise genereerimiseks. Ehituse ja p\u00f5llumajanduse kontekstis on noolesilindrite n\u00f5uetekohane toimimine oluline selliste \u00fclesannete jaoks nagu kaevamine, t\u00f5stmine ja materjalide teisaldamine. See tagab masinate t\u00f5husa t\u00f6\u00f6tamise suure koormuse ja raskete koormuste korral.<\/p>\n<h2>Poomi silindri omadused<\/h2>\n<ul>\n<li><strong>Suur tugevus ja vastupidavus:<\/strong> Tavaliselt valmistatud \u00fclitugevast terasest v\u00f5i alumiiniumist, taluvad need silindrid tugevat survet ja suuri koormusi, mist\u00f5ttu sobivad need karmideks t\u00f6\u00f6tingimusteks.<\/li>\n<li><strong>T\u00f5hus h\u00fcdrauliline t\u00f6\u00f6:<\/strong> Poomi silinder kasutab sujuva pikenemise ja tagasit\u00f5mbamise saavutamiseks h\u00fcdraulilise vedeliku r\u00f5hku, mis v\u00f5imaldab kiiret reageerimist juhtimisk\u00e4sklustele, mis sobib ideaalselt raskete ja keerukate t\u00f6\u00f6\u00fclesannete jaoks.<\/li>\n<li><strong>Erinevad t\u00fc\u00fcbid:<\/strong> Saadaval \u00fchetoimelise (h\u00fcdrauliline toime \u00fches suunas) v\u00f5i kahetoimelise (h\u00fcdrauliline toime m\u00f5lemas suunas) konfiguratsioonina, m\u00f5nel mudelil on teleskoopkonstruktsioon, mis v\u00f5imaldab suuremat ulatust ilma v\u00e4lism\u00f5\u00f5tmeid suurendamata.<\/li>\n<li><strong>T\u00e4iustatud kulumiskindlus:<\/strong> Loodud taluma kulumist ja korrosiooni, pikendades sellega eluiga ja v\u00e4hendades hooldusvajadust.<\/li>\n<li><strong>Kohandatavad valikud:<\/strong> Kohandatud spetsifikatsioonid, mis vastavad konkreetsetele t\u00f6\u00f6vajadustele ja eelistustele, tagades optimaalse j\u00f5udluse erinevates rakendustes.<\/li>\n<\/ul>\n<p>Me saame seda toodet toota ja meie tooted saavad neid h\u00fcdrosilindreid ideaalselt asendada.<\/p>\n<p><img decoding=\"async\" src=\"https:\/\/www.hydraulic-cylinders.net\/wp-content\/uploads\/2025\/04\/songte-cylinder-head-with-all-kinds-excavator-models.webp\" alt=\"Ekskavaatori mudelid\"><\/p>\n<h2>Rakendusstsenaariumid<\/h2>\n<h3>Ehitustehnika<\/h3>\n<p>Ekskavaatorites on noolesilindrid kriitilise t\u00e4htsusega kaevamiseks, laadimiseks ja pinnase v\u00f5i prahi teisaldamiseks. Need annavad vajaliku j\u00f5u pinnasesse tungimiseks ja materjalide t\u00f5husaks teisaldamiseks. Ilma korralikult toimiva noolesilindrita oleks ekskavaatori j\u00f5udlus oluliselt piiratud, mis pikendaks projekti aega ja suurendaks tegevuskulusid.<\/p>\n<h3>P\u00f5llumajandustehnika<\/h3>\n<p>Esilaadurites h\u00f5lbustavad noolesilindrid mulla, heina ja muude materjalide koputamist, t\u00f5stmist ja transportimist. Need on \u00fcliolulised selliste toimingute jaoks nagu veoautode laadimine v\u00f5i materjalide teisaldamine erinevatesse kohtadesse, tagades p\u00f5llumajandustavade tootlikkuse.<\/p>\n<h3>Ekskavaatorid<\/h3>\n<p>Noole silinder v\u00f5imaldab kopal pinnasesse tungida, teostades seel\u00e4bi kaevamistoiminguid t\u00f5husalt. See v\u00f5ime on oluline t\u00e4pse s\u00fcgavuse saavutamiseks ja m\u00e4rkimisv\u00e4\u00e4rse koguse mulla teisaldamiseks, mis on ehitus- ja haljastusprojektides kriitilise t\u00e4htsusega.<\/p>\n<h3>Laadurid<\/h3>\n<p>Esilaaduritel aitavad noolesilindrid koormaid t\u00f5husalt t\u00f5sta ja t\u00fchjendada. Need parandavad masina v\u00f5imet raskeid materjale vedada, tagades \u00fclesannete t\u00f5husa t\u00e4itmise ja optimeerides t\u00f6\u00f6voogu erinevates toimingutes.<\/p>\n<h2>Kujunduskaalutlused<\/h2>\n<h3>Kandev\u00f5ime<\/h3>\n<p>Poomi silindri kandev\u00f5ime on \u00fclioluline tagamaks, et see suudab taluda t\u00f6\u00f6deldavate materjalide raskust ja koormust. Suurem kandev\u00f5ime v\u00f5imaldab t\u00f6\u00f6s suuremat mitmek\u00fclgsust, mahutades suuremaid ja raskemaid koormaid ilma h\u00fcdros\u00fcsteemi kahjustamise v\u00f5i rikke riskita.<\/p>\n<h3>Tihendus<\/h3>\n<p>T\u00f5hus tihendus on oluline h\u00fcdraulilise vedeliku lekke v\u00e4ltimiseks, mis v\u00f5ib kahjustada nii j\u00f5udlust kui ka ohutust. Silindri r\u00f5hu s\u00e4ilitamiseks ja t\u00f5husa t\u00f6\u00f6 tagamiseks tuleb kasutada kvaliteetseid tihendeid, v\u00e4hendades h\u00fcdraulilise vedeliku kadumise ja saastumise ohtu.<\/p>\n<h3>Vastupidavus<\/h3>\n<p>Vastupidavus on noolesilindrite konstruktsioonis oluline tegur, kuna need puutuvad sageli kokku karmide tingimustega. Pikaealisuse suurendamiseks ja hooldusvajaduse v\u00e4hendamiseks kasutatakse kulumis- ja korrosioonikindlaid materjale ja katteid, mis l\u00f5ppkokkuv\u00f5ttes viivad madalamate tegevuskuludeni.<\/p>\n<h3>Ohutus<\/h3>\n<p>Konstruktsiooni tuleb integreerida ohutusfunktsioonid, et kaitsta operaatoreid ja k\u00f5rvalseisjaid t\u00f6\u00f6tamise ajal. See h\u00f5lmab mehhanisme, mis takistavad ootamatuid liikumisi ja pakuvad ballooni oleku kohta selgeid visuaalseid n\u00e4idikuid \u00f5nnetuste v\u00e4ltimiseks.<\/p>\n<h3>Hooldatavus<\/h3>\n<p>Lihtsaks hoolduseks konstrueeritud noolesilindrid tagavad nende kiire ja t\u00f5husa hoolduse. See h\u00f5lmab oluliste komponentide ligip\u00e4\u00e4su kontrollimiseks, m\u00e4\u00e4rimiseks ja vahetamiseks, minimeerides seel\u00e4bi seisakuid ja suurendades masina \u00fcldist t\u00f6\u00f6kindlust.<\/p>\n<p><img decoding=\"async\" src=\"https:\/\/www.hydraulic-cylinders.net\/wp-content\/uploads\/2025\/04\/songte-oil-pipes-and-spare-parts.webp\" alt=\"\u00d5litorud ja varuosad\"><\/p>\n<h2>Tihendus ja m\u00e4\u00e4rimine<\/h2>\n<p>Poomi silindri efektiivne tihendamine ja m\u00e4\u00e4rimine on selle j\u00f5udluse ja pikaealisuse jaoks kriitilise t\u00e4htsusega. H\u00fcdraulilise r\u00f5hu s\u00e4ilitamisel ja vedeliku lekete v\u00e4ltimisel m\u00e4ngivad rolli mitmesugused tihenduskomponendid, n\u00e4iteks kolvitihendid ja vardatihendid. Kulumiskindlatest materjalidest, nagu pol\u00fcuretaan ja nitriilkummi, valmistatud tihendite valimine suurendab vastupidavust ja v\u00e4hendab vahetuste sagedust.<\/p>\n<p>Lisaks tuleks silindri korpust ja keermestatud otsapindu kulumiskindluse parandamiseks ja pikema eluea tagamiseks peent\u00f6\u00f6delda. \u00d5ige koguse h\u00fcdraulika\u00f5li regulaarne lisamine m\u00e4\u00e4rimiseks on \u00fclioluline, kuna see v\u00e4hendab h\u00f5\u00f5rdumist liikuvate osade vahel, suurendades seel\u00e4bi t\u00f6\u00f6 efektiivsust.<\/p>\n<h2>Ennetavad hooldusmeetmed<\/h2>\n<ul>\n<li><strong>Regulaarsed kontrollid:<\/strong> Planeerige regulaarseid kontrolle kulumise, kahjustuste v\u00f5i lekete m\u00e4rke tuvastamiseks. Regulaarsed hindamised aitavad tuvastada v\u00f5imalikke probleeme enne nende s\u00fcvenemist, tagades poomi silindri sujuva t\u00f6\u00f6.<\/li>\n<li><strong>Sobiv m\u00e4\u00e4rimine:<\/strong> Veenduge, et h\u00fcdraulika\u00f5li tase on piisav ja et kasutatav \u00f5li vastab tootja spetsifikatsioonidele. N\u00f5uetekohane m\u00e4\u00e4rimine minimeerib h\u00f5\u00f5rdumist, pikendab komponentide eluiga ja s\u00e4ilitab t\u00f5husa t\u00f6\u00f6.<\/li>\n<li><strong>Tihendite vahetamine:<\/strong> Kontrollige regulaarselt tihendeid ja vahetage need vastavalt vajadusele, et v\u00e4ltida lekkeid ja s\u00e4ilitada h\u00fcdrauliline r\u00f5hk. \u00d5igeaegne tihendite vahetamine tagab optimaalse j\u00f5udluse ja hoiab \u00e4ra kulukad rikkeid.<\/li>\n<\/ul>\n<h2>Paigaldusjuhised<\/h2>\n<p>Poomi silindri \u00f5ige paigaldamine on selle t\u00f5husa t\u00f6\u00f6 tagamiseks h\u00e4davajalik. Enne kokkupanekut veenduge, et k\u00f5ik komponendid on puhtad ja prahist vabad. Joondage silinder \u00f5igesti, et v\u00e4ltida selle kinnikiilumist t\u00f6\u00f6tamise ajal. Silindri kinnitamiseks, stabiilsuse tagamiseks ja vibratsiooni minimeerimiseks on soovitatav kasutada sobivaid kinnitusklambreid.<\/p>\n<p>\u00dchendage h\u00fcdraulikavoolikud ettevaatlikult, veendudes, et \u00fchendusi ei pingutataks \u00fcle, kuna see v\u00f5ib neid kahjustada. P\u00e4rast paigaldamist kontrollige s\u00fcsteemi lekete suhtes ja tehke p\u00f5hjalik t\u00f6\u00f6kontroll, et veenduda silindri ootusp\u00e4rases toimimises. Nende juhiste j\u00e4rgimine aitab tagada poomi silindri pika kasutusea ja t\u00f5husa j\u00f5udluse.<\/p>\n<h2>Levinumad hooldust\u00f6\u00f6d<\/h2>\n<h3>Regulaarsed kontrollid<\/h3>\n<p>Regulaarsed kontrollid on kulumis- v\u00f5i v\u00f5imalike rikete tuvastamiseks \u00fcliolulised. See h\u00f5lmab lekete, ebatavaliste helide v\u00f5i j\u00f5udluse muutuste kontrollimist. Rutiinse hooldusgraafiku koostamine v\u00f5imaldab \u00f5igeaegselt sekkuda, ennetades ootamatuid rikkeid ja pikendades masinate eluiga.<\/p>\n<h3>\u00d5ige m\u00e4\u00e4rimine<\/h3>\n<p>Poomi silindri piisav m\u00e4\u00e4rimine on j\u00f5udluse s\u00e4ilitamiseks \u00fclioluline. Kontrollige ja lisage regulaarselt h\u00fcdraulika\u00f5li, j\u00e4rgides tootja esitatud spetsifikatsioone. N\u00f5uetekohane m\u00e4\u00e4rimine v\u00e4hendab h\u00f5\u00f5rdumist, suurendab efektiivsust ja minimeerib komponentide kulumist, pikendades l\u00f5ppkokkuv\u00f5ttes poomi silindri kasutusiga.<\/p>\n<h3>Tihendi vahetamine ja kalibreerimine<\/h3>\n<p>H\u00fcdraulilise r\u00f5hu s\u00e4ilitamiseks ja lekete v\u00e4ltimiseks on oluline tihendite regulaarne vahetamine. J\u00e4lgige tihendite seisukorda ja vahetage need esimeste kulumism\u00e4rkide ilmnemisel v\u00e4lja. Lisaks tagab h\u00fcdros\u00fcsteemi kalibreerimine optimaalse j\u00f5udluse ja t\u00e4psuse t\u00f6\u00f6 ajal, mis on \u00fclioluline t\u00e4psust n\u00f5udvate \u00fclesannete puhul.<\/p>\n<p><img decoding=\"async\" src=\"https:\/\/www.hydraulic-cylinders.net\/wp-content\/uploads\/2025\/04\/songte-chushion-collar.webp\" alt=\"Kaelarihm\"><\/p>\n<h2>Ohutuskaalutlused<\/h2>\n<p>H\u00fcdraulikas\u00fcsteemidega t\u00f6\u00f6tamisel on ohutusmeetmed \u00fcliolulised. \u00d5nnetuste v\u00e4ltimiseks on oluline l\u00e4bida korralik v\u00e4lja\u00f5pe noolesilindrite kasutamisel. Kandke alati sobivaid isikukaitsevahendeid ja veenduge, et t\u00f6\u00f6piirkond oleks ohtudest vaba. Ohutusprotokollide ja h\u00e4daolukorra protseduuride kehtestamine aitab oluliselt leevendada h\u00fcdrauliliste seadmete t\u00f6\u00f6ga seotud riske.<\/p>\n<h2>Rikete diagnoosimine ja levinud probleemid<\/h2>\n<ul>\n<li><strong>Leke:<\/strong> H\u00fcdraulikavedeliku olemasolu silindrist v\u00e4ljaspool v\u00f5ib viidata tihendi rikkele. Regulaarsed kontrollid aitavad probleeme varakult tuvastada, v\u00e4hendades vedeliku kadu.<\/li>\n<li><strong>V\u00e4hendatud j\u00f5udlus:<\/strong> Kui silinder ei reageeri ootusp\u00e4raselt, kontrollige h\u00fcdraulikavedeliku taset ja otsige ummistusi h\u00fcdraulikavoolikutest.<\/li>\n<li><strong>Ebatavalised helid:<\/strong> Krigisev v\u00f5i ragisev heli v\u00f5ib viidata mehaanilistele probleemidele v\u00f5i ebapiisavale m\u00e4\u00e4rimisele. Uurige neid helisid ja k\u00f5rvaldage need viivitamatult, et v\u00e4ltida edasisi kahjustusi.<\/li>\n<\/ul>\n<h2>Veaotsingu n\u00e4pun\u00e4ited<\/h2>\n<p>Poomi silindri probleemide t\u00f5husaks diagnoosimiseks ja lahendamiseks alustage k\u00f5igi komponentide p\u00f5hjalikust kontrollimisest. Kontrollige n\u00e4htavaid kulumis- v\u00f5i kahjustusm\u00e4rke ning veenduge, et h\u00fcdraulikavedeliku tase on piisav. Lekke tuvastamisel vahetage vajadusel tihendid v\u00e4lja ja kontrollige h\u00fcdraulikavoolikute \u00fchendusi. Ennetavate meetmete, n\u00e4iteks regulaarse hoolduse ja \u00f5igeaegse remondi abil saavad operaatorid minimeerida suuremate rikete riski ja pikendada oma h\u00fcdraulikas\u00fcsteemide eluiga.<\/p>\n<p><img decoding=\"async\" src=\"https:\/\/www.hydraulic-cylinders.net\/wp-content\/uploads\/2025\/04\/songte-bushings-with-all-kinds-of-excavator-models.webp\" alt=\"Puksid ekskavaatorimudelitega\"><\/p>\n<h2>Meie ettev\u00f5ttest<\/h2>\n<p>Oleme juhtiv h\u00fcdrosilindrite tootja, mis on spetsialiseerunud erinevate rakenduste asenduslahendustele. Meie ulatuslik tootevalik on positsioneerinud meid \u00fcheks juhtivaks tootjaks ja hulgim\u00fc\u00fcjaks nii sise- kui ka rahvusvahelistel turgudel. Peame kinni tippkvaliteedist ja rakendame t\u00e4iustatud tootmisjuhtimise strateegiat.<\/p>\n<p>Meie ettev\u00f5te t\u00e4iustab pidevalt tootmisv\u00f5imalusi oskuslike tehnikute, tipptasemel digitaalsete tootmisseadmete ja professionaalsete testimiss\u00fcsteemide abil. Pannes suurt r\u00f5hku t\u00f5hususele, t\u00e4psusele ja kvaliteedile, oleme p\u00fchendunud klientide mitmekesiste vajaduste rahuldamisele, tagades samal ajal toodete suurep\u00e4rase t\u00f6\u00f6kindluse.<\/p>\n<p><img decoding=\"async\" src=\"https:\/\/www.hydraulic-cylinders.net\/wp-content\/uploads\/2025\/04\/songte-company-4.webp\" alt=\"Ettev\u00f5tte \u00fclevaade\"><br \/>\n<img decoding=\"async\" src=\"https:\/\/www.hydraulic-cylinders.net\/wp-content\/uploads\/2025\/04\/songte-company-3.webp\" alt=\"Ettev\u00f5tte rajatised\"><\/p>\n<p>Autor: lyl<\/p>","protected":false},"excerpt":{"rendered":"<p>Boom Cylinder For Bonny WZY42-7 Product Overview The Boom Cylinder for Bonny WZY42-7 is a specialized hydraulic cylinder designed to control the movement of heavy machinery buckets, such as those found in excavators, backhoe loaders, and front loaders. Bucket cylinders allow for the lifting, lowering, and tilting of buckets, facilitating efficient material handling tasks. These [&hellip;]<\/p>","protected":false},"featured_media":17876,"comment_status":"open","ping_status":"closed","template":"","meta":{"_et_pb_use_builder":"","_et_pb_old_content":"","_et_gb_content_width":""},"product_brand":[],"product_cat":[1546],"product_tag":[1547,1496],"class_list":{"0":"post-19658","1":"product","2":"type-product","3":"status-publish","4":"has-post-thumbnail","6":"product_cat-boom-cylinders","7":"product_tag-boom-cylinders","8":"product_tag-hydraulic-cylinders","10":"first","11":"instock","12":"shipping-taxable","13":"product-type-simple"},"amp_enabled":true,"_links":{"self":[{"href":"https:\/\/www.hydraulic-cylinders.net\/et\/wp-json\/wp\/v2\/product\/19658","targetHints":{"allow":["GET"]}}],"collection":[{"href":"https:\/\/www.hydraulic-cylinders.net\/et\/wp-json\/wp\/v2\/product"}],"about":[{"href":"https:\/\/www.hydraulic-cylinders.net\/et\/wp-json\/wp\/v2\/types\/product"}],"replies":[{"embeddable":true,"href":"https:\/\/www.hydraulic-cylinders.net\/et\/wp-json\/wp\/v2\/comments?post=19658"}],"wp:featuredmedia":[{"embeddable":true,"href":"https:\/\/www.hydraulic-cylinders.net\/et\/wp-json\/wp\/v2\/media\/17876"}],"wp:attachment":[{"href":"https:\/\/www.hydraulic-cylinders.net\/et\/wp-json\/wp\/v2\/media?parent=19658"}],"wp:term":[{"taxonomy":"product_brand","embeddable":true,"href":"https:\/\/www.hydraulic-cylinders.net\/et\/wp-json\/wp\/v2\/product_brand?post=19658"},{"taxonomy":"product_cat","embeddable":true,"href":"https:\/\/www.hydraulic-cylinders.net\/et\/wp-json\/wp\/v2\/product_cat?post=19658"},{"taxonomy":"product_tag","embeddable":true,"href":"https:\/\/www.hydraulic-cylinders.net\/et\/wp-json\/wp\/v2\/product_tag?post=19658"}],"curies":[{"name":"wp","href":"https:\/\/api.w.org\/{rel}","templated":true}]}}