{"id":19659,"date":"2025-04-07T07:00:13","date_gmt":"2025-04-07T07:00:13","guid":{"rendered":"https:\/\/www.hydraulic-cylinders.net\/product\/boom-cylinder-for-bonny-ctd460-6\/"},"modified":"2025-04-07T07:00:16","modified_gmt":"2025-04-07T07:00:16","slug":"boom-cylinder-for-bonny-ctd460-6","status":"publish","type":"product","link":"https:\/\/www.hydraulic-cylinders.net\/et\/toode\/boom-cylinder-for-bonny-ctd460-6\/","title":{"rendered":"Poomi silinder Bonny CTD460-6 jaoks"},"content":{"rendered":"<h1>Poomi silinder Bonny CTD460-6 jaoks<\/h1>\n<h2>Sissejuhatus poomi silindritesse<\/h2>\n<p>Noole silinder, mida sageli nimetatakse ka kopasilindriks, on spetsiaalne h\u00fcdrauliline silinder, mis on m\u00f5eldud peamiselt koppade liikumise juhtimiseks erinevates rasketes masinates, n\u00e4iteks ekskavaatorites, laadur-ekskavaatorites ja esilaadurites. Need silindrid v\u00f5imaldavad kopal t\u00f5usta, langetada ja kallutada, h\u00f5lbustades t\u00f5husat materjali k\u00e4itlemist. Noole silindril on h\u00fcdraulikas\u00fcsteemides oluline roll, muutes h\u00fcdraulilise energia mehaaniliseks energiaks, pakkudes vajalikku j\u00f5udu raskete t\u00f6\u00f6de tegemiseks. S\u00f5ltuvalt oma konstruktsioonist ja ehitusest taluvad noole silindrid suurt r\u00f5hku ja suuri koormusi, muutes need h\u00e4davajalikuks ehituses, p\u00f5llumajanduses ja muudes t\u00f6\u00f6stuslikes rakendustes.<\/p>\n<p><img decoding=\"async\" src=\"https:\/\/www.hydraulic-cylinders.net\/wp-content\/uploads\/2025\/04\/songte-company-1.webp\" alt=\"Poomi silinder\"><\/p>\n<h2>Bonny CTD460-6 poomisilindri omadused<\/h2>\n<ul>\n<li><strong>Suur tugevus ja vastupidavus:<\/strong> Need \u00fclitugevast terasest v\u00f5i alumiiniumist valmistatud silindrid on loodud taluma k\u00f5rget r\u00f5hku ja suuri koormusi, tagades t\u00f6\u00f6kindluse karmides t\u00f6\u00f6keskkondades.<\/li>\n<li><strong>T\u00f5hus h\u00fcdrauliline t\u00f6\u00f6:<\/strong> H\u00fcdraulilise \u00f5li r\u00f5hu abil tagavad need silindrid sujuva pikenemise ja tagasit\u00f5mbumise, reageerides kiiresti juhtimisk\u00e4sklustele ning pakkudes v\u00f5imsaid t\u00f5uke- ja t\u00f5mbej\u00f5ude.<\/li>\n<li><strong>Erinevad t\u00fc\u00fcbid:<\/strong> Saadaval \u00fchetoimeliste (h\u00fcdrauliline r\u00f5hk \u00fches suunas) v\u00f5i kahetoimeliste (h\u00fcdrauliline r\u00f5hk m\u00f5lemas suunas) silindritena, mis vastavad erinevatele t\u00f6\u00f6vajadustele.<\/li>\n<li><strong>Kompaktne disain:<\/strong> M\u00f5nedel mudelitel on teleskoopkonstruktsioonid, mis v\u00f5imaldavad suuremat pikendamist ilma v\u00e4lism\u00f5\u00f5tmeid suurendamata, sobides piiratud ruumiga rakenduste jaoks.<\/li>\n<li><strong>Korrosioonikindlus:<\/strong> Kulumiskindlate ja korrosioonivastaste omadustega disainitud, et pikendada kasutusiga isegi rasketes tingimustes.<\/li>\n<\/ul>\n<h2>Tootmisv\u00f5imalused<\/h2>\n<p>Meil on v\u00f5ime seda toodet toota ja meie tooted saavad neid h\u00fcdrosilindreid ideaalselt asendada.<\/p>\n<p><img decoding=\"async\" src=\"https:\/\/www.hydraulic-cylinders.net\/wp-content\/uploads\/2025\/04\/songte-cylinder-head-with-all-kinds-excavator-models.webp\" alt=\"H\u00fcdraulilise silindri tootmine\"><\/p>\n<h2>Poomi silindrite rakendused<\/h2>\n<h3>Ehitustehnika<\/h3>\n<p>Ekskavaatorites on noolesilindrid \u00fcliolulised kaevamiseks, laadimiseks ja pinnase v\u00f5i prahi teisaldamiseks. Need annavad vajaliku j\u00f5u kopa langetamiseks ja t\u00f5stmiseks, v\u00f5imaldades t\u00f5husat kaevamist ja materjali k\u00e4itlemist. Nende silindrite pakutav t\u00e4pne juhtimine v\u00f5imaldab operaatoritel t\u00f5husalt t\u00f6\u00f6tada isegi keerulisel maastikul.<\/p>\n<h3>P\u00f5llumajandustehnika<\/h3>\n<p>Esilaaduritel on noolesilindrid olulised mulla, heina ja muude materjalide \u00fcleskorjamiseks, t\u00f5stmiseks ja transportimiseks. H\u00fcdrauliline j\u00f5ud v\u00f5imaldab laaduril t\u00e4ita mitmesuguseid \u00fclesandeid, n\u00e4iteks p\u00f5ldude tasandamine ja puistematerjalide teisaldamine, suurendades p\u00f5llumajandust\u00f6\u00f6de tootlikkust.<\/p>\n<h3>Ekskavaatorid<\/h3>\n<p>Pinnasesse tungimise v\u00f5imega h\u00f5lbustavad noolesilindrid ekskavaatorite kaevamisliigutust. Need on konstrueeritud kaevet\u00f6\u00f6del tekkivate j\u00f5ududega toimetulekuks, tagades kopa t\u00f5husa ja kontrollitud liikumise nii pehmel kui ka k\u00f5val pinnasel.<\/p>\n<h3>Laadurid<\/h3>\n<p>Esilaaduritel aitavad noolesilindrid koormaid t\u00f5husalt t\u00f5sta ja t\u00fchjendada. Nende h\u00fcdraulilised omadused v\u00f5imaldavad kiiret ja t\u00f5husat materjalide k\u00e4itlemist, muutes need ehitus- ja materjalide transpordi\u00fclesannetes asendamatuks.<\/p>\n<h2>Projekteerimiskaalutlused ja valikukriteeriumid<\/h2>\n<h3>Kandev\u00f5ime<\/h3>\n<p>Poomi silindri kandev\u00f5ime on projekteerimisel \u00fcks peamisi kaalutlusi. Oluline on tagada, et silinder suudaks taluda maksimaalset raskust, mis sellele t\u00f6\u00f6tamise ajal m\u00f5jub. See h\u00f5lmab arvutusi, mis p\u00f5hinevad silindri materjalidel ja konstruktsioonil ning rakendataval h\u00fcdraulilisel r\u00f5hul. Tootjad peavad valima kvaliteetsed materjalid, mis taluvad koormuse all deformatsiooni, tagades samal ajal ohutuse ja efektiivsuse.<\/p>\n<h3>Tihendus<\/h3>\n<p>Tihendus on disaini teine \u200b\u200b\u200b\u200bkriitiline aspekt. T\u00f5hus tihendus minimeerib h\u00fcdraulilise vedeliku lekke, mis on s\u00fcsteemis r\u00f5hu s\u00e4ilitamiseks h\u00e4davajalik. Erinevad tihendusmaterjalid, n\u00e4iteks pol\u00fcuretaan ja nitriilkummi, valitakse nende vastupidavuse ja kulumiskindluse p\u00f5hjal. Projekteerimine peab tagama ka tihendite piisava paigaldamise, et v\u00e4ltida saastumist ja pikendada h\u00fcdraulilise silindri eluiga.<\/p>\n<h3>Vastupidavus<\/h3>\n<p>Vastupidavus on \u00fclioluline, eriti keskkondades, kus noole silinder puutub kokku karmide tingimustega. Sellised tegurid nagu kulumine ja korrosioon v\u00f5ivad oluliselt m\u00f5jutada silindri j\u00f5udlust ja eluiga. Seega on oluline lisada selliseid omadusi nagu k\u00f5vad katted ja korrosioonikindlad materjalid. Regulaarne hooldus v\u00f5ib samuti vastupidavust suurendada, tagades silindri t\u00f5husa t\u00f6\u00f6 pikema aja jooksul.<\/p>\n<h3>Ohutus<\/h3>\n<p>Poomisilindrite konstruktsioonis ei saa t\u00e4helepanuta j\u00e4tta ohutusfunktsioone. Nende hulka kuuluvad \u00fclekoormuse v\u00e4ltimiseks m\u00f5eldud \u00fcler\u00f5huventiilid ja p\u00f5hjalikud katsed tootmise ajal, et tagada iga seadme vastavus t\u00f6\u00f6stusharu ohutusstandarditele. Ohutuse r\u00f5hutamine h\u00f5lmab ka n\u00f5uetekohast paigaldamist ja kasutusjuhiseid, et v\u00e4ltida \u00f5nnetusi t\u00f6\u00f6tamise ajal.<\/p>\n<h3>Hooldus<\/h3>\n<p>Projekteerimisel tuleb arvestada ka hoolduse lihtsusega. Komponendid peaksid olema kontrollimiseks, m\u00e4\u00e4rimiseks ja parandamiseks ligip\u00e4\u00e4setavad. Regulaarne hooldus on ballooni pikaealisuse ja t\u00f5husa t\u00f6\u00f6 tagamiseks h\u00e4davajalik. Seega eelistatakse konstruktsioone, mis h\u00f5lbustavad osadele juurdep\u00e4\u00e4su ja nende vahetamist.<\/p>\n<p><img decoding=\"async\" src=\"https:\/\/www.hydraulic-cylinders.net\/wp-content\/uploads\/2025\/04\/songte-oil-pipes-and-spare-parts.webp\" alt=\"H\u00fcdrauliliste silindrite osad\"><\/p>\n<h2>Poomi silindrite tihendamine ja m\u00e4\u00e4rimine<\/h2>\n<p>N\u00f5uetekohane tihendamine ja m\u00e4\u00e4rimine m\u00e4ngivad poomi silindrite j\u00f5udluses olulist rolli. Erinevad tihenduskomponendid, n\u00e4iteks kolvi- ja varrastihendid, on olulised vedeliku lekke v\u00e4ltimiseks, mis v\u00f5ib kahjustada silindri efektiivsust. Kulumiskindlatest materjalidest, nagu pol\u00fcuretaan ja nitriilkummi, valmistatud tihendid tagavad pikaealisuse ja vastupidavuse t\u00f6\u00f6koormuse all.<\/p>\n<p>Silindri korpus ja keermestatud otsapinnad peavad l\u00e4bima peene t\u00f6\u00f6tluse, et suurendada kulumiskindlust, mis on aja jooksul j\u00f5udluse s\u00e4ilitamiseks \u00fclioluline. Regulaarne m\u00e4\u00e4rimine h\u00fcdraulika\u00f5liga on samuti oluline, kuna see v\u00e4hendab h\u00f5\u00f5rdumist liikuvate osade vahel, tagades sujuva t\u00f6\u00f6 ja ennetades enneaegset kulumist. Regulaarsed kontrollid ja sobivad m\u00e4\u00e4rimisgraafikud aitavad kaasa poomi silindri optimaalsele j\u00f5udlusele ja pikaealisusele.<\/p>\n<h2>Regulaarne kontroll ja ennetavad hooldusmeetmed<\/h2>\n<ul>\n<li><strong>Regulaarsed kontrollid:<\/strong> S\u00fcstemaatilised kontrollid v\u00f5imaldavad potentsiaalseid probleeme varakult avastada. Operaatorid peaksid t\u00f6\u00f6tamise ajal kontrollima kulumise, lekete ja ebakorrap\u00e4rase j\u00f5udluse m\u00e4rke. Regulaarsed kontrollid aitavad tuvastada komponente, mis v\u00f5ivad vajada v\u00e4ljavahetamist enne, kui need rikki l\u00e4hevad.<\/li>\n<li><strong>\u00d5ige m\u00e4\u00e4rimine:<\/strong> Kulumise v\u00e4ltimiseks on oluline tagada, et h\u00fcdraulika\u00f5li tase oleks \u00f5ige ja k\u00f5ik liikuvad osad oleksid piisavalt m\u00e4\u00e4ritud. Regulaarne m\u00e4\u00e4rimine v\u00f5ib parandada silindri efektiivsust ja pikendada selle eluiga.<\/li>\n<li><strong>Tihendi vahetamine:<\/strong> Tihendid on pideva h\u00fcdraulilise r\u00f5hu ja liikumise t\u00f5ttu aja jooksul kulumisele kalduvad. Tihendite regulaarne vahetamine hooldusrutiini osana hoiab \u00e4ra lekked, tagades silindri t\u00f5husa t\u00f6\u00f6.<\/li>\n<\/ul>\n<h2>Poomi silindrite paigaldusjuhised<\/h2>\n<p>Poomi silindrite \u00f5ige paigaldamine on optimaalse j\u00f5udluse ja ohutuse tagamiseks \u00fclioluline. Alustuseks vaadake tootja paigaldusjuhendit, et saada t\u00e4pseid juhiseid. Veenduge, et kinnituspinnad oleksid puhtad ja prahist vabad, et h\u00f5lbustada korralikku paigaldamist.<\/p>\n<p>Paigaldamise ajal joondage silinder t\u00e4pselt kinnituspunktidega, et v\u00e4ltida silindri ja sellega seotud komponentide liigset pinget. Sobivate kinnitusklambrite kasutamine aitab silindrit stabiliseerida ja s\u00e4ilitada joondust t\u00f6\u00f6tamise ajal.<\/p>\n<p>P\u00e4rast paigaldamist kontrollige k\u00f5iki \u00fchendusi, et need oleksid kindlalt paigas ja lekkevabad. P\u00e4rast paigaldamist testige s\u00fcsteemi enne t\u00e4ielikku kasutamist madala r\u00f5hu all, et veenduda, kas k\u00f5ik t\u00f6\u00f6tab etten\u00e4htud viisil. Nende sammude j\u00e4rgimine tagab poomi silindri t\u00f5husa ja ohutu toimimise.<\/p>\n<h2>Levinumad hooldust\u00f6\u00f6d<\/h2>\n<ul>\n<li><strong>Regulaarsed kontrollid:<\/strong> Regulaarsed kontrollid aitavad potentsiaalseid probleeme varakult tuvastada. Lekete, kulumism\u00e4rkide ja \u00fcldise funktsionaalsuse kontrollimine tagab ballooni t\u00f5husa toimimise. Operaatorid peaksid olema koolitatud neid kontrolle regulaarselt tegema.<\/li>\n<li><strong>\u00d5ige m\u00e4\u00e4rimine:<\/strong> Piisav m\u00e4\u00e4rimine v\u00e4hendab h\u00f5\u00f5rdumist ja kulumist, pikendades silindri eluiga. Operaatorid peaksid j\u00e4rgima m\u00e4\u00e4rimisgraafikut, mis p\u00f5hineb kasutamisel ja keskkonnatingimustel, tagades h\u00fcdraulika\u00f5li taseme p\u00fcsimise.<\/li>\n<li><strong>Tihendi vahetamine:<\/strong> Tihendeid tuleks lekete v\u00e4ltimiseks regulaarselt kontrollida ja vajadusel vahetada. \u00d5igeaegne tihendite vahetamine on \u00fclioluline h\u00fcdraulikas\u00fcsteemi r\u00f5hu s\u00e4ilitamiseks ja ohutu t\u00f6\u00f6 tagamiseks.<\/li>\n<\/ul>\n<h2>Ohutuskaalutlused ja keskkonnategurid<\/h2>\n<p>H\u00fcdraulikas\u00fcsteemidega t\u00f6\u00f6tamisel on ohutusmeetmed \u00fcliolulised. \u00d5nnetuste v\u00e4ltimiseks on oluline tagada, et k\u00f5ik komponendid on heas seisukorras ja vastavad ohutusstandarditele. Operaatorid peaksid olema koolitatud masinate ohutuks kasutamiseks ja m\u00f5istma kaitsevahendite kasutamise olulisust. Arvesse tuleks v\u00f5tta ka keskkonnategureid, n\u00e4iteks kokkupuudet karmide tingimustega, kuna need v\u00f5ivad m\u00f5jutada poomi silindrite pikaealisust ja j\u00f5udlust.<\/p>\n<h2>Rikete diagnoosimine ja levinud probleemid<\/h2>\n<ul>\n<li><strong>Lekkivad tihendid:<\/strong> Kui tihendid on kahjustatud, v\u00f5ib h\u00fcdraulikavedelik lekkida, mis v\u00e4hendab s\u00fcsteemi r\u00f5hku ja p\u00f5hjustab talitlush\u00e4ireid. Regulaarsed kontrollid aitavad lekkeid varakult avastada, v\u00f5imaldades \u00f5igeaegset remonti v\u00f5i vahetust.<\/li>\n<li><strong>Ebatavalised helid:<\/strong> Ebatavalised helid t\u00f6\u00f6tamise ajal v\u00f5ivad viidata mehaanilistele probleemidele, nagu ebapiisav m\u00e4\u00e4rimine v\u00f5i sisemiste komponentide kulumine. Operaatorid peaksid neid helisid viivitamatult uurima ja k\u00f5rvaldama.<\/li>\n<li><strong>V\u00e4hendatud j\u00f5udlus:<\/strong> Kui silinder ei reageeri ootusp\u00e4raselt, v\u00f5ib see olla tingitud madalast h\u00fcdraulikavedeliku tasemest v\u00f5i h\u00fcdraulikavoolikute ummistusest. S\u00fcsteemi n\u00f5uetekohase hoolduse tagamine aitab v\u00e4ltida j\u00f5udlusprobleeme.<\/li>\n<\/ul>\n<h2>Veaotsingu n\u00e4pun\u00e4ited<\/h2>\n<p>Probleemide t\u00f5husaks diagnoosimiseks ja lahendamiseks peaksid operaatorid s\u00e4ilitama s\u00fcstemaatilise l\u00e4henemisviisi. Esiteks kontrollige h\u00fcdraulikavedeliku taset ja vajadusel lisage. Seej\u00e4rel kontrollige tihendeid kulumis- v\u00f5i kahjustuste suhtes ja vajadusel vahetage need v\u00e4lja. Regulaarne hooldus, sealhulgas m\u00e4\u00e4rimine ja \u00fclevaatused, aitab v\u00e4ltida v\u00f5imalike probleemide eskaleerumist.<\/p>\n<p>Lisaks peaksid operaatorid pidama hoolduse ja remondi kohta \u00fcksikasjalikku arvestust, et paremini m\u00f5ista ballooni j\u00f5udlustrende. See teave aitab ennustada v\u00f5imalikke rikkeid ja h\u00f5lbustada \u00f5igeaegseid ennetavaid meetmeid.<\/p>\n<p><img decoding=\"async\" src=\"https:\/\/www.hydraulic-cylinders.net\/wp-content\/uploads\/2025\/04\/songte-bushings-with-all-kinds-of-excavator-models.webp\" alt=\"H\u00fcdrauliliste silindrite komponendid\"><\/p>\n<h2>Meie ettev\u00f5ttest<\/h2>\n<p>Oleme alternatiivsete h\u00fcdrauliliste silindrite juhtiv tootja ja hulgim\u00fc\u00fcja, pakkudes laia tootevalikut. Meie ettev\u00f5te on ennast t\u00f5estanud kui \u00fcks juhtivaid tootjaid nii sise- kui ka rahvusvahelistel turgudel. J\u00e4rgime rangeid kvaliteedistandardeid ja tugineme t\u00e4iustatud tootmisjuhtimise strateegiale, mis kasutab \u00e4ra tipptehnoloogiaid.<\/p>\n<p>Meie p\u00fchendumust tipptasemele toetavad oskuslik t\u00f6\u00f6j\u00f5ud, tipptasemel digitaalsed tootmisseadmed ja professionaalsed testimiss\u00fcsteemid. T\u00e4iustame pidevalt oma tootmisplatvormi ja tootekvaliteedi tagamise protsesse, tagades, et rahuldame klientide mitmekesiseid vajadusi suure t\u00f5hususega, t\u00e4psuse ja kvaliteediga.<\/p>\n<p><img decoding=\"async\" src=\"https:\/\/www.hydraulic-cylinders.net\/wp-content\/uploads\/2025\/04\/songte-company-4.webp\" alt=\"Ettev\u00f5tte \u00fclevaade\"><br \/>\n<img decoding=\"async\" src=\"https:\/\/www.hydraulic-cylinders.net\/wp-content\/uploads\/2025\/04\/songte-company-3.webp\" alt=\"Ettev\u00f5tte rajatised\"><\/p>\n<p>Autor: lyl<\/p>","protected":false},"excerpt":{"rendered":"<p>Boom Cylinder For Bonny CTD460-6 Introduction to Boom Cylinders A boom cylinder, often referred to as a bucket cylinder, is a specialized hydraulic cylinder designed mainly for controlling the movement of buckets in various heavy machinery such as excavators, backhoe loaders, and front loaders. These cylinders allow the bucket to lift, lower, and tilt, facilitating [&hellip;]<\/p>","protected":false},"featured_media":17877,"comment_status":"open","ping_status":"closed","template":"","meta":{"_et_pb_use_builder":"","_et_pb_old_content":"","_et_gb_content_width":""},"product_brand":[],"product_cat":[1546],"product_tag":[1547,1496],"class_list":{"0":"post-19659","1":"product","2":"type-product","3":"status-publish","4":"has-post-thumbnail","6":"product_cat-boom-cylinders","7":"product_tag-boom-cylinders","8":"product_tag-hydraulic-cylinders","10":"first","11":"instock","12":"shipping-taxable","13":"product-type-simple"},"amp_enabled":true,"_links":{"self":[{"href":"https:\/\/www.hydraulic-cylinders.net\/et\/wp-json\/wp\/v2\/product\/19659","targetHints":{"allow":["GET"]}}],"collection":[{"href":"https:\/\/www.hydraulic-cylinders.net\/et\/wp-json\/wp\/v2\/product"}],"about":[{"href":"https:\/\/www.hydraulic-cylinders.net\/et\/wp-json\/wp\/v2\/types\/product"}],"replies":[{"embeddable":true,"href":"https:\/\/www.hydraulic-cylinders.net\/et\/wp-json\/wp\/v2\/comments?post=19659"}],"wp:featuredmedia":[{"embeddable":true,"href":"https:\/\/www.hydraulic-cylinders.net\/et\/wp-json\/wp\/v2\/media\/17877"}],"wp:attachment":[{"href":"https:\/\/www.hydraulic-cylinders.net\/et\/wp-json\/wp\/v2\/media?parent=19659"}],"wp:term":[{"taxonomy":"product_brand","embeddable":true,"href":"https:\/\/www.hydraulic-cylinders.net\/et\/wp-json\/wp\/v2\/product_brand?post=19659"},{"taxonomy":"product_cat","embeddable":true,"href":"https:\/\/www.hydraulic-cylinders.net\/et\/wp-json\/wp\/v2\/product_cat?post=19659"},{"taxonomy":"product_tag","embeddable":true,"href":"https:\/\/www.hydraulic-cylinders.net\/et\/wp-json\/wp\/v2\/product_tag?post=19659"}],"curies":[{"name":"wp","href":"https:\/\/api.w.org\/{rel}","templated":true}]}}