{"id":19661,"date":"2025-04-07T07:00:20","date_gmt":"2025-04-07T07:00:20","guid":{"rendered":"https:\/\/www.hydraulic-cylinders.net\/product\/boom-cylinder-for-bonny-wzt46-7-45-7\/"},"modified":"2025-04-07T07:00:22","modified_gmt":"2025-04-07T07:00:22","slug":"boom-cylinder-for-bonny-wzt46-7-45-7","status":"publish","type":"product","link":"https:\/\/www.hydraulic-cylinders.net\/et\/toode\/boom-cylinder-for-bonny-wzt46-7-45-7\/","title":{"rendered":"Poomi silinder Bonny WZT46-7\/45-7 jaoks"},"content":{"rendered":"<h1>Poomi silinder Bonny WZT46-7\/45-7 jaoks<\/h1>\n<h2>Sissejuhatus poomi silindritesse<\/h2>\n<p>Noole silinder on teatud t\u00fc\u00fcpi h\u00fcdrauliline silinder, mis on spetsiaalselt loodud mitmesuguste raskete masinate, n\u00e4iteks ekskavaatorite, laadur-ekskavaatori ja esilaaduri koppade liikumise juhtimiseks. Need silindrid v\u00f5imaldavad koppa t\u00f5sta, langetada ja kallutada, h\u00f5lbustades materjalide k\u00e4itlemise \u00fclesandeid. Noole silindril on h\u00fcdraulikas\u00fcsteemides oluline roll, pakkudes vajalikku v\u00f5imsust ja t\u00e4psust t\u00f5husaks t\u00f6\u00f6ks ehituses ja p\u00f5llumajanduses.<\/p>\n<p><img decoding=\"async\" src=\"https:\/\/www.hydraulic-cylinders.net\/wp-content\/uploads\/2025\/04\/songte-company-1.webp\" alt=\"Poomi silinder\" \/><\/p>\n<h2>Poomi silindri omadused<\/h2>\n<ul>\n<li>\n<h3>Suur tugevus ja vastupidavus<\/h3>\n<p>Need \u00fclitugevast terasest v\u00f5i alumiiniumist valmistatud silindrid taluvad k\u00f5rget r\u00f5hku ja suuri koormusi, mist\u00f5ttu sobivad need karmidesse t\u00f6\u00f6keskkondadesse. Need on konstrueeritud kulumiskindlust ja korrosioonikindlust silmas pidades, pikendades nende eluiga.<\/p>\n<\/li>\n<li>\n<h3>T\u00f5hus h\u00fcdrauliline t\u00f6\u00f6<\/h3>\n<p>H\u00fcdraulilise \u00f5li r\u00f5hu abil saavutavad poomi silindrid sujuva pikendus- ja tagasit\u00f5mbamisliigutuse, reageerides juhtimisk\u00e4sklustele kiiresti ja tekitades tugeva t\u00f5uke- ja t\u00f5mbej\u00f5u, mis sobib ideaalselt raskete esemete ja keerukate \u00fclesannete k\u00e4sitsemiseks.<\/p>\n<\/li>\n<li>\n<h3>Mitmekesised t\u00fc\u00fcbid<\/h3>\n<p>Saadaval \u00fchetoimelise (\u00fches suunas t\u00f6\u00f6tav) v\u00f5i kahetoimelise (m\u00f5lemas suunas t\u00f6\u00f6tav) konfiguratsioonina, et rahuldada erinevaid t\u00f6\u00f6vajadusi; m\u00f5ned mudelid on teleskoopilised, v\u00f5imaldades suuremat pikendust ilma v\u00e4lism\u00f5\u00f5tmeid suurendamata, mis sobib ideaalselt piiratud ruumiga rakenduste jaoks.<\/p>\n<\/li>\n<\/ul>\n<p>Meie tooted suudavad neid h\u00fcdrosilindreid ideaalselt asendada.<\/p>\n<p><img decoding=\"async\" src=\"https:\/\/www.hydraulic-cylinders.net\/wp-content\/uploads\/2025\/04\/songte-cylinder-head-with-all-kinds-excavator-models.webp\" alt=\"Ekskavaatori mudelid\" \/><\/p>\n<h2>Poomi silindrite rakendused<\/h2>\n<ul>\n<li>\n<h3>Ehitustehnika<\/h3>\n<p>Ekskavaatorites on noolesilindrid \u00fcliolulised kaevamiseks, laadimiseks ja mulla v\u00f5i prahi teisaldamiseks. Need annavad vajaliku j\u00f5u pinnasesse tungimiseks ja materjalide t\u00f5husaks t\u00f5stmiseks. Ekskavaator-laadurites abistavad need nii kaevamis- kui ka t\u00f5stmist\u00f6\u00f6del, muutes need ehitust\u00f6\u00f6del mitmek\u00fclgseks.<\/p>\n<\/li>\n<li>\n<h3>P\u00f5llumajandustehnika<\/h3>\n<p>Esilaadurites kasutatavad silindrid h\u00f5lbustavad mulla, heina ja muude materjalide koputamist, t\u00f5stmist ja transportimist. Noolesilindri v\u00f5ime pakkuda suurt t\u00f5stev\u00f5imet tagab p\u00f5llumajandust\u00f6\u00f6de sujuva ja t\u00f5husa t\u00e4itmise.<\/p>\n<\/li>\n<\/ul>\n<h2>Projekteerimiskaalutlused ja valikukriteeriumid<\/h2>\n<ul>\n<li>\n<h3>Kandev\u00f5ime<\/h3>\n<p>On \u00fclioluline valida noole silinder, mis suudab hakkama saada selle masina konkreetsete koormusn\u00f5uetega, milles seda kasutatakse. Silindri kandev\u00f5imet tuleks testida erinevates tingimustes, et tagada selle vastavus t\u00f6\u00f6n\u00f5uetele.<\/p>\n<\/li>\n<li>\n<h3>Tihendusv\u00f5ime<\/h3>\n<p>T\u00f5hus tihendus on oluline h\u00fcdraulilise vedeliku lekete v\u00e4ltimiseks, mis v\u00f5ivad kahjustada silindri efektiivsust ja ohutust. Silindri terviklikkuse s\u00e4ilitamiseks r\u00f5hu all tuleks kasutada kvaliteetseid tihendusmaterjale ja -konstruktsioone.<\/p>\n<\/li>\n<li>\n<h3>Vastupidavus<\/h3>\n<p>Kulumis- ja korrosioonikindlate materjalide valimine pikendab ballooni eluiga. Ballooni seisukorra regulaarne hindamine aitab tuvastada v\u00f5imalikke probleeme enne, kui need riketeni viivad.<\/p>\n<\/li>\n<li>\n<h3>Turvaelemendid<\/h3>\n<p>Ohutusfunktsioonide, n\u00e4iteks \u00fclekoormuskaitse ja avariiv\u00e4ljalaskemehhanismide lisamine suurendab t\u00f6\u00f6ohutust. Operaatorid peaksid tagama, et need funktsioonid on t\u00f6\u00f6korras ja neid hooldatakse regulaarselt.<\/p>\n<\/li>\n<li>\n<h3>Hoolduse ligip\u00e4\u00e4setavus<\/h3>\n<p>Silindrite lihtne hooldus, sh m\u00e4\u00e4rimine ja tihendite vahetamine, tagab nende t\u00f6\u00f6korras p\u00fcsimise minimaalse seisakuajaga. See h\u00f5lmab ka hoolduseks vajalike ligip\u00e4\u00e4supunktide arvestamist.<\/p>\n<\/li>\n<\/ul>\n<p><img decoding=\"async\" src=\"https:\/\/www.hydraulic-cylinders.net\/wp-content\/uploads\/2025\/04\/songte-oil-pipes-and-spare-parts.webp\" alt=\"\u00d5litorud ja varuosad\" \/><\/p>\n<h2>Tihendus ja m\u00e4\u00e4rimine<\/h2>\n<p>H\u00fcdraulilise efektiivsuse s\u00e4ilitamiseks on oluline kasutada erinevaid tihenduskomponente, n\u00e4iteks kolvitihendeid ja varrastihendeid. Sellistest materjalidest nagu pol\u00fcuretaan ja nitriilkummi valmistatud tihendid tagavad vastupidavuse kulumisele. Silindri korpus ja keermestatud otsad tuleks kulumiskindluse suurendamiseks peenelt t\u00f6\u00f6delda. Sujuva t\u00f6\u00f6 s\u00e4ilitamiseks ja enneaegse kulumise v\u00e4ltimiseks on vajalik regulaarne m\u00e4\u00e4rimine h\u00fcdraulika\u00f5liga.<\/p>\n<h2>Ennetavad hooldusmeetmed<\/h2>\n<ul>\n<li>\n<h3>Regulaarsed kontrollid<\/h3>\n<p>Poomi silindri perioodiline kontroll aitab tuvastada kulumismustreid, lekkeid v\u00f5i muid v\u00f5imalikke probleeme enne, kui need olulisteks probleemideks s\u00fcvenevad. Operaatorid peaksid need kontrollid edaspidiseks kasutamiseks dokumenteerima.<\/p>\n<\/li>\n<li>\n<h3>\u00d5ige m\u00e4\u00e4rimine<\/h3>\n<p>Piisava ja \u00f5igeaegse m\u00e4\u00e4rimise tagamine on poomi silindri j\u00f5udluse seisukohalt kriitilise t\u00e4htsusega. Operaatorid peaksid efektiivsuse maksimeerimiseks j\u00e4rgima tootja juhiseid m\u00e4\u00e4rimisintervallide ja -meetodite kohta.<\/p>\n<\/li>\n<li>\n<h3>Tihendi vahetamine<\/h3>\n<p>H\u00fcdraulikavedeliku lekete v\u00e4ltimiseks on oluline tihendite regulaarne kontrollimine ja vahetamine. Operaatorid peaksid olema kursis tihendite halvenemise tunnustega, n\u00e4iteks v\u00e4henenud j\u00f5udluse v\u00f5i n\u00e4htavate leketega.<\/p>\n<\/li>\n<\/ul>\n<h2>Paigaldusjuhised<\/h2>\n<p>Poomi silindri paigaldamisel on oluline j\u00e4rgida neid samme: esiteks veenduge, et t\u00f6\u00f6ruum on puhas ja prahist vaba. Joondage silinder \u00f5igesti masina kinnituspunktidega, kasutades kinnitamiseks sobivaid kinnitusklambreid. Pingutage polte ettevaatlikult tootja spetsifikatsioonide j\u00e4rgi, tagades tiheda sobivuse ilma \u00fclepingutamata, kuna see v\u00f5ib silindrit kahjustada. L\u00f5puks kontrollige enne s\u00fcsteemi kasutuselev\u00f5ttu veelkord joondust ja t\u00f6\u00f6korras olekut.<\/p>\n<p><img decoding=\"async\" src=\"https:\/\/www.hydraulic-cylinders.net\/wp-content\/uploads\/2025\/04\/songte-chushion-collar.webp\" alt=\"Padjakaelus\" \/><\/p>\n<h2>Ohutuskaalutlused ja keskkonnategurid<\/h2>\n<p>H\u00fcdrauliliste s\u00fcsteemide k\u00e4itamisel on ohutusmeetmed \u00fcliolulised. Operaatorid peaksid olema koolitatud \u00e4ra tundma h\u00fcdrauliliste silindritega seotud v\u00f5imalikke ohte, sealhulgas ootamatute purunemiste v\u00f5i lekete ohtu. Ohutusprotokollide rakendamine ja isikukaitsevahendite (IKV) kasutamine aitab riske minimeerida. Lisaks tuleks keskkonnam\u00f5ju v\u00e4hendamiseks arvestada keskkonnateguritega, nagu h\u00fcdrauliliste vedelike n\u00f5uetekohane k\u00f5rvaldamine ja vanade komponentide ringlussev\u00f5tt.<\/p>\n<h2>Rikete diagnoosimine ja levinud probleemid<\/h2>\n<ul>\n<li>\n<h3>Leke<\/h3>\n<p>H\u00fcdraulikavedeliku lekked v\u00f5ivad tekkida kulunud tihenditest v\u00f5i kahjustatud liitmikest. Regulaarne kontroll aitab lekkeid varakult avastada, v\u00f5imaldades \u00f5igeaegset remonti.<\/p>\n<\/li>\n<li>\n<h3>Ebaj\u00e4rjekindel j\u00f5udlus<\/h3>\n<p>Ebaj\u00e4rjekindel liikumine v\u00f5i j\u00f5udlusprobleemid v\u00f5ivad viidata h\u00fcdraulilise r\u00f5hu probleemidele, mis n\u00f5uavad h\u00fcdraulilise vedeliku taseme ja pumba toimimise kontrollimist.<\/p>\n<\/li>\n<li>\n<h3>F\u00fc\u00fcsiline kahju<\/h3>\n<p>Ballooni f\u00fc\u00fcsiline kahjustumine v\u00f5ib tekkida l\u00f6\u00f6kide v\u00f5i liigse koormuse t\u00f5ttu. Operaatorid peaksid ballooni regulaarselt kahjustuste suhtes kontrollima ja vajadusel parandusmeetmeid v\u00f5tma.<\/p>\n<\/li>\n<\/ul>\n<h2>Veaotsingu n\u00e4pun\u00e4ited<\/h2>\n<p>Probleemide t\u00f5husaks diagnoosimiseks ja lahendamiseks peaksid operaatorid pidama logi j\u00f5udlusanomaaliate ja hooldusajaloo kohta. See teave aitab tuvastada mustreid, mis viivad korduvate probleemideni. Regulaarne t\u00f5rkeotsingu protseduuride koolitus annab operaatoritele v\u00f5imaluse probleeme ennetavalt lahendada. Ennetava hoolduse ajakava rakendamine aitab ka v\u00f5imalikke rikkeid enne nende tekkimist leevendada.<\/p>\n<p><img decoding=\"async\" src=\"https:\/\/www.hydraulic-cylinders.net\/wp-content\/uploads\/2025\/04\/songte-bushings-with-all-kinds-of-excavator-models.webp\" alt=\"Puksid\" \/><\/p>\n<h2>Ettev\u00f5tte \u00fclevaade<\/h2>\n<p>Oleme asendush\u00fcdrauliliste silindrite tootja, keda peetakse \u00fcheks juhtivaks tootjaks ja hulgim\u00fc\u00fcjaks nii sise- kui ka rahvusvahelisel turul. Meie ettev\u00f5te j\u00e4rgib tipptasemel kvaliteeti, kasutades t\u00e4iustatud tootmist\u00f6\u00f6kodade strateegiaid tootmise juhtimise parandamiseks. Keskendudes oskuslikule personalile, t\u00e4iustatud digitaalsetele tootmisseadmetele ja spetsialiseeritud testimiss\u00fcsteemidele, t\u00e4iustame pidevalt oma tootmisplatvorme. Meie p\u00fchendumus t\u00f5hususele, t\u00e4psusele ja kvaliteedile v\u00f5imaldab meil t\u00f5husalt rahuldada klientide mitmekesiseid n\u00f5udmisi.<\/p>\n<p><img decoding=\"async\" src=\"https:\/\/www.hydraulic-cylinders.net\/wp-content\/uploads\/2025\/04\/songte-company-4.webp\" alt=\"Ettev\u00f5tte \u00fclevaade\" \/><br \/>\n<img decoding=\"async\" src=\"https:\/\/www.hydraulic-cylinders.net\/wp-content\/uploads\/2025\/04\/songte-company-3.webp\" alt=\"Ettev\u00f5tte \u00fclevaade\" \/><\/p>\n<p>Autor: lyl<\/p>","protected":false},"excerpt":{"rendered":"<p>Boom Cylinder For Bonny WZT46-7\/45-7 Introduction to Boom Cylinders A boom cylinder is a type of hydraulic cylinder specifically designed to control the movement of buckets in various heavy machinery, such as excavators, backhoe loaders, and front-end loaders. These cylinders enable the bucket to lift, lower, and tilt, facilitating material handling tasks. The boom cylinder [&hellip;]<\/p>","protected":false},"featured_media":17879,"comment_status":"open","ping_status":"closed","template":"","meta":{"_et_pb_use_builder":"","_et_pb_old_content":"","_et_gb_content_width":""},"product_brand":[],"product_cat":[1546],"product_tag":[1547,1496],"class_list":{"0":"post-19661","1":"product","2":"type-product","3":"status-publish","4":"has-post-thumbnail","6":"product_cat-boom-cylinders","7":"product_tag-boom-cylinders","8":"product_tag-hydraulic-cylinders","10":"first","11":"instock","12":"shipping-taxable","13":"product-type-simple"},"amp_enabled":true,"_links":{"self":[{"href":"https:\/\/www.hydraulic-cylinders.net\/et\/wp-json\/wp\/v2\/product\/19661","targetHints":{"allow":["GET"]}}],"collection":[{"href":"https:\/\/www.hydraulic-cylinders.net\/et\/wp-json\/wp\/v2\/product"}],"about":[{"href":"https:\/\/www.hydraulic-cylinders.net\/et\/wp-json\/wp\/v2\/types\/product"}],"replies":[{"embeddable":true,"href":"https:\/\/www.hydraulic-cylinders.net\/et\/wp-json\/wp\/v2\/comments?post=19661"}],"wp:featuredmedia":[{"embeddable":true,"href":"https:\/\/www.hydraulic-cylinders.net\/et\/wp-json\/wp\/v2\/media\/17879"}],"wp:attachment":[{"href":"https:\/\/www.hydraulic-cylinders.net\/et\/wp-json\/wp\/v2\/media?parent=19661"}],"wp:term":[{"taxonomy":"product_brand","embeddable":true,"href":"https:\/\/www.hydraulic-cylinders.net\/et\/wp-json\/wp\/v2\/product_brand?post=19661"},{"taxonomy":"product_cat","embeddable":true,"href":"https:\/\/www.hydraulic-cylinders.net\/et\/wp-json\/wp\/v2\/product_cat?post=19661"},{"taxonomy":"product_tag","embeddable":true,"href":"https:\/\/www.hydraulic-cylinders.net\/et\/wp-json\/wp\/v2\/product_tag?post=19661"}],"curies":[{"name":"wp","href":"https:\/\/api.w.org\/{rel}","templated":true}]}}