{"id":19668,"date":"2025-04-07T07:00:38","date_gmt":"2025-04-07T07:00:38","guid":{"rendered":"https:\/\/www.hydraulic-cylinders.net\/product\/boom-cylinder-for-nhig-2006lc\/"},"modified":"2025-04-07T07:00:41","modified_gmt":"2025-04-07T07:00:41","slug":"boom-cylinder-for-nhig-2006lc","status":"publish","type":"product","link":"https:\/\/www.hydraulic-cylinders.net\/et\/toode\/boom-cylinder-for-nhig-2006lc\/","title":{"rendered":"NHIG 2006LC poomi silinder"},"content":{"rendered":"<h1>NHIG 2006LC poomi silinder<\/h1>\n<h2>Toote \u00fclevaade<\/h2>\n<p>See <strong>NHIG 2006LC poomi silinder<\/strong> on spetsiaalne h\u00fcdrauliline silinder, mis on loodud raskete masinate, n\u00e4iteks ekskavaatorite, laadur-ekskavaatori ja esilaaduri koppade liikumise juhtimiseks. See silinder v\u00f5imaldab koppa t\u00f5sta, langetada ja kallutada, h\u00f5lbustades materjalide t\u00f5husat k\u00e4itlemist.<\/p>\n<p><img decoding=\"async\" src=\"https:\/\/www.hydraulic-cylinders.net\/wp-content\/uploads\/2025\/04\/songte-company-1.webp\" alt=\"NHIG 2006LC poomi silinder\" \/><\/p>\n<h3>Definitsioon ja funktsioon<\/h3>\n<p>Kopa silinder on teatud t\u00fc\u00fcpi h\u00fcdrauliline silinder, mis on spetsiaalselt kohandatud mitmesuguste raskete masinate koppade liikumise juhtimiseks. Sellised h\u00fcdraulilised silindrid m\u00e4ngivad h\u00fcdraulikas\u00fcsteemides olulist rolli, muutes h\u00fcdraulilise energia mehaaniliseks energiaks, v\u00f5imaldades kontrollitud ja v\u00f5imsaid liigutusi.<\/p>\n<p>H\u00fcdraulilise \u00f5li r\u00f5hu abil annab noole silinder vajaliku j\u00f5u selliste \u00fclesannete t\u00e4itmiseks nagu kaevamine, t\u00f5stmine ja kallutamine. Need on olulised komponendid olukordades, kus on vaja rasket t\u00f5stmist ja t\u00e4pseid liigutusi, tagades seel\u00e4bi t\u00f6\u00f6 efektiivsuse ehituses, p\u00f5llumajanduses ja kaevandust\u00f6\u00f6stuses.<\/p>\n<h2>Poomi silindri omadused<\/h2>\n<ul>\n<li><strong>Suur tugevus ja vastupidavus:<\/strong> K\u00f5rgtugevast terasest v\u00f5i alumiiniumist valmistatud poomi silinder talub k\u00f5rget r\u00f5hku ja suuri koormusi, mist\u00f5ttu sobib see karmideks t\u00f6\u00f6keskkondadeks. Selle disain h\u00f5lmab kulumiskindlust ja korrosioonikindlust, et pikendada selle eluiga.<\/li>\n<li><strong>T\u00f5hus h\u00fcdrauliline t\u00f6\u00f6:<\/strong> H\u00fcdraulika\u00f5li r\u00f5hk v\u00f5imaldab sujuvat pikendamist ja tagasit\u00f5mbamist, pakkudes kiiret reageerimist juhtimisk\u00e4sklustele ja v\u00f5imsaid t\u00f5uke- ja t\u00f5mbej\u00f5ude, muutes selle ideaalseks raskete esemete ja keerukate \u00fclesannete k\u00e4sitsemiseks.<\/li>\n<li><strong>Erinevad t\u00fc\u00fcbid:<\/strong> Poomi silinder on saadaval erinevates konfiguratsioonides, sealhulgas \u00fchetoimeline (kasutades h\u00fcdraulilist j\u00f5udu \u00fches suunas) v\u00f5i kahetoimeline (kasutades h\u00fcdraulilist j\u00f5udu m\u00f5lemas suunas). M\u00f5ned mudelid on teleskoopilised, mis v\u00f5imaldab suuremat pikendust ilma v\u00e4lism\u00f5\u00f5tmeid suurendamata.<\/li>\n<li><strong>Kohandatavad lahendused:<\/strong> Saame seda toodet toota vastavalt konkreetsetele n\u00f5uetele, tagades, et meie silindrid asendavad ideaalselt olemasolevaid h\u00fcdrosilindreid.<\/li>\n<li><strong>Mitmek\u00fclgsed rakendused:<\/strong> Meie silindrid on loodud mitmesuguste rasketehnika rakenduste jaoks ja kohanduvad erinevate t\u00f6\u00f6stusharude erinevate t\u00f6\u00f6vajadustega.<\/li>\n<\/ul>\n<p><img decoding=\"async\" src=\"https:\/\/www.hydraulic-cylinders.net\/wp-content\/uploads\/2025\/04\/songte-cylinder-head-with-all-kinds-excavator-models.webp\" alt=\"Ekskavaatori mudelid\" \/><\/p>\n<h2>Poomi silindri rakendused<\/h2>\n<h3>Ehitustehnika<\/h3>\n<p>In excavators, boom cylinders are essential for digging, loading, and transporting dirt or debris. The ability to control the bucket&#8217;s movements allows operators to perform tasks with precision and efficiency, leading to increased productivity on construction sites.<\/p>\n<h3>P\u00f5llumajandustehnika<\/h3>\n<p>Esilaadurites kasutatakse noolesilindreid mulla, heina ja muude materjalide kopeerimiseks, t\u00f5stmiseks ja transportimiseks. See on kriitilise t\u00e4htsusega p\u00f5llumajanduses, kus t\u00f5hus materjalik\u00e4itlus v\u00f5ib oluliselt m\u00f5jutada tootlikkust ja tegevuse efektiivsust.<\/p>\n<h3>Ekskavaatorid<\/h3>\n<p>Noole silinder v\u00f5imaldab kopal t\u00f5husalt pinnasesse tungida, h\u00f5lbustades kaevamisprotsessi. See v\u00f5ime on \u00fclioluline ehitus- ja haljastusprojektide puhul, kus on vaja t\u00e4pset kaevamist.<\/p>\n<h3>Laadurid<\/h3>\n<p>Esilaaduritel aitavad noolesilindrid materjale t\u00f5husalt t\u00f5sta ja t\u00fchjendada. See toiming on \u00fclioluline \u00fclesannete puhul, mis h\u00f5lmavad raskete koormate kiiret ja ohutut teisaldamist, parandades \u00fcldist t\u00f6\u00f6voogu.<\/p>\n<h2>Projekteerimiskaalutlused ja valikukriteeriumid<\/h2>\n<h3>Kandev\u00f5ime<\/h3>\n<p>Poomi silindri valimisel on \u00fcks peamisi kaalutlusi selle kandev\u00f5ime. Silinder peab suutma taluda maksimaalset raskust, mida see t\u00f5stab v\u00f5i liigutab, ilma et see ohustaks ohutust v\u00f5i j\u00f5udlust. Konstruktsioon peaks h\u00f5lmama vastupidavat konstruktsiooni, mis tagab, et see suudab pikka aega raskeid koormusi kanda. <\/p>\n<h3>Tihenduss\u00fcsteem<\/h3>\n<p>Tihenduss\u00fcsteem on silindri r\u00f5hu s\u00e4ilitamiseks ja h\u00fcdraulilise vedeliku lekke v\u00e4ltimiseks \u00fclioluline. Pikaealisuse ja t\u00f6\u00f6kindluse tagamiseks tuleks kasutada kvaliteetseid tihendeid, mis on valmistatud sellistest materjalidest nagu pol\u00fcuretaan ja nitriilkummi. T\u00f5husad tihendid v\u00e4hendavad saastumise ja h\u00fcdraulilise vedeliku kadude ohtu, mis v\u00f5ib p\u00f5hjustada s\u00fcsteemi rikke.<\/p>\n<h3>Vastupidavus<\/h3>\n<p>Vastupidavus on iga h\u00fcdraulikakomponendi jaoks oluline, eriti rasketes t\u00f6\u00f6keskkondades. Poomi silindri valmistamisel kasutatud materjalid peaksid olema kulumiskindlad, korrosioonikindlad ja vastupidavad muudele keskkonnateguritele. H\u00e4sti disainitud silindril on pikem eluiga, mis v\u00e4hendab sagedaste vahetuste vajadust.<\/p>\n<h3>Turvaelemendid<\/h3>\n<p>H\u00fcdrosilindrite projekteerimisel on ohutus esmat\u00e4htis kaalutlus. \u00d5nnetuste v\u00e4ltimiseks ja operaatori ohutuse tagamiseks t\u00f6\u00f6tamise ajal tuleks konstruktsiooni integreerida sellised omadused nagu r\u00f5huvabastusventiilid, redundantsed ohutuss\u00fcsteemid ja rikkekindlad mehhanismid.<\/p>\n<h3>Hooldatavus<\/h3>\n<p>Hooldatavust silmas pidades projekteerimine t\u00e4hendab, et tuleb tagada poomi silindri lihtne kontroll, remont ja hooldus. See v\u00f5ib h\u00f5lmata selliseid omadusi nagu ligip\u00e4\u00e4setavad m\u00e4\u00e4rimispunktid, vahetatavad tihendid ja hooldusprotseduuride selge m\u00e4rgistus. Hooldatav s\u00fcsteem v\u00e4hendab seisakuid ja parandab \u00fcldist t\u00f6\u00f6t\u00f5husust.<\/p>\n<p><img decoding=\"async\" src=\"https:\/\/www.hydraulic-cylinders.net\/wp-content\/uploads\/2025\/04\/songte-oil-pipes-and-spare-parts.webp\" alt=\"\u00d5litorud ja varuosad\" \/><\/p>\n<h2>Tihendus ja m\u00e4\u00e4rimine<\/h2>\n<p>Poomi silindris kasutatakse mitmesuguseid tihendeid, sealhulgas kolvi- ja vardatihendeid, mis on olulised h\u00fcdraulilise r\u00f5hu s\u00e4ilitamiseks ja lekete v\u00e4ltimiseks. Vastupidavatest materjalidest, nagu pol\u00fcuretaan ja nitriilkummi, valmistatud tihendid tagavad k\u00f5rge kulumiskindluse ja t\u00f6\u00f6kindluse.<\/p>\n<p>Lisaks sellele t\u00f6\u00f6deldakse silindri korpust ja keermestatud otspinda kulumiskindluse parandamiseks peenelt. T\u00f5husa t\u00f6\u00f6 s\u00e4ilitamiseks, tagades silindri sujuva toimimise ja pikendades selle eluiga, on vajalik regulaarne m\u00e4\u00e4rimine sobiva koguse h\u00fcdraulika\u00f5liga.<\/p>\n<h2>Ennetavad hooldusmeetmed<\/h2>\n<ul>\n<li><strong>Regulaarsed kontrollid:<\/strong> H\u00fcdrosilindri sagedane kontrollimine kulumise, lekete v\u00f5i kahjustuste suhtes on h\u00e4davajalik. Probleemide varajane avastamine aitab \u00e4ra hoida t\u00f5sisemaid rikkeid.<\/li>\n<li><strong>\u00d5ige m\u00e4\u00e4rimine:<\/strong> Veenduge, et silinder oleks piisavalt m\u00e4\u00e4ritud, et v\u00e4hendada h\u00f5\u00f5rdumist ja kulumist. Kontrollige regulaarselt h\u00fcdraulika\u00f5li taset ja lisage vastavalt vajadusele.<\/li>\n<li><strong>Tihendi vahetamine:<\/strong> J\u00e4lgige tihendite seisukorda ja vahetage need viivitamatult v\u00e4lja, kui ilmnevad kulumise v\u00f5i kahjustuste m\u00e4rgid, et v\u00e4ltida h\u00fcdraulilise vedeliku kadu ja s\u00e4ilitada s\u00fcsteemi terviklikkus.<\/li>\n<\/ul>\n<h2>Paigaldusjuhised<\/h2>\n<p>Poomi silindri \u00f5ige paigaldamine on optimaalse j\u00f5udluse ja pikaealisuse tagamiseks \u00fclioluline. Alustage sellest, et masina kinnituspunktid oleksid puhtad ja prahist vabad. Joondage silinder \u00f5igesti kinnitusklambritega ja kasutage paigaldamise ajal silindri paigal hoidmiseks sobivaid tugiklambreid.<\/p>\n<p>Securely fasten all bolts and connections, and double-check the alignment of the cylinder to avoid stress during operation. After installation, test the hydraulic system to ensure there are no leaks and that the cylinder operates smoothly. Follow the manufacturer&#8217;s guidelines for any specific installation requirements.<\/p>\n<h2>Levinumad hooldust\u00f6\u00f6d<\/h2>\n<ul>\n<li><strong>Regulaarsed kontrollid:<\/strong> Kontrollige ballooni regulaarselt, et tuvastada v\u00f5imalikud probleemid varakult. See h\u00f5lmab lekete, kulumise ja n\u00f5uetekohase toimimise kontrollimist.<\/li>\n<li><strong>\u00d5ige m\u00e4\u00e4rimine:<\/strong> Veenduge, et silinder oleks \u00f5igesti m\u00e4\u00e4ritud. See on \u00fclioluline h\u00fcdraulikakomponentide sujuva t\u00f6\u00f6 ja pikaealisuse s\u00e4ilitamiseks.<\/li>\n<li><strong>Tihendi vahetamine:<\/strong> J\u00e4lgige tihendite kulumist ja vajadusel vahetage need v\u00e4lja. See aitab s\u00e4ilitada h\u00fcdraulilist terviklikkust ja v\u00e4ltida lekkeid.<\/li>\n<\/ul>\n<h2>Ohutuskaalutlused ja keskkonnategurid<\/h2>\n<p>H\u00fcdrauliliste silindrite kasutamisel on \u00fcliolulised n\u00f5uetekohased ohutusmeetmed. Operaatorid peaksid \u00f5nnetuste v\u00e4ltimiseks alati kandma kaitsevarustust ja j\u00e4rgima ohutusprotokolle. Lisaks on riskide minimeerimiseks oluline tagada, et keskkond, milles h\u00fcdros\u00fcsteem t\u00f6\u00f6tab, oleks ohutu ja ohtudest vaba.<\/p>\n<h2>Veaotsing ja levinud probleemid<\/h2>\n<ul>\n<li><strong>Leke:<\/strong> Kontrollige tihendite ja \u00fchenduste lekkeid. Kontrollige tihendite kulumist ja vajadusel vahetage need v\u00e4lja.<\/li>\n<li><strong>Aeglane t\u00f6\u00f6:<\/strong> Kui silinder t\u00f6\u00f6tab aeglaselt, kontrollige, kas h\u00fcdraulikavedeliku tase on madal v\u00f5i h\u00fcdraulikavoolikutes pole ummistusi.<\/li>\n<li><strong>Ebatavalised helid:<\/strong> Sellised helid nagu krigisev v\u00f5i kolin v\u00f5ivad viidata sisemisele kulumisele. Kontrollige ja hooldage silindrit vastavalt vajadusele.<\/li>\n<\/ul>\n<h2>Veaotsingu n\u00e4pun\u00e4ited<\/h2>\n<p>Poomi silindri probleemide t\u00f5husaks diagnoosimiseks ja lahendamiseks alustage n\u00e4htavate kulumis- v\u00f5i kahjustuste m\u00e4rkide kontrollimisest. Kontrollige regulaarselt h\u00fcdraulikavedeliku taset ja vajadusel vahetage filtrid v\u00e4lja. Lisaks veenduge, et k\u00f5ik \u00fchendused on kindlad ja saasteainetest vabad. Ennetavate hooldusmeetmete rakendamine v\u00f5ib probleemide esinemissagedust oluliselt v\u00e4hendada.<\/p>\n<p><img decoding=\"async\" src=\"https:\/\/www.hydraulic-cylinders.net\/wp-content\/uploads\/2025\/04\/songte-bushings-with-all-kinds-of-excavator-models.webp\" alt=\"Ekskavaatori mudelid\" \/><\/p>\n<h2>Ettev\u00f5tte \u00fclevaade<\/h2>\n<p>Oleme juhtiv asendush\u00fcdrauliliste silindrite tootja, pakkudes laia tootevalikut nii sise- kui ka rahvusvahelistele turgudele. Meie p\u00fchendumust tippkvaliteedile toetab t\u00e4iustatud tootmisjuhtimise strateegia, mis kasutab oskuslikku personali, t\u00e4iustatud digitaalseid tootmisseadmeid ja professionaalseid testimiss\u00fcsteeme.<\/p>\n<p>Meie t\u00f6\u00f6koda t\u00e4iustab pidevalt oma tootmisv\u00f5imalusi, tagades meie toodetele tippkvaliteediga tootmisprotsessi. Keskendudes k\u00f5rgele efektiivsusele, t\u00e4psusele ja kvaliteedile, p\u00fc\u00fcame rahuldada klientide mitmekesiseid n\u00f5udmisi kohandatud lahenduste ja erakordse teeninduse kaudu.<\/p>\n<p><img decoding=\"async\" src=\"https:\/\/www.hydraulic-cylinders.net\/wp-content\/uploads\/2025\/04\/songte-company-4.webp\" alt=\"Ettev\u00f5tte \u00fclevaade\" \/><br \/>\n<img decoding=\"async\" src=\"https:\/\/www.hydraulic-cylinders.net\/wp-content\/uploads\/2025\/04\/songte-company-3.webp\" alt=\"Ettev\u00f5tte rajatised\" \/><\/p>\n<p>Autor: lyl<\/p>","protected":false},"excerpt":{"rendered":"<p>Boom Cylinder For NHIG 2006LC Product Overview The Boom Cylinder For NHIG 2006LC is a specialized hydraulic cylinder designed to control the movement of buckets on heavy machinery such as excavators, backhoe loaders, and front loaders. This cylinder enables the bucket to lift, lower, and tilt, facilitating material handling tasks efficiently. Definition and Function A [&hellip;]<\/p>","protected":false},"featured_media":17871,"comment_status":"open","ping_status":"closed","template":"","meta":{"_et_pb_use_builder":"","_et_pb_old_content":"","_et_gb_content_width":""},"product_brand":[],"product_cat":[1546],"product_tag":[1547,1496],"class_list":{"0":"post-19668","1":"product","2":"type-product","3":"status-publish","4":"has-post-thumbnail","6":"product_cat-boom-cylinders","7":"product_tag-boom-cylinders","8":"product_tag-hydraulic-cylinders","10":"first","11":"instock","12":"shipping-taxable","13":"product-type-simple"},"amp_enabled":true,"_links":{"self":[{"href":"https:\/\/www.hydraulic-cylinders.net\/et\/wp-json\/wp\/v2\/product\/19668","targetHints":{"allow":["GET"]}}],"collection":[{"href":"https:\/\/www.hydraulic-cylinders.net\/et\/wp-json\/wp\/v2\/product"}],"about":[{"href":"https:\/\/www.hydraulic-cylinders.net\/et\/wp-json\/wp\/v2\/types\/product"}],"replies":[{"embeddable":true,"href":"https:\/\/www.hydraulic-cylinders.net\/et\/wp-json\/wp\/v2\/comments?post=19668"}],"wp:featuredmedia":[{"embeddable":true,"href":"https:\/\/www.hydraulic-cylinders.net\/et\/wp-json\/wp\/v2\/media\/17871"}],"wp:attachment":[{"href":"https:\/\/www.hydraulic-cylinders.net\/et\/wp-json\/wp\/v2\/media?parent=19668"}],"wp:term":[{"taxonomy":"product_brand","embeddable":true,"href":"https:\/\/www.hydraulic-cylinders.net\/et\/wp-json\/wp\/v2\/product_brand?post=19668"},{"taxonomy":"product_cat","embeddable":true,"href":"https:\/\/www.hydraulic-cylinders.net\/et\/wp-json\/wp\/v2\/product_cat?post=19668"},{"taxonomy":"product_tag","embeddable":true,"href":"https:\/\/www.hydraulic-cylinders.net\/et\/wp-json\/wp\/v2\/product_tag?post=19668"}],"curies":[{"name":"wp","href":"https:\/\/api.w.org\/{rel}","templated":true}]}}