{"id":19671,"date":"2025-04-07T07:00:56","date_gmt":"2025-04-07T07:00:56","guid":{"rendered":"https:\/\/www.hydraulic-cylinders.net\/product\/boom-cylinder-for-bada-wys50\/"},"modified":"2025-04-07T07:00:59","modified_gmt":"2025-04-07T07:00:59","slug":"boom-cylinder-for-bada-wys50","status":"publish","type":"product","link":"https:\/\/www.hydraulic-cylinders.net\/et\/toode\/boom-cylinder-for-bada-wys50\/","title":{"rendered":"Bada WYS50 poomi silinder"},"content":{"rendered":"<h1>Bada WYS50 poomi silinder<\/h1>\n<h2>Toote \u00fclevaade<\/h2>\n<p>Bada WYS50 poomi silinder on spetsiaalne h\u00fcdrauliline komponent, mis on loodud mitmesuguste rasketehnika koppade liikumise juhtimiseks. See h\u00fcdrauliline silinder on ekskavaatorite, laadur-ekskavaatori ja esilaaduri t\u00f6\u00f6ks \u00fclioluline, v\u00f5imaldades koppa t\u00f5sta, langetada ja kallutada, mis h\u00f5lbustab t\u00f5husaid materjalik\u00e4itlust\u00f6id.<\/p>\n<p>Kopa silinder on h\u00fcdrosilindri t\u00fc\u00fcp, mis on spetsiaalselt loodud raskete rakenduste jaoks. See t\u00f6\u00f6tab h\u00fcdros\u00fcsteemides, et hallata raskete koormate t\u00f5stmiseks ja teisaldamiseks vajalikke v\u00f5imsaid liikumisi. H\u00fcdraulilise r\u00f5hu mehaaniliseks j\u00f5uks muutmisega m\u00e4ngib see silinder olulist rolli ehitus- ja p\u00f5llumajandusmasinate efektiivsuse ja t\u00f5hususe suurendamisel.<\/p>\n<p><img decoding=\"async\" src=\"https:\/\/www.hydraulic-cylinders.net\/wp-content\/uploads\/2025\/04\/songte-company-1.webp\" alt=\"Poomi silinder\"><\/p>\n<h3>Poomi silindri omadused<\/h3>\n<ul>\n<li><strong>Suur tugevus ja vastupidavus:<\/strong> K\u00f5rgtugevast terasest v\u00f5i alumiiniumist valmistatud poomi silinder on loodud taluma k\u00f5rget r\u00f5hku ja suuri koormusi, kohandudes samal ajal karmide t\u00f6\u00f6keskkondadega. Selle konstruktsioonis on arvestatud kulumiskindluse ja korrosioonikaitsega, pikendades selle eluiga.<\/li>\n<li><strong>T\u00f5hus h\u00fcdrauliline t\u00f6\u00f6:<\/strong> Silinder kasutab sujuva pikenemise ja tagasit\u00f5mbamise saavutamiseks h\u00fcdraulika\u00f5li r\u00f5hku, pakkudes kiiret reageerimist juhtimisk\u00e4sklustele ja v\u00f5imsaid t\u00f5uke- ja t\u00f5mbej\u00f5ude, mis on olulised raskete esemete ja keerukate \u00fclesannete k\u00e4sitsemiseks.<\/li>\n<li><strong>Erinevad t\u00fc\u00fcbid:<\/strong> Saadaval nii \u00fchetoimelise (h\u00fcdraulilise j\u00f5u kasutamine \u00fches suunas) kui ka kahetoimelise (h\u00fcdraulilise j\u00f5u kasutamine m\u00f5lemas suunas) konfiguratsioonina, sobib poomi silinder mitmesugustele t\u00f6\u00f6vajadustele. Teatud mudelitel on teleskoopkonstruktsioonid, mis v\u00f5imaldavad suuremat pikendust ilma v\u00e4lism\u00f5\u00f5tmeid suurendamata, mis sobib ideaalselt piiratud rakenduste jaoks.<\/li>\n<li><strong>Kohandamine:<\/strong> Meie tootmisv\u00f5imsused v\u00f5imaldavad meil toota seda toodet olemasolevate h\u00fcdrosilindrite ideaalseks asendamiseks, tagades \u00fchilduvuse ja j\u00f5udluse.<\/li>\n<li><strong>T\u00e4iustatud inseneriteadus:<\/strong> Poomi silindrid on konstrueeritud t\u00e4ppistehnoloogia abil, tagades optimaalse j\u00f5udluse erinevates t\u00f6\u00f6tingimustes.<\/li>\n<\/ul>\n<p><img decoding=\"async\" src=\"https:\/\/www.hydraulic-cylinders.net\/wp-content\/uploads\/2025\/04\/songte-cylinder-head-with-all-kinds-excavator-models.webp\" alt=\"Ekskavaatori mudeli poomi silinder\"><\/p>\n<h2>Poomi silindri rakendused<\/h2>\n<h3>Ehitustehnika<\/h3>\n<p>Ekskavaatorites on noolesilindrid p\u00f6\u00f6rdelised kaevamisel, laadimisel ja pinnase v\u00f5i prahi teisaldamisel. Need v\u00f5imaldavad kopal t\u00f5husalt pinnasesse tungida, v\u00f5imaldades t\u00f5husaid kaevamist\u00f6id. Ekskavaatorlaadurites toetab noolesilinder nii kaevamis- kui ka t\u00f5stefunktsioone, muutes selle mitmek\u00fclgsete t\u00f6\u00f6de oluliseks komponendiks.<\/p>\n<h3>P\u00f5llumajandustehnika<\/h3>\n<p>Esilaadurites kasutatavad noolesilindrid vastutavad mulla, heina ja muude materjalide kopa t\u00f5stmise, t\u00f5stmise ja transportimise eest. Nende v\u00f5ime raskeid koormaid hallata suurendab p\u00f5llumajandust\u00f6\u00f6de tootlikkust, muutes sellised \u00fclesanded nagu teravilja laadimine v\u00f5i tarvikute teisaldamine t\u00f5husamaks.<\/p>\n<h3>Ekskavaatorid<\/h3>\n<p>Poomi silinder h\u00f5lbustab kaevamist, v\u00f5imaldades kopal pinnasesse tungida. See v\u00f5ime on kaevet\u00f6\u00f6del \u00fclioluline, kuna see annab vajaliku j\u00f5u erinevat t\u00fc\u00fcpi pinnasest l\u00e4bi murdmiseks ja suurte materjalimahtude h\u00f5lpsaks teisaldamiseks.<\/p>\n<h3>Laadurid<\/h3>\n<p>Esilaadurites aitavad noolesilindrid materjale t\u00f5husalt t\u00f5sta ja t\u00fchjendada. Need pakuvad koormate t\u00f5stmiseks vajalikku h\u00fcdraulilist j\u00f5udu, tagades materjalide sujuva t\u00f6\u00f6 \u00fchest kohast teise teisaldamisel, mis on ehitus- ja haljastusprojektide puhul \u00fclioluline.<\/p>\n<h2>Projekteerimiskaalutlused ja valikukriteeriumid<\/h2>\n<h3>Kandev\u00f5ime<\/h3>\n<p>Poomi silindri kandev\u00f5ime on kriitilise t\u00e4htsusega kaalutlus. See peab olema konstrueeritud nii, et see taluks maksimaalset raskust, mida t\u00f6\u00f6 ajal rakendatakse. See n\u00f5uab silindri m\u00f5\u00f5tmete, materjali tugevuse ja h\u00fcdraulilise r\u00f5hu v\u00f5ime hoolikat arvutamist, et tagada selle ohutu ja t\u00f5hus toimimine koormuse all.<\/p>\n<h3>Tihendusmehhanismid<\/h3>\n<p>T\u00f5hus tihendus on h\u00fcdrauliliste silindrite puhul oluline r\u00f5hu s\u00e4ilitamiseks ja lekete v\u00e4ltimiseks. Kasutada tuleks kvaliteetseid tihendeid, mis on valmistatud vastupidavatest materjalidest nagu pol\u00fcuretaan ja nitriilkummi. Konstruktsioon peaks h\u00f5lmama t\u00e4iustatud tihenduslahendusi, mis minimeerivad kulumist ja pikendavad silindri eluiga isegi n\u00f5udlikes keskkondades.<\/p>\n<h3>Vastupidavus<\/h3>\n<p>Vastupidavus on \u00e4\u00e4rmiselt oluline karmides tingimustes t\u00f6\u00f6tavate h\u00fcdrauliliste silindrite puhul. Kasutatavad materjalid peavad olema korrosiooni-, kulumis- ja v\u00e4simuskindlad. Regulaarne testimine ja kvaliteedikontroll tootmisprotsessis tagavad, et silindrid vastavad pikaealisuse ja t\u00f6\u00f6kindluse t\u00f6\u00f6stusstandarditele.<\/p>\n<h3>Turvaelemendid<\/h3>\n<p>H\u00fcdrauliliste silindrite projekteerimisel on ohutus esmat\u00e4htis. Sellised omadused nagu r\u00f5huvabastusventiilid ja turvalukud aitavad v\u00e4ltida \u00fclekoormust ja juhuslikku liikumist. Ohutusn\u00f5uete j\u00e4rgimine tagab operaatorite enesekindla t\u00f6\u00f6, minimeerides \u00f5nnetuste ohtu t\u00f6\u00f6 ajal.<\/p>\n<h3>Hoolduse ligip\u00e4\u00e4setavus<\/h3>\n<p>Hoolduse h\u00f5lbustamine projekteerimisel v\u00f5ib oluliselt pikendada poomi silindri eluiga ja funktsionaalsust. Komponendid tuleks paigutada nii, et neile oleks rutiinsete kontrollide ajal lihtne juurde p\u00e4\u00e4seda, v\u00f5imaldades kiireid ja t\u00f5husaid hooldusprotseduure ilma kogu s\u00fcsteemi lahti v\u00f5tmata.<\/p>\n<p><img decoding=\"async\" src=\"https:\/\/www.hydraulic-cylinders.net\/wp-content\/uploads\/2025\/04\/songte-oil-pipes-and-spare-parts.webp\" alt=\"H\u00fcdraulilised osad\"><\/p>\n<h2>Tihendus ja m\u00e4\u00e4rimine<\/h2>\n<p>H\u00fcdrauliliste silindrite t\u00f5husa t\u00f6\u00f6 tagamiseks on \u00fclioluline korralik tihendamine ja m\u00e4\u00e4rimine. Optimaalse j\u00f5udluse tagamiseks tuleks hoolikalt valida mitmesuguseid tihenduskomponente, sealhulgas kolvitihendeid ja varrastihendeid. Kulumiskindlatest materjalidest, n\u00e4iteks pol\u00fcuretaanist ja nitriilkummist, valmistatud tihendid v\u00f5ivad h\u00f5\u00f5rdumist ja kulumist oluliselt v\u00e4hendada.<\/p>\n<p>Silindri korpus ja keermestatud otsapinnad peavad olema peenelt t\u00f6\u00f6deldud, et suurendada kulumiskindlust, v\u00e4ltida lekkeid ja rikkeid. Regulaarne m\u00e4\u00e4rimine h\u00fcdraulika\u00f5liga on h\u00e4davajalik sujuva t\u00f6\u00f6 s\u00e4ilitamiseks ja h\u00fcdraulikas\u00fcsteemi eluea pikendamiseks. Piisav m\u00e4\u00e4rimine v\u00e4hendab liigse kulumise ohtu, tagades silindri t\u00f5husa t\u00f6\u00f6 aja jooksul.<\/p>\n<h2>Ennetavad hooldusmeetmed<\/h2>\n<ul>\n<li><strong>Regulaarsed kontrollid:<\/strong> Rutiinsete kontrollide tegemine aitab tuvastada v\u00f5imalikke probleeme enne, kui need s\u00fcvenevad. Otsige kulumise, lekete v\u00f5i tihendite ja muude oluliste komponentide kahjustuste m\u00e4rke.<\/li>\n<li><strong>\u00d5igeaegne m\u00e4\u00e4rimine:<\/strong> Veenduge, et h\u00fcdraulika\u00f5li lisatakse regulaarselt, et s\u00e4ilitada korralik m\u00e4\u00e4rimine. See aitab v\u00e4ltida liikuvate osade h\u00f5\u00f5rdumist ja kulumist.<\/li>\n<li><strong>Tihendi vahetamine:<\/strong> J\u00e4lgige tihenduskomponente t\u00e4helepanelikult ja vahetage need vastavalt vajadusele v\u00e4lja, et v\u00e4ltida lekkeid ja s\u00e4ilitada s\u00fcsteemi terviklikkus. Regulaarsed kontrollid aitavad teil probleeme avastada enne, kui need p\u00f5hjustavad olulisi rikkeid.<\/li>\n<\/ul>\n<h2>Toote paigaldamise juhised<\/h2>\n<p>N\u00f5uetekohane paigaldamine on poomi silindri t\u00f5husa t\u00f6\u00f6 tagamiseks \u00fclioluline. Alustage veendumaks, et paigalduskoht on puhas ja prahist vaba. Joondage silinder t\u00e4pselt kinnituspunktidega, et v\u00e4ltida liigset pinget. Kasutage silindri kindla kinnitamiseks sobivaid kinnitusklambreid, tagades selle optimaalse j\u00f5udluse.<\/p>\n<p>Paigaldamise ajal kontrollige h\u00fcdraulikavoolikute ja \u00fchenduste \u00f5iget joondust, et v\u00e4ltida lekkeid. Poltide ja liitmike kinnitamisel j\u00e4rgige tootja spetsifikatsioone p\u00f6\u00f6rdemomentide s\u00e4tete kohta. P\u00e4rast paigaldamist tehke kogu s\u00fcsteemi p\u00f5hjalik kontroll, kontrollides lekkeid ja veendudes enne seadme kasutuselev\u00f5ttu, et see t\u00f6\u00f6tab sujuvalt. N\u00f5uetekohaselt paigaldatud ja hooldatud h\u00fcdraulikasilindrid t\u00f6\u00f6tavad t\u00f5husalt ja neil on pikem eluiga.<\/p>\n<h2>Levinumad hooldust\u00f6\u00f6d<\/h2>\n<h3>Regulaarsed kontrollid<\/h3>\n<p>Regulaarsed kontrollid on poomi silindri kulumise ja rebenemise tuvastamiseks h\u00e4davajalikud. Otsige h\u00fcdraulikavedeliku lekke m\u00e4rke, mis v\u00f5ivad viidata tihendite v\u00f5i \u00fchenduste v\u00f5imalikele probleemidele. Kontrollige silindrit rooste v\u00f5i korrosiooni suhtes, mis v\u00f5ivad kahjustada selle konstruktsiooni terviklikkust. Regulaarsed kontrollid aitavad teil probleeme varakult avastada, ennetades kulukaid remondit\u00f6id ja seisakuid.<\/p>\n<h3>Sobiv m\u00e4\u00e4rimine<\/h3>\n<p>H\u00fcdrauliliste silindrite t\u00f5husa t\u00f6\u00f6 tagamiseks on kriitilise t\u00e4htsusega \u00f5ige m\u00e4\u00e4rimistaseme s\u00e4ilitamine. J\u00e4rgige kindlasti tootja soovitusi h\u00fcdraulika\u00f5li t\u00fc\u00fcbi ja m\u00e4\u00e4rimisintervalli kohta. M\u00e4\u00e4rimissagedust tuleks kohandada vastavalt t\u00f6\u00f6tingimustele ja kasutussagedusele. Piisav m\u00e4\u00e4rimine minimeerib h\u00f5\u00f5rdumist ja kulumist, tagades silindri sujuva t\u00f6\u00f6 koormuse all.<\/p>\n<h3>Tihendi vahetamine ja kalibreerimise kontrollimine<\/h3>\n<p>Tihendid m\u00e4ngivad h\u00fcdraulilise r\u00f5hu s\u00e4ilitamisel ja lekete v\u00e4ltimisel olulist rolli. Kontrollige regulaarselt tihendeid kulumisj\u00e4lgede suhtes ja vahetage need vastavalt vajadusele v\u00e4lja. Lisaks tuleks teha kalibreerimiskontrolle, et veenduda silindri toimimises etten\u00e4htud parameetrite piires. \u00d5ige reguleerimine aitab v\u00e4ltida \u00fclekoormust ja parandada h\u00fcdraulikas\u00fcsteemi \u00fcldist j\u00f5udlust.<\/p>\n<p><img decoding=\"async\" src=\"https:\/\/www.hydraulic-cylinders.net\/wp-content\/uploads\/2025\/04\/songte-chushion-collar.webp\" alt=\"Padjakaelus\"><\/p>\n<h2>Ohutuskaalutlused ja keskkonnategurid<\/h2>\n<p>H\u00fcdrauliliste silindrite kasutamisel on oluline rakendada ohutusmeetmeid nii operaatorite kui ka seadmete kaitsmiseks. Veenduge, et kogu personal on koolitatud h\u00fcdraulikas\u00fcsteemide n\u00f5uetekohaseks kasutamiseks ja on teadlik raskete masinate k\u00e4itamisega seotud v\u00f5imalikest ohtudest. Lisaks veenduge, et \u00f5nnetuste v\u00e4ltimiseks oleksid olemas kaitsepiirded ja avariipeatusmehhanismid.<\/p>\n<h2>Veaotsing ja levinud probleemid<\/h2>\n<ul>\n<li><strong>H\u00fcdraulilise vedeliku lekked:<\/strong> Kontrollige tihendeid ja \u00fchendusi lekete suhtes. Kulunud tihendite vahetamine v\u00f5ib selle probleemi sageli lahendada.<\/li>\n<li><strong>Silindri kehv j\u00f5udlus:<\/strong> Kui silinder ei reageeri ootusp\u00e4raselt, kontrollige, kas h\u00fcdraulikavoolikutes on \u00f5hku v\u00f5i kas h\u00fcdraulikavedeliku tase on ebapiisav.<\/li>\n<li><strong>\u00dclekuumenemine:<\/strong> Liigne kuumus v\u00f5ib viidata \u00fclekoormusele v\u00f5i ebapiisavale m\u00e4\u00e4rimisele. J\u00e4lgige t\u00f6\u00f6tingimusi ja veenduge, et \u00f5litase oleks \u00f5ige.<\/li>\n<\/ul>\n<h2>Vea lahendamise n\u00e4pun\u00e4ited<\/h2>\n<p>T\u00f5hus t\u00f5rkeotsing algab s\u00fcmptomite tuvastamisest. H\u00fcdraulikavedeliku lekete korral kontrollige viivitamatult tihendeid ja \u00fchendusi. J\u00f5udlusprobleemide korral veenduge, et h\u00fcdraulikavedeliku tase on piisav, ja kontrollige s\u00fcsteemis \u00f5hutaskuid. Ennetavate meetmete rakendamine, n\u00e4iteks regulaarne hooldus ja t\u00f6\u00f6tingimuste j\u00e4lgimine, v\u00f5ib oluliselt v\u00e4hendada v\u00f5imalike probleemide tekkimise t\u00f5en\u00e4osust tulevikus.<\/p>\n<p><img decoding=\"async\" src=\"https:\/\/www.hydraulic-cylinders.net\/wp-content\/uploads\/2025\/04\/songte-bushings-with-all-kinds-of-excavator-models.webp\" alt=\"Puksid\"><\/p>\n<h2>Meie ettev\u00f5ttest<\/h2>\n<p>Oleme juhtiv asendush\u00fcdrauliliste silindrite tootja, pakkudes laia tootevalikut, et rahuldada mitmekesiseid turun\u00f5udlusi. Meie p\u00fchendumus tipptasemele kvaliteedis ja innovatsioonis on teinud meist \u00fche juhtiva h\u00fcdrauliliste silindrite tootja ja hulgim\u00fc\u00fcja nii sise- kui ka rahvusvahelistel turgudel. Meie prioriteediks on t\u00e4ppistootmine ja rakendame t\u00e4iustatud tootmisjuhtimise strateegiat, mis kasutab oskuslikku personali, t\u00e4iustatud digitaalseid tootmisseadmeid ja spetsiaalset testimiss\u00fcsteemi.<\/p>\n<p>Meie tootmisv\u00f5imsust t\u00e4iustatakse pidevalt, tagades k\u00f5rgete kvaliteedistandardite s\u00e4ilitamise. Oleme uhked oma efektiivsuse, t\u00e4psuse ja v\u00f5ime \u00fcle rahuldada klientide erinevaid vajadusi. Keskendudes tugevalt kohandamisele, pakume konkreetsetele n\u00f5uetele vastavaid lahendusi, tagades klientide rahulolu igal tasandil.<\/p>\n<p><img decoding=\"async\" src=\"https:\/\/www.hydraulic-cylinders.net\/wp-content\/uploads\/2025\/04\/songte-company-4.webp\" alt=\"Ettev\u00f5tte kuvand\"><br \/>\n<img decoding=\"async\" src=\"https:\/\/www.hydraulic-cylinders.net\/wp-content\/uploads\/2025\/04\/songte-company-3.webp\" alt=\"Ettev\u00f5tte kuvand\"><\/p>\n<p>Autor: lyl<\/p>","protected":false},"excerpt":{"rendered":"<p>Boom Cylinder For Bada WYS50 Product Overview The Boom Cylinder for Bada WYS50 is a specialized hydraulic component designed for controlling the movement of various heavy machinery buckets. This hydraulic cylinder is crucial for the operation of excavators, backhoe loaders, and front loaders, enabling the bucket to lift, lower, and tilt, which facilitates efficient material [&hellip;]<\/p>","protected":false},"featured_media":17874,"comment_status":"open","ping_status":"closed","template":"","meta":{"_et_pb_use_builder":"","_et_pb_old_content":"","_et_gb_content_width":""},"product_brand":[],"product_cat":[1546],"product_tag":[1547,1496],"class_list":{"0":"post-19671","1":"product","2":"type-product","3":"status-publish","4":"has-post-thumbnail","6":"product_cat-boom-cylinders","7":"product_tag-boom-cylinders","8":"product_tag-hydraulic-cylinders","10":"first","11":"instock","12":"shipping-taxable","13":"product-type-simple"},"amp_enabled":true,"_links":{"self":[{"href":"https:\/\/www.hydraulic-cylinders.net\/et\/wp-json\/wp\/v2\/product\/19671","targetHints":{"allow":["GET"]}}],"collection":[{"href":"https:\/\/www.hydraulic-cylinders.net\/et\/wp-json\/wp\/v2\/product"}],"about":[{"href":"https:\/\/www.hydraulic-cylinders.net\/et\/wp-json\/wp\/v2\/types\/product"}],"replies":[{"embeddable":true,"href":"https:\/\/www.hydraulic-cylinders.net\/et\/wp-json\/wp\/v2\/comments?post=19671"}],"wp:featuredmedia":[{"embeddable":true,"href":"https:\/\/www.hydraulic-cylinders.net\/et\/wp-json\/wp\/v2\/media\/17874"}],"wp:attachment":[{"href":"https:\/\/www.hydraulic-cylinders.net\/et\/wp-json\/wp\/v2\/media?parent=19671"}],"wp:term":[{"taxonomy":"product_brand","embeddable":true,"href":"https:\/\/www.hydraulic-cylinders.net\/et\/wp-json\/wp\/v2\/product_brand?post=19671"},{"taxonomy":"product_cat","embeddable":true,"href":"https:\/\/www.hydraulic-cylinders.net\/et\/wp-json\/wp\/v2\/product_cat?post=19671"},{"taxonomy":"product_tag","embeddable":true,"href":"https:\/\/www.hydraulic-cylinders.net\/et\/wp-json\/wp\/v2\/product_tag?post=19671"}],"curies":[{"name":"wp","href":"https:\/\/api.w.org\/{rel}","templated":true}]}}