{"id":19672,"date":"2025-04-07T07:00:59","date_gmt":"2025-04-07T07:00:59","guid":{"rendered":"https:\/\/www.hydraulic-cylinders.net\/product\/boom-cylinder-for-bada-wys40\/"},"modified":"2025-04-07T07:01:02","modified_gmt":"2025-04-07T07:01:02","slug":"boom-cylinder-for-bada-wys40","status":"publish","type":"product","link":"https:\/\/www.hydraulic-cylinders.net\/et\/toode\/boom-cylinder-for-bada-wys40\/","title":{"rendered":"Bada WYS40 poomi silinder"},"content":{"rendered":"<h1>Bada WYS40 poomi silinder<\/h1>\n<h2>Sissejuhatus poomi silindrisse<\/h2>\n<p>Noole silinder on oluline h\u00fcdrauliline komponent, mis on spetsiaalselt loodud mitmesuguste raskete masinate, n\u00e4iteks ekskavaatorite, laadur-ekskavaatori ja esilaaduri koppade liikumise juhtimiseks. See h\u00fcdrauliline silinder v\u00f5imaldab koppa t\u00f5sta, langetada ja kallutada, h\u00f5lbustades t\u00f5husaid materjalik\u00e4itlust\u00f6id. Kopa silinder t\u00f6\u00f6tab k\u00f5rge r\u00f5hu all ja m\u00e4ngib olulist rolli nende masinate h\u00fcdros\u00fcsteemides.<\/p>\n<p><img decoding=\"async\" src=\"https:\/\/www.hydraulic-cylinders.net\/wp-content\/uploads\/2025\/04\/songte-company-1.webp\" alt=\"Poomi silindri pilt\" \/><\/p>\n<h3>Definitsioon ja \u00fclevaade<\/h3>\n<p>Kopa silinder, mida sageli nimetatakse ka noolesilindriks, on konstrueeritud vastu pidama raskete rakenduste rangetele n\u00f5uetele. Selle peamine \u00fclesanne on pakkuda t\u00e4pset kontrolli kopa liikumise \u00fcle, tagades, et operaatorid saavad h\u00f5lpsalt t\u00e4ita selliseid \u00fclesandeid nagu kaevamine, t\u00f5stmine ja materjalide transportimine. Silindri disain on optimeeritud vastupidavuse ja t\u00f5hususe tagamiseks, muutes selle usaldusv\u00e4\u00e4rseks valikuks mitmesuguste t\u00f6\u00f6stuslike rakenduste jaoks.<\/p>\n<h2>Poomi silindri omadused<\/h2>\n<ul>\n<li><strong>Suur tugevus ja vastupidavus:<\/strong> Tavaliselt \u00fclitugevast terasest v\u00f5i alumiiniumist valmistatud silindrid taluvad k\u00f5rget r\u00f5hku ja suuri koormusi, kohandudes samal ajal karmide t\u00f6\u00f6keskkondadega. Need on konstrueeritud kulumiskindlust ja korrosioonikindlust silmas pidades, pikendades nende kasutusiga.<\/li>\n<li><strong>T\u00f5hus h\u00fcdrauliline t\u00f6\u00f6:<\/strong> H\u00fcdraulika\u00f5li r\u00f5hu abil saavutab poomi silinder sujuva pikenemise ja tagasit\u00f5mbumise. See reageerimisv\u00f5ime v\u00f5imaldab v\u00f5imsaid t\u00f5uke- ja t\u00f5mbej\u00f5ude, muutes selle sobivaks raskete materjalide k\u00e4sitsemiseks ja keerukate t\u00f6\u00f6de tegemiseks.<\/li>\n<li><strong>T\u00fc\u00fcpide mitmekesisus:<\/strong> Saadaval on \u00fchetoimelised (h\u00fcdraulilist r\u00f5hku \u00fches suunas) v\u00f5i kahetoimelised (h\u00fcdraulilist r\u00f5hku m\u00f5lemas suunas) silindrid, mis vastavad erinevatele t\u00f6\u00f6vajadustele. M\u00f5ned mudelid on teleskoopilised, v\u00f5imaldades suuremat pikendamist ilma v\u00e4lism\u00f5\u00f5tmeid suurendamata, mis sobib ideaalselt piiratud ruumiga rakenduste jaoks.<\/li>\n<\/ul>\n<h3>Tootmisv\u00f5ime<\/h3>\n<p>Oleme spetsialiseerunud poomisilindrite tootmisele, tagades, et meie tooted asendavad ideaalselt olemasolevaid h\u00fcdrosilindreid. Meie p\u00fchendumus kvaliteedile tagab, et iga silinder vastab rangetele j\u00f5udlusstandarditele.<\/p>\n<p><img decoding=\"async\" src=\"https:\/\/www.hydraulic-cylinders.net\/wp-content\/uploads\/2025\/04\/songte-cylinder-head-with-all-kinds-excavator-models.webp\" alt=\"Ekskavaatori mudelid\" \/><\/p>\n<h2>Poomi silindri rakendused<\/h2>\n<h3>Ehitustehnika<\/h3>\n<p>Ekskavaatorites on noolesilindrid \u00fcliolulised pinnase v\u00f5i prahi kaevamisel, laadimisel ja teisaldamisel. Need v\u00f5imaldavad t\u00e4pseid kaevamis- ja t\u00f5stetoiminguid, tagades, et operaatorid saavad oma t\u00f6\u00f6koormust t\u00f5husalt hallata. Ekskavaator-laadurites aitavad need silindrid nii kaevamisel kui ka t\u00f5stmisel, pakkudes t\u00f6\u00f6platsil mitmek\u00fclgsust.<\/p>\n<h3>P\u00f5llumajandustehnika<\/h3>\n<p>Frontaallaadurid kasutavad mulla, heina ja muude materjalide kopeerimiseks, t\u00f5stmiseks ja transportimiseks noolesilindreid. Nende t\u00f6\u00f6kindlus muudab need asendamatuks p\u00f5llumajanduses, kus t\u00f5hus materjalik\u00e4itlus on tootlikkuse seisukohalt oluline.<\/p>\n<h3>Ekskavaatorid<\/h3>\n<p>Ekskavaatorites v\u00f5imaldab noole silinder kopal t\u00f5husalt pinnasesse tungida, v\u00f5imaldades t\u00f5husat kaevamist. Silindri pakutav h\u00fcdrauliline juhtimine tagab sujuva ja t\u00e4pse liikumise, mis on ehitus- ja haljastusprojektide puhul \u00fclioluline.<\/p>\n<h3>Laadurid<\/h3>\n<p>Esilaaduritel aitavad noolesilindrid koormaid t\u00f5husalt t\u00f5sta ja t\u00fchjendada. Nende konstruktsioon v\u00f5imaldab m\u00e4rkimisv\u00e4\u00e4rset t\u00f5stev\u00f5imet, mist\u00f5ttu sobivad need ideaalselt raskete materjalide k\u00e4sitsemiseks erinevates rakendustes.<\/p>\n<h2>Projekteerimiskaalutlused ja valikukriteeriumid<\/h2>\n<h3>Kandev\u00f5ime<\/h3>\n<p>Noole silindri valimisel on oluline arvestada selle kandev\u00f5imega. See kandev\u00f5ime m\u00e4\u00e4rab maksimaalse raskuse, mida silinder suudab taluda ilma j\u00f5udlust v\u00f5i ohutust kahjustamata. Silindri vastavuse tagamiseks konkreetsete rakenduste n\u00f5uetele on vaja t\u00e4pseid arvutusi ja hinnanguid.<\/p>\n<h3>Tihendus ja vastupidavus<\/h3>\n<p>T\u00f5hus tihendus on h\u00fcdrauliliste silindrite pikaealisuse jaoks kriitilise t\u00e4htsusega. Kvaliteetsed tihendid hoiavad \u00e4ra vedeliku lekke, tagades h\u00fcdraulikas\u00fcsteemi t\u00f5husa t\u00f6\u00f6. Tihendite materjalide valik, n\u00e4iteks pol\u00fcuretaan ja nitriilkummi, suurendab kulumiskindlust ja vastupidavust, aidates kaasa silindri \u00fcldisele j\u00f5udlusele.<\/p>\n<h3>Ohutuskaalutlused<\/h3>\n<p>Poomisilindrite projekteerimisel on ohutus esmat\u00e4htis. Sellised omadused nagu r\u00f5huvabastusventiilid ja rikkeohutuss\u00fcsteemid aitavad leevendada \u00f5nnetuste ja seadmete rikete ohtu. Regulaarne hooldus ja \u00fclevaatused on olulised, et tagada ohutusmehhanismide korrektne toimimine, kaitstes nii operaatoreid kui ka seadmeid.<\/p>\n<p><img decoding=\"async\" src=\"https:\/\/www.hydraulic-cylinders.net\/wp-content\/uploads\/2025\/04\/songte-oil-pipes-and-spare-parts.webp\" alt=\"\u00d5litorud ja varuosad\" \/><\/p>\n<h2>H\u00fcdraulilise silindri tihendamine ja m\u00e4\u00e4rimine<\/h2>\n<p>H\u00fcdraulilised silindrid kasutavad optimaalse j\u00f5udluse s\u00e4ilitamiseks mitmesuguseid tihenduskomponente, n\u00e4iteks kolvi- ja varrastihendeid. Vastupidavatest materjalidest, n\u00e4iteks pol\u00fcuretaanist v\u00f5i nitriilkummist, valmistatud tihendite valik on pikaajalise kulumiskaitse tagamiseks \u00fclioluline. Lisaks l\u00e4bivad silindri korpus ja keermestatud otsad t\u00e4pse pinnat\u00f6\u00f6tluse, et suurendada kulumiskindlust.<\/p>\n<p>Silindri sujuva t\u00f6\u00f6 tagamiseks on oluline regulaarne h\u00fcdraulika\u00f5liga m\u00e4\u00e4rimine. N\u00f5uetekohane m\u00e4\u00e4rimine v\u00e4hendab liikuvate osade vahelist h\u00f5\u00f5rdumist, tagades t\u00f5husa h\u00fcdraulilise t\u00f6\u00f6 ja pikendades silindri eluiga. Operaatorid peaksid j\u00e4rgima hooldusgraafikuid, et tagada piisav m\u00e4\u00e4rimistase ja v\u00e4ltida enneaegset kulumist.<\/p>\n<h2>Regulaarne kontroll ja ennetavad hooldusmeetmed<\/h2>\n<ul>\n<li><strong>Rutiinsed kontrollid:<\/strong> Regulaarsed kontrollid aitavad tuvastada v\u00f5imalikke probleeme enne nende s\u00fcvenemist. Operaatorid peaksid ballooni kontrollima kulumise, lekete v\u00f5i kahjustuste suhtes, tagades, et k\u00f5ik vajalikud remondit\u00f6\u00f6d saaks kiiresti teha.<\/li>\n<li><strong>\u00d5ige m\u00e4\u00e4rimine:<\/strong> H\u00fcdrosilindri piisav m\u00e4\u00e4rimine on selle pikaealisuse tagamiseks \u00fclioluline. Operaatorid peaksid j\u00e4rgima hooldusjuhiseid m\u00e4\u00e4rimisintervallide ja -koguste osas, et v\u00e4ltida sisemiste komponentide liigset kulumist.<\/li>\n<li><strong>Tihendi vahetamine:<\/strong> H\u00fcdrosilindrite tihendid on kuluvad komponendid, mis vajavad perioodilist vahetamist. Tihendi lagunemise m\u00e4rkide varajane tuvastamine aitab v\u00e4ltida \u00f5lilekkeid ja s\u00e4ilitada silindri efektiivsust.<\/li>\n<\/ul>\n<h2>Poomi silindri paigaldusjuhised<\/h2>\n<p>Poomi silindri \u00f5ige paigaldamine on selle toimivuse seisukohalt kriitilise t\u00e4htsusega. Siin on m\u00f5ned olulised sammud, mida j\u00e4rgida:<\/p>\n<ol>\n<li><strong>Joondus:<\/strong> Veenduge, et silinder oleks masina kinnituspunktidega \u00f5igesti joondatud. Vale joondamine v\u00f5ib p\u00f5hjustada silindri enneaegset kulumist ja v\u00f5imalikku kahjustumist.<\/li>\n<li><strong>Kasutage sobivaid kinnitusklambreid:<\/strong> Kasutage silindri kinnitamiseks sobivaid kinnitusklambreid. See hoiab \u00e4ra liikumise t\u00f6\u00f6tamise ajal, mis v\u00f5ib p\u00f5hjustada rikke.<\/li>\n<li><strong>J\u00e4rgige tootja juhiseid:<\/strong> J\u00e4rgige konkreetsete mudelite tootja paigaldusjuhiseid. See h\u00f5lmab pingutusmomentide spetsifikatsioone ja h\u00fcdraulikaliinide \u00fchendusi.<\/li>\n<li><strong>Lekete kontrollimine:<\/strong> P\u00e4rast paigaldamist k\u00e4ivitage h\u00fcdraulikas\u00fcsteem ja kontrollige lekete olemasolu. H\u00fcdraulikavedeliku lekke v\u00e4ltimiseks k\u00f5rvaldage k\u00f5ik probleemid kohe.<\/li>\n<\/ol>\n<h2>Levinumad hooldust\u00f6\u00f6d<\/h2>\n<ul>\n<li><strong>Regulaarsed kontrollid:<\/strong> Tehke sagedasi kontrolle, et veenduda k\u00f5igi komponentide korrektses toimimises. Otsige kulumise, kahjustuste v\u00f5i lekete m\u00e4rke ja k\u00f5rvaldage need viivitamatult.<\/li>\n<li><strong>\u00d5ige m\u00e4\u00e4rimine:<\/strong> Kasutage \u00f5iget t\u00fc\u00fcpi h\u00fcdraulika\u00f5li ja m\u00e4\u00e4rige liikuvaid osi regulaarselt, et parandada j\u00f5udlust ja v\u00e4ltida kulumist.<\/li>\n<li><strong>Tihendi vahetamine:<\/strong> Vajadusel vahetage tihendeid vastavalt kulumisele. Tihendite regulaarne hooldus aitab s\u00e4ilitada s\u00fcsteemi terviklikkust ja t\u00f5husust.<\/li>\n<\/ul>\n<p>H\u00fcdraulilise silindri pikaealisuse tagamiseks on \u00fclioluline \u00f5ige paigaldus, m\u00e4\u00e4rimine ja reguleerimine. T\u00e4pse joonduse tagamine paigaldamise ajal aitab minimeerida silindri ja \u00fchendatud komponentide kulumist.<\/p>\n<p><img decoding=\"async\" src=\"https:\/\/www.hydraulic-cylinders.net\/wp-content\/uploads\/2025\/04\/songte-chushion-collar.webp\" alt=\"Padjakaelus\" \/><\/p>\n<h2>Ohutuskaalutlused ja keskkonnategurid<\/h2>\n<p>H\u00fcdrauliliste silindritega t\u00f6\u00f6tamisel on \u00f5nnetuste v\u00e4ltimiseks \u00fclioluline rakendada ohutusmeetmeid. Operaatorid peaksid kandma sobivaid isikukaitsevahendeid (IKV) ja j\u00e4rgima ohutusprotokolle, et tagada ohutu t\u00f6\u00f6keskkond. Regulaarsed koolitus- ja teadlikkuse t\u00f5stmise programmid aitavad leevendada h\u00fcdrauliliste s\u00fcsteemidega seotud riske.<\/p>\n<h2>Rikete diagnoosimine ja levinud probleemid<\/h2>\n<ul>\n<li><strong>Leke:<\/strong> \u00dcks levinumaid probleeme h\u00fcdrosilindritega on leke. See v\u00f5ib tuleneda kulunud tihenditest v\u00f5i kahjustatud \u00fchendustest. Lekete k\u00f5rvaldamiseks on oluline regulaarne kontroll ja \u00f5igeaegne remont.<\/li>\n<li><strong>Aeglane reageering:<\/strong> Kui h\u00fcdraulikas\u00fcsteemi reageerimisaeg on aeglane, v\u00f5ib see viidata madalale h\u00fcdraulikavedeliku tasemele v\u00f5i s\u00fcsteemis olevale \u00f5hule. Vedelikutaseme parandamine ja s\u00fcsteemi \u00f5hutamine aitab selle probleemi sageli lahendada.<\/li>\n<li><strong>Liigne m\u00fcra:<\/strong> Ebatavalised m\u00fcrad t\u00f6\u00f6tamise ajal v\u00f5ivad viidata sisemisele kulumisele v\u00f5i m\u00e4\u00e4rimisvajadusele. Edasiste kahjustuste v\u00e4ltimiseks on \u00fclioluline uurida m\u00fcra allikat ja v\u00f5tta parandusmeetmeid.<\/li>\n<\/ul>\n<h2>Veaotsingu n\u00e4pun\u00e4ited<\/h2>\n<p>Poomi silindri probleemide t\u00f5husaks diagnoosimiseks ja lahendamiseks j\u00e4rgige neid t\u00f5rkeotsingu n\u00e4pun\u00e4iteid:<\/p>\n<ul>\n<li>J\u00e4lgige lekete v\u00f5i vedelikukao m\u00e4rke ja tegelege nendega kohe, et v\u00e4ltida edasisi kahjustusi.<\/li>\n<li>Kontrollige regulaarselt h\u00fcdraulikavedeliku taset ja kvaliteeti ning lisage v\u00f5i vahetage vedelikke vastavalt vajadusele, et s\u00e4ilitada optimaalne j\u00f5udlus.<\/li>\n<li>Rakendage ennetavaid hooldusmeetmeid, n\u00e4iteks perioodilisi kontrolle ja m\u00e4\u00e4rimisi, et pikendada h\u00fcdraulikas\u00fcsteemi eluiga.<\/li>\n<\/ul>\n<p><img decoding=\"async\" src=\"https:\/\/www.hydraulic-cylinders.net\/wp-content\/uploads\/2025\/04\/songte-bushings-with-all-kinds-of-excavator-models.webp\" alt=\"Ekskavaatorimudelite puksid\" \/><\/p>\n<h2>Ettev\u00f5tte \u00fclevaade<\/h2>\n<p>Oleme juhtiv h\u00fcdrauliliste silindrite tootja, pakkudes laia tootevalikut nii sise- kui ka rahvusvahelisele turule. Meie p\u00fchendumus tipptasemele on teinud meist silmapaistva tegija h\u00fcdrauliliste silindrite tootmise ja hulgim\u00fc\u00fcgi valdkonnas. J\u00e4rgime rangeid kvaliteedistandardeid ja kasutame t\u00e4iustatud tootmisstrateegiaid, sealhulgas t\u00e4ppist\u00f6\u00f6kodasid ja kaasaegseid digitaalseid seadmeid, et suurendada oma tootmisv\u00f5imalusi.<\/p>\n<p>Meie professionaalne meeskond koos tugeva testimiss\u00fcsteemiga tagab, et meie tooted vastavad k\u00f5rgeimatele kvaliteedin\u00f5uetele. Oleme uhked oma v\u00f5ime \u00fcle rahuldada klientide mitmekesiseid vajadusi kohandatud teenuste ja lahenduste kaudu.<\/p>\n<p><img decoding=\"async\" src=\"https:\/\/www.hydraulic-cylinders.net\/wp-content\/uploads\/2025\/04\/songte-company-4.webp\" alt=\"Ettev\u00f5tte \u00fclevaade\" \/><br \/>\n<img decoding=\"async\" src=\"https:\/\/www.hydraulic-cylinders.net\/wp-content\/uploads\/2025\/04\/songte-company-3.webp\" alt=\"Ettev\u00f5tte rajatis\" \/><\/p>\n<p>Autor: lyl<\/p>","protected":false},"excerpt":{"rendered":"<p>Boom Cylinder For Bada WYS40 Introduction to the Boom Cylinder The Boom Cylinder is a vital hydraulic component designed specifically for controlling the movement of buckets in various heavy machinery, such as excavators, backhoe loaders, and front loaders. This hydraulic cylinder enables the bucket to lift, lower, and tilt, facilitating efficient material handling tasks. The [&hellip;]<\/p>","protected":false},"featured_media":17875,"comment_status":"open","ping_status":"closed","template":"","meta":{"_et_pb_use_builder":"","_et_pb_old_content":"","_et_gb_content_width":""},"product_brand":[],"product_cat":[1546],"product_tag":[1547,1496],"class_list":{"0":"post-19672","1":"product","2":"type-product","3":"status-publish","4":"has-post-thumbnail","6":"product_cat-boom-cylinders","7":"product_tag-boom-cylinders","8":"product_tag-hydraulic-cylinders","10":"first","11":"instock","12":"shipping-taxable","13":"product-type-simple"},"amp_enabled":true,"_links":{"self":[{"href":"https:\/\/www.hydraulic-cylinders.net\/et\/wp-json\/wp\/v2\/product\/19672","targetHints":{"allow":["GET"]}}],"collection":[{"href":"https:\/\/www.hydraulic-cylinders.net\/et\/wp-json\/wp\/v2\/product"}],"about":[{"href":"https:\/\/www.hydraulic-cylinders.net\/et\/wp-json\/wp\/v2\/types\/product"}],"replies":[{"embeddable":true,"href":"https:\/\/www.hydraulic-cylinders.net\/et\/wp-json\/wp\/v2\/comments?post=19672"}],"wp:featuredmedia":[{"embeddable":true,"href":"https:\/\/www.hydraulic-cylinders.net\/et\/wp-json\/wp\/v2\/media\/17875"}],"wp:attachment":[{"href":"https:\/\/www.hydraulic-cylinders.net\/et\/wp-json\/wp\/v2\/media?parent=19672"}],"wp:term":[{"taxonomy":"product_brand","embeddable":true,"href":"https:\/\/www.hydraulic-cylinders.net\/et\/wp-json\/wp\/v2\/product_brand?post=19672"},{"taxonomy":"product_cat","embeddable":true,"href":"https:\/\/www.hydraulic-cylinders.net\/et\/wp-json\/wp\/v2\/product_cat?post=19672"},{"taxonomy":"product_tag","embeddable":true,"href":"https:\/\/www.hydraulic-cylinders.net\/et\/wp-json\/wp\/v2\/product_tag?post=19672"}],"curies":[{"name":"wp","href":"https:\/\/api.w.org\/{rel}","templated":true}]}}