{"id":19674,"date":"2025-04-07T07:01:06","date_gmt":"2025-04-07T07:01:06","guid":{"rendered":"https:\/\/www.hydraulic-cylinders.net\/product\/boom-cylinder-for-baoding-wy150\/"},"modified":"2025-04-07T07:01:09","modified_gmt":"2025-04-07T07:01:09","slug":"boom-cylinder-for-baoding-wy150","status":"publish","type":"product","link":"https:\/\/www.hydraulic-cylinders.net\/et\/toode\/boom-cylinder-for-baoding-wy150\/","title":{"rendered":"Poomi silinder Baodingi WY150 jaoks"},"content":{"rendered":"<h1>Poomi silinder Baodingi WY150 jaoks<\/h1>\n<h2>Poomi silindri m\u00f5istmine<\/h2>\n<p>Noole silinder on spetsiaalne h\u00fcdrauliline silinder, mida kasutatakse erinevates rasketehnika masinates, n\u00e4iteks ekskavaatorites, laadur-ekskavaatorites ja esilaadurites. Selle peamine \u00fclesanne on juhtida kopa liikumist, v\u00f5imaldades sellel t\u00f5husalt t\u00f5sta, langetada ja kallutada. See v\u00f5ime on materjali k\u00e4itlemise \u00fclesannete puhul \u00fclioluline, muutes noole silindri nende masinate h\u00fcdraulikas\u00fcsteemide oluliseks komponendiks.<\/p>\n<p><img decoding=\"async\" src=\"https:\/\/www.hydraulic-cylinders.net\/wp-content\/uploads\/2025\/04\/songte-company-1.webp\" alt=\"Poomi silinder\" \/><\/p>\n<h2>Poomi silindri p\u00f5hijooned<\/h2>\n<ul>\n<li>\n<h3>Suur tugevus ja vastupidavus<\/h3>\n<p> Tavaliselt \u00fclitugevast terasest v\u00f5i alumiiniumist valmistatud noolesilindrid taluvad k\u00f5rget r\u00f5hku ja suuri koormusi, kohandudes samal ajal karmide t\u00f6\u00f6tingimustega. Nende disain r\u00f5hutab kulumiskindlust ja korrosioonikaitset, pikendades nende eluiga.<\/li>\n<li>\n<h3>T\u00f5hus h\u00fcdrauliline t\u00f6\u00f6<\/h3>\n<p> Need silindrid kasutavad sujuvaks pikendamiseks ja tagasit\u00f5mbamiseks h\u00fcdraulilist \u00f5lir\u00f5hku. Need reageerivad kiiresti t\u00f6\u00f6k\u00e4sklustele ja pakuvad m\u00e4rkimisv\u00e4\u00e4rset t\u00f5uke- ja t\u00f5mbej\u00f5udu, mist\u00f5ttu sobivad need raskete esemete ja keerukate \u00fclesannete k\u00e4sitsemiseks.<\/li>\n<li>\n<h3>Saadaval on mitmesuguseid t\u00fc\u00fcpe<\/h3>\n<p> Poomi silindreid saab valida \u00fchetoimeliste (h\u00fcdraulilise r\u00f5hu kasutamine \u00fches suunas) v\u00f5i kahetoimeliste (h\u00fcdraulilise r\u00f5hu kasutamine m\u00f5lemas suunas) mudelitena, et rahuldada erinevaid t\u00f6\u00f6vajadusi. Teatud mudelid on teleskoopilised, mis v\u00f5imaldab suuremat pikendamist ilma v\u00e4lism\u00f5\u00f5tmeid suurendamata, mis sobib ideaalselt piiratud ruumiga rakenduste jaoks.<\/li>\n<li>\n<h3>Kohandatud tootmine<\/h3>\n<p> Meie tooted asendavad neid h\u00fcdrosilindreid ideaalselt, tagades \u00fchilduvuse ja j\u00f5udluse.<\/li>\n<li>\n<h3>Mitmek\u00fclgsed rakendused<\/h3>\n<p> Poomi silindrit kasutatakse erinevates masinates ja t\u00f6\u00f6stusharudes, mis r\u00f5hutab selle kohanemisv\u00f5imet ja olulist rolli ehituses ja p\u00f5llumajanduses.<\/h3>\n<\/li>\n<\/ul>\n<p><img decoding=\"async\" src=\"https:\/\/www.hydraulic-cylinders.net\/wp-content\/uploads\/2025\/04\/songte-cylinder-head-with-all-kinds-excavator-models.webp\" alt=\"Ekskavaatori mudelid\" \/><\/p>\n<h2>Poomisilindrite rakendusstsenaariumid<\/h2>\n<ul>\n<li>\n<h3>Ehitustehnika<\/h3>\n<p> Ekskavaatorites on noolesilindrid \u00fcliolulised kaevamiseks, laadimiseks ja pinnase v\u00f5i prahi teisaldamiseks. Need aitavad parandada ehitust\u00f6\u00f6de efektiivsust ja tootlikkust, v\u00f5imaldades operaatoritel t\u00f6\u00f6tada t\u00e4pselt ja kontrollitult.<\/h3>\n<\/li>\n<li>\n<h3>P\u00f5llumajandustehnika<\/h3>\n<p> Esilaaduritel on noolesilindrid h\u00e4davajalikud mulla, heina ja muude materjalide kopeerimiseks, t\u00f5stmiseks ja transportimiseks. Nende vastupidav konstruktsioon v\u00f5imaldab neil k\u00e4sitseda raskeid koormaid, muutes need p\u00f5llumajandust\u00f6\u00f6des asendamatuks.<\/h3>\n<\/li>\n<li>\n<h3>Ekskavaatorid<\/h3>\n<p> Poomi silinder v\u00f5imaldab kopal t\u00f5husalt pinnasesse tungida, v\u00f5imaldades t\u00f5husat kaevamist. See funktsioon suurendab oluliselt ekskavaatorite tootlikkust erinevatel maastikel.<\/h3>\n<\/li>\n<li>\n<h3>Laadurid<\/h3>\n<p> Esilaadurites aitavad noolesilindrid koormaid t\u00f5husalt t\u00f5sta ja t\u00fchjendada. Nende tugevus tagab usaldusv\u00e4\u00e4rse j\u00f5udluse raskete materjalide k\u00e4sitsemisel, parandades t\u00f6\u00f6v\u00f5imet.<\/h3>\n<\/li>\n<\/ul>\n<h2>Projekteerimiskaalutlused ja valikukriteeriumid<\/h2>\n<ul>\n<li>\n<h3>Kandev\u00f5ime<\/h3>\n<p> Noole silindri kandev\u00f5ime on \u00fclioluline, kuna see m\u00f5jutab otseselt \u00fclesannete t\u00fc\u00fcpi, mida masin suudab t\u00e4ita. Suure kandev\u00f5imega silindrid on olulised rasketes rakendustes, tagades t\u00f6\u00f6 ohutuse ja t\u00f5hususe. Kavandatud kasutuse ja keskkonna p\u00f5hjal tuleb teha n\u00f5uetekohased arvutused ja kaalutlused.<\/h3>\n<\/li>\n<li>\n<h3>Tihendi terviklikkus<\/h3>\n<p> Tugevad tihenduss\u00fcsteemid on olulised h\u00fcdraulilise vedeliku lekete v\u00e4ltimiseks, mis v\u00f5ivad kahjustada efektiivsust ja ohutust. Kvaliteetsete tihendite kasutamine, mis on loodud vastu pidama \u00e4\u00e4rmuslikele tingimustele, tagab pikaealisuse ja t\u00f6\u00f6kindluse. Tihendite regulaarne kontroll ja hooldus aitavad oluliselt kaasa h\u00fcdraulikas\u00fcsteemide \u00fcldisele j\u00f5udlusele.<\/h3>\n<\/li>\n<li>\n<h3>Vastupidavus<\/h3>\n<p> Poomi silindrite konstruktsioonis kasutatavad materjalid peavad vastu pidama karmidele tingimustele. Kvaliteetne teras v\u00f5i spetsiaalsed sulamid suurendavad vastupidavust, v\u00f5imaldades silindril koormuse all \u00fchtlaselt toimida. See aspekt on \u00fclioluline t\u00f6\u00f6aja s\u00e4ilitamiseks ja remondikulude minimeerimiseks.<\/h3>\n<\/li>\n<li>\n<h3>Turvaelemendid<\/h3>\n<p> Ohutusmehhanismid, n\u00e4iteks \u00fclekoormuskaitse ja rikkekindlad konstruktsioonid, on h\u00fcdrauliliste silindrite puhul kriitilise t\u00e4htsusega \u00f5nnetuste ja seadmete kahjustuste v\u00e4ltimiseks. Sisseehitatud ohutusfunktsioonidega silindrite valimine tagab operaatorite ja masinate kaitse.<\/h3>\n<\/li>\n<li>\n<h3>Hoolduse ligip\u00e4\u00e4setavus<\/h3>\n<p> Konstruktsioon peaks h\u00f5lbustama h\u00f5lpsat hooldust ja remonti. Komponendid, millele on kontrollimiseks, m\u00e4\u00e4rimiseks ja vahetamiseks lihtne juurde p\u00e4\u00e4seda, aitavad kaasa h\u00fcdraulikas\u00fcsteemi pikaealisusele ja v\u00e4hendavad seisakuid.<\/h3>\n<\/li>\n<\/ul>\n<p><img decoding=\"async\" src=\"https:\/\/www.hydraulic-cylinders.net\/wp-content\/uploads\/2025\/04\/songte-oil-pipes-and-spare-parts.webp\" alt=\"\u00d5litorud ja varuosad\" \/><\/p>\n<h2>Poomi silindrite tihendamine ja m\u00e4\u00e4rimine<\/h2>\n<p>Poomi silindri efektiivne toimimine s\u00f5ltub suuresti selle tihendus- ja m\u00e4\u00e4rimiss\u00fcsteemidest. H\u00fcdraulilise r\u00f5hu s\u00e4ilitamiseks ja vedeliku lekke v\u00e4ltimiseks kasutatakse mitmesuguseid tihendeid, n\u00e4iteks kolvitihendeid ja vardatihendeid. Vastupidavuse suurendamiseks kasutatakse tavaliselt kulumiskindlatest materjalidest, n\u00e4iteks pol\u00fcuretaanist ja nitriilkummist, valmistatud tihendeid.<\/p>\n<p>Lisaks sellele t\u00f6\u00f6deldakse silindri korpust ja keermestatud otspinda kulumiskindluse suurendamiseks peenelt. Regulaarne m\u00e4\u00e4rimine sobiva h\u00fcdraulika\u00f5liga on sujuva t\u00f6\u00f6 s\u00e4ilitamiseks \u00fclioluline, kuna see v\u00e4hendab h\u00f5\u00f5rdumist ja kulumist liikuvate komponentide vahel. H\u00e4sti m\u00e4\u00e4ritud h\u00fcdraulikas\u00fcsteem tagab poomi silindri optimaalse j\u00f5udluse ja pikaealisuse.<\/p>\n<h2>Ennetavad hooldusmeetmed<\/h2>\n<ul>\n<li>\n<h3>Regulaarsed kontrollid<\/h3>\n<p> Poomi silindri ja h\u00fcdros\u00fcsteemi sagedane kontrollimine on potentsiaalsete probleemide varajaseks tuvastamiseks \u00fclioluline. Operaatorid peaksid otsima kulumise, lekete v\u00f5i kahjustuste m\u00e4rke, mis v\u00f5ivad viia kulukate remondit\u00f6\u00f6deni, kui nendega kiiresti ei tegeleta.<\/h3>\n<\/li>\n<li>\n<h3>\u00d5ige m\u00e4\u00e4rimine<\/h3>\n<p> H\u00fcdrauliliste komponentide kulumise v\u00e4ltimiseks on oluline piisav m\u00e4\u00e4rimine. Operaatorid peaksid sujuva t\u00f6\u00f6 tagamiseks j\u00e4rgima tootja soovitusi m\u00e4\u00e4rimisintervallide ja \u00f5lit\u00fc\u00fcpide kohta.<\/h3>\n<\/li>\n<li>\n<h3>Tihendi vahetamine<\/h3>\n<p> Tihendeid tuleks regulaarselt kontrollida ja vajadusel v\u00e4lja vahetada. Kulunud v\u00f5i kahjustatud tihendid v\u00f5ivad p\u00f5hjustada lekkeid ja v\u00e4hendada efektiivsust, m\u00f5jutades h\u00fcdros\u00fcsteemi \u00fcldist j\u00f5udlust. Tihendite \u00f5igeaegne vahetamine aitab kaasa poomi silindri pikaealisusele.<\/h3>\n<\/li>\n<\/ul>\n<h2>\u00d5iged paigaldusjuhised<\/h2>\n<p>Poomi silindri \u00f5ige paigaldamine on selle j\u00f5udluse ja pikaealisuse tagamiseks \u00fclioluline. Alustage veendumisest, et k\u00f5ik komponendid on puhtad ja prahist vabad. Joondage silinder t\u00e4pselt kinnituspunktidega, et v\u00e4ltida silindrile t\u00f6\u00f6tamise ajal liigset pinget.<\/p>\n<p>Kasutage silindri kindlalt paigale kinnitamiseks sobivaid kinnitusklambreid, et v\u00e4ltida liikumist, mis v\u00f5ib p\u00f5hjustada rikke. J\u00e4rgige tootja spetsifikatsioone p\u00f6\u00f6rdemomendi s\u00e4tete ja \u00fchendusmeetodite kohta. P\u00e4rast paigaldamist tehke funktsionaalne test, et tagada n\u00f5uetekohane t\u00f6\u00f6, ja vajadusel reguleerige.<\/p>\n<h2>Levinumad hooldust\u00f6\u00f6d<\/h2>\n<ul>\n<li>\n<h3>Regulaarsed kontrollid<\/h3>\n<p> Regulaarsed kontrollid aitavad avastada potentsiaalseid probleeme enne, kui need muutuvad oluliseks. Oluline on j\u00e4lgida poomi silindri ja h\u00fcdros\u00fcsteemi \u00fcldist seisukorda, otsides kulumise v\u00f5i kahjustuste m\u00e4rke.<\/h3>\n<\/li>\n<li>\n<h3>\u00d5ige m\u00e4\u00e4rimine<\/h3>\n<p> H\u00fcdrauliliste silindrite sujuva t\u00f6\u00f6 tagamiseks on oluline piisav m\u00e4\u00e4rimine. Soovitatava m\u00e4\u00e4rimisgraafiku j\u00e4rgimine ja sobiva h\u00fcdraulika\u00f5li kasutamine tagab liikuvate osade korrektse toimimise.<\/h3>\n<\/li>\n<li>\n<h3>Tihendi vahetamine ja kalibreerimise kontrollimine<\/h3>\n<p> Rutiinsed kontrollid ja tihendite vahetamine hoiavad \u00e4ra lekked ja s\u00e4ilitavad h\u00fcdraulilise r\u00f5hu. Kalibreerimiskontrollid tagavad k\u00f5igi komponentide harmoonilise toimimise, aidates kaasa h\u00fcdraulikas\u00fcsteemi \u00fcldisele efektiivsusele.<\/h3>\n<\/li>\n<\/ul>\n<p><img decoding=\"async\" src=\"https:\/\/www.hydraulic-cylinders.net\/wp-content\/uploads\/2025\/04\/songte-chushion-collar.webp\" alt=\"Padjakaelus\" \/><\/p>\n<h2>Ohutuskaalutlused ja keskkonnategurid<\/h2>\n<p>Poomisilindrite kasutamisel on ohutusmeetmed \u00fcliolulised, et tagada operaatorite ja \u00fcmbruse ohutus. Regulaarne koolitus t\u00f6\u00f6ohutuse, h\u00fcdraulikavedelike n\u00f5uetekohase k\u00e4sitsemise ja masinate piiride m\u00f5istmise kohta on \u00fclioluline. Riskide minimeerimiseks tuleks t\u00f6\u00f6 ja hooldust\u00f6\u00f6de ajal kanda piisavaid isikukaitsevahendeid.<\/p>\n<h2>Rikete diagnoosimine ja levinud probleemid<\/h2>\n<ul>\n<li>\n<h3>H\u00fcdraulilise vedeliku lekked<\/h3>\n<p> \u00dcks levinumaid probleeme on h\u00fcdraulikavedeliku lekked, mis v\u00f5ivad tekkida kahjustatud tihenditest v\u00f5i \u00fchendustest. Regulaarsed kontrollid aitavad lekkeid varakult tuvastada, mis v\u00f5imaldab kiiret remonti. Operaatorid peaksid vedeliku taset hoolikalt j\u00e4lgima ja lekke tunnustega kohe tegelema.<\/h3>\n<\/li>\n<li>\n<h3>Aeglane v\u00f5i reageerimatu liikumine<\/h3>\n<p> Kui poomi silinder reageerib aeglaselt v\u00f5i liigub t\u00f5mblevalt, v\u00f5ib see viidata madalale h\u00fcdraulikavedeliku tasemele v\u00f5i s\u00fcsteemis olevale \u00f5hule. S\u00fcsteemi \u00f5hutamine ja piisava vedelikutaseme tagamine on selle probleemi t\u00f5rkeotsingu olulised sammud.<\/h3>\n<\/li>\n<li>\n<h3>Ebatavalised m\u00fcrad<\/h3>\n<p> Ebatavalised helid t\u00f6\u00f6tamise ajal v\u00f5ivad viidata mehaanilistele probleemidele v\u00f5i ebapiisavale m\u00e4\u00e4rimisele. Operaatorid peaksid uurima m\u00fcra allikat ja v\u00f5tma parandusmeetmeid edasiste kahjustuste v\u00e4ltimiseks.<\/h3>\n<\/li>\n<\/ul>\n<p>Praktiliste n\u00e4pun\u00e4idete ja lahenduste pakkumine aitab lugejatel neid levinud probleeme t\u00f5husalt diagnoosida ja lahendada. Regulaarse hooldusgraafiku koostamine v\u00e4hendab oluliselt v\u00f5imalikke probleeme, tagades sujuvama t\u00f6\u00f6 ja poomi silindri pikema eluea.<\/p>\n<p><img decoding=\"async\" src=\"https:\/\/www.hydraulic-cylinders.net\/wp-content\/uploads\/2025\/04\/songte-bushings-with-all-kinds-of-excavator-models.webp\" alt=\"Puksid ekskavaatorimudelitega\" \/><\/p>\n<h2>Meie ettev\u00f5ttest<\/h2>\n<p>Oleme juhtiv asendush\u00fcdrauliliste silindrite tootja, pakkudes laia tootevalikut nii sise- kui ka rahvusvahelisele turule. Meie p\u00fchendumus kvaliteedi tipptasemele ja hoolikad tootmisstrateegiad teevad meist \u00fche juhtiva h\u00fcdrauliliste silindrite tootja ja hulgim\u00fc\u00fcja.<\/p>\n<p>Keskendudes tehnilisele oskusteabele, tipptasemel digitaalsetele tootmisseadmetele ja spetsialiseeritud testimiss\u00fcsteemidele, t\u00e4iustame pidevalt oma tootmisv\u00f5imalusi. Meie p\u00fchendumus k\u00f5rgele t\u00f5hususele, t\u00e4psusele ja kvaliteedile tagab, et rahuldame klientide mitmekesiseid vajadusi.<\/p>\n<p>Lisaks pakub meie ettev\u00f5te kohandatud teenuseid, rahvusvahelisi sertifikaate ja tugevat m\u00fc\u00fcgij\u00e4rgset tuge, kindlustades meie mainet selles valdkonnas.<\/p>\n<p><img decoding=\"async\" src=\"https:\/\/www.hydraulic-cylinders.net\/wp-content\/uploads\/2025\/04\/songte-company-4.webp\" alt=\"Ettev\u00f5tte \u00fclevaade\" \/><\/p>\n<p><img decoding=\"async\" src=\"https:\/\/www.hydraulic-cylinders.net\/wp-content\/uploads\/2025\/04\/songte-company-3.webp\" alt=\"Ettev\u00f5tte infrastruktuur\" \/><\/p>\n<p>Autor: lyl<\/p>","protected":false},"excerpt":{"rendered":"<p>Boom Cylinder For Baoding WY150 Understanding the Boom Cylinder The Boom Cylinder is a specialized hydraulic cylinder used in various heavy machinery, such as excavators, backhoe loaders, and front-end loaders. Its primary function is to control the movement of the bucket, allowing it to lift, lower, and tilt effectively. This capability is crucial for material [&hellip;]<\/p>","protected":false},"featured_media":17877,"comment_status":"open","ping_status":"closed","template":"","meta":{"_et_pb_use_builder":"","_et_pb_old_content":"","_et_gb_content_width":""},"product_brand":[],"product_cat":[1546],"product_tag":[1547,1496],"class_list":{"0":"post-19674","1":"product","2":"type-product","3":"status-publish","4":"has-post-thumbnail","6":"product_cat-boom-cylinders","7":"product_tag-boom-cylinders","8":"product_tag-hydraulic-cylinders","10":"first","11":"instock","12":"shipping-taxable","13":"product-type-simple"},"amp_enabled":true,"_links":{"self":[{"href":"https:\/\/www.hydraulic-cylinders.net\/et\/wp-json\/wp\/v2\/product\/19674","targetHints":{"allow":["GET"]}}],"collection":[{"href":"https:\/\/www.hydraulic-cylinders.net\/et\/wp-json\/wp\/v2\/product"}],"about":[{"href":"https:\/\/www.hydraulic-cylinders.net\/et\/wp-json\/wp\/v2\/types\/product"}],"replies":[{"embeddable":true,"href":"https:\/\/www.hydraulic-cylinders.net\/et\/wp-json\/wp\/v2\/comments?post=19674"}],"wp:featuredmedia":[{"embeddable":true,"href":"https:\/\/www.hydraulic-cylinders.net\/et\/wp-json\/wp\/v2\/media\/17877"}],"wp:attachment":[{"href":"https:\/\/www.hydraulic-cylinders.net\/et\/wp-json\/wp\/v2\/media?parent=19674"}],"wp:term":[{"taxonomy":"product_brand","embeddable":true,"href":"https:\/\/www.hydraulic-cylinders.net\/et\/wp-json\/wp\/v2\/product_brand?post=19674"},{"taxonomy":"product_cat","embeddable":true,"href":"https:\/\/www.hydraulic-cylinders.net\/et\/wp-json\/wp\/v2\/product_cat?post=19674"},{"taxonomy":"product_tag","embeddable":true,"href":"https:\/\/www.hydraulic-cylinders.net\/et\/wp-json\/wp\/v2\/product_tag?post=19674"}],"curies":[{"name":"wp","href":"https:\/\/api.w.org\/{rel}","templated":true}]}}