{"id":19678,"date":"2025-04-07T07:01:17","date_gmt":"2025-04-07T07:01:17","guid":{"rendered":"https:\/\/www.hydraulic-cylinders.net\/product\/boom-cylinder-for-baoding-wy90-7\/"},"modified":"2025-04-07T07:01:20","modified_gmt":"2025-04-07T07:01:20","slug":"boom-cylinder-for-baoding-wy90-7","status":"publish","type":"product","link":"https:\/\/www.hydraulic-cylinders.net\/et\/toode\/boom-cylinder-for-baoding-wy90-7\/","title":{"rendered":"Baodingi WY90-7 poomi silinder"},"content":{"rendered":"<h1>Baodingi WY90-7 poomi silinder<\/h1>\n<h2>Mis on poomi silinder?<\/h2>\n<p>Noole silinder on spetsiaalne h\u00fcdrauliline silinder, mis on loodud kopa liikumise juhtimiseks erinevates rasketes masinates, n\u00e4iteks ekskavaatorites, laadur-ekskavaatorites ja esilaadurites. See h\u00fcdrauliline komponent v\u00f5imaldab kopa t\u00f5sta, langetada ja kallutada, h\u00f5lbustades materjalide k\u00e4itlemist t\u00e4pselt ja h\u00f5lpsalt.<\/p>\n<p><img decoding=\"async\" src=\"https:\/\/www.hydraulic-cylinders.net\/wp-content\/uploads\/2025\/04\/songte-company-1.webp\" alt=\"Poomi silinder\" \/><\/p>\n<h3>Funktsioon ja rakendused<\/h3>\n<p>H\u00fcdraulilises s\u00fcsteemis m\u00e4ngib noole silinder olulist rolli, muutes h\u00fcdraulilise r\u00f5hu mehaaniliseks energiaks. See annab vajaliku j\u00f5u selliste \u00fclesannete t\u00e4itmiseks nagu kaevamine, t\u00f5stmine ja materjalide teisaldamine. Kopa silinder on oluline mitmesugustes rakendustes, sealhulgas:<\/p>\n<ul>\n<li><strong>Kaevamine:<\/strong> Silinder v\u00f5imaldab t\u00f5husalt pinnasesse tungida ja prahti t\u00f5sta, muutes kaevamist\u00f6\u00f6d kiiremaks ja t\u00f5husamaks.<\/li>\n<li><strong>Materjalide transport:<\/strong> See aitab materjale \u00fchest kohast teise transportida, tagades sujuva t\u00f6\u00f6 ehitus- ja p\u00f5llumajanduskeskkonnas.<\/li>\n<li><strong>Mustuse ja prahi k\u00e4itlemine:<\/strong> Kopa silinder on ehitusplatsidel mustuse ja prahi k\u00e4itlemisel \u00fclioluline, suurendades tootlikkust ja t\u00f6\u00f6voogu.<\/li>\n<\/ul>\n<h2>Poomi silindri omadused<\/h2>\n<h3>Suur tugevus ja vastupidavus<\/h3>\n<ul>\n<li>Valmistatud \u00fclitugevast terasest v\u00f5i alumiiniumist, et taluda k\u00f5rget r\u00f5hku ja suuri koormusi.<\/li>\n<li>Loodud vastu pidama karmidele t\u00f6\u00f6keskkondadele, arvestades kulumiskindlust ja korrosioonikaitset.<\/li>\n<li>Pikem eluiga t\u00e4nu vastupidavatele ehitusmaterjalidele.<\/li>\n<\/ul>\n<h3>T\u00f5hus h\u00fcdrauliline t\u00f6\u00f6<\/h3>\n<ul>\n<li>Kasutab sujuva ja tundliku pikenduse ja tagasit\u00f5mbamise tagamiseks h\u00fcdraulika\u00f5li r\u00f5hku.<\/li>\n<li>Pakub v\u00f5imast t\u00f5uke- ja t\u00f5mbej\u00f5udu, mis sobib raskete ja keerukate \u00fclesannete t\u00e4itmiseks.<\/li>\n<\/ul>\n<h3>Mitmekesised t\u00fc\u00fcbid<\/h3>\n<ul>\n<li>Saadaval \u00fchetoimelise (h\u00fcdraulika abil \u00fches suunas) v\u00f5i kahetoimelise (h\u00fcdraulika abil m\u00f5lemas suunas) konfiguratsioonina.<\/li>\n<li>Teatud mudelitel on teleskoopkonstruktsioonid, mis v\u00f5imaldavad suuremat ulatust ilma v\u00e4lism\u00f5\u00f5tmeid suurendamata.<\/li>\n<\/ul>\n<h2>Tootmisv\u00f5imalused<\/h2>\n<p>Meie ettev\u00f5te on spetsialiseerunud h\u00fcdrauliliste silindrite tootmisele, tagades, et meie tooted suudavad ideaalselt asendada olemasolevaid silindreid erinevates rakendustes.<\/p>\n<p><img decoding=\"async\" src=\"https:\/\/www.hydraulic-cylinders.net\/wp-content\/uploads\/2025\/04\/songte-cylinder-head-with-all-kinds-excavator-models.webp\" alt=\"H\u00fcdrauliliste silindrite tootmine\" \/><\/p>\n<h2>Poomi silindri rakendused<\/h2>\n<h3>Ehitustehnika<\/h3>\n<p>Ekskavaatorites on noolesilindrid \u00fcliolulised kaevamiseks, laadimiseks ja pinnase v\u00f5i prahi teisaldamiseks. Need pakuvad kopa t\u00f5stmiseks vajalikku t\u00f5stej\u00f5udu, v\u00f5imaldades operaatoritel materjale t\u00f5husalt kaevata v\u00f5i transportida. Ekskavaator-laadurites aitab noolesilinder nii kaevamisel kui ka t\u00f5stmisel, suurendades nende masinate mitmek\u00fclgsust.<\/p>\n<h3>P\u00f5llumajandustehnika<\/h3>\n<p>Esilaadurid kasutavad mulla, heina ja muude materjalide kopeerimiseks, t\u00f5stmiseks ja transportimiseks noolesilindreid. Need on olulised mitmesuguste p\u00f5llumajandust\u00f6\u00f6de puhul, parandades talude tootlikkust ja t\u00f5husust.<\/p>\n<h3>Ekskavaatorid<\/h3>\n<p>Pinnasesse tungimise v\u00f5imega ekskavaatorite noolesilindrid h\u00f5lbustavad t\u00f5husat kaevamist, muutes need ehitus- ja lammutusprojektide lahutamatuks osaks.<\/p>\n<h3>Laadurid<\/h3>\n<p>Esilaaduritel aitavad noolesilindrid koormaid t\u00f5husalt t\u00f5sta ja t\u00fchjendada. Nende konstruktsioon v\u00f5imaldab optimaalset kaalujaotust ja juhtimist t\u00f6\u00f6 ajal, toetades mitmesuguseid laadimist\u00f6id.<\/p>\n<h2>Projekteerimiskaalutlused ja valikukriteeriumid<\/h2>\n<h3>Kandev\u00f5ime<\/h3>\n<p>Poomi silindri kandev\u00f5ime on konkreetse rakenduse jaoks sobivuse kindlaksm\u00e4\u00e4ramisel \u00fclioluline. Oluline on valida silinder, mis suudab oodatavaid koormusi taluda ilma purunemise riskita. Silindri vastavus kavandatud kasutuse n\u00f5uetele tuleks teha n\u00f5uetekohased arvutused ja koormuskatsed. Suurema kandev\u00f5imega silinder tagab parema ohutusvaru ja suurendab t\u00f6\u00f6 efektiivsust.<\/p>\n<h3>Tihendus ja vastupidavus<\/h3>\n<p>T\u00f5hus tihendus on \u00fclioluline, et v\u00e4ltida h\u00fcdraulilise vedeliku lekkeid, mis v\u00f5ivad v\u00e4hendada j\u00f5udlust ja suurendada kulumist. Tihendite valik, n\u00e4iteks vastupidavatest materjalidest (nt pol\u00fcuretaanist v\u00f5i nitriilkummist) valmistatud kolvi- ja varrastihendid, aitab oluliselt kaasa silindri pikaealisusele. Kvaliteetsed tihendid tagavad ka h\u00fcdraulikas\u00fcsteemi sujuva ja t\u00f5husa t\u00f6\u00f6, minimeerides hooldusest tingitud seisakuid.<\/p>\n<h3>Turvaelemendid<\/h3>\n<p>Ohutus on noolesilindrite projekteerimisel v\u00f5tmet\u00e4htsusega. Sellised omadused nagu sisseehitatud r\u00f5hualandusventiilid aitavad v\u00e4ltida \u00fclekoormust, mis v\u00f5ib viia katastroofiliste riketeni. Lisaks tagavad regulaarsed hoolduskontrollid ja ohutusprotokollide j\u00e4rgimine h\u00fcdraulikas\u00fcsteemide pikaealisuse ja t\u00f6\u00f6kindluse. Operaatorid peaksid olema koolitatud \u00e4ra tundma v\u00f5imalikke ohutusriske ja nendega kiiresti tegelema, et t\u00f6\u00f6 ajal tekkivaid riske maandada.<\/p>\n<p><img decoding=\"async\" src=\"https:\/\/www.hydraulic-cylinders.net\/wp-content\/uploads\/2025\/04\/songte-oil-pipes-and-spare-parts.webp\" alt=\"H\u00fcdraulilise silindri projekteerimise kaalutlused\" \/><\/p>\n<h2>Tihendus ja m\u00e4\u00e4rimine<\/h2>\n<p>Optimaalse j\u00f5udluse tagamiseks kasutatakse noolesilindrites mitmesuguseid tihendeid, sealhulgas kolvitihendeid ja varrastihendeid. Kulumiskindlatest materjalidest, n\u00e4iteks pol\u00fcuretaanist ja nitriilkummist, valmistatud tihendite valik on silindri eluea pikendamiseks kriitilise t\u00e4htsusega. Lisaks l\u00e4bivad silindri korpus ja keermestatud otsapinnad t\u00e4pse viimistluse, et suurendada kulumiskindlust. H\u00f5\u00f5rdumise minimeerimiseks ja silindri t\u00f6\u00f6ea pikendamiseks on vajalik regulaarne m\u00e4\u00e4rimine h\u00fcdraulika\u00f5liga. Operaatorid peavad m\u00f5istma \u00f5ige \u00f5litaseme s\u00e4ilitamise ja saasteainetevaba s\u00fcsteemi tagamise olulisust, mis v\u00f5ivad kahjustada h\u00fcdraulikakomponentide funktsiooni ja pikaealisust.<\/p>\n<h2>Ennetavad hooldusmeetmed<\/h2>\n<ul>\n<li><strong>Regulaarne kontroll:<\/strong> Probleemide varajaseks avastamiseks ja kulukate remondit\u00f6\u00f6de v\u00e4ltimiseks tuleks l\u00e4bi viia regulaarseid lekete, kulumise ja kahjustuste kontrolle.<\/li>\n<li><strong>\u00d5ige m\u00e4\u00e4rimine:<\/strong> Silindri piisava m\u00e4\u00e4rimise tagamine v\u00e4hendab h\u00f5\u00f5rdumist ja kulumist, parandades j\u00f5udlust ja eluiga.<\/li>\n<li><strong>Tihendi vahetamine:<\/strong> Kulunud tihendite regulaarne vahetamine aitab v\u00e4ltida vedeliku lekkeid ja s\u00e4ilitada h\u00fcdraulilise efektiivsuse, tagades s\u00fcsteemi etten\u00e4htud otstarbel t\u00f6\u00f6tamise.<\/li>\n<\/ul>\n<h2>Paigaldusjuhised<\/h2>\n<p>Poomi silindri \u00f5ige paigaldamine on optimaalse j\u00f5udluse saavutamiseks kriitilise t\u00e4htsusega. \u00d5ige paigalduse tagamiseks j\u00e4rgige neid samme:<\/p>\n<ul>\n<li><strong>Ettevalmistus:<\/strong> Enne paigaldamist veenduge, et t\u00f6\u00f6ruum on puhas ja prahist vaba. Kontrollige, et teil on olemas k\u00f5ik vajalikud t\u00f6\u00f6riistad ja komponendid.<\/li>\n<li><strong>Joondus:<\/strong> Joondage silinder \u00f5igesti kinnitusklambritega, et v\u00e4ltida pinget ja v\u00f5imalikku riket t\u00f6\u00f6tamise ajal. Vajadusel kasutage joondust\u00f6\u00f6riistu.<\/li>\n<li><strong>Paigaldus:<\/strong> Stabiilsuse tagamiseks kinnitage silinder kindlalt sobivate kinnitusklambrite abil. Veenduge, et k\u00f5ik kinnitusdetailid on pingutatud vastavalt tootja spetsifikatsioonidele.<\/li>\n<li><strong>H\u00fcdraulilised \u00fchendused:<\/strong> \u00dchendage h\u00fcdraulikavoolikud, veendudes, et lekkeid pole. Kontrollige \u00fcle k\u00f5igi \u00fchenduste tihedus ja \u00f5ige paigutus.<\/li>\n<li><strong>Testimine:<\/strong> P\u00e4rast paigaldamist tehke katsek\u00e4ivitus, et veenduda silindri sujuvas ja t\u00f5husas t\u00f6\u00f6s. J\u00e4lgige ebatavalisi helisid v\u00f5i liikumisi.<\/li>\n<\/ul>\n<p><img decoding=\"async\" src=\"https:\/\/www.hydraulic-cylinders.net\/wp-content\/uploads\/2025\/04\/songte-chushion-collar.webp\" alt=\"Poomi silindri paigaldamine\" \/><\/p>\n<h2>Hooldus\u00fclesanded<\/h2>\n<h3>Regulaarsed kontrollid<\/h3>\n<p>Poomi silindri regulaarne kontrollimine on v\u00f5imalike probleemide varajaseks avastamiseks h\u00e4davajalik. Silindri t\u00f5husa t\u00f6\u00f6 tagamiseks otsige kulumise, lekete v\u00f5i kahjustuste m\u00e4rke. Regulaarse hooldusgraafiku koostamine aitab v\u00e4ltida kulukaid seisakuid ja pikendada seadmete eluiga.<\/p>\n<h3>\u00d5ige m\u00e4\u00e4rimine<\/h3>\n<p>Poomi silindri piisav m\u00e4\u00e4rimine on \u00fclioluline liikuvate osade h\u00f5\u00f5rdumise ja kulumise v\u00e4hendamiseks. Kontrollige regulaarselt h\u00fcdraulika\u00f5li taset ja lisage seda vastavalt vajadusele. Optimaalse j\u00f5udluse s\u00e4ilitamiseks ja \u00fchilduvusprobleemide v\u00e4ltimiseks kasutage tootja soovitatud h\u00fcdraulika\u00f5li.<\/p>\n<h3>Tihendi vahetamine<\/h3>\n<p>Tihendite seisukorra j\u00e4lgimine on \u00fclioluline vedelikulekete v\u00e4ltimiseks ja h\u00fcdraulilise efektiivsuse s\u00e4ilitamiseks. Kontrollige regulaarselt tihendeid kulumisj\u00e4lgede suhtes ja vahetage need vastavalt vajadusele, et tagada silindri n\u00f5uetekohane toimimine. Rakendage tihendite haldamisel ennetavat l\u00e4henemisviisi, et v\u00e4ltida lekkeid ja parandada j\u00f5udlust.<\/p>\n<h2>Ohutuskaalutlused ja keskkonnategurid<\/h2>\n<p>Poomi silindrite kasutamisel on oluline arvestada ohutusmeetmetega operaatorite ja seadmete kaitsmiseks. Standardsete ohutusprotokollide rakendamine, n\u00e4iteks sobivate isikukaitsevahendite (IKV) kandmine ja k\u00f5igi h\u00fcdrauliliste komponentide heas t\u00f6\u00f6korras olemise tagamine, on kriitilise t\u00e4htsusega. Lisaks on keskkonnan\u00f5uete t\u00e4itmiseks \u00fclioluline m\u00f5ista h\u00fcdraulikavedeliku lekete keskkonnam\u00f5ju ja tagada ohtlike materjalide n\u00f5uetekohane k\u00f5rvaldamine.<\/p>\n<h2>Levinud probleemide t\u00f5rkeotsing<\/h2>\n<h3>Levinud probleemid<\/h3>\n<ul>\n<li><strong>Leke:<\/strong> Lekked v\u00f5ivad tekkida kulunud tihendite v\u00f5i kahjustatud \u00fchenduste t\u00f5ttu, mis v\u00e4hendab j\u00f5udlust. Regulaarsed kontrollid aitavad neid probleeme enne nende s\u00fcvenemist tuvastada ja lahendada.<\/li>\n<li><strong>Aeglane reageering:<\/strong> Kui silinder reageerib aeglaselt, v\u00f5ib see viidata madalale h\u00fcdraulikavedeliku tasemele v\u00f5i h\u00fcdraulikapumba probleemile. Kontrollige vedeliku taset ja veenduge, et pump t\u00f6\u00f6tab korralikult.<\/li>\n<li><strong>\u00dclekuumenemine:<\/strong> \u00dclekuumenemine v\u00f5ib tuleneda liigsest t\u00f6\u00f6koormusest v\u00f5i ebapiisavast m\u00e4\u00e4rimisest. J\u00e4lgige t\u00f6\u00f6tingimusi ja vajadusel reguleerige neid, et v\u00e4ltida \u00fclekuumenemist.<\/li>\n<\/ul>\n<h3>Veaotsingu n\u00e4pun\u00e4ited<\/h3>\n<p>Probleemi t\u00f5husaks diagnoosimiseks ja lahendamiseks j\u00e4rgige neid juhiseid:<\/p>\n<ul>\n<li>Kontrollige regulaarselt h\u00fcdraulikavedeliku taset ja vahetage filtrid osana tavap\u00e4rasest hooldusest.<\/li>\n<li>Dokumenteerige ja j\u00e4lgige tulemuslikkuse n\u00e4itajaid, et tuvastada trende ja v\u00f5imalikke probleeme varakult.<\/li>\n<li>Koolitage operaatoreid \u00e4ra tundma h\u00fcdraulikas\u00fcsteemis ebatavalisi helisid v\u00f5i k\u00e4itumist, et h\u00f5lbustada kiiret tegutsemist.<\/li>\n<\/ul>\n<p><img decoding=\"async\" src=\"https:\/\/www.hydraulic-cylinders.net\/wp-content\/uploads\/2025\/04\/songte-bushings-with-all-kinds-of-excavator-models.webp\" alt=\"Poomi silindri t\u00f5rkeotsing\" \/><\/p>\n<h2>Ettev\u00f5tte \u00fclevaade<\/h2>\n<p>Oleme juhtiv asendush\u00fcdrauliliste silindrite tootja, pakkudes laia tootevalikut nii sise- kui ka rahvusvahelise turu n\u00f5udluse rahuldamiseks. Meie p\u00fchendumust tippkvaliteedile toetavad t\u00e4iustatud tootmisstrateegiad ja tipptasemel seadmed. Keskendudes tehnilisele talendile, digitaalsele tipptasemel tootmisele ja professionaalsetele testimiss\u00fcsteemidele, t\u00e4iustame pidevalt oma tootmisv\u00f5imalusi. Meie t\u00f5hus, t\u00e4pne ja kvaliteetne l\u00e4henemine v\u00f5imaldab meil rahuldada klientide mitmekesiseid vajadusi.<\/p>\n<p><img decoding=\"async\" src=\"https:\/\/www.hydraulic-cylinders.net\/wp-content\/uploads\/2025\/04\/songte-company-4.webp\" alt=\"Ettev\u00f5tte \u00fclevaade\" \/><br \/>\n<img decoding=\"async\" src=\"https:\/\/www.hydraulic-cylinders.net\/wp-content\/uploads\/2025\/04\/songte-company-3.webp\" alt=\"Ettev\u00f5tte tootmine\" \/><\/p>\n<p>Meie spetsialiseerumine h\u00f5lmab professionaalseid sertifikaate, kohandatud teenuseid, t\u00e4iustatud tootmisseadmeid ja suurep\u00e4rast m\u00fc\u00fcgij\u00e4rgset tuge, tagades, et meie kliendid saavad oma tegevuseks tipptasemel h\u00fcdrauliliste silindrite lahendusi.<\/p>\n<p>Autor: lyl<\/p>","protected":false},"excerpt":{"rendered":"<p>Boom Cylinder For Baoding WY90-7 What is a Boom Cylinder? The Boom Cylinder is a specialized hydraulic cylinder designed to control the movement of the bucket in various heavy machinery such as excavators, backhoe loaders, and front-end loaders. This hydraulic component enables the bucket to lift, lower, and tilt, facilitating material handling tasks with precision [&hellip;]<\/p>","protected":false},"featured_media":17881,"comment_status":"open","ping_status":"closed","template":"","meta":{"_et_pb_use_builder":"","_et_pb_old_content":"","_et_gb_content_width":""},"product_brand":[],"product_cat":[1546],"product_tag":[1547,1496],"class_list":{"0":"post-19678","1":"product","2":"type-product","3":"status-publish","4":"has-post-thumbnail","6":"product_cat-boom-cylinders","7":"product_tag-boom-cylinders","8":"product_tag-hydraulic-cylinders","10":"first","11":"instock","12":"shipping-taxable","13":"product-type-simple"},"amp_enabled":true,"_links":{"self":[{"href":"https:\/\/www.hydraulic-cylinders.net\/et\/wp-json\/wp\/v2\/product\/19678","targetHints":{"allow":["GET"]}}],"collection":[{"href":"https:\/\/www.hydraulic-cylinders.net\/et\/wp-json\/wp\/v2\/product"}],"about":[{"href":"https:\/\/www.hydraulic-cylinders.net\/et\/wp-json\/wp\/v2\/types\/product"}],"replies":[{"embeddable":true,"href":"https:\/\/www.hydraulic-cylinders.net\/et\/wp-json\/wp\/v2\/comments?post=19678"}],"wp:featuredmedia":[{"embeddable":true,"href":"https:\/\/www.hydraulic-cylinders.net\/et\/wp-json\/wp\/v2\/media\/17881"}],"wp:attachment":[{"href":"https:\/\/www.hydraulic-cylinders.net\/et\/wp-json\/wp\/v2\/media?parent=19678"}],"wp:term":[{"taxonomy":"product_brand","embeddable":true,"href":"https:\/\/www.hydraulic-cylinders.net\/et\/wp-json\/wp\/v2\/product_brand?post=19678"},{"taxonomy":"product_cat","embeddable":true,"href":"https:\/\/www.hydraulic-cylinders.net\/et\/wp-json\/wp\/v2\/product_cat?post=19678"},{"taxonomy":"product_tag","embeddable":true,"href":"https:\/\/www.hydraulic-cylinders.net\/et\/wp-json\/wp\/v2\/product_tag?post=19678"}],"curies":[{"name":"wp","href":"https:\/\/api.w.org\/{rel}","templated":true}]}}