{"id":19681,"date":"2025-04-07T07:01:26","date_gmt":"2025-04-07T07:01:26","guid":{"rendered":"https:\/\/www.hydraulic-cylinders.net\/product\/boom-cylinder-for-baoding-sc400-8\/"},"modified":"2025-04-07T07:01:29","modified_gmt":"2025-04-07T07:01:29","slug":"boom-cylinder-for-baoding-sc400-8","status":"publish","type":"product","link":"https:\/\/www.hydraulic-cylinders.net\/et\/toode\/boom-cylinder-for-baoding-sc400-8\/","title":{"rendered":"Poomi silinder Baodingi SC400.8 jaoks"},"content":{"rendered":"<h1>Poomi silinder Baodingi SC400.8 jaoks<\/h1>\n<h2>Sissejuhatus poomi silindrisse<\/h2>\n<p>Noole silinder on h\u00fcdraulikas\u00fcsteemide oluline komponent, mis on spetsiaalselt loodud koppade liikumise juhtimiseks rasketes masinates, n\u00e4iteks ekskavaatorites, laadur-ekskavaatorites ja esilaadurites. See h\u00fcdraulika silinder v\u00f5imaldab koppa t\u00f5sta, langetada ja kallutada, h\u00f5lbustades mitmesuguseid materjali k\u00e4itlemise \u00fclesandeid. Kopa silindril on oluline roll masinate t\u00f6\u00f6 efektiivsuse ja tulemuslikkuse suurendamisel, mist\u00f5ttu on see h\u00e4davajalik ehituses, p\u00f5llumajanduses ja muudes t\u00f6\u00f6stuslikes rakendustes.<\/p>\n<p><img decoding=\"async\" src=\"https:\/\/www.hydraulic-cylinders.net\/wp-content\/uploads\/2025\/04\/songte-company-1.webp\" alt=\"Poomi silinder\"><\/p>\n<h3>Definitsioon ja \u00fclevaade<\/h3>\n<p>Kopa silinder, tuntud ka kui poomi silinder, on h\u00fcdraulilise silindri t\u00fc\u00fcp, mis t\u00f6\u00f6tab h\u00fcdraulilise mehaanika p\u00f5him\u00f5tete kohaselt. See koosneb silindrilisest t\u00fcnnist, kolvist ja h\u00fcdraulilisest vedelikust, mis t\u00f6\u00f6tavad koos, et tekitada raskete koormate liigutamiseks vajalik j\u00f5ud. Kui h\u00fcdrauliline vedelik pumbatakse silindrisse, tekitab see r\u00f5hu, mis pikendab kolbi, v\u00f5imaldades kopa soovitud liikumist. See s\u00fcsteem v\u00f5imaldab t\u00e4pset juhtimist ja m\u00e4rkimisv\u00e4\u00e4rset t\u00f5stev\u00f5imet, mist\u00f5ttu see sobib mitmesugusteks rasketeks rakendusteks.<\/p>\n<h2>Poomi silindri omadused<\/h2>\n<ul>\n<li><strong>Suur tugevus ja vastupidavus:<\/strong> K\u00f5rgtugevast terasest v\u00f5i alumiiniumist valmistatud poomi silinder on loodud taluma k\u00f5rget r\u00f5hku ja suuri koormusi, mist\u00f5ttu sobib see karmideks t\u00f6\u00f6keskkondadeks.<\/li>\n<li><strong>T\u00f5hus h\u00fcdrauliline t\u00f6\u00f6:<\/strong> Silinder kasutab sujuvaks pikendamiseks ja tagasit\u00f5mbamiseks h\u00fcdraulika\u00f5li r\u00f5hku, pakkudes kiiret reageerimist t\u00f6\u00f6k\u00e4skudele ning v\u00f5imsat t\u00f5uke- ja t\u00f5mbej\u00f5udu.<\/li>\n<li><strong>Erinevad konfiguratsioonid:<\/strong> Saadaval \u00fchetoimelise (h\u00fcdrauliline j\u00f5ud rakendatakse \u00fches suunas) v\u00f5i kahetoimelise (h\u00fcdrauliline j\u00f5ud rakendatakse m\u00f5lemas suunas) konstruktsioonina, et rahuldada erinevaid t\u00f6\u00f6vajadusi.<\/li>\n<li><strong>Ruumis\u00e4\u00e4stlikud kujundused:<\/strong> M\u00f5ned mudelid on teleskoopilised, v\u00f5imaldades suuremat pikendamist ilma v\u00e4lism\u00f5\u00f5tmeid suurendamata, mis sobib ideaalselt ruumipiirangutega rakenduste jaoks.<\/li>\n<li><strong>Kulumis- ja korrosioonikindlus:<\/strong> Kulumis- ja korrosioonikindlaks konstrueeritud silindrid on ehitatud kestma, pikendades nende t\u00f6\u00f6iga.<\/li>\n<\/ul>\n<p>Meie tooted suudavad neid h\u00fcdrosilindreid ideaalselt asendada, tagades k\u00f5rge j\u00f5udluse ja t\u00f6\u00f6kindluse.<\/p>\n<p><img decoding=\"async\" src=\"https:\/\/www.hydraulic-cylinders.net\/wp-content\/uploads\/2025\/04\/songte-cylinder-head-with-all-kinds-excavator-models.webp\" alt=\"\u00dchilduvad h\u00fcdraulilised silindrid\"><\/p>\n<h2>Poomi silindri rakendused<\/h2>\n<h3>Ehitustehnika<\/h3>\n<p>Ekskavaatorites on noolesilindrid kriitilise t\u00e4htsusega kaevamisel, laadimisel ja mulla v\u00f5i prahi teisaldamisel. Need h\u00f5lbustavad kaevamist, v\u00f5imaldades kopal t\u00f5husalt pinnasesse tungida. Lisaks abistab kopa silinder ekskavaator-laadurites nii kaevamis- kui ka t\u00f5stet\u00f6\u00f6del, tagades \u00fclesannete t\u00f5husa ja kiire t\u00e4itmise.<\/p>\n<h3>P\u00f5llumajandustehnika<\/h3>\n<p>Esilaadurites kasutatakse noolesilindreid mulla, heina ja muude materjalide kopeerimiseks, t\u00f5stmiseks ja transportimiseks. Nende vastupidav konstruktsioon v\u00f5imaldab neil toime tulla p\u00f5llumajanduslikes rakendustes vajalike raskete t\u00f5stetega, aidates kaasa t\u00f5husale p\u00f5llumajandustegevusele.<\/p>\n<h3>Ekskavaatorid<\/h3>\n<p>Noolesilindrid on olulised, et kopp saaks pinnasesse tungida, v\u00f5imaldades t\u00f5husat kaevamist. Nende t\u00e4psus ja v\u00f5imsus muudavad need ideaalseks mitmesugusteks kaevet\u00f6\u00f6deks, suurendades tootlikkust ja v\u00e4hendades k\u00e4sitsi t\u00f6\u00f6d.<\/p>\n<h3>Laadurid<\/h3>\n<p>Esilaaduritel aitavad noolesilindrid koormaid t\u00f5husalt t\u00f5sta ja t\u00fchjendada. H\u00fcdraulikas\u00fcsteemi efektiivsus tagab, et laadur saab t\u00f6\u00f6tada maksimaalse kandev\u00f5imega, muutes materjalik\u00e4itlus\u00fclesanded hallatavamaks.<\/p>\n<h2>Projekteerimiskaalutlused ja valikukriteeriumid<\/h2>\n<h3>Kandev\u00f5ime<\/h3>\n<p>\u00dcks peamisi noolesilindrite projekteerimise kaalutlusi on nende kandev\u00f5ime. Silinder peab suutma taluda t\u00f5stetavate koormate erikaalu. See n\u00f5uab hoolikat projekteerimist, et tagada kasutatavate materjalide ja silindri konstruktsiooni taluvus t\u00f6\u00f6 ajal tekkivatele pingetele.<\/p>\n<h3>Tihendusmehhanismid<\/h3>\n<p>T\u00f5hus tihendus on h\u00fcdrauliliste silindrite j\u00f5udluse seisukohalt \u00fclioluline. Kvaliteetsed tihendid takistavad h\u00fcdraulilise vedeliku lekkimist ja hoiavad silindris r\u00f5hu. Tihendimaterjalide, n\u00e4iteks pol\u00fcuretaani v\u00f5i nitriilkummi, valik on vastupidavuse ja j\u00f5udluse tagamiseks erinevates tingimustes oluline.<\/p>\n<h3>Vastupidavus<\/h3>\n<p>Vastupidavus on h\u00fcdrauliliste silindrite puhul v\u00f5tmetegur, eriti karmides keskkondades. Tootjad peavad oma konstruktsioonides arvestama kulumis- ja korrosioonikindlusega, kasutades materjale ja katteid, mis pikendavad silindri eluiga.<\/p>\n<h3>Turvaelemendid<\/h3>\n<p>H\u00fcdrauliliste seadmete k\u00e4itamisel on ohutus esmat\u00e4htis. Poomi silindrid peavad olema konstrueeritud ohutusfunktsioonidega, mis hoiavad \u00e4ra juhuslikud rikkeid. See h\u00f5lmab r\u00f5huvabastusventiilide paigaldamist ja h\u00fcdraulikas\u00fcsteemi ohutut toimimist \u00fclekoormustingimustega.<\/p>\n<h3>Hooldatavus<\/h3>\n<p>Hoolduse lihtsus on veel \u00fcks oluline tegur. H\u00fcdraulilised silindrid peaksid olema konstrueeritud nii, et oleks lihtne juurde p\u00e4\u00e4seda komponentidele, mis vajavad regulaarset kontrolli ja hooldust, n\u00e4iteks tihendid ja m\u00e4\u00e4rimispunktid, et minimeerida seisakuid ja pikendada kasutusiga.<\/p>\n<p><img decoding=\"async\" src=\"https:\/\/www.hydraulic-cylinders.net\/wp-content\/uploads\/2025\/04\/songte-oil-pipes-and-spare-parts.webp\" alt=\"H\u00fcdrauliliste silindrite osad\"><\/p>\n<h2>Tihendus ja m\u00e4\u00e4rimine<\/h2>\n<p>Poomi silindrite t\u00f5husa t\u00f6\u00f6 tagamiseks on oluline korralik tihendamine ja m\u00e4\u00e4rimine. H\u00fcdraulilise vedeliku lekete v\u00e4ltimiseks kasutatakse mitmesuguseid tihenduskomponente, sealhulgas kolvitihendeid ja vardatihendeid. Kulumiskindlatest materjalidest, n\u00e4iteks pol\u00fcuretaanist ja nitriilkummist, valmistatud tihendite valimine suurendab vastupidavust. Silindri korpuse ja keermestatud otste pinnad on kulumiskindluse parandamiseks hoolikalt t\u00f6\u00f6deldud.<\/p>\n<p>Samuti on vajalik regulaarne m\u00e4\u00e4rimine; operaatorid peaksid h\u00fcdraulika\u00f5li perioodiliselt t\u00e4iendama, et tagada sujuv t\u00f6\u00f6 ja v\u00e4ltida sisemiste komponentide kulumist. See ennetav hooldus pikendab oluliselt h\u00fcdrosilindri kasutusiga.<\/p>\n<h2>Ennetavad hooldusmeetmed<\/h2>\n<ul>\n<li><strong>Regulaarsed kontrollid:<\/strong> Silindri ohutu ja t\u00f5husa t\u00f6\u00f6 tagamiseks tehke regulaarseid lekete, kulumise ja kahjustuste kontrolle.<\/li>\n<li><strong>Sobiv m\u00e4\u00e4rimine:<\/strong> Optimaalse j\u00f5udluse s\u00e4ilitamiseks veenduge, et m\u00e4\u00e4rimiseks kasutatakse \u00f5iget t\u00fc\u00fcpi ja kogust h\u00fcdraulika\u00f5li.<\/li>\n<li><strong>Tihendi vahetamine:<\/strong> J\u00e4lgige tihendite kulumist ja vahetage need vastavalt vajadusele, et v\u00e4ltida lekkeid ja s\u00e4ilitada h\u00fcdrauliline r\u00f5hk.<\/li>\n<\/ul>\n<h2>Paigaldusjuhised<\/h2>\n<p>Poomi silindri \u00f5ige paigaldamine on ohutu ja t\u00f5husa t\u00f6\u00f6 tagamiseks \u00fclioluline. Alustage kinnituspunktide puhtuse ja prahivabade elementide olemasolust. Joondage silinder t\u00e4pselt kinnituspunktidega, et v\u00e4ltida joondamise k\u00f5rvalekaldeid, mis v\u00f5ivad p\u00f5hjustada suuremat kulumist ja v\u00f5imalikku riket.<\/p>\n<p>Kasutage silindri kinnitamiseks sobivaid kinnitusklambreid, veendudes, et see on tihedalt kinnitatud, kuid mitte liiga tugevalt pingutatud, et v\u00e4ltida kahjustusi. P\u00e4rast paigaldamist kontrollige h\u00fcdraulikas\u00fcsteemi sujuvust ja n\u00f5uetekohast toimimist.<\/p>\n<h2>Levinumad hooldust\u00f6\u00f6d<\/h2>\n<ul>\n<li><strong>Regulaarsed kontrollid:<\/strong> Kontrollige silindrit sageli kulumis- v\u00f5i kahjustuste suhtes, et probleeme varakult avastada ja suuremaid rikkeid v\u00e4ltida.<\/li>\n<li><strong>\u00d5ige m\u00e4\u00e4rimine:<\/strong> M\u00e4\u00e4ri silindrit regulaarselt, et tagada sujuv t\u00f6\u00f6 ja v\u00e4ltida liikuvate osade kulumist.<\/li>\n<li><strong>Tihendi vahetamine:<\/strong> J\u00e4lgige tihendite seisukorda ja vahetage need vajadusel v\u00e4lja, et s\u00e4ilitada r\u00f5hk ja v\u00e4ltida lekkeid.<\/li>\n<\/ul>\n<h2>Ohutuskaalutlused ja keskkonnategurid<\/h2>\n<p>Poomisilindrite kasutamisel on oluline seada esikohale ohutusmeetmed. Operaatorid peaksid olema koolitatud h\u00fcdrauliliste masinate ohutuks kasutamiseks, et minimeerida \u00f5nnetuste ohtu. Lisaks aitab h\u00fcdraulikas\u00fcsteemi regulaarne hooldus v\u00e4ltida rikkeid, mis v\u00f5ivad kujutada endast ohutusriske. Arvesse tuleks v\u00f5tta ka keskkonnategureid, n\u00e4iteks t\u00f6\u00f6tingimusi, mis v\u00f5ivad m\u00f5jutada h\u00fcdraulikas\u00fcsteemide terviklikkust, sealhulgas temperatuurik\u00f5ikumisi ja kokkupuudet s\u00f6\u00f6vitavate ainetega.<\/p>\n<h2>Veaotsing ja levinud probleemid<\/h2>\n<ul>\n<li><strong>Leke:<\/strong> Kontrollige tihendeid ja \u00fchendusi kulumise v\u00f5i kahjustuste suhtes; vajadusel vahetage tihendid v\u00e4lja.<\/li>\n<li><strong>Halb j\u00f5udlus:<\/strong> Kontrollige h\u00fcdraulikavedeliku taset ja veenduge, et s\u00fcsteemis pole takistusi.<\/li>\n<li><strong>Ebaj\u00e4rjekindel liikumine:<\/strong> Kontrollige silindrit joondusvea v\u00f5i kahjustatud komponentide suhtes; vajadusel joondage uuesti v\u00f5i vahetage v\u00e4lja.<\/li>\n<\/ul>\n<h2>Probleemide lahendamise n\u00e4pun\u00e4ited<\/h2>\n<p>Probleemide t\u00f5husaks diagnoosimiseks ja lahendamiseks peaksid operaatorid pidama \u00fcksikasjalikku hooldus- ja remondilogi. See aitab tuvastada mustreid, mis v\u00f5ivad viidata korduvatele probleemidele. Regulaarne t\u00f5rkeotsingu tehnikate koolitus annab operaatoritele v\u00f5imaluse tegeleda v\u00e4iksemate probleemidega enne, kui need suureks remondiks eskaleeruvad. Ennetavad meetmed, nagu regulaarsed kontrollid ja \u00f5igeaegne hooldus, on olulised v\u00f5imalike probleemide minimeerimiseks ja h\u00fcdraulikakomponentide eluea pikendamiseks.<\/p>\n<p><img decoding=\"async\" src=\"https:\/\/www.hydraulic-cylinders.net\/wp-content\/uploads\/2025\/04\/songte-bushings-with-all-kinds-of-excavator-models.webp\" alt=\"Poomi silindri puksid\"><\/p>\n<h2>Ettev\u00f5tte \u00fclevaade<\/h2>\n<p>Oleme alternatiivsete h\u00fcdrosilindrite tootja, olles saanud \u00fcheks juhtivaks h\u00fcdrosilindrite tootjaks ja hulgim\u00fc\u00fcjaks nii sise- kui ka rahvusvahelistel turgudel. Meie eesm\u00e4rk on pakkuda tipptasemel kvaliteeti, rakendades oma t\u00e4iustatud tootmist\u00f6\u00f6kojas industrialiseeritud tootmise juhtimisstrateegiat. Meie ettev\u00f5te t\u00e4iustab pidevalt oma tootmisplatvormi, kasutades oskuslikku tehnilist personali, t\u00e4iustatud tipptasemel tootmisseadmeid ja professionaalseid testimiss\u00fcsteeme, tagades tugeva innovatsiooniv\u00f5ime ja rahuldades klientide mitmekesiseid vajadusi.<\/p>\n<p>Meie keskendumine professionaalsusele, rahvusvahelistele sertifikaatidele, kohandatud teenustele, t\u00e4iustatud tootmisseadmetele ja m\u00fc\u00fcgij\u00e4rgsele toele kindlustab meie maine selles valdkonnas.<\/p>\n<p><img decoding=\"async\" src=\"https:\/\/www.hydraulic-cylinders.net\/wp-content\/uploads\/2025\/04\/songte-company-4.webp\" alt=\"Ettev\u00f5tte \u00fclevaade\"><br \/>\n<img decoding=\"async\" src=\"https:\/\/www.hydraulic-cylinders.net\/wp-content\/uploads\/2025\/04\/songte-company-3.webp\" alt=\"Meie tootmis\u00fcksused\"><\/p>\n<p>Autor: lyl<\/p>","protected":false},"excerpt":{"rendered":"<p>Boom Cylinder For Baoding SC400.8 Introduction to the Boom Cylinder The Boom Cylinder is an essential component in hydraulic systems, specifically designed to control the movement of buckets in heavy machinery such as excavators, backhoe loaders, and front loaders. This hydraulic cylinder enables the bucket to lift, lower, and tilt, facilitating various material handling tasks. [&hellip;]<\/p>","protected":false},"featured_media":17869,"comment_status":"open","ping_status":"closed","template":"","meta":{"_et_pb_use_builder":"","_et_pb_old_content":"","_et_gb_content_width":""},"product_brand":[],"product_cat":[1546],"product_tag":[1547,1496],"class_list":{"0":"post-19681","1":"product","2":"type-product","3":"status-publish","4":"has-post-thumbnail","6":"product_cat-boom-cylinders","7":"product_tag-boom-cylinders","8":"product_tag-hydraulic-cylinders","10":"first","11":"instock","12":"shipping-taxable","13":"product-type-simple"},"amp_enabled":true,"_links":{"self":[{"href":"https:\/\/www.hydraulic-cylinders.net\/et\/wp-json\/wp\/v2\/product\/19681","targetHints":{"allow":["GET"]}}],"collection":[{"href":"https:\/\/www.hydraulic-cylinders.net\/et\/wp-json\/wp\/v2\/product"}],"about":[{"href":"https:\/\/www.hydraulic-cylinders.net\/et\/wp-json\/wp\/v2\/types\/product"}],"replies":[{"embeddable":true,"href":"https:\/\/www.hydraulic-cylinders.net\/et\/wp-json\/wp\/v2\/comments?post=19681"}],"wp:featuredmedia":[{"embeddable":true,"href":"https:\/\/www.hydraulic-cylinders.net\/et\/wp-json\/wp\/v2\/media\/17869"}],"wp:attachment":[{"href":"https:\/\/www.hydraulic-cylinders.net\/et\/wp-json\/wp\/v2\/media?parent=19681"}],"wp:term":[{"taxonomy":"product_brand","embeddable":true,"href":"https:\/\/www.hydraulic-cylinders.net\/et\/wp-json\/wp\/v2\/product_brand?post=19681"},{"taxonomy":"product_cat","embeddable":true,"href":"https:\/\/www.hydraulic-cylinders.net\/et\/wp-json\/wp\/v2\/product_cat?post=19681"},{"taxonomy":"product_tag","embeddable":true,"href":"https:\/\/www.hydraulic-cylinders.net\/et\/wp-json\/wp\/v2\/product_tag?post=19681"}],"curies":[{"name":"wp","href":"https:\/\/api.w.org\/{rel}","templated":true}]}}