{"id":19686,"date":"2025-04-07T07:01:40","date_gmt":"2025-04-07T07:01:40","guid":{"rendered":"https:\/\/www.hydraulic-cylinders.net\/product\/boom-cylinder-for-tiangong-zg3255lc-9c\/"},"modified":"2025-04-07T07:01:43","modified_gmt":"2025-04-07T07:01:43","slug":"boom-cylinder-for-tiangong-zg3255lc-9c","status":"publish","type":"product","link":"https:\/\/www.hydraulic-cylinders.net\/et\/toode\/boom-cylinder-for-tiangong-zg3255lc-9c\/","title":{"rendered":"Tiangong ZG3255LC-9C poomi silinder"},"content":{"rendered":"<h1>Tiangong ZG3255LC-9C poomi silinder<\/h1>\n<h2>Toote \u00fclevaade<\/h2>\n<p>Tiangong ZG3255LC-9C noole silinder on oluline h\u00fcdrauliline komponent, mis on spetsiaalselt loodud mitmesuguste raskete masinate, n\u00e4iteks ekskavaatorite, laadurite ja esilaadurite koppade liikumise juhtimiseks. See h\u00fcdrauliline silinder v\u00f5imaldab koppa t\u00f5sta, langetada ja kallutada, muutes selle oluliseks t\u00f6\u00f6riistaks materjalide k\u00e4itlemisel. Kopa silinder toimib h\u00fcdraulilise vedeliku r\u00f5hu abil liikumise loomiseks, pakkudes tugevat j\u00f5udu materjalide t\u00f5husaks kaevamiseks, t\u00f5stmiseks ja transportimiseks. Selle disain keskendub vastupidavusele, tagades, et see talub karmi t\u00f6\u00f6keskkonna raskusi.<\/p>\n<p><img decoding=\"async\" src=\"https:\/\/www.hydraulic-cylinders.net\/wp-content\/uploads\/2025\/04\/songte-company-1.webp\" alt=\"Poomi silindri pilt\" \/><\/p>\n<h2>Poomi silindri omadused<\/h2>\n<ul>\n<li>\n<h3>Suur tugevus ja vastupidavus<\/h3>\n<p>K\u00f5rgtugevast terasest v\u00f5i alumiiniumist valmistatud poomi silinder on loodud taluma k\u00f5rget r\u00f5hku ja suuri koormusi, tagades t\u00f6\u00f6kindluse ka karmides tingimustes. Kasutatud materjalid on valitud kulumiskindluse ja korrosioonikaitse j\u00e4rgi, pikendades toote eluiga.<\/p>\n<\/li>\n<li>\n<h3>T\u00f5hus h\u00fcdrauliline t\u00f6\u00f6<\/h3>\n<p>See silinder t\u00f6\u00f6tab sujuvalt ja reageerib juhtimisk\u00e4sklustele kiiresti t\u00e4nu h\u00fcdraulika\u00f5li r\u00f5hu t\u00f5husale kasutamisele. See pakub m\u00e4rkimisv\u00e4\u00e4rset t\u00f5uke- ja t\u00f5mbej\u00f5udu, mist\u00f5ttu sobib see raskete esemete ja keerukate \u00fclesannete k\u00e4sitsemiseks.<\/p>\n<\/li>\n<li>\n<h3>Mitmekesised t\u00fc\u00fcbid<\/h3>\n<p>Saadaval on erinevad konfiguratsioonid, mis vastavad konkreetsetele t\u00f6\u00f6vajadustele, sealhulgas \u00fchetoimelised (\u00fches suunas t\u00f6\u00f6tavad) ja kahetoimelised (m\u00f5lemas suunas t\u00f6\u00f6tavad) silindrid. Teatud mudelitel on teleskoopkonstruktsioonid, mis v\u00f5imaldavad suuremat ulatust ilma v\u00e4lism\u00f5\u00f5tmeid suurendamata, mis sobib ideaalselt ruumikitsastes rakendustes.<\/p>\n<\/li>\n<li>\n<h3>Kohandatud tootmisv\u00f5imalused<\/h3>\n<p>Me valmistame seda toodet olemasolevate h\u00fcdrosilindrite ideaalseks asendamiseks, tagades \u00fchilduvuse ja j\u00f5udluse. Meie tootmisprotsess vastab k\u00f5rgeimatele standarditele, et rahuldada klientide erinevaid n\u00f5udmisi.<\/p>\n<\/li>\n<li>\n<h3>P\u00f5hjalik kvaliteeditagamine<\/h3>\n<p>K\u00f5ik meie h\u00fcdrosilindrid l\u00e4bivad range testimise ja kvaliteedikontrolli, et tagada nende vastavus t\u00f6\u00f6stusstandarditele. See p\u00fchendumus kvaliteedile tagab meie klientidele poomisilindri j\u00f5udluse ja pikaealisuse.<\/p>\n<\/li>\n<\/ul>\n<p><img decoding=\"async\" src=\"https:\/\/www.hydraulic-cylinders.net\/wp-content\/uploads\/2025\/04\/songte-cylinder-head-with-all-kinds-excavator-models.webp\" alt=\"Silindripea pilt\" \/><\/p>\n<h2>Poomi silindri rakendused<\/h2>\n<ul>\n<li>\n<h3>Ehitustehnika<\/h3>\n<p>Ekskavaatorites m\u00e4ngib noole silinder olulist rolli kaevamisel, laadimisel ja mulla v\u00f5i prahi teisaldamisel. Selle v\u00f5ime h\u00f5lbustada kopa t\u00e4pset liigutamist suurendab t\u00f6\u00f6 efektiivsust, v\u00f5imaldades t\u00f6\u00f6platsidel t\u00f5husat materjalide haldamist.<\/p>\n<\/li>\n<li>\n<h3>P\u00f5llumajandustehnika<\/h3>\n<p>Esilaadurites on noole silinder oluline mulla, heina ja muude materjalide kopeerimiseks, t\u00f5stmiseks ja transportimiseks. Selle usaldusv\u00e4\u00e4rne j\u00f5udlus p\u00f5llumajanduslikes rakendustes maksimeerib tootlikkust, v\u00e4hendades samal ajal operaatori koormust.<\/p>\n<\/li>\n<li>\n<h3>Ekskavaatorid<\/h3>\n<p>Noole silinder v\u00f5imaldab kopal t\u00f5husalt pinnasesse tungida, h\u00f5lbustades t\u00f5husat kaevamist. See v\u00f5ime on \u00fclioluline ehituse, haljastuse ja mitmesuguste mullat\u00f6\u00f6de puhul.<\/p>\n<\/li>\n<li>\n<h3>Laadurid<\/h3>\n<p>Esilaadurites aitavad need koormaid t\u00f5husalt t\u00f5sta ja t\u00fchjendada. Noolesilindri disain v\u00f5imaldab maksimaalset t\u00f5stek\u00f5rgust ja optimaalseid t\u00fchjendamisnurki, mis on materjalide t\u00f5husa k\u00e4itlemise jaoks \u00fclioluline.<\/p>\n<\/li>\n<\/ul>\n<h2>Projekteerimiskaalutlused ja valikukriteeriumid<\/h2>\n<ul>\n<li>\n<h3>Kandev\u00f5ime<\/h3>\n<p>Poomisilindri kandev\u00f5ime on selle konstruktsiooni oluline aspekt. Seda tuleb hinnata, et tagada selle vastavus kasutatavate masinate t\u00f6\u00f6n\u00f5uetele. Insenerid arvestavad silindri maksimaalse raskusega, mida see peab t\u00f5stma, ja tagavad, et kasutatavad materjalid suudavad seda raskust ohutult taluda, v\u00e4ltides rikkeid t\u00f6\u00f6tamise ajal. Projekteerimisetapis tehtud korralikud arvutused aitavad valida silindri jaoks sobivad suurused ja materjalid, et parandada ohutust ja funktsionaalsust.<\/p>\n<\/li>\n<li>\n<h3>Tihendi terviklikkus<\/h3>\n<p>H\u00fcdrauliliste silindrite puhul on tihendamine \u00fclioluline, et v\u00e4ltida vedeliku lekkeid ja s\u00e4ilitada r\u00f5hk. Tihendite valik ja paigaldus peavad tagama pikaajalise j\u00f5udluse ja t\u00f6\u00f6kindluse. Kvaliteetsed tihendid, mis on valmistatud sellistest materjalidest nagu pol\u00fcuretaan ja nitriilkummi, suurendavad silindri vastupidavust. Konstruktsioon peab tagama ka h\u00f5lpsa juurdep\u00e4\u00e4su tihendite vahetamiseks hoolduse ajal, et minimeerida seisakuid ja t\u00f6\u00f6h\u00e4ireid.<\/p>\n<\/li>\n<li>\n<h3>Vastupidavus<\/h3>\n<p>Poomi silindri vastupidavus on oluline, eriti karmides t\u00f6\u00f6tingimustes. Materjalivalikul on pikaealisuse saavutamisel oluline roll, kusjuures kulumiskindluse t\u00f5ttu on eelistatud \u00fclitugev teras v\u00f5i alumiinium. Tootmisprotsessid peaksid h\u00f5lmama t\u00f6\u00f6tlusi, mis suurendavad pinna k\u00f5vadust ja korrosioonikindlust, v\u00f5imaldades silindril vastu pidada ekstreemsetele tingimustele ilma halvenemiseta.<\/p>\n<\/li>\n<li>\n<h3>Turvaelemendid<\/h3>\n<p>H\u00fcdraulilistes s\u00fcsteemides on ohutus esmat\u00e4htis. Noolesilindri konstruktsioon peaks sisaldama selliseid funktsioone nagu r\u00f5hualandusventiilid ja ohutuslukud, et v\u00e4ltida kontrollimatuid liikumisi. Nende funktsioonide korrektseks toimimiseks ja regulatiivsetele standarditele vastavuse tagamiseks tuleks l\u00e4bi viia regulaarseid ohutusauditeid. Operaatorid peaksid olema koolitatud neid ohutusfunktsioone m\u00f5istma, tagades ohutu t\u00f6\u00f6 ja minimeerides \u00f5nnetuste ohtu.<\/p>\n<\/li>\n<li>\n<h3>Hoolduse ligip\u00e4\u00e4setavus<\/h3>\n<p>Poomi silindri hooldust silmas pidades konstrueerimine parandab selle eluiga ja funktsionaalsust. Sellised omadused nagu lihtne juurdep\u00e4\u00e4s m\u00e4\u00e4rimispunktidele, eemaldatavad tihendid ja selged sildid p\u00f5hikomponentide tuvastamiseks v\u00f5ivad muuta hooldust\u00f6\u00f6d kiiremaks ja t\u00f5husamaks. Lisaks peaks operaatoritele olema olemas p\u00f5hjalik hooldusjuhend vajalike hooldust\u00f6\u00f6de t\u00f5husaks teostamiseks.<\/p>\n<\/li>\n<\/ul>\n<p><img decoding=\"async\" src=\"https:\/\/www.hydraulic-cylinders.net\/wp-content\/uploads\/2025\/04\/songte-oil-pipes-and-spare-parts.webp\" alt=\"\u00d5litorude ja varuosade pilt\" \/><\/p>\n<h2>Silindri tihendamine ja m\u00e4\u00e4rimine<\/h2>\n<p>T\u00f5hus tihendamine ja m\u00e4\u00e4rimine on h\u00fcdrauliliste silindrite optimaalse j\u00f5udluse tagamiseks kriitilise t\u00e4htsusega. H\u00fcdraulilise vedeliku lekete v\u00e4ltimiseks kasutatakse mitmesuguseid tihenduselemente, n\u00e4iteks kolvitihendeid ja varrastihendeid. Eelistatud on vastupidavatest materjalidest, nagu pol\u00fcuretaan ja nitriilkummi, valmistatud tihendid, kuna need on vastupidavad kulumisele ja keskkonnateguritele. Silindri korpus ja keermestatud otsapinnad l\u00e4bivad t\u00e4ppist\u00f6\u00f6tluse, et suurendada kulumiskindlust, tagades tiheda tihendi s\u00e4ilimise t\u00f6\u00f6tamise ajal. Regulaarne m\u00e4\u00e4rimine sobiva h\u00fcdraulika\u00f5liga on oluline liikuvate osade vahelise h\u00f5\u00f5rdumise v\u00e4hendamiseks, sujuva t\u00f6\u00f6 soodustamiseks ja enneaegse kulumise v\u00e4ltimiseks. Operaatorid peaksid j\u00e4rgima m\u00e4\u00e4rimisgraafikut, et tagada piisav \u00f5litase ja s\u00e4ilitada optimaalne j\u00f5udlus.<\/p>\n<h2>Regulaarne kontroll ja ennetavad hooldusmeetmed<\/h2>\n<ul>\n<li>\n<h3>Regulaarsed kontrollid<\/h3>\n<p>Poomi silindri regulaarne kontrollimine aitab probleeme tuvastada enne, kui need olulisteks eskaleeruvad. Operaatorid peaksid kontrollima lekete, kulumise ja tihendite ning silindri korpuse kahjustuste m\u00e4rke. Toimivusn\u00e4itajate regulaarne j\u00e4lgimine v\u00f5ib samuti n\u00e4idata, millal on vaja hooldust, tagades, et silinder t\u00f6\u00f6tab etten\u00e4htud parameetrite piires.<\/p>\n<\/li>\n<li>\n<h3>Sobiv m\u00e4\u00e4rimine<\/h3>\n<p>Silindri piisav m\u00e4\u00e4rimine on sujuva t\u00f6\u00f6 tagamiseks h\u00e4davajalik. Operaatorid peaksid j\u00e4rgima tootja juhiseid m\u00e4\u00e4rimissageduse ja kasutatava h\u00fcdraulika\u00f5li t\u00fc\u00fcbi kohta. N\u00f5uetekohane m\u00e4\u00e4rimine v\u00e4hendab h\u00f5\u00f5rdumist, v\u00e4hendab soojuse teket ja pikendab silindri komponentide eluiga.<\/p>\n<\/li>\n<li>\n<h3>Tihendi vahetamine ja kalibreerimise kontrollimine<\/h3>\n<p>H\u00fcdraulikas\u00fcsteemi terviklikkuse s\u00e4ilitamiseks on \u00fclioluline tihendite regulaarne vahetamine vastavalt kulumismustrile. Operaatorid peaksid olema koolitatud tuvastama, millal tihendid vajavad vahetamist, ja j\u00e4rgima \u00f5igeid paigaldusprotseduure. Kalibreerimiskontrollid tagavad silindri etten\u00e4htud funktsioneerimise, aidates v\u00e4ltida joondusprobleeme, mis v\u00f5ivad p\u00f5hjustada t\u00f6\u00f6 ebaefektiivsust.<\/p>\n<\/li>\n<\/ul>\n<p><img decoding=\"async\" src=\"https:\/\/www.hydraulic-cylinders.net\/wp-content\/uploads\/2025\/04\/songte-chushion-collar.webp\" alt=\"Padjakrae pilt\" \/><\/p>\n<h2>Ohutuskaalutlused ja keskkonnategurid<\/h2>\n<p>H\u00fcdrauliliste silindrite kasutamisel on ohutusmeetmed \u00e4\u00e4rmiselt olulised. Operaatorid peavad olema koolitatud m\u00f5istma h\u00fcdrauliliste s\u00fcsteemidega seotud v\u00f5imalikke riske, nagu silindri ootamatu rike v\u00f5i h\u00fcdraulilise vedeliku lekked. Ohutusprotokollide rakendamine, n\u00e4iteks isikukaitsevahendite (IKV) kasutamine ja n\u00f5uetekohase v\u00e4lja\u00f5ppe tagamine, aitab riske maandada. Samuti tuleks arvestada keskkonnakaalutlustega, tagades, et kasutatavad h\u00fcdraulilised vedelikud on keskkonnas\u00f5bralikud ning et k\u00f5ik lekked v\u00f5i mahavalgunud ained k\u00f5rvaldatakse ja puhastatakse viivitamatult saastumise v\u00e4ltimiseks.<\/p>\n<h2>Veaotsing ja levinud probleemid<\/h2>\n<ul>\n<li>\n<h3>Lekked<\/h3>\n<p>H\u00fcdraulilised lekked on \u00fched levinumad probleemid, millega poomisilindrid kokku puutuvad. Need v\u00f5ivad tekkida kulunud tihendite v\u00f5i silindri korpuse kahjustuste t\u00f5ttu. Lekete tuvastamiseks tuleks teha regulaarseid hoolduskontrolle ja vajadusel v\u00f5tta viivitamatuid meetmeid tihendite parandamiseks v\u00f5i vahetamiseks.<\/p>\n<\/li>\n<li>\n<h3>Aeglane t\u00f6\u00f6<\/h3>\n<p>Kui noole silinder t\u00f6\u00f6tab aeglaselt, v\u00f5ib see viidata madalale h\u00fcdraulikavedeliku tasemele v\u00f5i ummistunud voolikule. Operaatorid peaksid kontrollima vedeliku taset ja voolikuid ummistuste suhtes. S\u00fcsteemi \u00f5hutaskute ja v\u00f5\u00f5rkehade vaba olemine on sujuva t\u00f6\u00f6 s\u00e4ilitamiseks \u00fclioluline.<\/p>\n<\/li>\n<li>\n<h3>Ebatavalised m\u00fcrad<\/h3>\n<p>Ebatavalised m\u00fcrad t\u00f6\u00f6tamise ajal v\u00f5ivad viidata sisemistele probleemidele, n\u00e4iteks kavitatsioonile v\u00f5i mehaanilisele rikkele. Operaatorid peaksid t\u00f6\u00f6tamise l\u00f5petama ja viima l\u00e4bi p\u00f5hjaliku kontrolli, et tuvastada m\u00fcra allikas ja teha kohe vajalikud parandust\u00f6\u00f6d.<\/p>\n<\/li>\n<\/ul>\n<h2>N\u00e4pun\u00e4ited t\u00f5husaks t\u00f5rkeotsinguks<\/h2>\n<p>H\u00fcdrauliliste silindrite probleemide t\u00f5husaks diagnoosimiseks ja lahendamiseks peaksid operaatorid j\u00e4rgima s\u00fcstemaatilist l\u00e4henemisviisi. Alustage t\u00f6\u00f6tingimuste \u00fclevaatamisest ja nende v\u00f5rdlemisest tootja soovitustega. Kontrollige k\u00f5iki komponente kulumise, kahjustuste v\u00f5i joondusvigade suhtes. Tegelege v\u00e4iksemate probleemidega viivitamatult, et v\u00e4ltida nende eskaleerumist, ja pidage remondi- ja \u00fclevaatuslogi, et j\u00e4lgida mustreid aja jooksul. Lisaks v\u00f5ib operaatorite regulaarne koolitus t\u00f5rkeotsingu tehnikate kohta hooldusprotsessi t\u00f5husust oluliselt parandada.<\/p>\n<p><img decoding=\"async\" src=\"https:\/\/www.hydraulic-cylinders.net\/wp-content\/uploads\/2025\/04\/songte-bushings-with-all-kinds-of-excavator-models.webp\" alt=\"Pukside pilt\" \/><\/p>\n<h2>Meie ettev\u00f5ttest<\/h2>\n<p>Oleme juhtiv asendush\u00fcdrauliliste silindrite tootja, pakkudes laia tootevalikut nii sise- kui ka v\u00e4listurgudele. Meie p\u00fchendumust tipptasemele r\u00f5hutab keskendumine peentele tootmisprotsessidele ja rangetele tootmisjuhtimise strateegiatele. Kasutades oskuslikke spetsialiste, t\u00e4iustatud digitaalseid tootmisseadmeid ja tugevaid testimiss\u00fcsteeme, t\u00e4iustame pidevalt oma tootmisv\u00f5imekust. See p\u00fchendumus t\u00e4psusele ja kvaliteedile tagab, et rahuldame klientide mitmekesiseid vajadusi suure t\u00f5hususega, t\u00e4psuse ja kvaliteediga.<\/p>\n<ul>\n<li>\n<h3>Professionaalne asjatundlikkus<\/h3>\n<p>Meie meeskond koosneb k\u00f5rgelt kvalifitseeritud spetsialistidest, kes toovad tootmisprotsessi kaasa ulatuslikud teadmised ja kogemused. Nende asjatundlikkus tagab, et k\u00f5ik tooted vastavad t\u00f6\u00f6stusstandarditele v\u00f5i \u00fcletavad neid.<\/p>\n<\/li>\n<li>\n<h3>Rahvusvahelised sertifikaadid<\/h3>\n<p>J\u00e4rgime rahvusvahelisi kvaliteedistandardeid, tagades, et meie tooted on sertifitseeritud \u00fclemaailmsete turgude jaoks. See p\u00fchendumus suurendab meie usaldusv\u00e4\u00e4rsust ja klientide usaldust.<\/p>\n<\/li>\n<li>\n<h3>Kohandatud teenused<\/h3>\n<p>Pakume klientide erivajaduste rahuldamiseks kohandatud lahendusi, pakkudes paindlikkust ja kohandatud tooteid, mis suurendavad tegevuse efektiivsust.<\/p>\n<\/li>\n<li>\n<h3>Tipptasemel tootmisseadmed<\/h3>\n<p>Meie tootmis\u00fcksused on varustatud uusima tehnoloogiaga, mis v\u00f5imaldab meil toota kvaliteetseid h\u00fcdrosilindreid t\u00e4pselt ja t\u00f5husalt.<\/p>\n<\/li>\n<li>\n<h3>P\u00f5hjalik m\u00fc\u00fcgij\u00e4rgne tugi<\/h3>\n<p>Usume oma klientidele pideva toe pakkumisse, pakkudes m\u00fc\u00fcgij\u00e4rgset teenindust, mis tagab meie toodete pikaealisuse ja t\u00f6\u00f6kindluse.<\/p>\n<\/li>\n<\/ul>\n<p><img decoding=\"async\" src=\"https:\/\/www.hydraulic-cylinders.net\/wp-content\/uploads\/2025\/04\/songte-company-4.webp\" alt=\"Ettev\u00f5tte pilt 1\" \/><br \/>\n<img decoding=\"async\" src=\"https:\/\/www.hydraulic-cylinders.net\/wp-content\/uploads\/2025\/04\/songte-company-3.webp\" alt=\"Ettev\u00f5tte pilt 2\" \/><\/p>\n<p>Autor lyl<\/p>","protected":false},"excerpt":{"rendered":"<p>Boom Cylinder For Tiangong ZG3255LC-9C Product Overview The Boom Cylinder for Tiangong ZG3255LC-9C is an essential hydraulic component specifically designed to control the motion of buckets in various heavy machinery, such as excavators, backhoes, and front loaders. This hydraulic cylinder allows for the lifting, lowering, and tilting of the bucket, making it a vital tool [&hellip;]<\/p>","protected":false},"featured_media":17874,"comment_status":"open","ping_status":"closed","template":"","meta":{"_et_pb_use_builder":"","_et_pb_old_content":"","_et_gb_content_width":""},"product_brand":[],"product_cat":[1546],"product_tag":[1547,1496],"class_list":{"0":"post-19686","1":"product","2":"type-product","3":"status-publish","4":"has-post-thumbnail","6":"product_cat-boom-cylinders","7":"product_tag-boom-cylinders","8":"product_tag-hydraulic-cylinders","10":"first","11":"instock","12":"shipping-taxable","13":"product-type-simple"},"amp_enabled":true,"_links":{"self":[{"href":"https:\/\/www.hydraulic-cylinders.net\/et\/wp-json\/wp\/v2\/product\/19686","targetHints":{"allow":["GET"]}}],"collection":[{"href":"https:\/\/www.hydraulic-cylinders.net\/et\/wp-json\/wp\/v2\/product"}],"about":[{"href":"https:\/\/www.hydraulic-cylinders.net\/et\/wp-json\/wp\/v2\/types\/product"}],"replies":[{"embeddable":true,"href":"https:\/\/www.hydraulic-cylinders.net\/et\/wp-json\/wp\/v2\/comments?post=19686"}],"wp:featuredmedia":[{"embeddable":true,"href":"https:\/\/www.hydraulic-cylinders.net\/et\/wp-json\/wp\/v2\/media\/17874"}],"wp:attachment":[{"href":"https:\/\/www.hydraulic-cylinders.net\/et\/wp-json\/wp\/v2\/media?parent=19686"}],"wp:term":[{"taxonomy":"product_brand","embeddable":true,"href":"https:\/\/www.hydraulic-cylinders.net\/et\/wp-json\/wp\/v2\/product_brand?post=19686"},{"taxonomy":"product_cat","embeddable":true,"href":"https:\/\/www.hydraulic-cylinders.net\/et\/wp-json\/wp\/v2\/product_cat?post=19686"},{"taxonomy":"product_tag","embeddable":true,"href":"https:\/\/www.hydraulic-cylinders.net\/et\/wp-json\/wp\/v2\/product_tag?post=19686"}],"curies":[{"name":"wp","href":"https:\/\/api.w.org\/{rel}","templated":true}]}}