{"id":19688,"date":"2025-04-07T07:01:54","date_gmt":"2025-04-07T07:01:54","guid":{"rendered":"https:\/\/www.hydraulic-cylinders.net\/product\/boom-cylinder-for-tiangong-zg3255lc-9\/"},"modified":"2025-04-07T07:01:59","modified_gmt":"2025-04-07T07:01:59","slug":"boom-cylinder-for-tiangong-zg3255lc-9","status":"publish","type":"product","link":"https:\/\/www.hydraulic-cylinders.net\/et\/toode\/boom-cylinder-for-tiangong-zg3255lc-9\/","title":{"rendered":"Tiangong ZG3255LC-9 poomi silinder"},"content":{"rendered":"<h1>Tiangong ZG3255LC-9 poomi silinder<\/h1>\n<h2>Poomi silindri m\u00f5istmine<\/h2>\n<p>Noole silinder on spetsiaalne h\u00fcdrauliline silinder, mis on loodud kopa liikumise juhtimiseks erinevates rasketes masinates, n\u00e4iteks ekskavaatorites, laadur-ekskavaatorites ja esilaadurites. Selle peamine \u00fclesanne on v\u00f5imaldada kopa t\u00f5stmist, langetamist ja kallutamist, mis h\u00f5lbustab t\u00f5husaid materjali k\u00e4itlemise \u00fclesandeid. Noole silindrite t\u00f6\u00f6 on h\u00fcdraulikas\u00fcsteemides \u00fclioluline, kuna need pakuvad t\u00e4psust ja v\u00f5imsust, mida on vaja raskete esemete t\u00f5stmiseks ja kaevamiseks.<\/p>\n<p><img decoding=\"async\" src=\"https:\/\/www.hydraulic-cylinders.net\/wp-content\/uploads\/2025\/04\/songte-company-1.webp\" alt=\"Poomi silinder\"><\/p>\n<h2>Poomi silindri p\u00f5hijooned<\/h2>\n<ul>\n<li><strong>Suur tugevus ja vastupidavus:<\/strong> Tavaliselt \u00fclitugevast terasest v\u00f5i alumiiniumist valmistatud noolesilindrid taluvad k\u00f5rget r\u00f5hku ja suuri koormusi, mist\u00f5ttu sobivad need ideaalselt karmidesse t\u00f6\u00f6keskkondadesse. Nende disain h\u00f5lmab kulumiskindlust ja korrosioonikaitset, mis pikendab nende eluiga.<\/li>\n<li><strong>T\u00f5hus h\u00fcdrauliline t\u00f6\u00f6:<\/strong> Silinder t\u00f6\u00f6tab h\u00fcdraulilise \u00f5lir\u00f5hu abil, mis v\u00f5imaldab sujuvat v\u00e4lja- ja tagasit\u00f5mbamist. See reageerib kiiresti juhtimisk\u00e4sklustele, pakkudes v\u00f5imsat t\u00f5uke- ja t\u00f5mbej\u00f5udu, mis sobib raskete esemete ja keerukate \u00fclesannete k\u00e4sitsemiseks.<\/li>\n<li><strong>T\u00fc\u00fcpide mitmekesisus:<\/strong> Poomi silindrid saab valida \u00fchetoimelistena (kasutades h\u00fcdraulilist r\u00f5hku \u00fches suunas) v\u00f5i kahetoimelistena (kasutades h\u00fcdraulilist r\u00f5hku m\u00f5lemas suunas), et rahuldada erinevaid t\u00f6\u00f6vajadusi. M\u00f5ned mudelid on teleskoopilised, mis v\u00f5imaldab suuremat pikendamist ilma v\u00e4lism\u00f5\u00f5tmeid suurendamata, sobides piiratud ruumiga rakenduste jaoks.<\/li>\n<li><strong>Kohandatavad kujundused:<\/strong> Me saame seda toodet toota, pakkudes ideaalseid asendusi erinevates masinates kasutatavatele h\u00fcdraulilistele silindritele.<\/li>\n<li><strong>T\u00e4iustatud tehnoloogia:<\/strong> Meie tootmisprotsess integreerib tipptehnoloogiat, tagades kvaliteetse v\u00e4ljundi, mis vastab t\u00f6\u00f6stusstandarditele.<\/li>\n<\/ul>\n<p><img decoding=\"async\" src=\"https:\/\/www.hydraulic-cylinders.net\/wp-content\/uploads\/2025\/04\/songte-cylinder-head-with-all-kinds-excavator-models.webp\" alt=\"Ekskavaatori mudelid\"><\/p>\n<h2>Poomi silindri rakendused<\/h2>\n<h3>Ehitustehnika<\/h3>\n<p>Ekskavaatorites on noolesilindrid \u00fcliolulised kaevamisel, laadimisel ja mulla v\u00f5i prahi teisaldamisel. Nende v\u00f5ime koppa t\u00f5sta ja langetada parandab ekskavaatori funktsionaalsust, v\u00f5imaldades t\u00f5husat t\u00f6\u00f6tamist erinevates ehitust\u00f6\u00f6des. Ekskavaator-laadurites aitavad need silindrid nii kaevamisel kui ka t\u00f5stmisel, muutes need mullat\u00f6\u00f6de projektides asendamatuks.<\/p>\n<h3>P\u00f5llumajandustehnika<\/h3>\n<p>Esilaadurites on noolesilindrid h\u00e4davajalikud mulla, heina ja muude materjalide kopeerimiseks, t\u00f5stmiseks ja transportimiseks. Need v\u00f5imaldavad p\u00f5llumajandust\u00f6\u00f6de kiiret ja t\u00f5husat teostamist, parandades tootlikkust taludes ja p\u00f5llumajandustegevuses.<\/p>\n<h3>Ekskavaatorid<\/h3>\n<p>Ekskavaatorites v\u00f5imaldab noole silinder kopal pinnasesse tungida, h\u00f5lbustades kaevamistoiminguid. See v\u00f5ime on oluline kaevet\u00f6\u00f6de, vundamendit\u00f6\u00f6de ja platsi ettevalmistamise jaoks, tagades t\u00f6\u00f6de t\u00f5husa ja tulemusliku t\u00e4itmise.<\/p>\n<h3>Laadurid<\/h3>\n<p>Esilaadurites vastutavad poomi silindrid materjalide t\u00f5husa t\u00f5stmise ja t\u00fchjendamise eest. Nende tugev t\u00f6\u00f6 v\u00f5imaldab raskete koormate kiiret teisaldamist, optimeerides \u00fcldist j\u00f5udlust ehitus- ja materjalik\u00e4itlusrakendustes.<\/p>\n<h2>Projekteerimiskaalutlused ja valikukriteeriumid<\/h2>\n<h3>Kandev\u00f5ime<\/h3>\n<p>Poomi silindri valimisel tuleb hoolikalt kaaluda kandev\u00f5imet. See parameeter m\u00e4\u00e4rab, kui suurt raskust silinder suudab rikketa taluda. Suurem kandev\u00f5ime t\u00e4hendab, et silinder suudab t\u00f5husalt t\u00e4ita raskemaid \u00fclesandeid, kuid see tuleb sageli suurema suuruse ja kaalu hinnaga. Seet\u00f5ttu on oluline tasakaalustada kandev\u00f5imet masina \u00fcldise konstruktsiooni ja t\u00f6\u00f6n\u00f5uetega.<\/p>\n<h3>Tihendus ja vastupidavus<\/h3>\n<p>H\u00fcdrauliliste silindrite puhul on tihendamine \u00fclioluline lekete v\u00e4ltimiseks ja t\u00f5husa t\u00f6\u00f6 tagamiseks. Kvaliteetsed tihendid tuleb valida vastavalt kasutatava vedeliku t\u00fc\u00fcbile ja t\u00f6\u00f6keskkonnale. N\u00f5uetekohane tihendamine s\u00e4ilitab h\u00fcdraulilise r\u00f5hu ja tagab silindri pikaealisuse. Lisaks tuleb kasutatavad materjalid valida vastavalt nende v\u00f5imele taluda kulumist, korrosiooni ja k\u00f5rget r\u00f5hku, kuna need tegurid m\u00f5jutavad oluliselt silindri vastupidavust.<\/p>\n<h3>Turvaelemendid<\/h3>\n<p>H\u00fcdraulilistes s\u00fcsteemides on ohutus esmat\u00e4htis. Poomi silindritel peaksid olema ohutusfunktsioonid, n\u00e4iteks \u00fcler\u00f5huventiilid ja turvalukud, et v\u00e4ltida \u00f5nnetusi t\u00f6\u00f6tamise ajal. Nende ohutusmeetmete rakendamine minimeerib h\u00fcdraulika riketega seotud riske, tagades nii operaatori kui ka seadmete ohutuse keerulistes keskkondades.<\/p>\n<p><img decoding=\"async\" src=\"https:\/\/www.hydraulic-cylinders.net\/wp-content\/uploads\/2025\/04\/songte-oil-pipes-and-spare-parts.webp\" alt=\"\u00d5litorud ja varuosad\"><\/p>\n<h2>Tihendus ja m\u00e4\u00e4rimine<\/h2>\n<p>Poomi silindrite t\u00f5husa toimimise tagamiseks on oluline korralik tihendamine ja m\u00e4\u00e4rimine. Tiheda sulgemise tagamiseks kasutatakse mitmesuguseid tihenduskomponente, n\u00e4iteks kolvitihendeid ja varrastihendeid. Nende tihendite jaoks kasutatakse tavaliselt vastupidavaid materjale nagu pol\u00fcuretaan ja nitriilkummi nende suurep\u00e4rase kulumiskindluse t\u00f5ttu. Lisaks sellele t\u00f6\u00f6deldakse h\u00fcdraulilise silindri korpust ja keermestatud otsapinda peeneks, et suurendada kulumiskindlust. Regulaarne m\u00e4\u00e4rimine h\u00fcdraulika\u00f5liga on h\u00e4davajalik sujuva t\u00f6\u00f6 tagamiseks ja kulumise v\u00e4ltimiseks.<\/p>\n<h2>Ennetavad hooldusmeetmed<\/h2>\n<ul>\n<li><strong>Regulaarsed kontrollid:<\/strong> Kontrollige silindreid kulumis-, lekete- v\u00f5i kahjustuste suhtes. V\u00f5imalike probleemide varajane avastamine aitab v\u00e4ltida kulukaid remondit\u00f6id ja pikendada silindri eluiga.<\/li>\n<li><strong>\u00d5ige m\u00e4\u00e4rimine:<\/strong> Veenduge, et silinder oleks piisavalt m\u00e4\u00e4ritud sobiva h\u00fcdraulika\u00f5liga. See v\u00e4hendab h\u00f5\u00f5rdumist ja kulumist, aidates kaasa h\u00fcdraulikas\u00fcsteemi t\u00f5husale t\u00f6\u00f6le.<\/li>\n<li><strong>Tihendi vahetamine:<\/strong> Kontrollige regulaarselt tihendite kahjustusi ja vajadusel vahetage need v\u00e4lja. Kulunud tihendid v\u00f5ivad p\u00f5hjustada h\u00fcdraulikavedeliku lekkeid, mis kahjustavad s\u00fcsteemi j\u00f5udlust ja ohutust.<\/li>\n<\/ul>\n<h2>Paigaldusjuhised<\/h2>\n<p>Poomi silindri \u00f5ige paigaldamine on optimaalse j\u00f5udluse saavutamiseks kriitilise t\u00e4htsusega. Paigaldamisel veenduge, et silinder oleks masinaga \u00f5igesti joondatud, et v\u00e4ltida komponentide liigset pinget. Silindri kindlale kinnitamisele on soovitatav kasutada sobivaid kinnitusklambreid. J\u00e4rgige tootja spetsifikatsioone soovitatud p\u00f6\u00f6rdemomendi s\u00e4tete ja paigaldusprotseduuride kohta. Kontrollige paigaldust regulaarselt joonduse v\u00f5i kulumise tunnuste suhtes ning tehke vajalikud muudatused t\u00f5husa t\u00f6\u00f6 s\u00e4ilitamiseks.<\/p>\n<h2>Levinumad hooldust\u00f6\u00f6d<\/h2>\n<h3>Regulaarsed kontrollid<\/h3>\n<p>Tehke h\u00fcdraulikas\u00fcsteemidele regulaarseid kontrolle, et veenduda nende korrektses toimimises. See h\u00f5lmab lekete otsimist, silindrite j\u00f5udluse hindamist ja k\u00f5igi komponentide etten\u00e4htud viisil toimimise kinnitamist. Probleemide, n\u00e4iteks ebatavaliste helide v\u00f5i v\u00e4henenud efektiivsuse varajane avastamine v\u00f5ib remondikulusid oluliselt v\u00e4hendada.<\/p>\n<h3>\u00d5ige m\u00e4\u00e4rimine<\/h3>\n<p>M\u00e4\u00e4rimine on h\u00fcdraulilise silindri pikaealisuse tagamiseks \u00fclioluline. \u00d5ige t\u00fc\u00fcpi h\u00fcdraulika\u00f5li kasutamine ja selle soovitatud taseme tagamine on \u00fclioluline. Regulaarsed m\u00e4\u00e4rdeaine kontrollid ja vahetamine aitavad v\u00e4ltida ebapiisavast m\u00e4\u00e4rimisest tingitud mehaanilisi probleeme, s\u00e4ilitades seel\u00e4bi t\u00f6\u00f6 efektiivsuse.<\/p>\n<h3>Tihendi vahetamine ja kalibreerimise kontrollimine<\/h3>\n<p>Tihendid on t\u00f6\u00f6 ajal tekkiva suure r\u00f5hu ja h\u00f5\u00f5rdumise t\u00f5ttu altid kulumisele. Lekete v\u00e4ltimiseks kontrollige ja vahetage tihendeid regulaarselt. Samuti tuleks teha kalibreerimiskontrolle, et tagada h\u00fcdros\u00fcsteemi toimimine etten\u00e4htud piirides, parandades \u00fcldist j\u00f5udlust ja ohutust.<\/p>\n<p><img decoding=\"async\" src=\"https:\/\/www.hydraulic-cylinders.net\/wp-content\/uploads\/2025\/04\/songte-chushion-collar.webp\" alt=\"Padjakaelus\"><\/p>\n<h2>Ohutus- ja keskkonnakaalutlused<\/h2>\n<p>H\u00fcdrauliliste silindritega tegelemisel on ohutusmeetmed \u00fcliolulised. H\u00fcdromehaaniliste seadmete ohutu k\u00e4sitsemise tagamiseks on oluline operaatorite n\u00f5uetekohane v\u00e4lja\u00f5pe. Lisaks tuleks kasutusele v\u00f5tta keskkonnas\u00f5bralikke tavasid, n\u00e4iteks h\u00fcdrauliliste vedelike ja materjalide n\u00f5uetekohane k\u00f5rvaldamine. Teadlikkus h\u00fcdrauliliste s\u00fcsteemidega seotud v\u00f5imalikest ohtudest aitab s\u00e4ilitada ohutu t\u00f6\u00f6keskkonna.<\/p>\n<h2>Veaotsing ja levinud probleemid<\/h2>\n<ul>\n<li><strong>H\u00fcdraulilise vedeliku lekked:<\/strong> Kontrollige tihendite ja \u00fchenduste \u00fcmbrusest n\u00e4htavaid lekkeid. Vahetage kahjustatud tihendid v\u00e4lja ja veenduge, et k\u00f5ik liitmikud oleksid tihedalt kinnitatud, et v\u00e4ltida vedeliku lekkimist.<\/li>\n<li><strong>Silindri kehv j\u00f5udlus:<\/strong> Kui silinder t\u00f6\u00f6tab aeglaselt, kontrollige, kas h\u00fcdraulikavedeliku tase on madal v\u00f5i et h\u00fcdraulikavedelikus pole saastunud. Veenduge, et m\u00e4\u00e4rimine oleks \u00f5ige ja kontrollige, kas s\u00fcsteemis on \u00f5hku.<\/li>\n<li><strong>Ebatavalised helid:<\/strong> M\u00fcra v\u00f5ib viidata mehaanilistele probleemidele h\u00fcdros\u00fcsteemis. Kontrollige lahtiste komponentide v\u00f5i sisemiste kahjustuste suhtes ja k\u00f5rvaldage need kohe, et v\u00e4ltida edasisi probleeme.<\/li>\n<\/ul>\n<h2>Veaotsingu n\u00e4pun\u00e4ited ja ennetavad meetmed<\/h2>\n<p>H\u00fcdrauliliste probleemide t\u00f5husaks diagnoosimiseks ja lahendamiseks pidage kinni regulaarsest hooldusgraafikust, et potentsiaalsed probleemid varakult avastada. Operaatorid peaksid olema koolitatud \u00e4ra tundma hoiatusm\u00e4rke, n\u00e4iteks ebaregulaarseid helisid v\u00f5i j\u00f5udlust, et kiiresti tegutseda. H\u00fcdraulilise vedeliku taseme ja tihendite seisukorra regulaarne kontroll v\u00f5ib oluliselt v\u00e4hendada suuremate rikete t\u00f5en\u00e4osust.<\/p>\n<p><img decoding=\"async\" src=\"https:\/\/www.hydraulic-cylinders.net\/wp-content\/uploads\/2025\/04\/songte-bushings-with-all-kinds-of-excavator-models.webp\" alt=\"Puksid ekskavaatorimudelitega\"><\/p>\n<h2>Ettev\u00f5tte \u00fclevaade<\/h2>\n<p>Oleme juhtiv asendush\u00fcdrauliliste silindrite tootja, mille lai tootevalik positsioneerib meid nii sise- kui ka rahvusvahelistel turgudel \u00fche juhtiva tootja ja hulgim\u00fc\u00fcjana. J\u00e4rgime rangeid kvaliteedistandardeid ja kasutame t\u00e4iustatud tootmisstrateegiat oma tootmisv\u00f5imaluste suurendamiseks. Meie tehnoloogiline oskusteave, t\u00e4iustatud tootmisseadmed ja professionaalsed testimiss\u00fcsteemid v\u00f5imaldavad meil pidevalt oma tootmisplatvormi t\u00e4iustada ja tagada k\u00f5rgeima kvaliteediga tooted. Oleme uhked oma v\u00f5ime \u00fcle rahuldada klientide mitmekesiseid vajadusi t\u00f5husalt, t\u00e4pselt ja tipptasemel.<\/p>\n<p><img decoding=\"async\" src=\"https:\/\/www.hydraulic-cylinders.net\/wp-content\/uploads\/2025\/04\/songte-company-4.webp\" alt=\"Ettev\u00f5tte \u00fclevaade\"><br \/>\n<img decoding=\"async\" src=\"https:\/\/www.hydraulic-cylinders.net\/wp-content\/uploads\/2025\/04\/songte-company-3.webp\" alt=\"Ettev\u00f5tte tootmine\"><\/p>\n<p>Lisaks meie professionaalsusele ja rahvusvahelistele sertifikaatidele pakume ka kohandatud teenuseid, et rahuldada klientide erivajadusi. Meie tootmis\u00fcksused on varustatud tipptasemel masinatega, mis v\u00f5imaldavad t\u00f5husalt toota kvaliteetseid tooteid. Lisaks oleme p\u00fchendunud pakkuma erakordset m\u00fc\u00fcgij\u00e4rgset teenindust, et toetada oma kliente ka kaua p\u00e4rast m\u00fc\u00fcgi l\u00f5puleviimist.<\/p>\n<p>Autor: lyl<\/p>","protected":false},"excerpt":{"rendered":"<p>Boom Cylinder For Tiangong ZG3255LC-9 Understanding the Boom Cylinder The Boom Cylinder is a specialized hydraulic cylinder designed to control the movement of the bucket in various heavy machinery, such as excavators, backhoe loaders, and front-end loaders. Its primary function is to enable the bucket to lift, lower, and tilt, which facilitates effective material handling [&hellip;]<\/p>","protected":false},"featured_media":17876,"comment_status":"open","ping_status":"closed","template":"","meta":{"_et_pb_use_builder":"","_et_pb_old_content":"","_et_gb_content_width":""},"product_brand":[],"product_cat":[1546],"product_tag":[1547,1496],"class_list":{"0":"post-19688","1":"product","2":"type-product","3":"status-publish","4":"has-post-thumbnail","6":"product_cat-boom-cylinders","7":"product_tag-boom-cylinders","8":"product_tag-hydraulic-cylinders","10":"first","11":"instock","12":"shipping-taxable","13":"product-type-simple"},"amp_enabled":true,"_links":{"self":[{"href":"https:\/\/www.hydraulic-cylinders.net\/et\/wp-json\/wp\/v2\/product\/19688","targetHints":{"allow":["GET"]}}],"collection":[{"href":"https:\/\/www.hydraulic-cylinders.net\/et\/wp-json\/wp\/v2\/product"}],"about":[{"href":"https:\/\/www.hydraulic-cylinders.net\/et\/wp-json\/wp\/v2\/types\/product"}],"replies":[{"embeddable":true,"href":"https:\/\/www.hydraulic-cylinders.net\/et\/wp-json\/wp\/v2\/comments?post=19688"}],"wp:featuredmedia":[{"embeddable":true,"href":"https:\/\/www.hydraulic-cylinders.net\/et\/wp-json\/wp\/v2\/media\/17876"}],"wp:attachment":[{"href":"https:\/\/www.hydraulic-cylinders.net\/et\/wp-json\/wp\/v2\/media?parent=19688"}],"wp:term":[{"taxonomy":"product_brand","embeddable":true,"href":"https:\/\/www.hydraulic-cylinders.net\/et\/wp-json\/wp\/v2\/product_brand?post=19688"},{"taxonomy":"product_cat","embeddable":true,"href":"https:\/\/www.hydraulic-cylinders.net\/et\/wp-json\/wp\/v2\/product_cat?post=19688"},{"taxonomy":"product_tag","embeddable":true,"href":"https:\/\/www.hydraulic-cylinders.net\/et\/wp-json\/wp\/v2\/product_tag?post=19688"}],"curies":[{"name":"wp","href":"https:\/\/api.w.org\/{rel}","templated":true}]}}