{"id":19689,"date":"2025-04-07T07:01:59","date_gmt":"2025-04-07T07:01:59","guid":{"rendered":"https:\/\/www.hydraulic-cylinders.net\/product\/boom-cylinder-for-tiangong-zg3225lc-9c\/"},"modified":"2025-04-07T07:02:02","modified_gmt":"2025-04-07T07:02:02","slug":"boom-cylinder-for-tiangong-zg3225lc-9c","status":"publish","type":"product","link":"https:\/\/www.hydraulic-cylinders.net\/et\/toode\/boom-cylinder-for-tiangong-zg3225lc-9c\/","title":{"rendered":"Tiangong ZG3225LC-9C poomi silinder"},"content":{"rendered":"<h1>Tiangong ZG3225LC-9C poomi silinder<\/h1>\n<h2>Sissejuhatus poomi silindrisse<\/h2>\n<p>Noole silinder on h\u00fcdraulikas\u00fcsteemide oluline komponent, mis on spetsiaalselt loodud koppade liikumise juhtimiseks rasketes masinates, n\u00e4iteks ekskavaatorites, laadur-ekskavaatorites ja esilaadurites. See h\u00fcdraulika silinder v\u00f5imaldab koppa t\u00f5sta, langetada ja kallutada, h\u00f5lbustades mitmesuguseid materjalik\u00e4itlust\u00f6id. See m\u00e4ngib olulist rolli ehitus- ja kaevet\u00f6\u00f6de efektiivsuse ja t\u00e4psuse suurendamisel.<\/p>\n<p><img decoding=\"async\" src=\"https:\/\/www.hydraulic-cylinders.net\/wp-content\/uploads\/2025\/04\/songte-company-1.webp\" alt=\"Poomi silinder\"><\/p>\n<h3>Definitsioon ja \u00fclevaade<\/h3>\n<p>Kopa silinder ehk noole silinder on h\u00fcdraulilise silindri t\u00fc\u00fcp, mis annab kopa asendi muutmiseks vajaliku j\u00f5u. Need silindrid on konstrueeritud taluma k\u00f5rget r\u00f5hku ja koormust, muutes need asendamatuks rasketes rakendustes. Nende v\u00f5ime tagada kontrollitud liigutused v\u00f5imaldab operaatoritel h\u00f5lpsalt t\u00e4ita selliseid \u00fclesandeid nagu kaevamine, t\u00f5stmine ja laadimine.<\/p>\n<h2>Poomi silindri omadused<\/h2>\n<ul>\n<li><strong>Suur tugevus ja vastupidavus:<\/strong> K\u00f5rgtugevast terasest v\u00f5i alumiiniumist valmistatud poomi silinder on v\u00f5imeline vastu pidama k\u00f5rgele r\u00f5hule ja rasketele koormustele. Selle konstruktsioon arvestab kulumiskindluse ja korrosioonikaitsega, tagades pika eluea isegi karmides t\u00f6\u00f6keskkondades.<\/li>\n<li><strong>T\u00f5hus h\u00fcdrauliline t\u00f6\u00f6:<\/strong> Silinder t\u00f6\u00f6tab h\u00fcdraulika\u00f5li r\u00f5hu abil, mis v\u00f5imaldab sujuvat v\u00e4lja- ja tagasit\u00f5mbamist. See reageerib operaatori k\u00e4sklustele kiiresti, pakkudes v\u00f5imsaid t\u00f5uke- ja t\u00f5mbej\u00f5ude, mis sobivad raskete ja keerukate \u00fclesannete t\u00e4itmiseks.<\/li>\n<li><strong>Erinevad t\u00fc\u00fcbid:<\/strong> Poomi silindrit saab kohandada \u00fchetoimeliseks (t\u00f6\u00f6tab \u00fches suunas) v\u00f5i kahetoimeliseks (t\u00f6\u00f6tab m\u00f5lemas suunas), et see vastaks erinevatele t\u00f6\u00f6vajadustele. M\u00f5ned mudelid on teleskoopilised, v\u00f5imaldades suuremat pikendust ilma v\u00e4lism\u00f5\u00f5tmeid suurendamata, mis sobib ideaalselt ruumikitsastes rakendustes.<\/li>\n<li><strong>T\u00e4ppistehnika:<\/strong> Iga silinder on hoolikalt disainitud, et tagada optimaalne j\u00f5udlus ja t\u00f6\u00f6kindlus. See t\u00e4psus t\u00e4hendab paremat t\u00f6\u00f6ohutust ja t\u00f5husust.<\/li>\n<li><strong>Kohandatud tootmine:<\/strong> Meil on v\u00f5imekus seda toodet toota, pakkudes ideaalseid asendusi olemasolevatele h\u00fcdrosilindritele.<\/li>\n<\/ul>\n<p><img decoding=\"async\" src=\"https:\/\/www.hydraulic-cylinders.net\/wp-content\/uploads\/2025\/04\/songte-cylinder-head-with-all-kinds-excavator-models.webp\" alt=\"Ekskavaatori mudelid\"><\/p>\n<h2>Poomi silindri rakendused<\/h2>\n<h3>Ehitustehnika<\/h3>\n<p>Ekskavaatorites on noolesilindrid lahutamatu osa kaevamis-, laadimis- ja mulla v\u00f5i prahi teisaldamisprotsessidest. Nende funktsioon v\u00f5imaldab t\u00e4pset positsioneerimist ja t\u00f5stmist, mis on ehitust\u00f6\u00f6del \u00fclioluline. Ekskavaator-laadurites abistavad need nii kaevamisel kui ka t\u00f5stmisel, muutes need mitmek\u00fclgseteks t\u00f6\u00f6riistadeks ehitusplatsidel.<\/p>\n<h3>P\u00f5llumajandustehnika<\/h3>\n<p>Esilaadurites h\u00f5lbustavad noolesilindrid mulla, heina ja muude materjalide koputamist, t\u00f5stmist ja transportimist. Nende tugevus ja t\u00f6\u00f6kindlus tagavad p\u00f5llumajandust\u00f6\u00f6de t\u00f5husa l\u00f5puleviimise, suurendades tootlikkust ja minimeerides t\u00f6\u00f6j\u00f5ukulusid.<\/p>\n<h3>Ekskavaatorid<\/h3>\n<p>Ekskavaatorites v\u00f5imaldab kopa silinder t\u00f5husat kaevamist, v\u00f5imaldades kopal t\u00f5husalt pinnasesse tungida. See v\u00f5ime on oluline mitmesuguste t\u00f6\u00f6de puhul, alates ehitusest kuni haljastuseni, tagades, et operaatorid saavad oma t\u00f6\u00f6d minimaalse pingutusega teha.<\/p>\n<h3>Laadurid<\/h3>\n<p>Esilaadurites m\u00e4ngivad noolesilindrid koormate t\u00f5husal t\u00f5stmisel ja t\u00fchjendamisel olulist rolli. Nende konstruktsioon v\u00f5imaldab sujuvat t\u00f6\u00f6d, v\u00e4hendades laadimist\u00f6\u00f6de tegemiseks kuluvat aega, mis on oluline tootlikkuse s\u00e4ilitamiseks kohapeal.<\/p>\n<h2>Projekteerimiskaalutlused ja valikustandardid<\/h2>\n<h3>Kandev\u00f5ime<\/h3>\n<p>Poomi silindri valimisel on \u00fclioluline m\u00f5ista selle kandev\u00f5imet. Silinder peab suutma taluda maksimaalset raskust, millega see t\u00f6\u00f6tamise ajal kokku puutub. Insenerid v\u00f5tavad arvesse mitmesuguseid tegureid, sealhulgas materjalide kaalu ja seadme \u00fcldist konstruktsiooni. Silindri \u00fclekoormamine v\u00f5ib p\u00f5hjustada katastroofilisi rikkeid, mist\u00f5ttu on oluline valida komponent, mis \u00fcletab eeldatava koormuse.<\/p>\n<h3>Tihendus<\/h3>\n<p>Tihendus on veel \u00fcks oluline kaalutlus. Silinder peab olema varustatud kvaliteetsete tihenditega, et v\u00e4ltida h\u00fcdraulilise vedeliku lekkeid, mis v\u00f5ivad j\u00f5udlust halvendada. Sageli kasutatakse sellistest materjalidest nagu pol\u00fcuretaan v\u00f5i nitriilkummi valmistatud tihendeid nende vastupidavuse ja kulumiskindluse t\u00f5ttu. N\u00f5uetekohase tihenduse tagamine mitte ainult ei paranda efektiivsust, vaid pikendab ka silindri eluiga.<\/p>\n<h3>Vastupidavus<\/h3>\n<p>Poomi silindrite puhul on vastupidavus oluline, kuna need peavad t\u00f6\u00f6tama karmides tingimustes. Tootjad keskenduvad vastupidavate materjalide ja katete kasutamisele, mis on vastupidavad kulumisele ja korrosioonile. Vastupidav silinder minimeerib hooldusvajadust ja suurendab t\u00f6\u00f6kindlust, tagades seadmete pikema t\u00f6\u00f6perioodi.<\/p>\n<h3>Ohutus<\/h3>\n<p>Esmat\u00e4htis peaks olema ka ohutusfunktsioon. H\u00fcdrosilindritel peavad olema sisseehitatud ohutusmehhanismid, et v\u00e4ltida ootamatuid rikkeid t\u00f6\u00f6tamise ajal. See v\u00f5ib h\u00f5lmata r\u00f5huvabastusventiile ja turvalukke, mis tagavad, et silinder ei t\u00f6\u00f6ta v\u00e4ljaspool ohutuid piire. N\u00f5uetekohased ohutusmeetmed kaitsevad nii seadet kui ka operaatorit.<\/p>\n<h3>Hooldatavus<\/h3>\n<p>L\u00f5puks m\u00e4ngib valikuprotsessis olulist rolli hooldatavus. Lihtsat hooldust ja kontrolli v\u00f5imaldava konstruktsiooni valimine aitab aega kokku hoida ja seisakuid v\u00e4hendada. Sellised omadused nagu ligip\u00e4\u00e4setavad m\u00e4\u00e4rdeliitmikud ja lihtne lahtiv\u00f5tmine v\u00f5ivad hooldatavust oluliselt parandada, tagades silindri t\u00f5husa hoolduse vajaduse korral.<\/p>\n<p><img decoding=\"async\" src=\"https:\/\/www.hydraulic-cylinders.net\/wp-content\/uploads\/2025\/04\/songte-oil-pipes-and-spare-parts.webp\" alt=\"\u00d5litorud ja varuosad\"><\/p>\n<h2>Tihendus ja m\u00e4\u00e4rimine<\/h2>\n<p>Poomi silindri efektiivsus s\u00f5ltub suuresti selle tihendus- ja m\u00e4\u00e4rimiss\u00fcsteemidest. Liikuvate osade vahelise tiheda tihendi tagamiseks kasutatakse mitmesuguseid tihendeid, sealhulgas kolvitihendeid ja vardatihendeid. Need tihendid on tavaliselt valmistatud karmidesse tingimustesse sobivatest kulumiskindlatest materjalidest, n\u00e4iteks pol\u00fcuretaanist ja nitriilkummist. Lisaks l\u00e4bivad silindri korpus ja keermestatud otsad kulumiskindluse suurendamiseks peent\u00f6\u00f6tluse.<\/p>\n<p>Regulaarne m\u00e4\u00e4rimine on samuti kriitilise t\u00e4htsusega; h\u00f5\u00f5rdumise ja kulumise v\u00e4hendamiseks tuleb perioodiliselt lisada sobivaid h\u00fcdraulika\u00f5lisid. N\u00f5uetekohase m\u00e4\u00e4rimistaseme s\u00e4ilitamine mitte ainult ei pikenda silindri eluiga, vaid tagab ka optimaalse j\u00f5udluse t\u00f6\u00f6tamise ajal. M\u00e4\u00e4rimise eiramine v\u00f5ib p\u00f5hjustada enneaegset kulumist ja v\u00f5imalikke rikkeid, mist\u00f5ttu on see hoolduse oluline osa.<\/p>\n<h2>Ennetavad hooldusmeetmed<\/h2>\n<ul>\n<li><strong>Regulaarsed kontrollid:<\/strong> Rutiinsete kontrollide tegemine aitab tuvastada v\u00f5imalikke probleeme enne, kui need muutuvad oluliseks. Otsige kulumise m\u00e4rke, lekkeid ja ebatavalisi helisid t\u00f6\u00f6tamise ajal.<\/li>\n<li><strong>Sobiv m\u00e4\u00e4rimine:<\/strong> Veenduge, et h\u00fcdraulika\u00f5li tase on \u00f5ige ja et \u00f5li on kvaliteetne. Kontrollige \u00f5li regulaarselt ja lisage vastavalt vajadusele, et s\u00e4ilitada optimaalne j\u00f5udlus.<\/li>\n<li><strong>Tihendi vahetamine:<\/strong> Aja jooksul v\u00f5ivad tihendid kuluda ja vajada v\u00e4ljavahetamist. Kontrollige tihendeid regulaarselt ja vahetage need esimeste kahjustuste ilmnemisel v\u00e4lja, et v\u00e4ltida lekkeid ja s\u00e4ilitada t\u00f5husus.<\/li>\n<\/ul>\n<h2>Paigaldusjuhised<\/h2>\n<p>Poomi silindri \u00f5ige paigaldamine on optimaalse j\u00f5udluse saavutamiseks \u00fclioluline. Alustage veendumisest, et kinnituspinnad on puhtad ja prahist vabad. Joondage silinder \u00f5igesti, kasutades selle kinnitamiseks sobivaid kinnitusklambreid. Vale joondamine v\u00f5ib tihendite koormust liigselt koormata ja enneaegselt rikki minna.<\/p>\n<p>P\u00e4rast silindri kinnitamist \u00fchendage h\u00fcdraulikavoolikud, veendudes, et k\u00f5ik liitmikud on tihedalt kinni ja lekkevabad. Komponentide kahjustamise v\u00e4ltimiseks on oluline j\u00e4rgida tootja antud p\u00f6\u00f6rdemomendi seadistuste spetsifikatsioone. P\u00e4rast paigaldamist kontrollige enne t\u00e4isv\u00f5imsusel t\u00f6\u00f6tamist h\u00fcdraulikas\u00fcsteemi lekete suhtes madala r\u00f5hu all testimist.<\/p>\n<p>Pikaajalise toimivuse ja ohutuse tagamiseks vaadake regulaarselt \u00fcle tootja esitatud paigaldus- ja hooldusjuhised.<\/p>\n<h2>Levinumad hooldust\u00f6\u00f6d<\/h2>\n<h3>Regulaarsed kontrollid<\/h3>\n<p>Poomi silindri regulaarne kontrollimine on potentsiaalsete probleemide varajaseks tuvastamiseks \u00fclioluline. Kontrollige kulumise, kahjustuste v\u00f5i lekete m\u00e4rke ja tegelege probleemidega kohe, et v\u00e4ltida edasisi kahjustusi. Ennetav l\u00e4henemine hooldusele aitab s\u00e4\u00e4sta aega ja kulusid remondit\u00f6\u00f6del.<\/p>\n<h3>\u00d5ige m\u00e4\u00e4rimine<\/h3>\n<p>N\u00f5uetekohane m\u00e4\u00e4rimine on poomi silindri pikaealisuse tagamiseks \u00fclioluline. Veenduge, et h\u00fcdraulika\u00f5li tase on \u00f5ige ja et kasutatav \u00f5li on soovitatud t\u00fc\u00fcpi. M\u00e4\u00e4rige regulaarselt k\u00f5iki liikuvaid osi, et v\u00e4hendada h\u00f5\u00f5rdumist ja kulumist, mis aitab pikendada silindri eluiga.<\/p>\n<h3>Tihendi vahetamine ja kalibreerimise kontrollimine<\/h3>\n<p>Tihendid vajavad j\u00f5udluse s\u00e4ilitamiseks perioodilist vahetamist. Kontrollige tihendeid regulaarselt kulumise suhtes ja vahetage need vastavalt vajadusele. Kalibreerimiskontrollid on samuti olulised, et tagada silindri t\u00f6\u00f6tamine etten\u00e4htud parameetrite piires. Need kontrollid aitavad s\u00e4ilitada t\u00f5husust ja ohutust t\u00f6\u00f6tamise ajal.<\/p>\n<p><img decoding=\"async\" src=\"https:\/\/www.hydraulic-cylinders.net\/wp-content\/uploads\/2025\/04\/songte-chushion-collar.webp\" alt=\"Padjakaelus\"><\/p>\n<h2>Ohutuskaalutlused ja keskkonnategurid<\/h2>\n<p>H\u00fcdraulikas\u00fcsteemidega t\u00f6\u00f6tamisel on ohutusmeetmed \u00fcliolulised. Operaatorid peaksid alati olema teadlikud h\u00fcdrauliliste s\u00fcsteemidega seotud v\u00f5imalikest ohtudest, sealhulgas k\u00f5rgsurveleketest ja \u00e4kilistest liigutustest. \u00d5nnetuste v\u00e4ltimiseks on oluline l\u00e4bida n\u00f5uetekohane v\u00e4lja\u00f5pe ja j\u00e4rgida ohutusprotokolle. Lisaks tuleb \u00f6koloogilise m\u00f5ju minimeerimiseks arvestada keskkonnateguritega, n\u00e4iteks h\u00fcdrauliliste vedelike k\u00e4itlemisega.<\/p>\n<h2>Rikete diagnoosimine ja levinud probleemid<\/h2>\n<ul>\n<li><strong>J\u00f5udluse langus:<\/strong> J\u00f5udluse langus v\u00f5ib viidata h\u00fcdraulilise vedeliku leketele v\u00f5i r\u00f5huprobleemidele. Kontrollige lekkeid ja veenduge, et h\u00fcdraulikas\u00fcsteem t\u00f6\u00f6tab korralikult.<\/li>\n<li><strong>Ebatavalised helid:<\/strong> T\u00f6\u00f6 ajal kostvad krigiseva v\u00f5i pauguga helid v\u00f5ivad viidata mehaanilistele probleemidele. Kontrollige silindrit v\u00f5imalike komponentide rikete suhtes.<\/li>\n<li><strong>\u00dclekuumenemine:<\/strong> Kui h\u00fcdros\u00fcsteem kuumeneb \u00fcle, v\u00f5ib see olla tingitud ebapiisavast m\u00e4\u00e4rimisest v\u00f5i \u00fclekoormusest. Kontrollige \u00f5litaset ja otsige s\u00fcsteemist ummistusi.<\/li>\n<\/ul>\n<h2>Veaotsingu n\u00e4pun\u00e4ited ja lahendused<\/h2>\n<p>Poomi silindri probleemide t\u00f5husaks diagnoosimiseks ja lahendamiseks alustage p\u00f5hjaliku visuaalse kontrolliga lekete v\u00f5i kahjustuste suhtes. Veenduge, et k\u00f5ik \u00fchendused on tihedad ja et h\u00fcdraulikavedeliku tase on \u00f5ige. Lekete leidmisel vahetage vajadusel tihendid ja liitmikud v\u00e4lja.<\/p>\n<p>J\u00f5udlusega seotud probleemide korral kontrollige h\u00fcdros\u00fcsteemi ummistuste v\u00f5i r\u00f5hulanguste suhtes. Enne seadme uuesti kasutuselev\u00f5ttu parandage k\u00f5ik tuvastatud probleemid. Regulaarne hooldus ja kasutusjuhiste j\u00e4rgimine aitavad v\u00e4ltida paljusid levinud probleeme, tagades poomi silindri t\u00f6\u00f6korras ja t\u00f5husa toimimise.<\/p>\n<p><img decoding=\"async\" src=\"https:\/\/www.hydraulic-cylinders.net\/wp-content\/uploads\/2025\/04\/songte-bushings-with-all-kinds-of-excavator-models.webp\" alt=\"Puksid ekskavaatorimudelitega\"><\/p>\n<h2>Ettev\u00f5tte \u00fclevaade<\/h2>\n<p>Oleme alternatiivsete h\u00fcdrauliliste silindrite juhtiv tootja ja turustaja, pakkudes laia tootevalikut, mis on loodud nii sise- kui ka rahvusvaheliste turgude vajaduste rahuldamiseks. Meie p\u00fchendumus kvaliteedile peegeldub meie t\u00e4ppistootmisstrateegiates, mis kasutavad t\u00e4iustatud tehnoloogiat ja oskuslikku personali, et tagada k\u00f5rge j\u00f5udlus ja t\u00f6\u00f6kindlus.<\/p>\n<p>Meie tootmisprotsessi toetavad tipptasemel tootmisseadmed ja p\u00f5hjalik testimiss\u00fcsteem, mis v\u00f5imaldab meil pidevalt parandada tootekvaliteeti. Keskendudes t\u00f5hususele, t\u00e4psusele ja k\u00f5rgetele standarditele, p\u00fc\u00fcame rahuldada klientide mitmekesiseid n\u00f5udmisi personaalse teeninduse ja toe kaudu.<\/p>\n<p><img decoding=\"async\" src=\"https:\/\/www.hydraulic-cylinders.net\/wp-content\/uploads\/2025\/04\/songte-company-4.webp\" alt=\"Ettev\u00f5tte \u00fclevaade\"><br \/>\n<img decoding=\"async\" src=\"https:\/\/www.hydraulic-cylinders.net\/wp-content\/uploads\/2025\/04\/songte-company-3.webp\" alt=\"Ettev\u00f5tte \u00fclevaade\"><\/p>\n<p>Autor lyl<\/p>","protected":false},"excerpt":{"rendered":"<p>Boom Cylinder For Tiangong ZG3225LC-9C Introduction to Boom Cylinder The Boom Cylinder is a vital component in hydraulic systems, specifically designed for controlling the movement of buckets in heavy machinery such as excavators, backhoe loaders, and front-end loaders. This hydraulic cylinder enables the bucket to lift, lower, and tilt, facilitating various material handling tasks. It [&hellip;]<\/p>","protected":false},"featured_media":17877,"comment_status":"open","ping_status":"closed","template":"","meta":{"_et_pb_use_builder":"","_et_pb_old_content":"","_et_gb_content_width":""},"product_brand":[],"product_cat":[1546],"product_tag":[1547,1496],"class_list":{"0":"post-19689","1":"product","2":"type-product","3":"status-publish","4":"has-post-thumbnail","6":"product_cat-boom-cylinders","7":"product_tag-boom-cylinders","8":"product_tag-hydraulic-cylinders","10":"first","11":"instock","12":"shipping-taxable","13":"product-type-simple"},"amp_enabled":true,"_links":{"self":[{"href":"https:\/\/www.hydraulic-cylinders.net\/et\/wp-json\/wp\/v2\/product\/19689","targetHints":{"allow":["GET"]}}],"collection":[{"href":"https:\/\/www.hydraulic-cylinders.net\/et\/wp-json\/wp\/v2\/product"}],"about":[{"href":"https:\/\/www.hydraulic-cylinders.net\/et\/wp-json\/wp\/v2\/types\/product"}],"replies":[{"embeddable":true,"href":"https:\/\/www.hydraulic-cylinders.net\/et\/wp-json\/wp\/v2\/comments?post=19689"}],"wp:featuredmedia":[{"embeddable":true,"href":"https:\/\/www.hydraulic-cylinders.net\/et\/wp-json\/wp\/v2\/media\/17877"}],"wp:attachment":[{"href":"https:\/\/www.hydraulic-cylinders.net\/et\/wp-json\/wp\/v2\/media?parent=19689"}],"wp:term":[{"taxonomy":"product_brand","embeddable":true,"href":"https:\/\/www.hydraulic-cylinders.net\/et\/wp-json\/wp\/v2\/product_brand?post=19689"},{"taxonomy":"product_cat","embeddable":true,"href":"https:\/\/www.hydraulic-cylinders.net\/et\/wp-json\/wp\/v2\/product_cat?post=19689"},{"taxonomy":"product_tag","embeddable":true,"href":"https:\/\/www.hydraulic-cylinders.net\/et\/wp-json\/wp\/v2\/product_tag?post=19689"}],"curies":[{"name":"wp","href":"https:\/\/api.w.org\/{rel}","templated":true}]}}