{"id":19690,"date":"2025-04-07T07:02:02","date_gmt":"2025-04-07T07:02:02","guid":{"rendered":"https:\/\/www.hydraulic-cylinders.net\/product\/boom-cylinder-for-tiangong-zg3225lc-9\/"},"modified":"2025-04-07T07:02:05","modified_gmt":"2025-04-07T07:02:05","slug":"boom-cylinder-for-tiangong-zg3225lc-9","status":"publish","type":"product","link":"https:\/\/www.hydraulic-cylinders.net\/et\/toode\/boom-cylinder-for-tiangong-zg3225lc-9\/","title":{"rendered":"Tiangong ZG3225LC-9 poomi silinder"},"content":{"rendered":"<h1>Tiangong ZG3225LC-9 poomi silinder<\/h1>\n<h2>Poomi silindri m\u00f5istmine<\/h2>\n<p>Noole silinder on spetsiaalne h\u00fcdrauliline silinder, mis on loodud noole liikumise juhtimiseks erinevates rasketehnika masinates, n\u00e4iteks ekskavaatorites, laadur-ekskavaatorites ja esilaadurites. Need silindrid m\u00e4ngivad olulist rolli noole t\u00f5stmisel, langetamisel ja kallutamisel, h\u00f5lbustades t\u00f5husaid materjalik\u00e4itlust\u00f6id. Noole silindri funktsionaalsus on oluline h\u00fcdraulikas\u00fcsteemides, kus see muudab h\u00fcdraulikavedeliku r\u00f5hu mehaaniliseks energiaks, v\u00f5imaldades rasketehnika operaatoritel teha keerulisi toiminguid t\u00e4pselt ja h\u00f5lpsalt.<\/p>\n<p>Need h\u00fcdrosilindrid on lahutamatud komponendid, mis tagavad raskete masinate t\u00f5husa j\u00f5udluse. Need on olulised selliste \u00fclesannete jaoks nagu kaevamine, laadimine ja materjalide teisaldamine, muutes need asendamatuks ehituses, p\u00f5llumajanduses ja t\u00f6\u00f6stuslikes rakendustes.<\/p>\n<p><img decoding=\"async\" src=\"https:\/\/www.hydraulic-cylinders.net\/wp-content\/uploads\/2025\/04\/songte-company-1.webp\" alt=\"Poomi silinder\"><\/p>\n<h3>Poomi silindri omadused<\/h3>\n<ul>\n<li><strong>Suur tugevus ja vastupidavus:<\/strong> K\u00f5rgtugevast terasest v\u00f5i alumiiniumist valmistatud poomi silinder talub k\u00f5rget r\u00f5hku ja suuri koormusi, mist\u00f5ttu sobib see karmideks t\u00f6\u00f6keskkondadeks. Selle disain arvestab kulumiskindluse ja korrosioonikaitsega, pikendades selle eluiga.<\/li>\n<li><strong>T\u00f5hus h\u00fcdrauliline t\u00f6\u00f6:<\/strong> Silinder kasutab sujuvaks pikendamiseks ja tagasit\u00f5mbamiseks h\u00fcdraulilise vedeliku r\u00f5hku, mis v\u00f5imaldab kiiret reageerimist operaatori k\u00e4skudele ning pakub m\u00e4rkimisv\u00e4\u00e4rset t\u00f5uke- ja t\u00f5mbej\u00f5udu, mis sobib ideaalselt raskete esemete k\u00e4sitsemiseks.<\/li>\n<li><strong>Erinevad t\u00fc\u00fcbid:<\/strong> S\u00f5ltuvalt t\u00f6\u00f6vajadustest v\u00f5ib poomi silinder olla \u00fchetoimeline (t\u00f6\u00f6tab \u00fches suunas) v\u00f5i kahetoimeline (t\u00f6\u00f6tab m\u00f5lemas suunas). M\u00f5ned mudelid on teleskoopilised, mis v\u00f5imaldab suuremat pikendust ilma v\u00e4lism\u00f5\u00f5tmeid suurendamata, mis on kasulik ruumipiirangutega rakenduste jaoks.<\/li>\n<\/ul>\n<p>Meie ettev\u00f5te on spetsialiseerunud nende h\u00fcdrauliliste silindrite tootmisele, pakkudes ideaalseid asendusi olemasolevatele poomisilindritele, mida kasutatakse erinevates masinates.<\/p>\n<p><img decoding=\"async\" src=\"https:\/\/www.hydraulic-cylinders.net\/wp-content\/uploads\/2025\/04\/songte-cylinder-head-with-all-kinds-excavator-models.webp\" alt=\"Ekskavaatori mudelid\"><\/p>\n<h2>Poomi silindri rakendused<\/h2>\n<h3>Ehitustehnika<\/h3>\n<p>Ekskavaatorites on noole silindrid kriitilise t\u00e4htsusega kaevamisel, laadimisel ja pinnase v\u00f5i prahi teisaldamisel. Need v\u00f5imaldavad noolel p\u00f6\u00f6rata ja sirutuda, v\u00f5imaldades operaatoril t\u00f5husalt t\u00e4ita \u00fclesandeid erinevate nurkade ja s\u00fcgavuste all. V\u00f5imalus noolt t\u00e4pselt juhtida tagab t\u00f6\u00f6 ohutu ja t\u00f5husa teostamise, minimeerides \u00f5nnetuste ohtu.<\/p>\n<h3>P\u00f5llumajandustehnika<\/h3>\n<p>Esilaadurites kasutatakse noolesilindreid mulla, heina ja muude materjalide kopeerimiseks, t\u00f5stmiseks ja transportimiseks. Need silindrid annavad vajaliku j\u00f5u raskete koormate k\u00e4sitsemiseks, mist\u00f5ttu on need p\u00f5llumajandusettev\u00f5tete tootlikkuse seisukohalt h\u00e4davajalikud. Nende v\u00f5ime t\u00f6\u00f6tada erinevates tingimustes suurendab nende kasulikkust p\u00f5llumajanduses.<\/p>\n<h3>Ekskavaatorid<\/h3>\n<p>Ekskavaatorites h\u00f5lbustab noole silinder kaevamisliigutust, v\u00f5imaldades kopal pinnasesse tungida. Silindri tekitatud h\u00fcdrauliline j\u00f5ud tagab, et ekskavaator suudab l\u00e4bi murda k\u00f5vadest pinnasekihtidest, muutes kaevamist\u00f6\u00f6d kiiremaks ja t\u00f5husamaks.<\/p>\n<h3>Laadurid<\/h3>\n<p>Esilaaduritel aitavad noolesilindrid materjale t\u00f5husalt t\u00f5sta ja t\u00fchjendada. Need v\u00f5imaldavad operaatoril hallata koorma jaotust ja k\u00f5rgust, mis on oluline veoautode laadimisel v\u00f5i materjalide konkreetsetesse kohtadesse teisaldamisel. Nende silindrite t\u00f6\u00f6kindlus tagab laadurite t\u00f6\u00f6 ka n\u00f5udlikes tingimustes.<\/p>\n<h2>Projekteerimiskaalutlused ja valikukriteeriumid<\/h2>\n<h3>Kandev\u00f5ime<\/h3>\n<p>Poomi silindri kandev\u00f5ime on selle konstruktsioonis \u00fclioluline tegur. See peab olema konstrueeritud nii, et see taluks t\u00f6\u00f6tamise ajal rakendatavat maksimaalset raskust ilma rikkeohuta. See h\u00f5lmab ranget testimist ja t\u00f6\u00f6stusstandardite j\u00e4rgimist, et tagada ohutus ja t\u00f6\u00f6kindlus.<\/p>\n<h3>Tihendusmehhanismid<\/h3>\n<p>T\u00f5hus tihendamine on \u00fclioluline h\u00fcdraulilise vedeliku lekke v\u00e4ltimiseks, mis v\u00f5ib viia efektiivsuse v\u00e4henemiseni ja v\u00f5imaliku s\u00fcsteemi rikkeni. Vastupidavuse suurendamiseks ja s\u00fcsteemi r\u00f5hu s\u00e4ilitamiseks kasutatakse sageli kvaliteetseid tihendeid, mis on valmistatud sellistest materjalidest nagu pol\u00fcuretaan ja nitriilkummi.<\/p>\n<h3>Vastupidavus<\/h3>\n<p>Vastupidavus on veel \u00fcks oluline disainiaspekt. Poomisilindrite valmistamisel kasutatavad materjalid peavad vastu pidama kulumisele pideva t\u00f6\u00f6tamise ajal erinevates keskkonnatingimustes. See h\u00f5lmab sageli korrosioonikindlaid viimistlusi ja vastupidavaid ehitustehnikaid silindri eluea pikendamiseks.<\/p>\n<h3>Turvaelemendid<\/h3>\n<p>Poomisilindrite projekteerimisel on ohutuskaalutlused esmat\u00e4htsad. \u00d5nnetuste v\u00e4ltimiseks t\u00f6\u00f6tamise ajal on integreeritud sellised funktsioonid nagu r\u00f5hualandusventiilid ja ohutuslukud. Need mehhanismid aitavad kaitsta nii operaatorit kui ka seadmeid ootamatute rikete eest.<\/p>\n<h3>Hooldus ja hooldatavus<\/h3>\n<p>Lihtsaks hoolduseks konstrueerimine on oluline poomi silindri pikaajalise toimimise tagamiseks. Lihtsa kontrolli, m\u00e4\u00e4rimise ja tihendite vahetamise v\u00f5imaldavad omadused aitavad v\u00e4hendada seisakuid ja hoolduskulusid, suurendades l\u00f5ppkokkuv\u00f5ttes tootlikkust.<\/p>\n<p><img decoding=\"async\" src=\"https:\/\/www.hydraulic-cylinders.net\/wp-content\/uploads\/2025\/04\/songte-oil-pipes-and-spare-parts.webp\" alt=\"\u00d5litorud ja varuosad\"><\/p>\n<h2>Poomi silindri tihendamine ja m\u00e4\u00e4rimine<\/h2>\n<p>Poomi silindrite t\u00f5husa t\u00f6\u00f6 tagamiseks on oluline korralik tihendamine ja m\u00e4\u00e4rimine. S\u00fcsteemis h\u00fcdraulilise r\u00f5hu s\u00e4ilitamiseks on olulised mitmesugused tihenduselemendid, n\u00e4iteks kolvi- ja varrastihendid. Kulumiskindlatest materjalidest, nagu pol\u00fcuretaan ja nitriilkummi, valmistatud tihendite valik tagab pikaealisuse ja t\u00f6\u00f6kindluse.<\/p>\n<p>Silindri korpus ja keermestatud otsapinnad l\u00e4bivad hoolika t\u00f6\u00f6tlemise, et parandada kulumiskindlust ja tihendusomadusi. H\u00f5\u00f5rdumise v\u00e4hendamiseks ja \u00fclekuumenemise v\u00e4ltimiseks on vaja regulaarselt h\u00fcdraulika\u00f5liga m\u00e4\u00e4rida, mis tagab sujuva t\u00f6\u00f6 ja pikendab silindri eluiga.<\/p>\n<h2>Regulaarne kontroll ja ennetav hooldus<\/h2>\n<ul>\n<li><strong>Regulaarsed kontrollid:<\/strong> Poomi silindri regulaarne kontroll aitab tuvastada v\u00f5imalikke probleeme enne, kui need muutuvad oluliseks. Otsige kulumise m\u00e4rke, lekkeid v\u00f5i ebatavalisi helisid t\u00f6\u00f6tamise ajal.<\/li>\n<li><strong>\u00d5ige m\u00e4\u00e4rimine:<\/strong> Silindri piisav m\u00e4\u00e4rimine on optimaalse j\u00f5udluse tagamiseks \u00fclioluline. Kasutage soovitatud h\u00fcdraulika\u00f5li ja j\u00e4lgige regulaarselt \u00f5litaset, et v\u00e4ltida ebapiisava m\u00e4\u00e4rimise t\u00f5ttu tekkivaid kahjustusi.<\/li>\n<li><strong>Tihendi vahetamine:<\/strong> Aja jooksul v\u00f5ivad tihendid kuluda ja vajada v\u00e4ljavahetamist. Kontrollige tihendeid regulaarselt kahjustuste suhtes ja vahetage need vastavalt vajadusele, et s\u00e4ilitada h\u00fcdrauliline efektiivsus ja v\u00e4ltida lekkeid.<\/li>\n<\/ul>\n<h2>Poomi silindri paigaldusjuhised<\/h2>\n<p>Poomi silindri \u00f5ige paigaldamine on optimaalse j\u00f5udluse ja ohutuse tagamiseks h\u00e4davajalik. Alustage sellest, et veenduda, et silinder on seadme kinnituspunktidega \u00f5igesti joondatud. Kasutage silindri kinnitamiseks sobivaid kinnitusklambreid.<\/p>\n<p>Pay attention to the hydraulic connections, ensuring that they are tight and leak-free. It is critical to follow the manufacturer&#8217;s recommendations for torque specifications during installation. After installation, check the alignment of the cylinder to prevent undue stress and potential failure during operation.<\/p>\n<h2>Poomi silindri hooldust\u00f6\u00f6d<\/h2>\n<ul>\n<li><strong>Regulaarsed kontrollid:<\/strong> Kulumise v\u00f5i kahjustuste tuvastamiseks ja k\u00f5rvaldamiseks tuleks l\u00e4bi viia regulaarseid kontrolle. Operaatorid peaksid olema koolitatud m\u00e4rkama k\u00f5iki t\u00f6\u00f6anomaaliaid, mis v\u00f5ivad viidata kulumisele.<\/li>\n<li><strong>Sobiv m\u00e4\u00e4rimine:<\/strong> N\u00f5uetekohase m\u00e4\u00e4rimise s\u00e4ilitamine on \u00fclioluline. Veenduge, et h\u00fcdraulika\u00f5li tase on \u00f5ige ja vastab poomi silindri soovitatud spetsifikatsioonidele.<\/li>\n<li><strong>Tihendi vahetamine ja kalibreerimise kontrollimine:<\/strong> Kontrollige regulaarselt tihendite kulumist ja vajadusel vahetage need v\u00e4lja. Samuti tuleks teha kalibreerimiskontrolle, et tagada silindri t\u00f6\u00f6tamine oma projekteeritud parameetrite piires.<\/li>\n<\/ul>\n<h2>Ohutuskaalutlused ja keskkonnategurid<\/h2>\n<p>Poomi silindrite kasutamisel on \u00fclioluline seada esikohale ohutusmeetmed. Operaatorid peaksid olema koolitatud ohutute t\u00f6\u00f6protseduuride osas ja olema teadlikud h\u00fcdraulikas\u00fcsteemidega seotud v\u00f5imalikest ohtudest. Riskide minimeerimiseks tuleks t\u00f6\u00f6 ja hoolduse ajal kasutada sobivaid isikukaitsevahendeid. Lisaks on j\u00e4tkusuutlikkuse tagamiseks \u00fclioluline tagada h\u00fcdraulikavedelike \u00f5ige k\u00e4itlemine ja keskkonnas\u00f5bralik utiliseerimine.<\/p>\n<h2>Levinud probleemide t\u00f5rkeotsing<\/h2>\n<ul>\n<li><strong>\u00d5lileke:<\/strong> \u00d5lilekke korral kontrollige tihendeid ja \u00fchendusi kahjustuste suhtes. Vajadusel pingutage \u00fchendusi v\u00f5i vahetage tihendid v\u00e4lja.<\/li>\n<li><strong>Ebaj\u00e4rjekindel silindri liikumine:<\/strong> See v\u00f5ib viidata madalale h\u00fcdraulikavedeliku tasemele v\u00f5i \u00f5hule s\u00fcsteemis. Kontrollige vedeliku taset ja \u00f5hutage s\u00fcsteem \u00f5hust.<\/li>\n<li><strong>Ebatavalised helid t\u00f6\u00f6tamise ajal:<\/strong> Sellised helid nagu krigisev v\u00f5i ragisev heli v\u00f5ivad viidata sisemistele kahjustustele v\u00f5i ebapiisavale m\u00e4\u00e4rimisele. Kontrollige silindrit ja m\u00e4\u00e4rige vajadusel.<\/li>\n<\/ul>\n<h2>Veaotsing ja ennetavad meetmed<\/h2>\n<p>Poomi silindri probleemide t\u00f5husaks t\u00f5rkeotsinguks peaksid operaatorid tutvuma levinud probleemide ja lahendustega. Regulaarne hooldus aitab v\u00e4ltida paljude probleemide tekkimist, minimeerides seel\u00e4bi seisakuid ja remondikulusid. Ennetava hooldusgraafiku rakendamine aitab tuvastada kulumist ja v\u00f5imalikke rikkeid enne, kui need t\u00f6\u00f6 h\u00e4irivad.<\/p>\n<p><img decoding=\"async\" src=\"https:\/\/www.hydraulic-cylinders.net\/wp-content\/uploads\/2025\/04\/songte-bushings-with-all-kinds-of-excavator-models.webp\" alt=\"Puksid ekskavaatorimudelitega\"><\/p>\n<h2>Meie ettev\u00f5ttest<\/h2>\n<p>Oleme juhtiv h\u00fcdrauliliste silindrite tootja ja hulgim\u00fc\u00fcja, mis on spetsialiseerunud poomisilindrite ideaalsete asenduste pakkumisele. Meie ulatuslik tootevalik on teinud meist nii sise- kui ka rahvusvahelisel turul v\u00f5tmeisiku. J\u00e4rgime rangeid kvaliteedistandardeid ja rakendame t\u00e4iustatud tootmisjuhtimise strateegiaid oma tootmise efektiivsuse suurendamiseks.<\/p>\n<p>Meie p\u00fchendumust tipptasemele toetavad oskuslik t\u00f6\u00f6j\u00f5ud, k\u00f5rgtehnoloogilised tootmisseadmed ja tugev kvaliteedikontrollis\u00fcsteem, mis tagavad, et meie tooted vastavad klientide mitmekesistele vajadustele.<\/p>\n<p><img decoding=\"async\" src=\"https:\/\/www.hydraulic-cylinders.net\/wp-content\/uploads\/2025\/04\/songte-company-4.webp\" alt=\"Ettev\u00f5tte pilt 1\"><br \/>\n<img decoding=\"async\" src=\"https:\/\/www.hydraulic-cylinders.net\/wp-content\/uploads\/2025\/04\/songte-company-3.webp\" alt=\"Ettev\u00f5tte pilt 2\"><\/p>\n<p>Pakume klientide konkreetsetele vajadustele vastavaid kohandatud teenuseid, mida toetavad rahvusvahelised sertifikaadid, professionaalsed tootmisseadmed ja usaldusv\u00e4\u00e4rne m\u00fc\u00fcgij\u00e4rgne tugi.<\/p>\n<p>Autor: lyl<\/p>","protected":false},"excerpt":{"rendered":"<p>Boom Cylinder For Tiangong ZG3225LC-9 Understanding the Boom Cylinder The Boom Cylinder is a specialized hydraulic cylinder designed for controlling the movement of the boom in various heavy machinery, such as excavators, backhoe loaders, and front-end loaders. These cylinders play a crucial role in lifting, lowering, and tilting the boom, facilitating efficient material handling tasks. [&hellip;]<\/p>","protected":false},"featured_media":17878,"comment_status":"open","ping_status":"closed","template":"","meta":{"_et_pb_use_builder":"","_et_pb_old_content":"","_et_gb_content_width":""},"product_brand":[],"product_cat":[1546],"product_tag":[1547,1496],"class_list":{"0":"post-19690","1":"product","2":"type-product","3":"status-publish","4":"has-post-thumbnail","6":"product_cat-boom-cylinders","7":"product_tag-boom-cylinders","8":"product_tag-hydraulic-cylinders","10":"first","11":"instock","12":"shipping-taxable","13":"product-type-simple"},"amp_enabled":true,"_links":{"self":[{"href":"https:\/\/www.hydraulic-cylinders.net\/et\/wp-json\/wp\/v2\/product\/19690","targetHints":{"allow":["GET"]}}],"collection":[{"href":"https:\/\/www.hydraulic-cylinders.net\/et\/wp-json\/wp\/v2\/product"}],"about":[{"href":"https:\/\/www.hydraulic-cylinders.net\/et\/wp-json\/wp\/v2\/types\/product"}],"replies":[{"embeddable":true,"href":"https:\/\/www.hydraulic-cylinders.net\/et\/wp-json\/wp\/v2\/comments?post=19690"}],"wp:featuredmedia":[{"embeddable":true,"href":"https:\/\/www.hydraulic-cylinders.net\/et\/wp-json\/wp\/v2\/media\/17878"}],"wp:attachment":[{"href":"https:\/\/www.hydraulic-cylinders.net\/et\/wp-json\/wp\/v2\/media?parent=19690"}],"wp:term":[{"taxonomy":"product_brand","embeddable":true,"href":"https:\/\/www.hydraulic-cylinders.net\/et\/wp-json\/wp\/v2\/product_brand?post=19690"},{"taxonomy":"product_cat","embeddable":true,"href":"https:\/\/www.hydraulic-cylinders.net\/et\/wp-json\/wp\/v2\/product_cat?post=19690"},{"taxonomy":"product_tag","embeddable":true,"href":"https:\/\/www.hydraulic-cylinders.net\/et\/wp-json\/wp\/v2\/product_tag?post=19690"}],"curies":[{"name":"wp","href":"https:\/\/api.w.org\/{rel}","templated":true}]}}