{"id":19694,"date":"2025-04-07T07:02:13","date_gmt":"2025-04-07T07:02:13","guid":{"rendered":"https:\/\/www.hydraulic-cylinders.net\/product\/boom-cylinder-for-dasin-ds15\/"},"modified":"2025-04-07T07:02:16","modified_gmt":"2025-04-07T07:02:16","slug":"boom-cylinder-for-dasin-ds15","status":"publish","type":"product","link":"https:\/\/www.hydraulic-cylinders.net\/et\/toode\/boom-cylinder-for-dasin-ds15\/","title":{"rendered":"Poomi silinder Dasin DS15 jaoks"},"content":{"rendered":"<h1>Poomi silinder Dasin DS15 jaoks<\/h1>\n<h2>Sissejuhatus poomi silindrisse<\/h2>\n<p>Spetsiaalselt Dasin DS15 jaoks loodud poomi silinder on h\u00fcdraulikas\u00fcsteemide oluline komponent. See juhib poomi liikumist, v\u00f5imaldades raskete masinate t\u00f5husat k\u00e4sitsemist ja man\u00f6\u00f6verdamist. H\u00fcdraulilise silindri t\u00fc\u00fcbina m\u00e4ngib see olulist rolli erinevates rasketehnika rakendustes, n\u00e4iteks ekskavaatorites, laadurites ja esilaadurites. See silinder v\u00f5imaldab poomil t\u00f5sta, langetada ja kallutada, h\u00f5lbustades materjali k\u00e4itlemisega seotud \u00fclesandeid.<\/p>\n<p><img decoding=\"async\" src=\"https:\/\/www.hydraulic-cylinders.net\/wp-content\/uploads\/2025\/04\/songte-company-1.webp\" alt=\"H\u00fcdrauliline silinder\"><\/p>\n<h3>Definitsioon ja \u00fclevaade<\/h3>\n<p>Oma olemuselt on noole silinder h\u00fcdrauliline seade, mis muundab h\u00fcdraulilise energia mehaaniliseks energiaks. See annab vajaliku j\u00f5u ehitusmasina noole liigutamiseks, mis on oluline kaevamiseks, t\u00f5stmiseks ja materjalide transportimiseks. Noole silindri konstruktsioon v\u00f5imaldab sellel genereerida m\u00e4rkimisv\u00e4\u00e4rset t\u00f5stev\u00f5imet, s\u00e4ilitades samal ajal t\u00f6\u00f6 ajal stabiilsuse ja t\u00e4psuse. Selle t\u00f5hus t\u00f6\u00f6 on kriitilise t\u00e4htsusega seisakuaja v\u00e4hendamiseks ja tootlikkuse suurendamiseks ehitus- ja p\u00f5llumajandust\u00f6\u00f6del.<\/p>\n<h2>Poomi silindri omadused<\/h2>\n<ul>\n<li><strong>Suur tugevus ja vastupidavus:<\/strong> Need \u00fclitugevast terasest v\u00f5i alumiiniumist valmistatud silindrid taluvad k\u00f5rget r\u00f5hku ja suuri koormusi. Need on loodud vastu pidama karmidele t\u00f6\u00f6tingimustele, olles samal ajal kulumis- ja korrosioonikindlad, pikendades oma eluiga.<\/li>\n<li><strong>T\u00f5hus h\u00fcdrauliline t\u00f6\u00f6:<\/strong> Kasutades sujuvaks pikendamiseks ja tagasit\u00f5mbamiseks h\u00fcdraulika\u00f5li r\u00f5hku, reageerib poomi silinder kiiresti juhtimisk\u00e4sklustele, pakkudes tugevat t\u00f5uke- ja t\u00f5mbej\u00f5udu, mis sobib ideaalselt raskete ja keerukate \u00fclesannete jaoks.<\/li>\n<li><strong>Erinevad t\u00fc\u00fcbid:<\/strong> S\u00f5ltuvalt rakenduse vajadustest on valikus \u00fchetoimelised (kasutades h\u00fcdraulilist r\u00f5hku \u00fches suunas) ja kahetoimelised (kasutades h\u00fcdraulilist r\u00f5hku m\u00f5lemas suunas) silindrid. Teatud mudelid v\u00f5ivad olla teleskoopilised, mis v\u00f5imaldab suuremat pikendust ilma v\u00e4lism\u00f5\u00f5tmeid suurendamata, mist\u00f5ttu need sobivad kitsastesse kohtadesse.<\/li>\n<li><strong>Kohandatud tootmine:<\/strong> Meie tooted suudavad sujuvalt asendada olemasolevaid h\u00fcdrosilindreid, tagades optimaalse j\u00f5udluse ja \u00fchilduvuse.<\/li>\n<li><strong>Mitmek\u00fclgne rakendus:<\/strong> Need silindrid on loodud mitmesugusteks rakendusteks ja kohanduvad erinevate masinate spetsiifiliste t\u00f6\u00f6n\u00f5uetega.<\/li>\n<\/ul>\n<p><img decoding=\"async\" src=\"https:\/\/www.hydraulic-cylinders.net\/wp-content\/uploads\/2025\/04\/songte-cylinder-head-with-all-kinds-excavator-models.webp\" alt=\"Ekskavaatori mudelid\"><\/p>\n<h2>Poomi silindri rakendused<\/h2>\n<h3>Ehitustehnika<\/h3>\n<p>Ekskavaatorites on noolesilindrid \u00fcliolulised pinnase v\u00f5i prahi kaevamiseks, laadimiseks ja transportimiseks. Need v\u00f5imaldavad noole \u00fcles- ja allapoole liikumist, suurendades oluliselt masina t\u00f6\u00f6 efektiivsust. Ekskavaatorlaadurites abistab noolesilinder nii kaevamis- kui ka t\u00f5stet\u00f6\u00f6del, osutudes oluliseks ehitus- ja lammutusprojektide puhul.<\/p>\n<h3>P\u00f5llumajandustehnika<\/h3>\n<p>Esilaadurite puhul h\u00f5lbustavad noolesilindrid mulla, heina ja muude materjalide koputamist, t\u00f5stmist ja transportimist. Nende v\u00f5ime raskeid koormaid t\u00f5husalt k\u00e4sitseda muudab need p\u00f5llumajandust\u00f6\u00f6des asendamatuks, parandades tootlikkust ja v\u00e4hendades t\u00f6\u00f6j\u00f5ukulusid.<\/p>\n<h3>Ekskavaatorid<\/h3>\n<p>Noole silinder on ekskavaatorite kaevamistegevuse jaoks \u00fclioluline, v\u00f5imaldades kopal t\u00f5husalt pinnasesse tungida. See v\u00f5ime on oluline t\u00e4psust ja v\u00f5imsust n\u00f5udvate \u00fclesannete puhul, v\u00f5imaldades operaatoritel kaevamist\u00f6id kergemini teha.<\/p>\n<h3>Laadurid<\/h3>\n<p>Esilaaduritel aitavad noolesilindrid kaasa koormate t\u00f5stmisele ja mahalaadimisele. Nende konstruktsioon tagab sujuva t\u00f6\u00f6, s\u00e4ilitades samal ajal vajaliku t\u00f5stev\u00f5ime, mist\u00f5ttu sobivad need ideaalselt materjalide kiireks ja t\u00f5husaks teisaldamiseks ja mahalaadimiseks.<\/p>\n<h2>Projekteerimiskaalutlused ja valikukriteeriumid<\/h2>\n<h3>Kandev\u00f5ime<\/h3>\n<p>\u00dcks peamisi noolesilindri projekteerimise kaalutlusi on selle kandev\u00f5ime. On oluline, et silinder suudaks taluda maksimaalset eeldatavat koormust, ilma et see kahjustaks ohutust v\u00f5i funktsionaalsust. See h\u00f5lmab materjali tugevuse ja konstruktsiooni geomeetria hindamist, et tagada silindri t\u00f6\u00f6kindlus erinevates tingimustes.<\/p>\n<h3>Tihendus<\/h3>\n<p>T\u00f5hus tihendamine on h\u00fcdraulilistes rakendustes kriitilise t\u00e4htsusega. Kvaliteetsed tihendid hoiavad \u00e4ra h\u00fcdraulikavedeliku lekke, tagades s\u00fcsteemi t\u00f5husa t\u00f6\u00f6. Tihendusmaterjalide, n\u00e4iteks pol\u00fcuretaani ja nitriilkummi, valik on vastupidavuse suurendamiseks ja kulumise v\u00e4ltimiseks aja jooksul \u00fclioluline. N\u00f5uetekohane tihendamine aitab kaasa s\u00fcsteemi t\u00f6\u00f6kindlusele ja v\u00e4hendab hoolduskulusid.<\/p>\n<h3>Vastupidavus<\/h3>\n<p>Vastupidavus on noolesilindrite projekteerimisel v\u00f5tmetegur. Need peavad olema konstrueeritud taluma karme t\u00f6\u00f6keskkondi, sealhulgas \u00e4\u00e4rmuslikke temperatuure, niiskust ja mustust. K\u00f5rgtugevate materjalide ja kaitsekatete kasutamine v\u00f5ib oluliselt pikendada silindrite eluiga, tagades nende t\u00f5husa toimimise kogu t\u00f6\u00f6ea jooksul.<\/p>\n<h3>Ohutus<\/h3>\n<p>Poomi silindrite konstruktsiooni tuleb integreerida ohutusfunktsioonid. See h\u00f5lmab silindri varustamist \u00fclekoormuse v\u00e4ltimiseks r\u00f5huvabastusventiilidega. Lisaks on regulaarsed hoolduskontrollid olulised, et tuvastada v\u00f5imalikke probleeme, mis v\u00f5ivad p\u00f5hjustada rikkeid, tagades seel\u00e4bi operaatorite ja seadmete ohutuse.<\/p>\n<h3>Hooldus<\/h3>\n<p>Hoolduse lihtsus on veel \u00fcks oluline disainialane kaalutlus. Poomi silindrid peaksid olema konstrueeritud nii, et tihenditele ja muudele sisemistele komponentidele oleks lihtne juurde p\u00e4\u00e4seda, mis h\u00f5lbustab rutiinseid kontrolle ja vahetusi. Hooldusprotseduuride lihtsustamine aitab v\u00e4hendada seisakuid ja pikendada toote \u00fcldist eluiga.<\/p>\n<p><img decoding=\"async\" src=\"https:\/\/www.hydraulic-cylinders.net\/wp-content\/uploads\/2025\/04\/songte-oil-pipes-and-spare-parts.webp\" alt=\"\u00d5litorud ja varuosad\"><\/p>\n<h2>Poomi silindri tihendamine ja m\u00e4\u00e4rimine<\/h2>\n<p>Poomi silindri tihenduss\u00fcsteem koosneb erinevatest komponentidest, sealhulgas kolvitihenditest ja vardatihenditest. Need tihendid on tavaliselt valmistatud kulumiskindlatest materjalidest, nagu pol\u00fcuretaan ja nitriilkummi, mis suurendavad pikaealisust ja j\u00f5udlust. Silindri korpus ja keermestatud otsapinnad l\u00e4bivad t\u00e4ppist\u00f6\u00f6tluse, et parandada kulumiskindlust ja tagada tihe sobivus, mis on lekete v\u00e4ltimiseks \u00fclioluline.<\/p>\n<p>Regulaarne h\u00fcdraulika\u00f5liga m\u00e4\u00e4rimine on silindri funktsionaalsuse s\u00e4ilitamiseks \u00fclioluline. H\u00fcdraulika\u00f5li mitte ainult ei m\u00e4\u00e4ri liikuvaid osi, vaid aitab ka t\u00f6\u00f6 ajal tekkivat soojust hajutada. Oluline on tagada, et h\u00fcdraulika\u00f5li kantakse regulaarselt peale piisavas koguses, et v\u00e4ltida tihendite ja muude komponentide kulumist.<\/p>\n<h2>Ennetavad hooldusmeetmed<\/h2>\n<ul>\n<li><strong>Regulaarsed kontrollid:<\/strong> Poomi silindri regulaarsed kontrollid on olulised kulumise, lekete v\u00f5i kahjustuste tuvastamiseks. Need kontrollid peaksid keskenduma silindri v\u00e4lispinnale, tihenditele ja \u00fchendustele, et tagada selle t\u00f6\u00f6kindlus.<\/li>\n<li><strong>\u00d5ige m\u00e4\u00e4rimine:<\/strong> Silindri piisav m\u00e4\u00e4rimine h\u00fcdraulika\u00f5liga on \u00fclioluline. \u00d5ige m\u00e4\u00e4rimiskogus minimeerib liikuvate osade vahelist h\u00f5\u00f5rdumist ja aitab s\u00e4ilitada optimaalset j\u00f5udlust.<\/li>\n<li><strong>Tihendi vahetamine:<\/strong> Lekete v\u00e4ltimiseks tuleks tihendeid regulaarselt kontrollida ja vajadusel vahetada. Kvaliteetsete tihendite kasutamine v\u00f5ib parandada silindri vastupidavust ja j\u00f5udlust.<\/li>\n<\/ul>\n<h2>Paigaldusjuhised<\/h2>\n<p>Poomi silindri \u00f5ige paigaldamine on optimaalse j\u00f5udluse saavutamiseks \u00fclioluline. Alustage silindri \u00f5igest joondamisest masinaga, et v\u00e4ltida komponentide liigset pinget. Kasutage silindri kinnitamiseks sobivaid kinnitusklambreid, j\u00e4rgides tootja spetsifikatsioone p\u00f6\u00f6rdemomendi s\u00e4tete kohta.<\/p>\n<p>Enne h\u00fcdraulikavoolikute \u00fchendamist kontrollige, kas seal on mustust v\u00f5i saasteaineid, mis v\u00f5ivad tihendeid kahjustada. P\u00e4rast paigaldamist t\u00e4itke s\u00fcsteem soovitatava h\u00fcdraulikavedelikuga ja \u00f5hutage s\u00fcsteem, et eemaldada l\u00f5ksu j\u00e4\u00e4nud \u00f5hk. Kontrollige silindri t\u00f6\u00f6d, et veenduda \u00f5iges joonduses ja funktsionaalsuses, tehes vajadusel kohandusi.<\/p>\n<h2>Levinumad hooldust\u00f6\u00f6d<\/h2>\n<h3>Regulaarsed kontrollid<\/h3>\n<p>Poomi silindri regulaarne kontrollimine on selle pikaealisuse ja j\u00f5udluse tagamiseks \u00fclioluline. Kontrollid peaksid olema p\u00f5hjalikud ja h\u00f5lmama n\u00e4htavate kulumism\u00e4rkide, n\u00e4iteks narmendavate tihendite v\u00f5i silindri korpuse korrosiooni kontrollimist. V\u00f5imalike probleemide varajane avastamine aitab v\u00e4ltida kulukaid remondit\u00f6id ja seisakuid.<\/p>\n<h3>\u00d5ige m\u00e4\u00e4rimine<\/h3>\n<p>N\u00f5uetekohase m\u00e4\u00e4rimise s\u00e4ilitamine on poomi silindri t\u00f5husa t\u00f6\u00f6 tagamiseks h\u00e4davajalik. Kontrollige regulaarselt h\u00fcdraulika\u00f5li taset ja lisage vastavalt vajadusele. N\u00f5uetekohane m\u00e4\u00e4rimine v\u00e4hendab h\u00f5\u00f5rdumist ja kulumist, pikendades silindri eluiga. Samuti on oluline kasutada soovitatud t\u00fc\u00fcpi h\u00fcdraulika\u00f5li j\u00f5udluse s\u00e4ilitamiseks ja kahjustuste v\u00e4ltimiseks.<\/p>\n<h3>Tihendi vahetamine<\/h3>\n<p>Tihendid m\u00e4ngivad olulist rolli lekete v\u00e4ltimisel ja r\u00f5hu s\u00e4ilitamisel h\u00fcdraulikas\u00fcsteemis. Kontrollige regulaarselt tihendeid kulumisj\u00e4lgede suhtes ja vajadusel vahetage need v\u00e4lja. N\u00f5uetekohaselt teostatud tihendite vahetamine v\u00f5ib parandada poomi silindri j\u00f5udlust ja v\u00e4hendada h\u00fcdraulika rikke ohtu.<\/p>\n<p><img decoding=\"async\" src=\"https:\/\/www.hydraulic-cylinders.net\/wp-content\/uploads\/2025\/04\/songte-chushion-collar.webp\" alt=\"Padjakaelus\"><\/p>\n<h2>Ohutuskaalutlused ja keskkonnategurid<\/h2>\n<p>H\u00fcdraulikas\u00fcsteemidega t\u00f6\u00f6tamisel on ohutusmeetmed \u00fcliolulised. Operaatorid peaksid olema koolitatud h\u00fcdrauliliste seadmete ohutu k\u00e4sitsemise ja k\u00f5rgsurveh\u00fcdraulikas\u00fcsteemidega seotud v\u00f5imalike ohtude osas. Ohutusprotokollide range j\u00e4rgimise tagamine aitab minimeerida \u00f5nnetuste v\u00f5i vigastuste ohtu.<\/p>\n<p>Lisaks on h\u00fcdrauliliste silindrite kasutamisel oluline arvestada keskkonnateguritega. Keskkonna saastumise v\u00e4ltimiseks tuleks h\u00fcdraulilised vedelikud ja kasutatud tihendid n\u00f5uetekohaselt utiliseerida. Keskkonnas\u00f5bralike m\u00e4\u00e4rdeainete ja materjalide kasutamine aitab h\u00fcdrauliliste toimingute keskkonnam\u00f5ju veelgi v\u00e4hendada.<\/p>\n<h2>Rikete diagnoosimine ja levinud probleemid<\/h2>\n<ul>\n<li><strong>Leke:<\/strong> Lekked on h\u00fcdrosilindrite puhul levinud probleem, mille p\u00f5hjuseks on sageli kulunud tihendid v\u00f5i kahjustatud komponendid. Regulaarne kontroll aitab lekkeid varakult tuvastada, v\u00f5imaldades kiiret remonti.<\/li>\n<li><strong>V\u00f5imsuse kaotus:<\/strong> Kui silindril esineb v\u00f5imsuse kadu v\u00f5i aeglane reageerimisaeg, v\u00f5ib see viidata madalale h\u00fcdraulikavedeliku tasemele v\u00f5i \u00f5hule s\u00fcsteemis. H\u00fcdraulikavedeliku taseme kontrollimine ja s\u00fcsteemi \u00f5hutamine v\u00f5ivad need probleemid lahendada.<\/li>\n<li><strong>Joondumatuse:<\/strong> Paigaldamise ajal esinev vale joondamine v\u00f5ib silindrile p\u00f5hjustada liigset pinget, mis omakorda p\u00f5hjustab enneaegset kulumist. Selle probleemi v\u00e4ltimiseks on paigaldamise ajal oluline \u00f5ige joondamine.<\/li>\n<\/ul>\n<h2>Veaotsingu n\u00e4pun\u00e4ited ja lahendused<\/h2>\n<p>Poomi silindri probleemide t\u00f5husaks diagnoosimiseks ja lahendamiseks peaksid operaatorid j\u00e4rgima s\u00fcstemaatilist l\u00e4henemisviisi. Alustage n\u00e4htavate lekete kontrollimisest ja h\u00fcdraulikavedeliku kao allika kindlakstegemisest. Kui silinder ei reageeri korralikult, kontrollige h\u00fcdraulikavedeliku taset ja torusid ummistuste v\u00f5i \u00f5hutaskute suhtes.<\/p>\n<p>Ennetusmeetmete rakendamine, n\u00e4iteks regulaarne hooldus ja \u00fclevaatused, on potentsiaalsete probleemide minimeerimise v\u00f5tmeks. Operaatorid peaksid pidama hooldusp\u00e4evikut \u00fclevaatuste ja remondit\u00f6\u00f6de j\u00e4lgimiseks, tagades ballooni t\u00f6\u00f6 k\u00f5igi aspektide pideva j\u00e4lgimise.<\/p>\n<p><img decoding=\"async\" src=\"https:\/\/www.hydraulic-cylinders.net\/wp-content\/uploads\/2025\/04\/songte-bushings-with-all-kinds-of-excavator-models.webp\" alt=\"Puksid ekskavaatorimudelitega\"><\/p>\n<h2>Meie ettev\u00f5ttest<\/h2>\n<p>Oleme juhtiv asendush\u00fcdrauliliste silindrite tootja, pakkudes laia tootevalikut nii sise- kui ka rahvusvahelisele turule. Meie p\u00fchendumus kvaliteedile ilmneb meie t\u00e4iustatud tootmisprotsessides ja t\u00e4iustatud tootmisjuhtimise strateegiates.<\/p>\n<p>Meie tehniliste ekspertide meeskond koos tipptasemel tootmisseadmete ja rangete testimiss\u00fcsteemidega tagab meie tootmisv\u00f5imaluste pideva t\u00e4iustamise. J\u00e4rgime klientide mitmekesiste vajaduste rahuldamiseks k\u00f5rge efektiivsuse, t\u00e4psuse ja kvaliteedi p\u00f5him\u00f5tteid.<\/p>\n<p>Keskendudes professionaalsetele sertifikaatidele, kohandatud teenustele ja erakordsele m\u00fc\u00fcgij\u00e4rgsele toele, p\u00fc\u00fcame pakkuda oma klientidele parimaid lahendusi. Meie lai tootevalik ja p\u00fchendumus tipptasemele on teinud meist usaldusv\u00e4\u00e4rse partneri h\u00fcdrauliliste silindrite valdkonnas.<\/p>\n<p><img decoding=\"async\" src=\"https:\/\/www.hydraulic-cylinders.net\/wp-content\/uploads\/2025\/04\/songte-company-4.webp\" alt=\"Ettev\u00f5tte \u00fclevaade\"><br \/>\n<img decoding=\"async\" src=\"https:\/\/www.hydraulic-cylinders.net\/wp-content\/uploads\/2025\/04\/songte-company-3.webp\" alt=\"Tootmis\u00fcksus\"><\/p>\n<p>Autor: lyl<\/p>","protected":false},"excerpt":{"rendered":"<p>Boom Cylinder For Dasin DS15 Introduction to the Boom Cylinder The boom cylinder, specifically designed for the Dasin DS15, is a vital component in hydraulic systems. It serves to control the motion of the boom, allowing for efficient handling and maneuvering of heavy machinery. As a type of hydraulic cylinder, it plays a crucial role [&hellip;]<\/p>","protected":false},"featured_media":17867,"comment_status":"open","ping_status":"closed","template":"","meta":{"_et_pb_use_builder":"","_et_pb_old_content":"","_et_gb_content_width":""},"product_brand":[],"product_cat":[1546],"product_tag":[1547,1496],"class_list":{"0":"post-19694","1":"product","2":"type-product","3":"status-publish","4":"has-post-thumbnail","6":"product_cat-boom-cylinders","7":"product_tag-boom-cylinders","8":"product_tag-hydraulic-cylinders","10":"first","11":"instock","12":"shipping-taxable","13":"product-type-simple"},"amp_enabled":true,"_links":{"self":[{"href":"https:\/\/www.hydraulic-cylinders.net\/et\/wp-json\/wp\/v2\/product\/19694","targetHints":{"allow":["GET"]}}],"collection":[{"href":"https:\/\/www.hydraulic-cylinders.net\/et\/wp-json\/wp\/v2\/product"}],"about":[{"href":"https:\/\/www.hydraulic-cylinders.net\/et\/wp-json\/wp\/v2\/types\/product"}],"replies":[{"embeddable":true,"href":"https:\/\/www.hydraulic-cylinders.net\/et\/wp-json\/wp\/v2\/comments?post=19694"}],"wp:featuredmedia":[{"embeddable":true,"href":"https:\/\/www.hydraulic-cylinders.net\/et\/wp-json\/wp\/v2\/media\/17867"}],"wp:attachment":[{"href":"https:\/\/www.hydraulic-cylinders.net\/et\/wp-json\/wp\/v2\/media?parent=19694"}],"wp:term":[{"taxonomy":"product_brand","embeddable":true,"href":"https:\/\/www.hydraulic-cylinders.net\/et\/wp-json\/wp\/v2\/product_brand?post=19694"},{"taxonomy":"product_cat","embeddable":true,"href":"https:\/\/www.hydraulic-cylinders.net\/et\/wp-json\/wp\/v2\/product_cat?post=19694"},{"taxonomy":"product_tag","embeddable":true,"href":"https:\/\/www.hydraulic-cylinders.net\/et\/wp-json\/wp\/v2\/product_tag?post=19694"}],"curies":[{"name":"wp","href":"https:\/\/api.w.org\/{rel}","templated":true}]}}