{"id":19696,"date":"2025-04-07T07:02:20","date_gmt":"2025-04-07T07:02:20","guid":{"rendered":"https:\/\/www.hydraulic-cylinders.net\/product\/boom-cylinder-for-dasin-ds60-7\/"},"modified":"2025-04-07T07:02:22","modified_gmt":"2025-04-07T07:02:22","slug":"boom-cylinder-for-dasin-ds60-7","status":"publish","type":"product","link":"https:\/\/www.hydraulic-cylinders.net\/et\/toode\/boom-cylinder-for-dasin-ds60-7\/","title":{"rendered":"Poomi silinder Dasin DS60-7 jaoks"},"content":{"rendered":"<h1>Poomi silinder Dasin DS60-7 jaoks<\/h1>\n<h2>Poomi silindri m\u00f5istmine<\/h2>\n<p>Spetsiaalselt Dasin DS60-7 jaoks loodud noole silinder m\u00e4ngib h\u00fcdraulikas\u00fcsteemides olulist rolli. See h\u00fcdraulika silinder on oluline koppade liikumise juhtimiseks erinevates rasketehnikas, n\u00e4iteks ekskavaatorites, laadur-ekskavaatorites ja esilaadurites. See v\u00f5imaldab koppa t\u00f5sta, langetada ja kallutada, h\u00f5lbustades t\u00f5husaid materjalik\u00e4itlust\u00f6id.<\/p>\n<p><img decoding=\"async\" src=\"https:\/\/www.hydraulic-cylinders.net\/wp-content\/uploads\/2025\/04\/songte-company-1.webp\" alt=\"Poomi silinder\" \/><\/p>\n<h3>Definitsioon ja \u00fclevaade<\/h3>\n<p>Noolesilinder on spetsiaalne h\u00fcdrauliline silinder, mida kasutatakse ehitusmasinate noole v\u00f5i kopa t\u00f6\u00f6 juhtimiseks. Need silindrid muudavad h\u00fcdraulilise vedeliku r\u00f5hu mehaaniliseks energiaks, v\u00f5imaldades kopa sujuvat ja kontrollitud liikumist. H\u00fcdraulikas\u00fcsteem tagab raskete koormate t\u00e4pse t\u00f5stmise ja liigutamise, muutes selle asendamatuks selliste \u00fclesannete jaoks nagu kaevamine, laadimine ja materjalide transportimine. Nende silindrite t\u00f5husus ja efektiivsus suurendavad oluliselt raskete masinate t\u00f6\u00f6v\u00f5imet, muutes need ehitus- ja p\u00f5llumajandusrakenduste olulisteks komponentideks.<\/p>\n<h2>Poomi silindri omadused<\/h2>\n<ul>\n<li><strong>Suur tugevus ja vastupidavus:<\/strong> Tavaliselt valmistatud \u00fclitugevast terasest v\u00f5i alumiiniumist, need silindrid taluvad k\u00f5rget r\u00f5hku ja suuri koormusi, sobides karmideks t\u00f6\u00f6keskkondadeks.<\/li>\n<li><strong>T\u00f5hus h\u00fcdrauliline t\u00f6\u00f6:<\/strong> H\u00fcdraulilise \u00f5li r\u00f5hu kasutamine v\u00f5imaldab sujuvat pikendamist ja tagasit\u00f5mbamist, pakkudes kiiret reageerimist juhtimisk\u00e4sklustele ning v\u00f5imsaid t\u00f5uke- ja t\u00f5mbej\u00f5ude.<\/li>\n<li><strong>Erinevad t\u00fc\u00fcbid:<\/strong> Saadaval \u00fchetoimelise (\u00fches suunas t\u00f6\u00f6tav) v\u00f5i kahetoimelise (m\u00f5lemas suunas t\u00f6\u00f6tav) variandina ning m\u00f5nel mudelil on teleskoopkonstruktsioon, mis tagab suurema ulatuse ilma v\u00e4lism\u00f5\u00f5tmeid suurendamata.<\/li>\n<li><strong>Hoolduse lihtsus:<\/strong> Loodud komponentidele h\u00f5lpsaks juurdep\u00e4\u00e4suks, h\u00f5lbustades kiiremaid kontrolle ja remonte, mis aitab v\u00e4hendada seisakuid ja s\u00e4ilitada t\u00f6\u00f6 efektiivsust.<\/li>\n<li><strong>Kohandamisvalikud:<\/strong> Meie silindreid saab kohandada vastavalt konkreetsetele rakendusn\u00f5uetele, tagades optimaalse j\u00f5udluse erinevates t\u00f6\u00f6olukordades.<\/li>\n<\/ul>\n<p>Oleme spetsialiseerunud selle toote tootmisele ja meie silindrid suudavad suurep\u00e4raselt asendada olemasolevaid h\u00fcdraulilisi silindreid erinevates rakendustes.<\/p>\n<p><img decoding=\"async\" src=\"https:\/\/www.hydraulic-cylinders.net\/wp-content\/uploads\/2025\/04\/songte-cylinder-head-with-all-kinds-excavator-models.webp\" alt=\"Dasin DS60-7 silinder\" \/><\/p>\n<h2>Poomi silindri rakendused<\/h2>\n<h3>Ehitustehnika<\/h3>\n<p>Ehitusmasinates, n\u00e4iteks ekskavaatorites, on noolesilindrid kriitilise t\u00e4htsusega pinnase v\u00f5i prahi kaevamiseks, laadimiseks ja teisaldamiseks. Need v\u00f5imaldavad kopal t\u00e4ita mitmesuguseid funktsioone, alates pinnasesse kaevamisest kuni materjalide t\u00f5stmise ja transportimiseni erinevatesse kohtadesse. Noolesilindri mitmek\u00fclgsus v\u00f5imaldab ekskavaatoritel kohaneda erinevate \u00fclesannetega, suurendades ehitusplatside tootlikkust.<\/p>\n<h3>P\u00f5llumajandustehnika<\/h3>\n<p>P\u00f5llumajandusmasinates, n\u00e4iteks esilaadurites, kasutatakse noolesilindreid mulla, heina ja muude materjalide kopeerimiseks, t\u00f5stmiseks ja transportimiseks. Nende v\u00f5ime pakkuda v\u00f5imast t\u00f5stev\u00f5imet on t\u00f5husa p\u00f5llumajandustegevuse jaoks h\u00e4davajalik, v\u00f5imaldades p\u00f5llumeestel kiiresti ja t\u00f5husalt teisaldada suuri materjalikoguseid, parandades seel\u00e4bi p\u00f5llumajanduse tootlikkust.<\/p>\n<h3>Ekskavaatorid<\/h3>\n<p>Ekskavaatorites h\u00f5lbustab noole silinder kaevamist, v\u00f5imaldades kopal h\u00f5lpsalt pinnasesse tungida. See funktsioon on kaevet\u00f6\u00f6de puhul \u00fclioluline, kuna see aitab saavutada t\u00e4pseid kaevamiss\u00fcgavusi ja -kujusid, mis on olulised mitmesuguste ehitus- ja haljastusprojektide puhul. Noole silindri pakutav h\u00fcdrauliline j\u00f5ud tagab, et isegi k\u00f5va pinnase saab minimaalse pingutusega v\u00e4lja kaevata.<\/p>\n<h3>Laadurid<\/h3>\n<p>Esilaaduritel aitavad noolesilindrid oluliselt kaasa koormate t\u00f5stmisele ja mahalaadimisele. Need v\u00f5imaldavad laaduril t\u00f5sta raskeid materjale soovitud k\u00f5rgusele ja seej\u00e4rel kallutada, et koorem t\u00f5husalt vabastada. See toiming on ehituses ja materjalide k\u00e4itlemisel \u00fclioluline, kus \u00f5igeaegsed ja t\u00f5husad peale- ja mahalaadimisprotsessid on projekti \u00fcldise efektiivsuse tagamiseks vajalikud.<\/p>\n<h2>Projekteerimiskaalutlused ja valikukriteeriumid<\/h2>\n<h3>Kandev\u00f5ime<\/h3>\n<p>Poomi silindri projekteerimisel on kandev\u00f5ime esmat\u00e4htis kaalutlus. Kasutajad peavad tagama, et silinder suudab kanda maksimaalset raskust, mida see eeldatavasti t\u00f5sta v\u00f5i liigutada suudab. See h\u00f5lmab silindri ehitamisel kasutatud materjalide ja \u00fcldise konstruktsiooni hindamist, et tagada selle vastavus v\u00f5i \u00fclekoormus t\u00f6\u00f6n\u00f5uetele. Tootjad viivad sageli l\u00e4bi ulatuslikke katseid, et kinnitada, et nende silindrid suudavad etten\u00e4htud koormuste all t\u00f5rgeteta t\u00f6\u00f6tada, tagades ohutuse ja t\u00f6\u00f6kindluse kohapeal.<\/p>\n<h3>Tihendus ja vastupidavus<\/h3>\n<p>Poomi silindrite konstruktsiooni oluline aspekt on tihendus. H\u00fcdraulilised silindrid peavad s\u00e4ilitama r\u00f5hu, v\u00e4ltides samal ajal lekkeid, mis v\u00f5ivad j\u00f5udlust halvendada. Kvaliteetsed tihendid, n\u00e4iteks vastupidavatest materjalidest (nt pol\u00fcuretaan v\u00f5i nitriilkummi) valmistatud kolvi- ja varrastihendid, tagavad suurep\u00e4rase kulumiskindluse. Konstruktsioon h\u00f5lmab ka silindrite korpuste ja keermestatud otste t\u00e4ppist\u00f6\u00f6tlust, et suurendada kulumiskindlust ja pikaealisust, tagades silindri t\u00f5husa t\u00f6\u00f6 pikema aja jooksul.<\/p>\n<h3>Turvaelemendid<\/h3>\n<p>H\u00fcdrauliliste silindrite projekteerimisel on ohutus esmat\u00e4htis. \u00d5nnetuste v\u00e4ltimiseks ja masinate ohutu t\u00f6\u00f6 tagamiseks on sisse ehitatud sellised funktsioonid nagu \u00fclekoormuskaitse, kaitseklapid ja avariiseiskamismehhanismid. Need ohutusmeetmed kaitsevad nii seadet kui ka operaatorit, minimeerides t\u00f6\u00f6tamise ajal h\u00fcdraulika riketega seotud riske. Regulaarsed kontrollid ja ohutusjuhiste j\u00e4rgimine on nende ohutusfunktsioonide s\u00e4ilitamiseks h\u00e4davajalikud, tagades seadmete sujuva ja ohutu t\u00f6\u00f6.<\/p>\n<p><img decoding=\"async\" src=\"https:\/\/www.hydraulic-cylinders.net\/wp-content\/uploads\/2025\/04\/songte-oil-pipes-and-spare-parts.webp\" alt=\"H\u00fcdrauliliste silindrite osad\" \/><\/p>\n<h2>Tihendus ja m\u00e4\u00e4rimine<\/h2>\n<p>T\u00f5hus tihendamine ja m\u00e4\u00e4rimine on noole silindrite j\u00f5udluse seisukohalt kriitilise t\u00e4htsusega. H\u00fcdraulikavedeliku lekete ja saastumise v\u00e4ltimiseks kasutatakse mitmesuguseid tihendeid, sealhulgas kolvi- ja varrastihendeid. Vastupidavate materjalide, n\u00e4iteks pol\u00fcuretaani ja nitriilkummi valik pikendab tihendite eluiga ja j\u00f5udlust r\u00f5hu all. Lisaks parandab silindri korpuse ja keermestatud otspindade peent\u00f6\u00f6tlus kulumiskindlust, tagades pikema t\u00f6\u00f6ea. Regulaarne hooldus, sealhulgas sobiv m\u00e4\u00e4rimine h\u00fcdraulika\u00f5liga, on oluline h\u00f5\u00f5rdumise ja kulumise minimeerimiseks, suurendades silindri efektiivsust ja pikaealisust.<\/p>\n<h2>Regulaarne kontroll ja ennetav hooldus<\/h2>\n<ul>\n<li><strong>Rutiinsed kontrollid:<\/strong> Ballooni regulaarne kontrollimine kulumise, lekke v\u00f5i kahjustuste suhtes on selle funktsionaalsuse s\u00e4ilitamiseks \u00fclioluline. Operaatorid peaksid kontrollima tihendeid, liitmikke ja ballooni \u00fcldist konstruktsiooni terviklikkust, et tuvastada potentsiaalsed probleemid enne nende s\u00fcvenemist.<\/li>\n<li><strong>Planeeritud m\u00e4\u00e4rimine:<\/strong> Silindri korraliku m\u00e4\u00e4rimise tagamine \u00f5iget t\u00fc\u00fcpi ja koguse h\u00fcdraulika\u00f5liga on oluline. See tava mitte ainult ei v\u00e4henda h\u00f5\u00f5rdumist, vaid aitab ka kaitsta kulumise eest, pikendades silindri eluiga.<\/li>\n<li><strong>Tihendi vahetamine:<\/strong> Aja jooksul v\u00f5ivad tihendid laguneda ja silindri efektiivsuse s\u00e4ilitamiseks v\u00f5ib vaja minna v\u00e4lja vahetada. Ennetava tihendite vahetamise ajakava rakendamine vastavalt kasutusele aitab lekkeid v\u00e4ltida ja optimaalse j\u00f5udluse tagada.<\/li>\n<\/ul>\n<h2>Paigaldusjuhised<\/h2>\n<p>Poomi silindri \u00f5ige paigaldamine on optimaalse j\u00f5udluse saavutamiseks \u00fclioluline. Alustage veendumaks, et k\u00f5ik komponendid on puhtad ja prahist vabad. Joondage silinder \u00f5igesti kinnitusklambritega, et v\u00e4ltida silindri pinget ja tagada sujuv t\u00f6\u00f6. Kasutage silindri kindlalt paigale kinnitamiseks sobivaid kinnitustugesid. P\u00e4rast paigaldamist kontrollige enne h\u00fcdraulikavoolikute \u00fchendamist, kas esineb valejoondust, ja tehke vajadusel kohandusi. Enne t\u00e4ieliku t\u00f6\u00f6r\u00f5hu saavutamist veenduge, et k\u00f5ik \u00fchendused on tihedad, ja testige s\u00fcsteemi madala r\u00f5hu all, et veenduda lekete puudumises. Nende juhiste j\u00e4rgimine aitab maksimeerida poomi silindri j\u00f5udlust ja pikaealisust.<\/p>\n<h2>Levinumad hooldust\u00f6\u00f6d<\/h2>\n<h3>Regulaarsed kontrollid<\/h3>\n<p>Regulaarsed kontrollid on potentsiaalsete probleemide varajaseks avastamiseks h\u00e4davajalikud. Operaatorid peaksid kontrollima poomi silindrit kulumise, kahjustuste v\u00f5i lekete suhtes. Otsige pragusid, korrosiooni v\u00f5i muid ebakorrap\u00e4rasusi, mis v\u00f5ivad j\u00f5udlust m\u00f5jutada. Ennetav l\u00e4henemine kontrollile aitab v\u00e4ltida ootamatuid rikkeid ja tagada sujuva t\u00f6\u00f6.<\/p>\n<h3>\u00d5ige m\u00e4\u00e4rimine<\/h3>\n<p>M\u00e4\u00e4rimine on liikuvate osade vahelise h\u00f5\u00f5rdumise v\u00e4hendamiseks \u00fclioluline. Veenduge, et kasutatav h\u00fcdraulika\u00f5li sobiks silindri konstruktsiooniga ja et seda optimaalse j\u00f5udluse s\u00e4ilitamiseks regulaarselt vahetataks. N\u00f5uetekohane m\u00e4\u00e4rimine mitte ainult ei pikenda silindri eluiga, vaid parandab ka selle efektiivsust t\u00f6\u00f6tamise ajal.<\/p>\n<h3>Tihendi vahetamine<\/h3>\n<p>Tihendite perioodiline vahetamine on lekete v\u00e4ltimiseks ja h\u00fcdraulilise r\u00f5hu s\u00e4ilitamiseks \u00fclioluline. Kontrollige tihendeid kulumise suhtes ja vahetage need esimeste halvenemise m\u00e4rkide ilmnemisel v\u00e4lja. Tihendite regulaarne vahetamine tagab h\u00fcdraulikas\u00fcsteemi t\u00f5husa ja ohutu t\u00f6\u00f6, minimeerides vedelikukao ja v\u00f5imalike \u00f5nnetuste ohtu.<\/p>\n<p><img decoding=\"async\" src=\"https:\/\/www.hydraulic-cylinders.net\/wp-content\/uploads\/2025\/04\/songte-chushion-collar.webp\" alt=\"Silindrilise padja krae\" \/><\/p>\n<h2>Ohutuskaalutlused ja keskkonnategurid<\/h2>\n<p>H\u00fcdrauliliste s\u00fcsteemide rakendamisel ja noolesilindrite kasutamisel on ohutusmeetmed \u00fcliolulised. Operaatorid peaksid olema koolitatud ohutu k\u00e4sitsemise protseduuride osas, j\u00e4rgides k\u00f5iki ohutusjuhiseid \u00f5nnetuste v\u00e4ltimiseks. Lisaks on oluline arvestada h\u00fcdrauliliste vedelike keskkonnam\u00f5juga. Biolagunevate h\u00fcdrauliliste vedelike kasutamine aitab v\u00e4hendada v\u00f5imalikke keskkonnaohte, tagades, et tegevus on mitte ainult t\u00f5hus, vaid ka vastutustundlik.<\/p>\n<h2>Veaotsing ja levinud probleemid<\/h2>\n<ul>\n<li><strong>Leke:<\/strong> \u00dcks levinumaid probleeme on h\u00fcdraulikavedeliku leke. See v\u00f5ib tekkida kulunud tihendite v\u00f5i kahjustatud liitmike t\u00f5ttu. Regulaarsed kontrollid on lekete varajaseks avastamiseks ja vedeliku kadude v\u00e4ltimiseks \u00fcliolulised.<\/li>\n<li><strong>Ebapiisav v\u00f5imsus:<\/strong> Kui poomi silinder ei anna piisavalt v\u00f5imsust, v\u00f5ib see olla tingitud madalast h\u00fcdraulikavedeliku tasemest v\u00f5i s\u00fcsteemis olevast \u00f5hust. Vedelikutaseme kontrollimine ja s\u00fcsteemi \u00f5hutamine v\u00f5ib selle probleemi sageli lahendada.<\/li>\n<li><strong>Aeglane t\u00f6\u00f6:<\/strong> Kui silinder t\u00f6\u00f6tab aeglaselt, v\u00f5ib see viidata h\u00fcdraulikavoolikute ummistusele v\u00f5i \u00f5livahetuse vajadusele. Voolikute puhastamine ja \u00f5ige h\u00fcdraulikavedeliku viskoossuse tagamine v\u00f5ivad j\u00f5udlust parandada.<\/li>\n<\/ul>\n<h2>Veaotsingu n\u00e4pun\u00e4ited<\/h2>\n<p>H\u00fcdrauliliste silindrite probleemide t\u00f5husaks diagnoosimiseks ja lahendamiseks peaksid operaatorid j\u00e4rgima s\u00fcstemaatilisi t\u00f5rkeotsingu samme. Alustage n\u00e4htavate lekete kontrollimisest ja piisava vedelikutaseme tagamisest. Kui probleemid p\u00fcsivad, vaadake konkreetsete t\u00f5rkeotsingu protokollide kohta tootja juhiseid. Rakendage ennetavaid meetmeid, n\u00e4iteks regulaarset hooldust ja \u00f5igeaegset vahetust, et minimeerida v\u00f5imalikke probleeme ja parandada silindri t\u00f6\u00f6 efektiivsust.<\/p>\n<p><img decoding=\"async\" src=\"https:\/\/www.hydraulic-cylinders.net\/wp-content\/uploads\/2025\/04\/songte-bushings-with-all-kinds-of-excavator-models.webp\" alt=\"Ekskavaatori puksid\" \/><\/p>\n<h2>Meie ettev\u00f5ttest<\/h2>\n<p>Oleme juhtiv asendush\u00fcdrauliliste silindrite tootja, mis on spetsialiseerunud laiale tootevalikule. P\u00fchendumus erakordsele kvaliteedile on teinud meist silmapaistva tootja ja hulgim\u00fc\u00fcja nii sise- kui ka rahvusvahelistel turgudel. J\u00e4rgime t\u00e4iustatud tootmisjuhtimise strateegiat ning investeerime t\u00e4iustatud digitaalsetesse tootmisseadmetesse ja professionaalsetesse testimiss\u00fcsteemidesse.<\/p>\n<p>Meie tootmisplatvorm areneb pidevalt, et tagada k\u00f5rge efektiivsus ja t\u00e4psus, rahuldades meie klientide mitmekesiseid vajadusi. Pakume kohandatud teenuseid, tagades, et meie tooted vastavad konkreetsetele rakendusn\u00f5uetele. Rahvusvaheliste sertifikaatide ja tugeva m\u00fc\u00fcgij\u00e4rgse tugis\u00fcsteemiga garanteerime usaldusv\u00e4\u00e4rsuse ja klientide rahulolu.<\/p>\n<p><img decoding=\"async\" src=\"https:\/\/www.hydraulic-cylinders.net\/wp-content\/uploads\/2025\/04\/songte-company-4.webp\" alt=\"Ettev\u00f5tte \u00fclevaade\" \/><br \/>\n<img decoding=\"async\" src=\"https:\/\/www.hydraulic-cylinders.net\/wp-content\/uploads\/2025\/04\/songte-company-3.webp\" alt=\"Ettev\u00f5tte tootmine\" \/><\/p>\n<p>Autor: lyl<\/p>","protected":false},"excerpt":{"rendered":"<p>Boom Cylinder For Dasin DS60-7 Understanding the Boom Cylinder The boom cylinder, specifically designed for the Dasin DS60-7, plays a crucial role in hydraulic systems. This hydraulic cylinder is essential for controlling the movement of buckets in various heavy machinery, such as excavators, backhoe loaders, and front loaders. It enables the bucket to lift, lower, [&hellip;]<\/p>","protected":false},"featured_media":17869,"comment_status":"open","ping_status":"closed","template":"","meta":{"_et_pb_use_builder":"","_et_pb_old_content":"","_et_gb_content_width":""},"product_brand":[],"product_cat":[1546],"product_tag":[1547,1496],"class_list":{"0":"post-19696","1":"product","2":"type-product","3":"status-publish","4":"has-post-thumbnail","6":"product_cat-boom-cylinders","7":"product_tag-boom-cylinders","8":"product_tag-hydraulic-cylinders","10":"first","11":"instock","12":"shipping-taxable","13":"product-type-simple"},"amp_enabled":true,"_links":{"self":[{"href":"https:\/\/www.hydraulic-cylinders.net\/et\/wp-json\/wp\/v2\/product\/19696","targetHints":{"allow":["GET"]}}],"collection":[{"href":"https:\/\/www.hydraulic-cylinders.net\/et\/wp-json\/wp\/v2\/product"}],"about":[{"href":"https:\/\/www.hydraulic-cylinders.net\/et\/wp-json\/wp\/v2\/types\/product"}],"replies":[{"embeddable":true,"href":"https:\/\/www.hydraulic-cylinders.net\/et\/wp-json\/wp\/v2\/comments?post=19696"}],"wp:featuredmedia":[{"embeddable":true,"href":"https:\/\/www.hydraulic-cylinders.net\/et\/wp-json\/wp\/v2\/media\/17869"}],"wp:attachment":[{"href":"https:\/\/www.hydraulic-cylinders.net\/et\/wp-json\/wp\/v2\/media?parent=19696"}],"wp:term":[{"taxonomy":"product_brand","embeddable":true,"href":"https:\/\/www.hydraulic-cylinders.net\/et\/wp-json\/wp\/v2\/product_brand?post=19696"},{"taxonomy":"product_cat","embeddable":true,"href":"https:\/\/www.hydraulic-cylinders.net\/et\/wp-json\/wp\/v2\/product_cat?post=19696"},{"taxonomy":"product_tag","embeddable":true,"href":"https:\/\/www.hydraulic-cylinders.net\/et\/wp-json\/wp\/v2\/product_tag?post=19696"}],"curies":[{"name":"wp","href":"https:\/\/api.w.org\/{rel}","templated":true}]}}