{"id":19697,"date":"2025-04-07T07:02:22","date_gmt":"2025-04-07T07:02:22","guid":{"rendered":"https:\/\/www.hydraulic-cylinders.net\/product\/boom-cylinder-for-sinomach-zg3210-9c\/"},"modified":"2025-04-07T07:02:25","modified_gmt":"2025-04-07T07:02:25","slug":"boom-cylinder-for-sinomach-zg3210-9c","status":"publish","type":"product","link":"https:\/\/www.hydraulic-cylinders.net\/et\/toode\/boom-cylinder-for-sinomach-zg3210-9c\/","title":{"rendered":"Sinomach ZG3210-9C poomi silinder"},"content":{"rendered":"<h1>Sinomach ZG3210-9C poomi silinder<\/h1>\n<h2>Toote \u00fclevaade<\/h2>\n<p>Sinomach ZG3210-9C poomi silinder on h\u00fcdrauliline silinder, mis on spetsiaalselt loodud kopa liikumise juhtimiseks erinevates rasketes masinates, n\u00e4iteks ekskavaatorites, laadur-ekskavaatorites ja esilaadurites. See vastupidav komponent v\u00f5imaldab operaatoril kopa t\u00f5sta, langetada ja kallutada, h\u00f5lbustades t\u00f5husaid materjalik\u00e4itlust\u00f6id. Kopa silinder on h\u00fcdraulikas\u00fcsteemides oluline, pakkudes vajalikku j\u00f5udu kriitiliste funktsioonide t\u00e4itmiseks ehituses ja p\u00f5llumajanduses.<\/p>\n<p><img decoding=\"async\" src=\"https:\/\/www.hydraulic-cylinders.net\/wp-content\/uploads\/2025\/04\/songte-company-1.webp\" alt=\"H\u00fcdrauliline silinder\"><\/p>\n<h2>Poomi silindri omadused<\/h2>\n<ul>\n<li><strong>Suur tugevus ja vastupidavus:<\/strong> See \u00fclitugevast terasest v\u00f5i alumiiniumist valmistatud silinder talub k\u00f5rget r\u00f5hku ja suuri koormusi, mist\u00f5ttu sobib see karmidesse t\u00f6\u00f6keskkondadesse. Selle disain arvestab kulumiskindluse ja korrosioonikindlusega, pikendades selle eluiga.<\/li>\n<li><strong>T\u00f5hus h\u00fcdrauliline t\u00f6\u00f6:<\/strong> H\u00fcdraulilise \u00f5li r\u00f5hu abil tagab silinder sujuva pikendus- ja tagasit\u00f5mbamisliigutuse, reageerides kiiresti juhtimisk\u00e4sklustele ning pakkudes v\u00f5imsaid t\u00f5uke- ja t\u00f5mbej\u00f5ude, mis sobib ideaalselt raskete ja keerukate \u00fclesannete t\u00e4itmiseks.<\/li>\n<li><strong>T\u00fc\u00fcpide mitmekesisus:<\/strong> Saadaval nii \u00fchetoimelise (h\u00fcdrauliline \u00fches suunas) kui ka kahetoimelise (h\u00fcdrauliline m\u00f5lemas suunas) konfiguratsioonina, et rahuldada erinevaid t\u00f6\u00f6vajadusi. M\u00f5ned mudelid on teleskoopilised, v\u00f5imaldades suuremat pikendamist ilma v\u00e4lism\u00f5\u00f5tmeid suurendamata, sobides piiratud ruumiga rakenduste jaoks.<\/li>\n<li><strong>T\u00e4ppistehnika:<\/strong> Konstruktsioon h\u00f5lmab t\u00e4ppist\u00f6\u00f6tlust suurema efektiivsuse ja t\u00f6\u00f6kindluse tagamiseks, mille tulemuseks on toode, mis toimib \u00fchtlaselt erinevate koormuste ja tingimuste korral.<\/li>\n<li><strong>Kohandatavad lahendused:<\/strong> Saame seda toodet toota olemasolevate h\u00fcdrosilindrite ideaalseks asendamiseks, vastates konkreetsetele n\u00f5uetele ja spetsifikatsioonidele.<\/li>\n<\/ul>\n<p><img decoding=\"async\" src=\"https:\/\/www.hydraulic-cylinders.net\/wp-content\/uploads\/2025\/04\/songte-cylinder-head-with-all-kinds-excavator-models.webp\" alt=\"Ekskavaatori mudeli \u00fchilduvus\"><\/p>\n<h2>Poomi silindri rakendused<\/h2>\n<h3>Ehitustehnika<\/h3>\n<p>In excavators, the boom cylinder is crucial for digging, loading, and moving soil or debris. It enables the bucket to move efficiently, allowing for precise operations in construction sites. The cylinder&#8217;s reliability ensures that the excavator remains operational, handling the demands of heavy lifting and maneuvering.<\/p>\n<h3>P\u00f5llumajandustehnika<\/h3>\n<p>Esilaadurite puhul m\u00e4ngib noole silinder olulist rolli mulla, heina ja muude materjalide kopeerimisel, t\u00f5stmisel ja transportimisel. Selle v\u00f5ime k\u00e4sitseda suuri koormaid suurendab talude tootlikkust, v\u00f5imaldades operaatoritel \u00fclesandeid kiiresti ja t\u00f5husalt t\u00e4ita, parandades seel\u00e4bi \u00fcldist t\u00f6\u00f6voogu.<\/p>\n<h3>Kaevandusmasinad<\/h3>\n<p>Ekskavaatorites h\u00f5lbustab kopa silinder kaevamist, v\u00f5imaldades kopal t\u00f5husalt pinnasesse tungida. See h\u00fcdrauliline mehhanism tagab raskete materjalide h\u00f5lpsa kaevamise ja transportimise, muutes selle mullat\u00f6\u00f6masinate asendamatuks komponendiks.<\/p>\n<h3>Laadurid<\/h3>\n<p>Esilaaduritel aitavad noolesilindrid koormaid t\u00f5husalt t\u00f5sta ja t\u00fchjendada. Nende vastupidav konstruktsioon tagab raskete materjalide ohutu k\u00e4sitsemise, pakkudes t\u00f6\u00f6mugavust ja v\u00e4hendades seadmete rikke ohtu kriitiliste t\u00f5stetoimingute ajal.<\/p>\n<h2>Projekteerimiskaalutlused ja valikukriteeriumid<\/h2>\n<h3>Kandev\u00f5ime<\/h3>\n<p>Poomi silindri kandev\u00f5ime on \u00fclioluline kaalutlus. See peab olema konstrueeritud nii, et see taluks t\u00f6\u00f6 ajal eeldatavat maksimaalset koormust ilma rikkeohuta. Insenerid peavad arvestama t\u00f5stetavate materjalide kaalu ja t\u00f6\u00f6 ajal tekkivate d\u00fcnaamiliste j\u00f5ududega. See tagab silindri ohutu toimimise suure koormuse korral.<\/p>\n<h3>Tihendusv\u00f5ime<\/h3>\n<p>Sealing performance is vital for the longevity and efficiency of hydraulic cylinders. Proper sealing prevents hydraulic fluid leaks, maintaining the system&#8217;s pressure and performance. Selecting high-quality seals made from durable materials such as polyurethane or nitrile rubber can significantly enhance the cylinder&#8217;s reliability, especially in demanding environments.<\/p>\n<h3>Vastupidavus<\/h3>\n<p>Vastupidavus on poomi silindrite projekteerimisel kriitilise t\u00e4htsusega tegur. Need peavad vastu pidama karmidele keskkonnatingimustele, sealhulgas kokkupuutele mustuse, prahi ja \u00e4\u00e4rmuslike ilmastikutingimustega. H\u00e4sti disainitud silindril on vastupidav konstruktsioon ja kaitsekatted, mis kaitsevad kulumise ja korrosiooni eest, tagades pikema kasutusea ja v\u00e4hendades hoolduskulusid.<\/p>\n<h3>Turvaelemendid<\/h3>\n<p>Ohutus on igas h\u00fcdraulikas\u00fcsteemis esmat\u00e4htis. Poomi silindri konstruktsioon peab sisaldama funktsioone, mis takistavad juhuslikku liikumist ja tagavad operaatori ohutuse. See v\u00f5ib h\u00f5lmata r\u00f5huvabastusventiile ja rikkeohutusmehhanisme, mis aktiveeruvad s\u00fcsteemi rikke korral, pakkudes t\u00f6\u00f6 ajal lisakaitset.<\/p>\n<h3>Hoolduse ligip\u00e4\u00e4setavus<\/h3>\n<p>H\u00fcdrosilindri pikaealisuse tagamiseks on oluline arvestada hoolduse k\u00e4ttesaadavust. See peaks v\u00f5imaldama h\u00f5lpsat juurdep\u00e4\u00e4su olulistele komponentidele kontrollimiseks, m\u00e4\u00e4rimiseks ja vahetamiseks. Hooldust arvestav disain v\u00f5ib oluliselt v\u00e4hendada seisakuid ja tegevuskulusid, tagades masinate optimaalse seisukorra.<\/p>\n<p><img decoding=\"async\" src=\"https:\/\/www.hydraulic-cylinders.net\/wp-content\/uploads\/2025\/04\/songte-oil-pipes-and-spare-parts.webp\" alt=\"H\u00fcdrauliliste silindrite osad\"><\/p>\n<h2>Tihendus ja m\u00e4\u00e4rimine<\/h2>\n<p>T\u00f5hus tihendamine ja m\u00e4\u00e4rimine on poomi silindri j\u00f5udluse lahutamatu osa. Vedeliku lekete v\u00e4ltimiseks ja r\u00f5hu s\u00e4ilitamiseks kasutatakse mitmesuguseid tihenduselemente, sealhulgas kolvitihendeid ja vardatihendeid. Vastupidavate materjalide, n\u00e4iteks pol\u00fcuretaani ja nitriilkummi valik v\u00f5ib suurendada kulumiskindlust. Lisaks l\u00e4bivad silindri korpus ja keermestatud otsapinnad peene t\u00f6\u00f6tluse, et parandada kulumiskindlust. Regulaarne m\u00e4\u00e4rimine h\u00fcdraulika\u00f5liga on vajalik sujuva t\u00f6\u00f6 tagamiseks ja liikuvate osade kulumise v\u00e4ltimiseks, mis on optimaalse j\u00f5udluse s\u00e4ilitamiseks aja jooksul h\u00e4davajalik.<\/p>\n<h2>Regulaarne kontroll ja ennetavad hooldusmeetmed<\/h2>\n<ul>\n<li><strong>Visuaalsed kontrollid:<\/strong> Poomi silindri regulaarne visuaalne kontroll aitab tuvastada kulumise, lekete v\u00f5i kahjustuste m\u00e4rke. Probleemide varajane lahendamine aitab v\u00e4ltida suuremaid rikkeid.<\/li>\n<li><strong>M\u00e4\u00e4rimiskontrollid:<\/strong> Ensure that the cylinder is adequately lubricated according to the manufacturer&#8217;s specifications. Insufficient lubrication can lead to increased wear and premature failure.<\/li>\n<li><strong>Tihendi vahetamine:<\/strong> H\u00fcdraulilise terviklikkuse s\u00e4ilitamiseks kontrollige ja vajadusel vahetage tihendeid. Kulunud tihendid v\u00f5ivad p\u00f5hjustada vedeliku lekkeid ja v\u00e4hendada efektiivsust.<\/li>\n<\/ul>\n<h2>Paigaldusjuhised<\/h2>\n<p>Proper installation of the boom cylinder is crucial for optimal performance. Before installation, ensure that all components are clean and free from contaminants. Begin by aligning the cylinder correctly with the mounting brackets, using appropriate installation fixtures to secure it in place. It is essential to follow the manufacturer&#8217;s torque specifications when tightening bolts to ensure a secure fit. Additionally, check the alignment of hydraulic lines and ensure they are not kinked or damaged. After installation, conduct a thorough inspection and test the system under low pressure to verify the integrity of the installation before use. Regular follow-up inspections can help ensure continued performance and safety.<\/p>\n<h2>Levinumad hooldust\u00f6\u00f6d<\/h2>\n<ul>\n<li><strong>Regulaarsed kontrollid:<\/strong> Rutiinsete kontrollide tegemine on oluline, et tuvastada potentsiaalsed probleemid enne nende s\u00fcvenemist. T\u00f6\u00f6tamise ajal otsige kulumise m\u00e4rke, lekkeid v\u00f5i ebatavalisi helisid. Neid kontrolle tuleks teha regulaarsete intervallidega, et tagada ballooni ohutu ja t\u00f5hus t\u00f6\u00f6.<\/li>\n<li><strong>\u00d5ige m\u00e4\u00e4rimine:<\/strong> Piisav m\u00e4\u00e4rimine on poomi silindri pikaealisuse tagamiseks \u00fclioluline. Veenduge, et h\u00fcdraulika\u00f5li tase on soovituslikul tasemel ja \u00f5ige viskoossusega. Kontrollige ja hooldage regulaarselt m\u00e4\u00e4rimispunkte, et v\u00e4hendada sisemiste komponentide h\u00f5\u00f5rdumist ja kulumist.<\/li>\n<li><strong>Tihendi vahetamine:<\/strong> J\u00e4lgige regulaarselt tihendite seisukorda. Kulunud v\u00f5i kahjustatud tihendid v\u00f5ivad p\u00f5hjustada vedeliku lekkeid ja halvendada h\u00fcdraulika j\u00f5udlust. Kehtestage tihendite regulaarne vahetusgraafik, et s\u00e4ilitada optimaalne funktsionaalsus ja v\u00e4ltida kulukaid seisakuid.<\/li>\n<\/ul>\n<p>\u00d5ige paigaldamine, m\u00e4\u00e4rimine ja joondamine on poomi silindri pikaealisuse ja j\u00f5udluse tagamiseks \u00fcliolulised. Kasutage silindri kindlale kinnitamisele sobivaid kinnitusklambreid ja j\u00e4rgige tootja hooldus- ja remondijuhiseid. Ennetavate hooldustavade rakendamine v\u00f5ib oluliselt pikendada h\u00fcdraulikas\u00fcsteemide eluiga ja t\u00f5husust.<\/p>\n<p><img decoding=\"async\" src=\"https:\/\/www.hydraulic-cylinders.net\/wp-content\/uploads\/2025\/04\/songte-chushion-collar.webp\" alt=\"Padjakaelus\"><\/p>\n<h2>Ohutuskaalutlused ja keskkonnategurid<\/h2>\n<p>Poomisilindrite kasutamisel on ohutusmeetmed \u00fcliolulised, et tagada operaatorite ja \u00fcmbritseva personali heaolu. H\u00fcdrauliliste masinate k\u00e4sitsemise n\u00f5uetekohane v\u00e4lja\u00f5pe on h\u00e4davajalik ja k\u00f5iki ohutusprotokolle tuleb rangelt j\u00e4rgida. See h\u00f5lmab isikukaitsevahendite (IKV) kasutamist ja ohutute t\u00f6\u00f6protseduuride j\u00e4rgimist. Arvesse tuleks v\u00f5tta ka keskkonnategureid, tagades, et kasutatavad h\u00fcdraulilised vedelikud on keskkonnas\u00f5bralikud ja et k\u00f5ik lekked k\u00f5rvaldatakse viivitamatult, et minimeerida \u00f6koloogilist m\u00f5ju.<\/p>\n<h2>Rikete diagnoosimine ja levinud probleemid<\/h2>\n<ul>\n<li><strong>Lekkeprobleemid:<\/strong> Vedelikulekked v\u00f5ivad viidata kulunud tihenditele v\u00f5i kahjustatud komponentidele. Regulaarne kontroll ja kiire remont aitavad neid probleeme t\u00f5husalt lahendada.<\/li>\n<li><strong>Eba\u00fchtlane liikumine:<\/strong> Kui poomi silinder t\u00f6\u00f6tab eba\u00fchtlaselt, v\u00f5ib see viidata \u00f5hule h\u00fcdraulikas\u00fcsteemis v\u00f5i valele vedeliku tasemele. S\u00fcsteemi \u00f5hutamine ja vedeliku taseme kontrollimine v\u00f5ib selle probleemi lahendada.<\/li>\n<li><strong>Liigne m\u00fcra:<\/strong> Ebatavalised helid t\u00f6\u00f6tamise ajal v\u00f5ivad viidata sisemistele probleemidele. Lahtiste komponentide v\u00f5i kulumism\u00e4rkide kontrollimine aitab tuvastada algp\u00f5hjust.<\/li>\n<\/ul>\n<h2>Veaotsingu n\u00e4pun\u00e4ited<\/h2>\n<p>For effective fault diagnosis, assess the cylinder&#8217;s performance regularly and log any irregularities. If leaks are detected, inspect seals and connections first. To remedy uneven movement, ensure the hydraulic fluid is at the correct level and bleed the system to remove any trapped air. Address excessive noise by examining the assembly for loose parts and tightening as necessary. Preventive measures, such as scheduled maintenance and timely repairs, can significantly reduce the likelihood of encountering these issues.<\/p>\n<p><img decoding=\"async\" src=\"https:\/\/www.hydraulic-cylinders.net\/wp-content\/uploads\/2025\/04\/songte-bushings-with-all-kinds-of-excavator-models.webp\" alt=\"Ekskavaatori puksid\"><\/p>\n<h2>Meie ettev\u00f5ttest<\/h2>\n<p>Oleme juhtiv asendush\u00fcdrauliliste silindrite tootja, pakkudes laia tootevalikut, mis on meid positsioneerinud \u00fcheks juhtivaks tarnijaks nii sise- kui ka rahvusvahelistel turgudel. Meie p\u00fchendumust tippkvaliteedile toetab t\u00e4iustatud tootmisjuhtimise strateegia, mis kasutab \u00e4ra tipptasemel tehnilist talenti, tipptasemel digitaalseid tootmisseadmeid ja professionaalseid testimiss\u00fcsteeme. See keskendumine innovatsioonile ja kvaliteedile tagab, et rahuldame pidevalt oma klientide mitmekesiseid vajadusi.<\/p>\n<p>Meie asjatundlikkus laieneb ka kohandatud lahenduste pakkumisele, mis on kohandatud konkreetsetele tegevusn\u00f5uetele. Meil \u200b\u200bon rahvusvahelised sertifikaadid ja ranged kvaliteedikontrolli protsessid, mis tagavad meie toodete vastavuse \u00fclemaailmsetele standarditele. Lisaks on meie tootmis\u00fcksused varustatud tipptehnoloogiaga, mis suurendab tootmise t\u00f5husust ja t\u00e4psust. Koos tugeva m\u00fc\u00fcgij\u00e4rgse toega oleme p\u00fchendunud pikaajaliste klientidega suhete loomisele usaldusv\u00e4\u00e4rse teeninduse ja kvaliteetsete toodete kaudu.<\/p>\n<p><img decoding=\"async\" src=\"https:\/\/www.hydraulic-cylinders.net\/wp-content\/uploads\/2025\/04\/songte-company-4.webp\" alt=\"Ettev\u00f5tte \u00fclevaade\"><br \/>\n<img decoding=\"async\" src=\"https:\/\/www.hydraulic-cylinders.net\/wp-content\/uploads\/2025\/04\/songte-company-3.webp\" alt=\"Tootmis\u00fcksus\"><\/p>\n<p>Autor: lyl<\/p>","protected":false},"excerpt":{"rendered":"<p>Boom Cylinder For Sinomach ZG3210-9C Product Overview The Boom Cylinder for Sinomach ZG3210-9C is a hydraulic cylinder specifically designed to control the movement of the bucket in various heavy machinery such as excavators, backhoe loaders, and front loaders. This robust component enables the operator to lift, lower, and tilt the bucket, facilitating efficient material handling [&hellip;]<\/p>","protected":false},"featured_media":17870,"comment_status":"open","ping_status":"closed","template":"","meta":{"_et_pb_use_builder":"","_et_pb_old_content":"","_et_gb_content_width":""},"product_brand":[],"product_cat":[1546],"product_tag":[1547,1496],"class_list":{"0":"post-19697","1":"product","2":"type-product","3":"status-publish","4":"has-post-thumbnail","6":"product_cat-boom-cylinders","7":"product_tag-boom-cylinders","8":"product_tag-hydraulic-cylinders","10":"first","11":"instock","12":"shipping-taxable","13":"product-type-simple"},"amp_enabled":true,"_links":{"self":[{"href":"https:\/\/www.hydraulic-cylinders.net\/et\/wp-json\/wp\/v2\/product\/19697","targetHints":{"allow":["GET"]}}],"collection":[{"href":"https:\/\/www.hydraulic-cylinders.net\/et\/wp-json\/wp\/v2\/product"}],"about":[{"href":"https:\/\/www.hydraulic-cylinders.net\/et\/wp-json\/wp\/v2\/types\/product"}],"replies":[{"embeddable":true,"href":"https:\/\/www.hydraulic-cylinders.net\/et\/wp-json\/wp\/v2\/comments?post=19697"}],"wp:featuredmedia":[{"embeddable":true,"href":"https:\/\/www.hydraulic-cylinders.net\/et\/wp-json\/wp\/v2\/media\/17870"}],"wp:attachment":[{"href":"https:\/\/www.hydraulic-cylinders.net\/et\/wp-json\/wp\/v2\/media?parent=19697"}],"wp:term":[{"taxonomy":"product_brand","embeddable":true,"href":"https:\/\/www.hydraulic-cylinders.net\/et\/wp-json\/wp\/v2\/product_brand?post=19697"},{"taxonomy":"product_cat","embeddable":true,"href":"https:\/\/www.hydraulic-cylinders.net\/et\/wp-json\/wp\/v2\/product_cat?post=19697"},{"taxonomy":"product_tag","embeddable":true,"href":"https:\/\/www.hydraulic-cylinders.net\/et\/wp-json\/wp\/v2\/product_tag?post=19697"}],"curies":[{"name":"wp","href":"https:\/\/api.w.org\/{rel}","templated":true}]}}