{"id":19701,"date":"2025-04-07T07:02:33","date_gmt":"2025-04-07T07:02:33","guid":{"rendered":"https:\/\/www.hydraulic-cylinders.net\/product\/boom-cylinder-for-sinomach-zg3335lc-9c\/"},"modified":"2025-04-07T07:02:36","modified_gmt":"2025-04-07T07:02:36","slug":"boom-cylinder-for-sinomach-zg3335lc-9c","status":"publish","type":"product","link":"https:\/\/www.hydraulic-cylinders.net\/et\/toode\/boom-cylinder-for-sinomach-zg3335lc-9c\/","title":{"rendered":"Sinomach ZG3335LC-9C poomi silinder"},"content":{"rendered":"<h1>Sinomach ZG3335LC-9C poomi silinder<\/h1>\n<h2>Toote \u00fclevaade<\/h2>\n<p>Sinomach ZG3335LC-9C poomi silinder on h\u00fcdros\u00fcsteemide oluline komponent, mis on spetsiaalselt loodud koppade liikumise juhtimiseks rasketes masinates, n\u00e4iteks ekskavaatorites, laadur-ekskavaatorites ja esilaadurites. See h\u00fcdrosilinder v\u00f5imaldab koppal t\u00f5sta, langetada ja kallutada, h\u00f5lbustades t\u00f5husaid materjalik\u00e4itlust\u00f6id. Kopa silinder on h\u00fcdrosilinder, mis t\u00f6\u00f6tab h\u00fcdraulilise vedeliku abil j\u00f5u genereerimiseks, v\u00f5imaldades erinevates rakendustes vajalike liigutuste t\u00e4pset juhtimist. Need silindrid on olulised ehituses, p\u00f5llumajanduses ja muudes t\u00f6\u00f6stusharudes, kus on vaja raskeid raskusi t\u00f5sta ja liigutada.<\/p>\n<p><img decoding=\"async\" src=\"https:\/\/www.hydraulic-cylinders.net\/wp-content\/uploads\/2025\/04\/songte-company-1.webp\" alt=\"Poomi silindri pilt\"><\/p>\n<h2>Poomi silindri omadused<\/h2>\n<ul>\n<li><strong>Suur tugevus ja vastupidavus:<\/strong> Tavaliselt valmistatud \u00fclitugevast terasest v\u00f5i alumiiniumist, need silindrid taluvad k\u00f5rget r\u00f5hku ja suuri koormusi, mist\u00f5ttu sobivad need karmidesse t\u00f6\u00f6keskkondadesse.<\/li>\n<li><strong>T\u00f5hus h\u00fcdrauliline t\u00f6\u00f6:<\/strong> H\u00fcdraulilise \u00f5lir\u00f5hu kasutamine v\u00f5imaldab sujuvat ja kiiret pikendamist ja tagasit\u00f5mbamist, pakkudes v\u00f5imsaid t\u00f5uke- ja t\u00f5mbej\u00f5ude, mis sobivad ideaalselt raskete esemete ja keerukate \u00fclesannete k\u00e4sitsemiseks.<\/li>\n<li><strong>Erinevad t\u00fc\u00fcbid:<\/strong> Saadaval \u00fchetoimelise (h\u00fcdrauliline toimimine \u00fches suunas) v\u00f5i kahetoimelise (h\u00fcdrauliline toimimine m\u00f5lemas suunas) konfiguratsioonina, mis v\u00f5imaldab kohandamist vastavalt t\u00f6\u00f6vajadustele.<\/li>\n<li><strong>Kompaktne disain:<\/strong> M\u00f5nedel mudelitel on teleskoopkonstruktsioonid, mis v\u00f5imaldavad suuremat pikendamist ilma v\u00e4lism\u00f5\u00f5tmeid suurendamata, mist\u00f5ttu need sobivad piiratud ruumiga rakenduste jaoks.<\/li>\n<li><strong>Tugevad tihendusmehhanismid:<\/strong> T\u00e4iustatud tihenduslahendused tagavad t\u00f6\u00f6kindluse ja pikaealisuse, v\u00e4hendades h\u00fcdraulikavedeliku lekete ohtu ja s\u00e4ilitades optimaalse j\u00f5udluse.<\/li>\n<\/ul>\n<p>Meie toodame seda toodet ja meie pakkumised suudavad suurep\u00e4raselt asendada olemasolevaid h\u00fcdrosilindreid.<\/p>\n<p><img decoding=\"async\" src=\"https:\/\/www.hydraulic-cylinders.net\/wp-content\/uploads\/2025\/04\/songte-cylinder-head-with-all-kinds-excavator-models.webp\" alt=\"Silindripea pilt\"><\/p>\n<h2>Poomi silindri rakendused<\/h2>\n<h3>Ehitustehnika<\/h3>\n<p>Ekskavaatorites on noolesilindrid \u00fcliolulised kaevamiseks, laadimiseks ja pinnase v\u00f5i prahi teisaldamiseks. Need annavad vajaliku j\u00f5u, et kopp saaks pinnasesse tungida, mist\u00f5ttu on need kaevamist\u00f6\u00f6del h\u00e4davajalikud. Nende t\u00f5ste- ja kallutusv\u00f5ime v\u00f5imaldab materjale t\u00f5husalt veoautodele v\u00f5i muudele masinatele laadida, suurendades ehitusplatside tootlikkust.<\/p>\n<h3>P\u00f5llumajandustehnika<\/h3>\n<p>Esilaadurid kasutavad mulla, heina ja muude materjalide kopeerimiseks, t\u00f5stmiseks ja transportimiseks noolesilindreid. Neil on oluline roll sellistes \u00fclesannetes nagu p\u00f5llumajandussaaduste laadimine, prahi teisaldamine ja materjalide k\u00e4itlemine p\u00f5llumajandustoimingute ajal, aidates kaasa p\u00f5llumajandusprotsesside \u00fcldisele t\u00f5hususele.<\/p>\n<h3>Ekskavaatorid<\/h3>\n<p>Ekskavaatorites v\u00f5imaldab noole silinder kopal pinnasesse tungida, h\u00f5lbustades t\u00f5husat kaevamist. Nende silindrite pakutav t\u00e4pne juhtimine on oluline s\u00fcgavuse haldamiseks ja \u00fcmbritseva ala minimaalse h\u00e4irimise tagamiseks, muutes need kaevamisprojektides asendamatuks.<\/p>\n<h3>Laadurid<\/h3>\n<p>Esilaaduritel aitavad noolesilindrid koormaid t\u00f5husalt t\u00f5sta ja t\u00fchjendada. Need pakuvad vajalikku j\u00f5udu raskete materjalide t\u00f5stmiseks, tagades sujuva ja ohutu t\u00f6\u00f6, mis on oluline nii ehitus- kui ka p\u00f5llumajanduskeskkonnas.<\/p>\n<h2>Projekteerimiskaalutlused ja valikukriteeriumid<\/h2>\n<h3>Kandev\u00f5ime<\/h3>\n<p>Poomi silindri kandev\u00f5ime on \u00fcks peamisi kaalutlusi selle projekteerimisetapis. See peab suutma taluda eeldatavat raskust ilma konstruktsiooni terviklikkust kahjustamata. Insenerid kasutavad detailseid arvutusi, et tagada silindri v\u00f5ime koormusi ohutult t\u00f5sta ja langetada, v\u00f5ttes arvesse selliseid tegureid nagu materjali tugevus ja h\u00fcdraulilised r\u00f5hupiirangud.<\/p>\n<h3>Tihendi terviklikkus<\/h3>\n<p>Tihendus on h\u00fcdraulilise silindri j\u00f5udluse s\u00e4ilitamiseks kriitilise t\u00e4htsusega. Kvaliteetsed tihendid hoiavad \u00e4ra h\u00fcdraulilise vedeliku lekke, mis v\u00f5ib p\u00f5hjustada r\u00f5hulanguse ja s\u00fcsteemi rikke. Projekteerimised h\u00f5lmavad sageli mitut tihenduss\u00fcsteemi, kasutades selliseid materjale nagu pol\u00fcuretaan ja nitriilkummi, mis on vastupidavad kulumisele ja keskkonnatingimustele. Tihenduspinnad peavad olema peenelt t\u00f6\u00f6deldud, et suurendada vastupidavust ja s\u00e4ilitada funktsionaalsust erinevate r\u00f5hkude all.<\/p>\n<h3>Vastupidavus ja pikaealisus<\/h3>\n<p>Vastupidavus on noolesilindrite projekteerimisel v\u00f5tmetegur, kuna need puutuvad kokku \u00e4\u00e4rmuslike tingimustega. Materjalide ja tootmisprotsesside valik m\u00f5jutab otseselt silindri eluiga. Pinnat\u00f6\u00f6tlusi ja katteid saab rakendada ka kulumiskindluse, korrosiooni ja l\u00f6\u00f6kide vastupidavuse suurendamiseks, tagades toote toimimise aja jooksul.<\/p>\n<h3>Turvaelemendid<\/h3>\n<p>H\u00fcdraulilistes s\u00fcsteemides on ohutus esmat\u00e4htis. Poomi silindrid peavad \u00f5nnetuste v\u00e4ltimiseks olema varustatud rikkeohutusfunktsioonidega, n\u00e4iteks \u00fclekoormuskaitsemehhanismidega, mis piiravad t\u00f5stev\u00f5imet ohutule tasemele. Regulaarne testimine ja ohutusn\u00f5uete j\u00e4rgimine tootmise ajal tagavad, et toode vastab ohutu kasutamise t\u00f6\u00f6stusstandarditele.<\/p>\n<h3>Hooldusjuurdep\u00e4\u00e4s<\/h3>\n<p>Konstruktsioonid peaksid h\u00f5lbustama h\u00f5lpsat hooldust, kuna optimaalse j\u00f5udluse tagamiseks on vajalik regulaarne hooldus. Ligip\u00e4\u00e4setavad m\u00e4\u00e4rdeniplid ja kontrollavad v\u00f5imaldavad regulaarseid kontrolle ja m\u00e4\u00e4rimist, mis v\u00f5ib oluliselt pikendada h\u00fcdrosilindri eluiga ja v\u00e4ltida kulukaid remondit\u00f6id.<\/p>\n<p><img decoding=\"async\" src=\"https:\/\/www.hydraulic-cylinders.net\/wp-content\/uploads\/2025\/04\/songte-oil-pipes-and-spare-parts.webp\" alt=\"\u00d5litorude ja varuosade pilt\"><\/p>\n<h2>Tihendus ja m\u00e4\u00e4rimine<\/h2>\n<p>T\u00f5hus tihendamine ja m\u00e4\u00e4rimine on poomi silindri j\u00f5udluse ja pikaealisuse jaoks \u00fcliolulised. H\u00fcdraulilise vedeliku lekete v\u00e4ltimiseks ja r\u00f5hu s\u00e4ilitamiseks kasutatakse mitmesuguseid tihendeid, sealhulgas kolvitihendeid ja vardatihendeid. Vastupidavate materjalide, n\u00e4iteks pol\u00fcuretaani ja nitriilkummi, valik tagab kulumiskindluse ja keskkonnakahjustuste vastupidavuse.<\/p>\n<p>Silindri korpus ja keermestatud otsad vajavad kulumiskindluse suurendamiseks peent\u00f6\u00f6tlust, mis v\u00f5imaldab silindril taluda k\u00f5rget r\u00f5hku ja karme tingimusi. Regulaarne m\u00e4\u00e4rimine h\u00fcdraulika\u00f5liga on oluline, kuna see v\u00e4hendab h\u00f5\u00f5rdumist liikuvate osade vahel ja minimeerib kulumist, pikendades seel\u00e4bi silindri kasutusiga.<\/p>\n<h2>Ennetavad hooldusmeetmed<\/h2>\n<ul>\n<li><strong>Regulaarsed kontrollid:<\/strong> Planeerige s\u00fcstemaatilisi kontrolle, et tuvastada kulumine ja rebenemine enne, kui see riketeni viib. Kontrollige tihendeid ja \u00fchendusi lekete ja kahjustuste suhtes.<\/li>\n<li><strong>\u00d5ige m\u00e4\u00e4rimine:<\/strong> Hoidke h\u00fcdraulika\u00f5li taset piisavana ja veenduge, et m\u00e4\u00e4rimispunkte hooldatakse regulaarselt, et v\u00e4ltida kuivk\u00e4ivitust.<\/li>\n<li><strong>Tihendi vahetamine:<\/strong> J\u00e4lgige tihendite seisukorda ja vahetage need vastavalt vajadusele, et s\u00e4ilitada t\u00f5hus tihendus ja v\u00e4ltida vedeliku lekkeid.<\/li>\n<\/ul>\n<h2>Paigaldusjuhised<\/h2>\n<p>Poomi silindri \u00f5ige paigaldamine on selle toimimise seisukohalt \u00fclioluline. Alustage sellest, et veenduge, et t\u00f6\u00f6ala on puhas ja prahist vaba. Joondage silinder hoolikalt masina kinnituspunktidega, kasutades selle kinnitamiseks sobivaid kinnitusklambreid. Veenduge, et h\u00fcdraulikavoolikud on \u00f5igesti \u00fchendatud, et v\u00e4ltida lekkeid ja r\u00f5hukadu.<\/p>\n<p>Enne paigaldamise l\u00f5petamist kontrollige silindri joondust, et v\u00e4ltida komponentidele liigset survet. P\u00e4rast paigaldamist tehke p\u00f5hjalik kontroll lekete suhtes ja testige h\u00fcdraulikas\u00fcsteemi sujuva t\u00f6\u00f6 tagamiseks. J\u00e4rgige poltide ja liitmike tootja spetsifikatsioone p\u00f6\u00f6rdemomentide s\u00e4tete kohta, et tagada kindlad \u00fchendused.<\/p>\n<h2>Levinumad hooldust\u00f6\u00f6d<\/h2>\n<h3>Regulaarsed tervisekontrollid<\/h3>\n<p>Rutiinsed kontrollid on potentsiaalsete probleemide varajaseks avastamiseks \u00fcliolulised. Otsige kulumise m\u00e4rke, lekkeid ja ebatavalisi helisid t\u00f6\u00f6tamise ajal. Regulaarsed kontrollid tagavad silindri t\u00f5husa t\u00f6\u00f6 ja aitavad v\u00e4ltida ootamatuid rikkeid.<\/p>\n<h3>Sobiv m\u00e4\u00e4rimine<\/h3>\n<p>\u00d5ige m\u00e4\u00e4rimistaseme s\u00e4ilitamine on oluline h\u00f5\u00f5rdumise ja kulumise minimeerimiseks. Veenduge, et h\u00fcdraulika\u00f5li oleks lisatud ja m\u00e4\u00e4rimispunkte hooldataks vastavalt tootja soovitustele. See mitte ainult ei paranda j\u00f5udlust, vaid pikendab ka silindri eluiga.<\/p>\n<h3>Tihendi vahetamine ja kalibreerimise kontrollimine<\/h3>\n<p>Lekete v\u00e4ltimiseks tuleks tihendeid vahetada vastavalt t\u00f6\u00f6tingimustele. H\u00fcdraulikas\u00fcsteemi kalibreerimiskontrollid on vajalikud, et tagada silindri t\u00f6\u00f6tamine etten\u00e4htud piirides. Nende aspektide t\u00e4helepanuta j\u00e4tmine v\u00f5ib v\u00e4hendada efektiivsust ja suurendada rikkeohtu.<\/p>\n<p><img decoding=\"async\" src=\"https:\/\/www.hydraulic-cylinders.net\/wp-content\/uploads\/2025\/04\/songte-chushion-collar.webp\" alt=\"Padjakrae pilt\"><\/p>\n<h2>Ohutuskaalutlused ja keskkonnategurid<\/h2>\n<p>H\u00fcdrauliliste silindrite kasutamisel on ohutusmeetmete rakendamine \u00f5nnetuste v\u00e4ltimiseks \u00fclioluline. Operaatorid peaksid olema koolitatud \u00e4ra tundma h\u00fcdrauliliste s\u00fcsteemidega seotud v\u00f5imalikke ohte, nagu \u00e4kilised r\u00f5huk\u00f5ikumised v\u00f5i komponentide rikkeid. N\u00f5uetekohase kaitsevarustuse kasutamine ja ohutusjuhiste j\u00e4rgimine v\u00f5ivad riske oluliselt v\u00e4hendada.<\/p>\n<h2>Veaotsing ja levinud probleemid<\/h2>\n<ul>\n<li><strong>Leke:<\/strong> J\u00e4lgige h\u00fcdraulikavedeliku lekkeid, mis v\u00f5ivad viidata kulunud tihenditele v\u00f5i kahjustatud komponentidele. Lekete kiire k\u00f5rvaldamine on s\u00fcsteemi r\u00f5hu s\u00e4ilitamiseks oluline.<\/li>\n<li><strong>V\u00f5imsuse kaotus:<\/strong> T\u00f5stej\u00f5u puudumine v\u00f5ib viidata h\u00fcdraulikavedeliku taseme probleemidele v\u00f5i silindri sisemistele kahjustustele. Kontrollige vedeliku taset ja otsige v\u00f5imalikke sisemisi lekkeid.<\/li>\n<li><strong>Eba\u00fchtlane liikumine:<\/strong> Kui silinder t\u00f6\u00f6tab eba\u00fchtlaselt, v\u00f5ib see viidata \u00f5hule h\u00fcdraulikavedelikus v\u00f5i joonduse h\u00e4irele. \u00d5hutage s\u00fcsteemi ja veenduge \u00f5iges joonduses.<\/li>\n<\/ul>\n<h2>Veaotsingu n\u00e4pun\u00e4ited ja ennetavad meetmed<\/h2>\n<p>Probleemide t\u00f5husaks diagnoosimiseks ja lahendamiseks peaksid operaatorid pidama silindrite toimivuse kohta p\u00f5hjalikke logisid. Regulaarsed hoolduskontrollid, sh vedeliku taseme ja tihendite terviklikkuse kontroll, aitavad probleeme ennetada. Rutiinsete ennetusmeetmete rakendamine, n\u00e4iteks h\u00fcdros\u00fcsteemi puhtuse hoidmine ja \u00fclekoormuse v\u00e4ltimine, minimeerib rikkeohtu.<\/p>\n<p><img decoding=\"async\" src=\"https:\/\/www.hydraulic-cylinders.net\/wp-content\/uploads\/2025\/04\/songte-bushings-with-all-kinds-of-excavator-models.webp\" alt=\"Pukside pilt\"><\/p>\n<h2>Ettev\u00f5tte \u00fclevaade<\/h2>\n<p>Oleme juhtiv asendush\u00fcdrauliliste silindrite tootja ja hulgim\u00fc\u00fcja, omades laia tootevalikut, mis positsioneerib meid v\u00f5tmeisikuks nii sise- kui ka rahvusvahelistel turgudel. Meie p\u00fchendumust tippkvaliteedile toetab t\u00e4iustatud tootmisjuhtimise strateegia, mis r\u00f5hutab t\u00e4ppistootmist.<\/p>\n<p>Meie oskuslike spetsialistide meeskond kasutab tipptasemel digitaalseid tootmisseadmeid ja spetsiaalseid testimiss\u00fcsteeme, et suurendada oma tootmisv\u00f5imalusi, tagades klientide mitmekesiste n\u00f5uete t\u00f5husa t\u00e4itmise. Keskendudes k\u00f5rgele t\u00f5hususele, t\u00e4psusele ja kvaliteedile, p\u00fc\u00fcdleme pidevalt oma tootmisprotsesside ja tootevaliku t\u00e4iustamise poole.<\/p>\n<p>Pakume ka kohandatud teenuseid ja lahendusi, tagades, et suudame rahuldada klientide konkreetseid vajadusi. Meie rahvusvahelised sertifikaadid kinnitavad meie p\u00fchendumust k\u00f5rgete ohutus- ja kvaliteedistandardite s\u00e4ilitamisele, tehes meist usaldusv\u00e4\u00e4rse partneri erinevate t\u00f6\u00f6stusharude ettev\u00f5tetele.<\/p>\n<p><img decoding=\"async\" src=\"https:\/\/www.hydraulic-cylinders.net\/wp-content\/uploads\/2025\/04\/songte-company-4.webp\" alt=\"Ettev\u00f5tte kuvand\" \/><br \/>\n<img decoding=\"async\" src=\"https:\/\/www.hydraulic-cylinders.net\/wp-content\/uploads\/2025\/04\/songte-company-3.webp\" alt=\"Ettev\u00f5tte kuvand\" \/><\/p>\n<p>Autor: lyl<\/p>","protected":false},"excerpt":{"rendered":"<p>Boom Cylinder For Sinomach ZG3335LC-9C Product Overview The Boom Cylinder for Sinomach ZG3335LC-9C is a crucial component in hydraulic systems, specifically designed to control the movement of buckets in heavy machinery such as excavators, backhoe loaders, and front-end loaders. This hydraulic cylinder enables the bucket to lift, lower, and tilt, facilitating efficient material handling tasks. [&hellip;]<\/p>","protected":false},"featured_media":17874,"comment_status":"open","ping_status":"closed","template":"","meta":{"_et_pb_use_builder":"","_et_pb_old_content":"","_et_gb_content_width":""},"product_brand":[],"product_cat":[1546],"product_tag":[1547,1496],"class_list":{"0":"post-19701","1":"product","2":"type-product","3":"status-publish","4":"has-post-thumbnail","6":"product_cat-boom-cylinders","7":"product_tag-boom-cylinders","8":"product_tag-hydraulic-cylinders","10":"first","11":"instock","12":"shipping-taxable","13":"product-type-simple"},"amp_enabled":true,"_links":{"self":[{"href":"https:\/\/www.hydraulic-cylinders.net\/et\/wp-json\/wp\/v2\/product\/19701","targetHints":{"allow":["GET"]}}],"collection":[{"href":"https:\/\/www.hydraulic-cylinders.net\/et\/wp-json\/wp\/v2\/product"}],"about":[{"href":"https:\/\/www.hydraulic-cylinders.net\/et\/wp-json\/wp\/v2\/types\/product"}],"replies":[{"embeddable":true,"href":"https:\/\/www.hydraulic-cylinders.net\/et\/wp-json\/wp\/v2\/comments?post=19701"}],"wp:featuredmedia":[{"embeddable":true,"href":"https:\/\/www.hydraulic-cylinders.net\/et\/wp-json\/wp\/v2\/media\/17874"}],"wp:attachment":[{"href":"https:\/\/www.hydraulic-cylinders.net\/et\/wp-json\/wp\/v2\/media?parent=19701"}],"wp:term":[{"taxonomy":"product_brand","embeddable":true,"href":"https:\/\/www.hydraulic-cylinders.net\/et\/wp-json\/wp\/v2\/product_brand?post=19701"},{"taxonomy":"product_cat","embeddable":true,"href":"https:\/\/www.hydraulic-cylinders.net\/et\/wp-json\/wp\/v2\/product_cat?post=19701"},{"taxonomy":"product_tag","embeddable":true,"href":"https:\/\/www.hydraulic-cylinders.net\/et\/wp-json\/wp\/v2\/product_tag?post=19701"}],"curies":[{"name":"wp","href":"https:\/\/api.w.org\/{rel}","templated":true}]}}