{"id":19702,"date":"2025-04-07T07:02:36","date_gmt":"2025-04-07T07:02:36","guid":{"rendered":"https:\/\/www.hydraulic-cylinders.net\/product\/boom-cylinder-for-sinomach-zg3225c-9c\/"},"modified":"2025-04-07T07:02:39","modified_gmt":"2025-04-07T07:02:39","slug":"boom-cylinder-for-sinomach-zg3225c-9c","status":"publish","type":"product","link":"https:\/\/www.hydraulic-cylinders.net\/et\/toode\/boom-cylinder-for-sinomach-zg3225c-9c\/","title":{"rendered":"Sinomach ZG3225C-9C poomi silinder"},"content":{"rendered":"<h1>Sinomach ZG3225C-9C poomi silinder<\/h1>\n<h2>Poomi silindri \u00fclevaade<\/h2>\n<p>Noole silinder on h\u00fcdros\u00fcsteemide oluline komponent, mis on spetsiaalselt loodud koppade liikumise juhtimiseks rasketes masinates, n\u00e4iteks ekskavaatorites, laadur-ekskavaatorites ja esilaadurites. See h\u00fcdrosilinder v\u00f5imaldab koppal t\u00f5usta, langetada ja kallutada, h\u00f5lbustades t\u00f5husat materjali k\u00e4itlemist. Kopa silinder t\u00f6\u00f6tab h\u00fcdraulilise vedeliku abil, mis tekitab j\u00f5u, mis liigutab silindris olevat kolbi, v\u00f5imaldades kinnitatud seadme t\u00e4pset juhtimist ja kasutamist.<\/p>\n<p><img decoding=\"async\" src=\"https:\/\/www.hydraulic-cylinders.net\/wp-content\/uploads\/2025\/04\/songte-company-1.webp\" alt=\"Poomi silindri pilt\" \/><\/p>\n<h3>Definitsioon ja funktsioon<\/h3>\n<p>A bucket cylinder is a type of hydraulic cylinder designed to manage the motions of buckets in various construction and agricultural machinery. It plays a vital role in allowing equipment operators to manipulate the bucket&#8217;s position effectively, which is essential for tasks like digging, loading, and transporting materials. By enabling smooth and controlled movements, a boom cylinder enhances the overall productivity and efficiency of heavy-duty operations.<\/p>\n<h2>Poomi silindri p\u00f5hijooned<\/h2>\n<ul>\n<li><strong>Suur tugevus ja vastupidavus:<\/strong> Need silindrid on valmistatud \u00fclitugevast terasest v\u00f5i alumiiniumist ning taluvad k\u00f5rget r\u00f5hku ja suuri koormusi, mist\u00f5ttu sobivad need kasutamiseks karmides t\u00f6\u00f6keskkondades.<\/li>\n<li><strong>T\u00f5hus h\u00fcdrauliline t\u00f6\u00f6:<\/strong> Silinder kasutab sujuvaks pikendamiseks ja tagasit\u00f5mbamiseks h\u00fcdraulilise vedeliku r\u00f5hku, mis v\u00f5imaldab kiiret reageerimist operaatori k\u00e4skudele.<\/li>\n<li><strong>Erinevad t\u00fc\u00fcbid:<\/strong> Poomi silindrit saab kohandada vastavalt konkreetsetele t\u00f6\u00f6vajadustele, nii \u00fche- kui ka kahetoimelise variandina.<\/li>\n<li><strong>Ruumis\u00e4\u00e4stlik disain:<\/strong> M\u00f5nel mudelil on teleskoopdisain, mis v\u00f5imaldab suuremat pikendamist ilma v\u00e4lism\u00f5\u00f5tmeid suurendamata, mis sobib ideaalselt kitsastesse ruumidesse.<\/li>\n<li><strong>Korrosioonikindlus:<\/strong> Projekteeritud keskendudes kulumiskindlusele ja korrosioonikaitsele, tagades pikaealisuse ja t\u00f6\u00f6kindluse.<\/li>\n<\/ul>\n<p>Saame seda toodet ideaalselt toota olemasolevate h\u00fcdrosilindrite asendamiseks, s\u00e4ilitades samal ajal k\u00f5rged kvaliteedistandardid.<\/p>\n<p><img decoding=\"async\" src=\"https:\/\/www.hydraulic-cylinders.net\/wp-content\/uploads\/2025\/04\/songte-cylinder-head-with-all-kinds-excavator-models.webp\" alt=\"Ekskavaatori mudelid\" \/><\/p>\n<h2>Poomi silindri rakendused<\/h2>\n<h3>Ehitustehnika<\/h3>\n<p>Ekskavaatorites on noolesilindrid olulised kaevamiseks, laadimiseks ja pinnase v\u00f5i prahi teisaldamiseks. Need annavad vajaliku j\u00f5u pinnasesse tungimiseks, muutes need ehitusprojektide puhul \u00fclioluliseks.<\/p>\n<h3>P\u00f5llumajandustehnika<\/h3>\n<p>Esilaadurites h\u00f5lbustavad noolesilindrid mulla, heina ja muude materjalide t\u00f5stmist ja transportimist. Nende v\u00f5ime k\u00e4sitseda mitmesuguseid koormaid muudab need p\u00f5llumajandust\u00f6\u00f6des hindamatuks.<\/p>\n<h3>Ekskavaatorid<\/h3>\n<p>These cylinders enable an excavator&#8217;s bucket to penetrate soil effectively, allowing for efficient digging operations. Their design supports the rigorous demands of excavation tasks.<\/p>\n<h3>Laadurid<\/h3>\n<p>In front loaders, boom cylinders assist in lifting and dumping loads effectively, increasing the machine&#8217;s productivity and versatility in material handling.<\/p>\n<h2>Projekteerimiskaalutlused ja valikukriteeriumid<\/h2>\n<h3>Kandev\u00f5ime<\/h3>\n<p>Noolesilindri valimine h\u00f5lmab selle kandev\u00f5ime hindamist, et tagada selle vastavus t\u00f6\u00f6n\u00f5uetele. Silinder peab vastu pidama kopa ja teisaldatavate materjalide kombineeritud kaalule, s\u00e4ilitades samal ajal konstruktsiooni terviklikkuse.<\/p>\n<h3>Tihendus ja vastupidavus<\/h3>\n<p>T\u00f5hus tihendamine on kriitilise t\u00e4htsusega h\u00fcdraulilise vedeliku lekete v\u00e4ltimiseks, mis v\u00f5ivad j\u00f5udlust kahjustada. Pikaealisuse ja t\u00f6\u00f6kindluse tagamiseks tuleb kasutada kvaliteetseid tihendeid, eriti k\u00f5rgsurverakendustes.<\/p>\n<h3>Turvaelemendid<\/h3>\n<p>H\u00fcdrauliliste silindrite k\u00e4itamisel on ohutus esmat\u00e4htis. Sellised omadused nagu r\u00f5huvabastusventiilid ja turvalukud aitavad v\u00e4ltida \u00f5nnetusi ja tagada ohutu t\u00f6\u00f6 erinevates tingimustes.<\/p>\n<h3>Hooldus ja ligip\u00e4\u00e4setavus<\/h3>\n<p>Poomi silindri projekteerimine hoolduse lihtsust silmas pidades tagab, et operaatorid saavad regulaarselt kontrollida ja hooldada, pikendades silindri eluiga ja suurendades selle t\u00f6\u00f6kindlust.<\/p>\n<p><img decoding=\"async\" src=\"https:\/\/www.hydraulic-cylinders.net\/wp-content\/uploads\/2025\/04\/songte-oil-pipes-and-spare-parts.webp\" alt=\"H\u00fcdraulilised osad\" \/><\/p>\n<h2>Tihendus ja m\u00e4\u00e4rimine<\/h2>\n<p>Various seals, such as piston seals and rod seals, are crucial for maintaining hydraulic integrity. Utilizing wear-resistant materials like polyurethane and nitrile rubber enhances the cylinder&#8217;s durability. Additionally, the cylinder body and threaded ends require fine surface treatments to improve wear resistance. Regular lubrication with hydraulic oil is essential for optimal performance and longevity.<\/p>\n<h2>Regulaarne kontroll ja ennetav hooldus<\/h2>\n<ul>\n<li><strong>Visuaalsed kontrollid:<\/strong> Tehke regulaarselt visuaalset kontrolli lekete, pragude ja tihendite kulumise suhtes, et potentsiaalsed probleemid varakult tuvastada.<\/li>\n<li><strong>M\u00e4\u00e4rimiskontrollid:<\/strong> Liigse kulumise v\u00e4ltimiseks veenduge liikuvate osade n\u00f5uetekohases m\u00e4\u00e4rimises.<\/li>\n<li><strong>Tihendi vahetamine:<\/strong> H\u00fcdraulilise r\u00f5hu s\u00e4ilitamiseks ja lekete v\u00e4ltimiseks vahetage tihendeid regulaarselt vastavalt vajadusele.<\/li>\n<\/ul>\n<h2>Paigaldusjuhised<\/h2>\n<p>Poomi silindri \u00f5ige paigaldamine on optimaalse j\u00f5udluse tagamiseks kriitilise t\u00e4htsusega. Veenduge, et silinder oleks kinnitusklambritega \u00f5igesti joondatud, et v\u00e4ltida h\u00fcdraulikas\u00fcsteemi liigset koormust. Kasutage silindri kinnitamiseks sobivaid kinnitustugesid. J\u00e4rgige tootja juhiseid p\u00f6\u00f6rdemomentide spetsifikatsioonide ja \u00fchendusprotseduuride kohta, et tagada ohutu ja t\u00f5hus paigaldus.<\/p>\n<h2>Levinumad hooldust\u00f6\u00f6d<\/h2>\n<ul>\n<li><strong>Regulaarsed kontrollid:<\/strong> Rutiinsete kontrollide tegemine aitab tuvastada v\u00f5imalikke probleeme enne nende s\u00fcvenemist, tagades ballooni pikaealisuse.<\/li>\n<li><strong>\u00d5ige m\u00e4\u00e4rimine:<\/strong> Adequate lubrication is crucial for maintaining moving parts and preventing wear, thereby enhancing the cylinder&#8217;s performance.<\/li>\n<li><strong>Tihendi vahetamine:<\/strong> Tihendite \u00f5igeaegne vahetamine on oluline h\u00fcdraulilise r\u00f5hu s\u00e4ilitamiseks ja lekete v\u00e4ltimiseks, soodustades t\u00f5husat t\u00f6\u00f6d.<\/li>\n<\/ul>\n<h2>Ohutuskaalutlused ja keskkonnategurid<\/h2>\n<p>H\u00fcdrauliliste silindrite kasutamisel on \u00fclioluline rakendada ohutusmeetmeid. Operaatorid peaksid olema koolitatud \u00e4ra tundma h\u00fcdrauliliste s\u00fcsteemidega seotud ohte ja kasutama sobivaid isikukaitsevahendeid. Lisaks on ohutu t\u00f6\u00f6keskkonna s\u00e4ilitamiseks olulised keskkonnakaalutlused, n\u00e4iteks vedelike n\u00f5uetekohane k\u00f5rvaldamine ja lekete minimeerimine.<\/p>\n<h2>Veaotsing ja levinud probleemid<\/h2>\n<ul>\n<li><strong>Leke:<\/strong> Kontrollige tihendite ja liitmike kulumist ja vajadusel vahetage need v\u00e4lja. Veenduge, et \u00fchendused on korralikult pingutatud, et v\u00e4ltida vedeliku kadu.<\/li>\n<li><strong>Aeglane t\u00f6\u00f6:<\/strong> Kontrollige h\u00fcdraulika\u00f5li taset ja kvaliteeti. Saastunud v\u00f5i v\u00e4hene vedelik v\u00f5ib p\u00f5hjustada aeglast j\u00f5udlust. H\u00fcdraulika\u00f5li filtrite regulaarne hooldus on h\u00e4davajalik.<\/li>\n<li><strong>Ebatavalised helid:<\/strong> T\u00f6\u00f6tamise ajal tekkivad m\u00fcrad v\u00f5ivad viidata kulumisele v\u00f5i kahjustusele. Allika kindlakstegemiseks on vaja kontrollida silindrit ja selle \u00fcmbritsevaid komponente.<\/li>\n<\/ul>\n<p>Nende probleemide kiire lahendamine aitab v\u00e4ltida edasisi kahjustusi ja s\u00e4ilitada tegevuse efektiivsust.<\/p>\n<p>To enhance the longevity of the boom cylinder, it&#8217;s essential to adopt preventive measures such as regular maintenance checks, timely repairs, and fluid management. Staying proactive minimizes potential issues and ensures reliable performance.<\/p>\n<p><img decoding=\"async\" src=\"https:\/\/www.hydraulic-cylinders.net\/wp-content\/uploads\/2025\/04\/songte-bushings-with-all-kinds-of-excavator-models.webp\" alt=\"Puksid ekskavaatorimudelitega\" \/><\/p>\n<h2>Ettev\u00f5tte \u00fclevaade<\/h2>\n<p>Oleme juhtiv asendush\u00fcdrauliliste silindrite tootja, pakkudes laia valikut tooteid nii sise- kui ka rahvusvahelistele turgudele. Meie p\u00fchendumust \u00fclimale kvaliteedile toetab t\u00e4iustatud tootmisstrateegia, mis kasutab t\u00e4iustatud tehnoloogiat ja oskuslikke spetsialiste. Meie tootmisv\u00f5imalusi t\u00e4iustavad digitaalsed tipptasemel tootmisseadmed ja spetsiaalsed testimiss\u00fcsteemid, tagades iga toote vastavuse rangetele kvaliteedistandarditele.<\/p>\n<p><img decoding=\"async\" src=\"https:\/\/www.hydraulic-cylinders.net\/wp-content\/uploads\/2025\/04\/songte-company-4.webp\" alt=\"Ettev\u00f5tte pilt 1\" \/><br \/>\n<img decoding=\"async\" src=\"https:\/\/www.hydraulic-cylinders.net\/wp-content\/uploads\/2025\/04\/songte-company-3.webp\" alt=\"Ettev\u00f5tte pilt 2\" \/><\/p>\n<p>R\u00f5hutame professionaalsust, rahvusvahelisi sertifikaate ja kohandatud teenuseid, et rahuldada klientide ainulaadseid vajadusi. Meie t\u00e4iustatud tootmisseadmed tagavad meie konkurentsiv\u00f5ime h\u00fcdrosilindrite tootmises, pakkudes erakordset m\u00fc\u00fcgij\u00e4rgset teenindust pikaajaliste kliendisuhete edendamiseks.<\/p>\n<p>Autor: lyl<\/p>","protected":false},"excerpt":{"rendered":"<p>Boom Cylinder For Sinomach ZG3225C-9C Overview of Boom Cylinder The Boom Cylinder is a crucial component in hydraulic systems, specifically designed to control the movement of buckets in heavy machinery such as excavators, backhoe loaders, and front loaders. This hydraulic cylinder enables the bucket to lift, lower, and tilt, facilitating efficient material handling tasks. The [&hellip;]<\/p>","protected":false},"featured_media":17875,"comment_status":"open","ping_status":"closed","template":"","meta":{"_et_pb_use_builder":"","_et_pb_old_content":"","_et_gb_content_width":""},"product_brand":[],"product_cat":[1546],"product_tag":[1547,1496],"class_list":{"0":"post-19702","1":"product","2":"type-product","3":"status-publish","4":"has-post-thumbnail","6":"product_cat-boom-cylinders","7":"product_tag-boom-cylinders","8":"product_tag-hydraulic-cylinders","10":"first","11":"instock","12":"shipping-taxable","13":"product-type-simple"},"amp_enabled":true,"_links":{"self":[{"href":"https:\/\/www.hydraulic-cylinders.net\/et\/wp-json\/wp\/v2\/product\/19702","targetHints":{"allow":["GET"]}}],"collection":[{"href":"https:\/\/www.hydraulic-cylinders.net\/et\/wp-json\/wp\/v2\/product"}],"about":[{"href":"https:\/\/www.hydraulic-cylinders.net\/et\/wp-json\/wp\/v2\/types\/product"}],"replies":[{"embeddable":true,"href":"https:\/\/www.hydraulic-cylinders.net\/et\/wp-json\/wp\/v2\/comments?post=19702"}],"wp:featuredmedia":[{"embeddable":true,"href":"https:\/\/www.hydraulic-cylinders.net\/et\/wp-json\/wp\/v2\/media\/17875"}],"wp:attachment":[{"href":"https:\/\/www.hydraulic-cylinders.net\/et\/wp-json\/wp\/v2\/media?parent=19702"}],"wp:term":[{"taxonomy":"product_brand","embeddable":true,"href":"https:\/\/www.hydraulic-cylinders.net\/et\/wp-json\/wp\/v2\/product_brand?post=19702"},{"taxonomy":"product_cat","embeddable":true,"href":"https:\/\/www.hydraulic-cylinders.net\/et\/wp-json\/wp\/v2\/product_cat?post=19702"},{"taxonomy":"product_tag","embeddable":true,"href":"https:\/\/www.hydraulic-cylinders.net\/et\/wp-json\/wp\/v2\/product_tag?post=19702"}],"curies":[{"name":"wp","href":"https:\/\/api.w.org\/{rel}","templated":true}]}}