{"id":19710,"date":"2025-04-07T07:03:11","date_gmt":"2025-04-07T07:03:11","guid":{"rendered":"https:\/\/www.hydraulic-cylinders.net\/product\/boom-cylinder-for-hengte-wheel-excavator-htl65-8\/"},"modified":"2025-04-07T07:03:13","modified_gmt":"2025-04-07T07:03:13","slug":"boom-cylinder-for-hengte-wheel-excavator-htl65-8","status":"publish","type":"product","link":"https:\/\/www.hydraulic-cylinders.net\/et\/toode\/boom-cylinder-for-hengte-wheel-excavator-htl65-8\/","title":{"rendered":"Hengte ratasekskavaatori HTL65-8 poomi silinder"},"content":{"rendered":"<h1>Hengte ratasekskavaatori HTL65-8 poomi silinder<\/h1>\n<h2>Toote \u00fclevaade<\/h2>\n<p>Hengte ratasekskavaatori HTL65-8 noole silinder on spetsiaalne h\u00fcdrauliline silinder, mis on loodud erinevate raskete masinate, sealhulgas ekskavaatorite, laadur-ekskavaatori ja esilaaduri noole liikumise juhtimiseks. See h\u00fcdrauliline silinder m\u00e4ngib olulist rolli noole t\u00f5stmisel, langetamisel ja kallutamisel, h\u00f5lbustades materjalide t\u00f5husat k\u00e4itlemist. Kopa silinder on konstrueeritud pakkuma usaldusv\u00e4\u00e4rset j\u00f5udlust \u00e4\u00e4rmuslikes tingimustes, tagades raskete koormate t\u00e4pse ja ohutu man\u00f6\u00f6verdamise.<\/p>\n<p><img decoding=\"async\" src=\"https:\/\/www.hydraulic-cylinders.net\/wp-content\/uploads\/2025\/04\/songte-company-1.webp\" alt=\"Poomi silinder\" \/><\/p>\n<h2>Peamised omadused<\/h2>\n<ul>\n<li>\n<h3>Suur tugevus ja vastupidavus<\/h3>\n<p>Tavaliselt \u00fclitugevast terasest v\u00f5i alumiiniumist valmistatud silindrid taluvad k\u00f5rget r\u00f5hku ja suuri koormusi, mist\u00f5ttu sobivad need karmidesse t\u00f6\u00f6keskkondadesse. Konstruktsioonis on r\u00f5hutatud kulumiskindlust ja korrosioonikaitset, pikendades m\u00e4rkimisv\u00e4\u00e4rselt kasutusiga.<\/p>\n<\/li>\n<li>\n<h3>T\u00f5hus h\u00fcdrauliline t\u00f6\u00f6<\/h3>\n<p>Silinder kasutab sujuva pikenemise ja tagasit\u00f5mbamise saavutamiseks h\u00fcdraulilist \u00f5lir\u00f5hku, reageerides kiiresti juhtimisk\u00e4sklustele ja pakkudes v\u00f5imsaid t\u00f5uke- ja t\u00f5mbev\u00f5imeid, mis sobivad ideaalselt raskete esemete ja keerukate \u00fclesannete k\u00e4sitsemiseks.<\/p>\n<\/li>\n<li>\n<h3>Mitmekesised t\u00fc\u00fcbid<\/h3>\n<p>Saadaval nii \u00fchetoimelise (h\u00fcdrauliline \u00fches suunas) kui ka kahetoimelise (h\u00fcdrauliline m\u00f5lemas suunas) konfiguratsioonina saab kopasilindrit kohandada vastavalt erinevatele t\u00f6\u00f6vajadustele, m\u00f5ned mudelid on teleskoopilised, mis v\u00f5imaldavad suuremat pikendamist ilma v\u00e4lism\u00f5\u00f5tmeid suurendamata, mis sobib ideaalselt ruumipiirangutega rakenduste jaoks.<\/p>\n<\/li>\n<\/ul>\n<p>Meie ettev\u00f5te on spetsialiseerunud selle toote tootmisele ja meie silindrid suudavad suurep\u00e4raselt asendada olemasolevaid h\u00fcdrosilindreid.<\/p>\n<p><img decoding=\"async\" src=\"https:\/\/www.hydraulic-cylinders.net\/wp-content\/uploads\/2025\/04\/songte-cylinder-head-with-all-kinds-excavator-models.webp\" alt=\"Ekskavaatori mudelid\" \/><\/p>\n<h2>Rakendused<\/h2>\n<ul>\n<li>\n<h3>Ehitustehnika<\/h3>\n<p>Ekskavaatorites on noolesilindrid eluliselt t\u00e4htsad kaevamisel, laadimisel ja pinnase v\u00f5i prahi teisaldamisel. Nende j\u00f5udlus on kaevamisprotsessi jaoks oluline, tagades, et operaatorid saavad t\u00f5husalt hallata suuri materjalimahtusid. Noole v\u00f5ime ulatuda erinevate nurkade ja s\u00fcgavuste alla suurendab ekskavaatori mitmek\u00fclgsust t\u00f6\u00f6platsil.<\/p>\n<\/li>\n<li>\n<h3>P\u00f5llumajandustehnika<\/h3>\n<p>Esilaadurites aitavad noolesilindrid mulda, heina ja muid materjale kopaga t\u00f5sta, t\u00f5sta ja transportida. Nende vastupidav konstruktsioon v\u00f5imaldab p\u00f5llumajandusmasinatel t\u00e4ita raskeid t\u00f5stet\u00f6id, suurendades tootlikkust nii taludes kui ka ehitusplatsidel.<\/p>\n<\/li>\n<li>\n<h3>Ekskavaatorid<\/h3>\n<p>Noole silinder v\u00f5imaldab ekskavaatori kopal kaevamist\u00f6\u00f6de ajal t\u00f5husalt pinnasesse tungida. See v\u00f5ime on \u00fclioluline mitmesuguste projektide, sealhulgas haljastuse, kaevandamise ja teedeehituse puhul, v\u00f5imaldades s\u00fcgavamat ja t\u00f5husamat kaevamist.<\/p>\n<\/li>\n<li>\n<h3>Laadurid<\/h3>\n<p>Frontaallaadurites on need silindrid koormate t\u00f5husa t\u00f5stmise ja t\u00fchjendamise v\u00f5tmeks. Nende v\u00f5ime kaalu hallata ja stabiilsust t\u00f6\u00f6 ajal tagada muudab need materjalik\u00e4itlust\u00f6\u00f6del asendamatuks.<\/p>\n<\/li>\n<\/ul>\n<h2>Kujunduskaalutlused<\/h2>\n<ul>\n<li>\n<h3>Kandev\u00f5ime<\/h3>\n<p>Poomi silindrite projekteerimisel on kandev\u00f5ime esmat\u00e4htis kaalutlus, kuna see m\u00e4\u00e4rab, milliseid \u00fclesandeid silinder suudab t\u00e4ita. Suur kandev\u00f5ime tagab, et h\u00fcdros\u00fcsteem suudab t\u00f5sta v\u00f5i teisaldada raskeid materjale ilma ohutust v\u00f5i j\u00f5udlust kahjustamata.<\/p>\n<\/li>\n<li>\n<h3>Tihendus<\/h3>\n<p>T\u00f5hus tihendus on \u00fclioluline h\u00fcdraulilise vedeliku lekke v\u00e4ltimiseks, mis v\u00f5ib kahjustada j\u00f5udlust ja ohutust. Kvaliteetsed tihendid, mis on valmistatud vastupidavatest materjalidest, nagu pol\u00fcuretaan v\u00f5i nitriilkummi, on h\u00fcdraulilise s\u00fcsteemi terviklikkuse s\u00e4ilitamiseks h\u00e4davajalikud.<\/p>\n<\/li>\n<li>\n<h3>Vastupidavus<\/h3>\n<p>Vastupidavus on oluline tegur, kuna noole silindrid puutuvad sageli kokku karmide t\u00f6\u00f6tingimustega. Nende valmistamisel kasutatavate materjalide ja projekteerimisprotsesside puhul tuleb seada esikohale pikaajaline j\u00f5udlus, et v\u00e4hendada hoolduse ja vahetuse sagedust.<\/p>\n<\/li>\n<li>\n<h3>Ohutus<\/h3>\n<p>Ohutuskaalutluste hulka kuuluvad kaitseventiilide ja muude mehhanismide kasutamine \u00fcler\u00f5hu v\u00e4ltimiseks ja s\u00fcsteemi ohutuks kasutamiseks koormuse all. Projekteerimisel peaksid olema ka funktsioonid, mis v\u00f5imaldavad hoolduskontrollide ajal h\u00f5lpsat juurdep\u00e4\u00e4su.<\/p>\n<\/li>\n<li>\n<h3>Hooldus<\/h3>\n<p>Hoolduse lihtsustamine on \u00fclioluline, kuna regulaarsed kontrollid aitavad v\u00e4ltida kulukaid remondit\u00f6id ja seisakuid. Sellised omadused nagu kergesti vahetatavad tihendid ja ligip\u00e4\u00e4setavad kinnituspunktid on t\u00f5husa hoolduse jaoks h\u00e4davajalikud.<\/p>\n<\/li>\n<\/ul>\n<p><img decoding=\"async\" src=\"https:\/\/www.hydraulic-cylinders.net\/wp-content\/uploads\/2025\/04\/songte-oil-pipes-and-spare-parts.webp\" alt=\"\u00d5litorud ja varuosad\" \/><\/p>\n<h2>Tihendus ja m\u00e4\u00e4rimine<\/h2>\n<p>H\u00fcdrauliliste silindrite t\u00f5husa t\u00f6\u00f6 tagamiseks on kriitilise t\u00e4htsusega korralik tihendamine ja m\u00e4\u00e4rimine. Tiheda sobivuse tagamiseks ja lekete v\u00e4ltimiseks kasutatakse mitmesuguseid tihendeid, sealhulgas kolvitihendeid ja vardatihendeid. Materjalid nagu pol\u00fcuretaan ja nitriilkummi valitakse tavaliselt nende kulumiskindluse ja vastupidavuse t\u00f5ttu. Silindri korpus ja keermestatud otsad on peenelt t\u00f6\u00f6deldud, et suurendada kulumiskindlust, mis on pikaealisuse tagamiseks oluline.<\/p>\n<p>Samuti on vajalik regulaarne m\u00e4\u00e4rimine, mis n\u00f5uab plaanilisi kontrolle, et tagada piisava koguse h\u00fcdraulika\u00f5li kasutamine optimaalse j\u00f5udluse s\u00e4ilitamiseks ja kulumise v\u00e4ltimiseks. M\u00e4\u00e4rimise olulisust ei saa \u00fcle t\u00e4htsustada, kuna see v\u00e4hendab h\u00f5\u00f5rdumist ja pikendab h\u00fcdraulikakomponentide eluiga.<\/p>\n<h2>Regulaarne kontroll ja ennetav hooldus<\/h2>\n<p>H\u00fcdrauliliste silindrite pikaealisuse ja j\u00f5udluse tagamiseks on oluline rakendada regulaarseid kontrolli- ja ennetavaid hooldusmeetmeid. Peamised meetmed h\u00f5lmavad j\u00e4rgmist:<\/p>\n<ul>\n<li>\n<h3>Regulaarsed kontrollid<\/h3>\n<p>Tehke perioodilisi kontrolle, et tuvastada kulumise v\u00f5i kahjustuste m\u00e4rke. Otsige silindrilt lekkeid, pragusid v\u00f5i deformatsioone. Probleemide varajane avastamine aitab v\u00e4ltida kulukaid remondit\u00f6id ja seisakuid.<\/p>\n<\/li>\n<li>\n<h3>Sobiv m\u00e4\u00e4rimine<\/h3>\n<p>Veenduge, et h\u00fcdraulika\u00f5li tase on piisav ning \u00f5li on puhas ja saasteainetevaba. Koostage regulaarne m\u00e4\u00e4rimisgraafik, et s\u00e4ilitada tihendite ja liikuvate osade optimaalne j\u00f5udlus.<\/p>\n<\/li>\n<li>\n<h3>Tihendi vahetamine<\/h3>\n<p>Kontrollige regulaarselt tihendite kulumist ja vajadusel vahetage need v\u00e4lja, et v\u00e4ltida lekkeid ja s\u00e4ilitada s\u00fcsteemi r\u00f5hk. N\u00f5uetekohaselt hooldatud tihendid pikendavad oluliselt h\u00fcdrosilindri eluiga.<\/p>\n<\/li>\n<\/ul>\n<h2>Paigaldusjuhised<\/h2>\n<p>Poomi silindri \u00f5ige paigaldamine on optimaalse j\u00f5udluse ja ohutuse tagamiseks kriitilise t\u00e4htsusega. \u00d5ige paigaldamise tagamiseks j\u00e4rgige neid samme:<\/p>\n<p>Esiteks veenduge, et t\u00f6\u00f6ala oleks puhas ja prahist vaba, et h\u00f5lbustada sujuvat paigaldusprotsessi. Seej\u00e4rel joondage h\u00fcdrosilinder t\u00e4pselt masina kinnituspunktidega. Kasutage silindri kindlalt kinnitamiseks sobivaid kinnitusklambreid. Enne poltide pingutamist on oluline joondust kontrollida, et v\u00e4ltida silindrile liigset pinget.<\/p>\n<p>P\u00e4rast silindri kinnitamist \u00fchendage h\u00fcdraulikavoolikud, veendudes, et voolikutes pole keerdusid ega muhke. T\u00e4itke h\u00fcdraulikas\u00fcsteem soovitatava vedelikuga ja enne masina kasutamist laske voolikutest \u00f5hk v\u00e4lja. L\u00f5puks tehke funktsionaalsustest, et veenduda k\u00f5ige sujuvas toimimises, v\u00f5imaldades vajadusel reguleerida.<\/p>\n<h2>Levinumad hooldust\u00f6\u00f6d<\/h2>\n<p>H\u00fcdrauliliste silindrite hooldamine n\u00f5uab t\u00e4helepanu mitmele p\u00f5hi\u00fclesandele:<\/p>\n<ul>\n<li>\n<h3>Regulaarsed kontrollid<\/h3>\n<p>Kulumise v\u00f5i v\u00f5imalike rikete tuvastamiseks enne nende s\u00fcvenemist on vaja perioodilisi kontrolle. Kontrollide k\u00e4igus tuleks hinnata ballooni v\u00e4list seisukorda, kontrollida lekete olemasolu ja veenduda, et k\u00f5ik liitmikud on kindlalt paigas.<\/p>\n<\/li>\n<li>\n<h3>\u00d5ige m\u00e4\u00e4rimine<\/h3>\n<p>M\u00e4\u00e4rimine on h\u00fcdrauliliste silindrite pikaealisuse tagamiseks \u00fclioluline. Veenduge, et tihendid oleksid piisavalt m\u00e4\u00e4ritud, et v\u00e4ltida kulumist ja tagada sujuv t\u00f6\u00f6. Lisage h\u00fcdraulikavedelikku regulaarselt vastavalt vajadusele.<\/p>\n<\/li>\n<li>\n<h3>Tihendi vahetamine<\/h3>\n<p>H\u00fcdraulikas\u00fcsteemi terviklikkuse s\u00e4ilitamiseks vahetage tihendeid regulaarselt. Seda tuleks teha rutiinsete hoolduskontrollide k\u00e4igus, veendudes, et uued tihendid on lekete v\u00e4ltimiseks \u00f5igesti paigaldatud.<\/p>\n<\/li>\n<\/ul>\n<p><img decoding=\"async\" src=\"https:\/\/www.hydraulic-cylinders.net\/wp-content\/uploads\/2025\/04\/songte-chushion-collar.webp\" alt=\"Padjakaelus\" \/><\/p>\n<h2>Ohutuskaalutlused ja keskkonnategurid<\/h2>\n<p>H\u00fcdrauliliste silindritega t\u00f6\u00f6tamisel on ohutusmeetmed \u00fcliolulised. Riskide minimeerimiseks on oluline operaatorite ja hoolduspersonali n\u00f5uetekohane v\u00e4lja\u00f5pe. H\u00fcdrauliliste s\u00fcsteemidega t\u00f6\u00f6tamisel kasutage alati isikukaitsevahendeid. Lisaks arvestage vedelikulekete keskkonnam\u00f5juga; veenduge, et k\u00f5ik tihendid ja liitmikud on heas seisukorras, et v\u00e4ltida pinnase ja veeallikate saastumist.<\/p>\n<h2>Rikete diagnoosimine ja levinud probleemid<\/h2>\n<ul>\n<li>\n<h3>Leke<\/h3>\n<p>H\u00fcdraulilise vedeliku lekked on h\u00fcdrosilindrite k\u00f5ige levinum probleem. Need v\u00f5ivad tekkida kulunud tihendite v\u00f5i kahjustatud liitmike t\u00f5ttu. Vedeliku kadumise v\u00e4ltimiseks on oluline regulaarne kontroll ja tihendite \u00f5igeaegne vahetamine.<\/p>\n<\/li>\n<li>\n<h3>V\u00e4hendatud j\u00f5udlus<\/h3>\n<p>Kui silinder ei reageeri h\u00e4sti v\u00f5i selle t\u00f5stev\u00f5ime on v\u00e4henenud, v\u00f5ib see viidata sisemisele kahjustusele v\u00f5i madalale vedeliku tasemele. Kontrollige h\u00fcdraulikavedelikku ja silindrit sisemise kulumise suhtes.<\/p>\n<\/li>\n<li>\n<h3>\u00dclekuumenemine<\/h3>\n<p>\u00dclekuumenemine v\u00f5ib tekkida k\u00f5rge s\u00fcsteemir\u00f5hu v\u00f5i ebapiisava m\u00e4\u00e4rimise t\u00f5ttu. Veenduge, et h\u00fcdraulika\u00f5li vahetatakse regulaarselt ja et s\u00fcsteemi ei koormata \u00fcle.<\/p>\n<\/li>\n<\/ul>\n<h2>Veaotsingu n\u00e4pun\u00e4ited<\/h2>\n<p>H\u00fcdrauliliste silindrite probleemide t\u00f5husaks diagnoosimiseks ja lahendamiseks j\u00e4rgige neid t\u00f5rkeotsingu n\u00e4pun\u00e4iteid:<\/p>\n<ul>\n<li>Kontrollige h\u00fcdraulikavoolikute ja liitmike n\u00e4htavaid kahjustusi v\u00f5i lekkeid ning vajadusel parandage v\u00f5i vahetage need v\u00e4lja.<\/li>\n<li>Veenduge, et h\u00fcdraulika\u00f5li tase on \u00f5ige ja heas seisukorras, vahetage see v\u00e4lja, kui see on saastunud.<\/li>\n<li>J\u00e4lgige h\u00fcdraulikavedeliku temperatuuri ja veenduge, et see p\u00fcsiks normaalses t\u00f6\u00f6vahemikus.<\/li>\n<\/ul>\n<p>Ennetavate meetmete, n\u00e4iteks regulaarsete hoolduskontrollide rakendamine aitab minimeerida v\u00f5imalikke probleeme ja tagada h\u00fcdros\u00fcsteemi t\u00f6\u00f6kindluse.<\/p>\n<p><img decoding=\"async\" src=\"https:\/\/www.hydraulic-cylinders.net\/wp-content\/uploads\/2025\/04\/songte-bushings-with-all-kinds-of-excavator-models.webp\" alt=\"Puksid\" \/><\/p>\n<h2>Ettev\u00f5tte \u00fclevaade<\/h2>\n<p>Oleme alternatiivsetele h\u00fcdraulilistele silindritele spetsialiseerunud tootja, pakkudes laia tootevalikut, mis on teinud meist \u00fche juhtiva tootja ja hulgim\u00fc\u00fcja nii sise- kui ka rahvusvahelistel turgudel. J\u00e4rgime kvaliteedi tipptaseme p\u00f5him\u00f5tet, kasutades oma tootmisjuhtimises t\u00e4iustatud tootmisstrateegiaid. Meie p\u00fchendumus oskusliku personali, t\u00e4iustatud digitaalsete tootmisseadmete ja professionaalsete testimiss\u00fcsteemide kasutamisele suurendab pidevalt meie tootmisv\u00f5imekust.<\/p>\n<p>Keskendudes t\u00f5hususele, t\u00e4psusele ja k\u00f5rgele kvaliteedile, p\u00fc\u00fcame rahuldada klientide mitmekesiseid vajadusi. Meie rahvusvahelised sertifikaadid tagavad, et meie tooted vastavad \u00fclemaailmsetele standarditele, samas kui meie kohandatud teenused v\u00f5imaldavad meil kohandada lahendusi vastavalt klientide konkreetsetele vajadustele. Lisaks tagab meie tugev m\u00fc\u00fcgij\u00e4rgne tugi, et meie kliendid saavad abi, mida nad vajavad oma h\u00fcdraulikas\u00fcsteemide t\u00f5husaks hooldamiseks.<\/p>\n<p><img decoding=\"async\" src=\"https:\/\/www.hydraulic-cylinders.net\/wp-content\/uploads\/2025\/04\/songte-company-4.webp\" alt=\"Ettev\u00f5tte \u00fclevaade\" \/><br \/>\n<img decoding=\"async\" src=\"https:\/\/www.hydraulic-cylinders.net\/wp-content\/uploads\/2025\/04\/songte-company-3.webp\" alt=\"Tootmisrajatised\" \/><\/p>\n<p>Autor: lyl<\/p>","protected":false},"excerpt":{"rendered":"<p>Boom Cylinder For Hengte Wheel Excavator HTL65-8 Product Overview The Boom Cylinder for Hengte Wheel Excavator HTL65-8 is a specialized hydraulic cylinder designed to control the movement of the boom on various heavy machinery, including excavators, backhoe loaders, and front loaders. This hydraulic cylinder plays a crucial role in enabling the boom to lift, lower, [&hellip;]<\/p>","protected":false},"featured_media":17868,"comment_status":"open","ping_status":"closed","template":"","meta":{"_et_pb_use_builder":"","_et_pb_old_content":"","_et_gb_content_width":""},"product_brand":[],"product_cat":[1546],"product_tag":[1547,1496],"class_list":{"0":"post-19710","1":"product","2":"type-product","3":"status-publish","4":"has-post-thumbnail","6":"product_cat-boom-cylinders","7":"product_tag-boom-cylinders","8":"product_tag-hydraulic-cylinders","10":"first","11":"instock","12":"shipping-taxable","13":"product-type-simple"},"amp_enabled":true,"_links":{"self":[{"href":"https:\/\/www.hydraulic-cylinders.net\/et\/wp-json\/wp\/v2\/product\/19710","targetHints":{"allow":["GET"]}}],"collection":[{"href":"https:\/\/www.hydraulic-cylinders.net\/et\/wp-json\/wp\/v2\/product"}],"about":[{"href":"https:\/\/www.hydraulic-cylinders.net\/et\/wp-json\/wp\/v2\/types\/product"}],"replies":[{"embeddable":true,"href":"https:\/\/www.hydraulic-cylinders.net\/et\/wp-json\/wp\/v2\/comments?post=19710"}],"wp:featuredmedia":[{"embeddable":true,"href":"https:\/\/www.hydraulic-cylinders.net\/et\/wp-json\/wp\/v2\/media\/17868"}],"wp:attachment":[{"href":"https:\/\/www.hydraulic-cylinders.net\/et\/wp-json\/wp\/v2\/media?parent=19710"}],"wp:term":[{"taxonomy":"product_brand","embeddable":true,"href":"https:\/\/www.hydraulic-cylinders.net\/et\/wp-json\/wp\/v2\/product_brand?post=19710"},{"taxonomy":"product_cat","embeddable":true,"href":"https:\/\/www.hydraulic-cylinders.net\/et\/wp-json\/wp\/v2\/product_cat?post=19710"},{"taxonomy":"product_tag","embeddable":true,"href":"https:\/\/www.hydraulic-cylinders.net\/et\/wp-json\/wp\/v2\/product_tag?post=19710"}],"curies":[{"name":"wp","href":"https:\/\/api.w.org\/{rel}","templated":true}]}}