{"id":19711,"date":"2025-04-07T07:03:14","date_gmt":"2025-04-07T07:03:14","guid":{"rendered":"https:\/\/www.hydraulic-cylinders.net\/product\/boom-cylinder-for-hengte-wheel-excavator-htl85-8\/"},"modified":"2025-04-07T07:03:16","modified_gmt":"2025-04-07T07:03:16","slug":"boom-cylinder-for-hengte-wheel-excavator-htl85-8","status":"publish","type":"product","link":"https:\/\/www.hydraulic-cylinders.net\/et\/toode\/boom-cylinder-for-hengte-wheel-excavator-htl85-8\/","title":{"rendered":"Hengte ratasekskavaatori HTL85-8 poomi silinder"},"content":{"rendered":"<h1>Hengte ratasekskavaatori HTL85-8 poomi silinder<\/h1>\n<h2>Sissejuhatus poomi silindrisse<\/h2>\n<p>See <strong>Poomi silinder<\/strong> on oluline h\u00fcdraulikakomponent rasketehnikas, eriti ekskavaatorites, laadur-ekskavaatorites ja esilaadurites. See on loodud kopa liikumise juhtimiseks, v\u00f5imaldades sellel t\u00f5sta, langetada ja kallutada t\u00f5husate materjalik\u00e4itlust\u00f6\u00f6de jaoks. See h\u00fcdraulikasilinder m\u00e4ngib h\u00fcdraulikas\u00fcsteemis olulist rolli, kus r\u00f5hu all olevat h\u00fcdraulika\u00f5li kasutatakse kontrollitud liikumiste loomiseks. Poomi silindri funktsiooni m\u00f5istmine on \u00fclioluline neile, kes oma t\u00f6\u00f6s rasketehnikat kasutavad.<\/p>\n<p><img decoding=\"async\" src=\"https:\/\/www.hydraulic-cylinders.net\/wp-content\/uploads\/2025\/04\/songte-company-1.webp\" alt=\"Poomi silindri pilt\" \/><\/p>\n<h3>Definitsioon ja \u00fclevaade<\/h3>\n<p>Noolesilinder on h\u00fcdraulilise silindri t\u00fc\u00fcp, mis on spetsiaalselt loodud mitmesuguste raskete masinate koppade liikumise juhtimiseks. See v\u00f5imaldab kopal t\u00f5husalt t\u00e4ita olulisi \u00fclesandeid, nagu kaevamine, t\u00f5stmine ja materjalide transportimine. H\u00fcdraulikas\u00fcsteem t\u00f6\u00f6tab r\u00f5hu all oleva vedeliku abil, mis tekitab lineaarse liikumise, mis omakorda muudab kopa mehaaniliseks liikumiseks. See v\u00f5imaldab operaatoritel raskeid koormaid ja keerulisi \u00fclesandeid t\u00e4pselt ja h\u00f5lpsalt k\u00e4sitseda.<\/p>\n<h2>Poomi silindri omadused<\/h2>\n<ul>\n<li><strong>Suur tugevus ja vastupidavus:<\/strong> Tavaliselt \u00fclitugevast terasest v\u00f5i alumiiniumist valmistatud poomi silinder on ehitatud taluma k\u00f5rget r\u00f5hku ja suuri koormusi, mist\u00f5ttu sobib see karmideks t\u00f6\u00f6keskkondadeks.<\/li>\n<li><strong>T\u00f5hus h\u00fcdrauliline t\u00f6\u00f6:<\/strong> Kasutab h\u00fcdraulika\u00f5li r\u00f5hku sujuvaks ja kiireks pikendamiseks ja tagasit\u00f5mbamiseks, pakkudes v\u00f5imsaid t\u00f5uke- ja t\u00f5mbej\u00f5ude, mis sobivad ideaalselt raskete materjalide k\u00e4sitsemiseks ja keerukateks toiminguteks.<\/li>\n<li><strong>Erinevad t\u00fc\u00fcbid:<\/strong> Saadaval \u00fchetoimelise (h\u00fcdrauliline \u00fches suunas) v\u00f5i kahetoimelise (h\u00fcdrauliline m\u00f5lemas suunas) versioonina, et rahuldada erinevaid t\u00f6\u00f6vajadusi. Teatud mudelitel on ka teleskoopv\u00f5imalused suurema ulatuse saavutamiseks ilma v\u00e4lism\u00f5\u00f5tmeid suurendamata.<\/li>\n<li><strong>Kohandatavad valikud:<\/strong> Suudab kohandada spetsifikatsioone vastavalt erinevate masinate ja t\u00f6\u00f6\u00fclesannete n\u00f5uetele.<\/li>\n<li><strong>Hoolduss\u00f5bralik disain:<\/strong> Loodud hoolduse h\u00f5lbustamiseks, tagades operaatoritele seadmete sujuva t\u00f6\u00f6 minimaalse seisakuajaga.<\/li>\n<\/ul>\n<p>Meie ettev\u00f5te on spetsialiseerunud kvaliteetsete poomisilindrite tootmisele, mis asendavad ideaalselt olemasolevaid h\u00fcdrosilindreid.<\/p>\n<p><img decoding=\"async\" src=\"https:\/\/www.hydraulic-cylinders.net\/wp-content\/uploads\/2025\/04\/songte-cylinder-head-with-all-kinds-excavator-models.webp\" alt=\"Poomi silindri variandid\" \/><\/p>\n<h2>Poomi silindri rakendused<\/h2>\n<h3>Ehitustehnika<\/h3>\n<p>Ekskavaatorites on noolesilindrid \u00fcliolulised kaevamiseks, laadimiseks ja mulla v\u00f5i prahi teisaldamiseks. Nende v\u00f5ime pakkuda v\u00f5imsaid t\u00f5ste- ja langetusliigutusi on oluline mitmesuguste ehitust\u00f6\u00f6de t\u00f5husaks teostamiseks. Ekskavaatorid toetuvad noolesilindritele t\u00e4psete liigutuste tegemiseks, tagades materjalide ohutu ja t\u00f5husa k\u00e4itlemise ehitusplatsidel.<\/p>\n<h3>P\u00f5llumajandustehnika<\/h3>\n<p>Frontaallaadurid kasutavad mulla, heina ja muude materjalide kopeerimiseks, t\u00f5stmiseks ja transportimiseks noolesilindreid. Silindrid v\u00f5imaldavad operaatoritel h\u00f5lpsalt k\u00e4sitseda suuri koormaid, aidates kaasa tootlikkuse suurenemisele taludes ja p\u00f5llumajandust\u00f6\u00f6des. Kopa kallutamise ja reguleerimise v\u00f5imalus suurendab p\u00f5llumajandusmasinate mitmek\u00fclgsust.<\/p>\n<h3>Kaevet\u00f6\u00f6de \u00fclesanded<\/h3>\n<p>Ekskavaatoris v\u00f5imaldab noole silinder kopal t\u00f5husalt pinnasesse tungida, h\u00f5lbustades t\u00f5husat kaevamist. Noole silindri v\u00f5imas h\u00fcdrauliline toime tagab, et ekskavaator saab hakkama ka raskete pinnasetingimustega, muutes selle asendamatuks t\u00f6\u00f6riistaks ehitus- ja haljastusprojektides.<\/p>\n<h3>Laadimismasinad<\/h3>\n<p>Esilaaduritel aitavad noolesilindrid koormaid t\u00f5husalt t\u00f5sta ja t\u00fchjendada. Nende konstruktsioon h\u00f5lbustab materjalide h\u00f5lpsat k\u00e4sitsemist, v\u00f5imaldades operaatoritel kaupu kiiresti ja ohutult \u00fchest kohast teise transportida, suurendades seel\u00e4bi \u00fcldist tootlikkust ja tegevuse efektiivsust.<\/p>\n<h2>Projekteerimiskaalutlused ja valikukriteeriumid<\/h2>\n<h3>Kandev\u00f5ime<\/h3>\n<p>Poomi silindri kandev\u00f5ime on kriitilise t\u00e4htsusega projekteerimisel. See peab suutma kanda k\u00e4ideldavate materjalide maksimaalset raskust, tagades samal ajal ohutuse ja stabiilsuse t\u00f6\u00f6 ajal. Insenerid peavad arvutama koormusn\u00f5uded konkreetsete rakenduste ja masinat\u00fc\u00fcpide p\u00f5hjal, et tagada optimaalne j\u00f5udlus ilma konstruktsiooni terviklikkust ohtu seadmata.<\/p>\n<h3>Tihendi terviklikkus<\/h3>\n<p>Tihendi terviklikkus on \u00fclioluline h\u00fcdraulilise vedeliku lekete v\u00e4ltimiseks ja t\u00f5husa t\u00f6\u00f6 tagamiseks. Vastupidavatest materjalidest valmistatud kvaliteetsed tihendid on olulised r\u00f5hu ja temperatuuri k\u00f5ikumistele vastu pidamiseks. N\u00f5uetekohased tihendusmehhanismid minimeerivad hooldusvajadust ja pikendavad h\u00fcdraulikas\u00fcsteemi eluiga, aidates kaasa seadmete \u00fcldisele t\u00f6\u00f6kindlusele.<\/p>\n<h3>Vastupidavus<\/h3>\n<p>Vastupidavus on noolesilindrite projekteerimisel \u00fclioluline tegur. Komponendid peavad olema valmistatud materjalidest, mis on kulumis- ja korrosioonikindlad, eriti karmides keskkondades. Konstruktsioon peaks sisaldama pikaealisust parandavaid omadusi, n\u00e4iteks kaitsekatteid ja vastupidavaid ehitusmeetodeid, et need taluksid raskete t\u00f6\u00f6de raskusi.<\/p>\n<h3>Turvaelemendid<\/h3>\n<p>H\u00fcdrauliliste silindrite projekteerimisel on ohutus esmat\u00e4htis. Sellised omadused nagu r\u00f5huvabastusventiilid ja vastupidavad kinnituss\u00fcsteemid aitavad v\u00e4ltida \u00f5nnetusi t\u00f6\u00f6tamise ajal. Ohutusstandardite rakendamine tagab, et operaatorid saavad t\u00f6\u00f6tada enesekindlalt, teades, et seadmed t\u00f6\u00f6tavad r\u00f5hu all usaldusv\u00e4\u00e4rselt ja t\u00f5rgeteta.<\/p>\n<h3>Hoolduse ligip\u00e4\u00e4setavus<\/h3>\n<p>H\u00fcdrosilindrite lihtne hooldus on oluline seisakuaja minimeerimiseks. Sellised omadused nagu ligip\u00e4\u00e4setavad m\u00e4\u00e4rdeniplid, kergesti vahetatavad tihendid ja selged hooldusjuhised aitavad kaasa t\u00f5husale hooldusele. Regulaarne hooldus aitab potentsiaalseid probleeme varakult tuvastada, maksimeerides h\u00fcdrosilindri t\u00f6\u00f6iga.<\/p>\n<p><img decoding=\"async\" src=\"https:\/\/www.hydraulic-cylinders.net\/wp-content\/uploads\/2025\/04\/songte-oil-pipes-and-spare-parts.webp\" alt=\"H\u00fcdrauliliste silindrite komponendid\" \/><\/p>\n<h2>H\u00fcdraulilise silindri tihendamine ja m\u00e4\u00e4rimine<\/h2>\n<p>H\u00fcdrauliliste silindrite optimaalseks toimimiseks on \u00fclioluline korralik tihendamine ja m\u00e4\u00e4rimine. H\u00fcdraulilise vedeliku lekke v\u00e4ltimisel m\u00e4ngivad olulist rolli mitmesugused tihendid, n\u00e4iteks kolvitihendid ja varrastihendid. Nende tihendite valmistamiseks kasutatakse vastupidavuse ja kulumiskindluse tagamiseks sageli kvaliteetseid materjale, nagu pol\u00fcuretaan ja nitriilkummi.<\/p>\n<p>Silindri korpus ja keermestatud otsad l\u00e4bivad peene t\u00f6\u00f6tlemise, et suurendada kulumiskindlust ja tagada tihendite sobiv sobivus. H\u00f5\u00f5rdumise minimeerimiseks, kulumise v\u00e4hendamiseks ja sujuva t\u00f6\u00f6 tagamiseks on vajalik regulaarne m\u00e4\u00e4rimine piisava koguse h\u00fcdraulika\u00f5liga. Operaatorid peaksid olema teadlikud \u00f5ige vedeliku taseme hoidmise ja tihendite vajadusest vahetada, et s\u00e4ilitada silindri j\u00f5udlust.<\/p>\n<h2>Regulaarne hooldus ja ennetavad meetmed<\/h2>\n<ul>\n<li><strong>Regulaarsed kontrollid:<\/strong> Kontrollige h\u00fcdraulilist silindrit regulaarselt kulumise, lekete v\u00f5i kahjustuste suhtes. Probleemide varajane avastamine aitab v\u00e4ltida t\u00f5sisemaid probleeme hiljem.<\/li>\n<li><strong>\u00d5ige m\u00e4\u00e4rimine:<\/strong> Veenduge, et h\u00fcdrosilinder oleks piisavalt m\u00e4\u00e4ritud sobiva h\u00fcdro\u00f5liga. Kontrollige regulaarselt vedeliku taset ja lisage \u00f5li vastavalt vajadusele, et s\u00e4ilitada optimaalne j\u00f5udlus.<\/li>\n<li><strong>Tihendi vahetamine:<\/strong> J\u00e4lgige tihendite kulumist ja vajadusel vahetage need v\u00e4lja. Halvenenud tihendid v\u00f5ivad p\u00f5hjustada vedeliku lekkeid ja v\u00e4hendada efektiivsust, seega on \u00f5igeaegne vahetamine \u00fclioluline.<\/li>\n<\/ul>\n<h2>Poomi silindri paigaldusjuhised<\/h2>\n<p>Poomi silindri \u00f5ige paigaldamine on optimaalse j\u00f5udluse tagamiseks h\u00e4davajalik. Alustage veendumisest, et k\u00f5ik kinnituspinnad on puhtad ja prahist vabad. Joondage silinder \u00f5igesti kinnituspunktidega, et v\u00e4ltida komponentidele ebavajalikku survet.<\/p>\n<p>Kasutage silindri kinnitamiseks sobivaid kinnitusklambreid, veendudes, et see on kindlalt paigas ilma liigse j\u00f5uta, mis v\u00f5iks kahjustusi p\u00f5hjustada. P\u00e4rast paigaldamist kontrollige h\u00fcdraulikaliinide \u00fchendusi, et veenduda lekete puudumises ja k\u00f5igi liitmike kinnituses. P\u00e4rast paigaldamist testige silindri toimimist, et veenduda selle korrektses toimimises, tehes vajadusel vajalikke seadistusi.<\/p>\n<h2>Hooldus\u00fclesanded<\/h2>\n<h3>Regulaarsed kontrollid<\/h3>\n<p>Kontrollige regulaarselt h\u00fcdrosilindrit, et tuvastada kulumisj\u00e4lgi v\u00f5i kahjustusi. See h\u00f5lmab lekete kontrollimist ja k\u00f5igi komponentide korrektse toimimise tagamist. Regulaarsed kontrollid aitavad potentsiaalseid probleeme varakult avastada, mis omakorda aitab v\u00e4ltida t\u00f5sisemaid probleeme ja kulukaid remondit\u00f6id.<\/p>\n<h3>\u00d5ige m\u00e4\u00e4rimine<\/h3>\n<p>H\u00fcdrosilindri m\u00e4\u00e4rimine on sujuva t\u00f6\u00f6 tagamiseks h\u00e4davajalik. Veenduge, et kasutate \u00f5iget t\u00fc\u00fcpi h\u00fcdraulika\u00f5li ja kontrollige regulaarselt vedeliku taset. Piisav m\u00e4\u00e4rimine minimeerib komponentide kulumist, pikendades silindri eluiga.<\/p>\n<h3>Tihendi vahetamine ja kalibreerimise kontrollimine<\/h3>\n<p>Kontrollige regulaarselt tihendite kulumisj\u00e4lgede esinemist ja vahetage need vajadusel v\u00e4lja, et v\u00e4ltida lekkeid. Kalibreerimiskontrollid tagavad, et h\u00fcdrosilinder t\u00f6\u00f6tab etten\u00e4htud parameetrite piires, s\u00e4ilitades kasutamise ajal efektiivsuse ja ohutuse. N\u00f5uetekohaselt kalibreeritud seadmed v\u00e4hendavad rikete ohtu ja parandavad \u00fcldist j\u00f5udlust.<\/p>\n<p><img decoding=\"async\" src=\"https:\/\/www.hydraulic-cylinders.net\/wp-content\/uploads\/2025\/04\/songte-chushion-collar.webp\" alt=\"H\u00fcdraulilise silindri paigaldamine\" \/><\/p>\n<h2>Ohutuskaalutlused ja keskkonnategurid<\/h2>\n<p>H\u00fcdrauliliste silindrite k\u00e4itamisel on ohutusmeetmed \u00fcliolulised. Operaatorid peaksid olema koolitatud ohutu k\u00e4sitsemise protseduuride osas, et minimeerida \u00f5nnetuste ohtu. See h\u00f5lmab sobivate isikukaitsevahendite (IKV) kandmise olulisuse m\u00f5istmist ja ohutusprotokollide j\u00e4rgimist t\u00f6\u00f6tamise ja hoolduse ajal. H\u00fcdrauliliste s\u00fcsteemide pikaealisuse ja t\u00f6\u00f6kindluse tagamiseks tuleks arvesse v\u00f5tta ka keskkonnategureid, nagu kokkupuude \u00e4\u00e4rmuslike temperatuuride ja s\u00f6\u00f6vitavate materjalidega.<\/p>\n<h2>Veaotsing ja levinud probleemid<\/h2>\n<h3>Levinud probleemid<\/h3>\n<ul>\n<li><strong>H\u00fcdraulilised lekked:<\/strong> Kontrollige tihendeid ja liitmikke, et tuvastada lekete allikas. Lekete kiire k\u00f5rvaldamine on s\u00fcsteemi r\u00f5hu s\u00e4ilitamiseks h\u00e4davajalik.<\/li>\n<li><strong>Ebaj\u00e4rjekindel liikumine:<\/strong> Uurige h\u00fcdraulikavoolikute v\u00f5imalikke ummistusi v\u00f5i h\u00fcdraulikavedeliku taseme probleeme, et lahendada ebaj\u00e4rjekindla liikumisega seotud probleemid.<\/li>\n<li><strong>Liigne m\u00fcra:<\/strong> Ebatavalised helid v\u00f5ivad viidata \u00f5hule h\u00fcdros\u00fcsteemis v\u00f5i ebapiisavale m\u00e4\u00e4rimisele. S\u00fcsteemi \u00f5hutamine ja \u00f5ige m\u00e4\u00e4rimistaseme tagamine v\u00f5ivad selle probleemi lahendada.<\/li>\n<\/ul>\n<p>Ennetavate meetmete rakendamine, n\u00e4iteks regulaarne hooldus ja \u00fclevaatused, aitavad v\u00e4hendada nende levinud probleemide tekkimise t\u00f5en\u00e4osust ja tagada h\u00fcdrosilindri t\u00f5rgeteta t\u00f6\u00f6.<\/p>\n<p><img decoding=\"async\" src=\"https:\/\/www.hydraulic-cylinders.net\/wp-content\/uploads\/2025\/04\/songte-bushings-with-all-kinds-of-excavator-models.webp\" alt=\"H\u00fcdraulilise silindri t\u00f5rkeotsing\" \/><\/p>\n<h2>Meie ettev\u00f5ttest<\/h2>\n<p>Oleme juhtiv h\u00fcdrosilindrite tootja, pakkudes laia tootevalikut nii sise- kui ka v\u00e4listurgudele. Meie p\u00fchendumus tipptasemele ajendab meid j\u00e4rgima tootmises k\u00f5rgeid kvaliteedistandardeid, mida toetab t\u00e4iustatud tootmisjuhtimise strateegia.<\/p>\n<p>T\u00e4iustame pidevalt oma tootmisv\u00f5imalusi t\u00e4iustatud tehnoloogia, oskusliku personali ja spetsiaalse testimiss\u00fcsteemi abil. See p\u00fchendumus tagab, et rahuldame klientide mitmekesiseid vajadusi suure t\u00f5hususega, t\u00e4psuse ja kvaliteediga.<\/p>\n<p>Meie ettev\u00f5te pakub ka kohandatud teenuseid, rahvusvahelisi sertifikaate ja erakordset m\u00fc\u00fcgij\u00e4rgset tuge, mis v\u00f5imaldab meil valdkonnas silma paista. Meie jaoks on klientide rahulolu esmat\u00e4htis ja me p\u00fc\u00fcame s\u00e4ilitada oma staatust usaldusv\u00e4\u00e4rse partnerina h\u00fcdraulikalahenduste valdkonnas.<\/p>\n<p><img decoding=\"async\" src=\"https:\/\/www.hydraulic-cylinders.net\/wp-content\/uploads\/2025\/04\/songte-company-4.webp\" alt=\"Ettev\u00f5tte \u00fclevaade\" \/><br \/>\n<img decoding=\"async\" src=\"https:\/\/www.hydraulic-cylinders.net\/wp-content\/uploads\/2025\/04\/songte-company-3.webp\" alt=\"H\u00fcdraulilise silindri tootmine\" \/><\/p>\n<p>Autor: lyl<\/p>","protected":false},"excerpt":{"rendered":"<p>Boom Cylinder For Hengte Wheel Excavator HTL85-8 Introduction to the Boom Cylinder The Boom Cylinder is an essential hydraulic component found in heavy machinery, particularly in excavators, backhoe loaders, and front loaders. It is designed to control the movement of the bucket, allowing it to lift, lower, and tilt for efficient material handling tasks. This [&hellip;]<\/p>","protected":false},"featured_media":17869,"comment_status":"open","ping_status":"closed","template":"","meta":{"_et_pb_use_builder":"","_et_pb_old_content":"","_et_gb_content_width":""},"product_brand":[],"product_cat":[1546],"product_tag":[1547,1496],"class_list":{"0":"post-19711","1":"product","2":"type-product","3":"status-publish","4":"has-post-thumbnail","6":"product_cat-boom-cylinders","7":"product_tag-boom-cylinders","8":"product_tag-hydraulic-cylinders","10":"first","11":"instock","12":"shipping-taxable","13":"product-type-simple"},"amp_enabled":true,"_links":{"self":[{"href":"https:\/\/www.hydraulic-cylinders.net\/et\/wp-json\/wp\/v2\/product\/19711","targetHints":{"allow":["GET"]}}],"collection":[{"href":"https:\/\/www.hydraulic-cylinders.net\/et\/wp-json\/wp\/v2\/product"}],"about":[{"href":"https:\/\/www.hydraulic-cylinders.net\/et\/wp-json\/wp\/v2\/types\/product"}],"replies":[{"embeddable":true,"href":"https:\/\/www.hydraulic-cylinders.net\/et\/wp-json\/wp\/v2\/comments?post=19711"}],"wp:featuredmedia":[{"embeddable":true,"href":"https:\/\/www.hydraulic-cylinders.net\/et\/wp-json\/wp\/v2\/media\/17869"}],"wp:attachment":[{"href":"https:\/\/www.hydraulic-cylinders.net\/et\/wp-json\/wp\/v2\/media?parent=19711"}],"wp:term":[{"taxonomy":"product_brand","embeddable":true,"href":"https:\/\/www.hydraulic-cylinders.net\/et\/wp-json\/wp\/v2\/product_brand?post=19711"},{"taxonomy":"product_cat","embeddable":true,"href":"https:\/\/www.hydraulic-cylinders.net\/et\/wp-json\/wp\/v2\/product_cat?post=19711"},{"taxonomy":"product_tag","embeddable":true,"href":"https:\/\/www.hydraulic-cylinders.net\/et\/wp-json\/wp\/v2\/product_tag?post=19711"}],"curies":[{"name":"wp","href":"https:\/\/api.w.org\/{rel}","templated":true}]}}