{"id":19717,"date":"2025-04-07T07:03:33","date_gmt":"2025-04-07T07:03:33","guid":{"rendered":"https:\/\/www.hydraulic-cylinders.net\/product\/boom-cylinder-for-yigong-cy8150\/"},"modified":"2025-04-07T07:03:35","modified_gmt":"2025-04-07T07:03:35","slug":"boom-cylinder-for-yigong-cy8150","status":"publish","type":"product","link":"https:\/\/www.hydraulic-cylinders.net\/et\/toode\/boom-cylinder-for-yigong-cy8150\/","title":{"rendered":"Yigong CY8150 poomi silinder"},"content":{"rendered":"<h1>Yigong CY8150 poomi silinder<\/h1>\n<h2>Sissejuhatus poomi silindrisse<\/h2>\n<p>Noole silinder on h\u00fcdraulikas\u00fcsteemide oluline komponent, mis on spetsiaalselt loodud erinevate raskete masinate, n\u00e4iteks ekskavaatorite, laadur-ekskavaatori ja esilaaduri koppade liikumise juhtimiseks. See h\u00fcdraulika silinder v\u00f5imaldab koppa t\u00f5sta, langetada ja kallutada, h\u00f5lbustades t\u00f5husaid materjalik\u00e4itlust\u00f6id. See m\u00e4ngib olulist rolli seadmete sujuva ja t\u00f5husa t\u00f6\u00f6 tagamisel, suurendades tootlikkust ehitusplatsidel ja muudes t\u00f6\u00f6stuslikes rakendustes.<\/p>\n<p><img decoding=\"async\" src=\"https:\/\/www.hydraulic-cylinders.net\/wp-content\/uploads\/2025\/04\/songte-company-1.webp\" alt=\"Poomi silinder\" \/><\/p>\n<h3>Definitsioon ja \u00fclevaade<\/h3>\n<p>Noole silinder, tuntud ka kui kopa silinder, on h\u00fcdraulilise silindri t\u00fc\u00fcp, mis on spetsiaalselt loodud raskete masinate kopa liikumise juhtimiseks. See on konstrueeritud t\u00f6\u00f6tamise ajal tekkiva tohutu r\u00f5hu haldamiseks, v\u00f5imaldades t\u00f5stmiseks ja kallutamiseks vajalikke t\u00e4pseid liigutusi. Noole silindri disain ja funktsionaalsus on \u00fcliolulised, kuna need m\u00f5jutavad otseselt n\u00f5udlikes keskkondades kasutatavate masinate t\u00f5husust ja efektiivsust.<\/p>\n<h2>Yigong CY8150 poomisilindri omadused<\/h2>\n<ul>\n<li><strong>Suur tugevus ja vastupidavus:<\/strong> K\u00f5rgtugevast terasest v\u00f5i alumiiniumist valmistatud poomi silinder talub k\u00f5rget r\u00f5hku ja suuri koormusi, mist\u00f5ttu sobib see karmideks t\u00f6\u00f6tingimusteks. See on konstrueeritud kulumiskindlust ja korrosioonikindlust silmas pidades, pikendades selle eluiga.<\/li>\n<li><strong>T\u00f5hus h\u00fcdrauliline t\u00f6\u00f6:<\/strong> H\u00fcdraulilise \u00f5li r\u00f5hu abil tagab silinder sujuva ja tundliku pikenemise ja tagasit\u00f5mbumise, pakkudes v\u00f5imsaid t\u00f5uke- ja t\u00f5mbej\u00f5ude, mis sobivad ideaalselt raskete esemete ja keerukate \u00fclesannete k\u00e4sitsemiseks.<\/li>\n<li><strong>Erinevad t\u00fc\u00fcbid:<\/strong> Saadaval \u00fchetoimelise (\u00fches suunas t\u00f6\u00f6tav) v\u00f5i kahetoimelise (kahes suunas t\u00f6\u00f6tav) konfiguratsioonina on poomi silinder, mida saab kohandada vastavalt konkreetsetele t\u00f6\u00f6vajadustele. Teatud mudelid on teleskoopilised, v\u00f5imaldades suuremat pikendust ilma v\u00e4lism\u00f5\u00f5tmeid suurendamata, mis sobib ideaalselt ruumikitsastes rakendustes.<\/li>\n<li><strong>\u00dchilduvus:<\/strong> Meie poomid on konstrueeritud nii, et need asendaksid ideaalselt olemasolevaid h\u00fcdrosilindreid, tagades sujuva integratsiooni mis tahes h\u00fcdros\u00fcsteemiga.<\/li>\n<li><strong>T\u00e4ppistehnika:<\/strong> Iga silinder on valmistatud t\u00e4iustatud tootmistehnikate abil, mis tagavad k\u00f5rge j\u00f5udluse ja t\u00f6\u00f6kindluse ka k\u00f5ige n\u00f5udlikumates tingimustes.<\/li>\n<\/ul>\n<p><img decoding=\"async\" src=\"https:\/\/www.hydraulic-cylinders.net\/wp-content\/uploads\/2025\/04\/songte-cylinder-head-with-all-kinds-excavator-models.webp\" alt=\"\u00dchilduvad mudelid\" \/><\/p>\n<h2>Poomi silindri rakendused<\/h2>\n<h3>Ehitustehnika<\/h3>\n<p>In excavators, boom cylinders are essential for digging, loading, and moving dirt or debris. Their design allows for significant lifting power, enabling operators to efficiently manage heavy loads and perform tasks with precision. In backhoe loaders, bucket cylinders assist in both digging and lifting operations, enhancing the machine&#8217;s versatility and productivity.<\/p>\n<h3>P\u00f5llumajandustehnika<\/h3>\n<p>Esilaadurites m\u00e4ngivad noolesilindrid olulist rolli mulla, heina ja muude materjalide kopaldamisel, t\u00f5stmisel ja transportimisel. Kopa kallutamise ja t\u00f5stmise v\u00f5imalus v\u00f5imaldab h\u00f5lpsat laadimist ja mahalaadimist, muutes need \u00fclesanded t\u00f5husamaks ja operaatorite jaoks f\u00fc\u00fcsiliselt v\u00e4hem n\u00f5udlikuks.<\/p>\n<h3>Ekskavaatorid<\/h3>\n<p>Ekskavaatorite puhul v\u00f5imaldab noole silinder kopal pinnasesse tungida, h\u00f5lbustades t\u00f5husat kaevamist. H\u00fcdrauliline juhtimine tagab kopa t\u00e4pse positsioneerimise, andes operaatorile v\u00f5imaluse t\u00e4ita keerulisi \u00fclesandeid erinevates pinnasetingimustes.<\/p>\n<h3>Laadurid<\/h3>\n<p>Esilaaduritel aitavad noolesilindrid oluliselt kaasa koormate t\u00f5husale t\u00f5stmisele ja t\u00fchjendamisele. Need pakuvad vajalikku tugevust ja stabiilsust raskete materjalide teisaldamiseks, tagades t\u00f6\u00f6de kiire ja ohutu l\u00f5puleviimise.<\/p>\n<h2>Projekteerimiskaalutlused ja valikukriteeriumid<\/h2>\n<h3>Kandev\u00f5ime<\/h3>\n<p>When selecting a boom cylinder, the load capacity is a key factor that must be considered. The cylinder must be able to handle the maximum weight of the loads it will encounter without compromising safety or performance. This requires a thorough understanding of the machine&#8217;s requirements and the operational environment.<\/p>\n<h3>Tihendi terviklikkus<\/h3>\n<p>Tihendus on h\u00fcdrauliliste silindrite t\u00f5husa t\u00f6\u00f6 jaoks \u00fclioluline. Kvaliteetsed tihendid hoiavad \u00e4ra h\u00fcdraulilise vedeliku lekked, mis v\u00f5ivad v\u00e4hendada j\u00f5udlust ja potentsiaalselt kahjustada h\u00fcdraulikas\u00fcsteemi. Tihendusmaterjalide, n\u00e4iteks pol\u00fcuretaani ja nitriilkummi valik m\u00f5jutab silindri pikaealisust ja t\u00f6\u00f6kindlust.<\/p>\n<h3>Vastupidavus<\/h3>\n<p>Vastupidavus on karmides tingimustes t\u00f6\u00f6tavate noolesilindrite puhul oluline. Kasutatavad materjalid peavad olema kulumis- ja korrosioonikindlad, et tagada pikk eluiga. Oluline on valida silindrid, mis on ehitatud taluma \u00e4\u00e4rmuslikke tingimusi, sealhulgas temperatuurimuutusi ja kokkupuudet saasteainetega.<\/p>\n<h3>Turvaelemendid<\/h3>\n<p>H\u00fcdraulilistes s\u00fcsteemides on ohutus \u00fclimalt oluline. Poomi silindrid peaksid olema konstrueeritud ohutusfunktsioonidega, mis kaitsevad nii masinaid kui ka operaatorit. See h\u00f5lmab r\u00f5huvabastusventiile ja vastupidavat konstruktsiooni, mis talub t\u00f6\u00f6tamise ajal ootamatuid pingeid.<\/p>\n<h3>Hooldus ja remonditavus<\/h3>\n<p>Ease of maintenance is another critical design consideration. Boom cylinders should allow for straightforward inspection, lubrication, and seal replacement. A design that facilitates quick repairs enhances the machine&#8217;s overall uptime and efficiency, making it easier for operators to maintain their equipment.<\/p>\n<p><img decoding=\"async\" src=\"https:\/\/www.hydraulic-cylinders.net\/wp-content\/uploads\/2025\/04\/songte-oil-pipes-and-spare-parts.webp\" alt=\"H\u00fcdraulilised osad\" \/><\/p>\n<h2>Tihendus ja m\u00e4\u00e4rimine<\/h2>\n<p>T\u00f5hus tihendamine ja m\u00e4\u00e4rimine on h\u00fcdraulilise silindri sujuva ja t\u00f5husa t\u00f6\u00f6 tagamiseks \u00fcliolulised. Vedeliku lekete v\u00e4ltimiseks ja r\u00f5hu s\u00e4ilitamiseks on olulised mitmesugused tihendid, n\u00e4iteks kolvi- ja varrastihendid. Eelistatakse vastupidavatest materjalidest, n\u00e4iteks pol\u00fcuretaanist ja nitriilkummist, valmistatud tihendeid, kuna need on vastupidavad kulumisele ja keskkonnateguritele. Lisaks tuleb silindri korpust ja keermestatud otsapindu peenelt t\u00f6\u00f6delda, et suurendada nende kulumiskindlust.<\/p>\n<p>Regulaarne m\u00e4\u00e4rimine on samuti \u00fclioluline; operaatorid peaksid tagama piisava koguse h\u00fcdraulika\u00f5li sissepritsimise, et tagada sujuv liikumine ja v\u00e4hendada h\u00f5\u00f5rdumist. N\u00f5uetekohane m\u00e4\u00e4rimine mitte ainult ei pikenda tihendite eluiga, vaid parandab ka h\u00fcdraulikas\u00fcsteemi \u00fcldist efektiivsust.<\/p>\n<h2>Ennetavad hooldusmeetmed<\/h2>\n<ul>\n<li><strong>Regulaarsed kontrollid:<\/strong> On \u00fclioluline teha noole silindri regulaarseid kontrolle kulumise, lekete v\u00f5i kahjustuste m\u00e4rke tuvastamiseks. Regulaarsed kontrollid aitavad probleeme varakult tuvastada, ennetades hilisemaid t\u00f5sisemaid probleeme.<\/li>\n<li><strong>M\u00e4\u00e4rimisgraafik:<\/strong> M\u00e4\u00e4rimisgraafiku koostamine tagab h\u00fcdrosilindri n\u00f5uetekohase m\u00e4\u00e4rimise, v\u00e4hendades kulumist. Operaatoreid tuleks koolitada regulaarselt \u00f5iget t\u00fc\u00fcpi ja koguses h\u00fcdro\u00f5li lisama.<\/li>\n<li><strong>Tihendi vahetamine:<\/strong> Tihendeid tuleks regulaarselt kontrollida ja vajadusel vahetada, et v\u00e4ltida lekkeid ja s\u00e4ilitada h\u00fcdrauliline r\u00f5hk. Operaatorid peaksid olema teadlikud m\u00e4rkidest, mis viitavad tihendite kulumisele, n\u00e4iteks vedeliku lekkimine v\u00f5i v\u00e4henenud j\u00f5udlus.<\/li>\n<\/ul>\n<h2>Paigaldusjuhised<\/h2>\n<p>Proper installation of the boom cylinder is crucial for optimal performance. Before installation, ensure that all components are clean and free from debris. The cylinder should be aligned correctly with the machine&#8217;s mounting points to avoid undue stress on the cylinder and associated parts.<\/p>\n<p>Silindri kindlale kinnitamisele on soovitatav kasutada sobivaid kinnitusklambreid. See hoiab \u00e4ra liikumise t\u00f6\u00f6tamise ajal, mis v\u00f5ib p\u00f5hjustada kahjustusi v\u00f5i rikkeid. P\u00e4rast paigaldamist kontrollige enne t\u00f6\u00f6 alustamist k\u00f5iki \u00fchendusi tiheduse ja lekete suhtes. Nende juhiste j\u00e4rgimine tagab teie h\u00fcdros\u00fcsteemi pikaealisuse ja t\u00f6\u00f6kindluse.<\/p>\n<h2>Hooldus\u00fclesanded<\/h2>\n<ul>\n<li><strong>Regulaarsed kontrollid:<\/strong> Kontrollige regulaarselt lekkeid, kulumist ja \u00fcldist seisukorda. Probleemide varajane tuvastamine aitab v\u00e4ltida kulukaid remondit\u00f6id ja seisakuid.<\/li>\n<li><strong>\u00d5ige m\u00e4\u00e4rimine:<\/strong> Ensure that the hydraulic cylinder is lubricated as per the manufacturer&#8217;s recommendations. Adequate lubrication prevents excessive wear and maintains performance.<\/li>\n<li><strong>Tihendi vahetamine ja kalibreerimise kontrollimine:<\/strong> H\u00fcdraulilise terviklikkuse s\u00e4ilitamiseks kontrollige ja vahetage tihendeid regulaarselt. Kalibreerimiskontrollid tagavad, et silinder t\u00f6\u00f6tab kavandatud parameetrite piires, suurendades ohutust ja t\u00f5husust.<\/li>\n<\/ul>\n<h2>Ohutuskaalutlused ja keskkonnategurid<\/h2>\n<p>H\u00fcdrauliliste silindrite kasutamisel on ohutusmeetmed \u00f5nnetuste ja vigastuste v\u00e4ltimiseks \u00fcliolulised. Operaatorid peaksid olema koolitatud masinate \u00f5ige kasutamise ja ohutusprotokollide j\u00e4rgimise olulisuse osas. Regulaarsed ohutusauditid aitavad tuvastada v\u00f5imalikke ohte, mis v\u00f5imaldab v\u00f5tta parandusmeetmeid.<\/p>\n<p>Keskkonnategurid m\u00e4ngivad samuti olulist rolli h\u00fcdrauliliste silindrite pikaealisuses ja j\u00f5udluses. \u00c4\u00e4rmuslike temperatuuride, niiskuse ja saasteainetega kokkupuude v\u00f5ib m\u00f5jutada tihendite terviklikkust ja silindri \u00fcldist funktsionaalsust. H\u00fcdraulikas\u00fcsteemide kaitsmiseks karmide keskkonnatingimuste eest on oluline rakendada meetmeid.<\/p>\n<h2>Rikete diagnoosimine ja levinud probleemid<\/h2>\n<ul>\n<li><strong>Leke:<\/strong> Kui silindrist lekib vedelikku, v\u00f5ib see viidata kulunud tihenditele. Kontrollige n\u00e4htavaid kahjustusi ja vajadusel vahetage tihendid v\u00e4lja.<\/li>\n<li><strong>V\u00e4hendatud j\u00f5udlus:<\/strong> Kui silinder ei ulatu v\u00e4lja ega t\u00f5mbu sisse sujuvalt, v\u00f5ib see olla tingitud ebapiisavast m\u00e4\u00e4rimisest v\u00f5i sisemistest kahjustustest. Kontrollige ja m\u00e4\u00e4rige vastavalt vajadusele.<\/li>\n<li><strong>Eba\u00fchtlane liikumine:<\/strong> Kui kopp v\u00f5i lisaseade liigub eba\u00fchtlaselt, v\u00f5ib see viidata joondamisprobleemidele v\u00f5i h\u00fcdraulilise r\u00f5hu tasakaalustamatusele. Veenduge, et silinder on \u00f5igesti joondatud ja kontrollige h\u00fcdraulikas\u00fcsteemi r\u00f5hu \u00fchtlust.<\/li>\n<\/ul>\n<p>Edukaks t\u00f5rkeotsinguks peaksid operaatorid pidama arvestust k\u00f5igi tekkinud probleemide \u00fcle, m\u00e4rkides \u00fcles konkreetsed s\u00fcmptomid ja tingimused. See teave v\u00f5ib olla hindamatu v\u00e4\u00e4rtusega rikete diagnoosimisel ja ennetavate meetmete rakendamisel v\u00f5imalike probleemide leevendamiseks.<\/p>\n<p><img decoding=\"async\" src=\"https:\/\/www.hydraulic-cylinders.net\/wp-content\/uploads\/2025\/04\/songte-bushings-with-all-kinds-of-excavator-models.webp\" alt=\"Puksid\" \/><\/p>\n<h2>Meie ettev\u00f5ttest<\/h2>\n<p>Oleme juhtiv asendush\u00fcdrauliliste silindrite tootja, pakkudes laia tootevalikut nii sise- kui ka rahvusvahelisele turule. Meie p\u00fchendumus tipptasemele ilmneb meie t\u00e4ppistootmist\u00f6\u00f6kodades, kus rakendame hoolikat tootmisjuhtimise strateegiat.<\/p>\n<p>Me t\u00e4iustame pidevalt oma tootmisv\u00f5imalusi, investeerides oskuslikesse tehnilistesse t\u00f6\u00f6tajatesse, t\u00e4iustatud digitaalsetesse tootmisseadmetesse ja professionaalsetesse testimiss\u00fcsteemidesse. See p\u00fchendumus v\u00f5imaldab meil pakkuda suure t\u00f5hususega, suure t\u00e4psusega ja kvaliteetseid tooteid, mis on kohandatud vastama klientide mitmekesistele vajadustele.<\/p>\n<p><img decoding=\"async\" src=\"https:\/\/www.hydraulic-cylinders.net\/wp-content\/uploads\/2025\/04\/songte-company-4.webp\" alt=\"Ettev\u00f5tte \u00fclevaade\" \/><br \/>\n<img decoding=\"async\" src=\"https:\/\/www.hydraulic-cylinders.net\/wp-content\/uploads\/2025\/04\/songte-company-3.webp\" alt=\"T\u00e4iustatud seadmed\" \/><\/p>\n<h2>Kokkuv\u00f5te<\/h2>\n<p>Kokkuv\u00f5ttes on Yigong CY8150 poomi silinder rasketehnika oluline komponent, mis h\u00f5lbustab t\u00f5husat t\u00f6\u00f6d erinevates rakendustes. Meie ettev\u00f5te on uhke kvaliteetsete h\u00fcdrosilindrite pakkumise \u00fcle, mida toetavad professionaalsed teenused ja lahendused, et rahuldada meie klientide muutuvaid n\u00f5udmisi.<\/p>\n<p>Autor: lyl<\/p>","protected":false},"excerpt":{"rendered":"<p>Boom Cylinder For Yigong CY8150 Introduction to Boom Cylinder The Boom Cylinder is a crucial component in hydraulic systems, specifically designed to control the movement of buckets in various heavy machinery, such as excavators, backhoe loaders, and front loaders. This hydraulic cylinder allows the bucket to lift, lower, and tilt, facilitating efficient material handling tasks. [&hellip;]<\/p>","protected":false},"featured_media":17875,"comment_status":"open","ping_status":"closed","template":"","meta":{"_et_pb_use_builder":"","_et_pb_old_content":"","_et_gb_content_width":""},"product_brand":[],"product_cat":[1546],"product_tag":[1547,1496],"class_list":{"0":"post-19717","1":"product","2":"type-product","3":"status-publish","4":"has-post-thumbnail","6":"product_cat-boom-cylinders","7":"product_tag-boom-cylinders","8":"product_tag-hydraulic-cylinders","10":"first","11":"instock","12":"shipping-taxable","13":"product-type-simple"},"amp_enabled":true,"_links":{"self":[{"href":"https:\/\/www.hydraulic-cylinders.net\/et\/wp-json\/wp\/v2\/product\/19717","targetHints":{"allow":["GET"]}}],"collection":[{"href":"https:\/\/www.hydraulic-cylinders.net\/et\/wp-json\/wp\/v2\/product"}],"about":[{"href":"https:\/\/www.hydraulic-cylinders.net\/et\/wp-json\/wp\/v2\/types\/product"}],"replies":[{"embeddable":true,"href":"https:\/\/www.hydraulic-cylinders.net\/et\/wp-json\/wp\/v2\/comments?post=19717"}],"wp:featuredmedia":[{"embeddable":true,"href":"https:\/\/www.hydraulic-cylinders.net\/et\/wp-json\/wp\/v2\/media\/17875"}],"wp:attachment":[{"href":"https:\/\/www.hydraulic-cylinders.net\/et\/wp-json\/wp\/v2\/media?parent=19717"}],"wp:term":[{"taxonomy":"product_brand","embeddable":true,"href":"https:\/\/www.hydraulic-cylinders.net\/et\/wp-json\/wp\/v2\/product_brand?post=19717"},{"taxonomy":"product_cat","embeddable":true,"href":"https:\/\/www.hydraulic-cylinders.net\/et\/wp-json\/wp\/v2\/product_cat?post=19717"},{"taxonomy":"product_tag","embeddable":true,"href":"https:\/\/www.hydraulic-cylinders.net\/et\/wp-json\/wp\/v2\/product_tag?post=19717"}],"curies":[{"name":"wp","href":"https:\/\/api.w.org\/{rel}","templated":true}]}}