{"id":19721,"date":"2025-04-07T07:03:45","date_gmt":"2025-04-07T07:03:45","guid":{"rendered":"https:\/\/www.hydraulic-cylinders.net\/product\/boom-cylinder-for-yigong-cy230lc-8\/"},"modified":"2025-04-07T07:03:54","modified_gmt":"2025-04-07T07:03:54","slug":"boom-cylinder-for-yigong-cy230lc-8","status":"publish","type":"product","link":"https:\/\/www.hydraulic-cylinders.net\/et\/toode\/boom-cylinder-for-yigong-cy230lc-8\/","title":{"rendered":"Yigong CY230LC-8 poomi silinder"},"content":{"rendered":"<h1>Yigong CY230LC-8 poomi silinder<\/h1>\n<h2>Toote \u00fclevaade<\/h2>\n<p>Yigong CY230LC-8 noole silinder on oluline komponent, mis on loodud rasketehnika koppade liikumise juhtimiseks. See h\u00fcdrauliline silinder on spetsiaalselt kohandatud kasutamiseks ekskavaatorites, laadur-ekskavaatorites ja esilaadurites, v\u00f5imaldades kopa t\u00f5husalt t\u00f5sta, langetada ja kallutada. See funktsioon on oluline t\u00f5husate materjalik\u00e4itlust\u00f6\u00f6de jaoks erinevates t\u00f6\u00f6stusrakendustes.<\/p>\n<p><img decoding=\"async\" src=\"https:\/\/www.hydraulic-cylinders.net\/wp-content\/uploads\/2025\/04\/songte-company-1.webp\" alt=\"Poomi silinder\"><\/p>\n<h3>Definitsioon ja funktsionaalsus<\/h3>\n<p>Kopa silinder, tuntud ka kui noole silinder, toimib h\u00fcdraulilise ajamina, mis vastutab masina kopa v\u00f5i lisaseadme t\u00e4pse liikumise eest. H\u00fcdraulilise vedeliku r\u00f5hu rakendamise abil v\u00f5imaldab see silinder v\u00f5imsat ja kontrollitud liikumist, mis on oluline selliste \u00fclesannete jaoks nagu kaevamine, t\u00f5stmine ja materjalide transportimine. Nende silindrite disain tagab, et need taluvad k\u00f5rget r\u00f5hku ja raskeid koormusi, muutes need ehitus- ja p\u00f5llumajandusmasinates asendamatuks.<\/p>\n<h2>Poomi silindri omadused<\/h2>\n<ul>\n<li><strong>Suur tugevus ja vastupidavus:<\/strong> Need silindrid on valmistatud \u00fclitugevast terasest v\u00f5i alumiiniumist ning on konstrueeritud taluma k\u00f5rget r\u00f5hku ja suuri koormusi, olles samal ajal vastupidavad ka karmidele t\u00f6\u00f6tingimustele.<\/li>\n<li><strong>T\u00f5hus h\u00fcdrauliline t\u00f6\u00f6:<\/strong> Need kasutavad sujuvaks tagasit\u00f5mbamiseks ja pikendamiseks h\u00fcdraulilist \u00f5lir\u00f5hku, reageerides kiiresti operaatori k\u00e4sklustele ning pakkudes m\u00e4rkimisv\u00e4\u00e4rset t\u00f5uke- ja t\u00f5mbej\u00f5udu.<\/li>\n<li><strong>Erinevad t\u00fc\u00fcbid:<\/strong> Saadaval \u00fchetoimeliste (\u00fches suunas t\u00f6\u00f6tavate) v\u00f5i kahetoimeliste (m\u00f5lemas suunas t\u00f6\u00f6tavate) silindritena, m\u00f5ned mudelid on teleskoopilised, et saavutada suurem ulatus ilma v\u00e4lism\u00f5\u00f5tmeid suurendamata.<\/li>\n<\/ul>\n<h3>Tootmisv\u00f5imalused<\/h3>\n<p>Meil on v\u00f5imekus seda toodet toota, tagades ideaalse asendamise erinevatele h\u00fcdrosilindritele. Meie tooted vastavad k\u00f5rgetele kvaliteedi- ja t\u00f6\u00f6kindluse standarditele.<\/p>\n<p><img decoding=\"async\" src=\"https:\/\/www.hydraulic-cylinders.net\/wp-content\/uploads\/2025\/04\/songte-cylinder-head-with-all-kinds-excavator-models.webp\" alt=\"H\u00fcdrauliliste silindrite tootmine\"><\/p>\n<h2>Poomi silindri rakendused<\/h2>\n<h3>Ehitustehnika<\/h3>\n<p>Ekskavaatorites m\u00e4ngib noole silinder olulist rolli pinnase v\u00f5i prahi kaevamisel, laadimisel ja transportimisel. See v\u00f5imaldab operaatoritel mitmesuguseid \u00fclesandeid t\u00f5husalt t\u00e4ita, muutes selle ehitusplatsidel asendamatuks.<\/p>\n<h3>P\u00f5llumajandustehnika<\/h3>\n<p>Esilaadurite puhul h\u00f5lbustab noole silinder mulla, heina ja muude materjalide koputamist, t\u00f5stmist ja transportimist, suurendades p\u00f5llumajandust\u00f6\u00f6de tootlikkust.<\/p>\n<h3>Ekskavaatorid<\/h3>\n<p>Ekskavaatorites aitab kopa silinder pinnasesse tungida, v\u00f5imaldades t\u00f5husaid kaevamistoiminguid, mis on mitmesuguste mullat\u00f6\u00f6de puhul \u00fcliolulised.<\/p>\n<h3>Laadurid<\/h3>\n<p>Esilaadurites aitavad noolesilindrid koormaid t\u00f5husalt t\u00f5sta ja t\u00fchjendada, tagades materjali k\u00e4itlemise protsesside optimeerimise kiiruse ja efektiivsuse saavutamiseks.<\/p>\n<h2>Projekteerimiskaalutlused ja valikukriteeriumid<\/h2>\n<h3>Kandev\u00f5ime<\/h3>\n<p>Poomi silindri projekteerimisel on kandev\u00f5ime esmat\u00e4htis. Silinder peab suutma taluda t\u00f6\u00f6 ajal tekkivat maksimaalset koormust, s\u00e4ilitades samal ajal konstruktsiooni terviklikkuse. See n\u00f5uab hoolikat materjalivalikut ja projekteerimist, et tagada silindri vastupidavus nii staatilistele kui ka d\u00fcnaamilistele koormustele ilma purunemata. Soovitud kandev\u00f5ime saavutamiseks ja silindri kerge kaalu s\u00e4ilitamiseks on oluline kasutada \u00fclitugevaid materjale.<\/p>\n<h3>Tihendusmehhanismid<\/h3>\n<p>T\u00f5hus tihendus on kriitilise t\u00e4htsusega, et tagada h\u00fcdraulikavedeliku lekete puudumine ja silindri sujuv t\u00f6\u00f6. Kvaliteetsed tihendid, mis on valmistatud sellistest materjalidest nagu pol\u00fcuretaan ja nitriilkummi, on r\u00f5hu s\u00e4ilitamiseks ja saastumise v\u00e4ltimiseks h\u00e4davajalikud. \u00d5ige tihendite valik aitab kaasa h\u00fcdraulikas\u00fcsteemi \u00fcldisele t\u00f5hususele ja t\u00f6\u00f6kindlusele, v\u00e4hendades hooldusvajadust ja pikendades silindri eluiga.<\/p>\n<h3>Vastupidavus<\/h3>\n<p>Karmides t\u00f6\u00f6tingimustes t\u00f6\u00f6tavate h\u00fcdrauliliste silindrite puhul on vastupidavus konstruktsioonis \u00fclioluline. Sellised omadused nagu kulumiskindlad katted ja korrosioonikaitse tagavad, et silindrid taluvad ebasoodsaid tingimusi, v\u00e4hendades seel\u00e4bi hoolduskulusid ja seisakuid. Lisaks peaks konstruktsioon v\u00f5imaldama h\u00f5lpsat juurdep\u00e4\u00e4su kontrollimiseks ja remondiks, et pikendada silindrite eluiga.<\/p>\n<h3>Turvaelemendid<\/h3>\n<p>Ohutus on noolesilindrite projekteerimisel v\u00f5tmet\u00e4htsusega. Selliste omaduste nagu r\u00f5huvabastusventiilide ja \u00fclekoormuskaitsemehhanismide lisamine aitab v\u00e4ltida \u00f5nnetusi ja seadmete kahjustusi. Ohutusstandardite j\u00e4rgimise tagamine mitte ainult ei kaitse operaatoreid, vaid pikendab ka masina t\u00f6\u00f6iga.<\/p>\n<h3>Hoolduse ligip\u00e4\u00e4setavus<\/h3>\n<p>Poomi silindri konstruktsioonil peaks olema esikohale seatud ka hoolduse ligip\u00e4\u00e4setavus. Komponendid tuleks paigutada nii, et neid oleks lihtne kontrollida ja hooldada. See h\u00f5lmab tihendite ja voolikute vahetamise v\u00f5imalust ilma kogu s\u00fcsteemi lahti v\u00f5tmata, mis lihtsustab rutiinset hooldust ja v\u00e4hendab seisakuid.<\/p>\n<p><img decoding=\"async\" src=\"https:\/\/www.hydraulic-cylinders.net\/wp-content\/uploads\/2025\/04\/songte-oil-pipes-and-spare-parts.webp\" alt=\"H\u00fcdrauliliste silindrite osad\"><\/p>\n<h2>Tihendus ja m\u00e4\u00e4rimine<\/h2>\n<p>Tihendamine ja m\u00e4\u00e4rimine on h\u00fcdraulilise silindri t\u00f6\u00f6 kriitilised aspektid. Erinevad tihenduskomponendid, n\u00e4iteks kolvitihendid ja vardatihendid, m\u00e4ngivad olulist rolli h\u00fcdraulilise r\u00f5hu s\u00e4ilitamisel ja vedeliku lekete v\u00e4ltimisel. Vastupidavatest materjalidest, nagu pol\u00fcuretaan ja nitriilkummi, valmistatud tihendeid kasutatakse tavaliselt nende kulumiskindluse ja keskkonnategurite vastupidavuse t\u00f5ttu.<\/p>\n<p>Silindri korpus ja keermestatud otsad l\u00e4bivad kulumiskindluse suurendamiseks hoolika viimistlusprotsessi. Regulaarne m\u00e4\u00e4rimine h\u00fcdraulika\u00f5liga on h\u00e4davajalik, et tagada sujuv t\u00f6\u00f6 ja v\u00e4ltida liikuvate osade liigset kulumist. Silindri eluea pikendamiseks on oluline s\u00e4ilitada optimaalne \u00f5litase ja tagada, et \u00f5li oleks saasteainetevaba.<\/p>\n<h2>Ennetavad hooldusmeetmed<\/h2>\n<ul>\n<li><strong>Regulaarsed kontrollid:<\/strong> Regulaarsete kontrollide tegemine aitab tuvastada v\u00f5imalikke probleeme enne, kui need t\u00f5siseks muutuvad. Rutiinsete kontrollide k\u00e4igus otsige kulumise, lekete v\u00f5i kahjustuste m\u00e4rke.<\/li>\n<li><strong>Sobiv m\u00e4\u00e4rimine:<\/strong> Veenduge, et silinder on piisavalt m\u00e4\u00e4ritud soovitatud h\u00fcdraulika\u00f5liga, kontrollides \u00f5litaset sageli, et v\u00e4ltida kuivk\u00e4ivitust.<\/li>\n<li><strong>Tihendi vahetamine:<\/strong> Kontrollige regulaarselt tihendite seisukorda ja vahetage need vastavalt vajadusele, et s\u00e4ilitada h\u00fcdrauliline terviklikkus ja v\u00e4ltida lekkeid.<\/li>\n<\/ul>\n<h2>Paigaldusjuhised<\/h2>\n<p>Poomi silindri \u00f5ige paigaldamine on selle j\u00f5udluse ja pikaealisuse seisukohalt kriitilise t\u00e4htsusega. Alustage veendumaks, et kinnituspinnad on puhtad ja prahist vabad. Kasutage silindri kinnitamiseks sobivaid kinnitusklambreid, veendudes, et see on \u00f5igesti joondatud, et v\u00e4ltida komponentidele liigset pinget.<\/p>\n<p>Oluline on j\u00e4rgida tootja spetsifikatsioone p\u00f6\u00f6rdemomendi s\u00e4tete ja joondustolerantside kohta. P\u00e4rast paigaldamist kontrollige p\u00f5hjalikult h\u00fcdraulika\u00fchendusi, et veenduda lekete puudumises. L\u00f5puks testige s\u00fcsteemi kontrollitud tingimustes, et veenduda silindri sujuvas ja t\u00f5husas t\u00f6\u00f6s.<\/p>\n<h2>Levinumad hooldust\u00f6\u00f6d<\/h2>\n<h3>Regulaarsed kontrollid<\/h3>\n<p>Regulaarsete kontrollide tegemine on \u00fclioluline, et varakult tuvastada kulumine v\u00f5i kahjustused. See ennetav l\u00e4henemisviis aitab v\u00e4ltida suuremaid rikkeid ja s\u00e4ilitada seadmete t\u00f6\u00f6 efektiivsust.<\/p>\n<h3>Sobiv m\u00e4\u00e4rimine<\/h3>\n<p>H\u00fcdraulilise silindri korralik m\u00e4\u00e4rimine on sujuva t\u00f6\u00f6 tagamiseks \u00fclioluline. Kontrollige ja lisage regulaarselt h\u00fcdraulika\u00f5li taset, et tagada silindri efektiivne ja ebavajaliku h\u00f5\u00f5rdumiseta t\u00f6\u00f6tamine.<\/p>\n<h3>Tihendi vahetamine<\/h3>\n<p>Aja jooksul v\u00f5ivad tihendid kuluda ja vajada v\u00e4ljavahetamist. Tihendite seisukorra regulaarne kontrollimine ja vajadusel v\u00e4ljavahetamine tagab h\u00fcdros\u00fcsteemi lekkevaba p\u00fcsimise ja t\u00f6\u00f6r\u00f5hu s\u00e4ilitamise.<\/p>\n<p><img decoding=\"async\" src=\"https:\/\/www.hydraulic-cylinders.net\/wp-content\/uploads\/2025\/04\/songte-chushion-collar.webp\" alt=\"H\u00fcdraulilise silindri padja krae\"><\/p>\n<h2>Ohutuskaalutlused ja keskkonnategurid<\/h2>\n<p>H\u00fcdrauliliste silindritega tegelemisel on ohutusmeetmed \u00e4\u00e4rmiselt olulised. Operaatorid peaksid masinate k\u00e4itamisel v\u00f5i hooldamisel alati kandma sobivaid isikukaitsevahendeid (IKV) ja j\u00e4rgima ohutusprotokolle. Kogu personalile tuleks anda asjakohane koolitus, et tagada nende arusaam h\u00fcdrauliliste s\u00fcsteemide ohutu kasutamisest ja minimeerida \u00f5nnetuste ohtu.<\/p>\n<h2>Rikete diagnoosimine ja levinud probleemid<\/h2>\n<ul>\n<li><strong>Leke:<\/strong> H\u00fcdraulikavedeliku lekked v\u00f5ivad viidata tihendi rikkele v\u00f5i silindri kahjustusele. Kontrollige tihendeid ja \u00fchendusi regulaarselt, et lekkeid tuvastada ja parandada.<\/li>\n<li><strong>V\u00e4hendatud j\u00f5udlus:<\/strong> Kui silinder ei reageeri ootusp\u00e4raselt, kontrollige, kas h\u00fcdraulikavoolikutes on \u00f5hku, vedeliku taset on v\u00e4he v\u00f5i komponente on kahjustatud.<\/li>\n<li><strong>Ebatavalised helid:<\/strong> Ebatavalised helid t\u00f6\u00f6tamise ajal v\u00f5ivad viidata sisemisele kulumisele v\u00f5i kahjustusele. Uurige k\u00f5iki ebatavalisi helisid, et v\u00e4ltida edasisi kahjustusi.<\/li>\n<\/ul>\n<h2>Veaotsingu n\u00e4pun\u00e4ited<\/h2>\n<p>Poomi silindri probleemide t\u00f5husaks diagnoosimiseks ja lahendamiseks on oluline j\u00f5udlust t\u00e4helepanelikult j\u00e4lgida. Kui m\u00e4rkate leket v\u00f5i v\u00e4henenud j\u00f5udlust, tehke tihendite, voolikute ja liitmike p\u00f5hjalik kontroll. Regulaarsed hooldustavad v\u00f5ivad oluliselt minimeerida levinud probleemide esinemist, tagades usaldusv\u00e4\u00e4rse h\u00fcdros\u00fcsteemi.<\/p>\n<p><img decoding=\"async\" src=\"https:\/\/www.hydraulic-cylinders.net\/wp-content\/uploads\/2025\/04\/songte-bushings-with-all-kinds-of-excavator-models.webp\" alt=\"H\u00fcdraulilise silindri puks\"><\/p>\n<h2>Ettev\u00f5tte \u00fclevaade<\/h2>\n<p>Oleme tootja, mis on spetsialiseerunud asendush\u00fcdrauliliste silindrite tootmisele. Pakume laia tootevalikut, mis on meid positsioneerinud \u00fcheks juhtivaks tootjaks ja hulgim\u00fc\u00fcjaks nii sise- kui ka rahvusvahelistel turgudel. Meie p\u00fchendumust tipptasemele r\u00f5hutavad meie t\u00e4iustatud tootmisprotsessid ja t\u00f6\u00f6stusliku tootmise juhtimisstrateegiad.<\/p>\n<p>Kasutades oskuslikku tehnilist personali, t\u00e4iustatud digitaalseid tootmisseadmeid ja professionaalseid testimiss\u00fcsteeme, t\u00e4iustame pidevalt oma tootmisv\u00f5imalusi, tagades k\u00f5rge efektiivsuse, t\u00e4psuse ja kvaliteedi, et rahuldada klientide mitmekesiseid vajadusi.<\/p>\n<p><img decoding=\"async\" src=\"https:\/\/www.hydraulic-cylinders.net\/wp-content\/uploads\/2025\/04\/songte-company-4.webp\" alt=\"Ettev\u00f5tte tootmis\u00fcksus\"><br \/>\n<img decoding=\"async\" src=\"https:\/\/www.hydraulic-cylinders.net\/wp-content\/uploads\/2025\/04\/songte-company-3.webp\" alt=\"Ettev\u00f5tte tootmisliin\"><\/p>\n<p>Autor: lyl<\/p>","protected":false},"excerpt":{"rendered":"<p>Boom Cylinder For Yigong CY230LC-8 Product Overview The Boom Cylinder for the Yigong CY230LC-8 is a crucial component designed for controlling the movement of heavy machinery buckets. This hydraulic cylinder is specifically tailored to operate in excavators, backhoe loaders, and front-end loaders, enabling the bucket to lift, lower, and tilt efficiently. This functionality is essential [&hellip;]<\/p>","protected":false},"featured_media":17879,"comment_status":"open","ping_status":"closed","template":"","meta":{"_et_pb_use_builder":"","_et_pb_old_content":"","_et_gb_content_width":""},"product_brand":[],"product_cat":[1546],"product_tag":[1547,1496],"class_list":{"0":"post-19721","1":"product","2":"type-product","3":"status-publish","4":"has-post-thumbnail","6":"product_cat-boom-cylinders","7":"product_tag-boom-cylinders","8":"product_tag-hydraulic-cylinders","10":"first","11":"instock","12":"shipping-taxable","13":"product-type-simple"},"amp_enabled":true,"_links":{"self":[{"href":"https:\/\/www.hydraulic-cylinders.net\/et\/wp-json\/wp\/v2\/product\/19721","targetHints":{"allow":["GET"]}}],"collection":[{"href":"https:\/\/www.hydraulic-cylinders.net\/et\/wp-json\/wp\/v2\/product"}],"about":[{"href":"https:\/\/www.hydraulic-cylinders.net\/et\/wp-json\/wp\/v2\/types\/product"}],"replies":[{"embeddable":true,"href":"https:\/\/www.hydraulic-cylinders.net\/et\/wp-json\/wp\/v2\/comments?post=19721"}],"wp:featuredmedia":[{"embeddable":true,"href":"https:\/\/www.hydraulic-cylinders.net\/et\/wp-json\/wp\/v2\/media\/17879"}],"wp:attachment":[{"href":"https:\/\/www.hydraulic-cylinders.net\/et\/wp-json\/wp\/v2\/media?parent=19721"}],"wp:term":[{"taxonomy":"product_brand","embeddable":true,"href":"https:\/\/www.hydraulic-cylinders.net\/et\/wp-json\/wp\/v2\/product_brand?post=19721"},{"taxonomy":"product_cat","embeddable":true,"href":"https:\/\/www.hydraulic-cylinders.net\/et\/wp-json\/wp\/v2\/product_cat?post=19721"},{"taxonomy":"product_tag","embeddable":true,"href":"https:\/\/www.hydraulic-cylinders.net\/et\/wp-json\/wp\/v2\/product_tag?post=19721"}],"curies":[{"name":"wp","href":"https:\/\/api.w.org\/{rel}","templated":true}]}}