{"id":19723,"date":"2025-04-07T07:03:57","date_gmt":"2025-04-07T07:03:57","guid":{"rendered":"https:\/\/www.hydraulic-cylinders.net\/product\/boom-cylinder-for-xiniu-xn7180\/"},"modified":"2025-04-07T07:04:02","modified_gmt":"2025-04-07T07:04:02","slug":"boom-cylinder-for-xiniu-xn7180","status":"publish","type":"product","link":"https:\/\/www.hydraulic-cylinders.net\/et\/toode\/boom-cylinder-for-xiniu-xn7180\/","title":{"rendered":"Poomi silinder Xiniu XN7180 jaoks"},"content":{"rendered":"<h1>Poomi silinder Xiniu XN7180 jaoks<\/h1>\n<h2>Sissejuhatus poomi silindritesse<\/h2>\n<p>Spetsiaalselt Xiniu XN7180 jaoks loodud noole silinder on oluline h\u00fcdrauliline komponent, millel on kriitiline roll raskete masinate liikumise juhtimisel. Neid silindreid kasutatakse peamiselt ekskavaatorites, laadur-ekskavaatorites ja esilaadurites, v\u00f5imaldades kopa t\u00f5husalt t\u00f5sta, langetada ja kallutada. Kopa silinder on teatud t\u00fc\u00fcpi h\u00fcdrauliline silinder, mis muundab h\u00fcdraulilise r\u00f5hu mehaaniliseks j\u00f5uks, h\u00f5lbustades mitmesuguseid materjalik\u00e4itlust\u00f6id ehituses ja p\u00f5llumajanduses.<\/p>\n<p><img decoding=\"async\" src=\"https:\/\/www.hydraulic-cylinders.net\/wp-content\/uploads\/2025\/04\/songte-company-1.webp\" alt=\"Poomi silindri pilt\"><\/p>\n<h3>Funktsioon ja rakendused<\/h3>\n<p>H\u00fcdraulilistes s\u00fcsteemides on noole silindri funktsioon kesksel kohal. See annab vajaliku j\u00f5u kopa t\u00e4psete liigutuste teostamiseks, v\u00f5imaldades operaatoritel t\u00f5husalt t\u00e4ita selliseid \u00fclesandeid nagu kaevamine, t\u00f5stmine ja materjalide transportimine. See silindri mehaanika kontroll on \u00fclioluline tootlikkuse suurendamiseks ja t\u00f6\u00f6ohutuse tagamiseks.<\/p>\n<h2>Poomi silindri omadused<\/h2>\n<ul>\n<li><strong>Suur tugevus ja vastupidavus:<\/strong> Need \u00fclitugevast terasest v\u00f5i alumiiniumist valmistatud silindrid on loodud taluma k\u00f5rget r\u00f5hku ja suuri koormusi, mist\u00f5ttu sobivad need karmidesse t\u00f6\u00f6keskkondadesse.<\/li>\n<li><strong>T\u00f5hus h\u00fcdrauliline t\u00f6\u00f6:<\/strong> Poomi silinder kasutab sujuvaks pikendamiseks ja tagasit\u00f5mbamiseks h\u00fcdraulika\u00f5li r\u00f5hku, mis tagab kiire reageerimise t\u00f6\u00f6k\u00e4skudele ning m\u00e4rkimisv\u00e4\u00e4rse t\u00f5uke- ja t\u00f5mbej\u00f5u.<\/li>\n<li><strong>T\u00fc\u00fcpide mitmekesisus:<\/strong> Saadaval \u00fche- v\u00f5i kahetoimeliste mudelitena, mis vastavad erinevatele t\u00f6\u00f6vajadustele. M\u00f5ned mudelid on teleskoopilised, v\u00f5imaldades suuremat pikendust ilma v\u00e4lism\u00f5\u00f5tmeid suurendamata, mis sobib ideaalselt kitsastesse ruumidesse.<\/li>\n<li><strong>Korrosioonikindlus:<\/strong> Need silindrid on konstrueeritud korrosioonikindlaks ja valmistatud materjalidest, mis pikendavad nende eluiga keerulistes tingimustes.<\/li>\n<li><strong>Lihtne hooldus:<\/strong> Lihtsaks hoolduseks loodud silindrid lihtsustavad remonti ja hooldust, tagades masinate minimaalse seisakuaja.<\/li>\n<\/ul>\n<h2>Tootmisv\u00f5imalused<\/h2>\n<p>Meil on v\u00f5imekus toota kvaliteetseid poomi silindreid, mis asendavad ideaalselt olemasolevaid h\u00fcdraulilisi silindreid. Meie tootmisprotsess on sujuvamaks muudetud, et tagada iga toodetud seadme t\u00e4psus ja t\u00f6\u00f6kindlus.<\/p>\n<p><img decoding=\"async\" src=\"https:\/\/www.hydraulic-cylinders.net\/wp-content\/uploads\/2025\/04\/songte-cylinder-head-with-all-kinds-excavator-models.webp\" alt=\"Silindrite tootmise pilt\"><\/p>\n<h2>Rakendusstsenaariumid<\/h2>\n<h3>Ehitustehnika<\/h3>\n<p>Ehitusmasinates on noolesilindrid ekskavaatorite lahutamatu osa, h\u00f5lbustades kaevamist, laadimist ja pinnase v\u00f5i prahi teisaldamist. Nende vastupidav konstruktsioon v\u00f5imaldab v\u00f5imsat t\u00f5stmist ja t\u00e4pset man\u00f6\u00f6verdamist, mis on oluline ehitusprojektide puhul, mis n\u00f5uavad raskete esemete t\u00f5stmist ja materjalide teisaldamist.<\/p>\n<h3>P\u00f5llumajandustehnika<\/h3>\n<p>Esilaadurite puhul aitavad noolesilindrid mulda, heina ja muid materjale kaevata, t\u00f5sta ja transportida. Need pakuvad vajalikku j\u00f5udu suurte koormate t\u00f5husaks k\u00e4sitsemiseks, parandades p\u00f5llumajandust\u00f6\u00f6de \u00fcldist tootlikkust.<\/p>\n<h3>Ekskavaatorid<\/h3>\n<p>Ekskavaatorites v\u00f5imaldavad noolesilindrid kopal t\u00f5husalt pinnasesse tungida, teostades olulisi kaevamistoiminguid. Nende j\u00f5udlus on eluliselt t\u00e4htis kaevet\u00f6\u00f6de puhul erinevatel maastikel, tagades, et operaatorid saavad soovitud tulemused minimaalse pingutusega.<\/p>\n<h3>Laadurid<\/h3>\n<p>Frontaallaadurites aitavad need silindrid koormaid t\u00f5husalt t\u00f5sta ja t\u00fchjendada. Nende usaldusv\u00e4\u00e4rne t\u00f6\u00f6 tagab, et laadurid saavad t\u00e4ita selliseid \u00fclesandeid nagu materjalide k\u00e4itlemine ja transportimine ilma j\u00f5udlust ohverdamata.<\/p>\n<h2>Projekteerimiskaalutlused ja valikukriteeriumid<\/h2>\n<h3>Kandev\u00f5ime<\/h3>\n<p>Noolesilindri kandev\u00f5ime on oluline projekteerimiskaalutlus. See tuleb kohandada vastavalt teenindatava masina konkreetsetele n\u00f5udmistele. Tootjad peavad hindama kavandatud koormust ja tagama, et silinder talub selliseid j\u00f5ude ilma rikkeohuta t\u00f6\u00f6tamise ajal. Kandev\u00f5ime \u00fclehindamine v\u00f5ib kaasa tuua tarbetuid kulusid, alahindamine aga katastroofilisi rikkeid. Seet\u00f5ttu on t\u00e4psed arvutused ja t\u00f6\u00f6n\u00f5uete tundmine sobiva noolesilindri valimisel \u00fcliolulised.<\/p>\n<h3>Tihendusmehhanismid<\/h3>\n<p>T\u00f5husad tihendusmehhanismid on h\u00fcdrauliliste silindrite pikaealisuse ja efektiivsuse tagamiseks h\u00e4davajalikud. Tihendite valik m\u00f5jutab oluliselt silindri v\u00f5imet h\u00fcdraulilist vedelikku s\u00e4ilitada ja lekkeid v\u00e4ltida. Kvaliteetsed tihendusmaterjalid, nagu pol\u00fcuretaan ja nitriilkummi, on eelistatud nende kulumiskindluse ja keskkonnategurite vastupidavuse t\u00f5ttu. N\u00f5uetekohane t\u00e4helepanu tihendite konstruktsioonile v\u00e4hendab hooldusvajadust ja suurendab s\u00fcsteemi \u00fcldist t\u00f6\u00f6kindlust.<\/p>\n<h3>Vastupidavus ja hooldus<\/h3>\n<p>Vastupidavus on disaini kriitiline aspekt, mis tagab silindri vastupidavuse raskele kasutamisele. See h\u00f5lmab kulumis-, korrosiooni- ja v\u00e4simuskindlate materjalide kasutamist. Lisaks v\u00f5ib hooldust silmas pidades projekteerimine \u2013 n\u00e4iteks tihendite h\u00f5lbus juurdep\u00e4\u00e4s kontrollimiseks ja vahetamiseks \u2013 oluliselt v\u00e4hendada seisakuid ja tegevuskulusid. Regulaarsed hoolduskontrollid on potentsiaalsete probleemide varajaseks tuvastamiseks h\u00e4davajalikud, seega on vastupidavuse ja hoolduse lihtsuse lisamine disaini juba praegu parim tava.<\/p>\n<p><img decoding=\"async\" src=\"https:\/\/www.hydraulic-cylinders.net\/wp-content\/uploads\/2025\/04\/songte-oil-pipes-and-spare-parts.webp\" alt=\"H\u00fcdrauliliste komponentide pilt\"><\/p>\n<h2>Tihendus ja m\u00e4\u00e4rimine<\/h2>\n<p>Poomi silindrite t\u00f5husaks t\u00f6\u00f6ks on \u00fclioluline korralik tihendamine ja m\u00e4\u00e4rimine. Vedeliku kadumise eest kaitsmiseks kasutatakse mitmesuguseid tihenduskomponente, n\u00e4iteks kolvitihendeid ja vardatihendeid. Vastupidavatest materjalidest, nagu pol\u00fcuretaan ja nitriilkummi, valmistatud tihendid pakuvad suurep\u00e4rast kulumiskindlust, pikendades seel\u00e4bi silindri eluiga. Lisaks l\u00e4bivad silindri korpus ja keermestatud otsad peene t\u00f6\u00f6tluse, et suurendada kulumiskindlust. Regulaarne m\u00e4\u00e4rimine h\u00fcdraulika\u00f5liga on oluline, kuna see v\u00e4hendab h\u00f5\u00f5rdumist ja soodustab sujuvat t\u00f6\u00f6d, tagades h\u00fcdraulikas\u00fcsteemi optimaalse toimimise.<\/p>\n<h2>Regulaarne kontroll ja ennetav hooldus<\/h2>\n<ul>\n<li><strong>Rutiinsed kontrollid:<\/strong> Regulaarsed kontrollid on \u00fcliolulised, et tuvastada kulumine enne selle s\u00fcvenemist. Otsige t\u00f6\u00f6 ajal lekete, korrosiooni v\u00f5i ebatavaliste helide m\u00e4rke.<\/li>\n<li><strong>\u00d5ige m\u00e4\u00e4rimine:<\/strong> Veenduge, et h\u00fcdraulika\u00f5li tase on piisav ja et m\u00e4\u00e4rimine toimub vastavalt tootja soovitustele. Piisav m\u00e4\u00e4rimine v\u00e4hendab sisemiste komponentide h\u00f5\u00f5rdumist ja kulumist.<\/li>\n<li><strong>Tihendi vahetamine:<\/strong> Kontrollige regulaarselt tihendite seisukorda ja vajadusel vahetage need v\u00e4lja. Kahjustatud tihendid v\u00f5ivad p\u00f5hjustada vedeliku lekkeid ja v\u00e4hendada efektiivsust.<\/li>\n<\/ul>\n<h2>Paigaldusjuhised<\/h2>\n<p>Poomi silindri \u00f5igeks paigaldamiseks toimige j\u00e4rgmiselt.<\/p>\n<ol>\n<li>\u00d5nnetuste v\u00e4ltimiseks veenduge enne paigaldusprotsessi alustamist, et h\u00fcdros\u00fcsteem on r\u00f5huvaba.<\/li>\n<li>Joondage silinder ettevaatlikult masina kinnituspunktidega, veendudes, et see on tasane ja \u00f5igesti paigutatud.<\/li>\n<li>Kasutage silindri kinnitamiseks sobivaid kinnitusklambreid, veendudes, et see on kindlalt kinnitatud, et v\u00e4ltida liikumist t\u00f6\u00f6tamise ajal.<\/li>\n<li>\u00dchendage h\u00fcdraulikavoolikud, veendudes, et need on prahist vabad ja lekete v\u00e4ltimiseks kindlalt kinnitatud.<\/li>\n<li>P\u00e4rast paigaldamist survestage s\u00fcsteem aeglaselt ja kontrollige lekkeid, veendudes enne t\u00e4ielikku kasutamist, et k\u00f5ik t\u00f6\u00f6tab sujuvalt.<\/li>\n<\/ol>\n<h2>Hooldus\u00fclesanded<\/h2>\n<ul>\n<li><strong>Regulaarsed kontrollid:<\/strong> Tehke regulaarseid kontrolle v\u00f5imalike probleemide tuvastamiseks. Kontrollige lekkeid, kulumist ja n\u00f5uetekohast toimimist, et probleeme varakult avastada.<\/li>\n<li><strong>\u00d5ige m\u00e4\u00e4rimine:<\/strong> Hoidke h\u00fcdraulika\u00f5li taset piisavana ja m\u00e4\u00e4rige vastavalt soovitustele, et tagada sujuv t\u00f6\u00f6 ja v\u00e4hendada kulumist.<\/li>\n<li><strong>Tihendi vahetamine ja kalibreerimise kontrollimine:<\/strong> Vahetage regulaarselt tihendeid ja tehke kalibreerimiskontrolle, et tagada silindri t\u00f6\u00f6tamine etten\u00e4htud parameetrite piires.<\/li>\n<\/ul>\n<h2>Ohutuskaalutlused ja keskkonnategurid<\/h2>\n<p>H\u00fcdrauliliste s\u00fcsteemide k\u00e4itamisel on ohutusmeetmed \u00fcliolulised. Operaatorid peaksid olema koolitatud masinate ohutuks kasutamiseks ja m\u00f5istma ohutusprotokollide j\u00e4rgimise olulisust. N\u00f5uetekohane hooldus ja \u00f5igeaegne kontroll aitavad \u00e4ra hoida seadmete riketest tingitud \u00f5nnetusi. Lisaks tuleks kaaluda keskkonnas\u00f5bralikke tavasid, n\u00e4iteks biolagunevate h\u00fcdrauliliste vedelike kasutamist ja tagada, et k\u00f5ik lekked k\u00f5rvaldatakse viivitamatult, et minimeerida keskkonnam\u00f5ju.<\/p>\n<h2>Veaotsing ja levinud probleemid<\/h2>\n<ul>\n<li><strong>H\u00fcdraulilise vedeliku lekked:<\/strong> Lekked v\u00f5ivad sageli viidata kulunud tihenditele v\u00f5i kahjustatud liitmikele. Kontrollige tihendeid ja vajadusel vahetage need v\u00e4lja.<\/li>\n<li><strong>N\u00f5rk v\u00f5i mittereageeriv silinder:<\/strong> See v\u00f5ib olla tingitud madalast h\u00fcdraulikavedeliku tasemest v\u00f5i s\u00fcsteemis olevast \u00f5hust. Kontrollige vedeliku taset ja \u00f5hutage s\u00fcsteemist \u00f5hk.<\/li>\n<li><strong>Ebaj\u00e4rjekindel liikumine:<\/strong> Ebakorrap\u00e4rane silindri liikumine v\u00f5ib viidata h\u00fcdraulikapumba probleemidele v\u00f5i h\u00fcdraulikavoolikute ummistustele. Kontrollige pumpa ja voolikuid ummistuste suhtes.<\/li>\n<\/ul>\n<h2>Veaotsingu n\u00e4pun\u00e4ited<\/h2>\n<p>Probleemi t\u00f5husaks diagnoosimiseks ja lahendamiseks j\u00e4rgige neid n\u00e4pun\u00e4iteid:<\/p>\n<ul>\n<li>Pidage alati hooldust\u00f6\u00f6de ja k\u00f5igi tekkinud probleemide logi. See aitab tuvastada mustreid ja v\u00e4ltida tulevasi probleeme.<\/li>\n<li>Rakendage operaatoritele regulaarset koolitust, et nad m\u00f5istaksid, kuidas potentsiaalseid probleeme varakult tuvastada ja v\u00e4ltida kulukaid remondit\u00f6id.<\/li>\n<li>Oma mudeli jaoks sobivate t\u00f5rkeotsingu juhiste saamiseks vaadake tootja kasutusjuhendit, tagades, et j\u00e4rgite remondi parimaid tavasid.<\/li>\n<\/ul>\n<p><img decoding=\"async\" src=\"https:\/\/www.hydraulic-cylinders.net\/wp-content\/uploads\/2025\/04\/songte-bushings-with-all-kinds-of-excavator-models.webp\" alt=\"Pukside pilt\"><\/p>\n<h2>Meie ettev\u00f5ttest<\/h2>\n<p>Oleme juhtiv asendush\u00fcdrauliliste silindrite tootja, keda tuntakse laia tootevaliku ja kvaliteedile p\u00fchendumise poolest. Meie ettev\u00f5te on ennast t\u00f5estanud kui \u00fcks juhtivaid h\u00fcdrauliliste silindrite tootjaid ja hulgim\u00fc\u00fcjaid nii sise- kui ka rahvusvahelistel turgudel. Keskendume tipptasemel kvaliteedile, kasutades t\u00e4iustatud tootmist\u00f6\u00f6koda koos t\u00f6\u00f6stusliku tootmise juhtimise strateegiaga. Oskuslike tehnikute, t\u00e4iustatud digitaalsete tootmisseadmete ja professionaalse testimiss\u00fcsteemi abil t\u00e4iustame pidevalt oma tootmisv\u00f5imalusi.<\/p>\n<p><img decoding=\"async\" src=\"https:\/\/www.hydraulic-cylinders.net\/wp-content\/uploads\/2025\/04\/songte-company-4.webp\" alt=\"Ettev\u00f5tte \u00fclevaate pilt\"><br \/>\n<img decoding=\"async\" src=\"https:\/\/www.hydraulic-cylinders.net\/wp-content\/uploads\/2025\/04\/songte-company-3.webp\" alt=\"Tootmis\u00fcksuse pilt\"><\/p>\n<p>Meie p\u00fchendumus professionaalsusele ilmneb rahvusvaheliste sertifikaatide ja klientide vajadustele vastavate kohandatud teenuste kaudu. Kasutame tipptasemel tootmisseadmeid k\u00f5rge efektiivsuse, t\u00e4psuse ja kvaliteedi tagamiseks, tagades klientide mitmekesiste n\u00f5udmiste rahuldamise ja pakkudes samal ajal erakordset m\u00fc\u00fcgij\u00e4rgset tuge.<\/p>\n<p>Autor: lyl<\/p>","protected":false},"excerpt":{"rendered":"<p>Boom Cylinder For Xiniu XN7180 Introduction to Boom Cylinders The Boom Cylinder, specifically designed for the Xiniu XN7180, is an essential hydraulic component that plays a critical role in controlling the movement of heavy machinery. These cylinders are primarily used in excavators, backhoe loaders, and front-end loaders, enabling the bucket to lift, lower, and tilt [&hellip;]<\/p>","protected":false},"featured_media":17881,"comment_status":"open","ping_status":"closed","template":"","meta":{"_et_pb_use_builder":"","_et_pb_old_content":"","_et_gb_content_width":""},"product_brand":[],"product_cat":[1546],"product_tag":[1547,1496],"class_list":{"0":"post-19723","1":"product","2":"type-product","3":"status-publish","4":"has-post-thumbnail","6":"product_cat-boom-cylinders","7":"product_tag-boom-cylinders","8":"product_tag-hydraulic-cylinders","10":"first","11":"instock","12":"shipping-taxable","13":"product-type-simple"},"amp_enabled":true,"_links":{"self":[{"href":"https:\/\/www.hydraulic-cylinders.net\/et\/wp-json\/wp\/v2\/product\/19723","targetHints":{"allow":["GET"]}}],"collection":[{"href":"https:\/\/www.hydraulic-cylinders.net\/et\/wp-json\/wp\/v2\/product"}],"about":[{"href":"https:\/\/www.hydraulic-cylinders.net\/et\/wp-json\/wp\/v2\/types\/product"}],"replies":[{"embeddable":true,"href":"https:\/\/www.hydraulic-cylinders.net\/et\/wp-json\/wp\/v2\/comments?post=19723"}],"wp:featuredmedia":[{"embeddable":true,"href":"https:\/\/www.hydraulic-cylinders.net\/et\/wp-json\/wp\/v2\/media\/17881"}],"wp:attachment":[{"href":"https:\/\/www.hydraulic-cylinders.net\/et\/wp-json\/wp\/v2\/media?parent=19723"}],"wp:term":[{"taxonomy":"product_brand","embeddable":true,"href":"https:\/\/www.hydraulic-cylinders.net\/et\/wp-json\/wp\/v2\/product_brand?post=19723"},{"taxonomy":"product_cat","embeddable":true,"href":"https:\/\/www.hydraulic-cylinders.net\/et\/wp-json\/wp\/v2\/product_cat?post=19723"},{"taxonomy":"product_tag","embeddable":true,"href":"https:\/\/www.hydraulic-cylinders.net\/et\/wp-json\/wp\/v2\/product_tag?post=19723"}],"curies":[{"name":"wp","href":"https:\/\/api.w.org\/{rel}","templated":true}]}}