{"id":19727,"date":"2025-04-07T07:04:20","date_gmt":"2025-04-07T07:04:20","guid":{"rendered":"https:\/\/www.hydraulic-cylinders.net\/product\/boom-cylinder-for-xiniu-xn65-4l\/"},"modified":"2025-04-07T07:04:23","modified_gmt":"2025-04-07T07:04:23","slug":"boom-cylinder-for-xiniu-xn65-4l","status":"publish","type":"product","link":"https:\/\/www.hydraulic-cylinders.net\/et\/toode\/boom-cylinder-for-xiniu-xn65-4l\/","title":{"rendered":"Poomi silinder Xiniu XN65-4L jaoks"},"content":{"rendered":"<h1>Poomi silinder Xiniu XN65-4L jaoks<\/h1>\n<h2>Toote \u00fclevaade<\/h2>\n<p>Xiniu XN65-4L poomi silinder on h\u00fcdros\u00fcsteemide oluline komponent, millel on rasketehnika t\u00f6\u00f6s oluline roll. See h\u00fcdrosilinder on spetsiaalselt loodud kopa liikumise juhtimiseks erinevates rasketehnika seadmetes, n\u00e4iteks ekskavaatorites, laadur-ekskavaatorites ja esilaadurites. See v\u00f5imaldab kopa t\u00f5sta, langetada ja kallutada, mis h\u00f5lbustab materjali k\u00e4itlemise \u00fclesandeid t\u00f5husalt.<\/p>\n<p>H\u00fcdraulilise silindri t\u00fc\u00fcbina kasutab kopa silinder h\u00fcdraulilist vedelikku, et luua raskete koormate k\u00e4sitsemiseks piisav j\u00f5ud. See mehhanism v\u00f5imaldab sujuvat t\u00f6\u00f6d, tagades t\u00e4psuse kaevamisel, t\u00f5stmisel ja materjalide teisaldamisel. Selle vastupidav disain ja t\u00f5hus funktsioon muudavad selle ehitus- ja p\u00f5llumajandusrakendustes asendamatuks.<\/p>\n<p><img decoding=\"async\" src=\"https:\/\/www.hydraulic-cylinders.net\/wp-content\/uploads\/2025\/04\/songte-company-1.webp\" alt=\"Xiniu XN65-4L poomi silinder\" \/><\/p>\n<h2>Peamised omadused<\/h2>\n<ul>\n<li>\n<h3>Suur tugevus ja vastupidavus<\/h3>\n<p>See \u00fclitugevast terasest v\u00f5i alumiiniumist valmistatud silinder talub k\u00f5rget r\u00f5hku ja suuri koormusi, kohandudes samal ajal karmide t\u00f6\u00f6keskkondadega. See on konstrueeritud kulumiskindlust ja korrosioonikindlust silmas pidades, tagades pikema eluea.<\/p>\n<\/li>\n<li>\n<h3>T\u00f5hus h\u00fcdrauliline t\u00f6\u00f6<\/h3>\n<p>Silinder kasutab sujuvaks pikendamiseks ja tagasit\u00f5mbamiseks h\u00fcdraulika\u00f5li r\u00f5hku, mis v\u00f5imaldab kiiret reageerimist juhtimisk\u00e4sklustele, pakkudes m\u00e4rkimisv\u00e4\u00e4rset t\u00f5mbe- ja t\u00f5ukej\u00f5udu, mis sobib ideaalselt raskete ja keerukate \u00fclesannete t\u00e4itmiseks.<\/p>\n<\/li>\n<li>\n<h3>Saadaval on mitmesuguseid t\u00fc\u00fcpe<\/h3>\n<p>S\u00f5ltuvalt t\u00f6\u00f6vajadustest saavad kliendid valida \u00fchetoimeliste (h\u00fcdraulilist j\u00f5udu \u00fches suunas kasutades) v\u00f5i kahetoimeliste (h\u00fcdraulilist j\u00f5udu m\u00f5lemas suunas kasutades) silindrite vahel. M\u00f5ned mudelid on teleskoopilised, v\u00f5imaldades suuremat pikendamist ilma v\u00e4lism\u00f5\u00f5tmeid suurendamata, sobides ruumipiirangutega rakenduste jaoks.<\/p>\n<\/li>\n<li>\n<h3>Kohandatav tootmine<\/h3>\n<p>Meil on v\u00f5imekus seda toodet toota, pakkudes ideaalseid asendusi olemasolevatele h\u00fcdrosilindritele, tagades teie masinate \u00fchilduvuse ja t\u00f6\u00f6kindluse.<\/p>\n<\/li>\n<li>\n<h3>Erinevad rakendused<\/h3>\n<p>See toode sobib laias valikus rasketehnika rakendusteks, optimeerides j\u00f5udlust ja suurendades t\u00f6\u00f6 efektiivsust.<\/p>\n<\/li>\n<\/ul>\n<p><img decoding=\"async\" src=\"https:\/\/www.hydraulic-cylinders.net\/wp-content\/uploads\/2025\/04\/songte-cylinder-head-with-all-kinds-excavator-models.webp\" alt=\"Ekskavaatori mudelid\" \/><\/p>\n<h2>Rakendusstsenaariumid<\/h2>\n<ul>\n<li>\n<h3>Ehitustehnika<\/h3>\n<p>Ekskavaatorites m\u00e4ngib noole silinder olulist rolli kaevamisel, laadimisel ja pinnase v\u00f5i prahi teisaldamisel. See on oluline nii kaevamis- kui ka t\u00f5stet\u00f6\u00f6del ekskavaatorlaaduritel, v\u00f5imaldades mitmek\u00fclgset kasutamist ehitusprojektides.<\/p>\n<\/li>\n<li>\n<h3>P\u00f5llumajandustehnika<\/h3>\n<p>Esilaadurites on see silinder \u00fclioluline mulla, heina ja muude materjalide kopeerimiseks, t\u00f5stmiseks ja transportimiseks. Selle funktsionaalsus suurendab p\u00f5llumajandust\u00f6\u00f6de tootlikkust, v\u00f5imaldades t\u00f5husat materjalik\u00e4itlust.<\/p>\n<\/li>\n<li>\n<h3>Ekskavaatorid<\/h3>\n<p>Kopa silinder v\u00f5imaldab kopal t\u00f5husalt pinnasesse tungida, h\u00f5lbustades kaevamist\u00f6id. Selle j\u00f5udlus on optimaalse kaeves\u00fcgavuse ja efektiivsuse saavutamiseks kriitilise t\u00e4htsusega.<\/p>\n<\/li>\n<li>\n<h3>Laadurid<\/h3>\n<p>Esilaaduritel aitab noole silinder koormaid t\u00f5husalt t\u00f5sta ja t\u00fchjendada, aidates kaasa materjalik\u00e4itlust\u00f6\u00f6de efektiivsusele.<\/p>\n<\/li>\n<\/ul>\n<h2>Projekteerimiskaalutlused ja valikukriteeriumid<\/h2>\n<ul>\n<li>\n<h3>Kandev\u00f5ime<\/h3>\n<p>Noole silinder peab olema konstrueeritud nii, et see taluks t\u00f6\u00f6 ajal eeldatavat maksimaalset koormust. Sobiva kandev\u00f5imega silindri valimine tagab ohutuse ja efektiivsuse rasketes rakendustes.<\/p>\n<\/li>\n<li>\n<h3>Tihendust\u00f5husus<\/h3>\n<p>T\u00f5hus tihendus on h\u00fcdraulilise vedeliku lekete v\u00e4ltimiseks ja r\u00f5hu s\u00e4ilitamiseks \u00fclioluline. Tuleb valida sobivad tihendusmaterjalid, mis taluvad erinevaid t\u00f6\u00f6tingimusi ja tagavad usaldusv\u00e4\u00e4rse j\u00f5udluse.<\/p>\n<\/li>\n<li>\n<h3>Vastupidavus<\/h3>\n<p>Poomi silindri ehitamisel kasutatud materjalid peavad olema v\u00e4ga kulumis- ja korrosioonikindlad, et tagada pikaealisus, eriti keerulistes keskkondades.<\/p>\n<\/li>\n<li>\n<h3>Turvaelemendid<\/h3>\n<p>Ohutusfunktsioonide, n\u00e4iteks r\u00f5huvabastusventiilide, lisamine on oluline \u00fclekoormuse v\u00e4ltimiseks ja h\u00fcdraulikas\u00fcsteemi ohutu t\u00f6\u00f6 tagamiseks.<\/p>\n<\/li>\n<li>\n<h3>Hooldatavus<\/h3>\n<p>Silindri hoolduse h\u00f5lbustamiseks konstrueerimine, sealhulgas ligip\u00e4\u00e4setavad m\u00e4\u00e4rimispunktid ja vahetatavad tihendid, on seisakuaja minimeerimiseks ja toote eluea pikendamiseks kriitilise t\u00e4htsusega.<\/p>\n<\/li>\n<\/ul>\n<p><img decoding=\"async\" src=\"https:\/\/www.hydraulic-cylinders.net\/wp-content\/uploads\/2025\/04\/songte-oil-pipes-and-spare-parts.webp\" alt=\"H\u00fcdraulika\u00f5lid ja varuosad\" \/><\/p>\n<h2>Tihendus ja m\u00e4\u00e4rimine<\/h2>\n<p>Poomi silindri toimivuse tagamiseks on oluline korralik tihendus ja m\u00e4\u00e4rimine. H\u00fcdraulikavedeliku silindris p\u00fcsimise tagamiseks kasutatakse mitmesuguseid tihenduskomponente, n\u00e4iteks kolvitihendeid ja vardatihendeid. Kulumiskindluse t\u00f5ttu on eelistatud vastupidavatest materjalidest, n\u00e4iteks pol\u00fcuretaanist ja nitriilkummist, valmistatud tihendid.<\/p>\n<p>Silindri korpus ja keermestatud otsad on l\u00e4binud t\u00e4ppist\u00f6\u00f6tluse, et suurendada nende vastupidavust ja kulumiskindlust. Regulaarne m\u00e4\u00e4rimine on vajalik, mist\u00f5ttu tuleb perioodiliselt lisada piisav kogus h\u00fcdraulika\u00f5li, et tagada sujuv t\u00f6\u00f6 ja v\u00e4ltida kulumist.<\/p>\n<h2>Regulaarne kontroll ja ennetav hooldus<\/h2>\n<ul>\n<li>\n<h3>Regulaarsed kontrollid<\/h3>\n<p>On \u00fclioluline regulaarselt kontrollida noole silindrit, et tuvastada kulumise, lekete v\u00f5i kahjustuste m\u00e4rke. Probleemide varajane avastamine aitab \u00e4ra hoida t\u00f5sisemaid probleeme ja kulukaid remonte.<\/p>\n<\/li>\n<li>\n<h3>Sobiv m\u00e4\u00e4rimine<\/h3>\n<p>Veenduge, et h\u00fcdraulika\u00f5li oleks \u00f5igesti t\u00e4idetud ja \u00f5igel tasemel. Regulaarne m\u00e4\u00e4rimine aitab minimeerida h\u00f5\u00f5rdumist, v\u00e4hendada kulumist ja pikendada silindri eluiga.<\/p>\n<\/li>\n<li>\n<h3>Tihendi vahetamine ja kalibreerimise kontrollimine<\/h3>\n<p>Tihendite regulaarne vahetamine on vajalik efektiivsuse s\u00e4ilitamiseks ja lekete v\u00e4ltimiseks. Kalibreerimiskontrollid tagavad, et silindrid t\u00f6\u00f6tavad etten\u00e4htud parameetrite piires, aidates kaasa ohutule ja t\u00f5husale t\u00f6\u00f6le.<\/p>\n<\/li>\n<\/ul>\n<h2>Paigaldusjuhised<\/h2>\n<p>Poomi silindri paigaldamisel on oluline tagada \u00f5ige joondus. Vale joondus v\u00f5ib p\u00f5hjustada enneaegset kulumist ja rikkeid. \u00d5ige paigaldamise tagamiseks j\u00e4rgige neid samme:<\/p>\n<ul>\n<li>Silindri kinnitamiseks kasutage sobivaid kinnitusklambreid.<\/li>\n<li>Joondage silinder p\u00f6\u00f6rdepunktidega ja veenduge, et see t\u00f6\u00f6taks sujuvalt ja takistusteta.<\/li>\n<li>Enne masina kasutamist kontrollige k\u00f5iki h\u00fcdraulika\u00fchendusi lekete ja \u00f5ige paigalduse suhtes.<\/li>\n<li>Kahjustuste v\u00e4ltimiseks j\u00e4rgige poltide ja liitmike tootja soovitusi pingutusmomentide osas.<\/li>\n<\/ul>\n<p>N\u00f5uetekohane paigaldamine on optimaalse j\u00f5udluse ja ohutuse tagamiseks t\u00f6\u00f6tamise ajal \u00fclioluline. Vaadake paigaldustavad regulaarselt \u00fcle, et need vastaksid parimate tavade v\u00f5i masina spetsifikatsioonide uuendustele.<\/p>\n<p><img decoding=\"async\" src=\"https:\/\/www.hydraulic-cylinders.net\/wp-content\/uploads\/2025\/04\/songte-chushion-collar.webp\" alt=\"Padjakaelus\" \/><\/p>\n<h2>Ohutuskaalutlused ja keskkonnategurid<\/h2>\n<p>Poomi silindri kasutamisel on oluline rakendada ohutusmeetmeid operaatorite ja \u00fcmbritseva personali kaitsmiseks. H\u00fcdrauliliste s\u00fcsteemide k\u00e4sitsemise korralik v\u00e4lja\u00f5pe on h\u00e4davajalik. Lisaks veenduge, et masinad oleksid varustatud ohutusfunktsioonidega, n\u00e4iteks avariipeatusnuppude ja piisavate siltidega, mis hoiatavad v\u00f5imalike ohtude eest.<\/p>\n<p>Samuti tuleks arvestada keskkonnateguritega, n\u00e4iteks h\u00fcdraulikavedeliku v\u00f5imalike leketega. Regulaarne hooldus ja \u00fclevaatused aitavad \u00e4ra hoida lekkeid ning biolagunevate h\u00fcdraulikavedelike kasutamine aitab minimeerida keskkonnam\u00f5ju.<\/p>\n<h2>Rikete diagnoosimine ja levinud probleemid<\/h2>\n<ul>\n<li>\n<h3>Leke<\/h3>\n<p>Lekkeid v\u00f5ib p\u00f5hjustada kulunud tihendid v\u00f5i kahjustatud voolikud. Kontrollige tihendeid regulaarselt ja vahetage need vastavalt vajadusele, et v\u00e4ltida m\u00e4rkimisv\u00e4\u00e4rset vedeliku kadu.<\/p>\n<\/li>\n<li>\n<h3>Ebaj\u00e4rjekindel j\u00f5udlus<\/h3>\n<p>Kui silinder ei ulatu v\u00e4lja ega t\u00f5mbu sisse sujuvalt, kontrollige h\u00fcdraulikavoolikute ummistusi v\u00f5i madalat vedelikutaset. Optimaalse j\u00f5udluse taastamiseks lahendage need probleemid.<\/p>\n<\/li>\n<li>\n<h3>\u00dclekuumenemine<\/h3>\n<p>Liigne kuumus v\u00f5ib viidata \u00fclekoormusele v\u00f5i ebapiisavale m\u00e4\u00e4rimisele. J\u00e4lgige t\u00f6\u00f6temperatuure ja veenduge, et h\u00fcdraulika\u00f5li ringleb ja jahutatakse piisavalt.<\/p>\n<\/li>\n<\/ul>\n<h2>Veaotsingu n\u00e4pun\u00e4ited<\/h2>\n<p>Poomi silindri probleemide t\u00f5husaks diagnoosimiseks ja lahendamiseks j\u00e4rgige neid t\u00f5rkeotsingu n\u00e4pun\u00e4iteid:<\/p>\n<ul>\n<li>Kontrollige regulaarselt h\u00fcdraulikavoolikuid ja \u00fchendusi kulumise v\u00f5i kahjustuste suhtes.<\/li>\n<li>T\u00f5husa t\u00f6\u00f6 tagamiseks hoidke vedeliku taset ja kvaliteeti \u00f5igel tasemel.<\/li>\n<li>\u00dchilduvusprobleemide v\u00e4ltimiseks kasutage tootja poolt soovitatud \u00f5igeid tihendeid ja komponente.<\/li>\n<\/ul>\n<p>Ennetusmeetmete rakendamine, n\u00e4iteks rutiinne hooldus ja operaatorite koolitamine, v\u00f5ib oluliselt v\u00e4hendada v\u00f5imalike probleemide tekkimise t\u00f5en\u00e4osust t\u00f6\u00f6 ajal.<\/p>\n<p><img decoding=\"async\" src=\"https:\/\/www.hydraulic-cylinders.net\/wp-content\/uploads\/2025\/04\/songte-bushings-with-all-kinds-of-excavator-models.webp\" alt=\"Ekskavaatorimudelite puksid\" \/><\/p>\n<h2>Meie ettev\u00f5ttest<\/h2>\n<p>Oleme juhtiv h\u00fcdrosilindrite tootja ja hulgim\u00fc\u00fcja, mis on spetsialiseerunud kvaliteetsete varuosade pakkumisele. Meie lai tootevalik on positsioneerinud meid nii sise- kui ka rahvusvahelistel turgudel \u00fcheks juhtivaks tootjaks. J\u00e4rgime tipptaseme p\u00f5him\u00f5tteid ja kasutame t\u00e4iustatud tootmisstrateegiaid oma tootmisjuhtimise t\u00e4iustamiseks.<\/p>\n<p>Meie meeskond koosneb tehnilistest annetest ning kasutab oma tootmisplatvormi pidevaks t\u00e4iustatud digitaalseid tootmisseadmeid ja professionaalseid testimiss\u00fcsteeme. Keskendume suure efektiivsuse, t\u00e4psuse ja kvaliteedi pakkumisele, tagades kohandatud teenuste kaudu klientide mitmekesiste vajaduste rahuldamise.<\/p>\n<p><img decoding=\"async\" src=\"https:\/\/www.hydraulic-cylinders.net\/wp-content\/uploads\/2025\/04\/songte-company-4.webp\" alt=\"Ettev\u00f5tte \u00fclevaade\" \/><br \/>\n<img decoding=\"async\" src=\"https:\/\/www.hydraulic-cylinders.net\/wp-content\/uploads\/2025\/04\/songte-company-3.webp\" alt=\"Tootmisprotsess\" \/><\/p>\n<p>Autor: lyl<\/p>","protected":false},"excerpt":{"rendered":"<p>Boom Cylinder For Xiniu XN65-4L Product Overview The Boom Cylinder for Xiniu XN65-4L is an essential component in hydraulic systems, serving a crucial role in the operation of heavy machinery. This hydraulic cylinder is specifically designed to control the movement of the bucket in various heavy equipment such as excavators, backhoe loaders, and front loaders. [&hellip;]<\/p>","protected":false},"featured_media":17870,"comment_status":"open","ping_status":"closed","template":"","meta":{"_et_pb_use_builder":"","_et_pb_old_content":"","_et_gb_content_width":""},"product_brand":[],"product_cat":[1546],"product_tag":[1547,1496],"class_list":{"0":"post-19727","1":"product","2":"type-product","3":"status-publish","4":"has-post-thumbnail","6":"product_cat-boom-cylinders","7":"product_tag-boom-cylinders","8":"product_tag-hydraulic-cylinders","10":"first","11":"instock","12":"shipping-taxable","13":"product-type-simple"},"amp_enabled":true,"_links":{"self":[{"href":"https:\/\/www.hydraulic-cylinders.net\/et\/wp-json\/wp\/v2\/product\/19727","targetHints":{"allow":["GET"]}}],"collection":[{"href":"https:\/\/www.hydraulic-cylinders.net\/et\/wp-json\/wp\/v2\/product"}],"about":[{"href":"https:\/\/www.hydraulic-cylinders.net\/et\/wp-json\/wp\/v2\/types\/product"}],"replies":[{"embeddable":true,"href":"https:\/\/www.hydraulic-cylinders.net\/et\/wp-json\/wp\/v2\/comments?post=19727"}],"wp:featuredmedia":[{"embeddable":true,"href":"https:\/\/www.hydraulic-cylinders.net\/et\/wp-json\/wp\/v2\/media\/17870"}],"wp:attachment":[{"href":"https:\/\/www.hydraulic-cylinders.net\/et\/wp-json\/wp\/v2\/media?parent=19727"}],"wp:term":[{"taxonomy":"product_brand","embeddable":true,"href":"https:\/\/www.hydraulic-cylinders.net\/et\/wp-json\/wp\/v2\/product_brand?post=19727"},{"taxonomy":"product_cat","embeddable":true,"href":"https:\/\/www.hydraulic-cylinders.net\/et\/wp-json\/wp\/v2\/product_cat?post=19727"},{"taxonomy":"product_tag","embeddable":true,"href":"https:\/\/www.hydraulic-cylinders.net\/et\/wp-json\/wp\/v2\/product_tag?post=19727"}],"curies":[{"name":"wp","href":"https:\/\/api.w.org\/{rel}","templated":true}]}}