{"id":19728,"date":"2025-04-07T07:04:23","date_gmt":"2025-04-07T07:04:23","guid":{"rendered":"https:\/\/www.hydraulic-cylinders.net\/product\/boom-cylinder-for-xiniu-xn120-l\/"},"modified":"2025-04-07T07:04:25","modified_gmt":"2025-04-07T07:04:25","slug":"boom-cylinder-for-xiniu-xn120-l","status":"publish","type":"product","link":"https:\/\/www.hydraulic-cylinders.net\/et\/toode\/boom-cylinder-for-xiniu-xn120-l\/","title":{"rendered":"Poomi silinder Xiniu XN120-L jaoks"},"content":{"rendered":"<h1>Poomi silinder Xiniu XN120-L jaoks<\/h1>\n<h2>Sissejuhatus poomi silindrisse<\/h2>\n<p>Xiniu XN120-L poomi silinder on h\u00fcdros\u00fcsteemide oluline komponent, mis on spetsiaalselt loodud rasketehnika koppade liikumise juhtimiseks. Need h\u00fcdrosilindrid h\u00f5lbustavad koppade t\u00f5stmist, langetamist ja kallutamist, muutes need materjalide k\u00e4itlemisega seotud \u00fclesannete puhul asendamatuks. Kopa silinder on teatud t\u00fc\u00fcpi h\u00fcdrosilinder, mis on kohandatud erinevatele rasketehnikale, n\u00e4iteks ekskavaatoritele, laadur-ekskavaatoritele ja esilaaduritele, v\u00f5imaldades materjalide t\u00f5husat kaevamist, laadimist ja transporti.<\/p>\n<p><img decoding=\"async\" src=\"https:\/\/www.hydraulic-cylinders.net\/wp-content\/uploads\/2025\/04\/songte-company-1.webp\" alt=\"Poomi silindri pilt\" \/><\/p>\n<h2>Poomi silindri omadused<\/h2>\n<ul>\n<li><strong>Suur tugevus ja vastupidavus:<\/strong> Valmistatud \u00fclitugevast terasest v\u00f5i alumiiniumist, see on loodud taluma k\u00f5rget r\u00f5hku ja suuri koormusi, sobides karmidesse t\u00f6\u00f6keskkondadesse.<\/li>\n<li><strong>T\u00f5hus h\u00fcdrauliline t\u00f6\u00f6:<\/strong> Kasutab sujuvaks pikendamiseks ja tagasit\u00f5mbamiseks h\u00fcdraulika\u00f5li r\u00f5hku, mis v\u00f5imaldab kiiret reageerimist juhtimisk\u00e4sklustele ja tugevat t\u00f5uke-\/t\u00f5mbev\u00f5imet.<\/li>\n<li><strong>Erinevad t\u00fc\u00fcbid:<\/strong> Saadaval \u00fchetoimelise (h\u00fcdrauliline kasutus \u00fches suunas) v\u00f5i kahetoimelise (h\u00fcdrauliline kasutus m\u00f5lemas suunas) konfiguratsioonina, mis vastab erinevatele t\u00f6\u00f6vajadustele.<\/li>\n<li><strong>Kompaktne disain:<\/strong> M\u00f5ned mudelid on teleskoopilised, mis v\u00f5imaldab suuremat pikendamist ilma v\u00e4lism\u00f5\u00f5tmeid suurendamata, mist\u00f5ttu sobivad need ideaalselt ruumikitsastesse rakendustesse.<\/li>\n<li><strong>Kohandatud asendusvalikud:<\/strong> Meie tooted sobivad ideaalselt mitmesuguste h\u00fcdrosilindrite asendamiseks, tagades \u00fchilduvuse ja t\u00f6\u00f6kindluse.<\/li>\n<\/ul>\n<p><img decoding=\"async\" src=\"https:\/\/www.hydraulic-cylinders.net\/wp-content\/uploads\/2025\/04\/songte-cylinder-head-with-all-kinds-excavator-models.webp\" alt=\"H\u00fcdraulilise silindri vahetamine\" \/><\/p>\n<h2>Poomi silindri rakendused<\/h2>\n<h3>Ehitustehnika<\/h3>\n<p>Ekskavaatorites on noole silinder \u00fclioluline kaevamiseks, laadimiseks ja mulla v\u00f5i prahi teisaldamiseks. See v\u00f5imaldab t\u00f5husat t\u00f6\u00f6d, v\u00f5imaldades s\u00fcgavat kaevamist ja materjali t\u00e4pset paigutamist. See funktsioon on \u00fclioluline ehitusprojektide puhul, kus on vaja kiirust ja t\u00e4psust.<\/p>\n<h3>P\u00f5llumajandustehnika<\/h3>\n<p>Esilaaduritel h\u00f5lbustab noole silinder mulla, heina ja muude materjalide koputamist, t\u00f5stmist ja transportimist. Selle funktsionaalsus on oluline k\u00fclvi, koristamise ja \u00fcldise p\u00f5llumajandushoolduse ajal, andes p\u00f5llumeestele v\u00f5imaluse raskeid koormaid t\u00f5husalt k\u00e4sitseda.<\/p>\n<h3>Ekskavaatorid<\/h3>\n<p>Kopa silinder aitab ekskavaatoritel kaevamist\u00f6\u00f6d teha, v\u00f5imaldades kopal kergesti pinnasesse tungida. See v\u00f5ime on oluline mitmesuguste ehitus- ja kaevet\u00f6\u00f6de puhul, tagades rasketehnika efektiivsuse mullat\u00f6\u00f6del.<\/p>\n<h3>Laadurid<\/h3>\n<p>Esilaaduritel aitavad noolesilindrid koormaid t\u00f5husalt t\u00f5sta ja t\u00fchjendada. Olenemata sellest, kas tegemist on materjalide teisaldamise v\u00f5i platsi koristamisega, parandab noolesilinder laaduri \u00fcldist j\u00f5udlust, muutes selle usaldusv\u00e4\u00e4rseks valikuks mitmesuguste rakenduste jaoks.<\/p>\n<h2>Projekteerimiskaalutlused ja valikukriteeriumid<\/h2>\n<h3>Kandev\u00f5ime<\/h3>\n<p>Poomi silindri valimisel on kandev\u00f5ime \u00fclioluline. See m\u00e4\u00e4rab, kui palju raskust silinder t\u00f6\u00f6tamise ajal talub. N\u00f5uetekohane hindamine tagab, et silinder suudab masina \u00fclesandeid toetada ilma rikke v\u00f5i kahjustuste riskita.<\/p>\n<h3>Tihendi terviklikkus<\/h3>\n<p>Tihenditel on h\u00fcdrosilindri j\u00f5udluses kriitiline roll. Kvaliteetsed tihendid hoiavad \u00e4ra vedeliku lekke, tagades optimaalse t\u00f6\u00f6. Sobivatest materjalidest tihendid peavad olema kulumiskindlad ja s\u00e4ilitama r\u00f5hku, kaitstes h\u00fcdros\u00fcsteemi efektiivsust.<\/p>\n<h3>Vastupidavus<\/h3>\n<p>Vastupidavus on karmides tingimustes t\u00f6\u00f6tavate h\u00fcdrosilindrite puhul \u00fclioluline. Materjalid peavad taluma korrosiooni ja kulumist, tagades silindri pikaealisuse. Materjali terviklikkuse regulaarne hindamine aitab s\u00e4ilitada funktsionaalsust ja v\u00e4ltida kulukaid asendusi.<\/p>\n<h3>Turvaelemendid<\/h3>\n<p>Ohutus on h\u00fcdrauliliste silindrite projekteerimisel oluline kaalutlus. \u00dclepingutuse v\u00e4ltimise, r\u00f5hu alandamise ja stabiilse t\u00f6\u00f6 tagamise omadused aitavad kaasa masina \u00fcldisele ohutusele. Nende ohutusmeetmete rakendamine kaitseb nii operaatoreid kui ka masinaid.<\/p>\n<h3>Hoolduse ligip\u00e4\u00e4setavus<\/h3>\n<p>Lihtsat hooldust v\u00f5imaldav konstruktsioon on \u00fclioluline. H\u00fcdraulilised silindrid peaksid v\u00f5imaldama osade lihtsat kontrollimist, m\u00e4\u00e4rimist ja vahetamist. Hoolduse h\u00f5lbustamine tagab silindri pikaealisuse ja t\u00f6\u00f6kindluse, v\u00e4hendades seisakuid.<\/p>\n<p><img decoding=\"async\" src=\"https:\/\/www.hydraulic-cylinders.net\/wp-content\/uploads\/2025\/04\/songte-oil-pipes-and-spare-parts.webp\" alt=\"H\u00fcdraulilise silindri hooldus\" \/><\/p>\n<h2>H\u00fcdraulilise silindri tihendamine ja m\u00e4\u00e4rimine<\/h2>\n<p>H\u00fcdrauliliste silindrite efektiivsus s\u00f5ltub suuresti korralikust tihendusest ja m\u00e4\u00e4rimisest. Erinevad tihenduskomponendid, n\u00e4iteks kolvitihendid ja varrastihendid, on kriitilise t\u00e4htsusega. Selliste materjalide nagu pol\u00fcuretaan ja nitriilkummi kasutamine suurendab kulumiskindlust ja vastupidavust. Silindri korpuste ja keermestatud otste t\u00e4pne t\u00f6\u00f6tlemine aitab kaasa paremale kulumiskindlusele ja tagab tiheda tihendi.<\/p>\n<p>Optimaalse j\u00f5udluse s\u00e4ilitamiseks on vajalik regulaarne h\u00fcdraulika\u00f5liga m\u00e4\u00e4rimine. Piisav \u00f5litase hoiab \u00e4ra h\u00f5\u00f5rdumise, v\u00e4hendades liikuvate osade kulumist. H\u00fcdraulilise r\u00f5hu s\u00e4ilitamiseks ja silindri sujuva t\u00f6\u00f6 tagamiseks on oluline j\u00e4lgida \u00f5litaset ja vajadusel \u00f5li lisada.<\/p>\n<h2>Regulaarsed kontrollid ja ennetavad hooldusmeetmed<\/h2>\n<ul>\n<li><strong>Rutiinsed kontrollid:<\/strong> Kontrollige silindrit regulaarselt kulumis-, lekete- v\u00f5i kahjustuste suhtes. Probleemide varajane avastamine aitab \u00e4ra hoida suuremaid probleeme ja kulukaid remondit\u00f6id.<\/li>\n<li><strong>\u00d5ige m\u00e4\u00e4rimine:<\/strong> Veenduge, et h\u00fcdraulika\u00f5li tase on \u00f5ige ja et k\u00f5iki liikuvaid osi m\u00e4\u00e4ritakse regulaarselt. See v\u00e4hendab h\u00f5\u00f5rdumist ja pikendab silindri eluiga.<\/li>\n<li><strong>Tihendi vahetamine:<\/strong> J\u00e4lgige tihendite seisukorda ja vajadusel vahetage need v\u00e4lja. Kulunud tihendid v\u00f5ivad p\u00f5hjustada vedeliku lekkeid, v\u00e4hendades silindri efektiivsust ja suurendades rikkeohtu.<\/li>\n<\/ul>\n<h2>Poomi silindri paigaldusjuhised<\/h2>\n<p>Xiniu XN120-L poomi silindri paigaldamisel j\u00e4rgige neid samme, et tagada \u00f5ige joondamine ja toimimine. Alustage veendumaks, et t\u00f6\u00f6ala on puhas ja takistustest vaba. Kasutage silindri kinnitamiseks sobivaid kinnitusklambreid, et v\u00e4ltida liigset pinget t\u00f6\u00f6tamise ajal. Silindri t\u00e4pset joondamist masina h\u00fcdros\u00fcsteemiga tuleb j\u00e4lgida, kasutades vajadusel t\u00f6\u00f6riistu \u00f5ige orientatsiooni saavutamiseks.<\/p>\n<p>Seej\u00e4rel \u00fchendage h\u00fcdraulikavoolikud, et tagada h\u00fcdraulikavedeliku n\u00f5uetekohane vool. Veenduge, et k\u00f5ik liitmikud on lekete v\u00e4ltimiseks tihedalt kinni. P\u00e4rast paigaldamist laske masinal t\u00f6\u00f6tada madalal v\u00f5imsusel, et testida sujuvat liikumist ja funktsionaalsust. J\u00e4lgige ebatavalisi helisid v\u00f5i k\u00e4itumist ning tehke optimaalse j\u00f5udluse saavutamiseks vajalikke kohandusi.<\/p>\n<h2>Levinumad hooldust\u00f6\u00f6d<\/h2>\n<h3>Regulaarsed kontrollid<\/h3>\n<p>H\u00fcdraulilise silindri regulaarne kontroll on \u00fclioluline. Kontrollige silindrit lekete v\u00f5i kulumise tunnuste suhtes, kontrollides tihendeid, voolikuid ja \u00fchendusi. Varajane avastamine aitab v\u00e4ltida olulisi rikkeid ja pikendada seadmete eluiga.<\/p>\n<h3>\u00d5ige m\u00e4\u00e4rimine<\/h3>\n<p>Veenduge, et silindrit m\u00e4\u00e4ritakse regulaarselt, et minimeerida h\u00f5\u00f5rdumist ja liikuvate osade kulumist. \u00d5ige t\u00fc\u00fcpi h\u00fcdraulika\u00f5li kasutamine on optimaalse j\u00f5udluse s\u00e4ilitamiseks h\u00e4davajalik. J\u00e4rgige tootja soovitusi m\u00e4\u00e4rimisgraafikute ja \u00f5lit\u00fc\u00fcpide kohta.<\/p>\n<h3>Tihendi vahetamine ja kalibreerimise kontrollimine<\/h3>\n<p>Kontrollige regulaarselt tihendite kulumist ja vajadusel vahetage need v\u00e4lja. H\u00fcdraulikas\u00fcsteemi kalibreerimine on j\u00e4rjepideva j\u00f5udluse s\u00e4ilitamiseks \u00fclioluline. \u00d5ige joondamine paigaldamise ajal on oluline t\u00f5husa t\u00f6\u00f6 tagamiseks ja tarbetu kulumise v\u00e4ltimiseks.<\/p>\n<p><img decoding=\"async\" src=\"https:\/\/www.hydraulic-cylinders.net\/wp-content\/uploads\/2025\/04\/songte-chushion-collar.webp\" alt=\"H\u00fcdraulilise silindri paigaldamine\" \/><\/p>\n<h2>Ohutuskaalutlused ja keskkonnategurid<\/h2>\n<p>H\u00fcdrauliliste silindrite kasutamisel on \u00fclioluline rakendada ohutusmeetmeid. Operaatorid peaksid olema koolitatud \u00e4ra tundma h\u00fcdrauliliste s\u00fcsteemidega seotud ohte, sealhulgas v\u00f5imalikke lekkeid ja r\u00f5hurikkeid. Riskide maandamiseks tuleks alati kanda sobivaid isikukaitsevahendeid. Keskkonnam\u00f5ju minimeerimiseks tuleb esikohale seada ka keskkonnakaalutlused, n\u00e4iteks lekke ohjeldamine ja h\u00fcdrauliliste vedelike n\u00f5uetekohane k\u00f5rvaldamine.<\/p>\n<h2>Levinud probleemide t\u00f5rkeotsing<\/h2>\n<ul>\n<li><strong>Vedeliku lekked:<\/strong> Kontrollige kahjustatud tihendeid v\u00f5i lahtisi liitmikke. Vahetage kulunud tihendid v\u00e4lja ja pingutage \u00fchendusi, et lekkeid parandada.<\/li>\n<li><strong>Aeglane liikumine:<\/strong> Kontrollige h\u00fcdraulikavedeliku taset ja veenduge, et h\u00fcdraulikavoolikutes poleks ummistusi. Vajadusel t\u00e4itke \u00f5li ja eemaldage k\u00f5ik ummistused.<\/li>\n<li><strong>Ebatavalised helid:<\/strong> M\u00fcra v\u00f5ib viidata madalale vedelikutasemele v\u00f5i sisemistele kahjustustele. Kontrollige silindrit ja h\u00fcdraulikat, et teha kindlaks p\u00f5hjus ja v\u00f5tta tarvitusele parandusmeetmed.<\/li>\n<\/ul>\n<h2>Vigade k\u00e4sitlemise n\u00e4pun\u00e4ited<\/h2>\n<p>Poomi silindri probleemide t\u00f5husaks diagnoosimiseks ja lahendamiseks pidage arvestust s\u00fcmptomite ja nende esinemise tingimuste \u00fcle. Regulaarsed hoolduskontrollid aitavad tuvastada potentsiaalseid probleeme enne, kui need s\u00fcvenevad. Ennetavate meetmete rakendamine, n\u00e4iteks rutiinsed kontrollid ja n\u00f5uetekohane m\u00e4\u00e4rimine, aitab probleemide tekkimise t\u00f5en\u00e4osust oluliselt v\u00e4hendada, tagades sujuva t\u00f6\u00f6.<\/p>\n<p><img decoding=\"async\" src=\"https:\/\/www.hydraulic-cylinders.net\/wp-content\/uploads\/2025\/04\/songte-bushings-with-all-kinds-of-excavator-models.webp\" alt=\"H\u00fcdraulilise silindri t\u00f5rkeotsing\" \/><\/p>\n<h2>Meie ettev\u00f5ttest<\/h2>\n<p>Oleme juhtiv h\u00fcdrosilindrite tootja ja hulgim\u00fc\u00fcja, mis on spetsialiseerunud kvaliteetsetele varuosadele. Meie tootevalik on lai, mis v\u00f5imaldab meil t\u00f5husalt teenindada nii sise- kui ka rahvusvahelisi turge. Meie prioriteediks on tippkvaliteet, kasutades t\u00e4iustatud tootmisjuhtimise strateegiat.<\/p>\n<p>Meie ettev\u00f5te t\u00e4iustab pidevalt oma tootmisplatvormi oskusliku personali, t\u00e4iustatud digitaalsete tootmisseadmete ja spetsiaalsete testimiss\u00fcsteemide abil. See p\u00fchendumus kvaliteedile tagab, et rahuldame klientide mitmekesiseid vajadusi t\u00f5husalt, t\u00e4pselt ja usaldusv\u00e4\u00e4rselt.<\/p>\n<p>Lisaks eristavad meid selles valdkonnas teistest meie rahvusvahelised sertifikaadid ja kohandamisv\u00f5imalused ning lisaks erakordsele m\u00fc\u00fcgij\u00e4rgsele teenindusele tagame klientide rahulolu ja toote pikaealisuse.<\/p>\n<p><img decoding=\"async\" src=\"https:\/\/www.hydraulic-cylinders.net\/wp-content\/uploads\/2025\/04\/songte-company-4.webp\" alt=\"Ettev\u00f5tte \u00fclevaade\" \/><br \/>\n<img decoding=\"async\" src=\"https:\/\/www.hydraulic-cylinders.net\/wp-content\/uploads\/2025\/04\/songte-company-3.webp\" alt=\"Tootmis\u00fcksus\" \/><\/p>\n<p>Autor: lyl<\/p>","protected":false},"excerpt":{"rendered":"<p>Boom Cylinder For Xiniu XN120-L Introduction to Boom Cylinder The Boom Cylinder for Xiniu XN120-L is an essential component in hydraulic systems, specifically designed to control the movement of heavy machinery buckets. These hydraulic cylinders facilitate the lifting, lowering, and tilting of buckets, making them indispensable in tasks involving material handling. The bucket cylinder is [&hellip;]<\/p>","protected":false},"featured_media":17871,"comment_status":"open","ping_status":"closed","template":"","meta":{"_et_pb_use_builder":"","_et_pb_old_content":"","_et_gb_content_width":""},"product_brand":[],"product_cat":[1546],"product_tag":[1547,1496],"class_list":{"0":"post-19728","1":"product","2":"type-product","3":"status-publish","4":"has-post-thumbnail","6":"product_cat-boom-cylinders","7":"product_tag-boom-cylinders","8":"product_tag-hydraulic-cylinders","10":"first","11":"instock","12":"shipping-taxable","13":"product-type-simple"},"amp_enabled":true,"_links":{"self":[{"href":"https:\/\/www.hydraulic-cylinders.net\/et\/wp-json\/wp\/v2\/product\/19728","targetHints":{"allow":["GET"]}}],"collection":[{"href":"https:\/\/www.hydraulic-cylinders.net\/et\/wp-json\/wp\/v2\/product"}],"about":[{"href":"https:\/\/www.hydraulic-cylinders.net\/et\/wp-json\/wp\/v2\/types\/product"}],"replies":[{"embeddable":true,"href":"https:\/\/www.hydraulic-cylinders.net\/et\/wp-json\/wp\/v2\/comments?post=19728"}],"wp:featuredmedia":[{"embeddable":true,"href":"https:\/\/www.hydraulic-cylinders.net\/et\/wp-json\/wp\/v2\/media\/17871"}],"wp:attachment":[{"href":"https:\/\/www.hydraulic-cylinders.net\/et\/wp-json\/wp\/v2\/media?parent=19728"}],"wp:term":[{"taxonomy":"product_brand","embeddable":true,"href":"https:\/\/www.hydraulic-cylinders.net\/et\/wp-json\/wp\/v2\/product_brand?post=19728"},{"taxonomy":"product_cat","embeddable":true,"href":"https:\/\/www.hydraulic-cylinders.net\/et\/wp-json\/wp\/v2\/product_cat?post=19728"},{"taxonomy":"product_tag","embeddable":true,"href":"https:\/\/www.hydraulic-cylinders.net\/et\/wp-json\/wp\/v2\/product_tag?post=19728"}],"curies":[{"name":"wp","href":"https:\/\/api.w.org\/{rel}","templated":true}]}}