{"id":19729,"date":"2025-04-07T07:04:25","date_gmt":"2025-04-07T07:04:25","guid":{"rendered":"https:\/\/www.hydraulic-cylinders.net\/product\/boom-cylinder-for-xiniu-xnx8\/"},"modified":"2025-04-07T07:04:27","modified_gmt":"2025-04-07T07:04:27","slug":"boom-cylinder-for-xiniu-xnx8","status":"publish","type":"product","link":"https:\/\/www.hydraulic-cylinders.net\/et\/toode\/boom-cylinder-for-xiniu-xnx8\/","title":{"rendered":"Xiniu XNX8 poomi silinder"},"content":{"rendered":"<h1>Xiniu XNX8 poomi silinder<\/h1>\n<h2>Poomi silindri m\u00f5istmine<\/h2>\n<p>Spetsiaalselt rasketehnika jaoks loodud noole silinder m\u00e4ngib olulist rolli mitmesuguste seadmete, n\u00e4iteks ekskavaatorite ja laadurite t\u00f6\u00f6s. See h\u00fcdrauliline silinder vastutab kopa liikumise juhtimise eest, v\u00f5imaldades sellel t\u00f5sta, langetada ja kallutada. H\u00fcdraulikas\u00fcsteemide olulise komponendina v\u00f5imaldab noole silinder t\u00f5husat materjali k\u00e4itlemist, muutes selle ehitus- ja p\u00f5llumajandusmasinate oluliseks osaks.<\/p>\n<p><img decoding=\"async\" src=\"https:\/\/www.hydraulic-cylinders.net\/wp-content\/uploads\/2025\/04\/songte-company-1.webp\" alt=\"Poomi silindri pilt\"><\/p>\n<h3>Definitsioon ja \u00fclevaade<\/h3>\n<p>Noolesilinder on h\u00fcdraulilise silindri t\u00fc\u00fcp, mida kasutatakse spetsiaalselt rasketehnikas kopa liikumise juhtimiseks. See t\u00f6\u00f6tab h\u00fcdraulilise vedeliku abil j\u00f5u tekitamise teel, v\u00f5imaldades masinal t\u00e4pselt t\u00e4ita selliseid \u00fclesandeid nagu kaevamine, t\u00f5stmine ja kallutamine. See mehhanism on oluline rakendustes, kus on vaja rasket t\u00f5stmist ja materjalide k\u00e4itlemist, kuna see annab vajaliku v\u00f5imsuse ja juhtimise t\u00f5husaks t\u00f6\u00f6ks.<\/p>\n<h2>Poomi silindri omadused<\/h2>\n<ul>\n<li><strong>Suur tugevus ja vastupidavus:<\/strong> Tavaliselt on see valmistatud \u00fclitugevast terasest v\u00f5i alumiiniumist, mis on loodud taluma k\u00f5rget r\u00f5hku ja suuri koormusi. See on ehitatud vastu pidama karmidele t\u00f6\u00f6keskkondadele, pakkudes kulumis- ja korrosioonikindlust eluea pikendamiseks.<\/li>\n<li><strong>T\u00f5hus h\u00fcdrauliline t\u00f6\u00f6:<\/strong> Silinder kasutab sujuva pikenemise ja tagasit\u00f5mbamise saavutamiseks h\u00fcdraulilise vedeliku r\u00f5hku, reageerides kiiresti operaatori k\u00e4sklustele ning pakkudes m\u00e4rkimisv\u00e4\u00e4rset t\u00f5uke- ja t\u00f5mbej\u00f5udu, mis sobib raskete ja keerukate \u00fclesannete t\u00e4itmiseks.<\/li>\n<li><strong>Erinevad t\u00fc\u00fcbid:<\/strong> Saadaval \u00fchetoimelise (h\u00fcdrauliline \u00fches suunas) v\u00f5i kahetoimelise (h\u00fcdrauliline m\u00f5lemas suunas) mudelina, m\u00f5ned variandid on teleskoopilised, mis v\u00f5imaldab suuremat pikendamist ilma v\u00e4lism\u00f5\u00f5tmeid suurendamata, muutes need ideaalseks ruumipiirangutega rakenduste jaoks.<\/li>\n<li><strong>Kohandatud tootmine:<\/strong> Meie tooted suudavad ideaalselt asendada olemasolevaid h\u00fcdrosilindreid, tagades \u00fchilduvuse ja j\u00f5udluse.<\/li>\n<li><strong>Usaldusv\u00e4\u00e4rne j\u00f5udlus:<\/strong> Loodud j\u00e4rjepidevaks t\u00f6\u00f6ks muutuva koormuse korral, tagades t\u00f6\u00f6kindluse n\u00f5udlike \u00fclesannete ajal.<\/li>\n<\/ul>\n<p><img decoding=\"async\" src=\"https:\/\/www.hydraulic-cylinders.net\/wp-content\/uploads\/2025\/04\/songte-cylinder-head-with-all-kinds-excavator-models.webp\" alt=\"Poomi silindri spetsifikatsioonid\"><\/p>\n<h2>Poomi silindri rakendused<\/h2>\n<h3>Ehitustehnika<\/h3>\n<p>Ekskavaatorites on noolesilindrid \u00fcliolulised kaevamiseks, laadimiseks ja pinnase v\u00f5i prahi teisaldamiseks. Need v\u00f5imaldavad kopal t\u00f5husalt pinnasesse tungida, mis v\u00f5imaldab t\u00f5husaid kaevamisprotsesse. Samamoodi aitavad need silindrid ekskavaator-laadurites nii kaevamis- kui ka t\u00f5stet\u00f6\u00f6del, muutes need mitmek\u00fclgseks mitmesugusteks ehitustegevusteks.<\/p>\n<h3>P\u00f5llumajandustehnika<\/h3>\n<p>Esilaadurites h\u00f5lbustavad noolesilindrid mulla, heina ja muude materjalide koputamist, t\u00f5stmist ja transportimist. H\u00fcdraulikas\u00fcsteem annab nende \u00fclesannete jaoks vajaliku v\u00f5imsuse, suurendades p\u00f5llumajandust\u00f6\u00f6de tootlikkust ja t\u00f5husust.<\/p>\n<h3>Ekskavaatorid<\/h3>\n<p>Ekskavaatorid toetuvad kaevamistoimingute tegemiseks noolesilindritele, mis v\u00f5imaldavad kopal t\u00f5husalt pinnasesse tungida. See v\u00f5ime on \u00fclioluline selliste \u00fclesannete puhul nagu haljastus, kaevamine ja platsi ettevalmistamine, kus on vaja t\u00e4psust ja v\u00f5imsust.<\/p>\n<h3>Laadurid<\/h3>\n<p>Frontaallaadurites m\u00e4ngivad noolesilindrid olulist rolli koormate t\u00f5husal t\u00f5stmisel ja t\u00fchjendamisel. Need v\u00f5imaldavad operaatoritel materjale kiiresti ja t\u00e4pselt k\u00e4sitseda, parandades oluliselt t\u00f6\u00f6 efektiivsust ehitusplatsidel.<\/p>\n<h2>Projekteerimiskaalutlused ja valikukriteeriumid<\/h2>\n<h3>Kandev\u00f5ime<\/h3>\n<p>H\u00fcdraulilise silindri valimisel on oluline tegur poomi silindri kandev\u00f5ime. See peab suutma kanda masina t\u00f5stetava v\u00f5i liigutatava maksimaalse raskuse. Kandev\u00f5ime \u00f5ige hindamine tagab ohutu ja t\u00f5husa t\u00f6\u00f6, v\u00e4hendades mehaaniliste rikete ohtu.<\/p>\n<h3>Tihendus<\/h3>\n<p>T\u00f5hus tihendus on h\u00fcdraulilise r\u00f5hu s\u00e4ilitamiseks ja vedeliku lekete v\u00e4ltimiseks \u00fclioluline. Kvaliteetsed tihendid on olulised silindri pikaealisuse tagamiseks ja h\u00fcdraulilise vedeliku saastumise v\u00e4ltimiseks, mis v\u00f5ib j\u00f5udlust halvendada.<\/p>\n<h3>Vastupidavus<\/h3>\n<p>Poomi silindri vastupidavuse m\u00e4\u00e4ravad kasutatud materjalid ja konstruktsioonielemendid. H\u00e4sti disainitud silinder peaks vastu pidama pideva liikumise ja karmide keskkonnatingimuste t\u00f5ttu tekkivale kulumisele, tagades pikema kasutusea.<\/p>\n<h3>Ohutus<\/h3>\n<p>Safety features should always be a primary concern when selecting a boom cylinder. This includes assessing the cylinder&#8217;s ability to handle overload conditions, ensuring that safety valves are in place to prevent catastrophic failure during operation.<\/p>\n<h3>Hooldatavus<\/h3>\n<p>Seisakuaja minimeerimiseks on oluline hoolduse lihtsus. Poomi silindri valimine, mis v\u00f5imaldab kriitilistele komponentidele h\u00f5lpsat juurdep\u00e4\u00e4su kontrollimiseks ja hooldamiseks, suurendab t\u00f6\u00f6 efektiivsust ja pikendab seadme eluiga.<\/p>\n<p><img decoding=\"async\" src=\"https:\/\/www.hydraulic-cylinders.net\/wp-content\/uploads\/2025\/04\/songte-oil-pipes-and-spare-parts.webp\" alt=\"H\u00fcdrauliliste silindrite komponendid\"><\/p>\n<h2>Tihendus ja m\u00e4\u00e4rimine<\/h2>\n<p>Poomi silindrite j\u00f5udluse ja pikaealisuse tagamiseks on oluline n\u00f5uetekohane tihendamine ja m\u00e4\u00e4rimine. Vedeliku lekete ja saastumise v\u00e4ltimiseks kasutatakse mitmesuguseid tihenduselemente, n\u00e4iteks kolvitihendeid ja vardatihendeid. Kulumiskindluse t\u00f5ttu kasutatakse tavaliselt selliseid materjale nagu pol\u00fcuretaan ja nitriilkummi. Lisaks vajavad silindri korpus ja keermestatud otsapinnad kulumiskindluse suurendamiseks t\u00e4pset t\u00f6\u00f6tlemist. Optimaalse j\u00f5udluse s\u00e4ilitamiseks ja h\u00f5\u00f5rdumisest tingitud kulumise v\u00e4ltimiseks on vajalik regulaarne m\u00e4\u00e4rimine h\u00fcdraulika\u00f5liga.<\/p>\n<h2>Regulaarne kontroll ja ennetav hooldus<\/h2>\n<ul>\n<li><strong>Regulaarsed kontrollid:<\/strong> Tehke p\u00f5hjalik kontroll kulumise, lekete v\u00f5i kahjustuste suhtes. Probleemide varajane avastamine aitab v\u00e4ltida suuremaid probleeme hiljem.<\/li>\n<li><strong>\u00d5ige m\u00e4\u00e4rimine:<\/strong> Veenduge, et h\u00fcdraulika\u00f5li on piisavalt t\u00e4idetud ja vahetage seda regulaarselt vastavalt tootja soovitustele, et s\u00e4ilitada sujuv t\u00f6\u00f6.<\/li>\n<li><strong>Tihendi vahetamine:<\/strong> Lekete v\u00e4ltimiseks ja efektiivsuse s\u00e4ilitamiseks kontrollige ja vajadusel vahetage tihendeid regulaarselt.<\/li>\n<\/ul>\n<h2>Paigaldusjuhised<\/h2>\n<p>Poomi silindri \u00f5igeks paigaldamiseks j\u00e4rgige neid samme:<\/p>\n<ol>\n<li>Enne paigaldamist veenduge, et k\u00f5ik komponendid on puhtad ja prahist vabad.<\/li>\n<li>Joondage silinder t\u00e4pselt kinnituspunktidega, et v\u00e4ltida pinget ja joondamata joondamist t\u00f6\u00f6tamise ajal.<\/li>\n<li>Kasutage silindri kinnitamiseks sobivaid kinnitusklambreid, veendudes, et see on tihedalt kinnitatud.<\/li>\n<li>Enne masina kasutamist kontrollige k\u00f5iki h\u00fcdraulika\u00fchendusi lekete suhtes.<\/li>\n<li>Enne t\u00e4ielikku t\u00f6\u00f6le panemist testige s\u00fcsteemi madalal r\u00f5hul, et veenduda k\u00f5igi n\u00f5uetekohasuses.<\/li>\n<\/ol>\n<h2>Levinumad hooldust\u00f6\u00f6d<\/h2>\n<ul>\n<li><strong>Regulaarsed kontrollid:<\/strong> Planeerige regulaarseid kontrolle, et kulumist v\u00f5i kahjustusi varakult avastada.<\/li>\n<li><strong>Sobiv m\u00e4\u00e4rimine:<\/strong> M\u00e4\u00e4rige silindrit regulaarselt vastavalt spetsifikatsioonidele, et v\u00e4ltida kulumist ja s\u00e4ilitada selle efektiivsus.<\/li>\n<li><strong>Tihendi vahetamine ja kalibreerimise kontrollimine:<\/strong> Kontrollige regulaarselt tihendite kulumist ja vahetage need vastavalt vajadusele, tagades s\u00fcsteemi tiheduse ja t\u00f5hususe.<\/li>\n<\/ul>\n<p>Paigaldamise ajal on oluline silinder \u00f5igesti joondada, kasutades selle kinnitamiseks sobivaid kinnitusklambreid. Regulaarsed hooldust\u00f6\u00f6d, n\u00e4iteks kontrollimine ja m\u00e4\u00e4rimine, on \u00fcliolulised poomi silindri eluea pikendamiseks ja ohutu t\u00f6\u00f6 tagamiseks.<\/p>\n<p><img decoding=\"async\" src=\"https:\/\/www.hydraulic-cylinders.net\/wp-content\/uploads\/2025\/04\/songte-chushion-collar.webp\" alt=\"Padjakaelus\"><\/p>\n<h2>Ohutuskaalutlused ja keskkonnategurid<\/h2>\n<p>H\u00fcdraulikas\u00fcsteemidega t\u00f6\u00f6tamisel on ohutusmeetmed \u00fcliolulised. Operaatorid peaksid kandma sobivaid isikukaitsevahendeid (IKV) ja tagama, et t\u00f6\u00f6tamise ja hoolduse ajal j\u00e4rgitakse k\u00f5iki ohutusprotokolle. Regulaarne h\u00fcdraulikaohutuse koolitus aitab v\u00e4ltida \u00f5nnetusi ja parandada t\u00f6\u00f6 efektiivsust.<\/p>\n<h2>Veaotsing ja levinud probleemid<\/h2>\n<ul>\n<li><strong>H\u00fcdraulilise vedeliku lekked:<\/strong> Kontrollige tihendeid ja \u00fchendusi kulumise v\u00f5i kahjustuste suhtes. Lekete v\u00e4ltimiseks vahetage k\u00f5ik defektsed tihendid kohe v\u00e4lja.<\/li>\n<li><strong>Ebapiisav v\u00f5imsus:<\/strong> See v\u00f5ib viidata madalale h\u00fcdraulikavedeliku tasemele v\u00f5i silindri sisemisele kahjustusele. Kontrollige s\u00fcsteemi ja vajadusel t\u00e4itke v\u00f5i parandage.<\/li>\n<li><strong>Ebatavalised helid:<\/strong> Igasugune krigisev v\u00f5i koputav heli v\u00f5ib viidata mehaanilisele kulumisele v\u00f5i joondusveale. Uurige viivitamatult, et v\u00e4ltida edasisi kahjustusi.<\/li>\n<\/ul>\n<h2>Veaotsingu n\u00e4pun\u00e4ited ja lahendused<\/h2>\n<p>T\u00f5husa t\u00f5rkeotsingu jaoks:<\/p>\n<ul>\n<li>Kontrollige regulaarselt k\u00f5iki h\u00fcdraulikakomponente kulumise v\u00f5i kahjustuste suhtes ja lahendage probleemid nende ilmnemisel.<\/li>\n<li>Hoidke h\u00fcdraulikavedelikku \u00f5igel tasemel ja vahetage seda vastavalt soovitustele, et v\u00e4ltida j\u00f5udlusprobleeme.<\/li>\n<li>Rakendage ennetavaid meetmeid, n\u00e4iteks regulaarset hooldust ja kontrolle, et minimeerida v\u00f5imalikke probleeme ja pikendada noole silindri eluiga.<\/li>\n<\/ul>\n<p><img decoding=\"async\" src=\"https:\/\/www.hydraulic-cylinders.net\/wp-content\/uploads\/2025\/04\/songte-bushings-with-all-kinds-of-excavator-models.webp\" alt=\"H\u00fcdrauliliste silindrite puksid\"><\/p>\n<h2>Ettev\u00f5tte \u00fclevaade<\/h2>\n<p>Oleme juhtiv asendush\u00fcdrauliliste silindrite tootja, pakkudes laia tootevalikut nii sise- kui ka rahvusvahelistele turgudele. Meie p\u00fchendumus kvaliteedi tipptasemele p\u00f5hineb t\u00e4iustatud tootmisstrateegial, mis h\u00f5lmab t\u00e4iustatud tehnoloogiat, oskuslikku personali ja t\u00f5husat tootmisprotsessi. Meie tipptasemel tootmisrajatised on varustatud tipptasemel digitaalsete seadmete ja range testimiss\u00fcsteemiga, et tagada k\u00f5rgeimad kvaliteedistandardid. Oleme uhked oma v\u00f5ime \u00fcle rahuldada klientide mitmekesiseid vajadusi suure t\u00f5hususega, t\u00e4psuse ja kvaliteediga.<\/p>\n<p>Meie asjatundlikkus laieneb j\u00e4rgmistele valdkondadesse:<\/p>\n<ul>\n<li><strong>Professionaalsus:<\/strong> Kogenud spetsialistide meeskonnaga tagame, et meie tooted vastavad k\u00f5rgeimatele t\u00f6\u00f6stusstandarditele.<\/li>\n<li><strong>Rahvusvahelised sertifikaadid:<\/strong> Meie tooted on sertifitseeritud vastavalt rahvusvahelistele kvaliteedistandarditele, mis suurendab klientide usaldust.<\/li>\n<li><strong>Kohandatud teenused:<\/strong> Pakume kliendi erivajadustele vastavaid kohandatud lahendusi, tagades rahulolu.<\/li>\n<li><strong>T\u00e4iustatud tootmisseadmed:<\/strong> Meie tootmisprotsessides kasutatakse tipptehnoloogiat, et suurendada efektiivsust ja t\u00e4psust.<\/li>\n<li><strong>M\u00fc\u00fcgij\u00e4rgne teenindus:<\/strong> Pakume klientidele tugevat m\u00fc\u00fcgij\u00e4rgset tuge, et aidata neil k\u00f5igi k\u00fcsimuste v\u00f5i probleemide korral, mis neil tekkida v\u00f5ivad.<\/li>\n<\/ul>\n<p><img decoding=\"async\" src=\"https:\/\/www.hydraulic-cylinders.net\/wp-content\/uploads\/2025\/04\/songte-company-4.webp\" alt=\"Ettev\u00f5tte \u00fclevaade 1\"><img decoding=\"async\" src=\"https:\/\/www.hydraulic-cylinders.net\/wp-content\/uploads\/2025\/04\/songte-company-3.webp\" alt=\"Ettev\u00f5tte \u00fclevaade 2\"><\/p>\n<p>Autor: lyl<\/p>","protected":false},"excerpt":{"rendered":"<p>Boom Cylinder For Xiniu XNX8 Understanding the Boom Cylinder The boom cylinder, specifically designed for heavy machinery, plays a crucial role in the operation of various equipment such as excavators and loaders. This hydraulic cylinder is responsible for controlling the movement of the bucket, enabling it to lift, lower, and tilt. As a vital component [&hellip;]<\/p>","protected":false},"featured_media":17872,"comment_status":"open","ping_status":"closed","template":"","meta":{"_et_pb_use_builder":"","_et_pb_old_content":"","_et_gb_content_width":""},"product_brand":[],"product_cat":[1546],"product_tag":[1547,1496],"class_list":{"0":"post-19729","1":"product","2":"type-product","3":"status-publish","4":"has-post-thumbnail","6":"product_cat-boom-cylinders","7":"product_tag-boom-cylinders","8":"product_tag-hydraulic-cylinders","10":"first","11":"instock","12":"shipping-taxable","13":"product-type-simple"},"amp_enabled":true,"_links":{"self":[{"href":"https:\/\/www.hydraulic-cylinders.net\/et\/wp-json\/wp\/v2\/product\/19729","targetHints":{"allow":["GET"]}}],"collection":[{"href":"https:\/\/www.hydraulic-cylinders.net\/et\/wp-json\/wp\/v2\/product"}],"about":[{"href":"https:\/\/www.hydraulic-cylinders.net\/et\/wp-json\/wp\/v2\/types\/product"}],"replies":[{"embeddable":true,"href":"https:\/\/www.hydraulic-cylinders.net\/et\/wp-json\/wp\/v2\/comments?post=19729"}],"wp:featuredmedia":[{"embeddable":true,"href":"https:\/\/www.hydraulic-cylinders.net\/et\/wp-json\/wp\/v2\/media\/17872"}],"wp:attachment":[{"href":"https:\/\/www.hydraulic-cylinders.net\/et\/wp-json\/wp\/v2\/media?parent=19729"}],"wp:term":[{"taxonomy":"product_brand","embeddable":true,"href":"https:\/\/www.hydraulic-cylinders.net\/et\/wp-json\/wp\/v2\/product_brand?post=19729"},{"taxonomy":"product_cat","embeddable":true,"href":"https:\/\/www.hydraulic-cylinders.net\/et\/wp-json\/wp\/v2\/product_cat?post=19729"},{"taxonomy":"product_tag","embeddable":true,"href":"https:\/\/www.hydraulic-cylinders.net\/et\/wp-json\/wp\/v2\/product_tag?post=19729"}],"curies":[{"name":"wp","href":"https:\/\/api.w.org\/{rel}","templated":true}]}}