{"id":19730,"date":"2025-04-07T07:04:27","date_gmt":"2025-04-07T07:04:27","guid":{"rendered":"https:\/\/www.hydraulic-cylinders.net\/product\/boom-cylinder-for-kato-small-excavator-hd250\/"},"modified":"2025-04-07T07:04:30","modified_gmt":"2025-04-07T07:04:30","slug":"boom-cylinder-for-kato-small-excavator-hd250","status":"publish","type":"product","link":"https:\/\/www.hydraulic-cylinders.net\/et\/toode\/boom-cylinder-for-kato-small-excavator-hd250\/","title":{"rendered":"Kato v\u00e4ikese ekskavaatori HD250 poomi silinder"},"content":{"rendered":"<h1>Kato v\u00e4ikese ekskavaatori HD250 poomi silinder<\/h1>\n<h2>Toote \u00fclevaade<\/h2>\n<p>Kato v\u00e4ikeekskavaatori HD250 noole silinder on h\u00fcdros\u00fcsteemide oluline komponent, mis on spetsiaalselt loodud rasketehnika kopa liikumise juhtimiseks. H\u00fcdraulilise silindri t\u00fc\u00fcbina m\u00e4ngib see olulist rolli mitmesuguste funktsioonide, n\u00e4iteks ekskavaatori kopa t\u00f5stmise, langetamise ja kallutamise juhtimisel, h\u00f5lbustades seel\u00e4bi t\u00f5husaid materjalik\u00e4itlust\u00f6id.<\/p>\n<p><img decoding=\"async\" src=\"https:\/\/www.hydraulic-cylinders.net\/wp-content\/uploads\/2025\/04\/songte-company-1.webp\" alt=\"Poomi silindri \u00fclevaade\" \/><\/p>\n<h3>Mis on \u00e4mbrisilinder?<\/h3>\n<p>Kopa silinder on h\u00fcdrauliline silinder, mis on spetsiaalselt loodud koppade liikumise juhtimiseks rasketehnikas, n\u00e4iteks ekskavaatorites, laadurites ja esilaadurites. See v\u00f5imaldab koppal t\u00f5usta, langetada ja kallutada, mist\u00f5ttu on see h\u00e4davajalik \u00fclesannete puhul, mis h\u00f5lmavad pinnase, prahi v\u00f5i muude materjalide liigutamist. H\u00fcdraulilistes s\u00fcsteemides vastutavad kopa silindrid h\u00fcdraulilise r\u00f5hu muutmise eest lineaarseks liikumiseks, v\u00f5imaldades t\u00f5husalt t\u00e4psust t\u00f6\u00f6s. See muudab need h\u00e4davajalikuks ehitusplatsidel ja erinevates t\u00f6\u00f6stuslikes rakendustes.<\/p>\n<h2>Poomi silindri omadused<\/h2>\n<ul>\n<li><strong>Suur tugevus ja vastupidavus:<\/strong> Tavaliselt \u00fclitugevast terasest v\u00f5i alumiiniumist valmistatud silindrid taluvad k\u00f5rget r\u00f5hku ja suuri koormusi, mist\u00f5ttu sobivad need karmidesse t\u00f6\u00f6keskkondadesse. Projekteerimisel on arvestatud kulumiskindluse ja korrosioonikindlusega, pikendades nende eluiga.<\/li>\n<li><strong>T\u00f5hus h\u00fcdrauliline t\u00f6\u00f6:<\/strong> H\u00fcdraulilise \u00f5li r\u00f5hu abil saavutab poomi silinder sujuva pikenemise ja tagasit\u00f5mbumise, reageerides kiiresti juhtimisk\u00e4sklustele ning pakkudes tugevat t\u00f5uke- ja t\u00f5mbej\u00f5udu, mis sobib ideaalselt raskete ja keerukate \u00fclesannete t\u00e4itmiseks.<\/li>\n<li><strong>T\u00fc\u00fcpide mitmekesisus:<\/strong> Need silindrid on saadaval \u00fchetoimelisena (kasutab h\u00fcdraulilist juhtimist \u00fches suunas) v\u00f5i kahetoimelisena (kasutab h\u00fcdraulilist juhtimist m\u00f5lemas suunas) ning vastavad erinevatele t\u00f6\u00f6vajadustele. M\u00f5ned mudelid on teleskoopilised, v\u00f5imaldades suuremat pikendust ilma v\u00e4lism\u00f5\u00f5tmeid suurendamata, sobides ruumikitsastes rakendustes.<\/li>\n<li><strong>Kohandatud tootmine:<\/strong> Me toodame seda toodet mitmesuguste h\u00fcdrosilindrite ideaalseks asendamiseks, tagades \u00fchilduvuse ja t\u00f6\u00f6kindluse erinevate masinate jaoks.<\/li>\n<\/ul>\n<p><img decoding=\"async\" src=\"https:\/\/www.hydraulic-cylinders.net\/wp-content\/uploads\/2025\/04\/songte-cylinder-head-with-all-kinds-excavator-models.webp\" alt=\"Kohandatud poomi silinder\" \/><\/p>\n<h2>Poomi silindri rakendused<\/h2>\n<h3>Ehitustehnika<\/h3>\n<p>Ekskavaatorites m\u00e4ngivad noolesilindrid olulist rolli kaevamisel, laadimisel ja mulla v\u00f5i prahi teisaldamisel. Need v\u00f5imaldavad kopal pinnasesse tungida, mist\u00f5ttu on see kaevamist\u00f6\u00f6del h\u00e4davajalik. Lisaks abistab ekskavaatoritel noolesilinder nii kaevamisel kui ka t\u00f5stmisel, pakkudes ehitusplatsidel mitmek\u00fclgsust.<\/p>\n<h3>P\u00f5llumajandustehnika<\/h3>\n<p>Esilaaduritel on noolesilindrid \u00fcliolulised mulla, heina ja muude materjalide kopeerimiseks, t\u00f5stmiseks ja transportimiseks. Need v\u00f5imaldavad operaatoritel t\u00f5husalt hallata p\u00f5llumajandust\u00f6id, suurendades tootlikkust ja v\u00e4hendades t\u00f6\u00f6mahukust.<\/p>\n<h3>Ekskavaatorid<\/h3>\n<p>Noolesilindrid v\u00f5imaldavad ekskavaatorite kaevamistoimingut, v\u00f5imaldades kopal t\u00f5husalt pinnasesse tungida, mis on oluline mitmesuguste kaevet\u00f6\u00f6de puhul. Nende h\u00fcdrauliline j\u00f5ud tagab kaevamist\u00f6\u00f6de kiire ja t\u00f5husa teostamise.<\/p>\n<h3>Laadurid<\/h3>\n<p>Esilaaduritel aitavad noolesilindrid koormaid t\u00f5sta ja t\u00fchjendada, suurendades t\u00f6\u00f6 efektiivsust. Need v\u00f5imaldavad sujuvaid ja v\u00f5imsaid liigutusi, mis on materjalide transportimisel ehitusplatside vahel h\u00e4davajalikud.<\/p>\n<h2>Kujunduskaalutlused<\/h2>\n<h3>Kandev\u00f5ime<\/h3>\n<p>Noolesilindri kandev\u00f5ime on raskete masinate ohutu ja t\u00f5husa t\u00f6\u00f6 tagamiseks kriitilise t\u00e4htsusega. See peab olema konstrueeritud nii, et see taluks t\u00f6\u00f6olukordades eeldatavat maksimaalset koormust, pakkudes piisavat ohutusvaru, et v\u00e4ltida rikkeid kasutamise ajal. Insenerid peavad eeldatavad koormused t\u00e4pselt arvutama, v\u00f5ttes arvesse d\u00fcnaamilisi tingimusi, mis v\u00f5ivad t\u00f6\u00f6tamise ajal tekkida.<\/p>\n<h3>Tihendus<\/h3>\n<p>T\u00f5hus tihendamine on oluline h\u00fcdraulilise vedeliku lekete v\u00e4ltimiseks, mis v\u00f5ivad kahjustada h\u00fcdraulikas\u00fcsteemi efektiivsust. Kvaliteetsed tihendid, mis on valmistatud vastupidavatest materjalidest, nagu pol\u00fcuretaan ja nitriilkummi, tagavad pikaajalise j\u00f5udluse. Tihendite regulaarne hooldus ja \u00f5igeaegne vahetamine on \u00fcliolulised t\u00f6\u00f6korras terviklikkuse s\u00e4ilitamiseks ja seisakuaja v\u00e4hendamiseks.<\/p>\n<h3>Vastupidavus<\/h3>\n<p>Poomisilindrite vastupidavust m\u00f5jutavad kasutatud materjalid ja tootmisprotsess. K\u00f5rgtugevad materjalid koos t\u00e4iustatud tootmistehnikatega tagavad silindrid, mis taluvad ekstreemseid tingimusi. See vastupidavus pikendab toote eluiga ja v\u00e4hendab vahetuste sagedust, mis toob operaatoritele kaasa kulude kokkuhoidu.<\/p>\n<h3>Ohutus<\/h3>\n<p>\u00d5nnetuste v\u00e4ltimiseks ja operaatori kindlustunde tagamiseks tuleb noolesilindrite konstruktsiooni integreerida ohutusfunktsioonid. See h\u00f5lmab rikkekaitsete, r\u00f5hualandusventiilide ja vastupidava konstruktsiooni rakendamist, mis talub ootamatuid r\u00f5hke v\u00f5i l\u00f6\u00f6ke, suurendades seel\u00e4bi \u00fcldist ohutust t\u00f6\u00f6 ajal.<\/p>\n<h3>Hooldus<\/h3>\n<p>Hoolduse lihtsus on oluline projekteerimiskaalutlus. Poomi silindrid peaksid olema konstrueeritud nii, et neid oleks lihtne kontrollida, m\u00e4\u00e4rida ja osade vahetada. Tootjad peaksid arvestama hooldusele ligip\u00e4\u00e4setavusega, et v\u00e4hendada hooldusaega ja -kulusid, tagades seel\u00e4bi masinate pikaajalise t\u00f6\u00f6korras p\u00fcsimise.<\/p>\n<p><img decoding=\"async\" src=\"https:\/\/www.hydraulic-cylinders.net\/wp-content\/uploads\/2025\/04\/songte-oil-pipes-and-spare-parts.webp\" alt=\"H\u00fcdrauliliste silindrite osad\" \/><\/p>\n<h2>Tihendus ja m\u00e4\u00e4rimine<\/h2>\n<p>T\u00f5hus tihendamine ja m\u00e4\u00e4rimine on poomi silindrite n\u00f5uetekohaseks toimimiseks \u00fcliolulised. H\u00fcdraulika\u00f5li lekete v\u00e4ltimiseks kasutatakse mitmesuguseid tihendeid, n\u00e4iteks kolvitihendeid ja vardatihendeid. Nende vastupidavuse t\u00f5ttu kasutatakse tavaliselt kulumiskindlatest materjalidest, n\u00e4iteks pol\u00fcuretaanist ja nitriilkummist, valmistatud tihendeid. Silindri korpus ja keermestatud otsad on peenelt t\u00f6\u00f6deldud, et suurendada kulumiskindlust. Piisava m\u00e4\u00e4rimise s\u00e4ilitamiseks on oluline regulaarselt h\u00fcdraulika\u00f5li t\u00e4iendada, v\u00e4ltides seel\u00e4bi liikuvate osade h\u00f5\u00f5rdumist ja kulumist.<\/p>\n<h2>Ennetavad hooldusmeetmed<\/h2>\n<ul>\n<li><strong>Regulaarsed kontrollid:<\/strong> Rutiinsete kontrollide tegemine aitab kulumist varakult tuvastada, v\u00f5imaldades \u00f5igeaegset remonti ja vahetust. Operaatorid peaksid kontrollima lekkeid, tihendite kulumist ja silindri \u00fcldist terviklikkust.<\/li>\n<li><strong>Sobiv m\u00e4\u00e4rimine:<\/strong> Veenduge, et h\u00fcdraulikas\u00fcsteem on piisavalt m\u00e4\u00e4ritud. Kasutage tootja soovitatud h\u00fcdraulika\u00f5li ja j\u00e4rgige m\u00e4\u00e4rimisgraafikut, et s\u00e4ilitada optimaalne j\u00f5udlus ja v\u00e4ltida h\u00f5\u00f5rdumisest tingitud kahjustusi.<\/li>\n<li><strong>Tihendi vahetamine:<\/strong> Kontrollige regulaarselt tihendeid kulumise v\u00f5i kahjustuste suhtes ja vahetage need vastavalt vajadusele v\u00e4lja, et v\u00e4ltida lekkeid ja s\u00e4ilitada s\u00fcsteemi t\u00f5husus.<\/li>\n<\/ul>\n<h2>Paigaldusjuhised<\/h2>\n<p>Poomi silindri \u00f5ige paigaldamine on optimaalse j\u00f5udluse saavutamiseks h\u00e4davajalik. Alustage veendumaks, et t\u00f6\u00f6ala on puhas ja prahist vaba. Joondage poomi silinder t\u00e4pselt kinnituspunktidega, kasutades selle kinnitamiseks sobivaid kinnitusklambreid. Poltide pingutamisel on oluline kasutada \u00f5igeid p\u00f6\u00f6rdemomente, et v\u00e4ltida silindri terviklikkuse kahjustamist. P\u00e4rast paigaldamist kontrollige silindri joondust ja toimimist, et tagada selle sujuv ja takistusteta toimimine. Vaadake regulaarselt \u00fcle paigaldusprotseduurid, et parandada j\u00f5udlust ja ohutust t\u00f6\u00f6tamise ajal.<\/p>\n<h2>Levinumad hooldust\u00f6\u00f6d<\/h2>\n<ul>\n<li><strong>Regulaarsed kontrollid:<\/strong> Poomi silindri n\u00e4htavate kahjustuste v\u00f5i kulumise regulaarne kontroll on oluline. See h\u00f5lmab tihendite lekete kontrollimist ja k\u00f5igi liitmike kinnituse ja tervena hoidmise veendumist.<\/li>\n<li><strong>\u00d5ige m\u00e4\u00e4rimine:<\/strong> H\u00fcdraulikas\u00fcsteemi \u00f5ige m\u00e4\u00e4rimine on \u00fclioluline, et v\u00e4hendada h\u00f5\u00f5rdumist liikuvate osade vahel. J\u00e4rgige tootja juhiseid m\u00e4\u00e4rimisintervallide ja -koguste kohta.<\/li>\n<li><strong>Tihendi vahetamine ja kalibreerimise kontrollimine:<\/strong> H\u00fcdraulikas\u00fcsteemi toimimise tagamiseks etten\u00e4htud parameetrite piires vahetage regulaarselt kulunud tihendeid ja tehke kalibreerimiskontrolle. See aitab s\u00e4ilitada t\u00f5husust ja pikendada seadmete eluiga.<\/li>\n<\/ul>\n<p>Paigaldamisprotsessi k\u00e4igus on silindri \u00f5ige joondamine \u00fclioluline. Sobivate kinnitusklambrite kasutamine tagab silindri stabiliseeriva toe. Komponentide regulaarne kontroll ja vahetamine suurendavad h\u00fcdraulikas\u00fcsteemi vastupidavust ja t\u00f5husust.<\/p>\n<p><img decoding=\"async\" src=\"https:\/\/www.hydraulic-cylinders.net\/wp-content\/uploads\/2025\/04\/songte-chushion-collar.webp\" alt=\"Padjakaelus\" \/><\/p>\n<h2>Ohutuskaalutlused ja keskkonnategurid<\/h2>\n<p>Poomisilindrite kasutamisel on \u00f5nnetuste v\u00e4ltimiseks \u00fcliolulised ohutusmeetmed. Operaatorid peaksid olema koolitatud v\u00f5imalike ohtude \u00e4ratundmiseks ja ohutusprotokollide rakendamiseks. T\u00f6\u00f6tamise ajal tuleb kanda sobivaid isikukaitsevahendeid. Lisaks tuleks poomisilindrite materjalide valimisel arvestada keskkonnateguritega, n\u00e4iteks kokkupuutega \u00e4\u00e4rmuslike temperatuuride v\u00f5i s\u00f6\u00f6vitavate materjalidega, et tagada pikaealisus ja t\u00f6\u00f6kindlus.<\/p>\n<h2>Rikete diagnoosimine ja levinud probleemid<\/h2>\n<ul>\n<li><strong>Leke:<\/strong> \u00dcks levinumaid probleeme h\u00fcdrosilindritega on leke, mille p\u00f5hjuseks on sageli kulunud tihendid. Regulaarne kontroll aitab lekkeid tuvastada enne, kui need oluliste probleemide tekkeks muutuvad.<\/li>\n<li><strong>\u00dclekuumenemine:<\/strong> \u00dclekuumenemine v\u00f5ib tekkida madala h\u00fcdraulikavedeliku taseme v\u00f5i liigse koormuse t\u00f5ttu. Vedelikutaseme j\u00e4lgimine ja \u00f5igete t\u00f6\u00f6koormuste s\u00e4ilitamine aitavad seda probleemi leevendada.<\/li>\n<li><strong>Ebakorrap\u00e4rane liikumine:<\/strong> Kui poomi silinder t\u00f6\u00f6tab eba\u00fchtlaselt v\u00f5i ebaregulaarselt, v\u00f5ib see viidata h\u00fcdraulikavedeliku probleemile v\u00f5i sisemisele kahjustusele. Vedeliku kvaliteedi ja taseme kontrollimine on sujuva t\u00f6\u00f6 s\u00e4ilitamiseks \u00fclioluline.<\/li>\n<\/ul>\n<h2>Veaotsingu n\u00e4pun\u00e4ited ja lahendused<\/h2>\n<p>Poomi silindrite probleemide t\u00f5husaks diagnoosimiseks ja lahendamiseks peaksid operaatorid regulaarselt hoolduskontrolle tegema. Lekete suhtes kontrollige tihendeid ja vajadusel vahetage need v\u00e4lja. \u00dclekuumenemise korral hinnake vedeliku taset ja kaaluge t\u00f6\u00f6koormuse v\u00e4hendamist. Ebakorrap\u00e4rase liikumise korral hinnake h\u00fcdraulikavedeliku kvaliteeti ja kontrollige sisemisi ummistusi v\u00f5i kahjustusi. Ennetavad meetmed, nagu regulaarsed kontrollid ja n\u00f5uetekohane m\u00e4\u00e4rimine, on olulised v\u00f5imalike probleemide minimeerimiseks ja sujuva t\u00f6\u00f6 tagamiseks.<\/p>\n<p><img decoding=\"async\" src=\"https:\/\/www.hydraulic-cylinders.net\/wp-content\/uploads\/2025\/04\/songte-bushings-with-all-kinds-of-excavator-models.webp\" alt=\"Ekskavaatorite puksid\" \/><\/p>\n<h2>Meie ettev\u00f5ttest<\/h2>\n<p>Oleme juhtiv asendush\u00fcdrauliliste silindrite tootja, pakkudes laia tootevalikut nii sise- kui ka v\u00e4listurule. Meie p\u00fchendumust kvaliteedi tipptasemele toetab t\u00e4iustatud tootmisstrateegia, mis kasutab tipptehnoloogiat ja oskuslikke spetsialiste. T\u00e4iustame pidevalt oma tootmisv\u00f5imalusi, tagades, et meie tooted vastavad k\u00f5rgetele t\u00e4psus- ja vastupidavusstandarditele.<\/p>\n<h3>Spetsialiseeritud teenused<\/h3>\n<ul>\n<li><strong>Professionaalne asjatundlikkus:<\/strong> Meie meeskond koosneb oskuslikest spetsialistidest, kes m\u00f5istavad h\u00fcdraulikas\u00fcsteemide keerukust ja on p\u00fchendunud kvaliteetsete toodete pakkumisele.<\/li>\n<li><strong>Rahvusvahelised sertifikaadid:<\/strong> J\u00e4rgime rahvusvahelisi kvaliteedi- ja ohutusstandardeid, tagades oma toodete usaldusv\u00e4\u00e4rsuse ja usaldusv\u00e4\u00e4rsuse.<\/li>\n<li><strong>Kohandatud lahendused:<\/strong> Pakume klientide erivajaduste rahuldamiseks kohandatud lahendusi, tagades, et meie tooted sobivad ideaalselt erinevatesse rakendustesse.<\/li>\n<li><strong>T\u00e4iustatud seadmed:<\/strong> Meie tipptasemel tootmisseadmed v\u00f5imaldavad meil toota kvaliteetseid ja erakordse efektiivsusega h\u00fcdraulilisi silindreid.<\/li>\n<li><strong>M\u00fc\u00fcgij\u00e4rgne tugi:<\/strong> Pakume igak\u00fclgset m\u00fc\u00fcgij\u00e4rgset teenindust, tagades klientide rahulolu ja toe ka kaua p\u00e4rast ostu.<\/li>\n<\/ul>\n<p><img decoding=\"async\" src=\"https:\/\/www.hydraulic-cylinders.net\/wp-content\/uploads\/2025\/04\/songte-company-4.webp\" alt=\"Ettev\u00f5tte \u00fclevaade\" \/><br \/>\n<img decoding=\"async\" src=\"https:\/\/www.hydraulic-cylinders.net\/wp-content\/uploads\/2025\/04\/songte-company-3.webp\" alt=\"Tootmis\u00fcksus\" \/><\/p>\n<p>Autor: lyl<\/p>","protected":false},"excerpt":{"rendered":"<p>Boom Cylinder For Kato Small Excavator HD250 Product Overview The boom cylinder for the Kato small excavator HD250 is a crucial component in hydraulic systems, specifically designed to manage the movement of the bucket in heavy machinery. As a type of hydraulic cylinder, it plays a vital role in controlling various functions such as lifting, [&hellip;]<\/p>","protected":false},"featured_media":17873,"comment_status":"open","ping_status":"closed","template":"","meta":{"_et_pb_use_builder":"","_et_pb_old_content":"","_et_gb_content_width":""},"product_brand":[],"product_cat":[1546],"product_tag":[1547,1496],"class_list":{"0":"post-19730","1":"product","2":"type-product","3":"status-publish","4":"has-post-thumbnail","6":"product_cat-boom-cylinders","7":"product_tag-boom-cylinders","8":"product_tag-hydraulic-cylinders","10":"first","11":"instock","12":"shipping-taxable","13":"product-type-simple"},"amp_enabled":true,"_links":{"self":[{"href":"https:\/\/www.hydraulic-cylinders.net\/et\/wp-json\/wp\/v2\/product\/19730","targetHints":{"allow":["GET"]}}],"collection":[{"href":"https:\/\/www.hydraulic-cylinders.net\/et\/wp-json\/wp\/v2\/product"}],"about":[{"href":"https:\/\/www.hydraulic-cylinders.net\/et\/wp-json\/wp\/v2\/types\/product"}],"replies":[{"embeddable":true,"href":"https:\/\/www.hydraulic-cylinders.net\/et\/wp-json\/wp\/v2\/comments?post=19730"}],"wp:featuredmedia":[{"embeddable":true,"href":"https:\/\/www.hydraulic-cylinders.net\/et\/wp-json\/wp\/v2\/media\/17873"}],"wp:attachment":[{"href":"https:\/\/www.hydraulic-cylinders.net\/et\/wp-json\/wp\/v2\/media?parent=19730"}],"wp:term":[{"taxonomy":"product_brand","embeddable":true,"href":"https:\/\/www.hydraulic-cylinders.net\/et\/wp-json\/wp\/v2\/product_brand?post=19730"},{"taxonomy":"product_cat","embeddable":true,"href":"https:\/\/www.hydraulic-cylinders.net\/et\/wp-json\/wp\/v2\/product_cat?post=19730"},{"taxonomy":"product_tag","embeddable":true,"href":"https:\/\/www.hydraulic-cylinders.net\/et\/wp-json\/wp\/v2\/product_tag?post=19730"}],"curies":[{"name":"wp","href":"https:\/\/api.w.org\/{rel}","templated":true}]}}