{"id":19731,"date":"2025-04-07T07:04:32","date_gmt":"2025-04-07T07:04:32","guid":{"rendered":"https:\/\/www.hydraulic-cylinders.net\/product\/boom-cylinder-for-kato-small-excavator-hd400-1-7\/"},"modified":"2025-04-07T07:04:34","modified_gmt":"2025-04-07T07:04:34","slug":"boom-cylinder-for-kato-small-excavator-hd400-1-7","status":"publish","type":"product","link":"https:\/\/www.hydraulic-cylinders.net\/et\/toode\/boom-cylinder-for-kato-small-excavator-hd400-1-7\/","title":{"rendered":"Kato v\u00e4ikese ekskavaatori HD400-1-7 poomi silinder"},"content":{"rendered":"<h1>Kato v\u00e4ikese ekskavaatori HD400-1-7 poomi silinder<\/h1>\n<h2>Sissejuhatus poomi silindrisse<\/h2>\n<p>Kato v\u00e4ikeekskavaatori HD400-1-7 poomi silinder on oluline h\u00fcdrauliline komponent, mis on loodud poomi liikumise juhtimiseks erinevates rasketehnikas, eriti ekskavaatorites. H\u00fcdraulilise silindri t\u00fc\u00fcbina m\u00e4ngib see h\u00fcdraulikas\u00fcsteemis olulist rolli, v\u00f5imaldades poomil t\u00f5usta, langetada ja kallutada, h\u00f5lbustades seel\u00e4bi t\u00f5husaid materjalik\u00e4itlust\u00f6id. Kopa silinder on spetsiaalselt konstrueeritud t\u00f6\u00f6tama k\u00f5rge r\u00f5hu all, mist\u00f5ttu on see \u00fclioluline selliste seadmete nagu ekskavaatorite, ekskavaatori-ekskavaatori ja esilaaduri funktsionaalsuse jaoks.<\/p>\n<p>Need h\u00fcdrosilindrid vastutavad j\u00f5u\u00fclekande eest h\u00fcdraulilise vedeliku kaudu, v\u00f5imaldades sujuvat ja t\u00e4pset liikumist. See funktsioon on kriitilise t\u00e4htsusega raskete koormate teisaldamisel v\u00f5i keerukate \u00fclesannete t\u00e4itmisel ehituses, p\u00f5llumajanduses ja muudes t\u00f6\u00f6stusharudes. Poomisilindrite ainulaadsed omadused, sealhulgas nende disain ja t\u00f6\u00f6p\u00f5him\u00f5te, v\u00f5imaldavad neil taluda karme t\u00f6\u00f6keskkondi, tagades pikaealisuse ja t\u00f6\u00f6kindluse.<\/p>\n<p><img decoding=\"async\" src=\"https:\/\/www.hydraulic-cylinders.net\/wp-content\/uploads\/2025\/04\/songte-company-1.webp\" alt=\"Ekskavaatorite poomi silinder\" \/><\/p>\n<h2>Poomi silindri omadused<\/h2>\n<h3>1. Suur tugevus ja vastupidavus<\/h3>\n<p>K\u00f5rgtugevast terasest v\u00f5i alumiiniumist valmistatud poomi silinder on loodud taluma k\u00f5rget r\u00f5hku ja suuri koormusi. See on ehitatud vastu pidama karmidele t\u00f6\u00f6tingimustele ning sellel on omadused, mis suurendavad kulumiskindlust ja korrosioonikindlust, pikendades l\u00f5ppkokkuv\u00f5ttes selle eluiga.<\/p>\n<h3>2. T\u00f5hus h\u00fcdrauliline t\u00f6\u00f6<\/h3>\n<p>H\u00fcdrauliline silinder kasutab sujuva pikenemise ja tagasit\u00f5mbamise saavutamiseks h\u00fcdraulika\u00f5li r\u00f5hku, reageerides kiiresti operaatori k\u00e4sklustele. See v\u00f5imekus tagab v\u00f5imsa t\u00f5uke- ja t\u00f5mbej\u00f5u, muutes selle ideaalseks raskete materjalide ja keerukate \u00fclesannete k\u00e4sitsemiseks.<\/p>\n<h3>3. T\u00fc\u00fcpide mitmekesisus<\/h3>\n<p>Saadaval \u00fchetoimelise (h\u00fcdraulilist j\u00f5udu \u00fches suunas kasutades) ja kahetoimelise (m\u00f5lemas suunas t\u00f6\u00f6tava) konfiguratsioonina saab poomi silindrit kohandada vastavalt erinevatele t\u00f6\u00f6vajadustele. M\u00f5nel mudelil on ka teleskoopkonstruktsioonid, mis v\u00f5imaldavad suuremat ulatust ilma v\u00e4lism\u00f5\u00f5tmeid suurendamata, mis sobib ideaalselt ruumikitsastes rakendustes.<\/p>\n<h3>4. \u00dchilduvus ja asendamine<\/h3>\n<p>Meie tootmisv\u00f5imalused v\u00f5imaldavad meil toota noolesilindreid, mis asendavad ideaalselt olemasolevaid h\u00fcdrosilindreid. See tagab sujuva integreerimise teie masinaparki, suurendades tegevuse efektiivsust.<\/p>\n<p><img decoding=\"async\" src=\"https:\/\/www.hydraulic-cylinders.net\/wp-content\/uploads\/2025\/04\/songte-cylinder-head-with-all-kinds-excavator-models.webp\" alt=\"Ekskavaatori mudelid\" \/><\/p>\n<h3>5. Rakendused ja utiliidid<\/h3>\n<h2>Poomi silindri rakendused<\/h2>\n<h3>1. Ehitustehnika<\/h3>\n<p>Ehitusmasinates, n\u00e4iteks ekskavaatorites, on poomi silinder \u00fclioluline kaevamisel, laadimisel ja pinnase v\u00f5i prahi teisaldamisel. See v\u00f5imaldab poomil v\u00e4lja ja sisse t\u00f5mbuda, suurendades masina \u00fcldist efektiivsust. H\u00fcdraulilise silindri t\u00e4psus muudab selle asendamatuks kaevamist\u00f6\u00f6de tegemiseks, kus t\u00e4psus ja v\u00f5imsus on olulised.<\/p>\n<h3>2. P\u00f5llumajandustehnika<\/h3>\n<p>Esilaadurid kasutavad noole silindreid mulla, heina ja muude materjalide kopeerimiseks, t\u00f5stmiseks ja transportimiseks. T\u00f5stek\u00f5rguse ja -nurga t\u00e4pne reguleerimine on p\u00f5llumajanduses \u00fclioluline, muutes \u00fclesanded paremini hallatavaks ja t\u00f5husamaks. Noole silindrite kohanemisv\u00f5ime tagab, et need saavad hakkama mitmesuguste p\u00f5llumajanduslike rakendustega, aidates oluliselt kaasa tootlikkusele.<\/p>\n<h3>3. Ekskavaatorid<\/h3>\n<p>Ekskavaatorite noole silinder v\u00f5imaldab kopal t\u00f5husalt pinnasesse tungida, h\u00f5lbustades kaevamisprotsessi. H\u00fcdrauliline j\u00f5ud v\u00f5imaldab m\u00e4rkimisv\u00e4\u00e4rset j\u00f5u rakendamist, mis on raskete pinnasetingimustega tegelemisel \u00fclioluline, tagades t\u00f6\u00f6de kiire ja t\u00f5husa t\u00e4itmise.<\/p>\n<h3>4. Laadurid<\/h3>\n<p>Esilaadurites aitavad noolesilindrid koormaid t\u00f5husalt t\u00f5sta ja t\u00fchjendada. See rakendus on \u00fclioluline ehituses ja materjalide k\u00e4itlemisel, kus materjalide \u00f5igeaegne mahalaadimine v\u00f5ib m\u00f5jutada projekti \u00fcldist ajakava. H\u00fcdraulikas\u00fcsteemi reageerimisv\u00f5ime teeb sellest selliste t\u00f6\u00f6de jaoks eelistatud valiku.<\/p>\n<h2>Projekteerimiskaalutlused ja valikukriteeriumid<\/h2>\n<h3>1. Kandev\u00f5ime<\/h3>\n<p>Noole silindri valimisel on oluline arvestada selle kandev\u00f5imega. Silinder peab suutma kanda maksimaalset raskust, mida see t\u00f5stab v\u00f5i langetab. Ebapiisava mahutavusega silindri kasutamine v\u00f5ib p\u00f5hjustada seadmete rikkeid v\u00f5i \u00f5nnetusi, seega on oluline silindri spetsifikatsioonid sobitada rakenduse n\u00f5uetega.<\/p>\n<h3>2. Tihendus ja vastupidavus<\/h3>\n<p>T\u00f5hus tihendamine on h\u00fcdraulikas\u00fcsteemides kriitilise t\u00e4htsusega lekete v\u00e4ltimiseks ja t\u00f6\u00f6 efektiivsuse s\u00e4ilitamiseks. Poomi silindris kasutatavate tihendite, n\u00e4iteks kolvi- ja vardatihendi kvaliteet m\u00f5jutab otseselt j\u00f5udlust ja pikaealisust. Kvaliteetsete ja vastupidavatest materjalidest tihendite valimine on h\u00fcdraulikas\u00fcsteemi terviklikkuse tagamiseks h\u00e4davajalik.<\/p>\n<h3>3. Turvaelemendid<\/h3>\n<p>Poomisilindrite projekteerimisel peaks ohutus olema esmat\u00e4htis. Sellised omadused nagu r\u00f5huvabastusventiilid, turvalukud ja vastupidavad konstruktsioonimaterjalid aitavad kaasa t\u00f6\u00f6ohutusele. Nende ohutusmeetmete rakendamine v\u00e4hendab \u00f5nnetuste ohtu ja tagab ohutuma t\u00f6\u00f6keskkonna.<\/p>\n<h3>4. Hooldus ja hooldatavus<\/h3>\n<p>Poomi silindrite projekteerimine lihtsaks hoolduseks on \u00fclioluline. Oluliste komponentide k\u00e4ttesaadavus remondiks v\u00f5i vahetamiseks v\u00f5ib oluliselt v\u00e4hendada seisakuid ja hoolduskulusid. Kiiret hooldust v\u00f5imaldava konstruktsiooni valimine v\u00f5ib parandada masina \u00fcldist efektiivsust.<\/p>\n<p><img decoding=\"async\" src=\"https:\/\/www.hydraulic-cylinders.net\/wp-content\/uploads\/2025\/04\/songte-oil-pipes-and-spare-parts.webp\" alt=\"H\u00fcdraulilised osad\" \/><\/p>\n<h2>Tihendus ja m\u00e4\u00e4rimine<\/h2>\n<p>T\u00f5hus tihendamine ja m\u00e4\u00e4rimine on h\u00fcdrauliliste silindrite j\u00f5udluse seisukohalt \u00fcliolulised. Erinevad tihenduskomponendid, n\u00e4iteks kolvitihendid ja vardatihendid, on h\u00fcdraulilise r\u00f5hu s\u00e4ilitamiseks ja vedeliku lekete v\u00e4ltimiseks \u00fcliolulised. Kulumiskindlatest materjalidest, n\u00e4iteks pol\u00fcuretaanist v\u00f5i nitriilkummist, valmistatud tihendite valimine suurendab vastupidavust ja j\u00f5udlust.<\/p>\n<p>Silindri korpuse ja keermestatud otsa pind on tavaliselt peenelt t\u00f6\u00f6deldud, et parandada kulumiskindlust. Silindri sujuva t\u00f6\u00f6 tagamiseks ja kasutusea pikendamiseks on vajalik regulaarne m\u00e4\u00e4rimine sobiva koguse h\u00fcdraulika\u00f5liga. H\u00fcdraulikas\u00fcsteemi halvenemise v\u00e4ltimiseks on oluline j\u00e4lgida \u00f5litaset ja kvaliteeti.<\/p>\n<h2>Regulaarne kontroll ja ennetav hooldus<\/h2>\n<h3>1. Planeeritud \u00fclevaatused<\/h3>\n<p>Poomi silindri seisukorra hindamiseks on \u00fclioluline regulaarselt kontrollida. Otsige kulumise, lekete ja kahjustuste m\u00e4rke. Rutiinse kontrolli rakendamine aitab tuvastada potentsiaalseid probleeme enne, kui need t\u00f5siseks muutuvad, tagades silindri t\u00f5husa ja ohutu t\u00f6\u00f6.<\/p>\n<h3>2. \u00d5ige m\u00e4\u00e4rimine<\/h3>\n<p>H\u00fcdraulikas\u00fcsteemi pikaealisuse tagamiseks on oluline s\u00e4ilitada piisav m\u00e4\u00e4rimine. Kontrollige regulaarselt \u00f5litaset ja veenduge, et h\u00fcdraulikavedelik on puhas ja saasteainetevaba. Ebapiisav m\u00e4\u00e4rimine v\u00f5ib p\u00f5hjustada silindri liigset kulumist ja enneaegset riket.<\/p>\n<h3>3. Tihendi vahetamine ja kalibreerimise kontrollimine<\/h3>\n<p>Tihendid tuleb lekete v\u00e4ltimiseks ja efektiivsuse s\u00e4ilitamiseks perioodiliselt vahetada. Hoolduse ajal kontrollige tihendeid kulumise v\u00f5i kahjustuste suhtes ja vajadusel vahetage need v\u00e4lja. Samuti tuleks teha kalibreerimiskontrolle, et tagada ballooni t\u00f6\u00f6tamine etten\u00e4htud parameetrite piires, suurendades t\u00f6\u00f6kindlust ja ohutust.<\/p>\n<p><img decoding=\"async\" src=\"https:\/\/www.hydraulic-cylinders.net\/wp-content\/uploads\/2025\/04\/songte-chushion-collar.webp\" alt=\"Padjakaelus\" \/><\/p>\n<h2>Ohutuskaalutlused ja keskkonnategurid<\/h2>\n<p>Ohutusmeetmete rakendamine noolesilindrite kasutamisel on operaatorite ja seadmete kaitsmiseks \u00fclioluline. H\u00fcdrauliliste s\u00fcsteemide \u00f5ige kasutamise korralik v\u00e4lja\u00f5pe v\u00f5ib oluliselt v\u00e4hendada \u00f5nnetuste ohtu. Lisaks aitab ohutusn\u00f5uete ja -juhiste j\u00e4rgimine leevendada keskkonnam\u00f5jusid, tagades nii t\u00f5husa kui ka vastutustundliku tegevuse.<\/p>\n<h2>Veaotsing ja levinud probleemid<\/h2>\n<h3>1. H\u00fcdraulilised lekked<\/h3>\n<p>H\u00fcdraulilised lekked v\u00f5ivad tekkida kulunud tihendite v\u00f5i kahjustatud komponentide t\u00f5ttu. Lekete parandamiseks kontrollige tihenduspindu ja vahetage k\u00f5ik kahjustatud tihendid v\u00e4lja. Veenduge, et k\u00f5ik \u00fchendused on tihedad, et v\u00e4ltida vedeliku kadu.<\/p>\n<h3>2. Silindri kinnikiilumine<\/h3>\n<p>Silindri kinnikiilumine v\u00f5ib tekkida h\u00fcdros\u00fcsteemis oleva prahi v\u00f5i ummistuste t\u00f5ttu. Regulaarne puhastamine ja hooldus aitavad seda probleemi v\u00e4ltida. Kinnikiilumise korral kontrollige silindrit ummistuste suhtes ja eemaldage praht.<\/p>\n<h3>3. Ebaj\u00e4rjekindel j\u00f5udlus<\/h3>\n<p>Kui poomi silindri j\u00f5udlus on eba\u00fchtlane, kontrollige h\u00fcdraulikavedeliku taset ja veenduge, et see oleks soovitatavas vahemikus. Madal vedeliku tase v\u00f5ib p\u00f5hjustada eba\u00fchtlast t\u00f6\u00f6d. Lisaks arvestage v\u00f5imalike probleemidega h\u00fcdraulikapumba ja -voolikute seisukorraga.<\/p>\n<h2>Ennetavad meetmed<\/h2>\n<p>Poomi silindritega seotud v\u00f5imalike probleemide minimeerimiseks rakendage ennetavaid meetmeid, n\u00e4iteks regulaarsed hoolduskontrollid, n\u00f5uetekohase m\u00e4\u00e4rimise tagamine ja h\u00fcdros\u00fcsteemi lekete j\u00e4lgimine. Personali koolitamine \u00f5ige kasutamise ja hoolduse osas aitab samuti v\u00e4hendada probleemide tekkimise t\u00f5en\u00e4osust.<\/p>\n<p><img decoding=\"async\" src=\"https:\/\/www.hydraulic-cylinders.net\/wp-content\/uploads\/2025\/04\/songte-bushings-with-all-kinds-of-excavator-models.webp\" alt=\"Ekskavaatori puksid\" \/><\/p>\n<h2>Ettev\u00f5tte \u00fclevaade<\/h2>\n<p>Oleme juhtiv asendush\u00fcdrauliliste silindrite tootja, pakkudes laia tootevalikut nii sise- kui ka rahvusvahelistele turgudele. Meie p\u00fchendumus kvaliteedile ilmneb meie hoolikates tootmisprotsessides. Kasutame t\u00e4iustatud tootmisjuhtimise strateegiaid, oskuslikku personali, tipptasemel digitaalseid tootmisseadmeid ja professionaalseid testimiss\u00fcsteeme.<\/p>\n<p>Meie tootmisplatvormi t\u00e4iustatakse pidevalt, mis v\u00f5imaldab meil parandada toodete kvaliteeti ja rahuldada t\u00f5husalt klientide mitmekesiseid vajadusi. Keskendudes t\u00f5hususele, t\u00e4psusele ja kvaliteetsele tootmisele, oleme p\u00fchendunud tipptasemel h\u00fcdrosilindrite ja erakordse klienditeeninduse pakkumisele.<\/p>\n<h3>Ettev\u00f5tte t\u00e4iendavad atribuudid<\/h3>\n<ul>\n<li><strong>Ekspertiis:<\/strong> Meie meeskonnal on ulatuslikud teadmised ja kogemused h\u00fcdraulikas\u00fcsteemide valdkonnas, mis tagab toodete suurep\u00e4rase kvaliteedi.<\/li>\n<li><strong>Rahvusvaheline sertifitseerimine:<\/strong> Meie tooted vastavad rangetele rahvusvahelistele standarditele, mis tagab kvaliteedi ja usaldusv\u00e4\u00e4rsuse.<\/li>\n<li><strong>Kohandamise teenused:<\/strong> Pakume klientide erivajaduste rahuldamiseks kohandatud lahendusi, suurendades toote mitmek\u00fclgsust.<\/li>\n<li><strong>Tipptasemel tootmisseadmed:<\/strong> Meie t\u00e4iustatud tootmisseadmed tagavad tootmises k\u00f5rge efektiivsuse ja t\u00e4psuse.<\/li>\n<li><strong>M\u00fc\u00fcgij\u00e4rgne tugi:<\/strong> Meie p\u00fchendunud klienditeenindusmeeskond on alati abiks p\u00e4ringute ja toe k\u00fcsimuste korral.<\/li>\n<\/ul>\n<p><img decoding=\"async\" src=\"https:\/\/www.hydraulic-cylinders.net\/wp-content\/uploads\/2025\/04\/songte-company-4.webp\" alt=\"Ettev\u00f5tte \u00fclevaade\" \/><br \/>\n<img decoding=\"async\" src=\"https:\/\/www.hydraulic-cylinders.net\/wp-content\/uploads\/2025\/04\/songte-company-3.webp\" alt=\"Tootmis\u00fcksus\" \/><\/p>\n<p>Autor: lyl<\/p>","protected":false},"excerpt":{"rendered":"<p>Boom Cylinder For Kato Small Excavator HD400-1-7 Introduction to Boom Cylinder The Boom Cylinder for Kato Small Excavator HD400-1-7 is an essential hydraulic component designed to control the movement of a boom in various heavy machinery, particularly excavators. As a type of hydraulic cylinder, it plays a crucial role in the hydraulic system by allowing [&hellip;]<\/p>","protected":false},"featured_media":17874,"comment_status":"open","ping_status":"closed","template":"","meta":{"_et_pb_use_builder":"","_et_pb_old_content":"","_et_gb_content_width":""},"product_brand":[],"product_cat":[1546],"product_tag":[1547,1496],"class_list":{"0":"post-19731","1":"product","2":"type-product","3":"status-publish","4":"has-post-thumbnail","6":"product_cat-boom-cylinders","7":"product_tag-boom-cylinders","8":"product_tag-hydraulic-cylinders","10":"first","11":"instock","12":"shipping-taxable","13":"product-type-simple"},"amp_enabled":true,"_links":{"self":[{"href":"https:\/\/www.hydraulic-cylinders.net\/et\/wp-json\/wp\/v2\/product\/19731","targetHints":{"allow":["GET"]}}],"collection":[{"href":"https:\/\/www.hydraulic-cylinders.net\/et\/wp-json\/wp\/v2\/product"}],"about":[{"href":"https:\/\/www.hydraulic-cylinders.net\/et\/wp-json\/wp\/v2\/types\/product"}],"replies":[{"embeddable":true,"href":"https:\/\/www.hydraulic-cylinders.net\/et\/wp-json\/wp\/v2\/comments?post=19731"}],"wp:featuredmedia":[{"embeddable":true,"href":"https:\/\/www.hydraulic-cylinders.net\/et\/wp-json\/wp\/v2\/media\/17874"}],"wp:attachment":[{"href":"https:\/\/www.hydraulic-cylinders.net\/et\/wp-json\/wp\/v2\/media?parent=19731"}],"wp:term":[{"taxonomy":"product_brand","embeddable":true,"href":"https:\/\/www.hydraulic-cylinders.net\/et\/wp-json\/wp\/v2\/product_brand?post=19731"},{"taxonomy":"product_cat","embeddable":true,"href":"https:\/\/www.hydraulic-cylinders.net\/et\/wp-json\/wp\/v2\/product_cat?post=19731"},{"taxonomy":"product_tag","embeddable":true,"href":"https:\/\/www.hydraulic-cylinders.net\/et\/wp-json\/wp\/v2\/product_tag?post=19731"}],"curies":[{"name":"wp","href":"https:\/\/api.w.org\/{rel}","templated":true}]}}