{"id":19732,"date":"2025-04-07T07:04:34","date_gmt":"2025-04-07T07:04:34","guid":{"rendered":"https:\/\/www.hydraulic-cylinders.net\/product\/boom-cylinder-for-kato-small-excavator-hd550-1-7\/"},"modified":"2025-04-07T07:04:37","modified_gmt":"2025-04-07T07:04:37","slug":"boom-cylinder-for-kato-small-excavator-hd550-1-7","status":"publish","type":"product","link":"https:\/\/www.hydraulic-cylinders.net\/et\/toode\/boom-cylinder-for-kato-small-excavator-hd550-1-7\/","title":{"rendered":"Kato v\u00e4ikese ekskavaatori HD550-1-7 poomi silinder"},"content":{"rendered":"<h1>Kato v\u00e4ikese ekskavaatori HD550-1-7 poomi silinder<\/h1>\n<h2>Poomi silindri m\u00f5istmine<\/h2>\n<p>Poomi silinder on h\u00fcdrauliline silinder, mis on spetsiaalselt loodud poomi liikumise juhtimiseks erinevatel rasketel masinatel, n\u00e4iteks ekskavaatoritel, laadur-ekskavaatoritel ja esilaaduritel. See oluline komponent v\u00f5imaldab poomil t\u00f5sta, langetada ja kallutada, h\u00f5lbustades t\u00f5husaid materjalik\u00e4itlust\u00f6id. H\u00fcdraulilistes s\u00fcsteemides m\u00e4ngib poomi silinder keskset rolli, kasutades h\u00fcdraulilist vedelikku j\u00f5u edastamiseks, v\u00f5imaldades sujuvaid ja kontrollitud liikumisi. Nende silindrite disain tagab tugeva j\u00f5udluse ja t\u00f6\u00f6kindluse, muutes need ehitus- ja kaevet\u00f6\u00f6del h\u00e4davajalikuks.<\/p>\n<p><img decoding=\"async\" src=\"https:\/\/www.hydraulic-cylinders.net\/wp-content\/uploads\/2025\/04\/songte-company-1.webp\" alt=\"Kato v\u00e4ikese ekskavaatori poomi silinder\"><\/p>\n<h3>Poomi silindri p\u00f5hijooned<\/h3>\n<ul>\n<li><strong>Suur tugevus ja vastupidavus:<\/strong> K\u00f5rgtugevast terasest v\u00f5i alumiiniumist valmistatud poomi silinder talub k\u00f5rget r\u00f5hku ja suuri koormusi, mist\u00f5ttu sobib see karmideks t\u00f6\u00f6tingimusteks.<\/li>\n<li><strong>T\u00f5hus h\u00fcdrauliline t\u00f6\u00f6:<\/strong> Silinder kasutab sujuva pikenemise ja tagasit\u00f5mbumise saavutamiseks h\u00fcdraulika\u00f5li r\u00f5hku, mis tagab kiire reageerimise t\u00f6\u00f6k\u00e4skudele.<\/li>\n<li><strong>Erinevad t\u00fc\u00fcbid:<\/strong> Saadaval \u00fchetoimelise (h\u00fcdrauliline t\u00f6\u00f6 \u00fches suunas) v\u00f5i kahetoimelise (h\u00fcdrauliline t\u00f6\u00f6 m\u00f5lemas suunas) konfiguratsioonina, mis vastab erinevatele t\u00f6\u00f6vajadustele.<\/li>\n<li><strong>Kompaktne disain:<\/strong> M\u00f5nel mudelil on teleskoopkonstruktsioon, mis v\u00f5imaldab suuremat pikendamist ilma v\u00e4lism\u00f5\u00f5tmeid suurendamata, mis sobib ideaalselt ruumipiirangutega rakenduste jaoks.<\/li>\n<li><strong>Asendamise lihtsus:<\/strong> Meie silindrid on loodud olemasolevate h\u00fcdrosilindrite sujuvaks asendamiseks, tagades \u00fchilduvuse ja t\u00f6\u00f6 efektiivsuse.<\/li>\n<\/ul>\n<p><img decoding=\"async\" src=\"https:\/\/www.hydraulic-cylinders.net\/wp-content\/uploads\/2025\/04\/songte-cylinder-head-with-all-kinds-excavator-models.webp\" alt=\"H\u00fcdraulilise silindri vahetamise valikud\"><\/p>\n<h2>Poomi silindri rakendused<\/h2>\n<h3>1. Ehitustehnika<\/h3>\n<p>Ekskavaatorites on noole silinder \u00fclioluline kaevamisel, laadimisel ja pinnase v\u00f5i prahi teisaldamisel. Selle v\u00f5ime v\u00e4lja ja tagasi t\u00f5mbuda v\u00f5imaldab t\u00e4pset kaevamist ja materjali paigutamist. Ekskavaator-laadurites aitab silinder kaasa nii kaevamis- kui ka t\u00f5stet\u00f6\u00f6dele, suurendades \u00fcldist tootlikkust. Noole silindri t\u00f5hus t\u00f6\u00f6 m\u00f5jutab otseselt ehitusprojektide kiirust ja efektiivsust.<\/p>\n<h3>2. P\u00f5llumajandustehnika<\/h3>\n<p>Esilaadurid kasutavad mulla, heina ja muude materjalide kopeerimiseks, t\u00f5stmiseks ja transportimiseks noole silindreid. Silindri pakutav h\u00fcdrauliline j\u00f5ud v\u00f5imaldab kiireid ja t\u00f5husaid laadimistoiminguid, mis on p\u00f5llumajanduse juhtimiseks h\u00e4davajalik. Noole silindri kohandatavus erinevateks p\u00f5llumajandust\u00f6\u00f6deks suurendab selle v\u00e4\u00e4rtust p\u00f5llumajandussektoris.<\/p>\n<h3>3. Ekskavaatorid<\/h3>\n<p>Noole silinder v\u00f5imaldab kopal kaevamise ajal pinnasesse tungida, mis v\u00f5imaldab s\u00fcgavamale ja t\u00f5husamalt kaevata. Selle h\u00fcdraulilised v\u00f5imalused v\u00f5imaldavad ekskavaatoril t\u00e4ita mitmesuguseid funktsioone, n\u00e4iteks kaevamist ja tasandamist, mis n\u00e4itab selle mitmek\u00fclgsust ehituses ja haljastuses.<\/p>\n<h3>4. Laadurid<\/h3>\n<p>Esilaadurites aitavad noolesilindrid materjale t\u00f5husalt t\u00f5sta ja t\u00fchjendada. See funktsioon on \u00fclioluline ehituses ja haljastuses, kus materjalide \u00f5igeaegne liigutamine v\u00f5ib projekti ajakava oluliselt m\u00f5jutada. Noolesilindri t\u00f6\u00f6kindlus tagab laadurite optimaalse efektiivsuse.<\/p>\n<h2>Projekteerimiskaalutlused ja valikukriteeriumid<\/h2>\n<h3>Kandev\u00f5ime<\/h3>\n<p>Poomi silindri valimisel on kandev\u00f5ime m\u00f5istmine \u00fclioluline. Silinder peab suutma taluda maksimaalset t\u00f5stetavat raskust, ilma et see kahjustaks j\u00f5udlust v\u00f5i ohutust. See n\u00f5uab p\u00f5hjalikke arvutusi, mis p\u00f5hinevad eeldatavatel t\u00f6\u00f6koormustel, et tagada \u00f5igete spetsifikatsioonide t\u00e4itmine.<\/p>\n<h3>Tihendusv\u00f5ime<\/h3>\n<p>T\u00f5hus tihendus on h\u00fcdraulikas\u00fcsteemides kriitilise t\u00e4htsusega, et v\u00e4ltida vedeliku lekkeid ja s\u00e4ilitada r\u00f5hk. Vastupidavuse suurendamiseks tuleks valida kvaliteetsed tihendusmaterjalid, n\u00e4iteks pol\u00fcuretaan ja nitriilkummi. Tihenduskomponentide t\u00e4pne disain tagab pikaajalise j\u00f5udluse ja minimeerib hooldusvajaduse.<\/p>\n<h3>Vastupidavus<\/h3>\n<p>Vastupidavus on v\u00f5tmetegur, kuna noole silindrid t\u00f6\u00f6tavad rasketes tingimustes. Materjalid peaksid olema kulumiskindlad ning konstruktsioonides peaksid olema korrosioonivastased kaitsekatted. See kaalutlus pikendab oluliselt silindri eluiga ja v\u00e4hendab vahetamise sagedust.<\/p>\n<h3>Turvaelemendid<\/h3>\n<p>Ohutuselementide, n\u00e4iteks \u00fcler\u00f5huventiilide lisamine on oluline \u00fclekoormuse ja v\u00f5imalike rikete v\u00e4ltimiseks. Projekteerimine peaks h\u00f5lmama mehhanisme, mis tagavad raskete masinate ohutu t\u00f6\u00f6, aidates kaasa ohutumale t\u00f6\u00f6keskkonnale.<\/p>\n<h3>Hoolduse ligip\u00e4\u00e4setavus<\/h3>\n<p>Poomi silindrite projekteerimisel on oluline arvestada hooldusvajadustega. Komponentidele peaks olema regulaarseks hoolduseks lihtne juurde p\u00e4\u00e4seda, mis h\u00f5lbustab \u00f5igeaegset kontrolli ja remonti. See ligip\u00e4\u00e4setavus aitab pikendada masina kasutusiga ja t\u00f6\u00f6 efektiivsust.<\/p>\n<p><img decoding=\"async\" src=\"https:\/\/www.hydraulic-cylinders.net\/wp-content\/uploads\/2025\/04\/songte-oil-pipes-and-spare-parts.webp\" alt=\"H\u00fcdrauliliste silindrite komponendid\"><\/p>\n<h2>Tihendus ja m\u00e4\u00e4rimine<\/h2>\n<p>Poomi silindrite t\u00f5husaks toimimiseks on oluline korralik tihendamine ja m\u00e4\u00e4rimine. H\u00fcdraulilise vedeliku lekke v\u00e4ltimiseks kasutatakse mitmesuguseid tihenduselemente, n\u00e4iteks kolvitihendeid ja vardatihendeid. Eelistatakse kulumiskindlatest materjalidest, n\u00e4iteks pol\u00fcuretaanist ja nitriilkummist, valmistatud tihendeid nende vastupidavuse ja t\u00f5hususe t\u00f5ttu.<\/p>\n<p>Silindri korpus ja keermestatud otsapinnad l\u00e4bivad kulumiskindluse suurendamiseks hoolika viimistluse. H\u00f5\u00f5rdumise minimeerimiseks ja komponentide sujuva t\u00f6\u00f6 tagamiseks on vajalik regulaarne m\u00e4\u00e4rimine h\u00fcdraulika\u00f5liga. M\u00e4\u00e4rimisrutiini kehtestamine aitab s\u00e4ilitada optimaalset j\u00f5udlust ja pikendab silindri t\u00f6\u00f6iga.<\/p>\n<h2>Regulaarne kontroll ja ennetav hooldus<\/h2>\n<ul>\n<li><strong>Visuaalsed kontrollid:<\/strong> Kontrollige regulaarselt poomi silindrit n\u00e4htavate kahjustuste, lekete v\u00f5i kulumism\u00e4rkide suhtes. Probleemide varajane avastamine aitab v\u00e4ltida edasisi kahjustusi ja kulukaid remondit\u00f6id.<\/li>\n<li><strong>M\u00e4\u00e4rimiskontrollid:<\/strong> Veenduge, et h\u00fcdraulika\u00f5li tase on piisav ja et \u00f5li ei sisalda saasteaineid. N\u00f5uetekohane m\u00e4\u00e4rimine on sujuva t\u00f6\u00f6 tagamiseks kriitilise t\u00e4htsusega.<\/li>\n<li><strong>Tihendi vahetamine:<\/strong> J\u00e4lgige tihendite seisukorda ja vahetage need vastavalt vajadusele v\u00e4lja, et v\u00e4ltida lekkeid ja s\u00e4ilitada h\u00fcdrauliline r\u00f5hk.<\/li>\n<\/ul>\n<h2>Paigaldusjuhised<\/h2>\n<p>Poomi silindri \u00f5ige paigaldamine on selle j\u00f5udluse ja pikaealisuse seisukohalt \u00fclioluline. Alustage silindri \u00f5igest joondamisest masina kinnituspunktidega. Stabiilsuse tagamiseks ja joondamise v\u00e4ltimiseks t\u00f6\u00f6 ajal on tungivalt soovitatav kasutada sobivaid kinnitusklambreid.<\/p>\n<p>Enne kasutamist veenduge, et k\u00f5ik h\u00fcdraulilised \u00fchendused on kindlalt paigas, ja kontrollige v\u00f5imalike lekete suhtes. Oluline on j\u00e4rgida tootja spetsifikatsioone p\u00f6\u00f6rdemomendi s\u00e4tete ja paigaldusprotseduuride kohta. Silindri \u00f5ige joondamine ja kindel kinnitus parandavad selle j\u00f5udlust ja minimeerivad kulumist.<\/p>\n<h2>Levinumad hooldust\u00f6\u00f6d<\/h2>\n<ul>\n<li><strong>Regulaarsed kontrollid:<\/strong> Tehke perioodilisi kontrolle, et kulumism\u00e4rke v\u00f5i v\u00f5imalikke rikkeid varakult tuvastada. See tava tagab \u00f5igeaegse sekkumise ja ennetab suuremaid rikkeid.<\/li>\n<li><strong>\u00d5ige m\u00e4\u00e4rimine:<\/strong> K\u00f5igi liikuvate osade piisava m\u00e4\u00e4rimise tagamiseks j\u00e4rgige j\u00e4rjepidevat m\u00e4\u00e4rimisgraafikut. See hoiab \u00e4ra liigse kulumise ja pikendab silindri eluiga.<\/li>\n<li><strong>Tihendi vahetamine:<\/strong> Kontrollige regulaarselt tihendeid ja vahetage need v\u00e4lja, kui need n\u00e4itavad kulumism\u00e4rke. See lihtne toiming aitab v\u00e4ltida lekkeid ja s\u00e4ilitada h\u00fcdros\u00fcsteemi terviklikkust.<\/li>\n<\/ul>\n<h2>Ohutuskaalutlused ja keskkonnategurid<\/h2>\n<p>H\u00fcdrauliliste masinate k\u00e4itamisel on ohutusmeetmed \u00fcliolulised. Operaatorid peaksid olema koolitatud masinate \u00f5ige kasutamise ja ohutusprotokollide osas, et minimeerida riske. Masina piirangute m\u00f5istmine ja soovitatud t\u00f6\u00f6protseduuride j\u00e4rgimine on \u00f5nnetuste v\u00e4ltimiseks oluline.<\/p>\n<h2>Veaotsing ja levinud probleemid<\/h2>\n<ul>\n<li><strong>Aeglane liikumine:<\/strong> See v\u00f5ib viidata madalale h\u00fcdraulikavedeliku tasemele v\u00f5i \u00f5hule s\u00fcsteemis. Probleemi lahendamiseks kontrollige vedeliku taset ja \u00f5hutage s\u00fcsteemi.<\/li>\n<li><strong>Leke:<\/strong> Kontrollige tihendeid ja \u00fchendusi kulumise v\u00f5i kahjustuste suhtes. Vahetage tihendid vastavalt vajadusele, et s\u00e4ilitada r\u00f5hk ja v\u00e4ltida lekkeid.<\/li>\n<li><strong>Liikumine puudub:<\/strong> See v\u00f5ib tuleneda elektriprobleemidest v\u00f5i ummistustest h\u00fcdraulikavoolikutes. Kontrollige h\u00fcdraulikaringlust p\u00f5hjalikult rikete suhtes.<\/li>\n<\/ul>\n<h2>N\u00e4pun\u00e4ited t\u00f5husaks t\u00f5rkeotsinguks<\/h2>\n<p>Poomi silindri probleemide diagnoosimisel alustage visuaalse kontrolliga, et tuvastada k\u00f5ik ilmsed probleemid. Regulaarsed hooldustavad aitavad v\u00e4ltida paljusid levinud probleeme, nagu lekked ja aeglane t\u00f6\u00f6. \u00dcksikasjaliku hoolduslogi pidamine aitab tuvastada korduvaid probleeme ja h\u00f5lbustada remondi paremat planeerimist.<\/p>\n<p><img decoding=\"async\" src=\"https:\/\/www.hydraulic-cylinders.net\/wp-content\/uploads\/2025\/04\/songte-bushings-with-all-kinds-of-excavator-models.webp\" alt=\"Ekskavaatori mudelid\"><\/p>\n<h2>Meie ettev\u00f5ttest<\/h2>\n<p>Oleme juhtiv asendush\u00fcdrauliliste silindrite tootja, pakkudes laia tootevalikut. Meie ettev\u00f5te on ennast t\u00f5estanud h\u00fcdrosilindrite juhtiva tootja ja hulgim\u00fc\u00fcjana nii sise- kui ka rahvusvahelistel turgudel. J\u00e4rgime k\u00f5rgeimaid kvaliteedistandardeid ja rakendame t\u00e4iustatud tootmisjuhtimise strateegiat.<\/p>\n<p>Andekate spetsialistide, t\u00e4iustatud digitaalsete tootmisseadmete ja spetsiaalsete testimiss\u00fcsteemide abil t\u00e4iustame pidevalt oma tootmisv\u00f5imsust. Meie p\u00fchendumus kvaliteedile mitte ainult ei rahulda klientide mitmekesiseid vajadusi, vaid tugevdab ka meie turupositsiooni.<\/p>\n<p><img decoding=\"async\" src=\"https:\/\/www.hydraulic-cylinders.net\/wp-content\/uploads\/2025\/04\/songte-company-4.webp\" alt=\"Ettev\u00f5tte \u00fclevaade\"><br \/>\n<img decoding=\"async\" src=\"https:\/\/www.hydraulic-cylinders.net\/wp-content\/uploads\/2025\/04\/songte-company-3.webp\" alt=\"Tootmis\u00fcksus\"><\/p>\n<p>Oleme uhked oma professionaalsuse, rahvusvaheliste sertifikaatide, kohandatavate teenuste ja suurep\u00e4rase m\u00fc\u00fcgij\u00e4rgse toe \u00fcle, tagades oma klientidele parima kvaliteedi ja teeninduse.<\/p>\n<p>Autor: lyl<\/p>","protected":false},"excerpt":{"rendered":"<p>Boom Cylinder For Kato Small Excavator HD550-1-7 Understanding the Boom Cylinder The boom cylinder is a hydraulic cylinder specifically designed for controlling the movement of the boom on various heavy machinery, such as excavators, backhoe loaders, and front-end loaders. This essential component allows the boom to lift, lower, and tilt, facilitating efficient material handling tasks. [&hellip;]<\/p>","protected":false},"featured_media":17875,"comment_status":"open","ping_status":"closed","template":"","meta":{"_et_pb_use_builder":"","_et_pb_old_content":"","_et_gb_content_width":""},"product_brand":[],"product_cat":[1546],"product_tag":[1547,1496],"class_list":{"0":"post-19732","1":"product","2":"type-product","3":"status-publish","4":"has-post-thumbnail","6":"product_cat-boom-cylinders","7":"product_tag-boom-cylinders","8":"product_tag-hydraulic-cylinders","10":"first","11":"instock","12":"shipping-taxable","13":"product-type-simple"},"amp_enabled":true,"_links":{"self":[{"href":"https:\/\/www.hydraulic-cylinders.net\/et\/wp-json\/wp\/v2\/product\/19732","targetHints":{"allow":["GET"]}}],"collection":[{"href":"https:\/\/www.hydraulic-cylinders.net\/et\/wp-json\/wp\/v2\/product"}],"about":[{"href":"https:\/\/www.hydraulic-cylinders.net\/et\/wp-json\/wp\/v2\/types\/product"}],"replies":[{"embeddable":true,"href":"https:\/\/www.hydraulic-cylinders.net\/et\/wp-json\/wp\/v2\/comments?post=19732"}],"wp:featuredmedia":[{"embeddable":true,"href":"https:\/\/www.hydraulic-cylinders.net\/et\/wp-json\/wp\/v2\/media\/17875"}],"wp:attachment":[{"href":"https:\/\/www.hydraulic-cylinders.net\/et\/wp-json\/wp\/v2\/media?parent=19732"}],"wp:term":[{"taxonomy":"product_brand","embeddable":true,"href":"https:\/\/www.hydraulic-cylinders.net\/et\/wp-json\/wp\/v2\/product_brand?post=19732"},{"taxonomy":"product_cat","embeddable":true,"href":"https:\/\/www.hydraulic-cylinders.net\/et\/wp-json\/wp\/v2\/product_cat?post=19732"},{"taxonomy":"product_tag","embeddable":true,"href":"https:\/\/www.hydraulic-cylinders.net\/et\/wp-json\/wp\/v2\/product_tag?post=19732"}],"curies":[{"name":"wp","href":"https:\/\/api.w.org\/{rel}","templated":true}]}}