{"id":19733,"date":"2025-04-07T07:04:37","date_gmt":"2025-04-07T07:04:37","guid":{"rendered":"https:\/\/www.hydraulic-cylinders.net\/product\/boom-cylinder-for-kato-small-excavator-hd820-3\/"},"modified":"2025-04-07T07:04:39","modified_gmt":"2025-04-07T07:04:39","slug":"boom-cylinder-for-kato-small-excavator-hd820-3","status":"publish","type":"product","link":"https:\/\/www.hydraulic-cylinders.net\/et\/toode\/boom-cylinder-for-kato-small-excavator-hd820-3\/","title":{"rendered":"Kato v\u00e4ikese ekskavaatori HD820-3 poomi silinder"},"content":{"rendered":"<h1>Kato v\u00e4ikese ekskavaatori HD820-3 poomi silinder<\/h1>\n<h2>Sissejuhatus poomi silindritesse<\/h2>\n<p>Kato v\u00e4ikeekskavaatori HD820-3 noole silinder on oluline h\u00fcdrauliline komponent, mis on spetsiaalselt loodud koppade liikumise juhtimiseks erinevates rasketehnikas, sealhulgas ekskavaatorites, laadur-ekskavaatorites ja esilaadurites. Need h\u00fcdraulilised silindrid h\u00f5lbustavad kopa t\u00f5stmist, langetamist ja kallutamist, muutes need ehitus- ja kaevamist\u00f6\u00f6de materjalik\u00e4itlust\u00f6\u00f6deks \u00fclioluliseks.<\/p>\n<p>Nende seadmete tuumaks on h\u00fcdros\u00fcsteem, mis kasutab liikumise tekitamiseks survestatud vedelikku. Kopa silinder kui h\u00fcdrosilindri t\u00fc\u00fcp on konstrueeritud taluma raskete esemete t\u00f5stmisel ja teisaldamisel tekkivaid \u00e4\u00e4rmuslikke j\u00f5ude. Nende vastupidav konstruktsioon tagab t\u00f6\u00f6kindluse ja j\u00f5udluse isegi karmides t\u00f6\u00f6keskkondades.<\/p>\n<p><img decoding=\"async\" src=\"https:\/\/www.hydraulic-cylinders.net\/wp-content\/uploads\/2025\/04\/songte-company-1.webp\" alt=\"Kato v\u00e4ikese ekskavaatori poomi silinder\"><\/p>\n<h3>Poomi silindri omadused<\/h3>\n<ul>\n<li><strong>Suur tugevus ja vastupidavus:<\/strong> Need \u00fclitugevast terasest v\u00f5i alumiiniumist valmistatud silindrid taluvad k\u00f5rget r\u00f5hku ja suuri koormusi, mist\u00f5ttu sobivad need karmideks t\u00f6\u00f6tingimusteks.<\/li>\n<li><strong>T\u00f5hus h\u00fcdrauliline t\u00f6\u00f6:<\/strong> Silindri sujuv pikendamine ja tagasit\u00f5mbumine saavutatakse h\u00fcdraulilise \u00f5lir\u00f5hu abil, mis v\u00f5imaldab kiiret reageerimist juhtimisk\u00e4sklustele ning v\u00f5imsat t\u00f5uke- ja t\u00f5mbej\u00f5udu.<\/li>\n<li><strong>Erinevad t\u00fc\u00fcbid:<\/strong> Poomi silindrid on saadaval nii \u00fche- kui ka kahetoimelise konstruktsiooniga, et rahuldada erinevaid t\u00f6\u00f6vajadusi. M\u00f5ned mudelid on teleskoopilised, mis v\u00f5imaldab suuremat pikendamist ilma v\u00e4lism\u00f5\u00f5tmeid suurendamata, mis sobib ideaalselt ruumipiirangutega rakenduste jaoks.<\/li>\n<li><strong>\u00dchilduvus:<\/strong> Meie tooted on loodud olemasolevate h\u00fcdrosilindrite ideaalseks asendamiseks, tagades sujuva integreerimise olemasolevate masinatega.<\/li>\n<li><strong>Hoolduss\u00f5bralik disain:<\/strong> Need silindrid on konstrueeritud h\u00f5lpsaks hooldamiseks, tagades pikaajalise j\u00f5udluse ja v\u00e4hendatud seisakuaega.<\/li>\n<\/ul>\n<p><img decoding=\"async\" src=\"https:\/\/www.hydraulic-cylinders.net\/wp-content\/uploads\/2025\/04\/songte-cylinder-head-with-all-kinds-excavator-models.webp\" alt=\"Ekskavaatorimudelite \u00fchilduvus\"><\/p>\n<h2>Poomi silindri rakendused<\/h2>\n<h3>Ehitustehnika<\/h3>\n<p>Ehitusmasinates, eriti ekskavaatorites, on noolesilindrid \u00fcliolulised kaevamiseks, laadimiseks ja mulla v\u00f5i prahi teisaldamiseks. Need annavad vajaliku j\u00f5u pinnasesse tungimiseks, v\u00f5imaldades operaatoritel t\u00f5husalt kaevata. Ekskavaator-laadurites aitavad need silindrid mitte ainult kaevamisel, vaid ka materjalide t\u00f5stmisel, suurendades masina mitmek\u00fclgsust ja t\u00f5husust erinevates \u00fclesannetes.<\/p>\n<h3>P\u00f5llumajandustehnika<\/h3>\n<p>P\u00f5llumajandusmasinates kasutavad esilaadurid mulla, heina ja muude materjalide kopeerimiseks, t\u00f5stmiseks ja transportimiseks noolesilindreid. Need h\u00fcdraulilised silindrid m\u00e4ngivad olulist rolli p\u00f5llumajandustegevuse efektiivsuse parandamisel, v\u00f5imaldades kiiret materjalide k\u00e4itlemist ja transporti, mis on p\u00f5llumajanduskeskkonna tootlikkuse seisukohalt \u00fclioluline.<\/p>\n<h3>Ekskavaatorid<\/h3>\n<p>Ekskavaatorite puhul v\u00f5imaldab noole silinder kopal pinnasesse tungida, h\u00f5lbustades t\u00f5husat kaevamist. Nende silindrite pakutav h\u00fcdrauliline j\u00f5ud v\u00f5imaldab ekskavaatoritel t\u00e4pselt ja h\u00f5lpsalt t\u00e4ita mitmesuguseid \u00fclesandeid, alates kraavide kaevamisest kuni vundamendi kaevamiseni. See v\u00f5imekus on \u00fclioluline ehitusprojektide puhul, mis n\u00f5uavad s\u00fcgavat kaevet\u00f6\u00f6d.<\/p>\n<h3>Laadurid<\/h3>\n<p>Esilaaduritel aitavad noolesilindrid koormaid t\u00f5husalt t\u00f5sta ja t\u00fchjendada. Need pakuvad vajalikku t\u00f5stej\u00f5udu raskete materjalide t\u00f5stmiseks ja kontrollitud t\u00fchjendamise tagamiseks, mis suurendab materjalide k\u00e4itlemise \u00fcldist efektiivsust ehitus- ja haljastust\u00f6\u00f6del.<\/p>\n<h2>Poomi silindrite projekteerimiskaalutlused<\/h2>\n<h3>Kandev\u00f5ime<\/h3>\n<p>Poomisilindrite projekteerimisel on kandev\u00f5ime kriitilise t\u00e4htsusega tegur. Silinder peab suutma taluda maksimaalset eeldatavat koormust, ilma et see kahjustaks ohutust v\u00f5i j\u00f5udlust. Insenerid arvutavad vajaliku kandev\u00f5ime silindri konkreetsete rakenduste p\u00f5hjal, tagades, et see vastab t\u00f6\u00f6stusstandarditele v\u00f5i \u00fcletab neid.<\/p>\n<h3>Tihendus ja vastupidavus<\/h3>\n<p>T\u00f5hus tihendus on h\u00fcdrauliliste silindrite puhul \u00fclioluline, et v\u00e4ltida lekkeid ja s\u00e4ilitada r\u00f5hk. Pikaealisuse ja t\u00f6\u00f6kindluse suurendamiseks kasutatakse vastupidavatest materjalidest, n\u00e4iteks pol\u00fcuretaanist ja nitriilkummist, valmistatud kvaliteetseid tihendeid. Projekteerimisel tuleb arvestada ka v\u00f5imaliku kulumisega, tagades, et tihendid taluvad t\u00f6\u00f6 raskusi.<\/p>\n<h3>Turvaelemendid<\/h3>\n<p>Ohutus on noolesilindrite projekteerimisel esmat\u00e4htis. Ohutuselementide, n\u00e4iteks r\u00f5huvabastusventiilide ja rikkeohutusmehhanismide lisamine tagab seadmete ohutu t\u00f6\u00f6tamise. Regulaarsed ohutuskontrollid ja ohutusstandardite j\u00e4rgimine on \u00f5nnetuste ja seadmete rikete v\u00e4ltimiseks \u00fcliolulised.<\/p>\n<h3>Hoolduse ligip\u00e4\u00e4setavus<\/h3>\n<p>Hooldusele ligip\u00e4\u00e4setavuse arvestamine on oluline poomi silindrite optimaalses seisukorras hoidmiseks. Sellised omadused nagu h\u00f5lpsad juurdep\u00e4\u00e4supunktid m\u00e4\u00e4rimiseks ja kontrollimiseks v\u00f5ivad seisakuid oluliselt v\u00e4hendada. L\u00e4bim\u00f5eldud disain v\u00f5ib h\u00f5lbustada regulaarseid hoolduskontrolle, pikendades silindri eluiga ja parandades \u00fcldist j\u00f5udlust.<\/p>\n<p><img decoding=\"async\" src=\"https:\/\/www.hydraulic-cylinders.net\/wp-content\/uploads\/2025\/04\/songte-oil-pipes-and-spare-parts.webp\" alt=\"H\u00fcdraulilised torud ja varuosad\"><\/p>\n<h2>Poomi silindrite tihendamine ja m\u00e4\u00e4rimine<\/h2>\n<p>T\u00f5hus tihendus on poomi silindrite h\u00fcdraulilise r\u00f5hu s\u00e4ilitamiseks \u00fclioluline. H\u00fcdraulilise vedeliku lekete v\u00e4ltimiseks kasutatakse mitmesuguseid tihendeid, sealhulgas kolvitihendeid ja varrastihendeid. Tihendid on sageli valmistatud kulumiskindlatest materjalidest, nagu pol\u00fcuretaan ja nitriilkummi, mis on valitud nende vastupidavuse ja \u00e4\u00e4rmuslikele tingimustele vastupidavuse t\u00f5ttu.<\/p>\n<p>Silindri korpuse ja keermestatud otsa pind on hoolikalt t\u00f6\u00f6deldud, et suurendada kulumiskindlust, tagades pikaealisuse ja j\u00f5udluse. Samuti on vajalik regulaarne m\u00e4\u00e4rimine; operaatorid peaksid tagama, et silindri funktsionaalsuse s\u00e4ilitamiseks ja kulumise v\u00e4ltimiseks lisatakse perioodiliselt piisav kogus h\u00fcdraulika\u00f5li.<\/p>\n<h2>Regulaarne kontroll ja ennetav hooldus<\/h2>\n<ul>\n<li><strong>Rutiinsed kontrollid:<\/strong> Planeerige regulaarseid kontrolle, et tuvastada lekkeid, kulumist v\u00f5i kahjustusi. Probleemide varajane avastamine aitab v\u00e4ltida kulukaid remondit\u00f6id ja seisakuid.<\/li>\n<li><strong>\u00d5ige m\u00e4\u00e4rimine:<\/strong> Veenduge, et k\u00f5ik liikuvad osad oleksid h\u00f5\u00f5rdumise ja kulumise v\u00e4hendamiseks piisavalt m\u00e4\u00e4ritud sobiva h\u00fcdraulika\u00f5liga.<\/li>\n<li><strong>Tihendi vahetamine:<\/strong> Kontrollige regulaarselt tihendite kulumisj\u00e4lgede olemasolu ja vahetage need vastavalt vajadusele, et s\u00e4ilitada h\u00fcdrauliline efektiivsus ja v\u00e4ltida lekkeid.<\/li>\n<\/ul>\n<h2>Poomi silindrite paigaldusjuhised<\/h2>\n<p>Poomi silindri paigaldamine n\u00f5uab hoolikat t\u00e4helepanu detailidele, et tagada n\u00f5uetekohane toimimine ja pikaealisus. J\u00e4rgige neid juhiseid:<\/p>\n<ul>\n<li><strong>Ettevalmistus:<\/strong> Enne paigaldamist veenduge, et t\u00f6\u00f6ala on puhas ja prahist vaba. Koguge kokku k\u00f5ik vajalikud t\u00f6\u00f6riistad ja komponendid.<\/li>\n<li><strong>Joondus:<\/strong> Silindri \u00f5ige joondamine kinnituspunktidega on \u00fclioluline. Kasutage loodi, et veenduda silindri sirguses ja masina konstruktsiooniga joondatud olekus.<\/li>\n<li><strong>Turvaline kinnitus:<\/strong> Kasutage silindri kindlalt paigale kinnitamiseks sobivaid kinnitusklambreid. Veenduge, et k\u00f5ik poldid on tootja spetsifikatsioonide kohaselt pingutatud, et v\u00e4ltida liikumist t\u00f6\u00f6tamise ajal.<\/li>\n<li><strong>H\u00fcdrauliline \u00fchendus:<\/strong> \u00dchendage h\u00fcdraulikavoolikud ettevaatlikult, veendudes, et seal poleks keerdusid ega painutusi. Kontrollige \u00fchilduvust olemasolevate h\u00fcdraulikas\u00fcsteemidega.<\/li>\n<li><strong>Testimine:<\/strong> P\u00e4rast paigaldamist tehke katsek\u00e4ivitus, et veenduda silindri sujuvas ja leketevabas t\u00f6\u00f6s. J\u00e4lgige esmakordsel kasutamisel hoolikalt j\u00f5udlust.<\/li>\n<\/ul>\n<p><img decoding=\"async\" src=\"https:\/\/www.hydraulic-cylinders.net\/wp-content\/uploads\/2025\/04\/songte-chushion-collar.webp\" alt=\"Padjakaelus\"><\/p>\n<h2>Ohutuskaalutlused ja keskkonnategurid<\/h2>\n<p>H\u00fcdrauliliste silindrite kasutamisel on \u00f5nnetuste v\u00e4ltimiseks \u00fclioluline j\u00e4rgida ohutusmeetmeid. Operaatorid peaksid olema koolitatud \u00f5igete k\u00e4sitsemistehnikate ja isikukaitsevahendite (IKV) kasutamise osas. Ohutusstandardite ja -m\u00e4\u00e4ruste j\u00e4rgimise tagamiseks tuleks l\u00e4bi viia regulaarseid ohutusauditeid.<\/p>\n<p>Lisaks on olulised keskkonnakaalutlused, n\u00e4iteks h\u00fcdraulilise vedeliku lekete haldamine. H\u00fcdrauliliste vedelike ohjeldamismeetmete ja n\u00f5uetekohaste k\u00f5rvaldamisprotokollide rakendamine aitab oluliselt v\u00e4hendada h\u00fcdraulikas\u00fcsteemide keskkonnam\u00f5ju.<\/p>\n<h2>Rikete diagnoosimine ja levinud probleemid<\/h2>\n<ul>\n<li><strong>H\u00fcdraulilised lekked:<\/strong> Lekked v\u00f5ivad tekkida tihendite kulumise t\u00f5ttu. Selle probleemi v\u00e4ltimiseks on vaja regulaarset hooldust.<\/li>\n<li><strong>V\u00e4hendatud j\u00f5udlus:<\/strong> Kui silinder ei reageeri kiiresti v\u00f5i selle v\u00f5imsus on v\u00e4henenud, v\u00f5ib see viidata \u00f5hule h\u00fcdraulikas\u00fcsteemis v\u00f5i madalale vedeliku tasemele.<\/li>\n<li><strong>\u00dclekuumenemine:<\/strong> Pidev t\u00f6\u00f6tamine ilma piisava jahutuseta v\u00f5ib p\u00f5hjustada \u00fclekuumenemist, mis m\u00f5jutab h\u00fcdraulika\u00f5li viskoossust ja j\u00f5udlust.<\/li>\n<\/ul>\n<p>Nende probleemide diagnoosimisel on oluline h\u00fcdros\u00fcsteemi p\u00f5hjalikult kontrollida, kontrollides lekkeid, vedeliku taset ning tihendite ja voolikute terviklikkust. Regulaarsed ennetusmeetmed v\u00f5ivad potentsiaalseid probleeme oluliselt leevendada ja h\u00fcdrosilindrite eluiga pikendada.<\/p>\n<p><img decoding=\"async\" src=\"https:\/\/www.hydraulic-cylinders.net\/wp-content\/uploads\/2025\/04\/songte-bushings-with-all-kinds-of-excavator-models.webp\" alt=\"Ekskavaatorimudelite puksid\"><\/p>\n<h2>Kokkuv\u00f5te<\/h2>\n<p>Meie ettev\u00f5te on spetsialiseerunud kvaliteetsete asendush\u00fcdrauliliste silindrite tootmisele, olles end kehtestanud kui \u00fcks juhtivaid tootjaid ja hulgim\u00fc\u00fcjaid nii sise- kui ka rahvusvahelistel turgudel. J\u00e4rgime k\u00f5rgeimaid kvaliteedistandardeid, kasutades t\u00e4iustatud tootmisstrateegiaid ja tipptasemel digitaalseid seadmeid. Meie p\u00fchendumus tootmisprotsesside ja tootekvaliteedi pidevale t\u00e4iustamisele tagab, et rahuldame klientide mitmekesiseid vajadusi t\u00f5husalt ja t\u00e4pselt.<\/p>\n<p>Pakume kohandatud teenuseid, rahvusvahelisi sertifikaate ja tugevat m\u00fc\u00fcgij\u00e4rgset tugis\u00fcsteemi. Meie t\u00e4iustatud tootmisseadmed v\u00f5imaldavad meil s\u00e4ilitada toodetes suurt t\u00e4psust ja t\u00f5husust, tagades, et suudame rahuldada erinevaid rakendusi ja spetsifikatsioone.<\/p>\n<p><img decoding=\"async\" src=\"https:\/\/www.hydraulic-cylinders.net\/wp-content\/uploads\/2025\/04\/songte-company-4.webp\" alt=\"Ettev\u00f5tte \u00fclevaade\"><br \/>\n<img decoding=\"async\" src=\"https:\/\/www.hydraulic-cylinders.net\/wp-content\/uploads\/2025\/04\/songte-company-3.webp\" alt=\"Ettev\u00f5tte rajatised\"><\/p>\n<p>Autor: lyl<\/p>","protected":false},"excerpt":{"rendered":"<p>Boom Cylinder For Kato Small Excavator HD820-3 Introduction to Boom Cylinders The Boom Cylinder for Kato Small Excavator HD820-3 is an essential hydraulic component designed specifically for controlling the movement of buckets in various heavy machinery, including excavators, backhoe loaders, and front loaders. These hydraulic cylinders facilitate the lifting, lowering, and tilting of the bucket, [&hellip;]<\/p>","protected":false},"featured_media":17876,"comment_status":"open","ping_status":"closed","template":"","meta":{"_et_pb_use_builder":"","_et_pb_old_content":"","_et_gb_content_width":""},"product_brand":[],"product_cat":[1546],"product_tag":[1547,1496],"class_list":{"0":"post-19733","1":"product","2":"type-product","3":"status-publish","4":"has-post-thumbnail","6":"product_cat-boom-cylinders","7":"product_tag-boom-cylinders","8":"product_tag-hydraulic-cylinders","10":"first","11":"instock","12":"shipping-taxable","13":"product-type-simple"},"amp_enabled":true,"_links":{"self":[{"href":"https:\/\/www.hydraulic-cylinders.net\/et\/wp-json\/wp\/v2\/product\/19733","targetHints":{"allow":["GET"]}}],"collection":[{"href":"https:\/\/www.hydraulic-cylinders.net\/et\/wp-json\/wp\/v2\/product"}],"about":[{"href":"https:\/\/www.hydraulic-cylinders.net\/et\/wp-json\/wp\/v2\/types\/product"}],"replies":[{"embeddable":true,"href":"https:\/\/www.hydraulic-cylinders.net\/et\/wp-json\/wp\/v2\/comments?post=19733"}],"wp:featuredmedia":[{"embeddable":true,"href":"https:\/\/www.hydraulic-cylinders.net\/et\/wp-json\/wp\/v2\/media\/17876"}],"wp:attachment":[{"href":"https:\/\/www.hydraulic-cylinders.net\/et\/wp-json\/wp\/v2\/media?parent=19733"}],"wp:term":[{"taxonomy":"product_brand","embeddable":true,"href":"https:\/\/www.hydraulic-cylinders.net\/et\/wp-json\/wp\/v2\/product_brand?post=19733"},{"taxonomy":"product_cat","embeddable":true,"href":"https:\/\/www.hydraulic-cylinders.net\/et\/wp-json\/wp\/v2\/product_cat?post=19733"},{"taxonomy":"product_tag","embeddable":true,"href":"https:\/\/www.hydraulic-cylinders.net\/et\/wp-json\/wp\/v2\/product_tag?post=19733"}],"curies":[{"name":"wp","href":"https:\/\/api.w.org\/{rel}","templated":true}]}}