{"id":19736,"date":"2025-04-07T07:04:44","date_gmt":"2025-04-07T07:04:44","guid":{"rendered":"https:\/\/www.hydraulic-cylinders.net\/product\/boom-cylinder-for-kato-small-excavator-hd250-7\/"},"modified":"2025-04-07T07:04:46","modified_gmt":"2025-04-07T07:04:46","slug":"boom-cylinder-for-kato-small-excavator-hd250-7","status":"publish","type":"product","link":"https:\/\/www.hydraulic-cylinders.net\/et\/toode\/boom-cylinder-for-kato-small-excavator-hd250-7\/","title":{"rendered":"Kato v\u00e4ikese ekskavaatori HD250-7 poomi silinder"},"content":{"rendered":"<h1>Kato v\u00e4ikese ekskavaatori HD250-7 poomi silinder<\/h1>\n<h2>Toote \u00fclevaade<\/h2>\n<p>Kato v\u00e4ikeekskavaatori HD250-7 noole silinder on oluline komponent, millel on ehitusmasinate h\u00fcdraulikas\u00fcsteemide t\u00f6\u00f6s kriitiline roll. Kopa silinder, mis on spetsiaalselt loodud koppade liikumise juhtimiseks rasketes seadmetes, n\u00e4iteks ekskavaatorites, laadur-ekskavaatorites ja esilaadurites, v\u00f5imaldab koppa t\u00f5sta, langetada ja kallutada. See funktsioon on t\u00f5husate materjalik\u00e4itlust\u00f6\u00f6de jaoks \u00fclioluline.<\/p>\n<p><img decoding=\"async\" src=\"https:\/\/www.hydraulic-cylinders.net\/wp-content\/uploads\/2025\/04\/songte-company-1.webp\" alt=\"Poomi silindri pilt\" \/><\/p>\n<p>H\u00fcdraulilise \u00f5lir\u00f5hu abil tagavad kopasilindrid sujuva ja t\u00f5husa t\u00f6\u00f6, mis on oluline nii tootlikkuse kui ka ohutuse tagamiseks ehitusplatsil. Nende pakutav t\u00e4pne juhtimine v\u00f5imaldab operaatoritel raskeid materjale h\u00f5lpsalt man\u00f6\u00f6verdada, muutes need asendamatuks mitmesugustes rakendustes alates ehitusest kuni p\u00f5llumajandust\u00f6\u00f6deni.<\/p>\n<h2>Poomi silindri omadused<\/h2>\n<ul>\n<li><strong>Suur tugevus ja vastupidavus:<\/strong> See \u00fclitugevast terasest v\u00f5i alumiiniumist valmistatud silinder talub k\u00f5rget r\u00f5hku ja suuri koormusi, mist\u00f5ttu sobib see karmidesse t\u00f6\u00f6keskkondadesse. Selle konstruktsioonis on arvestatud ka kulumiskindluse ja korrosioonikaitsega, pikendades selle eluiga.<\/li>\n<li><strong>T\u00f5hus h\u00fcdrauliline t\u00f6\u00f6:<\/strong> Silinder kasutab sujuva pikenemise ja tagasit\u00f5mbamise saavutamiseks h\u00fcdraulilist \u00f5lir\u00f5hku, mis v\u00f5imaldab kiiret reageerimist operaatori k\u00e4skudele ja m\u00e4rkimisv\u00e4\u00e4rset t\u00f5stej\u00f5udu, mis sobib h\u00e4sti raskete ja keerukate \u00fclesannete t\u00e4itmiseks.<\/li>\n<li><strong>Saadaval on mitmesuguseid t\u00fc\u00fcpe:<\/strong> S\u00f5ltuvalt t\u00f6\u00f6vajadustest saavad kliendid valida \u00fchetoimeliste (h\u00fcdrauliline toime \u00fches suunas) v\u00f5i kahetoimeliste (h\u00fcdrauliline toime m\u00f5lemas suunas) silindrite vahel. M\u00f5nel mudelil on teleskoopkonstruktsioon, mis pakub suuremat ulatust ilma v\u00e4lism\u00f5\u00f5tmeid suurendamata, mis sobib ideaalselt piiratud ruumiga rakenduste jaoks.<\/li>\n<li><strong>Kohandatud tootmine:<\/strong> Meie tootmisv\u00f5imsused v\u00f5imaldavad meil toota silindreid, mis asendavad ideaalselt olemasolevaid h\u00fcdrosilindreid, tagades \u00fchilduvuse ja j\u00f5udluse erinevates masinates.<\/li>\n<li><strong>Mitmek\u00fclgsed rakendused:<\/strong> See silinder ei ole piiratud \u00fche kindla masinat\u00fc\u00fcbiga; see on kohandatav erinevatele rasketehnika mudelitele, muutes selle v\u00e4\u00e4rtuslikuks varaks mitmes t\u00f6\u00f6stusharus.<\/li>\n<\/ul>\n<p><img decoding=\"async\" src=\"https:\/\/www.hydraulic-cylinders.net\/wp-content\/uploads\/2025\/04\/songte-cylinder-head-with-all-kinds-excavator-models.webp\" alt=\"Ekskavaatori mudeli pilt\" \/><\/p>\n<h2>Poomi silindri rakendused<\/h2>\n<h3>Ehitustehnika<\/h3>\n<p>Ekskavaatorites on noolesilindrid kaevamisel, laadimisel ja pinnase v\u00f5i prahi teisaldamisel p\u00f6\u00f6rdelised. Need h\u00f5lbustavad kopa liikumist, mis on oluline selliste t\u00f6\u00f6de puhul nagu kaevamine ja platsi ettevalmistamine. Ekskavaator-laadurites abistab kopa silinder nii kaevamisel kui ka t\u00f5stmisel, v\u00f5imaldades laia valikut \u00fclesandeid ilma seadmeid vahetamata.<\/p>\n<h3>P\u00f5llumajandustehnika<\/h3>\n<p>Esilaadurites on noolesilindrid h\u00e4davajalikud mulla, heina ja muude materjalide kopeerimiseks, t\u00f5stmiseks ja transportimiseks. Nende tugevus ja t\u00f5husus muudavad need ideaalseks p\u00f5llumajandust\u00f6\u00f6deks, kus raskete koormate liigutamine on sagedane.<\/p>\n<h3>Ekskavaatorid<\/h3>\n<p>Noolesilindrid v\u00f5imaldavad ekskavaatoritel t\u00f5husalt pinnasesse tungida, v\u00f5imaldades kaevamisprotsessi t\u00e4pselt teostada. Need annavad vajaliku j\u00f5u k\u00f5va pinnase l\u00e4bimurdmiseks, muutes need ehitus- ja haljastust\u00f6\u00f6de oluliseks komponendiks.<\/p>\n<h3>Laadurid<\/h3>\n<p>Esilaaduritel aitavad noolesilindrid koormaid t\u00f5husalt t\u00f5sta ja t\u00fchjendada. Nende konstruktsioon tagab, et operaatorid saavad materjale minimaalse pingutusega teisaldada ja t\u00fchjendada, suurendades seel\u00e4bi tootlikkust t\u00f6\u00f6platsil.<\/p>\n<h2>Projekteerimiskaalutlused ja valikukriteeriumid<\/h2>\n<h3>Kandev\u00f5ime<\/h3>\n<p>Poomi silindri valimisel on esmat\u00e4htis kaalutlus kandev\u00f5ime. Silinder peab suutma taluda t\u00f6\u00f6 ajal eeldatavat maksimaalset koormust, ilma et see kahjustaks ohutust v\u00f5i j\u00f5udlust. See h\u00f5lmab p\u00f5hjalikke arvutusi ja katsetusi t\u00f6\u00f6kindluse tagamiseks. Insenerid peavad hindama liigutatava materjali kaalu, t\u00f6\u00f6 ajal rakendatavat j\u00f5udu ja rikke v\u00e4ltimiseks vajalikke ohutustegureid.<\/p>\n<h3>Tihendi terviklikkus<\/h3>\n<p>T\u00f5hus tihendamine on h\u00fcdrauliliste silindrite puhul \u00fclioluline, kuna see hoiab \u00e4ra lekked ja hoiab s\u00fcsteemis r\u00f5hu. Kvaliteetsed tihendid, mis on valmistatud vastupidavatest materjalidest nagu pol\u00fcuretaan ja nitriilkummi, on t\u00f6\u00f6tingimustele vastu pidamiseks h\u00e4davajalikud. Tihendite regulaarne kontroll ja v\u00f5imalik vahetamine v\u00f5ivad pikendada silindri t\u00f6\u00f6iga ja tagada j\u00e4rjepideva j\u00f5udluse.<\/p>\n<h3>Vastupidavus<\/h3>\n<p>Vastupidavus on noolesilindrite projekteerimisel oluline tegur. Need silindrid peavad vastu pidama karmidele keskkondadele, sealhulgas kokkupuutele tolmu, niiskuse ja kemikaalidega. Korrosiooni- ja kulumiskindlate materjalide valimine pikendab silindri eluiga ja v\u00e4hendab hoolduskulusid. Insenerid lisavad ka konstruktsioonielemente, mis suurendavad vastupidavust l\u00f6\u00f6kidele ja abrasiivsetele materjalidele kasutamise ajal.<\/p>\n<h3>Turvaelemendid<\/h3>\n<p>H\u00fcdrauliliste silindrite projekteerimisel ei tohiks ohutust kunagi ohtu seada. Selliste funktsioonide nagu r\u00f5hukaitseventiilide lisamine aitab v\u00e4ltida \u00fcler\u00f5hku, mis v\u00f5ib viia katastroofiliste riketeni. Lisaks aitavad redundantsete s\u00fcsteemide lisamine ja regulaarsed hoolduskontrollid kaasa t\u00f6\u00f6ohutusele kohapeal.<\/p>\n<h3>Hooldatavus<\/h3>\n<p>Hoolduse lihtsus on disaini oluline aspekt. Balloonide projekteerimisel tuleks silmas pidada ligip\u00e4\u00e4setavust, v\u00f5imaldades kiiret kontrolli ja remonti. Vahetatavate osade lisamine v\u00f5ib v\u00e4hendada seisakuid ja hoolduskulusid, muutes operaatorite jaoks seadmete optimaalses seisukorras hoidmise lihtsamaks.<\/p>\n<p><img decoding=\"async\" src=\"https:\/\/www.hydraulic-cylinders.net\/wp-content\/uploads\/2025\/04\/songte-oil-pipes-and-spare-parts.webp\" alt=\"\u00d5litorud ja varuosad\" \/><\/p>\n<h2>Silindri tihendamine ja m\u00e4\u00e4rimine<\/h2>\n<p>T\u00f5hus tihendamine ja m\u00e4\u00e4rimine on h\u00fcdrauliliste silindrite j\u00f5udluse ja pikaealisuse kriitilised komponendid. Erinevad tihendid, n\u00e4iteks kolvitihendid ja varrastihendid, tagavad h\u00fcdraulilise vedeliku p\u00fcsimise silindris, v\u00e4ltides lekkeid ja s\u00e4ilitades r\u00f5hu. Tihendimaterjalide, sealhulgas kulumiskindla pol\u00fcuretaani ja nitriilkummi valik on oluline kulumiskindluse ja keskkonnategurite suhtes vastupidavuse tagamiseks.<\/p>\n<p>Lisaks vajavad silindri korpus ja keermestatud otsad kulumiskindluse suurendamiseks peent\u00f6\u00f6tlust. Samuti on vajalik regulaarne m\u00e4\u00e4rimine; operaatorid peavad optimaalse j\u00f5udluse s\u00e4ilitamiseks perioodiliselt kontrollima ja t\u00e4iendama h\u00fcdraulika\u00f5li. N\u00f5uetekohane m\u00e4\u00e4rimine v\u00e4hendab h\u00f5\u00f5rdumist, suurendab h\u00fcdraulikas\u00fcsteemi efektiivsust ning pikendab tihendite ja kogu h\u00fcdraulikasilindri eluiga.<\/p>\n<h2>Regulaarne kontroll ja ennetav hooldus<\/h2>\n<ul>\n<li><strong>Planeeritud \u00fclevaatused:<\/strong> Kontrollige regulaarselt poomi silindrit kulumise, kahjustuste v\u00f5i lekete suhtes. Probleemide varajane avastamine aitab v\u00e4ltida suuremaid probleeme ja kulukaid remonte hiljem.<\/li>\n<li><strong>M\u00e4\u00e4rimine:<\/strong> Rakendage regulaarset m\u00e4\u00e4rimisgraafikut, et tagada k\u00f5igi liikuvate osade piisav m\u00e4\u00e4rimine. See minimeerib kulumist ja parandab h\u00fcdros\u00fcsteemi \u00fcldist j\u00f5udlust.<\/li>\n<li><strong>Tihendi vahetamine:<\/strong> J\u00e4lgige tihendite seisukorda ja vahetage need vastavalt vajadusele. Kulunud tihendid v\u00f5ivad p\u00f5hjustada vedeliku lekkeid, v\u00e4hendades h\u00fcdros\u00fcsteemi efektiivsust ja suurendades seadmete rikke ohtu.<\/li>\n<\/ul>\n<h2>Paigaldusjuhised<\/h2>\n<p>Poomi silindri \u00f5ige paigaldamine on optimaalse j\u00f5udluse ja ohutuse tagamiseks \u00fclioluline. Alustage paigalduskoha ettevalmistamisest, veendudes, et k\u00f5ik komponendid on puhtad ja prahist vabad. Joondage silinder \u00f5igesti kinnitusklambritega ja kasutage kinnitamiseks sobivaid kinnitusvahendeid. Silindri kahjustamise v\u00e4ltimiseks on oluline j\u00e4rgida tootja spetsifikatsioone kinnitusdetailide p\u00f6\u00f6rdemomentide s\u00e4tete kohta.<\/p>\n<p>Veenduge, et h\u00fcdraulikavoolikud on \u00f5igesti \u00fchendatud ja et vooluteel pole takistusi. P\u00e4rast paigaldamist \u00f5hutage h\u00fcdraulikas\u00fcsteemi, et eemaldada \u00f5humullid, mis v\u00f5ivad j\u00f5udlust m\u00f5jutada. L\u00f5puks kontrollige paigaldatud silindrit p\u00f5hjalikult, et veenduda, et k\u00f5ik komponendid on kindlalt kinnitatud ja t\u00f6\u00f6tavad sujuvalt.<\/p>\n<h2>Levinumad hooldust\u00f6\u00f6d<\/h2>\n<ul>\n<li><strong>Regulaarsed kontrollid:<\/strong> Planeerige regulaarseid kontrolle kulumise v\u00f5i kahjustuste m\u00e4rke avastamiseks. J\u00e4rjepidev j\u00e4lgimine aitab tuvastada potentsiaalseid probleeme enne nende s\u00fcvenemist, tagades poomi silindri ja selle toetatavate masinate pikaealisuse.<\/li>\n<li><strong>\u00d5ige m\u00e4\u00e4rimine:<\/strong> J\u00e4rgige h\u00fcdraulikas\u00fcsteemi jaoks \u00f5iget m\u00e4\u00e4rimisgraafikut. \u00d5ige t\u00fc\u00fcpi ja koguse h\u00fcdraulika\u00f5li kasutamine on sujuva ja t\u00f5husa t\u00f6\u00f6 tagamiseks \u00fclioluline. \u00dcle- v\u00f5i alam\u00e4\u00e4rimine v\u00f5ib p\u00f5hjustada t\u00f5siseid rikkeid.<\/li>\n<li><strong>Tihendi vahetamine ja kalibreerimise kontrollimine:<\/strong> Kontrollige regulaarselt tihendite kulumist ja vajadusel vahetage need v\u00e4lja. H\u00fcdraulikas\u00fcsteemi kalibreerimine tagab, et k\u00f5ik komponendid toimivad etten\u00e4htud parameetrite piires, mis on ohutu ja t\u00f5husa t\u00f6\u00f6 jaoks \u00fclioluline.<\/li>\n<\/ul>\n<p>Paigaldamise ajal on oluline silinder \u00f5igesti joondada, et v\u00e4ltida komponentide liigset pinget. Silindri kinnitamiseks kasutage sobivaid kinnitusklambreid. Soovitatavate kontrolli-, remondi- ja vahetusprotseduuride j\u00e4rgimine aitab pikendada poomi silindri eluiga ja parandada t\u00f6\u00f6 efektiivsust.<\/p>\n<p><img decoding=\"async\" src=\"https:\/\/www.hydraulic-cylinders.net\/wp-content\/uploads\/2025\/04\/songte-chushion-collar.webp\" alt=\"Padjakaelus\" \/><\/p>\n<h2>Ohutuskaalutlused ja keskkonnategurid<\/h2>\n<p>H\u00fcdrauliliste seadmete kasutamisel on ohutusmeetmed \u00fcliolulised. Operaatorid peaksid kandma sobivaid isikukaitsevahendeid (IKV) ja olema koolitatud ohutute t\u00f6\u00f6protseduuride osas. Regulaarsed koolitused aitavad t\u00f6\u00f6tajatel olla kursis h\u00fcdrauliliste s\u00fcsteemidega seotud riskide ja raskete masinate k\u00e4sitsemise parimate tavadega. Lisaks v\u00f5ivad h\u00fcdraulika j\u00f5udlust m\u00f5jutada keskkonnategurid, n\u00e4iteks t\u00f6\u00f6keskkonna temperatuur ja niiskus. Riskide maandamiseks aitab tagada, et k\u00f5ik komponendid on ette n\u00e4htud eeldatavatele tingimustele.<\/p>\n<h2>Rikete diagnoosimine ja levinud probleemid<\/h2>\n<ul>\n<li><strong>Lekkivad tihendid:<\/strong> \u00dcks levinumaid probleeme h\u00fcdrosilindrite juures on lekkivad tihendid. Seda saab sageli tuvastada silindri \u00fcmber oleva h\u00fcdraulikavedeliku j\u00e4rgi. Kulunud tihendite regulaarne kontroll ja kohene v\u00e4ljavahetamine on j\u00f5udluse s\u00e4ilitamiseks \u00fcliolulised.<\/li>\n<li><strong>V\u00e4hendatud silindri kiirus:<\/strong> Kui poomi silinder t\u00f6\u00f6tab tavap\u00e4rasest aeglasemalt, v\u00f5ib see viidata h\u00fcdraulikavoolikute ummistusele v\u00f5i madalale h\u00fcdraulikavedeliku tasemele. Vedelikutaseme kontrollimine ja voolikute puhtuse tagamine aitab selle probleemi lahendada.<\/li>\n<li><strong>Ebaj\u00e4rjekindel liikumine:<\/strong> Kui silinder ei ulatu v\u00e4lja ega t\u00f5mbu sisse sujuvalt, v\u00f5ib see olla tingitud h\u00fcdros\u00fcsteemi j\u00e4\u00e4nud \u00f5hust. S\u00fcsteemi \u00f5hutamine v\u00f5ib selle probleemi tavaliselt lahendada ja sujuva t\u00f6\u00f6 taastada.<\/li>\n<\/ul>\n<h2>Veaotsingu n\u00e4pun\u00e4ited ja lahendused<\/h2>\n<p>Probleemide t\u00f5husaks diagnoosimiseks ja lahendamiseks peaksid operaatorid selgelt aru saama h\u00fcdraulikas\u00fcsteemi toimimisest. Regulaarne t\u00f5rkeotsingu tehnikate alane koolitus aitab personalil probleeme t\u00f5husalt tuvastada ja lahendada. N\u00e4iteks lekete avastamise korral saab tihendite ja \u00fchenduste kontrollimise abil sageli probleemi allikat t\u00e4pselt kindlaks teha. J\u00f5udlusprobleemide ilmnemisel aitab h\u00fcdraulikavedeliku taseme ning voolikute ja liitmike seisukorra kontrollimine p\u00f5hjust kindlaks teha.<\/p>\n<p>Ennetavad meetmed, n\u00e4iteks regulaarne hooldus ja \u00fclevaatused, v\u00f5ivad probleemide tekkimise t\u00f5en\u00e4osust oluliselt v\u00e4hendada. P\u00f5hjaliku hooldusgraafiku koostamine, mis h\u00f5lmab regulaarseid \u00fclevaatusi, m\u00e4\u00e4rimist ja tihendite vahetamist, aitab minimeerida v\u00f5imalikke probleeme ja tagada h\u00fcdros\u00fcsteemi t\u00f5rgeteta t\u00f6\u00f6.<\/p>\n<p><img decoding=\"async\" src=\"https:\/\/www.hydraulic-cylinders.net\/wp-content\/uploads\/2025\/04\/songte-bushings-with-all-kinds-of-excavator-models.webp\" alt=\"Puksid ekskavaatorimudelitega\" \/><\/p>\n<h2>Ettev\u00f5tte profiil<\/h2>\n<p>Oleme juhtiv asendush\u00fcdrauliliste silindrite tootja, pakkudes laia tootevalikut ning t\u00f5estades end silmapaistva tegijana nii sise- kui ka rahvusvahelistel turgudel. Meie p\u00fchendumus tipptasemele peegeldub meie hoolikates tootmisjuhtimise strateegiates, mis kasutavad tipptasemel digitaalseid tootmisseadmeid ja spetsiaalseid testimiss\u00fcsteeme.<\/p>\n<p>Meie oskuslike spetsialistide meeskond t\u00e4iustab pidevalt oma tootmisplatvormi, tagades k\u00f5rge efektiivsuse, t\u00e4psuse ja kvaliteedi. Pakume kohandatud teenuseid, et rahuldada klientide mitmekesiseid vajadusi, j\u00e4rgides samal ajal rahvusvahelisi standardeid ja sertifikaate.<\/p>\n<p>Meie p\u00fchendumus klientide rahulolule ulatub m\u00fc\u00fcgist kaugemale, pakkudes tugevat m\u00fc\u00fcgij\u00e4rgset tuge, et tagada meie toodete t\u00f6\u00f6kindlus ja toimivus kohapeal.<\/p>\n<p><img decoding=\"async\" src=\"https:\/\/www.hydraulic-cylinders.net\/wp-content\/uploads\/2025\/04\/songte-company-4.webp\" alt=\"Ettev\u00f5tte pilt 1\" \/><br \/>\n<img decoding=\"async\" src=\"https:\/\/www.hydraulic-cylinders.net\/wp-content\/uploads\/2025\/04\/songte-company-3.webp\" alt=\"Ettev\u00f5tte pilt 2\" \/><\/p>\n<p>Autor: lyl<\/p>","protected":false},"excerpt":{"rendered":"<p>Boom Cylinder For Kato Small Excavator HD250-7 Product Overview The Boom Cylinder for Kato Small Excavator HD250-7 is an essential component that plays a critical role in the operation of hydraulic systems in construction machinery. A bucket cylinder, specifically designed for controlling the movement of buckets in heavy equipment such as excavators, backhoe loaders, and [&hellip;]<\/p>","protected":false},"featured_media":17879,"comment_status":"open","ping_status":"closed","template":"","meta":{"_et_pb_use_builder":"","_et_pb_old_content":"","_et_gb_content_width":""},"product_brand":[],"product_cat":[1546],"product_tag":[1547,1496],"class_list":{"0":"post-19736","1":"product","2":"type-product","3":"status-publish","4":"has-post-thumbnail","6":"product_cat-boom-cylinders","7":"product_tag-boom-cylinders","8":"product_tag-hydraulic-cylinders","10":"first","11":"instock","12":"shipping-taxable","13":"product-type-simple"},"amp_enabled":true,"_links":{"self":[{"href":"https:\/\/www.hydraulic-cylinders.net\/et\/wp-json\/wp\/v2\/product\/19736","targetHints":{"allow":["GET"]}}],"collection":[{"href":"https:\/\/www.hydraulic-cylinders.net\/et\/wp-json\/wp\/v2\/product"}],"about":[{"href":"https:\/\/www.hydraulic-cylinders.net\/et\/wp-json\/wp\/v2\/types\/product"}],"replies":[{"embeddable":true,"href":"https:\/\/www.hydraulic-cylinders.net\/et\/wp-json\/wp\/v2\/comments?post=19736"}],"wp:featuredmedia":[{"embeddable":true,"href":"https:\/\/www.hydraulic-cylinders.net\/et\/wp-json\/wp\/v2\/media\/17879"}],"wp:attachment":[{"href":"https:\/\/www.hydraulic-cylinders.net\/et\/wp-json\/wp\/v2\/media?parent=19736"}],"wp:term":[{"taxonomy":"product_brand","embeddable":true,"href":"https:\/\/www.hydraulic-cylinders.net\/et\/wp-json\/wp\/v2\/product_brand?post=19736"},{"taxonomy":"product_cat","embeddable":true,"href":"https:\/\/www.hydraulic-cylinders.net\/et\/wp-json\/wp\/v2\/product_cat?post=19736"},{"taxonomy":"product_tag","embeddable":true,"href":"https:\/\/www.hydraulic-cylinders.net\/et\/wp-json\/wp\/v2\/product_tag?post=19736"}],"curies":[{"name":"wp","href":"https:\/\/api.w.org\/{rel}","templated":true}]}}