{"id":19737,"date":"2025-04-07T07:04:46","date_gmt":"2025-04-07T07:04:46","guid":{"rendered":"https:\/\/www.hydraulic-cylinders.net\/product\/boom-cylinder-for-kato-small-excavator-hd450-5-7\/"},"modified":"2025-04-07T07:04:48","modified_gmt":"2025-04-07T07:04:48","slug":"boom-cylinder-for-kato-small-excavator-hd450-5-7","status":"publish","type":"product","link":"https:\/\/www.hydraulic-cylinders.net\/et\/toode\/boom-cylinder-for-kato-small-excavator-hd450-5-7\/","title":{"rendered":"Kato v\u00e4ikese ekskavaatori HD450-5-7 poomi silinder"},"content":{"rendered":"<h1>Kato v\u00e4ikese ekskavaatori HD450-5-7 poomi silinder<\/h1>\n<h2>Toote \u00fclevaade<\/h2>\n<p>Kato v\u00e4ikeekskavaatori HD450-5-7 poomi silinder on ekskavaatorite h\u00fcdros\u00fcsteemi oluline komponent. See on h\u00fcdrauliline silinder, mis on spetsiaalselt loodud poomi liikumise juhtimiseks erinevates rasketehnika rakendustes, n\u00e4iteks ekskavaatorites, laadur-ekskavaatorites ja esilaadurites. See silinder v\u00f5imaldab poomil t\u00f5sta, langetada ja kallutada, h\u00f5lbustades t\u00f5husaid materjalik\u00e4itlust\u00f6id.<\/p>\n<p>P\u00f5him\u00f5tteliselt on kopa silinder teatud t\u00fc\u00fcpi h\u00fcdrauliline silinder, mis t\u00f6\u00f6tab liikumise tekitamiseks survestatud h\u00fcdraulilise vedeliku abil. Selle rakendus on kriitilise t\u00e4htsusega ehituses ja rasketehnikas, v\u00f5imaldades t\u00e4pset juhtimist, paremat efektiivsust ja t\u00e4iustatud t\u00f6\u00f6v\u00f5imet. Poomi silindri vastupidav konstruktsioon ja usaldusv\u00e4\u00e4rne j\u00f5udlus muudavad selle iga kaevamisseadme asendamatuks osaks.<\/p>\n<p><img decoding=\"async\" src=\"https:\/\/www.hydraulic-cylinders.net\/wp-content\/uploads\/2025\/04\/songte-company-1.webp\" alt=\"Poomi silindri pilt\"><\/p>\n<h2>Peamised omadused<\/h2>\n<ul>\n<li><strong>Suur tugevus ja vastupidavus:<\/strong> See \u00fclitugevast terasest v\u00f5i alumiiniumist valmistatud silinder talub k\u00f5rget r\u00f5hku ja suuri koormusi. Selle konstruktsioonis on arvestatud kulumiskindluse ja korrosioonikindlusega, pikendades selle kasutusiga.<\/li>\n<li><strong>T\u00f5hus h\u00fcdrauliline t\u00f6\u00f6:<\/strong> Silinder kasutab sujuva pikenemise ja tagasit\u00f5mbamise saavutamiseks h\u00fcdraulika\u00f5li r\u00f5hku, reageerides kiiresti operaatori k\u00e4sklustele ning pakkudes tugevat t\u00f5uke- ja t\u00f5mbej\u00f5udu, mis sobib ideaalselt raskete esemete ja keerukate \u00fclesannete k\u00e4sitsemiseks.<\/li>\n<li><strong>Erinevad t\u00fc\u00fcbid:<\/strong> Saadaval nii \u00fchetoimelise (h\u00fcdraulilise r\u00f5hu abil \u00fches suunas) kui ka kahetoimelise (h\u00fcdraulilise r\u00f5hu abil m\u00f5lemas suunas) konfiguratsioonina, et see vastaks erinevatele t\u00f6\u00f6n\u00f5uetele. M\u00f5ned mudelid on teleskoopilised, v\u00f5imaldades suuremat pikendamist ilma v\u00e4lism\u00f5\u00f5tmeid suurendamata, sobides ruumikitsastes rakendustes.<\/li>\n<li><strong>\u00dchilduvus:<\/strong> Meie tooted on loodud mitmesuguste h\u00fcdrosilindrite ideaalseks asendamiseks, tagades sujuva integratsiooni olemasolevate masinatega.<\/li>\n<li><strong>Kvaliteedi tagamine:<\/strong> Iga silinder l\u00e4bib range testimise, et see vastaks rahvusvahelistele kvaliteedistandarditele, tagades t\u00f6\u00f6kindluse ja j\u00f5udluse kohapeal.<\/li>\n<\/ul>\n<p><img decoding=\"async\" src=\"https:\/\/www.hydraulic-cylinders.net\/wp-content\/uploads\/2025\/04\/songte-cylinder-head-with-all-kinds-excavator-models.webp\" alt=\"Ekskavaatori mudeli pilt\"><\/p>\n<h2>Poomi silindri rakendused<\/h2>\n<h3>Ehitustehnika<\/h3>\n<p>Ekskavaatorites on noolesilindrid \u00fcliolulised kaevamiseks, laadimiseks ja pinnase v\u00f5i prahi teisaldamiseks. Need annavad vajaliku j\u00f5u noole t\u00f5stmiseks, v\u00f5imaldades operaatoritel t\u00f5husalt kaevata. Ekskavaatoritel abistab noolesilinder nii kaevamisel kui ka t\u00f5stmisel, muutes selle oluliseks t\u00f6\u00f6riistaks mitmesuguste ehitust\u00f6\u00f6de jaoks.<\/p>\n<h3>P\u00f5llumajandustehnika<\/h3>\n<p>Esilaadurites kasutatakse noolesilindreid mulla, heina ja muude materjalide kopeerimiseks, t\u00f5stmiseks ja transportimiseks. Need v\u00f5imaldavad operaatoritel p\u00f5llumajandust\u00f6id t\u00f5husalt teha, suurendades tootlikkust taludes ja p\u00f5llumajandusmaadel.<\/p>\n<h3>Ekskavaatorid<\/h3>\n<p>Ekskavaatorites h\u00f5lbustab noole silinder kaevamist, v\u00f5imaldades kopal t\u00f5husalt pinnasesse tungida. See v\u00f5ime on \u00fclioluline kaevet\u00f6\u00f6de puhul, kus suurte mullamahtude teisaldamiseks on vaja t\u00e4psust ja v\u00f5imsust.<\/p>\n<h3>Laadurid<\/h3>\n<p>Esilaaduritel aitavad noolesilindrid koormaid t\u00f5husalt t\u00f5sta ja t\u00fchjendada. Need pakuvad vajalikku tugevust raskete materjalide t\u00f5stmiseks ja tagavad, et operaatorid saavad oma \u00fclesandeid ohutult ja t\u00f5husalt t\u00e4ita.<\/p>\n<h2>Projekteerimiskaalutlused ja valikukriteeriumid<\/h2>\n<h3>Kandev\u00f5ime<\/h3>\n<p>Poomi silindri valimisel on kandev\u00f5ime esmat\u00e4htis kaalutlus. See m\u00e4\u00e4rab maksimaalse raskuse, mida silinder suudab ohutult taluda, tagades samal ajal kaevandusmasinate j\u00f5udluse. H\u00e4sti disainitud silinder peaks vastama rakenduste konkreetsetele koormusn\u00f5uetele ilma rikkeohuta.<\/p>\n<h3>Tihendi terviklikkus<\/h3>\n<p>H\u00fcdrosilindri tihenduss\u00fcsteem on selle efektiivsuse ja pikaealisuse jaoks \u00fclioluline. Kvaliteetsed tihendid hoiavad \u00e4ra h\u00fcdraulilise vedeliku lekke, s\u00e4ilitades r\u00f5hu ja j\u00f5udluse. N\u00f5uetekohane tihendus v\u00e4hendab ka hooldusvajadust ja suurendab t\u00f6\u00f6kindlust, mist\u00f5ttu on see projekteerimisfaasis h\u00e4davajalik.<\/p>\n<h3>Vastupidavus<\/h3>\n<p>Vastupidav konstruktsioon on h\u00fcdrauliliste silindrite puhul kriitilise t\u00e4htsusega, eriti karmides t\u00f6\u00f6keskkondades. Kasutatavad materjalid peavad aja jooksul vastu pidama kulumisele, korrosioonile ja v\u00e4simusele, tagades silindri toimimise \u00e4\u00e4rmuslikes tingimustes. Vastupidavus m\u00f5jutab otseselt hoolduse sagedust ja seadmete kogu eluts\u00fckli kulusid.<\/p>\n<h3>Turvaelemendid<\/h3>\n<p>H\u00fcdrauliliste silindrite konstruktsiooni ohutusfunktsioonide lisamine on oluline \u00f5nnetuste ja rikete v\u00e4ltimiseks. Ohutusmehhanismid, nagu r\u00f5hukaitseventiilid ja \u00fclekoormuskaitsed, tagavad ohutu t\u00f6\u00f6, eriti raskete masinatega t\u00f6\u00f6tamisel, mis v\u00f5ivad eba\u00f5ige k\u00e4sitsemise korral ohtu kujutada.<\/p>\n<h3>Hooldatavus<\/h3>\n<p>Hooldatavust silmas pidades projekteerimine v\u00f5imaldab lihtsamaid remondit\u00f6id ja osade vahetamist, mis on seisakuaja minimeerimiseks \u00fclioluline. Ligip\u00e4\u00e4setavad komponendid ja kasutajas\u00f5bralik disain v\u00f5ivad oluliselt parandada h\u00fcdraulikas\u00fcsteemide pikaealisust ja t\u00f6\u00f6kindlust, muutes operaatorite jaoks seadmete tippseisukorras hoidmise lihtsamaks.<\/p>\n<p><img decoding=\"async\" src=\"https:\/\/www.hydraulic-cylinders.net\/wp-content\/uploads\/2025\/04\/songte-oil-pipes-and-spare-parts.webp\" alt=\"\u00d5litorude ja varuosade pilt\"><\/p>\n<h2>Tihendus ja m\u00e4\u00e4rimine<\/h2>\n<p>T\u00f5hus tihendamine ja m\u00e4\u00e4rimine on h\u00fcdrauliliste silindrite jaoks \u00fcliolulised. Erinevad tihenduskomponendid, n\u00e4iteks kolvitihendid ja varrastihendid, m\u00e4ngivad olulist rolli h\u00fcdrauliliste s\u00fcsteemide terviklikkuse s\u00e4ilitamisel. Pol\u00fcuretaanist ja nitriilkummist valmistatud tihendeid eelistatakse nende kulumiskindluse ja vastupidavuse t\u00f5ttu.<\/p>\n<p>Lisaks on silindri korpuse ja keermestatud otste pinnad hoolikalt t\u00f6\u00f6deldud, et suurendada kulumiskindlust. Regulaarne m\u00e4\u00e4rimine sobiva h\u00fcdraulika\u00f5liga on oluline h\u00f5\u00f5rdumise ja kulumise v\u00e4hendamiseks, tagades sujuva t\u00f6\u00f6 ja pikendades silindri eluiga.<\/p>\n<h2>Ennetavad hooldusmeetmed<\/h2>\n<ul>\n<li><strong>Regulaarsed kontrollid:<\/strong> Silindri n\u00f5uetekohase toimimise tagamiseks tehke regulaarseid kontrolle lekete, kulumise ja kahjustuste suhtes.<\/li>\n<li><strong>Sobiv m\u00e4\u00e4rimine:<\/strong> H\u00f5\u00f5rdumise ja \u00fclekuumenemise v\u00e4ltimiseks, mis v\u00f5ib p\u00f5hjustada enneaegset kulumist, hoidke \u00f5iget m\u00e4\u00e4rimistaset.<\/li>\n<li><strong>Tihendi vahetamine:<\/strong> Kontrollige regulaarselt tihendite kulumist ja vahetage need vastavalt vajadusele, et v\u00e4ltida lekkeid ja s\u00e4ilitada h\u00fcdrauliline efektiivsus.<\/li>\n<\/ul>\n<h2>Paigaldusjuhised<\/h2>\n<p>Poomi silindri \u00f5ige paigaldamine on optimaalse j\u00f5udluse saavutamiseks \u00fclioluline. Alustage veendumisest, et k\u00f5ik kinnitusklambrid ja liitmikud on puhtad ja prahist vabad. Joondage silinder t\u00e4pselt kinnituspunktidega, et v\u00e4ltida silindrile liigset pinget. Silindri kinnitamiseks on soovitatav kasutada sobivaid kinnitusklambreid, et minimeerida liikumist t\u00f6\u00f6 ajal.<\/p>\n<p>Paigaldamisel veenduge, et h\u00fcdraulikavoolikud on kindlalt \u00fchendatud ja et neil poleks murdekohti, mis v\u00f5iksid voolu piirata. P\u00e4rast paigaldamist \u00f5hutage h\u00fcdraulikas\u00fcsteemi, et eemaldada \u00f5humullid, veendudes silindri sujuvas t\u00f6\u00f6s. L\u00f5puks testige silindrit koormuse all, et veenduda paigalduse terviklikkuses.<\/p>\n<h2>Hooldus\u00fclesanded<\/h2>\n<ul>\n<li><strong>Regulaarsed kontrollid:<\/strong> Tehke visuaalseid kontrolle, et tuvastada v\u00f5imalikud probleemid enne nende s\u00fcvenemist. Otsige kulumisj\u00e4lgi, lekkeid ja lahtisi \u00fchendusi.<\/li>\n<li><strong>\u00d5ige m\u00e4\u00e4rimine:<\/strong> Veenduge, et silindrit m\u00e4\u00e4ritakse piisavalt \u00f5ige h\u00fcdraulika\u00f5liga, p\u00f6\u00f6rates t\u00e4helepanu tootja spetsifikatsioonidele.<\/li>\n<li><strong>Tihendi vahetamine:<\/strong> Kontrollige regulaarselt tihendite kulumist ja vajadusel vahetage need v\u00e4lja, et s\u00e4ilitada efektiivsus ja v\u00e4ltida h\u00fcdraulikavedeliku lekkeid.<\/li>\n<\/ul>\n<h2>Ohutuskaalutlused<\/h2>\n<p>H\u00fcdrauliliste silindrite t\u00f6\u00f6tamise ajal on ohutusprotokollide rakendamine \u00fclioluline. Operaatorid peaksid alati kandma sobivaid isikukaitsevahendeid (IKV) ja j\u00e4rgima ohutuid t\u00f6\u00f6protseduure, et maandada h\u00fcdrauliliste seadmetega seotud riske. Regulaarsed koolitused aitavad tagada, et k\u00f5ik t\u00f6\u00f6tajad on teadlikud h\u00fcdrauliliste s\u00fcsteemidega t\u00f6\u00f6tamisel vajalikest konkreetsetest ohutusmeetmetest.<\/p>\n<h2>Rikete diagnoosimine ja levinud probleemid<\/h2>\n<ul>\n<li><strong>Leke:<\/strong> Levinud probleem, mis v\u00f5ib viidata kulunud tihenditele v\u00f5i kahjustatud komponentidele. Operaatorid peaksid regulaarselt lekkeid kontrollima ja kahjustatud tihendid viivitamatult v\u00e4lja vahetama.<\/li>\n<li><strong>Aeglane t\u00f6\u00f6:<\/strong> Kui silinder t\u00f6\u00f6tab tavap\u00e4rasest aeglasemalt, v\u00f5ib see viidata h\u00fcdraulikavedeliku probleemile v\u00f5i s\u00fcsteemi ummistusele, mis vajab kohest t\u00e4helepanu.<\/li>\n<li><strong>Ebatavalised helid:<\/strong> Krigisev v\u00f5i kolin v\u00f5ib viidata silindri v\u00f5i h\u00fcdros\u00fcsteemi mehaanilistele probleemidele, mis vajavad p\u00f5hjalikku uurimist.<\/li>\n<\/ul>\n<h2>Veaotsingu n\u00e4pun\u00e4ited<\/h2>\n<p>Probleemide t\u00f5husaks diagnoosimiseks ja lahendamiseks peaksid operaatorid j\u00e4rgima s\u00fcstemaatilist l\u00e4henemisviisi. Alustage s\u00fcmptomite tuvastamisest ning h\u00fcdraulikavedeliku taseme ja seisukorra kontrollimisest. Veenduge, et k\u00f5ik \u00fchendused on tihedad ja lekkevabad. P\u00fcsivate probleemide korral v\u00f5ib algp\u00f5hjuste v\u00e4ljaselgitamiseks abiks olla tootja juhiste lugemine v\u00f5i professionaalse abi otsimine.<\/p>\n<p><img decoding=\"async\" src=\"https:\/\/www.hydraulic-cylinders.net\/wp-content\/uploads\/2025\/04\/songte-bushings-with-all-kinds-of-excavator-models.webp\" alt=\"Puksid ekskavaatorimudelitega\"><\/p>\n<h2>Ettev\u00f5tte profiil<\/h2>\n<p>Oleme juhtiv asendush\u00fcdrauliliste silindrite tootja, pakkudes laia tootevalikut, mis on kohandatud nii sise- kui ka rahvusvaheliste turgude mitmekesiste vajaduste rahuldamiseks. Meie p\u00fchendumus tipptasemele peegeldub meie kvaliteedile orienteeritud l\u00e4henemisviisis ja keerukate tootmisstrateegiate kasutamises.<\/p>\n<p>Kasutades t\u00e4iustatud digitaalseid tootmisseadmeid ja professionaalseid testimiss\u00fcsteeme, t\u00e4iustame pidevalt oma tootmisv\u00f5imsust, tagades samal ajal k\u00f5rged kvaliteedikontrolli standardid. Meie meeskond koosneb oskuslikest tehnilistest t\u00f6\u00f6tajatest, kes on p\u00fchendunud meie klientide mitmekesiste n\u00f5udmiste rahuldamisele.<\/p>\n<p>Meie pakkumiste hulka kuuluvad kohandatud teenused, rahvusvahelised sertifikaadid ja tugev m\u00fc\u00fcgij\u00e4rgne tugi, mis k\u00f5ik on loodud selleks, et pakkuda klientidele usaldusv\u00e4\u00e4rseid lahendusi nende h\u00fcdraulikavajadustele.<\/p>\n<p><img decoding=\"async\" src=\"https:\/\/www.hydraulic-cylinders.net\/wp-content\/uploads\/2025\/04\/songte-company-4.webp\" alt=\"Ettev\u00f5tte pilt 1\"><br \/>\n<img decoding=\"async\" src=\"https:\/\/www.hydraulic-cylinders.net\/wp-content\/uploads\/2025\/04\/songte-company-3.webp\" alt=\"Ettev\u00f5tte pilt 2\"><\/p>\n<p>Autor: lyl<\/p>","protected":false},"excerpt":{"rendered":"<p>Boom Cylinder For Kato Small Excavator HD450-5-7 Product Overview The Boom Cylinder for Kato Small Excavator HD450-5-7 is a crucial component in the hydraulic system of excavators. It is a hydraulic cylinder specifically designed to control the movement of the boom in various heavy machinery applications, such as excavators, backhoe loaders, and front loaders. This [&hellip;]<\/p>","protected":false},"featured_media":17880,"comment_status":"open","ping_status":"closed","template":"","meta":{"_et_pb_use_builder":"","_et_pb_old_content":"","_et_gb_content_width":""},"product_brand":[],"product_cat":[1546],"product_tag":[1547,1496],"class_list":{"0":"post-19737","1":"product","2":"type-product","3":"status-publish","4":"has-post-thumbnail","6":"product_cat-boom-cylinders","7":"product_tag-boom-cylinders","8":"product_tag-hydraulic-cylinders","10":"first","11":"instock","12":"shipping-taxable","13":"product-type-simple"},"amp_enabled":true,"_links":{"self":[{"href":"https:\/\/www.hydraulic-cylinders.net\/et\/wp-json\/wp\/v2\/product\/19737","targetHints":{"allow":["GET"]}}],"collection":[{"href":"https:\/\/www.hydraulic-cylinders.net\/et\/wp-json\/wp\/v2\/product"}],"about":[{"href":"https:\/\/www.hydraulic-cylinders.net\/et\/wp-json\/wp\/v2\/types\/product"}],"replies":[{"embeddable":true,"href":"https:\/\/www.hydraulic-cylinders.net\/et\/wp-json\/wp\/v2\/comments?post=19737"}],"wp:featuredmedia":[{"embeddable":true,"href":"https:\/\/www.hydraulic-cylinders.net\/et\/wp-json\/wp\/v2\/media\/17880"}],"wp:attachment":[{"href":"https:\/\/www.hydraulic-cylinders.net\/et\/wp-json\/wp\/v2\/media?parent=19737"}],"wp:term":[{"taxonomy":"product_brand","embeddable":true,"href":"https:\/\/www.hydraulic-cylinders.net\/et\/wp-json\/wp\/v2\/product_brand?post=19737"},{"taxonomy":"product_cat","embeddable":true,"href":"https:\/\/www.hydraulic-cylinders.net\/et\/wp-json\/wp\/v2\/product_cat?post=19737"},{"taxonomy":"product_tag","embeddable":true,"href":"https:\/\/www.hydraulic-cylinders.net\/et\/wp-json\/wp\/v2\/product_tag?post=19737"}],"curies":[{"name":"wp","href":"https:\/\/api.w.org\/{rel}","templated":true}]}}