{"id":19742,"date":"2025-04-07T07:04:59","date_gmt":"2025-04-07T07:04:59","guid":{"rendered":"https:\/\/www.hydraulic-cylinders.net\/product\/boom-cylinder-for-kato-small-excavator-hd307\/"},"modified":"2025-04-07T07:05:01","modified_gmt":"2025-04-07T07:05:01","slug":"boom-cylinder-for-kato-small-excavator-hd307","status":"publish","type":"product","link":"https:\/\/www.hydraulic-cylinders.net\/et\/toode\/boom-cylinder-for-kato-small-excavator-hd307\/","title":{"rendered":"Kato v\u00e4ikese ekskavaatori HD307 poomi silinder"},"content":{"rendered":"<h1>Kato v\u00e4ikese ekskavaatori HD307 poomi silinder<\/h1>\n<h2>Poomi silindri m\u00f5istmine<\/h2>\n<p>Noole silinder on h\u00fcdros\u00fcsteemide oluline komponent, mis on spetsiaalselt loodud kopa liikumise juhtimiseks erinevates rasketes masinates, nagu ekskavaatorid, laadur-ekskavaatorid ja esilaadurid. See h\u00fcdrosilinder h\u00f5lbustab kopa t\u00f5stmist, langetamist ja kallutamist, v\u00f5imaldades t\u00f5husat materjali k\u00e4itlemist. P\u00f5him\u00f5tteliselt muundab see h\u00fcdraulilise energia mehaaniliseks energiaks, et pakkuda vajalikku j\u00f5udu n\u00f5udlike toimingute tegemiseks. Nende silindrite disain tagab, et need taluvad \u00e4\u00e4rmuslikke r\u00f5hke ja koormusi, mist\u00f5ttu sobivad need ideaalselt rasketesse t\u00f6\u00f6tingimustesse.<\/p>\n<p><img decoding=\"async\" src=\"https:\/\/www.hydraulic-cylinders.net\/wp-content\/uploads\/2025\/04\/songte-company-1.webp\" alt=\"Poomi silindri pilt\"><\/p>\n<h2>Poomi silindri omadused<\/h2>\n<ul>\n<li>\n<h3>Suur tugevus ja vastupidavus<\/h3>\n<p>Tavaliselt \u00fclitugevast terasest v\u00f5i alumiiniumist valmistatud silindrid taluvad k\u00f5rget r\u00f5hku ja suuri koormusi, mist\u00f5ttu sobivad need karmidesse t\u00f6\u00f6keskkondadesse. Konstruktsioon h\u00f5lmab kulumiskindlust ja korrosioonikindlust, et pikendada toote eluiga.<\/p>\n<\/li>\n<li>\n<h3>T\u00f5hus h\u00fcdrauliline t\u00f6\u00f6<\/h3>\n<p>H\u00fcdraulika\u00f5li r\u00f5hu abil saavutab poomi silinder sujuva pikenemise ja tagasit\u00f5mbumise. See reageerib juhtimisk\u00e4sklustele kiiresti, pakkudes v\u00f5imsat t\u00f5uke- ja t\u00f5mbej\u00f5udu, mis on oluline raskete materjalide ja keerukate \u00fclesannete k\u00e4sitsemisel.<\/p>\n<\/li>\n<li>\n<h3>Saadaval on mitmesuguseid t\u00fc\u00fcpe<\/h3>\n<p>Kliendid saavad valida \u00fchetoimeliste (\u00fches suunas t\u00f6\u00f6tavate) v\u00f5i kahetoimeliste (m\u00f5lemas suunas t\u00f6\u00f6tavate) silindrite vahel, et need vastaksid erinevatele t\u00f6\u00f6vajadustele. Teatud mudelid on teleskoopilised, mis v\u00f5imaldab suuremat pikendust ilma v\u00e4lism\u00f5\u00f5tmeid suurendamata, mis sobib ideaalselt ruumipiirangutega rakenduste jaoks.<\/p>\n<\/li>\n<li>\n<h3>T\u00e4ppistehnika<\/h3>\n<p>Tootmisprotsess tagab, et iga noole silinder vastab rangetele spetsifikatsioonidele, mille tulemuseks on suur j\u00f5udlus ja t\u00f6\u00f6kindlus n\u00f5udlikes tingimustes.<\/p>\n<\/li>\n<li>\n<h3>T\u00e4iuslikud asendusvalikud<\/h3>\n<p>Me toodame neid tooteid olemasolevate h\u00fcdrosilindrite ideaalseks asendamiseks, tagades sujuva integreerimise ja funktsionaalsuse teie masinatesse.<\/p>\n<\/li>\n<\/ul>\n<p><img decoding=\"async\" src=\"https:\/\/www.hydraulic-cylinders.net\/wp-content\/uploads\/2025\/04\/songte-cylinder-head-with-all-kinds-excavator-models.webp\" alt=\"Ekskavaatori mudelid\"><\/p>\n<h2>Poomi silindri rakendused<\/h2>\n<h3>Ehitustehnika<\/h3>\n<p>Ekskavaatorites on noole silindrid \u00fcliolulised kaevamiseks, laadimiseks ja mulla v\u00f5i prahi teisaldamiseks. Need annavad vajaliku j\u00f5u noole pikendamiseks ja tagasit\u00f5mbamiseks, mis on t\u00f5husa kaevamise jaoks h\u00e4davajalik. Ekskavaatoritel aitavad need silindrid nii kaevamisel kui ka raskete materjalide t\u00f5stmisel, mis suurendab masina mitmek\u00fclgsust ja t\u00f5husust ehitusplatsidel.<\/p>\n<h3>P\u00f5llumajandustehnika<\/h3>\n<p>Esilaadurites kasutatakse noole silindreid mulla, heina ja muude materjalide kopeerimiseks, t\u00f5stmiseks ja transportimiseks. Kopa asendi muutmise v\u00f5imalus v\u00f5imaldab operaatoritel \u00fclesandeid kiiresti ja t\u00f5husalt t\u00e4ita, muutes p\u00f5llumajandustegevuse produktiivsemaks.<\/p>\n<h3>Ekskavaatorid<\/h3>\n<p>Noole silinder v\u00f5imaldab kopal kaevamiseks pinnasesse tungida. See funktsioon on \u00fclioluline kaevet\u00f6\u00f6del, kus raskete pinnasetingimuste l\u00e4bimiseks on vaja t\u00e4psust ja tugevust.<\/p>\n<h3>Laadurid<\/h3>\n<p>Frontaallaadurites m\u00e4ngivad need silindrid koormate t\u00f5husal t\u00f5stmisel ja t\u00fchjendamisel keskset rolli. Nende konstruktsioon tagab, et laadur saab hakkama erinevate raskustega, mis aitab sellistes \u00fclesannetes nagu materjalide k\u00e4itlemine ja ehitusplatsi ettevalmistamine.<\/p>\n<h2>Projekteerimiskaalutlused ja valikukriteeriumid<\/h2>\n<ul>\n<li>\n<h3>Kandev\u00f5ime<\/h3>\n<p>Noole silindri valimisel on \u00fclioluline m\u00f5ista selle kandev\u00f5imet. See peab suutma taluda materjalide maksimaalset kaalu, mida masin t\u00f5stab v\u00f5i liigutab. Ebapiisava kandev\u00f5imega silinder v\u00f5ib p\u00f5hjustada rikkeid v\u00f5i \u00f5nnetusi, mis v\u00f5ivad olla ohtlikud ja kulukad. \u00d5igete spetsifikatsioonide vastavus masina t\u00f6\u00f6n\u00f5uetele on ohutuse ja efektiivsuse s\u00e4ilitamise v\u00f5ti.<\/p>\n<\/li>\n<li>\n<h3>Tihendusv\u00f5ime<\/h3>\n<p>Tihendid on h\u00fcdraulikas\u00fcsteemide terviklikkuse s\u00e4ilitamiseks h\u00e4davajalikud. H\u00e4sti disainitud tihend hoiab \u00e4ra h\u00fcdraulikavedeliku lekke, tagades r\u00f5hu p\u00fcsimise s\u00fcsteemis. Kvaliteetsed tihendid on tavaliselt valmistatud vastupidavatest materjalidest, mis on kulumiskindlad ja vastupidavad keskkonnateguritele. Tihendite regulaarne kontroll on vajalik lekete v\u00e4ltimiseks, mis v\u00f5ivad p\u00f5hjustada masinate ebaefektiivset t\u00f6\u00f6d ja suurenenud kulusid.<\/p>\n<\/li>\n<li>\n<h3>Vastupidavus ja pikaealisus<\/h3>\n<p>Vastupidavus on noolesilindrite projekteerimisel kriitilise t\u00e4htsusega tegur. Need komponendid peavad vastu pidama karmidele t\u00f6\u00f6tingimustele, sealhulgas \u00e4\u00e4rmuslikele temperatuuridele, mustusele ja prahile. Kvaliteetsetest materjalidest ja kaitsekattega silindrite valimine v\u00f5ib pikendada silindrite eluiga, v\u00e4hendades asenduste ja remondit\u00f6\u00f6de sagedust ning seel\u00e4bi pikas perspektiivis tegevuskulusid.<\/p>\n<\/li>\n<li>\n<h3>Turvaelemendid<\/h3>\n<p>H\u00fcdrauliliste silindrite projekteerimisel on ohutus esmat\u00e4htis. Sellised omadused nagu r\u00f5huvabastusventiilid ja ohutuslukud on olulised juhusliku k\u00e4ivitumise ja \u00fclekoormuse v\u00e4ltimiseks. Poomi silindri varustamine nende ohutusfunktsioonidega on operaatorite ja masinate kaitsmiseks t\u00f6\u00f6tamise ajal \u00fclioluline.<\/p>\n<\/li>\n<li>\n<h3>Hooldatavus<\/h3>\n<p>Hoolduse lihtsus on veel \u00fcks oluline kaalutlus. H\u00e4sti disainitud h\u00fcdrosilinder peaks v\u00f5imaldama osade lihtsat kontrollimist, m\u00e4\u00e4rimist ja vahetamist. See kaalutlus aitab s\u00e4\u00e4sta aega ja raha, tagades masina t\u00f6\u00f6korras p\u00fcsimise minimaalse seisakuajaga. Poomi silindri pikaealisuse ja efektiivsuse tagamiseks tuleks kehtestada regulaarsed hooldusgraafikud.<\/p>\n<\/li>\n<\/ul>\n<p><img decoding=\"async\" src=\"https:\/\/www.hydraulic-cylinders.net\/wp-content\/uploads\/2025\/04\/songte-oil-pipes-and-spare-parts.webp\" alt=\"H\u00fcdraulilised osad\"><\/p>\n<h2>Tihendus ja m\u00e4\u00e4rimine<\/h2>\n<p>Poomi silindri tihendamine ja m\u00e4\u00e4rimine on selle j\u00f5udluse ja pikaealisuse jaoks \u00fcliolulised. Tiheda sobivuse tagamiseks ja h\u00fcdraulilise vedeliku lekete v\u00e4ltimiseks kasutatakse mitmesuguseid tihenduselemente, n\u00e4iteks kolvi- ja vardatihendeid. Sellistest materjalidest nagu pol\u00fcuretaan ja nitriilkummi valmistatud tihendid pakuvad suurep\u00e4rast kulumiskindlust ja vastupidavust. Silindri korpus ja keermestatud otsapinnad l\u00e4bivad peene viimistluse, et suurendada kulumiskindlust. Sujuva t\u00f6\u00f6 s\u00e4ilitamiseks ja kulumise v\u00e4ltimiseks on vajalik regulaarne m\u00e4\u00e4rimine sobiva h\u00fcdraulika\u00f5liga, tagades silindri t\u00f5husa t\u00f6\u00f6 kogu oma eluea jooksul.<\/p>\n<h2>Ennetavad hooldusmeetmed<\/h2>\n<ul>\n<li>\n<h3>Regulaarsed kontrollid<\/h3>\n<p>Poomi silindrit tuleks regulaarselt kontrollida kulumis-, lekete- v\u00f5i kahjustuste suhtes. Probleemide varajane tuvastamine aitab v\u00e4ltida suuremaid probleeme hiljem. Kontrollige k\u00f5iki tihendeid, voolikuid ja liitmikke kulumis- v\u00f5i halvenemism\u00e4rkide suhtes.<\/p>\n<\/li>\n<li>\n<h3>Sobiv m\u00e4\u00e4rimine<\/h3>\n<p>H\u00fcdraulikas\u00fcsteemis on oluline s\u00e4ilitada sobiv m\u00e4\u00e4rimistase. Kontrollige regulaarselt h\u00fcdraulikavedeliku taset ja lisage vajadusel m\u00e4\u00e4rdeainet, et v\u00e4ltida kuivk\u00e4ivitust, mis v\u00f5ib p\u00f5hjustada silindrite kahjustusi.<\/p>\n<\/li>\n<li>\n<h3>Tihendi vahetamine<\/h3>\n<p>Hoolduskontrollide k\u00e4igus tuleks kontrollida tihendeid ja vajadusel need v\u00e4lja vahetada. Kulunud v\u00f5i kahjustatud tihendid v\u00f5ivad p\u00f5hjustada h\u00fcdraulikavedeliku lekkeid, v\u00e4hendades s\u00fcsteemi efektiivsust ja suurendades tegevuskulusid. Tihendite \u00f5igeaegne vahetamine aitab v\u00e4ltida silindri edasist kahjustamist.<\/p>\n<\/li>\n<\/ul>\n<p><img decoding=\"async\" src=\"https:\/\/www.hydraulic-cylinders.net\/wp-content\/uploads\/2025\/04\/songte-chushion-collar.webp\" alt=\"Padjakaelus\"><\/p>\n<h2>Paigaldusjuhised<\/h2>\n<p>Poomi silindri \u00f5ige paigaldamine on optimaalse j\u00f5udluse saavutamiseks \u00fclioluline. Alustage veendumaks, et kinnituspinnad on puhtad ja prahist vabad. Joondage silinder \u00f5igesti masinaga, veendudes, et see on tasane ja kindel. Kasutage silindri paigal hoidmiseks paigaldamise ajal sobivaid kinnitusklambreid. J\u00e4rgige poltide p\u00f6\u00f6rdemomentide osas tootja spetsifikatsioone, et v\u00e4ltida \u00fclepingutamist, mis v\u00f5ib p\u00f5hjustada kahjustusi. P\u00e4rast paigaldamist kontrollige, kas esineb valesid joondamisi, ja vajadusel reguleerige. Veenduge, et h\u00fcdraulikavoolikud on \u00f5igesti \u00fchendatud ja murdumiskohtadeta, et tagada sujuv vedelikuvool.<\/p>\n<h2>Hooldust\u00f6\u00f6de \u00fclevaade<\/h2>\n<ul>\n<li>\n<h3>Regulaarsed kontrollid<\/h3>\n<p>Kontrollige regulaarselt poomi silindrit, et veenduda selle korrektses t\u00f6\u00f6s. Otsige kulumisj\u00e4lgi, n\u00e4iteks kriimustusi v\u00f5i m\u00f5lke, ja k\u00f5rvaldage need viivitamatult, et v\u00e4ltida edasisi kahjustusi.<\/p>\n<\/li>\n<li>\n<h3>\u00d5ige m\u00e4\u00e4rimine<\/h3>\n<p>Veenduge, et h\u00fcdraulikas\u00fcsteem on piisavalt m\u00e4\u00e4ritud, kontrollides regulaarselt vedeliku taset ja kvaliteeti. \u00d5iget t\u00fc\u00fcpi h\u00fcdraulikavedeliku kasutamine on s\u00fcsteemi j\u00f5udluse s\u00e4ilitamiseks \u00fclioluline.<\/p>\n<\/li>\n<li>\n<h3>Tihendi vahetamine ja kalibreerimine<\/h3>\n<p>Kontrollige regulaarselt tihendite kulumist ja vajadusel vahetage need v\u00e4lja. Lisaks tehke kalibreerimiskontrolle, et veenduda h\u00fcdros\u00fcsteemi toimimises n\u00f5utavate spetsifikatsioonide kohaselt.<\/p>\n<\/li>\n<\/ul>\n<h2>Ohutuskaalutlused ja keskkonnategurid<\/h2>\n<p>H\u00fcdrauliliste s\u00fcsteemide k\u00e4itamisel on ohutusmeetmed \u00fcliolulised. Operaatorid peaksid olema koolitatud m\u00f5istma h\u00fcdrauliliste masinatega seotud v\u00f5imalikke ohte, sealhulgas lekete, k\u00f5rgsurvepuhangute ja mehaaniliste rikete ohtu. Vigastuste ohu minimeerimiseks tuleks kanda sobivaid isikukaitsevahendeid. Lisaks tuleks saastumise v\u00e4ltimiseks hallata keskkonnategureid, n\u00e4iteks h\u00fcdraulilise vedeliku lekkeid, ja j\u00e4rgida regulatiivseid n\u00f5udeid.<\/p>\n<h2>Levinud probleemide t\u00f5rkeotsing<\/h2>\n<ul>\n<li>\n<h3>Vedeliku lekked<\/h3>\n<p>Vedeliku lekked on levinud probleem, mis v\u00f5ib v\u00e4hendada efektiivsust. Kontrollige tihendeid ja voolikuid kahjustuste suhtes ja vajadusel vahetage need v\u00e4lja. Lekete v\u00e4ltimiseks veenduge, et k\u00f5ik liitmikud on korralikult pingutatud.<\/p>\n<\/li>\n<li>\n<h3>Eba\u00fchtlane silindri liikumine<\/h3>\n<p>Kui silinder ei ulatu v\u00e4lja ega t\u00f5mbu sisse \u00fchtlaselt, v\u00f5ib see viidata h\u00fcdraulikas\u00fcsteemi ummistusele v\u00f5i talitlush\u00e4irele. Kontrollige voolikuid ja liitmikke keerdude v\u00f5i ummistuste suhtes ning veenduge, et h\u00fcdraulikavedeliku tase on \u00f5ige.<\/p>\n<\/li>\n<li>\n<h3>V\u00f5imu kaotus<\/h3>\n<p>H\u00fcdraulikas\u00fcsteemi v\u00f5imsuse kadu v\u00f5ib tuleneda madalast vedeliku tasemest v\u00f5i saastunud vedelikust. Kontrollige regulaarselt vedeliku kvaliteeti ja vahetage see vastavalt tootja soovitustele, et tagada optimaalne j\u00f5udlus.<\/p>\n<\/li>\n<\/ul>\n<p><img decoding=\"async\" src=\"https:\/\/www.hydraulic-cylinders.net\/wp-content\/uploads\/2025\/04\/songte-bushings-with-all-kinds-of-excavator-models.webp\" alt=\"Ekskavaatori puksid\"><\/p>\n<h2>Kokkuv\u00f5te<\/h2>\n<p>Oleme juhtiv asendush\u00fcdrauliliste silindrite tootja, pakkudes laia valikut tooteid nii sise- kui ka rahvusvahelistele turgudele. Meie p\u00fchendumus tipptasemele ilmneb meie keerukates tootmisprotsessides ja r\u00f5huasetuses kvaliteedikontrollile. Kasutades t\u00e4iustatud tehnoloogiat ja oskuslikke insenere, tagame, et meie tooted vastavad rangetele j\u00f5udlusstandarditele. Meie teenused h\u00f5lmavad kohandatud lahendusi, mis vastavad klientide konkreetsetele vajadustele, tugevat m\u00fc\u00fcgij\u00e4rgset tuge ja rahvusvahelisi sertifikaate, mis r\u00f5hutavad meie toodete usaldusv\u00e4\u00e4rsust. Oleme p\u00fchendunud klientide mitmekesiste n\u00f5udmiste t\u00e4psele, t\u00f5husale ja kvaliteetsele rahuldamisele.<\/p>\n<p><img decoding=\"async\" src=\"https:\/\/www.hydraulic-cylinders.net\/wp-content\/uploads\/2025\/04\/songte-company-4.webp\" alt=\"Ettev\u00f5tte kuvand\"><br \/>\n<img decoding=\"async\" src=\"https:\/\/www.hydraulic-cylinders.net\/wp-content\/uploads\/2025\/04\/songte-company-3.webp\" alt=\"Ettev\u00f5tte kuvand\"><\/p>\n<p>Autor: lyl<\/p>","protected":false},"excerpt":{"rendered":"<p>Boom Cylinder For Kato Small Excavator HD307 Understanding the Boom Cylinder The Boom Cylinder is a crucial component in hydraulic systems, specifically designed to control the movement of the bucket in various heavy machinery such as excavators, backhoe loaders, and front loaders. This hydraulic cylinder facilitates the lifting, lowering, and tilting of the bucket, enabling [&hellip;]<\/p>","protected":false},"featured_media":17870,"comment_status":"open","ping_status":"closed","template":"","meta":{"_et_pb_use_builder":"","_et_pb_old_content":"","_et_gb_content_width":""},"product_brand":[],"product_cat":[1546],"product_tag":[1547,1496],"class_list":{"0":"post-19742","1":"product","2":"type-product","3":"status-publish","4":"has-post-thumbnail","6":"product_cat-boom-cylinders","7":"product_tag-boom-cylinders","8":"product_tag-hydraulic-cylinders","10":"first","11":"instock","12":"shipping-taxable","13":"product-type-simple"},"amp_enabled":true,"_links":{"self":[{"href":"https:\/\/www.hydraulic-cylinders.net\/et\/wp-json\/wp\/v2\/product\/19742","targetHints":{"allow":["GET"]}}],"collection":[{"href":"https:\/\/www.hydraulic-cylinders.net\/et\/wp-json\/wp\/v2\/product"}],"about":[{"href":"https:\/\/www.hydraulic-cylinders.net\/et\/wp-json\/wp\/v2\/types\/product"}],"replies":[{"embeddable":true,"href":"https:\/\/www.hydraulic-cylinders.net\/et\/wp-json\/wp\/v2\/comments?post=19742"}],"wp:featuredmedia":[{"embeddable":true,"href":"https:\/\/www.hydraulic-cylinders.net\/et\/wp-json\/wp\/v2\/media\/17870"}],"wp:attachment":[{"href":"https:\/\/www.hydraulic-cylinders.net\/et\/wp-json\/wp\/v2\/media?parent=19742"}],"wp:term":[{"taxonomy":"product_brand","embeddable":true,"href":"https:\/\/www.hydraulic-cylinders.net\/et\/wp-json\/wp\/v2\/product_brand?post=19742"},{"taxonomy":"product_cat","embeddable":true,"href":"https:\/\/www.hydraulic-cylinders.net\/et\/wp-json\/wp\/v2\/product_cat?post=19742"},{"taxonomy":"product_tag","embeddable":true,"href":"https:\/\/www.hydraulic-cylinders.net\/et\/wp-json\/wp\/v2\/product_tag?post=19742"}],"curies":[{"name":"wp","href":"https:\/\/api.w.org\/{rel}","templated":true}]}}