{"id":19743,"date":"2025-04-07T07:05:01","date_gmt":"2025-04-07T07:05:01","guid":{"rendered":"https:\/\/www.hydraulic-cylinders.net\/product\/boom-cylinder-for-kato-small-excavator-hd512\/"},"modified":"2025-04-07T07:05:04","modified_gmt":"2025-04-07T07:05:04","slug":"boom-cylinder-for-kato-small-excavator-hd512","status":"publish","type":"product","link":"https:\/\/www.hydraulic-cylinders.net\/et\/toode\/boom-cylinder-for-kato-small-excavator-hd512\/","title":{"rendered":"Kato v\u00e4ikese ekskavaatori HD512 poomi silinder"},"content":{"rendered":"<h1>Kato v\u00e4ikese ekskavaatori HD512 poomi silinder<\/h1>\n<h2>Toote \u00fclevaade<\/h2>\n<p>Kato v\u00e4ikeekskavaatori HD512 noole silinder on spetsiaalne h\u00fcdrauliline silinder, mis on loodud kopa liikumise juhtimiseks erinevatel raskemasinatel, sealhulgas ekskavaatoritel, laadur-ekskavaatoritel ja esilaaduritel. Need silindrid v\u00f5imaldavad kopa t\u00f5sta, langetada ja kallutada, h\u00f5lbustades materjalide t\u00f5husat k\u00e4itlemist. H\u00fcdraulilised silindrid m\u00e4ngivad rasketehnika h\u00fcdros\u00fcsteemides olulist rolli, pakkudes vajalikku j\u00f5udu n\u00f5udlike \u00fclesannete t\u00e4itmiseks ehitus- ja p\u00f5llumajandussektoris.<\/p>\n<p><img decoding=\"async\" src=\"https:\/\/www.hydraulic-cylinders.net\/wp-content\/uploads\/2025\/04\/songte-company-1.webp\" alt=\"Ekskavaatorite poomi silinder\"><\/p>\n<h2>Poomi silindri omadused<\/h2>\n<ul>\n<li><strong>Suur tugevus ja vastupidavus:<\/strong> Valmistatud \u00fclitugevast terasest v\u00f5i alumiiniumist, mis talub k\u00f5rget r\u00f5hku ja suuri koormusi, on loodud karmideks t\u00f6\u00f6keskkondadeks, omades kulumis- ja korrosioonikindlaid omadusi.<\/li>\n<li><strong>T\u00f5hus h\u00fcdrauliline t\u00f6\u00f6:<\/strong> Kasutab sujuvaks pikendamiseks ja tagasit\u00f5mbamiseks h\u00fcdraulilist \u00f5lir\u00f5hku, pakkudes kiiret reageerimist juhtimisk\u00e4sklustele ja v\u00f5imsat t\u00f5uke- ja t\u00f5mbej\u00f5udu, mis sobib raskete ja keerukate \u00fclesannete k\u00e4sitlemiseks.<\/li>\n<li><strong>Erinevad t\u00fc\u00fcbid:<\/strong> Saadaval \u00fchetoimeliste (kasutab h\u00fcdraulilist r\u00f5hku \u00fches suunas) v\u00f5i kahetoimeliste (kasutab h\u00fcdraulilist r\u00f5hku m\u00f5lemas suunas) silindritega, et rahuldada erinevaid t\u00f6\u00f6vajadusi, m\u00f5ned mudelid on teleskoopilised, v\u00f5imaldades suuremat pikendamist ilma v\u00e4lism\u00f5\u00f5tmeid suurendamata, mis sobib ideaalselt ruumipiirangutega rakenduste jaoks.<\/li>\n<\/ul>\n<p>Meie toode saab neid h\u00fcdraulilisi silindreid ideaalselt asendada.<\/p>\n<p><img decoding=\"async\" src=\"https:\/\/www.hydraulic-cylinders.net\/wp-content\/uploads\/2025\/04\/songte-cylinder-head-with-all-kinds-excavator-models.webp\" alt=\"Ekskavaatori h\u00fcdrauliline silinder\"><\/p>\n<h2>Rakendusstsenaariumid<\/h2>\n<h3>Ehitustehnika<\/h3>\n<p>Ekskavaatorites on noolesilindrid \u00fcliolulised pinnase v\u00f5i prahi t\u00f5husaks kaevamiseks, laadimiseks ja teisaldamiseks. Nende konstruktsioon v\u00f5imaldab optimaalset kontrolli kopa liikumise \u00fcle, mis on oluline t\u00e4psust ja v\u00f5imsust n\u00f5udvate \u00fclesannete puhul. Nende silindrite mitmek\u00fclgsus suurendab ekskavaatori v\u00f5imet t\u00f6\u00f6tada erinevatel maastikel ja tingimustes, muutes need ehitusprojektide jaoks asendamatuks.<\/p>\n<h3>P\u00f5llumajandustehnika<\/h3>\n<p>Esilaadurites h\u00f5lbustavad noolesilindrid mulla, heina ja muude materjalide t\u00f5stmist, koputamist ja transportimist. Nende vastupidav konstruktsioon tagab, et need saavad hakkama p\u00f5llumajanduses tavaliselt esinevate raskete koormatega, parandades seel\u00e4bi tootlikkust ja t\u00f5husust. Koorma t\u00e4pne k\u00e4sitsemine v\u00f5imaldab operaatoritel t\u00e4ita \u00fclesandeid suurema t\u00e4psuse ja ohutusega.<\/p>\n<h3>Ekskavaatorid<\/h3>\n<p>Kopa silinder v\u00f5imaldab kopal pinnasesse tungida, v\u00f5imaldades t\u00f5husat kaevamist. See v\u00f5ime on \u00fclioluline mitmesuguste kaevet\u00f6\u00f6de, sealhulgas kaevamise ja tasandamise puhul. Silindri pakutav h\u00fcdrauliline v\u00f5imsus on oluline n\u00f5utava kaevamiss\u00fcgavuse saavutamiseks ja t\u00f6\u00f6 efektiivsuse s\u00e4ilitamiseks.<\/p>\n<h3>Laadurid<\/h3>\n<p>Frontaallaadurites aitavad need silindrid materjale t\u00f5husalt t\u00f5sta ja t\u00fchjendada. Nende v\u00f5imsus ja t\u00f6\u00f6kindlus tagavad, et operaatorid saavad t\u00f5stet\u00f6id h\u00f5lpsalt teha, suurendades \u00fcldist tootlikkust t\u00f6\u00f6platsidel. Koorma t\u00e4pne juhtimine on oluline mahavalgumise v\u00e4ltimiseks ja ohutuse tagamiseks t\u00f6\u00f6 ajal.<\/p>\n<h2>Projekteerimiskaalutlused ja valikukriteeriumid<\/h2>\n<h3>Kandev\u00f5ime<\/h3>\n<p>H\u00fcdrosilindri kandev\u00f5ime on kriitilise t\u00e4htsusega kaalutlus. See m\u00e4\u00e4rab maksimaalse raskuse, mida silinder suudab t\u00f5sta v\u00f5i l\u00fckata. Sobiva kandev\u00f5imega silindri valimine tagab ohutu t\u00f6\u00f6 ja pikaealisuse. Silindri rikete ja v\u00f5imalike \u00f5nnetuste v\u00e4ltimiseks on oluline arvestada seadme t\u00f6\u00f6tamise ajal eeldatavate koormustega.<\/p>\n<h3>Tihendus<\/h3>\n<p>T\u00f5hus tihendus on silindri h\u00fcdraulilise r\u00f5hu s\u00e4ilitamiseks \u00fclioluline. Kvaliteetsed tihendid hoiavad \u00e4ra h\u00fcdraulilise vedeliku lekke, mis v\u00f5ib p\u00f5hjustada j\u00f5udluse halvenemist ja keskkonnaohtu. Tihendusmaterjalide, n\u00e4iteks pol\u00fcuretaani v\u00f5i nitriilkummi valik m\u00f5jutab oluliselt h\u00fcdraulilise silindri pikaealisust ja t\u00f6\u00f6kindlust, mist\u00f5ttu on see oluline projekteerimiskaalutlus.<\/p>\n<h3>Vastupidavus<\/h3>\n<p>Vastupidavus viitab h\u00fcdrosilindri v\u00f5imele taluda kulumist aja jooksul. Sellised tegurid nagu materjalivalik, disain ja keskkonnakindlus aitavad kaasa \u00fcldisele vastupidavusele. Vastupidav silinder minimeerib hoolduskulusid ja seisakuid, tagades j\u00e4rjepideva j\u00f5udluse ja ohutuse n\u00f5udlikes rakendustes.<\/p>\n<h3>Ohutus<\/h3>\n<p>H\u00fcdrauliliste silindrite projekteerimisel on ohutusfunktsioonid h\u00e4davajalikud. See h\u00f5lmab \u00fclekoormuskaitse, r\u00f5hu alandamise mehhanismide ja vastupidava konstruktsiooni kaalumist, et v\u00e4ltida katastroofilisi rikkeid. Ohutusstandardite j\u00e4rgimise ja ohutusfunktsioonide lisamisega saavad tootjad parandada h\u00fcdrosilindrite t\u00f6\u00f6ohutust erinevates rakendustes.<\/p>\n<h3>Hooldus<\/h3>\n<p>Hoolduse aspektide hulka kuuluvad lihtne juurdep\u00e4\u00e4s kontrollimiseks, m\u00e4\u00e4rimispunktidele ja kulunud komponentide h\u00f5lpsa vahetamise v\u00f5imalus. H\u00e4sti disainitud h\u00fcdrosilinder lihtsustab hooldusprotsesse, v\u00e4hendades seisakuid ja tagades pikaajalise t\u00f6\u00f6 efektiivsuse. Sellised tegurid nagu moodulkonstruktsioon ja standardiseeritud komponendid aitavad kaasa hooldustavade paranemisele.<\/p>\n<p><img decoding=\"async\" src=\"https:\/\/www.hydraulic-cylinders.net\/wp-content\/uploads\/2025\/04\/songte-oil-pipes-and-spare-parts.webp\" alt=\"H\u00fcdrauliliste silindrite osad\"><\/p>\n<h2>Silindri tihendamine ja m\u00e4\u00e4rimine<\/h2>\n<p>H\u00fcdraulilise t\u00f6\u00f6 n\u00f5uetekohaseks toimimiseks on oluline kasutada erinevaid tihenduskomponente, n\u00e4iteks kolvitihendeid ja varrastihendeid. Kulumiskindlatest materjalidest, n\u00e4iteks pol\u00fcuretaanist ja nitriilkummist, valmistatud tihendite valik suurendab vastupidavust ja j\u00f5udlust. Silindri korpus ja keermestatud otsapinnad l\u00e4bivad t\u00e4ppist\u00f6\u00f6tluse, et parandada kulumiskindlust, tagades tiheda tihendi, mis minimeerib vedeliku lekke. Regulaarne m\u00e4\u00e4rimine sobiva h\u00fcdraulika\u00f5liga on optimaalse t\u00f6\u00f6 s\u00e4ilitamiseks ja liikuvate osade kulumise v\u00e4ltimiseks \u00fclioluline.<\/p>\n<h2>Regulaarne kontroll ja ennetavad hooldusmeetmed<\/h2>\n<ul>\n<li><strong>Visuaalne kontroll:<\/strong> Kontrollige regulaarselt h\u00fcdraulilise silindri kulumise, kahjustuste v\u00f5i lekete m\u00e4rke. Probleemide varajane avastamine aitab v\u00e4ltida kulukaid remondit\u00f6id ja tagada t\u00f6\u00f6 efektiivsuse.<\/li>\n<li><strong>M\u00e4\u00e4rimine:<\/strong> Veenduge, et k\u00f5ik liikuvad osad on piisavalt m\u00e4\u00e4ritud, et v\u00e4hendada h\u00f5\u00f5rdumist ja v\u00e4ltida enneaegset kulumist. Optimaalse j\u00f5udluse saavutamiseks kasutage tootja soovitatud h\u00fcdraulika\u00f5li.<\/li>\n<li><strong>Tihendi vahetamine:<\/strong> J\u00e4lgige tihendite seisukorda ja vahetage need vastavalt vajadusele, et s\u00e4ilitada h\u00fcdrauliline r\u00f5hk ja v\u00e4ltida lekkeid. Regulaarne tihendite vahetamine on silindri pikaealisuse tagamiseks kriitilise t\u00e4htsusega.<\/li>\n<\/ul>\n<h2>Paigaldusjuhised<\/h2>\n<p>Poomi silindri \u00f5ige paigaldamine on optimaalse j\u00f5udluse tagamiseks \u00fclioluline. Alustage veendumisest, et kinnitusklambrid on kindlalt kinnitatud ja \u00f5igesti joondatud. Kasutage silindri stabiliseerimiseks paigaldamise ajal sobivaid paigaldustugesid. Silindri kahjustamise v\u00e4ltimiseks on oluline j\u00e4rgida tootja spetsifikatsioone p\u00f6\u00f6rdemomendi s\u00e4tete kohta. P\u00e4rast paigaldamist testige h\u00fcdraulikas\u00fcsteemi, et veenduda lekete puudumises ja silindri sujuvas t\u00f6\u00f6s. Kontrollige regulaarselt kinnitusdetailide joondust ja tihedust, et tagada pidev j\u00f5udlus.<\/p>\n<h2>Levinumad hooldust\u00f6\u00f6d<\/h2>\n<ul>\n<li><strong>Regulaarne kontroll:<\/strong> Koostage rutiinne kontrolligraafik, et potentsiaalsed probleemid varakult tuvastada. Otsige kulumise, lekke ja joondamise m\u00e4rke. Nende tegurite j\u00e4lgimine v\u00f5ib h\u00fcdrosilindri eluiga oluliselt pikendada.<\/li>\n<li><strong>\u00d5ige m\u00e4\u00e4rimine:<\/strong> M\u00e4\u00e4rige k\u00f5iki liikuvaid osi regulaarselt sobiva h\u00fcdraulika\u00f5liga, et tagada sujuv t\u00f6\u00f6. N\u00f5uetekohane m\u00e4\u00e4rimine v\u00e4hendab h\u00f5\u00f5rdumist ja kulumist, mis on h\u00fcdraulikas\u00fcsteemi efektiivsuse s\u00e4ilitamiseks kriitilise t\u00e4htsusega.<\/li>\n<li><strong>Tihendi vahetamine:<\/strong> J\u00e4lgige tihendeid regulaarselt ja vahetage need v\u00e4lja, kui ilmnevad kulumis- v\u00f5i kahjustusm\u00e4rgid. Kvaliteetsete tihendite kasutamine ja tootja juhiste j\u00e4rgimine aitab v\u00e4ltida lekkeid ja s\u00e4ilitada h\u00fcdraulilise r\u00f5hu.<\/li>\n<\/ul>\n<h2>Ohutuskaalutlused ja keskkonnategurid<\/h2>\n<p>H\u00fcdrauliliste silindrite k\u00e4itamisel on ohutusmeetmed \u00fcliolulised. Operaatorid peaksid j\u00e4rgima ohutusprotokolle, n\u00e4iteks kandma kaitsevarustust ja tagama, et h\u00fcdros\u00fcsteem on enne hooldust r\u00f5huvaba. Lisaks aitab keskkonnategurite, n\u00e4iteks temperatuuri ja niiskuse arvestamine v\u00e4ltida h\u00fcdraulilise vedeliku j\u00f5udluse ja silindri terviklikkusega seotud probleeme.<\/p>\n<h2>Veaotsing ja levinud probleemid<\/h2>\n<ul>\n<li><strong>Madal j\u00f5udlus:<\/strong> See v\u00f5ib juhtuda ebapiisava h\u00fcdraulikavedeliku taseme v\u00f5i s\u00fcsteemi lekete t\u00f5ttu. Probleemi lahendamiseks kontrollige vedeliku taset ja otsige lekkeid.<\/li>\n<li><strong>Tihendi vead:<\/strong> Lekkiva vedeliku tunnused v\u00f5ivad viidata tihendite kulumisele. Kontrollige tihendeid regulaarselt ja vahetage need vastavalt vajadusele, et s\u00e4ilitada silindri j\u00f5udlus.<\/li>\n<li><strong>M\u00fcra t\u00f6\u00f6tamise ajal:<\/strong> Liigne m\u00fcra v\u00f5ib viidata kavitatsioonile v\u00f5i \u00f5hule h\u00fcdraulikavedelikus. \u00d5hutage s\u00fcsteemi, et eemaldada l\u00f5ksus olev \u00f5hk ja tagada optimaalne t\u00f6\u00f6.<\/li>\n<\/ul>\n<h2>Veaotsingu n\u00e4pun\u00e4ited ja lahendused<\/h2>\n<p>H\u00fcdrosilindri probleemide t\u00f5husaks diagnoosimiseks ja lahendamiseks peaksid operaatorid pidama \u00fcksikasjalikku toimivuse ja hooldustegevuste logi. H\u00fcdraulikavedeliku taseme regulaarne kontrollimine, lekete olemasolu kontrollimine ja \u00f5ige joonduse tagamine aitab v\u00e4ltida paljusid levinud probleeme. Soovitatav on tutvuda tootja juhistega konkreetsete probleemide t\u00f5rkeotsinguks ja rakendada ennetavaid meetmeid ennetavalt.<\/p>\n<p><img decoding=\"async\" src=\"https:\/\/www.hydraulic-cylinders.net\/wp-content\/uploads\/2025\/04\/songte-bushings-with-all-kinds-of-excavator-models.webp\" alt=\"Ekskavaatori komponendid\"><\/p>\n<h2>Ettev\u00f5tte \u00fclevaade<\/h2>\n<p>Oleme juhtiv h\u00fcdrosilindrite tootja ja hulgim\u00fc\u00fcja, mis on spetsialiseerunud kvaliteetsete alternatiivide tootmisele erinevateks rakendusteks. Meie lai tootevalik on teinud meist silmapaistva tegija nii sise- kui ka rahvusvahelistel turgudel. J\u00e4rgime kvaliteedi tipptaseme p\u00f5him\u00f5tteid, kasutades t\u00e4iustatud tootmisstrateegiaid ja t\u00e4iustatud tehnoloogiat. Meie oskuslik t\u00f6\u00f6j\u00f5ud koos tipptasemel digitaalsete tootmisseadmete ja professionaalsete testimiss\u00fcsteemidega t\u00e4iustab pidevalt meie tootmisv\u00f5imekust. P\u00fchendudes k\u00f5rgele t\u00f5hususele, t\u00e4psusele ja kvaliteedile, rahuldame klientide mitmekesiseid vajadusi kohandatud lahenduste kaudu.<\/p>\n<p><img decoding=\"async\" src=\"https:\/\/www.hydraulic-cylinders.net\/wp-content\/uploads\/2025\/04\/songte-company-4.webp\" alt=\"Ettev\u00f5tte tootmine\"><br \/>\n<img decoding=\"async\" src=\"https:\/\/www.hydraulic-cylinders.net\/wp-content\/uploads\/2025\/04\/songte-company-3.webp\" alt=\"Ettev\u00f5tte rajatised\"><\/p>\n<p>Autor: lyl<\/p>","protected":false},"excerpt":{"rendered":"<p>Boom Cylinder For Kato Small Excavator HD512 Product Overview The Boom Cylinder for the Kato Small Excavator HD512 is a specialized hydraulic cylinder designed to control the movement of the bucket on various heavy machinery, including excavators, backhoe loaders, and front-end loaders. These cylinders enable the bucket to lift, lower, and tilt, facilitating material handling [&hellip;]<\/p>","protected":false},"featured_media":17871,"comment_status":"open","ping_status":"closed","template":"","meta":{"_et_pb_use_builder":"","_et_pb_old_content":"","_et_gb_content_width":""},"product_brand":[],"product_cat":[1546],"product_tag":[1547,1496],"class_list":{"0":"post-19743","1":"product","2":"type-product","3":"status-publish","4":"has-post-thumbnail","6":"product_cat-boom-cylinders","7":"product_tag-boom-cylinders","8":"product_tag-hydraulic-cylinders","10":"first","11":"instock","12":"shipping-taxable","13":"product-type-simple"},"amp_enabled":true,"_links":{"self":[{"href":"https:\/\/www.hydraulic-cylinders.net\/et\/wp-json\/wp\/v2\/product\/19743","targetHints":{"allow":["GET"]}}],"collection":[{"href":"https:\/\/www.hydraulic-cylinders.net\/et\/wp-json\/wp\/v2\/product"}],"about":[{"href":"https:\/\/www.hydraulic-cylinders.net\/et\/wp-json\/wp\/v2\/types\/product"}],"replies":[{"embeddable":true,"href":"https:\/\/www.hydraulic-cylinders.net\/et\/wp-json\/wp\/v2\/comments?post=19743"}],"wp:featuredmedia":[{"embeddable":true,"href":"https:\/\/www.hydraulic-cylinders.net\/et\/wp-json\/wp\/v2\/media\/17871"}],"wp:attachment":[{"href":"https:\/\/www.hydraulic-cylinders.net\/et\/wp-json\/wp\/v2\/media?parent=19743"}],"wp:term":[{"taxonomy":"product_brand","embeddable":true,"href":"https:\/\/www.hydraulic-cylinders.net\/et\/wp-json\/wp\/v2\/product_brand?post=19743"},{"taxonomy":"product_cat","embeddable":true,"href":"https:\/\/www.hydraulic-cylinders.net\/et\/wp-json\/wp\/v2\/product_cat?post=19743"},{"taxonomy":"product_tag","embeddable":true,"href":"https:\/\/www.hydraulic-cylinders.net\/et\/wp-json\/wp\/v2\/product_tag?post=19743"}],"curies":[{"name":"wp","href":"https:\/\/api.w.org\/{rel}","templated":true}]}}