{"id":19750,"date":"2025-04-07T07:05:31","date_gmt":"2025-04-07T07:05:31","guid":{"rendered":"https:\/\/www.hydraulic-cylinders.net\/product\/boom-cylinder-for-kato-small-excavator-hd512r\/"},"modified":"2025-04-07T07:05:33","modified_gmt":"2025-04-07T07:05:33","slug":"boom-cylinder-for-kato-small-excavator-hd512r","status":"publish","type":"product","link":"https:\/\/www.hydraulic-cylinders.net\/et\/toode\/boom-cylinder-for-kato-small-excavator-hd512r\/","title":{"rendered":"Kato v\u00e4ikese ekskavaatori HD512R poomi silinder"},"content":{"rendered":"<h1>Kato v\u00e4ikese ekskavaatori HD512R poomi silinder<\/h1>\n<h2>Poomi silindri \u00fclevaade<\/h2>\n<p>Noole silinder m\u00e4ngib ehitusmasinate, eriti ekskavaatorite h\u00fcdros\u00fcsteemis olulist rolli. See on spetsiaalselt loodud kopa liikumise juhtimiseks ja on oluline mitmesuguste raskete rakenduste jaoks. Noole silinder v\u00f5imaldab kopal t\u00f5usta, langetada ja kallutada, h\u00f5lbustades t\u00f5husaid materjalik\u00e4itlust\u00f6id. Seda h\u00fcdrosilindrit kasutatakse sellistes masinates nagu ekskavaatorid, ekskavaatorlaadurid ja esilaadurid, tagades optimaalse j\u00f5udluse ja tootlikkuse keerulistes t\u00f6\u00f6keskkondades.<\/p>\n<p><img decoding=\"async\" src=\"https:\/\/www.hydraulic-cylinders.net\/wp-content\/uploads\/2025\/04\/songte-company-1.webp\" alt=\"Poomi silinder\" \/><\/p>\n<h2>Poomi silindri omadused<\/h2>\n<ul>\n<li><strong>Suur tugevus ja vastupidavus:<\/strong> See \u00fclitugevast terasest v\u00f5i alumiiniumist valmistatud silinder talub k\u00f5rget r\u00f5hku ja suuri koormusi, mist\u00f5ttu sobib see karmideks t\u00f6\u00f6tingimusteks.<\/li>\n<li><strong>T\u00f5hus h\u00fcdrauliline t\u00f6\u00f6:<\/strong> Kasutab sujuvaks pikendamiseks ja tagasit\u00f5mbamiseks h\u00fcdraulilist \u00f5lir\u00f5hku, pakkudes kiiret reageerimist juhtimisk\u00e4sklustele ning v\u00f5imsaid t\u00f5uke- ja t\u00f5mbev\u00f5imeid.<\/li>\n<li><strong>Erinevad t\u00fc\u00fcbid:<\/strong> Saadaval \u00fchetoimelise (h\u00fcdrauliline j\u00f5ud \u00fches suunas) v\u00f5i kahetoimelise (h\u00fcdrauliline j\u00f5ud m\u00f5lemas suunas) konfiguratsioonina, et rahuldada erinevaid t\u00f6\u00f6vajadusi.<\/li>\n<li><strong>Kompaktne disain:<\/strong> M\u00f5nel mudelil on teleskoopkonstruktsioon, mis v\u00f5imaldab suuremat pikendamist ilma v\u00e4lism\u00f5\u00f5tmeid suurendamata, mis sobib ideaalselt kitsastes ruumides kasutamiseks.<\/li>\n<li><strong>Hoolduss\u00f5bralik:<\/strong> Loodud h\u00f5lpsaks hoolduseks ja vahetamiseks, tagades minimaalse seisakuaja t\u00f6\u00f6 ajal.<\/li>\n<\/ul>\n<h2>Tootmisv\u00f5ime<\/h2>\n<p>Meil on selle toote tootmiseks v\u00f5imekus, mis tagab, et meie h\u00fcdrosilindrid suudavad turul olemasolevaid mudeleid ideaalselt asendada.<\/p>\n<p><img decoding=\"async\" src=\"https:\/\/www.hydraulic-cylinders.net\/wp-content\/uploads\/2025\/04\/songte-cylinder-head-with-all-kinds-excavator-models.webp\" alt=\"Silindrite tootmine\" \/><\/p>\n<h2>Rakendusstsenaariumid<\/h2>\n<h3>Ehitustehnika<\/h3>\n<p>Ekskavaatorites on noolesilindrid \u00fcliolulised kaevamiseks, laadimiseks ja pinnase v\u00f5i prahi teisaldamiseks. Need v\u00f5imaldavad kopal t\u00f5husalt pinnasesse tungida, v\u00f5imaldades operaatoritel \u00fclesandeid t\u00f5husalt t\u00e4ita. Ekskavaator-laadurites abistab noolesilinder nii kaevamis- kui ka t\u00f5stetoiminguid, pakkudes mitmek\u00fclgsust kohapeal.<\/p>\n<h3>P\u00f5llumajandustehnika<\/h3>\n<p>Esilaadurites kasutatavad noolesilindrid aitavad mulda, heina ja muid materjale \u00fcles korjata, t\u00f5sta ja transportida, muutes need p\u00f5llumajanduses hindamatuks. Nende tugevus ja t\u00f6\u00f6kindlus tagavad, et p\u00f5llumehed saavad oma \u00fclesandeid katkestusteta t\u00e4ita.<\/p>\n<h3>Ekskavaatorid<\/h3>\n<p>Noolesilindrid h\u00f5lbustavad kaevamisliigutust, v\u00f5imaldades kopal pinnasesse tungida. See v\u00f5ime on ekskavaatorite t\u00f5husaks toimimiseks ehitus- ja haljastust\u00f6\u00f6del h\u00e4davajalik, tagades optimaalse t\u00f6\u00f6 erinevatel maastikel.<\/p>\n<h3>Laadurid<\/h3>\n<p>Frontaallaadurites vastutavad noolesilindrid koormate t\u00f5husa t\u00f5stmise ja mahalaadimise eest. Nende j\u00f5udlus t\u00f5stetoimingute ajal on materjalide k\u00e4itlemise seisukohalt kriitilise t\u00e4htsusega, tagades kaupade t\u00f5husa transpordi ja mahalaadimise.<\/p>\n<h2>Projekteerimiskaalutlused ja valikukriteeriumid<\/h2>\n<ul>\n<li><strong>Kandev\u00f5ime:<\/strong> Projekteerimisel tuleb arvestada ballooni maksimaalse koormusega. See h\u00f5lmab materjalide valimist, mis taluvad t\u00f6\u00f6koormust ilma ohutust kahjustamata.<\/li>\n<li><strong>Tihendi terviklikkus:<\/strong> T\u00f5hus tihendamine on h\u00fcdraulilise vedeliku lekke v\u00e4ltimiseks \u00fclioluline. R\u00f5hu s\u00e4ilitamiseks ja t\u00f6\u00f6 efektiivsuse tagamiseks tuleks kasutada kvaliteetseid tihendeid.<\/li>\n<li><strong>Vastupidavus:<\/strong> Valitud materjalid peavad olema kulumiskindlad, tagades pika eluea isegi karmides tingimustes. See h\u00f5lmab ka korrosioonivastaste t\u00f6\u00f6tluste kaalumist.<\/li>\n<li><strong>Turvaelemendid:<\/strong> Ohutusmeetmete, n\u00e4iteks r\u00f5huvabastusventiilide lisamine aitab v\u00e4ltida \u00f5nnetusi ja parandada operaatori ohutust raskete t\u00f6\u00f6de ajal.<\/li>\n<li><strong>Hoolduse ligip\u00e4\u00e4setavus:<\/strong> Projekteerimine peaks v\u00f5imaldama h\u00f5lpsat juurdep\u00e4\u00e4su olulistele komponentidele kontrolli ja hoolduse jaoks, v\u00e4hendades seisakuid ja t\u00f6\u00f6katkestusi.<\/li>\n<\/ul>\n<p><img decoding=\"async\" src=\"https:\/\/www.hydraulic-cylinders.net\/wp-content\/uploads\/2025\/04\/songte-oil-pipes-and-spare-parts.webp\" alt=\"Varuosad\" \/><\/p>\n<h2>Tihendus ja m\u00e4\u00e4rimine<\/h2>\n<p>H\u00fcdrauliliste silindrite terviklikkuse s\u00e4ilitamiseks on oluline kasutada mitmesuguseid tihenduselemente, n\u00e4iteks kolvitihendeid ja varrastihendeid. Vastupidavatest materjalidest, nagu pol\u00fcuretaan ja nitriilkummi, valmistatud tihendid tagavad kulumiskindluse ja pikaealisuse. Silindri korpus ja keermestatud otsapinnad on peenelt t\u00f6\u00f6deldud, et suurendada kulumiskindlust. Sujuva t\u00f6\u00f6 tagamiseks ja liikuvate osade kulumise v\u00e4ltimiseks on vajalik regulaarne m\u00e4\u00e4rimine sobiva koguse h\u00fcdraulika\u00f5liga.<\/p>\n<h2>Regulaarne kontroll ja ennetavad hooldusmeetmed<\/h2>\n<ul>\n<li><strong>Planeerige rutiinsed kontrollid:<\/strong> Regulaarsed kontrollid aitavad kulumist tuvastada enne, kui see p\u00f5hjustab olulisi probleeme. Otsige lekke m\u00e4rke, ebatavalisi helisid ja j\u00f5udluse langust.<\/li>\n<li><strong>M\u00e4\u00e4rimisprotokollide rakendamine:<\/strong> Koostage ajakava k\u00f5igi liikuvate osade m\u00e4\u00e4rimiseks. See aitab s\u00e4ilitada sujuvat t\u00f6\u00f6d ja v\u00e4hendada h\u00f5\u00f5rdumisest tingitud kulumist.<\/li>\n<li><strong>Tihendi vahetamine ja kalibreerimise kontrollimine:<\/strong> Kontrollige regulaarselt tihendite seisukorda ja vahetage need vastavalt vajadusele. Kalibreerimiskontrollid tagavad, et h\u00fcdraulikas\u00fcsteemid t\u00f6\u00f6tavad optimaalsel r\u00f5hutasemel, suurendades j\u00f5udlust ja ohutust.<\/li>\n<\/ul>\n<h2>Toote \u00f5ige paigaldamise juhised<\/h2>\n<p>Poomi silindri \u00f5ige paigaldamine on selle j\u00f5udluse ja pikaealisuse seisukohalt \u00fclioluline. Alustage veendumaks, et kinnituspinnad on puhtad ja prahist vabad. Paigaldamise ajal kasutage sobivat joondust; valejoondus v\u00f5ib p\u00f5hjustada enneaegset kulumist v\u00f5i riket. Kasutage silindri kindla stabiliseerimiseks sobivaid kinnitusklambreid. P\u00e4rast paigaldamist tehke enne t\u00e4ielikku kasutamist p\u00f5hjalik funktsionaalsustest, et tagada n\u00f5uetekohane t\u00f6\u00f6. Lisaks tutvuge tootja spetsifikatsioonidega p\u00f6\u00f6rdemomendi s\u00e4tete kohta paigaldamise ajal, et v\u00e4ltida hilisemaid probleeme.<\/p>\n<h2>Levinumad hooldust\u00f6\u00f6d<\/h2>\n<ul>\n<li><strong>Regulaarsed kontrollid:<\/strong> Sagedased kontrollid aitavad probleeme varakult tuvastada, v\u00f5imaldades \u00f5igeaegset sekkumist ja remonti. See ennetav l\u00e4henemisviis minimeerib seisakuid ja pikendab silindri eluiga.<\/li>\n<li><strong>\u00d5ige m\u00e4\u00e4rimine:<\/strong> Silindri sujuva t\u00f6\u00f6 tagamiseks on oluline regulaarne m\u00e4\u00e4rimine. Veenduge, et kasutate tootja soovitatud h\u00fcdraulika\u00f5li ja j\u00e4rgige t\u00e4pselt m\u00e4\u00e4rimisgraafikut.<\/li>\n<li><strong>Tihendi vahetamine ja kalibreerimise kontrollimine:<\/strong> Aja jooksul v\u00f5ivad tihendid kuluda ja need tuleb lekete v\u00e4ltimiseks v\u00e4lja vahetada. Kalibreerimiskontrollid tagavad, et h\u00fcdrosilindrid t\u00f6\u00f6tavad soovitud r\u00f5hul, s\u00e4ilitades efektiivsuse.<\/li>\n<\/ul>\n<h2>Ohutuskaalutlused ja keskkonnategurid<\/h2>\n<p>H\u00fcdrauliliste silindrite k\u00e4itamisel on \u00fclioluline seada esikohale ohutusmeetmed. See h\u00f5lmab operaatorite koolitamist ohutu k\u00e4sitsemise protseduuride osas ning k\u00f5igi seadmete regulaarse kontrolli ja hoolduse tagamist. Samuti m\u00e4ngivad rolli keskkonnakaalutlused; keskkonnas\u00f5bralike h\u00fcdrauliliste vedelike kasutamine v\u00f5ib v\u00e4hendada kahjulikku m\u00f5ju \u00fcmbritsevale \u00f6kos\u00fcsteemile, n\u00e4idates p\u00fchendumust j\u00e4tkusuutlikkusele tegevuses.<\/p>\n<h2>Veaotsing ja levinud probleemid<\/h2>\n<ul>\n<li><strong>Leke:<\/strong> Sageli p\u00f5hjustatud kulunud tihenditest v\u00f5i kahjustatud silindrikorpustest. Regulaarne kontroll aitab lekkeid varakult tuvastada ja vedeliku kadu \u00e4ra hoida.<\/li>\n<li><strong>Aeglane t\u00f6\u00f6:<\/strong> See v\u00f5ib viidata madalale h\u00fcdraulikavedeliku tasemele v\u00f5i vajadusele s\u00fcsteemi \u00f5hutada, et eemaldada s\u00fcsteemist kinni j\u00e4\u00e4nud \u00f5hk. Lahendage need probleemid viivitamatult, et taastada funktsioon.<\/li>\n<li><strong>Ebatavalised helid:<\/strong> Krigisev v\u00f5i koputav heli v\u00f5ib viidata mehaanilisele rikkele v\u00f5i s\u00fcsteemi prahile. Uurige kohe, et v\u00e4ltida edasisi kahjustusi.<\/li>\n<\/ul>\n<p>Ennetavate meetmete rakendamine, n\u00e4iteks regulaarsed hoolduskontrollid ja operaatorite koolitamine \u00f5ige kasutamise osas, aitab minimeerida v\u00f5imalikke probleeme ja pikendada poomi silindri eluiga.<\/p>\n<p><img decoding=\"async\" src=\"https:\/\/www.hydraulic-cylinders.net\/wp-content\/uploads\/2025\/04\/songte-bushings-with-all-kinds-of-excavator-models.webp\" alt=\"Ekskavaatori mudelid\" \/><\/p>\n<h2>Meie ettev\u00f5ttest<\/h2>\n<p>Oleme juhtiv asendush\u00fcdrauliliste silindrite tootja ja hulgim\u00fc\u00fcja, pakkudes laia valikut tooteid nii sise- kui ka v\u00e4listurgudele. Meie p\u00fchendumus tipptasemele peegeldub meie t\u00e4iustatud tootmisstrateegiates, mis kasutavad \u00e4ra tehnilist talenti, t\u00e4iustatud digitaalseid tootmisseadmeid ja professionaalseid testimiss\u00fcsteeme. Meie tootmisplatvormi pidev t\u00e4iustamine tagab kvaliteetse tootmise, mis v\u00f5imaldab meil rahuldada klientide mitmekesiseid vajadusi suure t\u00f5hususega, t\u00e4psuse ja kvaliteediga.<\/p>\n<h3>Meie professionaalne eelis<\/h3>\n<ul>\n<li><strong>Ekspertiis:<\/strong> Meie meeskond koosneb oskuslikest spetsialistidest, kellel on ulatuslik kogemus h\u00fcdrauliliste silindrite tootmises, tagades tipptasemel kvaliteedi ja j\u00f5udluse.<\/li>\n<li><strong>Rahvusvahelised sertifikaadid:<\/strong> Meie tooted vastavad erinevatele rahvusvahelistele standarditele, mis tagab kvaliteedi ja usaldusv\u00e4\u00e4rsuse.<\/li>\n<li><strong>Kohandatud lahendused:<\/strong> Pakume klientide konkreetsete vajaduste rahuldamiseks kohandatud teenuseid, tagades, et meie tooted vastavad ideaalselt nende tegevusvajadustele.<\/li>\n<li><strong>T\u00e4iustatud tootmisseadmed:<\/strong> Meie tipptasemel tootmis\u00fcksused on varustatud tipptehnoloogiaga, mis v\u00f5imaldab meil t\u00f5husalt toota kvaliteetseid h\u00fcdrosilindreid.<\/li>\n<li><strong>M\u00fc\u00fcgij\u00e4rgne tugi:<\/strong> Pakume usaldusv\u00e4\u00e4rset m\u00fc\u00fcgij\u00e4rgset teenindust, tagades klientide rahulolu ja toe kogu toote eluts\u00fckli v\u00e4ltel.<\/li>\n<\/ul>\n<p><img decoding=\"async\" src=\"https:\/\/www.hydraulic-cylinders.net\/wp-content\/uploads\/2025\/04\/songte-company-4.webp\" alt=\"Ettev\u00f5tte \u00fclevaade\" \/><br \/>\n<img decoding=\"async\" src=\"https:\/\/www.hydraulic-cylinders.net\/wp-content\/uploads\/2025\/04\/songte-company-3.webp\" alt=\"Ettev\u00f5tte rajatised\" \/><\/p>\n<p>Autor: lyl<\/p>","protected":false},"excerpt":{"rendered":"<p>Boom Cylinder For Kato Small Excavator HD512R Overview of the Boom Cylinder The boom cylinder plays a crucial role in the hydraulic system of construction machinery, particularly in excavators. It is specifically designed to control the movement of the bucket and is essential for various heavy-duty applications. The boom cylinder allows the bucket to lift, [&hellip;]<\/p>","protected":false},"featured_media":17878,"comment_status":"open","ping_status":"closed","template":"","meta":{"_et_pb_use_builder":"","_et_pb_old_content":"","_et_gb_content_width":""},"product_brand":[],"product_cat":[1546],"product_tag":[1547,1496],"class_list":{"0":"post-19750","1":"product","2":"type-product","3":"status-publish","4":"has-post-thumbnail","6":"product_cat-boom-cylinders","7":"product_tag-boom-cylinders","8":"product_tag-hydraulic-cylinders","10":"first","11":"instock","12":"shipping-taxable","13":"product-type-simple"},"amp_enabled":true,"_links":{"self":[{"href":"https:\/\/www.hydraulic-cylinders.net\/et\/wp-json\/wp\/v2\/product\/19750","targetHints":{"allow":["GET"]}}],"collection":[{"href":"https:\/\/www.hydraulic-cylinders.net\/et\/wp-json\/wp\/v2\/product"}],"about":[{"href":"https:\/\/www.hydraulic-cylinders.net\/et\/wp-json\/wp\/v2\/types\/product"}],"replies":[{"embeddable":true,"href":"https:\/\/www.hydraulic-cylinders.net\/et\/wp-json\/wp\/v2\/comments?post=19750"}],"wp:featuredmedia":[{"embeddable":true,"href":"https:\/\/www.hydraulic-cylinders.net\/et\/wp-json\/wp\/v2\/media\/17878"}],"wp:attachment":[{"href":"https:\/\/www.hydraulic-cylinders.net\/et\/wp-json\/wp\/v2\/media?parent=19750"}],"wp:term":[{"taxonomy":"product_brand","embeddable":true,"href":"https:\/\/www.hydraulic-cylinders.net\/et\/wp-json\/wp\/v2\/product_brand?post=19750"},{"taxonomy":"product_cat","embeddable":true,"href":"https:\/\/www.hydraulic-cylinders.net\/et\/wp-json\/wp\/v2\/product_cat?post=19750"},{"taxonomy":"product_tag","embeddable":true,"href":"https:\/\/www.hydraulic-cylinders.net\/et\/wp-json\/wp\/v2\/product_tag?post=19750"}],"curies":[{"name":"wp","href":"https:\/\/api.w.org\/{rel}","templated":true}]}}