{"id":19751,"date":"2025-04-07T07:05:33","date_gmt":"2025-04-07T07:05:33","guid":{"rendered":"https:\/\/www.hydraulic-cylinders.net\/product\/boom-cylinder-for-kato-small-excavator-hd800-7\/"},"modified":"2025-04-07T07:05:36","modified_gmt":"2025-04-07T07:05:36","slug":"boom-cylinder-for-kato-small-excavator-hd800-7","status":"publish","type":"product","link":"https:\/\/www.hydraulic-cylinders.net\/et\/toode\/boom-cylinder-for-kato-small-excavator-hd800-7\/","title":{"rendered":"Kato v\u00e4ikese ekskavaatori HD800-7 poomi silinder"},"content":{"rendered":"<h1>Kato v\u00e4ikese ekskavaatori HD800-7 poomi silinder<\/h1>\n<h2>Toote \u00fclevaade<\/h2>\n<p>Kato v\u00e4ikeekskavaatori HD800-7 poomi silinder on oluline h\u00fcdrauliline komponent, mis on spetsiaalselt loodud ekskavaatori poomi liikumise juhtimiseks. See h\u00fcdrauliline silinder m\u00e4ngib olulist rolli erinevates rasketehnika t\u00f6\u00f6des, v\u00f5imaldades poomi t\u00e4pselt t\u00f5sta, langetada ja kallutada. See suurendab materjalik\u00e4itlust\u00f6\u00f6de t\u00f5husust, muutes selle ehitus- ja kaevamisplatsidel asendamatuks.<\/p>\n<p>Spetsiaalse h\u00fcdraulilise silindrina h\u00f5lbustab noole silinder mitmesuguseid toiminguid rasketehnikas, n\u00e4iteks ekskavaatorites, laadur-ekskavaatorites ja esilaadurites. See v\u00f5imaldab sujuvat kaevamist, laadimist ja materjalide teisaldamist, parandades seel\u00e4bi oluliselt tootlikkust. Noole silindri h\u00fcdrauliline mehhanism t\u00f6\u00f6tab h\u00fcdraulikavedeliku r\u00f5hu abil, pakkudes vajalikku j\u00f5udu raskete koormate t\u00f5stmiseks ja man\u00f6\u00f6verdamiseks.<\/p>\n<p><img decoding=\"async\" src=\"https:\/\/www.hydraulic-cylinders.net\/wp-content\/uploads\/2025\/04\/songte-company-1.webp\" alt=\"Kato v\u00e4ikese ekskavaatori HD800-7 poomi silinder\"><\/p>\n<h2>Poomi silindri omadused<\/h2>\n<ul>\n<li>\n<h3>Suur tugevus ja vastupidavus<\/h3>\n<p>K\u00f5rgtugevast terasest v\u00f5i alumiiniumist valmistatud poomi silinder on loodud taluma k\u00f5rget r\u00f5hku ja suuri koormusi, mist\u00f5ttu sobib see karmidesse t\u00f6\u00f6keskkondadesse. Materjal on valitud kulumiskindluse ja korrosioonikindluse t\u00f5ttu, tagades pika t\u00f6\u00f6ea.<\/p>\n<\/li>\n<li>\n<h3>T\u00f5hus h\u00fcdrauliline t\u00f6\u00f6<\/h3>\n<p>Silinder kasutab sujuva pikenemise ja tagasit\u00f5mbamise saavutamiseks h\u00fcdraulika\u00f5li r\u00f5hku. See v\u00f5imaldab kiiret reageerimist juhtimisk\u00e4sklustele, pakkudes v\u00f5imsaid t\u00f5uke- ja t\u00f5mbev\u00f5imeid, mis sobivad ideaalselt raskete esemete ja keerukate \u00fclesannete k\u00e4sitsemiseks.<\/p>\n<\/li>\n<li>\n<h3>Mitmekesised valikud<\/h3>\n<p>Poomi silindrit, mis on saadaval nii \u00fchetoimelise (\u00fches suunas t\u00f6\u00f6tava) kui ka kahetoimelise (kahes suunas t\u00f6\u00f6tava) konstruktsioonina, saab kohandada vastavalt erinevatele t\u00f6\u00f6vajadustele. Teatud mudelid on teleskoopilised, mis v\u00f5imaldab suuremat pikendamist ilma v\u00e4lism\u00f5\u00f5tmeid suurendamata, sobides rakenduste jaoks, kus ruum on piiratud.<\/p>\n<\/li>\n<li>\n<h3>\u00dchilduvus<\/h3>\n<p>Me toodame tooteid, mis asendavad ideaalselt olemasolevaid h\u00fcdrosilindreid, tagades sujuva integreerimise teie masinatesse ilma j\u00f5udlust kahjustamata.<\/p>\n<\/li>\n<\/ul>\n<p><img decoding=\"async\" src=\"https:\/\/www.hydraulic-cylinders.net\/wp-content\/uploads\/2025\/04\/songte-cylinder-head-with-all-kinds-excavator-models.webp\" alt=\"Poomi silindripea ekskavaatorimudelitega\"><\/p>\n<h2>Poomi silindri rakendused<\/h2>\n<ul>\n<li>\n<h3>Ehitustehnika<\/h3>\n<p>Ekskavaatorites on noole silinder \u00fclioluline kaevamiseks, laadimiseks ja mulla v\u00f5i prahi teisaldamiseks. See annab vajaliku j\u00f5u pinnasesse tungimiseks ja materjalide eemaldamise h\u00f5lbustamiseks, suurendades ehitusprojektide \u00fcldist tootlikkust. Silindri disain v\u00f5imaldab sujuvat liikumist, mis on oluline t\u00e4pseks man\u00f6\u00f6verdamiseks kitsastes kohtades.<\/p>\n<\/li>\n<li>\n<h3>P\u00f5llumajandustehnika<\/h3>\n<p>Noolesilindreid kasutatakse tavaliselt esilaadurites mulla, heina ja muude materjalide kopeerimiseks, t\u00f5stmiseks ja transportimiseks. Nende vastupidav konstruktsioon tagab, et need saavad hakkama p\u00f5llumajandust\u00f6\u00f6de raskustega, pakkudes usaldusv\u00e4\u00e4rset j\u00f5udlust isegi keerulistes tingimustes.<\/p>\n<\/li>\n<li>\n<h3>Ekskavaatorid<\/h3>\n<p>Ekskavaatorites v\u00f5imaldab noole silinder kopal t\u00f5husalt pinnasesse tungida, v\u00f5imaldades t\u00f5husat kaevamist. See mehhanism on \u00fclioluline \u00fclesannete puhul, alates platsi ettevalmistamisest kuni kraavide kaevamiseni, kus on vaja kopa liikumise t\u00e4pset kontrolli.<\/p>\n<\/li>\n<li>\n<h3>Laadurid<\/h3>\n<p>Esilaaduritel aitab noole silinder koormaid t\u00f5husalt t\u00f5sta ja t\u00fchjendada. Selle h\u00fcdraulilised v\u00f5imalused tagavad raskete materjalide h\u00f5lpsa k\u00e4sitsemise, v\u00e4hendades juhi v\u00e4simust ja suurendades t\u00f6\u00f6 efektiivsust.<\/p>\n<\/li>\n<\/ul>\n<h2>Projekteerimiskaalutlused ja valikukriteeriumid<\/h2>\n<ul>\n<li>\n<h3>Kandev\u00f5ime<\/h3>\n<p>Poomi silindri valimisel on kriitilise t\u00e4htsusega m\u00f5ista selle kandev\u00f5imet. Silinder peab suutma taluda masina maksimaalset koormust. Suurem kandev\u00f5ime mitte ainult ei taga seadmete head toimimist rasketes tingimustes, vaid aitab kaasa ka ohutusele ja pikaealisusele. Materjalide ja konstruktsiooni valik peab olema koosk\u00f5las eeldatavate t\u00f6\u00f6n\u00f5uetega, et v\u00e4ltida rikkeid v\u00f5i \u00f5nnetusi.<\/p>\n<\/li>\n<li>\n<h3>Tihendus<\/h3>\n<p>T\u00f5hus tihendus on h\u00fcdraulilise r\u00f5hu s\u00e4ilitamiseks ja lekete v\u00e4ltimiseks \u00fclioluline. Kasutada tuleks kvaliteetseid tihendeid, mis on valmistatud vastupidavatest materjalidest, nagu pol\u00fcuretaan ja nitriilkummi. Need tihendid peavad vastu pidama karmidele keskkondadele ja h\u00fcdraulilise vedeliku m\u00f5judele, tagades tiheda sobivuse, mis minimeerib kulumist ja pikendab silindri eluiga.<\/p>\n<\/li>\n<li>\n<h3>Vastupidavus<\/h3>\n<p>Poomi silindri vastupidavuse m\u00e4\u00e4ravad selle materjalivalik ja konstruktsioonikvaliteet. See peaks olema konstrueeritud nii, et see oleks kulumis- ja korrosioonikindel, eriti karmides tingimustes. Regulaarsed hoolduskontrollid aitavad tuvastada potentsiaalseid probleeme enne, kui need p\u00f5hjustavad olulisi rikkeid, hoides masina t\u00f6\u00f6korras ja ohutuna.<\/p>\n<\/li>\n<li>\n<h3>Turvaelemendid<\/h3>\n<p>H\u00fcdrauliliste masinate k\u00e4itamisel on ohutus esmat\u00e4htis. Noolesilindril peaksid olema omadused, mis takistavad juhuslikku k\u00e4ivitumist v\u00f5i riket. See h\u00f5lmab r\u00f5hualandusventiile ja turvalukustusi, mis tagavad, et silinder ei t\u00f6\u00f6ta \u00fcle etten\u00e4htud v\u00f5imsuse, kaitstes seega nii operaatorit kui ka seadet kahjustuste eest.<\/p>\n<\/li>\n<li>\n<h3>Hooldatavus<\/h3>\n<p>Poomi silindri projekteerimine hooldust silmas pidades on pikaajalise j\u00f5udluse tagamiseks \u00fclioluline. Ligip\u00e4\u00e4setavad m\u00e4\u00e4rdeniplid, h\u00f5lpsasti vahetatavad tihendid ja selged m\u00e4rgistused kontrollpunktide jaoks aitavad operaatoritel silindrit t\u00f5husalt hooldada. Regulaarsed kontrollid ja hooldusrutiinid v\u00f5ivad h\u00fcdrosilindri eluiga oluliselt pikendada, tagades selle sujuva ja t\u00f5husa t\u00f6\u00f6 aja jooksul.<\/p>\n<\/li>\n<\/ul>\n<p><img decoding=\"async\" src=\"https:\/\/www.hydraulic-cylinders.net\/wp-content\/uploads\/2025\/04\/songte-oil-pipes-and-spare-parts.webp\" alt=\"\u00d5litorud ja varuosad\"><\/p>\n<h2>Silindri tihendamine ja m\u00e4\u00e4rimine<\/h2>\n<p>T\u00f5hus tihendamine ja m\u00e4\u00e4rimine on poomi silindri j\u00f5udluse s\u00e4ilitamise olulised aspektid. Erinevad tihenduskomponendid, n\u00e4iteks kolvitihendid ja vardatihendid, m\u00e4ngivad olulist rolli lekete v\u00e4ltimisel ja h\u00fcdraulilise r\u00f5hu s\u00e4ilitamisel. Tihendite materjalide valik, n\u00e4iteks pol\u00fcuretaan ja nitriilkummi, tagab vastupidavuse ja kulumiskindluse, mis on pikaajalise t\u00f6\u00f6 jaoks h\u00e4davajalik.<\/p>\n<p>Silindri korpus ja keermestatud pinnad peaksid l\u00e4bima t\u00e4pse viimistluse, et suurendada kulumiskindlust ja v\u00e4hendada enneaegse rikke t\u00f5en\u00e4osust. Regulaarne m\u00e4\u00e4rimine h\u00fcdraulika\u00f5liga on vajalik, et minimeerida h\u00f5\u00f5rdumist liikuvate osade vahel ja tagada sujuv t\u00f6\u00f6. Operaatorid peaksid sageli kontrollima \u00f5litaset ja lisama sobiva koguse h\u00fcdraulika\u00f5li, et s\u00e4ilitada optimaalne m\u00e4\u00e4rimine, kuna ebapiisav m\u00e4\u00e4rimine v\u00f5ib p\u00f5hjustada silindri komponentide suurenenud kulumist.<\/p>\n<h2>Regulaarne kontroll ja ennetavad hooldusmeetmed<\/h2>\n<ul>\n<li>\n<h3>Sagedased kontrollid<\/h3>\n<p>Poomi silindri regulaarne kontroll on oluline kulumise v\u00f5i kahjustuste varajaseks tuvastamiseks. Operaatorid peaksid teostama visuaalseid kontrolle lekete, pragude ja korrosiooni suhtes. K\u00f5ik k\u00f5rvalekalded tuleks viivitamatult k\u00f5rvaldada, et v\u00e4ltida edasisi probleeme ja tagada masina ohutu t\u00f6\u00f6.<\/p>\n<\/li>\n<li>\n<h3>\u00d5ige m\u00e4\u00e4rimine<\/h3>\n<p>H\u00fcdraulikas\u00fcsteemis on oluline s\u00e4ilitada sobiv m\u00e4\u00e4rimistase. Operaatorid peaksid j\u00e4rgima tootja juhiseid m\u00e4\u00e4rimisintervallide ja -koguste kohta. N\u00f5uetekohane m\u00e4\u00e4rimine hoiab \u00e4ra h\u00f5\u00f5rdumise ja \u00fclekuumenemise, pikendades silindri eluiga ja parandades j\u00f5udlust.<\/p>\n<\/li>\n<li>\n<h3>Tihendi vahetamine<\/h3>\n<p>Tihendid tuleks perioodiliselt vahetada, eriti kui neil on kulumise v\u00f5i lekke m\u00e4rke. Regulaarsed hooldusrutiinid peaksid h\u00f5lmama tihendite terviklikkuse kontrollimist ja vajadusel nende v\u00e4ljavahetamist, et s\u00e4ilitada h\u00fcdrauliline r\u00f5hk ja v\u00e4ltida vedeliku kadu. Tihendite heas seisukorras hoidmine on h\u00fcdraulikas\u00fcsteemi \u00fcldise tervise jaoks \u00fclioluline.<\/p>\n<\/li>\n<\/ul>\n<h2>Paigaldusjuhised<\/h2>\n<p>Poomi silindri \u00f5ige paigaldamine on selle j\u00f5udluse ja pikaealisuse seisukohalt \u00fclioluline. Alustage veendumisest, et k\u00f5ik kinnituspinnad on puhtad ja prahist vabad. Joondage silinder t\u00e4pselt kinnitusklambritega, kasutades sobivaid t\u00f6\u00f6riistu, et v\u00e4ltida joondamata joondamist, mis v\u00f5ib p\u00f5hjustada enneaegset kulumist v\u00f5i riket.<\/p>\n<p>Kinnitage silinder sobivate kinnitusdetailidega, veendudes, et need on tootja spetsifikatsioonide kohaselt pingutatud. Silindri stabiilse toe tagamiseks t\u00f6\u00f6tamise ajal on oluline kasutada \u00f5igeid kinnitusklambreid. P\u00e4rast paigaldamist kontrollige enne t\u00e4ielikku t\u00f6\u00f6tamist s\u00fcsteemi madala r\u00f5hu all v\u00f5imalike h\u00fcdrauliliste lekete suhtes.<\/p>\n<p>L\u00f5puks veenduge, et k\u00f5ik h\u00fcdraulilised \u00fchendused on kindlalt paigas, ja tehke l\u00f5plik kontroll, et kinnitada paigalduse vastavust ohutus- ja t\u00f6\u00f6standarditele.<\/p>\n<h2>Hooldus\u00fclesanded<\/h2>\n<ul>\n<li>\n<h3>Regulaarsed kontrollid<\/h3>\n<p>Poomi silindri regulaarne kontrollimine on potentsiaalsete probleemide varajaseks avastamiseks \u00fclioluline. Operaatorid peaksid t\u00f6\u00f6tamise ajal otsima kulumism\u00e4rke, lekkeid v\u00f5i ebatavalisi helisid. Nende probleemide \u00f5igeaegne lahendamine aitab v\u00e4ltida suuremaid probleeme ja seisakuid.<\/p>\n<\/li>\n<li>\n<h3>Sobiv m\u00e4\u00e4rimine<\/h3>\n<p>\u00d5ige m\u00e4\u00e4rimistaseme s\u00e4ilitamine on sujuva t\u00f6\u00f6 tagamiseks h\u00e4davajalik. Operaatorid peaksid optimaalse j\u00f5udluse tagamiseks ja silindri eluea pikendamiseks j\u00e4rgima tootja soovitusi h\u00fcdraulika\u00f5li t\u00fc\u00fcpide ja m\u00e4\u00e4rimisgraafikute kohta.<\/p>\n<\/li>\n<li>\n<h3>Tihendi vahetamine ja kalibreerimise kontrollimine<\/h3>\n<p>Hooldusrutiini osana on tihendite regulaarne vahetamine kriitilise t\u00e4htsusega lekete v\u00e4ltimiseks ja h\u00fcdraulilise r\u00f5hu s\u00e4ilitamiseks. Lisaks tuleks teha kalibreerimiskontrolle, et tagada silindri toimimine tootja spetsifikatsioonide kohaselt, tagades t\u00f6\u00f6 ohutuse ja t\u00f5hususe.<\/p>\n<\/li>\n<\/ul>\n<p><img decoding=\"async\" src=\"https:\/\/www.hydraulic-cylinders.net\/wp-content\/uploads\/2025\/04\/songte-chushion-collar.webp\" alt=\"Padjakaelus\"><\/p>\n<h2>Ohutuskaalutlused ja keskkonnategurid<\/h2>\n<p>H\u00fcdrauliliste silindrite kasutamisel on ohutusmeetmete j\u00e4rgimine \u00fclioluline. Operaatorid peaksid olema koolitatud m\u00f5istma h\u00fcdrauliliste s\u00fcsteemidega seotud v\u00f5imalikke ohte, sealhulgas h\u00fcdraulilise vedeliku lekke ohtu ja liikuvate osade p\u00f5hjustatud mehaanilisi riske. Ohutusprotokollide rakendamine, n\u00e4iteks isikukaitsevahendite (IKV) kasutamine ja n\u00f5uetekohaste t\u00f6\u00f6protseduuride j\u00e4rgimine, minimeerib hoolduse ja k\u00e4itamise ajal tekkivaid riske.<\/p>\n<p>Lisaks tuleks saastumise v\u00e4ltimiseks arvestada keskkonnaga. H\u00fcdrauliliste vedelike vastutustundlik k\u00e4itlemine on oluline, tagades, et k\u00f5ik lekked v\u00f5i mahavalgumised k\u00f5rvaldatakse viivitamatult, et kaitsta \u00fcmbritsevat keskkonda. Keskkonnas\u00f5bralike h\u00fcdrauliliste vedelike kasutamine aitab samuti v\u00e4hendada keskkonnam\u00f5ju.<\/p>\n<h2>Veaotsing ja levinud probleemid<\/h2>\n<ul>\n<li>\n<h3>H\u00fcdraulilised lekked<\/h3>\n<p>H\u00fcdraulilised lekked viitavad sageli rikkis tihenditele v\u00f5i kahjustatud komponentidele. Operaatorid peaksid kontrollima tihendeid ja \u00fchendusi kulumise v\u00f5i kahjustuste suhtes ning vajadusel need v\u00e4lja vahetama. Lekete \u00f5igeaegne k\u00f5rvaldamine aitab v\u00e4ltida h\u00fcdraulikavedeliku kadu ja s\u00e4ilitada s\u00fcsteemi r\u00f5hu.<\/p>\n<\/li>\n<li>\n<h3>Ebaj\u00e4rjekindel silindri liikumine<\/h3>\n<p>Poomi silindri ebaj\u00e4rjekindel v\u00f5i t\u00f5mblev liikumine v\u00f5ib olla tingitud h\u00fcdros\u00fcsteemis olevast \u00f5hust v\u00f5i madalast vedelikutasemest. H\u00fcdros\u00fcsteemi \u00f5hutamine \u00f5hu eemaldamiseks ja piisava vedelikutaseme tagamine v\u00f5ib selle probleemi lahendada ja sujuva t\u00f6\u00f6 taastada.<\/p>\n<\/li>\n<li>\n<h3>\u00dclekuumenemine<\/h3>\n<p>\u00dclekuumenemine v\u00f5ib tekkida liigse koormuse v\u00f5i ebapiisava m\u00e4\u00e4rimise t\u00f5ttu. Operaatorid peaksid j\u00e4lgima koormuspiiranguid ja j\u00e4rgima n\u00f5uetekohaseid m\u00e4\u00e4rimispraktikaid. Kui \u00fclekuumenemine p\u00fcsib, on t\u00f5husa t\u00f6\u00f6 tagamiseks vaja kontrollida h\u00fcdraulikas\u00fcsteemi ummistuste v\u00f5i probleemide suhtes.<\/p>\n<\/li>\n<\/ul>\n<p><img decoding=\"async\" src=\"https:\/\/www.hydraulic-cylinders.net\/wp-content\/uploads\/2025\/04\/songte-bushings-with-all-kinds-of-excavator-models.webp\" alt=\"Puksid ekskavaatorimudelitega\"><\/p>\n<h2>Ennetavad meetmed<\/h2>\n<p>Poomi silindri v\u00f5imalike probleemide v\u00e4hendamiseks peaksid operaatorid rakendama mitmeid ennetavaid meetmeid. Regulaarsed kontrollid ja hooldus aitavad probleeme varakult tuvastada, tagades h\u00fcdros\u00fcsteemi t\u00f5husa t\u00f6\u00f6. Operaatorite piisav koolitus ohutu k\u00e4sitsemise ja kasutamise kohta aitab leevendada h\u00fcdrauliliste masinatega seotud riske.<\/p>\n<p>Lisaks kaitseb puhta t\u00f6\u00f6keskkonna s\u00e4ilitamine ja h\u00fcdraulikavedeliku lekete kiire lahendamine nii seadmeid kui ka \u00fcmbritsevat ala. H\u00fcdraulikavedeliku taseme kontrollimise ja t\u00e4iendamise rutiini kehtestamine hoiab \u00e4ra ka madala vedelikutaseme p\u00f5hjustatud j\u00f5udlusprobleemid.<\/p>\n<h2>Ettev\u00f5tte \u00fclevaade<\/h2>\n<p>Oleme alternatiivsete h\u00fcdrauliliste silindrite juhtiv tootja, pakkudes laia tootevalikut nii sise- kui ka rahvusvahelistele turgudele. Meie p\u00fchendumus tippkvaliteedile ja t\u00e4iustatud tootmisjuhtimise strateegiad v\u00f5imaldavad meil toota t\u00f5husalt kvaliteetseid h\u00fcdraulilisi silindreid.<\/p>\n<p>Keskendudes innovatsioonile, t\u00e4iustame pidevalt oma tootmisprotsesse, kasutades t\u00e4iustatud tehnoloogiat, oskuslikku personali ja tugevaid kvaliteedikontrollis\u00fcsteeme. Meie tootmisv\u00f5imsused tagavad, et vastame klientide mitmekesistele n\u00f5udmistele, j\u00e4rgides samal ajal rahvusvahelisi kvaliteedi- ja ohutussertifikaate.<\/p>\n<p>Pakume ka kohandatud teenuseid, et rahuldada klientide konkreetseid vajadusi, tagades, et meie lahendused vastavad ideaalselt nende tegevusalastele v\u00e4ljakutsetele. Meie m\u00fc\u00fcgij\u00e4rgne tugi on p\u00fchendunud klientide rahulolu tagamisele, pakkudes kiireid vastuseid ja vajadusel tehnilist abi.<\/p>\n<p><img decoding=\"async\" src=\"https:\/\/www.hydraulic-cylinders.net\/wp-content\/uploads\/2025\/04\/songte-company-4.webp\" alt=\"Ettev\u00f5tte pilt 1\"><br \/>\n<img decoding=\"async\" src=\"https:\/\/www.hydraulic-cylinders.net\/wp-content\/uploads\/2025\/04\/songte-company-3.webp\" alt=\"Ettev\u00f5tte pilt 2\"><\/p>\n<p>Autor: lyl<\/p>","protected":false},"excerpt":{"rendered":"<p>Boom Cylinder For Kato Small Excavator HD800-7 Product Overview The Boom Cylinder for Kato Small Excavator HD800-7 is an essential hydraulic component designed specifically for controlling the movement of the excavator&#8217;s boom. This hydraulic cylinder plays a crucial role in various heavy machinery operations, enabling the boom to lift, lower, and tilt with precision. It [&hellip;]<\/p>","protected":false},"featured_media":17879,"comment_status":"open","ping_status":"closed","template":"","meta":{"_et_pb_use_builder":"","_et_pb_old_content":"","_et_gb_content_width":""},"product_brand":[],"product_cat":[1546],"product_tag":[1547,1496],"class_list":{"0":"post-19751","1":"product","2":"type-product","3":"status-publish","4":"has-post-thumbnail","6":"product_cat-boom-cylinders","7":"product_tag-boom-cylinders","8":"product_tag-hydraulic-cylinders","10":"first","11":"instock","12":"shipping-taxable","13":"product-type-simple"},"amp_enabled":true,"_links":{"self":[{"href":"https:\/\/www.hydraulic-cylinders.net\/et\/wp-json\/wp\/v2\/product\/19751","targetHints":{"allow":["GET"]}}],"collection":[{"href":"https:\/\/www.hydraulic-cylinders.net\/et\/wp-json\/wp\/v2\/product"}],"about":[{"href":"https:\/\/www.hydraulic-cylinders.net\/et\/wp-json\/wp\/v2\/types\/product"}],"replies":[{"embeddable":true,"href":"https:\/\/www.hydraulic-cylinders.net\/et\/wp-json\/wp\/v2\/comments?post=19751"}],"wp:featuredmedia":[{"embeddable":true,"href":"https:\/\/www.hydraulic-cylinders.net\/et\/wp-json\/wp\/v2\/media\/17879"}],"wp:attachment":[{"href":"https:\/\/www.hydraulic-cylinders.net\/et\/wp-json\/wp\/v2\/media?parent=19751"}],"wp:term":[{"taxonomy":"product_brand","embeddable":true,"href":"https:\/\/www.hydraulic-cylinders.net\/et\/wp-json\/wp\/v2\/product_brand?post=19751"},{"taxonomy":"product_cat","embeddable":true,"href":"https:\/\/www.hydraulic-cylinders.net\/et\/wp-json\/wp\/v2\/product_cat?post=19751"},{"taxonomy":"product_tag","embeddable":true,"href":"https:\/\/www.hydraulic-cylinders.net\/et\/wp-json\/wp\/v2\/product_tag?post=19751"}],"curies":[{"name":"wp","href":"https:\/\/api.w.org\/{rel}","templated":true}]}}