{"id":19979,"date":"2025-04-21T01:11:28","date_gmt":"2025-04-21T01:11:28","guid":{"rendered":"https:\/\/www.hydraulic-cylinders.net\/?post_type=product&#038;p=19979"},"modified":"2025-04-21T03:47:37","modified_gmt":"2025-04-21T03:47:37","slug":"top-link-hydraulic-cylinder","status":"publish","type":"product","link":"https:\/\/www.hydraulic-cylinders.net\/et\/toode\/top-link-hydraulic-cylinder\/","title":{"rendered":"\u00dclemise l\u00fcli h\u00fcdrauliline silinder"},"content":{"rendered":"<h1 style=\"text-align: center;\"><strong>\u00dclemise l\u00fcli h\u00fcdrauliline silinder<\/strong><\/h1>\n<p><img loading=\"lazy\" decoding=\"async\" class=\"aligncenter wp-image-19981\" src=\"https:\/\/www.hydraulic-cylinders.net\/wp-content\/uploads\/2025\/04\/top-link-hydraulic-cylinder-product-2.webp\" alt=\"\u00dclemise l\u00fcli h\u00fcdrauliline silinder \" width=\"500\" height=\"500\" srcset=\"https:\/\/www.hydraulic-cylinders.net\/wp-content\/uploads\/2025\/04\/top-link-hydraulic-cylinder-product-2.webp 500w, https:\/\/www.hydraulic-cylinders.net\/wp-content\/uploads\/2025\/04\/top-link-hydraulic-cylinder-product-2-480x480.webp 480w\" sizes=\"(min-width: 0px) and (max-width: 480px) 480px, (min-width: 481px) 500px, 100vw\" \/><\/p>\n<p>Meie traktorite \u00fclemise l\u00fcli h\u00fcdrauliline silinder on loodud sujuvaks integreerimiseks kolmepunktilise haakes\u00fcsteemiga, pakkudes t\u00e4pset juhtimist p\u00f5llumajandust\u00f6\u00f6riistade \u00fcle. See h\u00fcdrauliline lahendus, mis on loodud efektiivsuse suurendamiseks, reguleerib t\u00e4pselt adra, k\u00fclvikuid ja niidukeid, mist\u00f5ttu on see ideaalne k\u00fcndmiseks, otsek\u00fclviks ja rohumaade majandamiseks.<\/p>\n<p>See on valmistatud \u00fclitugevatest materjalidest ja tagab vastupidavuse keerulistes p\u00f5llumajandustingimustes, n\u00e4iteks mudastes v\u00f5i m\u00e4rgades p\u00f5ldudes. Olenemata sellest, kas optimeerite seemnete paigutust s\u00e4\u00e4stvas p\u00f5llumajanduses v\u00f5i haldate karjamaid, pakub meie \u00fclemise l\u00fcli h\u00fcdrauliline silinder usaldusv\u00e4\u00e4rset j\u00f5udlust, et suurendada tootlikkust erinevates p\u00f5llumajanduslikes rakendustes.<\/p>\n<h2><strong>\u00dclemise l\u00fcli h\u00fcdraulilise silindri parameeter:<img loading=\"lazy\" decoding=\"async\" class=\"wp-image-19983 aligncenter\" src=\"https:\/\/www.hydraulic-cylinders.net\/wp-content\/uploads\/2025\/04\/top-link-hydraulic-cylinder-product-1-1.webp\" alt=\"\u00dclemise l\u00fcli h\u00fcdrauliline silinder\" width=\"500\" height=\"500\" srcset=\"https:\/\/www.hydraulic-cylinders.net\/wp-content\/uploads\/2025\/04\/top-link-hydraulic-cylinder-product-1-1.webp 500w, https:\/\/www.hydraulic-cylinders.net\/wp-content\/uploads\/2025\/04\/top-link-hydraulic-cylinder-product-1-1-480x480.webp 480w\" sizes=\"(min-width: 0px) and (max-width: 480px) 480px, (min-width: 481px) 500px, 100vw\" \/><\/strong><\/h2>\n<p><img loading=\"lazy\" decoding=\"async\" class=\"size-full wp-image-19984 aligncenter\" src=\"https:\/\/www.hydraulic-cylinders.net\/wp-content\/uploads\/2025\/04\/top-link-hydraulic-cylinder-parameter.webp\" alt=\"\" width=\"718\" height=\"458\" srcset=\"https:\/\/www.hydraulic-cylinders.net\/wp-content\/uploads\/2025\/04\/top-link-hydraulic-cylinder-parameter.webp 718w, https:\/\/www.hydraulic-cylinders.net\/wp-content\/uploads\/2025\/04\/top-link-hydraulic-cylinder-parameter-480x306.webp 480w\" sizes=\"(min-width: 0px) and (max-width: 480px) 480px, (min-width: 481px) 718px, 100vw\" \/><\/p>\n<table class=\"all magic-6\">\n<tbody>\n<tr>\n<td colspan=\"1\" rowspan=\"1\">\n<div class=\"magic-7\"><b>Toote nimi<\/b><\/div>\n<\/td>\n<td colspan=\"1\" rowspan=\"1\">\n<div class=\"magic-8\">\u00dclemise l\u00fcli silinder<\/div>\n<\/td>\n<\/tr>\n<tr>\n<td colspan=\"1\" rowspan=\"1\">\n<div class=\"magic-9\"><b>Sertifitseerimine<\/b><\/div>\n<\/td>\n<td colspan=\"1\" rowspan=\"1\">\n<div class=\"magic-10\">ISO9001:2000<\/div>\n<\/td>\n<\/tr>\n<tr>\n<td colspan=\"1\" rowspan=\"1\">\n<div class=\"magic-11\"><b>Ava suurus<\/b><\/div>\n<\/td>\n<td colspan=\"1\" rowspan=\"1\">\n<div class=\"magic-12\">2\u20136 tolli<\/div>\n<\/td>\n<\/tr>\n<tr>\n<td colspan=\"1\" rowspan=\"1\">\n<div class=\"magic-11\"><b>Varda suurus<\/b><\/div>\n<\/td>\n<td colspan=\"1\" rowspan=\"1\">\n<div class=\"magic-12\">1,125\u20134 tolli<\/div>\n<\/td>\n<\/tr>\n<tr>\n<td colspan=\"1\" rowspan=\"1\">\n<div class=\"magic-11\"><b>L\u00f6\u00f6gi suurus<\/b><\/div>\n<\/td>\n<td colspan=\"1\" rowspan=\"1\">\n<div class=\"magic-12\">4\u2013100 tolli<\/div>\n<\/td>\n<\/tr>\n<tr>\n<td colspan=\"1\" rowspan=\"1\">\n<div class=\"magic-11\"><b>Tihvti suurus<\/b><\/div>\n<\/td>\n<td colspan=\"1\" rowspan=\"1\">\n<div class=\"magic-12\">0,5\u20132 tolli<\/div>\n<\/td>\n<\/tr>\n<tr>\n<td colspan=\"1\" rowspan=\"1\">\n<div class=\"magic-11\"><b>Sadamad<\/b><\/div>\n<\/td>\n<td colspan=\"1\" rowspan=\"1\">\n<div class=\"magic-12\" data-spm-anchor-id=\"a2700.details-description.0.i0.3642vGtMvGtMlh\">G\/SAE\/NPT\/M<\/div>\n<\/td>\n<\/tr>\n<\/tbody>\n<\/table>\n<div><\/div>\n<h2><strong>\u00dclemise l\u00fcli h\u00fcdraulilise silindri eelised:<\/strong><\/h2>\n<div>\n<p class=\"break-words\" dir=\"auto\"><strong>T\u00e4pne s\u00fcgavuse ja nurga kontroll<\/strong>\u00dclemise l\u00fcli h\u00fcdraulilised silindrid tagavad traktori haakeriistade, n\u00e4iteks adrade ja k\u00fclvikute, h\u00fcdraulilise t\u00e4psuse, tagades \u00fchtlase s\u00fcgavuse ja nurga. See t\u00e4psus parandab mulla ettevalmistamist ja seemnete paigutamist, mis viib \u00fchtlase saagikasvu ja suurema saagikuseni.<\/p>\n<p class=\"break-words\" dir=\"auto\"><strong>Tugev ja vastupidav disain<\/strong>Need silindrid on valmistatud \u00fclitugevast terasest ja korrosioonikindlast kattest ning on loodud vastu pidama karmidele p\u00f5llumajanduslikele keskkondadele, nagu mudased p\u00f5llud, m\u00e4rjad tingimused ja abrasiivne pinnas, tagades pikaajalise t\u00f6\u00f6kindluse.<\/p>\n<p class=\"break-words\" dir=\"auto\"><strong>Paindlik ja mitmek\u00fclgne t\u00f6\u00f6<\/strong>Kahekordse toimega \u00fclemise hoova h\u00fcdraulilised silindrid pakuvad sujuvaid t\u00f5uke- ja t\u00f5mbeliigutusi, v\u00f5imaldades p\u00f5llumeestel haakeseadmeid d\u00fcnaamiliselt reguleerida selliste \u00fclesannete jaoks nagu k\u00fcndmine, otsek\u00fclv ja rohumaade majandamine.<\/p>\n<p class=\"break-words\" dir=\"auto\"><strong>Kompaktne ja ruumis\u00e4\u00e4stlik<\/strong>\uff1a Need on konstrueeritud sujuvalt traktori kolmepunktilise haakes\u00fcsteemiga integreeruma ning nende kompaktne disain tagab lihtsa paigaldamise ja kasutamise isegi kitsastes kohtades, ilma et see kahjustaks j\u00f5udlust v\u00f5i man\u00f6\u00f6verdusv\u00f5imet.<\/p>\n<p class=\"break-words\" dir=\"auto\"><strong>Aja ja t\u00f6\u00f6j\u00f5u efektiivsus<\/strong>Kiirete ja t\u00e4psete reguleerimiste v\u00f5imaldamisega v\u00e4hendavad \u00fclemise hoova h\u00fcdraulilised silindrid k\u00e4sitsi sekkumise vajadust, s\u00e4\u00e4stes p\u00f5llumeeste aega ja vaeva n\u00f5udlike \u00fclesannete, n\u00e4iteks p\u00f5llu ettevalmistamise, k\u00fclvamise ja heina koristamise ajal.<\/p>\n<p class=\"break-words\" dir=\"auto\"><strong>Kohandatav \u00fchilduvus<\/strong>Need silindrid on saadaval eritellimusel valmistatud konstruktsioonides ja neid saab kohandada vastavalt erinevatele traktorimudelitele ja t\u00f6\u00f6seadmetele, tagades t\u00e4iusliku \u00fchilduvuse mitmesuguste p\u00f5llumajanduslike rakendustega, alates v\u00e4ikestest taludest kuni suuremahuliste ettev\u00f5teteni.<\/p>\n<\/div>\n<h2><strong>\u00dclemise l\u00fcli h\u00fcdraulilise silindri rakendus:<\/strong><\/h2>\n<p><img loading=\"lazy\" decoding=\"async\" class=\"alignnone size-full wp-image-19967\" src=\"https:\/\/www.hydraulic-cylinders.net\/wp-content\/uploads\/2025\/04\/top-link-hydraulic-cylinder-application-scaled.webp\" alt=\"\u00dclemise l\u00fcli h\u00fcdraulilise silindri rakendus\" width=\"2560\" height=\"1440\" srcset=\"https:\/\/www.hydraulic-cylinders.net\/wp-content\/uploads\/2025\/04\/top-link-hydraulic-cylinder-application-scaled.webp 2560w, https:\/\/www.hydraulic-cylinders.net\/wp-content\/uploads\/2025\/04\/top-link-hydraulic-cylinder-application-1280x720.webp 1280w, https:\/\/www.hydraulic-cylinders.net\/wp-content\/uploads\/2025\/04\/top-link-hydraulic-cylinder-application-980x551.webp 980w, https:\/\/www.hydraulic-cylinders.net\/wp-content\/uploads\/2025\/04\/top-link-hydraulic-cylinder-application-480x270.webp 480w\" sizes=\"(min-width: 0px) and (max-width: 480px) 480px, (min-width: 481px) and (max-width: 980px) 980px, (min-width: 981px) and (max-width: 1280px) 1280px, (min-width: 1281px) 2560px, 100vw\" \/><\/p>\n<h4><strong>Traktori kolmepunktilise haakeseadise reguleerimine<\/strong>:<\/h4>\n<div>\n<p>Meie \u00fclemise hoova h\u00fcdraulilised silindrid v\u00f5imaldavad traktori haakeseadmete, n\u00e4iteks adrade ja k\u00fclvikute t\u00e4pset reguleerimist, tagades \u00fchtlase s\u00fcgavuse ja nurga t\u00f5husaks k\u00fcndmiseks ja k\u00fclvamiseks isegi keerulistes p\u00f5llutingimustes, n\u00e4iteks ebatasasel maastikul v\u00f5i kivisel pinnasel. See t\u00e4psus v\u00e4hendab saagi varieeruvust, parandab mullaharimist ja suurendab l\u00f5ppkokkuv\u00f5ttes saagikust hooajast hooajani.<\/p>\n<h4><strong>K\u00fclvis\u00fcgavuse kontroll otseharimise ajal<\/strong>:<\/h4>\n<p>\u00dclemise hoova h\u00fcdrosilinder otsek\u00fclvi jaoks tagab t\u00e4pse s\u00fcgavuse reguleerimise, minimeerides mulla h\u00e4irimist ja optimeerides samal ajal seemnete paigutust sellistele p\u00f5llukultuuridele nagu mais ja sojaoad. See sobib ideaalselt s\u00e4\u00e4stva p\u00f5llumajanduse jaoks, aitab s\u00e4ilitada mulla niiskust, v\u00e4hendab erosiooni ja soodustab tervemat juurestikku, et parandada p\u00f5llukultuuride vastupidavust ja kasvu.<\/p>\n<h4><strong>Rohumaade majandamine ja heina koristamine<\/strong>:<\/h4>\n<p>Niidukite ja presside jaoks loodud \u00fclemise hoovaga h\u00fcdraulilised silindrid reguleerivad t\u00e4pselt l\u00f5ikek\u00f5rgust, pakkudes \u00fchtlaseid tulemusi karjamaadel ja heina tootmisel mitmekesisel maastikul. See tagab kvaliteetse s\u00f6\u00f6da, v\u00e4hendab seadmete koormust ja s\u00e4\u00e4stab v\u00e4\u00e4rtuslikku aega tipphooajal.<\/p>\n<h4><strong>P\u00f5llutransport ja haakeseadmete positsioneerimine<\/strong>:<\/h4>\n<p>P\u00f5llutranspordi ajal t\u00f5stavad meie traktorite \u00fclemise hoova h\u00fcdraulilised silindrid haakeseadmeid, et v\u00e4ltida takistusi, nagu kivid v\u00f5i kraavid, pakkudes paindlikku positsioneerimist man\u00f6\u00f6verdusv\u00f5ime parandamiseks ja v\u00e4\u00e4rtusliku seadme kaitsmiseks. See sujuv juhtimine v\u00f5imaldab p\u00f5llumeestel kiiresti \u00fclesannete vahel vahetada, parandades \u00fcldist t\u00f6\u00f6 efektiivsust.<\/p>\n<\/div>\n<h2><strong>Kuidas saab \u00fclemise l\u00fcli h\u00fcdrauliline silinder parandada otsek\u00fclvi efektiivsust ebatasasel maastikul?<\/strong><\/h2>\n<p>\u00dclemise hoovaga h\u00fcdrosilinder otsek\u00fclviks muudab efektiivsust revolutsiooniliselt, pakkudes k\u00fclvikutele v\u00f5rratut s\u00fcgavuskontrolli isegi ebatasasel maastikul, n\u00e4iteks j\u00e4rskudel n\u00f5lvadel, kivistel aladel v\u00f5i tihendatud pinnasel. Kujutage ette sojaoa kasvatajat Kesk-L\u00e4\u00e4nes, kes seisab silmitsi k\u00fcnkliku p\u00f5lluga \u2013 meie \u00fclemise hoovaga h\u00fcdrosilinder tagab seemnete \u00fchtlase 2\u20135 cm s\u00fcgavusele asetamise selliste p\u00f5llukultuuride nagu mais ja sojaoad puhul, soodustades \u00fchtlast idanemist ja tugevat juurte arengut. Selle kahekordse toimega funktsioon v\u00f5imaldab sujuvaid l\u00fckkamis- ja t\u00f5mbamisreguleerimisi, kohandudes koheselt maastiku muutustega ilma k\u00e4sitsi seadeid muutmata.<\/p>\n<p>See t\u00e4hendab v\u00e4hem seisakuid kitsaste k\u00fclviakende ajal, s\u00e4\u00e4stes tunde p\u00f5llul t\u00f6\u00f6tades. Mulla h\u00e4irimise minimeerimise abil s\u00e4ilitab traktorite \u00fclemise hoova h\u00fcdrosilinder ka mulla struktuuri, parandab niiskuse s\u00e4ilimist ja v\u00e4hendab erosiooni, soodustades s\u00e4\u00e4stvaid p\u00f5llumajandustavasid, mis toovad kaasa tervema saagi ja suurema saagikuse aja jooksul. P\u00f5llumehed saavad enesekindlalt hakkama saada keeruliste maastikega, teades, et nende seadmed on kaitstud ja nende tegevus on maksimaalse tootlikkuse saavutamiseks sujuvamaks muudetud.<\/p>\n<h2><strong>H\u00fcdrauliliste silindrite tootmispiirkond:<\/strong><\/h2>\n<h2><img loading=\"lazy\" decoding=\"async\" class=\"alignnone size-full wp-image-16972\" src=\"https:\/\/www.hydraulic-cylinders.net\/wp-content\/uploads\/2025\/01\/hydraulic-cylinder-factory-1-scaled.webp\" sizes=\"(min-width: 0px) and (max-width: 480px) 480px, (min-width: 481px) and (max-width: 980px) 980px, (min-width: 981px) and (max-width: 1280px) 1280px, (min-width: 1281px) 2016px, 100vw\" srcset=\"https:\/\/www.hydraulic-cylinders.net\/wp-content\/uploads\/2025\/01\/hydraulic-cylinder-factory-1-scaled.webp 2016w, https:\/\/www.hydraulic-cylinders.net\/wp-content\/uploads\/2025\/01\/hydraulic-cylinder-factory-1-1280x1625.webp 1280w, https:\/\/www.hydraulic-cylinders.net\/wp-content\/uploads\/2025\/01\/hydraulic-cylinder-factory-1-980x1244.webp 980w, https:\/\/www.hydraulic-cylinders.net\/wp-content\/uploads\/2025\/01\/hydraulic-cylinder-factory-1-480x610.webp 480w\" alt=\"\" width=\"2016\" height=\"2560\" \/><\/h2>\n<p>Meil on esmaklassiline s\u00f5ltumatu teadus- ja arendusplatvorm montaa\u017eiks. Kahvelt\u00f5stuki silindrite tootmist\u00f6\u00f6kojas on neli poolautomaatset t\u00f5stesilindrite montaa\u017eiliini ja t\u00e4isautomaatne kallutussilindrite montaa\u017eiliin, mille projekteeritud aastane tootmisv\u00f5imsus on miljon t\u00fckki. Spetsiaalses silindrite t\u00f6\u00f6kojas on erineva spetsifikatsiooniga poolautomaatsed puhastus- ja montaa\u017eis\u00fcsteemid, mille projekteeritud aastane tootmisv\u00f5imsus on 200 000 t\u00fckki. See on varustatud tuntud kaubam\u00e4rgi CNC-t\u00f6\u00f6tlemisseadmetega, t\u00f6\u00f6tlemiskeskustega, spetsiaalseadmetega silindrite \u00fclit\u00e4pseks t\u00f6\u00f6tlemiseks, robotkeevitusmasinatega, automaatsete puhastusmasinatega, automaatsete silindrite montaa\u017eimasinatega ja automaatsete v\u00e4rvimisliinidega. Meil \u200b\u200bt\u00f6\u00f6tab \u00fcle 300 komplekti v\u00f5tmeseadmeid. Seadmete ressursside optimeeritud jaotus ja t\u00f5hus kasutamine tagavad toodete t\u00e4psusn\u00f5uded ja vastavuse toodete k\u00f5rgetele kvaliteedin\u00f5uetele.<\/p>\n<p>T\u00f6\u00f6tlemistsehh on varustatud eritellimusel valmistatud kaldr\u00f6\u00f6baste treikeskuste, t\u00f6\u00f6tlemiskeskuste, kiirete hoonimismasinate, keevitusrobotite ja muude asjakohaste seadmetega, mis suudavad t\u00f6\u00f6delda silindritorusid maksimaalse sisediameetriga 400 mm ja maksimaalse pikkusega 6 meetrit.<\/p>\n<h2><img loading=\"lazy\" decoding=\"async\" class=\"alignnone size-full wp-image-16973\" src=\"https:\/\/www.hydraulic-cylinders.net\/wp-content\/uploads\/2025\/01\/hydraulic-cylinder-factory-2-scaled.webp\" sizes=\"(min-width: 0px) and (max-width: 480px) 480px, (min-width: 481px) and (max-width: 980px) 980px, (min-width: 981px) and (max-width: 1280px) 1280px, (min-width: 1281px) 2011px, 100vw\" srcset=\"https:\/\/www.hydraulic-cylinders.net\/wp-content\/uploads\/2025\/01\/hydraulic-cylinder-factory-2-scaled.webp 2011w, https:\/\/www.hydraulic-cylinders.net\/wp-content\/uploads\/2025\/01\/hydraulic-cylinder-factory-2-1280x1629.webp 1280w, https:\/\/www.hydraulic-cylinders.net\/wp-content\/uploads\/2025\/01\/hydraulic-cylinder-factory-2-980x1248.webp 980w, https:\/\/www.hydraulic-cylinders.net\/wp-content\/uploads\/2025\/01\/hydraulic-cylinder-factory-2-480x611.webp 480w\" alt=\"\" width=\"2011\" height=\"2560\" \/><\/h2>\n<p>Meil on t\u00e4isautomaatne vesialusel v\u00e4rvimisliin v\u00e4ikeste ja keskmiste balloonide jaoks, mis rakendab automaatseid laadimis- ja mahalaadimisroboteid ning automaatseid pihustusroboteid kavandatud tootmisv\u00f5imsusega 4000 kohta vahetuses. Meil \u200b\u200bon teine \u200b\u200bpoolautomaatne v\u00e4rvimisliin suurte balloonide jaoks, mida k\u00e4itab j\u00f5ukett, mille kavandatud tootmisv\u00f5imsus on 60 kasti vahetuses.<\/p>\n<p>Toote toimivuse edasiseks parandamiseks ja meie h\u00fcdrauliliste silindrite juhtpositsiooni kindlustamiseks t\u00f6\u00f6stuses asutasid meie ettev\u00f5te ja zjimee \u00fchiselt h\u00fcdrauliliste silindrite, h\u00fcdrauliliste ventiilide ja h\u00fcdrauliliste pumpade tervikliku j\u00f5udluslabori; laboris tehakse arvuti abil elektroh\u00fcdraulilise tehnoloogia abil katsetingimusi, mis on arvuti abil eelnevalt seadistatud, mis parandab katse t\u00e4psust ja s\u00fcsteemi mitmek\u00fclgsust ning eksperimentaalseid andmeid.<\/p>\n<p>Automaatne kogumine toimub andurite abil ning v\u00e4ljundandmed, n\u00e4iteks silindri v\u00f5i klapi sisemine leke ja koormust\u00f5husus, t\u00f6\u00f6deldakse otse arvuti poolt ja teisendatakse standard\u00fchikuteks (ml\/min%). Samal ajal teostatakse h\u00fcdraulikas\u00fcsteemi t\u00f6\u00f6ohutuse tagamiseks oleku j\u00e4lgimise funktsiooni selliste oluliste j\u00f5udlusparameetrite jaoks nagu \u201e\u00f5li temperatuuri j\u00e4lgimine, vedeliku taseme j\u00e4lgimine, filtriseadme j\u00e4lgimine\u201c jne. Nende hulgas saab h\u00fcdraulikasilindri katsestend testida \u201ekoormuse\u201c j\u00f5udlust.<br \/>\nefektiivsust \u201eja\u201c siseleket\u201d n\u00e4itude abil. Samal ajal on see varustatud v\u00f5rega m\u00f5\u00f5tevahendiga, mis vastab k\u00f5igi h\u00fcdrauliliste silindrite toodete katseobjektide n\u00f5uetele vastavalt riiklikule standardile.<\/p>","protected":false},"excerpt":{"rendered":"<p>Top Link Hydraulic Cylinder Our top link hydraulic cylinder for tractors is engineered for seamless integration with three-point hitch systems, providing precise control for agricultural implements. Designed to enhance efficiency, this hydraulic solution adjusts plows, seeders, and mowers accurately, making it ideal for plowing, no-till seeding, and grassland management. It is built with high-strength materials [&hellip;]<\/p>","protected":false},"featured_media":19982,"comment_status":"open","ping_status":"closed","template":"","meta":{"_et_pb_use_builder":"","_et_pb_old_content":"","_et_gb_content_width":""},"product_brand":[],"product_cat":[1554],"product_tag":[],"class_list":{"0":"post-19979","1":"product","2":"type-product","3":"status-publish","4":"has-post-thumbnail","6":"product_cat-top-link-hydraulic-cylinder","8":"first","9":"instock","10":"shipping-taxable","11":"product-type-simple"},"amp_enabled":true,"_links":{"self":[{"href":"https:\/\/www.hydraulic-cylinders.net\/et\/wp-json\/wp\/v2\/product\/19979","targetHints":{"allow":["GET"]}}],"collection":[{"href":"https:\/\/www.hydraulic-cylinders.net\/et\/wp-json\/wp\/v2\/product"}],"about":[{"href":"https:\/\/www.hydraulic-cylinders.net\/et\/wp-json\/wp\/v2\/types\/product"}],"replies":[{"embeddable":true,"href":"https:\/\/www.hydraulic-cylinders.net\/et\/wp-json\/wp\/v2\/comments?post=19979"}],"wp:featuredmedia":[{"embeddable":true,"href":"https:\/\/www.hydraulic-cylinders.net\/et\/wp-json\/wp\/v2\/media\/19982"}],"wp:attachment":[{"href":"https:\/\/www.hydraulic-cylinders.net\/et\/wp-json\/wp\/v2\/media?parent=19979"}],"wp:term":[{"taxonomy":"product_brand","embeddable":true,"href":"https:\/\/www.hydraulic-cylinders.net\/et\/wp-json\/wp\/v2\/product_brand?post=19979"},{"taxonomy":"product_cat","embeddable":true,"href":"https:\/\/www.hydraulic-cylinders.net\/et\/wp-json\/wp\/v2\/product_cat?post=19979"},{"taxonomy":"product_tag","embeddable":true,"href":"https:\/\/www.hydraulic-cylinders.net\/et\/wp-json\/wp\/v2\/product_tag?post=19979"}],"curies":[{"name":"wp","href":"https:\/\/api.w.org\/{rel}","templated":true}]}}