{"id":20089,"date":"2025-05-09T01:07:59","date_gmt":"2025-05-09T01:07:59","guid":{"rendered":"https:\/\/www.hydraulic-cylinders.net\/?post_type=product&#038;p=20089"},"modified":"2025-05-12T05:29:34","modified_gmt":"2025-05-12T05:29:34","slug":"support-cylinder-for-scissor-type-aerial-work-vehicles","status":"publish","type":"product","link":"https:\/\/www.hydraulic-cylinders.net\/et\/toode\/support-cylinder-for-scissor-type-aerial-work-vehicles\/","title":{"rendered":"K\u00e4\u00e4ride t\u00fc\u00fcpi \u00f5hus\u00f5idukite tugisilinder"},"content":{"rendered":"<h1 style=\"text-align: center;\"><strong>K\u00e4\u00e4ride t\u00fc\u00fcpi \u00f5hus\u00f5idukite tugisilinder<\/strong><\/h1>\n<p><img loading=\"lazy\" decoding=\"async\" class=\"wp-image-20090 aligncenter\" src=\"https:\/\/www.hydraulic-cylinders.net\/wp-content\/uploads\/2025\/04\/support-hydraulic-cylinders-for-scissor-type-aerial-work-vehicle.jpg\" alt=\"\" width=\"500\" height=\"500\" srcset=\"https:\/\/www.hydraulic-cylinders.net\/wp-content\/uploads\/2025\/04\/support-hydraulic-cylinders-for-scissor-type-aerial-work-vehicle.jpg 500w, https:\/\/www.hydraulic-cylinders.net\/wp-content\/uploads\/2025\/04\/support-hydraulic-cylinders-for-scissor-type-aerial-work-vehicle-480x480.jpg 480w\" sizes=\"(min-width: 0px) and (max-width: 480px) 480px, (min-width: 481px) 500px, 100vw\" \/><\/p>\n<h2><strong>K\u00e4\u00e4rt\u00f5stukite tugisilinder \u00f5hus\u00f5idukitele <\/strong><strong>Tehnilised andmed:<\/strong><\/h2>\n<p>Funktsioon: Tasakaalustage auto keskosa, et v\u00e4ltida selle kaldumist<br \/>\nSilindri l\u00e4bim\u00f5\u00f5t: 70\u201390 mm<br \/>\nVarda l\u00e4bim\u00f5\u00f5t: 50\u2013700 mm<br \/>\nK\u00e4ik: 477 mm - 754 mm<br \/>\nMaksimaalne r\u00f5hk: 20MPa<br \/>\nMaksimaalne t\u00f5ukej\u00f5ud: 127 kN<\/p>\n<section id=\"features\">\n<h2><strong>K\u00e4\u00e4rt\u00f5stukite tugisilindri p\u00f5hijooned:<\/strong><\/h2>\n<ul>\n<li><strong>Tugev tugi rasketele koormustele:<\/strong>\u00a0K\u00e4\u00e4rt\u00f5stukite tugisilinder on konstrueeritud vastupidava konstruktsiooniga raskete koormate k\u00e4sitsemiseks, tagades k\u00e4\u00e4rt\u00f5stukitele stabiilse toe t\u00f6\u00f6tamise ajal. See h\u00fcdrauliline silinder v\u00e4hendab k\u00f5ikumist ja suurendab ohutust, muutes selle parimaks valikuks k\u00e4\u00e4rt\u00f5stukite tugisilindriks ehitus- v\u00f5i hooldust\u00f6\u00f6del.<\/li>\n<li><strong>Vastupidav konstruktsioon karmide tingimuste jaoks:<\/strong>\u00a0See k\u00e4\u00e4rt\u00f5stuki toe h\u00fcdrauliline silinder on valmistatud \u00fclitugevast legeerterasest ja kaetud korrosioonivastase kattega ning talub karme keskkondi, nagu tolm, niiskus ja \u00e4\u00e4rmuslikud temperatuurid. See pakub pikaajalist j\u00f5udlust, minimeerides seisakuid n\u00f5udlikes rakendustes, nagu ladu v\u00f5i t\u00f6\u00f6stuslik hooldus t\u00f5stukiga.<\/li>\n<li><strong>Sujuv \u00fchilduvus k\u00e4\u00e4rt\u00f5stukite mudelitega:<\/strong>\u00a0Genie GS-2632, JLG 4069LE ja Skyjack SJIII 4626 k\u00e4\u00e4rt\u00f5stukitele (2015\u20132025) loodud k\u00e4\u00e4rt\u00f5stukite tugisilinder tagab ideaalse sobivuse ja usaldusv\u00e4\u00e4rse t\u00f5stej\u00f5u. See k\u00e4\u00e4rt\u00f5stukite suure j\u00f5udlusega tugisilinder suurendab teie k\u00e4\u00e4rt\u00f5stuki efektiivsust, toetades ohutut t\u00f6\u00f6tamist k\u00f5rgendatud \u00fclesannete puhul.<\/li>\n<li><strong>T\u00f5hus t\u00f6\u00f6 v\u00e4iksema hooldusega:<\/strong>\u00a0T\u00e4iustatud tihendustehnoloogia ja optimeeritud m\u00e4\u00e4rimiskanalitega tugisilinder tagab sujuvama t\u00f6\u00f6 ja v\u00e4hendab oluliste komponentide kulumist. See v\u00e4hendab hoolduskulusid ja pikendab teie k\u00e4\u00e4rt\u00f5stuki eluiga, pakkudes suurep\u00e4rast k\u00e4\u00e4rt\u00f5stuki tugisilindri asendust intensiivseteks t\u00f5stet\u00f6\u00f6deks.<\/li>\n<\/ul>\n<\/section>\n<section id=\"applications\">\n<h2><strong>K\u00e4\u00e4rt\u00f5stukite tugisilindri rakendused:<\/strong><\/h2>\n<ul>\n<li><strong>Ehitus ja k\u00f5rghoonete hooldus:<\/strong>\u00a0K\u00e4\u00e4rt\u00f5stukite tugisilinder tagab ehitusprojektides k\u00e4\u00e4rt\u00f5stukite usaldusv\u00e4\u00e4rse toe, v\u00f5imaldades t\u00f6\u00f6tajatel p\u00e4\u00e4seda ligi k\u00f5rghoonetele selliste \u00fclesannete t\u00e4itmiseks nagu akende paigaldamine v\u00f5i konstruktsioonide remont. Selle k\u00e4\u00e4rt\u00f5stuki h\u00fcdrauliline silinder tagab stabiilse k\u00f5rguse, suurendades ohutust ja tootlikkust ehitusplatsil koos tugisilindriga t\u00f5stukitele.<\/li>\n<li><strong>Ladustamine ja varude haldamine:<\/strong>\u00a0See tugisilinder, mis on loodud ladudes kasutatavate k\u00e4\u00e4rt\u00f5stukite jaoks, h\u00f5lbustab t\u00f5husat t\u00f5stmist varude ladustamiseks ja v\u00e4ljav\u00f5tmiseks erinevatel k\u00f5rgustel. See tagab sujuva t\u00f6\u00f6, aidates operaatoritel s\u00e4ilitada tootlikkust tiheda liiklusega logistikakeskkondades t\u00e4nu k\u00e4\u00e4rt\u00f5stukite jaoks m\u00f5eldud suure j\u00f5udlusega tugisilindrile.<\/li>\n<li><strong>T\u00f6\u00f6stusseadmete hooldus:<\/strong>\u00a0Ideaalne k\u00e4\u00e4rt\u00f5stukite jaoks t\u00f6\u00f6stuskeskkonnas, k\u00e4\u00e4rt\u00f5stukitele m\u00f5eldud tugisilinder toetab ohutut juurdep\u00e4\u00e4su masinatele v\u00f5i pea kohal olevatele s\u00fcsteemidele hooldust\u00f6\u00f6de tegemiseks. Selle vastupidav h\u00fcdraulilise silindri disain tagab j\u00e4rjepideva j\u00f5udluse, olles usaldusv\u00e4\u00e4rne k\u00e4\u00e4rt\u00f5stuki tugisilindri asendaja sagedase kasutamise korral n\u00f5udlikes tingimustes.<\/li>\n<\/ul>\n<h2><strong>Milline on tugisilindri maksimaalne t\u00f6\u00f6r\u00f5hk?<\/strong><\/h2>\n<p dir=\"auto\">K\u00e4\u00e4rt\u00f5stukite tugisilindri maksimaalne t\u00f6\u00f6r\u00f5hk on 280 baari, mis teeb sellest k\u00e4\u00e4rt\u00f5stukite toetamiseks m\u00f5eldud suure j\u00f5udlusega h\u00fcdraulilise silindri. See tugev r\u00f5hutaluvus tagab, et tugisilinder talub raskeid koormaid ja n\u00f5udlikke tingimusi, pakkudes k\u00e4\u00e4rt\u00f5stukite stabiilset ja ohutut t\u00f5stmist sellistes rakendustes nagu ehitus, ladustamine ja t\u00f6\u00f6stuslik hooldus. Olenemata sellest, kas kasutate k\u00e4\u00e4rt\u00f5stukit tiheda liiklusega ehitusplatsil v\u00f5i k\u00f5rgm\u00e4estiku hooldust\u00f6\u00f6del, pakub see k\u00e4\u00e4rt\u00f5stukite toetamiseks m\u00f5eldud h\u00fcdrauliline silinder j\u00e4rjepidevat j\u00f5udlust ilma ohutust ohverdamata.<\/p>\n<p dir=\"auto\">Lisaks sisaldab silindri disain t\u00e4iustatud tihendustehnoloogiat lekete v\u00e4ltimiseks ja r\u00f5hu terviklikkuse s\u00e4ilitamiseks isegi sagedase kasutamise korral. Kui vajate k\u00e4\u00e4rt\u00f5stuki tugisilindri asendust, mis talub k\u00f5rgsurvekeskkonda, on see t\u00f5stukitele m\u00f5eldud tugisilinder ideaalne valik. Lisateabe saamiseks selle kohta, kuidas see k\u00e4\u00e4rt\u00f5stukite suure j\u00f5udlusega tugisilinder teie konkreetsetele vajadustele vastab, v\u00f5tke meie meeskonnaga \u00fchendust!<\/p>\n<h2><strong>H\u00fcdrauliliste silindrite tootmispiirkond:<\/strong><\/h2>\n<h2><img loading=\"lazy\" decoding=\"async\" class=\"alignnone size-full wp-image-16972\" src=\"https:\/\/www.hydraulic-cylinders.net\/wp-content\/uploads\/2025\/01\/hydraulic-cylinder-factory-1-scaled.webp\" alt=\"\" width=\"2016\" height=\"2560\" srcset=\"https:\/\/www.hydraulic-cylinders.net\/wp-content\/uploads\/2025\/01\/hydraulic-cylinder-factory-1-scaled.webp 2016w, https:\/\/www.hydraulic-cylinders.net\/wp-content\/uploads\/2025\/01\/hydraulic-cylinder-factory-1-1280x1625.webp 1280w, https:\/\/www.hydraulic-cylinders.net\/wp-content\/uploads\/2025\/01\/hydraulic-cylinder-factory-1-980x1244.webp 980w, https:\/\/www.hydraulic-cylinders.net\/wp-content\/uploads\/2025\/01\/hydraulic-cylinder-factory-1-480x610.webp 480w\" sizes=\"(min-width: 0px) and (max-width: 480px) 480px, (min-width: 481px) and (max-width: 980px) 980px, (min-width: 981px) and (max-width: 1280px) 1280px, (min-width: 1281px) 2016px, 100vw\" \/><\/h2>\n<p>Meil on tipptasemel s\u00f5ltumatu teadus- ja arendusplatvorm, mis on p\u00fchendatud montaa\u017eile, tagades meie tootmisprotsessides tipptasemel innovatsiooni ja kvaliteedi. Meie kahvelt\u00f5stukite silindrite tootmist\u00f6\u00f6kojas on neli poolautomaatset t\u00f5stesilindrite montaa\u017eiliini ja t\u00e4isautomaatne kallutussilindrite montaa\u017eiliin, mis on kokku projekteeritud tootma kuni miljon \u00fchikut aastas.<\/p>\n<p>Lisaks on meie spetsialiseeritud silindrite t\u00f6\u00f6koda varustatud erinevate spetsifikatsioonide jaoks kohandatud poolautomaatsete puhastus- ja montaa\u017eis\u00fcsteemidega, mille aastane tootmisv\u00f5imsus on 200 000 t\u00fckki. Kasutame tuntud CNC-seadmeid, t\u00f6\u00f6tluskeskusi ja spetsiaalseid t\u00f6\u00f6riistu silindrite \u00fclit\u00e4pseks t\u00f6\u00f6tlemiseks. Meie rajatisse kuuluvad ka t\u00e4iustatud robotkeevitusseadmed, automaatsed puhastuss\u00fcsteemid ning t\u00e4isautomatiseeritud silindrite montaa\u017ei- ja v\u00e4rvimisliinid. \u00dcle 300 t\u00f6\u00f6korras oleva seadmega optimeerime ressursside jaotust ja tagame t\u00f5husa kasutamise, j\u00e4rgides rangeid t\u00e4psus- ja kvaliteedistandardeid.<\/p>\n<h2><img loading=\"lazy\" decoding=\"async\" class=\"alignnone size-full wp-image-16973\" src=\"https:\/\/www.hydraulic-cylinders.net\/wp-content\/uploads\/2025\/01\/hydraulic-cylinder-factory-2-scaled.webp\" alt=\"\" width=\"2011\" height=\"2560\" srcset=\"https:\/\/www.hydraulic-cylinders.net\/wp-content\/uploads\/2025\/01\/hydraulic-cylinder-factory-2-scaled.webp 2011w, https:\/\/www.hydraulic-cylinders.net\/wp-content\/uploads\/2025\/01\/hydraulic-cylinder-factory-2-1280x1629.webp 1280w, https:\/\/www.hydraulic-cylinders.net\/wp-content\/uploads\/2025\/01\/hydraulic-cylinder-factory-2-980x1248.webp 980w, https:\/\/www.hydraulic-cylinders.net\/wp-content\/uploads\/2025\/01\/hydraulic-cylinder-factory-2-480x611.webp 480w\" sizes=\"(min-width: 0px) and (max-width: 480px) 480px, (min-width: 481px) and (max-width: 980px) 980px, (min-width: 981px) and (max-width: 1280px) 1280px, (min-width: 1281px) 2011px, 100vw\" \/><\/h2>\n<p>Meil on t\u00e4isautomaatne veebaasil v\u00e4rvimise liin, mis on spetsiaalselt loodud v\u00e4ikeste ja keskmiste balloonide jaoks ning millel on automatiseeritud laadimis-, mahalaadimis- ja pihustusrobotid. Selle tipptasemel s\u00fcsteemi tootmisv\u00f5imsus on 4000 \u00fchikut vahetuse kohta. Lisaks on meil poolautomaatne v\u00e4rvimisliin suurte balloonide jaoks, mida k\u00e4itab keti\u00fclekanne ja mille projekteeritud v\u00f5imsus on 60 kasti vahetuse kohta.<\/p>\n<p>Lisaks rakendame oma h\u00fcdraulikas\u00fcsteemide ohutuse tagamiseks peamiste j\u00f5udlusparameetrite, sealhulgas \u00f5li temperatuuri, vedeliku taseme ja filtriseadme oleku j\u00e4lgimist. Meie h\u00fcdrauliliste silindrite katsestend suudab t\u00e4psete n\u00e4itude abil hinnata \u201ekoormuse efektiivsust\u201c ja \u201esisemist leket\u201c. See on varustatud ka riiklikele standarditele vastava v\u00f5rega m\u00f5\u00f5tevahendiga, mis tagab vastavuse k\u00f5igile h\u00fcdrauliliste silindrite toodete testimisn\u00f5uetele.<\/p>\n<p>&nbsp;<\/p>\n<\/section>","protected":false},"excerpt":{"rendered":"<p>Support Cylinder For Scissor Type Aerial Work Vehicles Support Cylinder for Scissor Type Aerial Work Vehicles Technical Specifications: Function: Balance the center of the car to prevent it from tilting Cylinder diameter: 70mm-90mm Rod diameter: 50mm-700mm Travel: 477 mm- 754 mm Maximum pressure: 20MPa Maximum thrust: 127KN Key Features of the Support Cylinder for Scissor [&hellip;]<\/p>","protected":false},"featured_media":20091,"comment_status":"open","ping_status":"closed","template":"","meta":{"_et_pb_use_builder":"","_et_pb_old_content":"","_et_gb_content_width":""},"product_brand":[],"product_cat":[1376],"product_tag":[],"class_list":{"0":"post-20089","1":"product","2":"type-product","3":"status-publish","4":"has-post-thumbnail","6":"product_cat-hydraulic-cylinder","8":"first","9":"instock","10":"shipping-taxable","11":"product-type-simple"},"amp_enabled":true,"_links":{"self":[{"href":"https:\/\/www.hydraulic-cylinders.net\/et\/wp-json\/wp\/v2\/product\/20089","targetHints":{"allow":["GET"]}}],"collection":[{"href":"https:\/\/www.hydraulic-cylinders.net\/et\/wp-json\/wp\/v2\/product"}],"about":[{"href":"https:\/\/www.hydraulic-cylinders.net\/et\/wp-json\/wp\/v2\/types\/product"}],"replies":[{"embeddable":true,"href":"https:\/\/www.hydraulic-cylinders.net\/et\/wp-json\/wp\/v2\/comments?post=20089"}],"wp:featuredmedia":[{"embeddable":true,"href":"https:\/\/www.hydraulic-cylinders.net\/et\/wp-json\/wp\/v2\/media\/20091"}],"wp:attachment":[{"href":"https:\/\/www.hydraulic-cylinders.net\/et\/wp-json\/wp\/v2\/media?parent=20089"}],"wp:term":[{"taxonomy":"product_brand","embeddable":true,"href":"https:\/\/www.hydraulic-cylinders.net\/et\/wp-json\/wp\/v2\/product_brand?post=20089"},{"taxonomy":"product_cat","embeddable":true,"href":"https:\/\/www.hydraulic-cylinders.net\/et\/wp-json\/wp\/v2\/product_cat?post=20089"},{"taxonomy":"product_tag","embeddable":true,"href":"https:\/\/www.hydraulic-cylinders.net\/et\/wp-json\/wp\/v2\/product_tag?post=20089"}],"curies":[{"name":"wp","href":"https:\/\/api.w.org\/{rel}","templated":true}]}}