{"id":20144,"date":"2025-05-11T14:42:32","date_gmt":"2025-05-11T14:42:32","guid":{"rendered":"https:\/\/www.hydraulic-cylinders.net\/?post_type=product&#038;p=20144"},"modified":"2025-05-12T05:30:31","modified_gmt":"2025-05-12T05:30:31","slug":"power-pin-hydraulic-cylinders-for-crawler-crane","status":"publish","type":"product","link":"https:\/\/www.hydraulic-cylinders.net\/et\/toode\/power-pin-hydraulic-cylinders-for-crawler-crane\/","title":{"rendered":"Roomikkraana h\u00fcdraulilised silindrid"},"content":{"rendered":"<h1 style=\"text-align: center;\"><strong>Roomikkraana h\u00fcdraulilised silindrid<\/strong><\/h1>\n<p><img loading=\"lazy\" decoding=\"async\" class=\"wp-image-20152 aligncenter\" src=\"https:\/\/www.hydraulic-cylinders.net\/wp-content\/uploads\/2025\/05\/pin-shaft-hydraulic-cylinders-for-crawler-crane-2-scaled.webp\" alt=\"\" width=\"500\" height=\"500\" \/><\/p>\n<p>Ever-Power Huachang Hydraulic uhkusega valmistatud roomikkraana tihvtv\u00f5lli h\u00fcdraulilised silindrid esindavad insenerit\u00f6\u00f6 tipptaset kui vastupidav tihvtv\u00f5lli silinder, mis on spetsiaalselt loodud roomikkraanade raskete raskuste t\u00f5stmiseks. See tihvtv\u00f5lli konstruktsiooniga h\u00fcdrauliline silinder, mis \u00fchildub juhtivate mudelitega, pakub enneolematut stabiilsust ja t\u00e4psust, muutes selle ideaalseks roomikkraana silindriks ehitusplatsidele, kaevandust\u00f6\u00f6dele ja suuremahulistele t\u00f6\u00f6stusprojektidele. K\u00f5rgtugevast legeerterasest ja t\u00e4iustatud korrosioonivastase kattega valmistatud vastupidav h\u00fcdrauliline silinder tagab vastupidavuse ja t\u00f6\u00f6kindluse isegi k\u00f5ige karmimates keskkondades, nagu tolmune maastik, niisked rannikualad v\u00f5i k\u00f5rgm\u00e4estiku t\u00f6\u00f6kohad. See roomikkraana tihvtv\u00f5lli h\u00fcdrauliline silinder sisaldab ainulaadset tihvtv\u00f5lli mehhanismi, mis optimeerib koormuse jaotust ja suurendab ohutust t\u00f5stet\u00f6\u00f6de ajal, samas kui selle kohandatavad ava suurused (180 mm kuni 300 mm) ja k\u00e4igupikkused (1000 mm kuni 4000 mm) v\u00f5imaldavad kohandatud j\u00f5udlust, et rahuldada mitmekesiseid t\u00f6\u00f6vajadusi. Meie tipptasemel tootmis\u00fcksuse ja rangete testimisstandardite toel on see vastupidav tihvtv\u00f5lliga h\u00fcdrosilinder tunnistuseks meie p\u00fchendumusest kvaliteedile, pakkudes usaldusv\u00e4\u00e4rset lahendust operaatoritele, kes otsivad roomikkraana silindrit tihvtmehhanismiga, et maksimeerida efektiivsust ja minimeerida seisakuid.<\/p>\n<section id=\"specifications\">\n<h2><strong>Tehnilised andmed:<\/strong><\/h2>\n<p><strong>Funktsioon:<\/strong>\u00a0Kontrolli k\u00e4e raami liikumist<br \/>\n<strong>Silindri l\u00e4bim\u00f5\u00f5t:<\/strong>\u00a050\u2013125 mm<br \/>\n<strong>Varda l\u00e4bim\u00f5\u00f5t:<\/strong>\u00a025\u201375 mm<br \/>\n<strong>Reisimine:<\/strong>\u00a0160 mm\u2013390 mm<br \/>\n<strong>Maksimaalne r\u00f5hk:<\/strong>\u00a025MPa<br \/>\n<strong>Maksimaalne t\u00f5ukej\u00f5ud:<\/strong>\u00a0307KN<\/p>\n<\/section>\n<section id=\"features\">\n<h2><strong>Roomikkraana tihvtv\u00f5lli h\u00fcdrauliliste silindrite p\u00f5hijooned:<\/strong><\/h2>\n<ul>\n<li><strong>T\u00e4iustatud tihvtiv\u00f5lli stabiilsus:<\/strong>\u00a0Roomikkraana tihvtv\u00f5lli h\u00fcdraulilised silindrid on varustatud tihvtv\u00f5lli silindri konstruktsiooniga, mis parandab koormuse jaotumist, tagades stabiilsuse raskete t\u00f5stet\u00f6\u00f6de ajal.<\/li>\n<li><strong>Korrosioonikindel konstruktsioon:<\/strong>\u00a0See vastupidav h\u00fcdrosilinder on valmistatud \u00fclitugevast legeerterasest ja korrosioonivastase kattega, mis peab vastu karmidele keskkondadele, nagu tolmused ja niisked tingimused.<\/li>\n<li><strong>T\u00e4pne koormak\u00e4itlus:<\/strong>\u00a0Tihvtv\u00f5lli konstruktsiooniga h\u00fcdrosilinder pakub t\u00e4pset liikumise juhtimist, muutes selle usaldusv\u00e4\u00e4rseks roomikkraana silindriks n\u00f5udlikeks t\u00f6\u00f6stus\u00fclesanneteks.<\/li>\n<li><strong>Madal hooldusvajadus: vastupidavus<\/strong>\u00a0T\u00e4iustatud tihendustehnoloogiaga v\u00e4hendab see tihvtv\u00f5lli h\u00fcdrosilinder kulumist, v\u00e4hendades roomikkraanade hooldusvajadust.<\/li>\n<\/ul>\n<\/section>\n<section id=\"applications\">\n<h2><strong>Roomikkraana tihvtv\u00f5lli h\u00fcdrauliliste silindrite rakendused:<\/strong><\/h2>\n<p><img loading=\"lazy\" decoding=\"async\" class=\"size-full wp-image-20167 aligncenter\" src=\"https:\/\/www.hydraulic-cylinders.net\/wp-content\/uploads\/2025\/05\/Power-Pin-Hydraulic-Cylinders-for-Crawler-Crane-application.webp\" alt=\"\" width=\"1643\" height=\"945\" srcset=\"https:\/\/www.hydraulic-cylinders.net\/wp-content\/uploads\/2025\/05\/Power-Pin-Hydraulic-Cylinders-for-Crawler-Crane-application.webp 1643w, https:\/\/www.hydraulic-cylinders.net\/wp-content\/uploads\/2025\/05\/Power-Pin-Hydraulic-Cylinders-for-Crawler-Crane-application-1280x736.webp 1280w, https:\/\/www.hydraulic-cylinders.net\/wp-content\/uploads\/2025\/05\/Power-Pin-Hydraulic-Cylinders-for-Crawler-Crane-application-980x564.webp 980w, https:\/\/www.hydraulic-cylinders.net\/wp-content\/uploads\/2025\/05\/Power-Pin-Hydraulic-Cylinders-for-Crawler-Crane-application-480x276.webp 480w\" sizes=\"(min-width: 0px) and (max-width: 480px) 480px, (min-width: 481px) and (max-width: 980px) 980px, (min-width: 981px) and (max-width: 1280px) 1280px, (min-width: 1281px) 1643px, 100vw\" \/><\/p>\n<ul>\n<li><strong>Ehitusplatsid:<\/strong>\u00a0Raskete t\u00f5stete jaoks m\u00f5eldud tihvtv\u00f5lli h\u00fcdrauliline silinder tagab terastalade ja betoonplaatide ohutu ja stabiilse t\u00f5stmise ehitusprojektides roomikkraana silindrite abil.<\/li>\n<li><strong>Kaevandust\u00f6\u00f6d:<\/strong>\u00a0Kaevandamiseks loodud h\u00fcdrosilinder, millel on tihvtv\u00f5lli disain, toetab maagi ja seadmete t\u00f5husat koormak\u00e4itlust ebatasasel maastikul.<\/li>\n<li><strong>T\u00f6\u00f6stuslikud rasked t\u00f5steseadmed:<\/strong>\u00a0Ideaalne t\u00f6\u00f6stuskeskkondadesse, vastupidav tihvtv\u00f5lliga h\u00fcdrosilinder parandab j\u00f5udlust tehastes ja suuremahulistes projektides, mis n\u00f5uavad t\u00e4pset kraana kasutamist.<\/li>\n<\/ul>\n<\/section>\n<section id=\"explore-more\">\n<h2><strong>Avastage rohkem roomikkraanade silindreid:<\/strong><\/h2>\n<p>Pakume ka mitmesuguseid teisi roomikkraana silindreid, et rahuldada erinevaid t\u00f5stevajadusi. Olenemata sellest, kas vajate raskete esemete t\u00f5stmiseks tihvtiga silindrit v\u00f5i roomikkraana silindri vahetust, Ever-Power Huachang Hydraulic pakub lahendust. Tutvuge meie t\u00e4ieliku valikuga. <a href=\"https:\/\/www.hydraulic-cylinders.net\/et\/mobile-crane-hydraulic-cylinders\/\">roomikkraana silindrid<\/a>.<\/p>\n<\/section>\n<h2 dir=\"auto\"><strong>Mis teeb roomikkraana tihvtv\u00f5lli h\u00fcdraulilised silindrid sobivaks raskete raskuste t\u00f5stmiseks?<\/strong><\/h2>\n<p dir=\"auto\">Roomikkraanade tihvtv\u00f5lli h\u00fcdraulilised silindrid sobivad erakordselt h\u00e4sti raskete esemete t\u00f5stmiseks t\u00e4nu t\u00e4iustatud insenerifunktsioonidele ja vastupidavatele materjalivalikutele, mis on kohandatud roomikkraanade n\u00f5udlikele n\u00f5uetele. Oma konstruktsiooni keskmes on tihvtv\u00f5lli silindri konfiguratsioon, mis parandab koormuse jaotumist, pakkudes stabiilset p\u00f6\u00f6rdepunkti, mis minimeerib pingekontsentratsiooni t\u00f5stmise ajal, tagades, et roomikkraanade h\u00fcdrauliline silinder suudab k\u00e4sitseda suuri koormusi \u2013 sageli mitu tonni \u2013 ilma konstruktsiooni terviklikkust kahjustamata. See tihvtv\u00f5lli h\u00fcdrauliline silinder, mille maksimaalne t\u00f6\u00f6r\u00f5hk on tehnilistes \u00fcksikasjades t\u00e4psustatud 350 baari, annab vajaliku j\u00f5u raskete materjalide, n\u00e4iteks terastalade v\u00f5i betoonplaatide t\u00f5stmiseks ehitusprojektides, samuti maagi ja seadmete t\u00f5stmiseks kaevandust\u00f6\u00f6del.<\/p>\n<p dir=\"auto\">K\u00f5rgtugeva legeerterase ja korrosioonivastase kattega kasutamine tagab, et see vastupidav h\u00fcdrosilinder peab vastu karmidele keskkonnatingimustele, nagu tolmused ehitusplatsid, niisked rannikualad v\u00f5i k\u00f5rgm\u00e4estiku t\u00f6\u00f6stusprojektid, s\u00e4ilitades seel\u00e4bi \u00fchtlase j\u00f5udluse ja pikaealisuse. Lisaks pakub tihvtv\u00f5lliga h\u00fcdrosilinder t\u00e4pset liikumise juhtimist, v\u00e4hendades koorma k\u00f5ikumise v\u00f5i joondamise ohtu kraana t\u00f6\u00f6tamise ajal, mis on kriitilise t\u00e4htsusega raskete t\u00f5stet\u00f6\u00f6de ohutuse ja efektiivsuse tagamiseks. Roomikkraana silindrisse integreeritud t\u00e4iustatud tihendustehnoloogia minimeerib sisemisi lekkeid ja kulumist, suurendades vastupidavust ja v\u00e4hendades hooldussagedust, mis on oluline kaalutlus operaatoritele, kes otsivad usaldusv\u00e4\u00e4rset tihvtmehhanismiga roomikkraana silindrit.<\/p>\n<p dir=\"auto\">Lisaks v\u00f5imaldavad kohandatavad ava suurused (180 mm kuni 300 mm) ja k\u00e4igupikkused (1000 mm kuni 4000 mm) kohandada vastupidavat tihvtv\u00f5lli h\u00fcdrosilindrit konkreetsetele t\u00f5sten\u00f5uetele, tagades optimaalse j\u00f5udluse erinevate roomikkraana mudelite, n\u00e4iteks Liebherr LR 1300 ja Manitowoc 14000 puhul. Ever-Power Huachang Hydraulic tipptasemel tootmis- ja rangete testimisstandardite, sealhulgas koormust\u00f5hususe ja sisemiste lekete hindamise toel paistab see raskete t\u00f5stete tihvtv\u00f5lli silinder silma usaldusv\u00e4\u00e4rse lahendusena t\u00f6\u00f6stusrakendustes, pakkudes nii t\u00e4psust kui ka vastupidavust, et maksimeerida t\u00f6\u00f6 efektiivsust ja ohutust.<\/p>\n<section id=\"company-introduction\">\n<h2><strong>Ever-Power Huachang Hydraulic kohta:<\/strong><\/h2>\n<h2><img loading=\"lazy\" decoding=\"async\" class=\"alignnone size-full wp-image-16972\" src=\"https:\/\/www.hydraulic-cylinders.net\/wp-content\/uploads\/2025\/01\/hydraulic-cylinder-factory-1-scaled.webp\" alt=\"\" width=\"2016\" height=\"2560\" srcset=\"https:\/\/www.hydraulic-cylinders.net\/wp-content\/uploads\/2025\/01\/hydraulic-cylinder-factory-1-scaled.webp 2016w, https:\/\/www.hydraulic-cylinders.net\/wp-content\/uploads\/2025\/01\/hydraulic-cylinder-factory-1-1280x1625.webp 1280w, https:\/\/www.hydraulic-cylinders.net\/wp-content\/uploads\/2025\/01\/hydraulic-cylinder-factory-1-980x1244.webp 980w, https:\/\/www.hydraulic-cylinders.net\/wp-content\/uploads\/2025\/01\/hydraulic-cylinder-factory-1-480x610.webp 480w\" sizes=\"(min-width: 0px) and (max-width: 480px) 480px, (min-width: 481px) and (max-width: 980px) 980px, (min-width: 981px) and (max-width: 1280px) 1280px, (min-width: 1281px) 2016px, 100vw\" \/><\/h2>\n<p>Meil on tipptasemel s\u00f5ltumatu teadus- ja arendusplatvorm, mis on p\u00fchendatud montaa\u017eile, tagades meie tootmisprotsessides tipptasemel innovatsiooni ja kvaliteedi. Meie kahvelt\u00f5stukite silindrite tootmist\u00f6\u00f6kojas on neli poolautomaatset t\u00f5stesilindrite montaa\u017eiliini ja t\u00e4isautomaatne kallutussilindrite montaa\u017eiliin, mis on kokku projekteeritud tootma kuni miljon \u00fchikut aastas.<\/p>\n<p>Meie mehaanikat\u00f6\u00f6kojas on kohandatud kaldr\u00f6\u00f6bastega treikeskused, mehaanikakeskused, kiired hoonimismasinad, keevitusrobotid ja muu oluline varustus. See seadistus v\u00f5imaldab meil t\u00f6\u00f6delda silindritorusid maksimaalse sisel\u00e4bim\u00f5\u00f5duga 400 mm ja pikkusega kuni 6 meetrit, suurendades veelgi meie tootmisv\u00f5imalusi.<\/p>\n<p>Meil on t\u00e4isautomaatne veebaasil v\u00e4rvimise liin, mis on spetsiaalselt loodud v\u00e4ikeste ja keskmiste balloonide jaoks ning millel on automatiseeritud laadimis-, mahalaadimis- ja pihustusrobotid. Selle tipptasemel s\u00fcsteemi tootmisv\u00f5imsus on 4000 \u00fchikut vahetuse kohta. Lisaks on meil poolautomaatne v\u00e4rvimisliin suurte balloonide jaoks, mida k\u00e4itab keti\u00fclekanne ja mille projekteeritud v\u00f5imsus on 60 kasti vahetuse kohta.<\/p>\n<h2><img loading=\"lazy\" decoding=\"async\" class=\"alignnone size-full wp-image-16973\" src=\"https:\/\/www.hydraulic-cylinders.net\/wp-content\/uploads\/2025\/01\/hydraulic-cylinder-factory-2-scaled.webp\" alt=\"\" width=\"2011\" height=\"2560\" srcset=\"https:\/\/www.hydraulic-cylinders.net\/wp-content\/uploads\/2025\/01\/hydraulic-cylinder-factory-2-scaled.webp 2011w, https:\/\/www.hydraulic-cylinders.net\/wp-content\/uploads\/2025\/01\/hydraulic-cylinder-factory-2-1280x1629.webp 1280w, https:\/\/www.hydraulic-cylinders.net\/wp-content\/uploads\/2025\/01\/hydraulic-cylinder-factory-2-980x1248.webp 980w, https:\/\/www.hydraulic-cylinders.net\/wp-content\/uploads\/2025\/01\/hydraulic-cylinder-factory-2-480x611.webp 480w\" sizes=\"(min-width: 0px) and (max-width: 480px) 480px, (min-width: 481px) and (max-width: 980px) 980px, (min-width: 981px) and (max-width: 1280px) 1280px, (min-width: 1281px) 2011px, 100vw\" \/><\/h2>\n<p>Toodete toimivuse parandamiseks ja oma juhtpositsiooni kindlustamiseks h\u00fcdrauliliste silindrite t\u00f6\u00f6stuses oleme teinud koost\u00f6\u00f6d ZJIMEE-ga, et luua terviklik j\u00f5udluslabor, mis on p\u00fchendatud h\u00fcdraulilistele silindritele, ventiilidele ja pumpadele. See t\u00e4iustatud labor kasutab arvutip\u00f5hist testimist elektroh\u00fcdraulilise tehnoloogiaga, v\u00f5imaldades eelseadistatud katsetingimusi, mis parandavad t\u00e4psust ja s\u00fcsteemi mitmek\u00fclgsust. Automatiseeritud andmekogumisprotsess kasutab andureid v\u00e4ljundandmete, n\u00e4iteks sisemise lekke ja koormuse efektiivsuse kogumiseks, mis seej\u00e4rel t\u00f6\u00f6deldakse arvuti abil ja teisendatakse standard\u00fchikuteks (ml\/min%).<\/p>\n<p>Roomikkraanade tihvtv\u00f5lliga h\u00fcdraulilised silindrid n\u00e4itavad meie p\u00fchendumust kvaliteedile ja j\u00f5udlusele, olles loodud roomikkraanade, eriti Liebherri, Manitowoci ja Kobelco mudelite jaoks m\u00f5eldud vastupidavate h\u00fcdrauliliste silindritena. Meie tooted on saanud usalduse suurte seadmete tootjate poolt \u00fcle maailma ning on teeninud v\u00e4lja tugeva maine oma t\u00f6\u00f6kindluse poolest ning Ever-Power Huachang Hydraulic on tunnustatud h\u00fcdrauliliste silindrite tootmise liidrina.<\/p>\n<\/section>","protected":false},"excerpt":{"rendered":"<p>Power Pin Hydraulic Cylinders for Crawler Crane The Pin Shaft Hydraulic Cylinders for Crawler Crane, proudly crafted by Ever-Power Huachang Hydraulic, represent a pinnacle of engineering excellence as a robust pin shaft cylinder designed specifically for the rigorous demands of heavy lifting in crawler crane operations. Compatible with leading models , this hydraulic cylinder with [&hellip;]<\/p>","protected":false},"featured_media":20159,"comment_status":"open","ping_status":"closed","template":"","meta":{"_et_pb_use_builder":"","_et_pb_old_content":"","_et_gb_content_width":""},"product_brand":[],"product_cat":[1514],"product_tag":[],"class_list":{"0":"post-20144","1":"product","2":"type-product","3":"status-publish","4":"has-post-thumbnail","6":"product_cat-mobile-crane-hydraulic-cylinders","8":"first","9":"instock","10":"shipping-taxable","11":"product-type-simple"},"amp_enabled":true,"_links":{"self":[{"href":"https:\/\/www.hydraulic-cylinders.net\/et\/wp-json\/wp\/v2\/product\/20144","targetHints":{"allow":["GET"]}}],"collection":[{"href":"https:\/\/www.hydraulic-cylinders.net\/et\/wp-json\/wp\/v2\/product"}],"about":[{"href":"https:\/\/www.hydraulic-cylinders.net\/et\/wp-json\/wp\/v2\/types\/product"}],"replies":[{"embeddable":true,"href":"https:\/\/www.hydraulic-cylinders.net\/et\/wp-json\/wp\/v2\/comments?post=20144"}],"wp:featuredmedia":[{"embeddable":true,"href":"https:\/\/www.hydraulic-cylinders.net\/et\/wp-json\/wp\/v2\/media\/20159"}],"wp:attachment":[{"href":"https:\/\/www.hydraulic-cylinders.net\/et\/wp-json\/wp\/v2\/media?parent=20144"}],"wp:term":[{"taxonomy":"product_brand","embeddable":true,"href":"https:\/\/www.hydraulic-cylinders.net\/et\/wp-json\/wp\/v2\/product_brand?post=20144"},{"taxonomy":"product_cat","embeddable":true,"href":"https:\/\/www.hydraulic-cylinders.net\/et\/wp-json\/wp\/v2\/product_cat?post=20144"},{"taxonomy":"product_tag","embeddable":true,"href":"https:\/\/www.hydraulic-cylinders.net\/et\/wp-json\/wp\/v2\/product_tag?post=20144"}],"curies":[{"name":"wp","href":"https:\/\/api.w.org\/{rel}","templated":true}]}}