{"id":20145,"date":"2025-05-11T15:02:40","date_gmt":"2025-05-11T15:02:40","guid":{"rendered":"https:\/\/www.hydraulic-cylinders.net\/?post_type=product&#038;p=20145"},"modified":"2025-05-12T05:30:46","modified_gmt":"2025-05-12T05:30:46","slug":"arm-anti-tilt-hydraulic-cylinders-for-crawler-crane-2","status":"publish","type":"product","link":"https:\/\/www.hydraulic-cylinders.net\/et\/toode\/arm-anti-tilt-hydraulic-cylinders-for-crawler-crane-2\/","title":{"rendered":"Roomikkraana kallutusvastased h\u00fcdraulilised silindrid"},"content":{"rendered":"<h1 style=\"text-align: center;\"><strong>Roomikkraana kallutusvastased h\u00fcdraulilised silindrid<\/strong><\/h1>\n<p><img loading=\"lazy\" decoding=\"async\" class=\"wp-image-20149 aligncenter\" src=\"https:\/\/www.hydraulic-cylinders.net\/wp-content\/uploads\/2025\/05\/arm-anti-tilt-hydraulic-cylinders-for-crawler-crane.webp\" alt=\"\" width=\"500\" height=\"500\" srcset=\"https:\/\/www.hydraulic-cylinders.net\/wp-content\/uploads\/2025\/05\/arm-anti-tilt-hydraulic-cylinders-for-crawler-crane.webp 500w, https:\/\/www.hydraulic-cylinders.net\/wp-content\/uploads\/2025\/05\/arm-anti-tilt-hydraulic-cylinders-for-crawler-crane-480x480.webp 480w\" sizes=\"(min-width: 0px) and (max-width: 480px) 480px, (min-width: 481px) 500px, 100vw\" \/><\/p>\n<section id=\"introduction\">Ever-Power Huachang Hydraulic'i poolt asjatundlikult konstrueeritud roomikkraana kallutusvastased h\u00fcdraulilised silindrid on loodud kraana stabiilsuse ja ohutuse parandamiseks raskete t\u00f5stet\u00f6\u00f6de ajal ning \u00fchilduvad mudelitega. See roomikkraana kallutusvastane silindri mehhanism sisaldab t\u00e4iustatud kallutusvastast silindri mehhanismi, mis hoiab \u00e4ra kraana kallutamise, tagades t\u00e4pse koorma juhtimise isegi keerulistes tingimustes, nagu ebatasane maastik v\u00f5i tugev tuul. Valmistatud \u00fclitugevast legeerterasest ja korrosioonikindlast kattest, peab see vastupidav h\u00fcdrauliline silinder vastu karmidele keskkondadele, nagu tolmused ehitusplatsid, niisked rannikualad v\u00f5i karmid kaevandusv\u00e4ljad, pakkudes usaldusv\u00e4\u00e4rset j\u00f5udlust n\u00f5udlikes rakendustes. Kohandatavate ava suuruste (180 mm kuni 300 mm) ja k\u00e4igupikkustega (1000 mm kuni 4000 mm) pakuvad roomikkraana kallutusvastased h\u00fcdraulilised silindrid kohandatud lahendusi, mis vastavad mitmekesistele t\u00f6\u00f6vajadustele, muutes need oluliseks roomikkraana silindriks koorma juhtimiseks ehitus-, kaevandus- ja t\u00f6\u00f6stusprojektides. Meie tipptasemel tootmis- ja rangete testimisstandardite toel tagab see kraana stabiilsuse kallutusvastane silinder minimaalse seisakuaja ja maksimaalse efektiivsuse.<\/section>\n<section id=\"specifications\">\n<h2><strong>Tehnilised andmed:<\/strong><\/h2>\n<p><strong>Funktsioon:<\/strong> Kontrolli k\u00e4e raami liikumist<br \/>\n<strong>Silindri l\u00e4bim\u00f5\u00f5t:<\/strong> 100\u2013320 mm<br \/>\n<strong>Varda l\u00e4bim\u00f5\u00f5t:<\/strong> 85\u2013220 mm<br \/>\n<strong>Reisimine:<\/strong> 1200\u20133550 mm<br \/>\n<strong>Maksimaalne r\u00f5hk:<\/strong> 31,5 MPa<br \/>\n<strong>Maksimaalne t\u00f5ukej\u00f5ud:<\/strong> 2533KN<\/p>\n<\/section>\n<section id=\"features\">\n<h2><strong>Roomikkraana kallutusvastaste h\u00fcdrauliliste silindrite p\u00f5hijooned:<\/strong><\/h2>\n<ul>\n<li><strong>T\u00e4iustatud kallutusvastane mehhanism:<\/strong>\u00a0Roomikkraana kallutusvastased h\u00fcdraulilised silindrid on varustatud kallutusvastase silindriga, mis tagab kraana poomi stabiilsuse, muutes selle usaldusv\u00e4\u00e4rseks roomikkraana silindriks koorma juhtimiseks raskete t\u00f5stmiste ajal.<\/li>\n<li><strong>Vastupidav vastupidavus:<\/strong>\u00a0See vastupidav h\u00fcdrosilinder on valmistatud \u00fclitugevast legeerterasest ja korrosioonikindlast kattest, mis talub ekstreemseid tingimusi, tagades pikaajalise j\u00f5udluse karmides keskkondades.<\/li>\n<li><strong>T\u00e4pne koormuse kontroll:<\/strong>\u00a0Roomikkraana poomi h\u00fcdrauliline silinder pakub t\u00e4pset liikumise juhtimist, suurendades ohutust ja t\u00f5husust n\u00f5udlikes t\u00f6\u00f6stuslikes \u00fclesannetes, ning kaldevastane silinder tagab kraana stabiilsuse.<\/li>\n<li><strong>Madala hooldusvajadusega disain:<\/strong>\u00a0T\u00e4iustatud tihendustehnoloogiaga varustatud vastupidav kaldekindel h\u00fcdrosilinder minimeerib kulumist, v\u00e4hendades roomikkraanade hoolduskulusid.<\/li>\n<li><\/li>\n<\/ul>\n<\/section>\n<section id=\"applications\">\n<h2><strong>Roomikkraana kallutusvastaste h\u00fcdrauliliste silindrite rakendused:<\/strong><\/h2>\n<p><img loading=\"lazy\" decoding=\"async\" class=\"size-full wp-image-20164 aligncenter\" src=\"https:\/\/www.hydraulic-cylinders.net\/wp-content\/uploads\/2025\/05\/arm-anti-tilt-hydrauilc-cylinder-application.webp\" alt=\"\" width=\"1648\" height=\"939\" srcset=\"https:\/\/www.hydraulic-cylinders.net\/wp-content\/uploads\/2025\/05\/arm-anti-tilt-hydrauilc-cylinder-application.webp 1648w, https:\/\/www.hydraulic-cylinders.net\/wp-content\/uploads\/2025\/05\/arm-anti-tilt-hydrauilc-cylinder-application-1280x729.webp 1280w, https:\/\/www.hydraulic-cylinders.net\/wp-content\/uploads\/2025\/05\/arm-anti-tilt-hydrauilc-cylinder-application-980x558.webp 980w, https:\/\/www.hydraulic-cylinders.net\/wp-content\/uploads\/2025\/05\/arm-anti-tilt-hydrauilc-cylinder-application-480x273.webp 480w\" sizes=\"(min-width: 0px) and (max-width: 480px) 480px, (min-width: 481px) and (max-width: 980px) 980px, (min-width: 981px) and (max-width: 1280px) 1280px, (min-width: 1281px) 1648px, 100vw\" \/><\/p>\n<ul>\n<li><strong>Ehitusprojektid:<\/strong>\u00a0H\u00fcdrauliline kallutusvastane silinder tagab raskete materjalide, n\u00e4iteks terastalade ja betoonplaatide stabiilse t\u00f5stmise ehituses, mida toetab roomikkraana silinder koormuse juhtimiseks.<\/li>\n<li><strong>Kaevandust\u00f6\u00f6d:<\/strong>\u00a0Kaevandamiseks loodud roomikkraana poomi h\u00fcdrauliline silinder s\u00e4ilitab stabiilsuse raskete koormate, n\u00e4iteks maagi, k\u00e4sitsemisel, mida t\u00e4iustab kraana stabiilsust tagav kaldevastane silinder.<\/li>\n<li><strong>T\u00f6\u00f6stuslikud rasked t\u00f5steseadmed:<\/strong>\u00a0Ideaalne t\u00f6\u00f6stuskeskkondadesse, vastupidav kaldekindel h\u00fcdrosilinder tagab t\u00e4pse koorma k\u00e4itlemise tehastes ja suuremahulistes projektides, mis n\u00f5uavad roomikkraana kasutamist.<\/li>\n<\/ul>\n<\/section>\n<h2 dir=\"auto\"><strong>Kuidas parandab kallutusvastane h\u00fcdrauliline silinder roomikkraana ohutust?<\/strong><\/h2>\n<section id=\"applications\">\n<p dir=\"auto\">Roomikkraana poomi kaldevastane h\u00fcdrauliline silinder parandab oluliselt roomikkraana ohutust t\u00e4nu spetsiaalsele disainile ja t\u00e4iustatud insenerit\u00f6\u00f6le, mis on kohandatud k\u00e4sitlema raskete esemete t\u00f5stmisega kaasnevaid riske n\u00f5udlikes keskkondades. Selle roomikkraana poomi h\u00fcdrosilindri tuumaks on uuenduslik kaldevastane silindri mehhanism, mis hoiab aktiivselt \u00e4ra kraana poomi soovimatu kalde, mis on tavaline oht ebatasasel maastikul, tugeva tuule korral v\u00f5i nihkes koormate k\u00e4sitsemisel. S\u00e4ilitades poomi stabiilsuse, tagavad roomikkraana poomi kaldevastased h\u00fcdraulilised silindrid t\u00e4pse koormuse juhtimise, minimeerides j\u00e4rsu koorma nihkumise v\u00f5i kraana \u00fcmberkukkumise ohtu \u2013 kriitilised tegurid, mis v\u00f5ivad muidu p\u00f5hjustada \u00f5nnetusi, seadmete kahjustumist v\u00f5i t\u00f6\u00f6seisakuid k\u00f5rge riskiga keskkondades, nagu ehitusplatsid ja kaevandusv\u00e4ljad.<\/p>\n<p dir=\"auto\">Tugev h\u00fcdrosilinder on valmistatud \u00fclitugevast legeerterasest ja korrosioonikindlast kattest, mis v\u00f5imaldab sellel taluda ekstreemseid tingimusi, s\u00e4ilitades samal ajal konstruktsiooni terviklikkuse, suurendades veelgi ohutust, tagades aja jooksul \u00fchtlase j\u00f5udluse. Maksimaalse t\u00f6\u00f6r\u00f5huga 350 baari ja kohandatavate ava suurustega (180 mm kuni 300 mm) ning k\u00e4igupikkustega (1000 mm kuni 4000 mm) kohandub see roomikkraana koormuse juhtimiseks m\u00f5eldud silinder erinevate t\u00f6\u00f6n\u00f5uetega, pakkudes usaldusv\u00e4\u00e4rset stabiilsust isegi maksimaalse koormusv\u00f5ime korral. Lisaks on kraana stabiilsuse tagamiseks m\u00f5eldud kaldevastane silinder varustatud t\u00e4iustatud tihendustehnoloogiaga, mis hoiab \u00e4ra h\u00fcdraulikavedeliku lekked, tagades sujuva ja prognoositava t\u00f6\u00f6 ilma ootamatute riketeta, mis v\u00f5iksid ohutust kahjustada.<\/p>\n<p dir=\"auto\">See disain v\u00e4hendab ka kriitiliste komponentide kulumist, v\u00e4hendades mehaaniliste probleemide tekkimise t\u00f5en\u00e4osust t\u00f6\u00f6tamise ajal, mis on ohutu t\u00f6\u00f6keskkonna s\u00e4ilitamiseks h\u00e4davajalik. See vastupidav kaldekindel h\u00fcdrosilinder, mis \u00fchildub juhtivate roomikkraana mudelitega, nagu Liebherr LR 1300, Manitowoc 14000 ja Kobelco CKE2500, on Ever-Power Huachang Hydraulic j\u00f5udluslaboris rangelt testitud koormuse efektiivsuse ja sisemise lekke osas, tagades vastavuse riiklikele ohutusstandarditele. Kallutusega seotud riskide leevendamise ja t\u00f6\u00f6kindluse tagamise abil annab Arm Anti Kallutav H\u00fcdrauliline silinder roomikkraana operaatoritele kindlustunde raskete koormate ohutul ja t\u00f5husal k\u00e4sitsemisel erinevates t\u00f6\u00f6stusrakendustes.<\/p>\n<\/section>\n<section id=\"explore-more\">\n<h2><strong>Avastage rohkem roomikkraanade silindreid:<\/strong><\/h2>\n<p>Pakume ka mitmesuguseid teisi roomikkraana silindreid, et rahuldada erinevaid t\u00f5stevajadusi. Olenemata sellest, kas vajate roomikkraana poomi jaoks h\u00fcdraulilist silindrit v\u00f5i stabiilsuse tagamiseks vastupidavat lahendust, Ever-Power Huachang Hydraulic pakub lahendust. Tutvuge meie t\u00e4ieliku valikuga. <a href=\"https:\/\/www.hydraulic-cylinders.net\/et\/mobile-crane-hydraulic-cylinders\/\">roomikkraana silindrid<\/a>.<\/p>\n<\/section>\n<section id=\"company-introduction\">\n<h2><strong>Ever-Power Huachang Hydraulic kohta:<\/strong><\/h2>\n<h2><img loading=\"lazy\" decoding=\"async\" class=\"alignnone size-full wp-image-16972\" src=\"https:\/\/www.hydraulic-cylinders.net\/wp-content\/uploads\/2025\/01\/hydraulic-cylinder-factory-1-scaled.webp\" alt=\"\" width=\"2016\" height=\"2560\" srcset=\"https:\/\/www.hydraulic-cylinders.net\/wp-content\/uploads\/2025\/01\/hydraulic-cylinder-factory-1-scaled.webp 2016w, https:\/\/www.hydraulic-cylinders.net\/wp-content\/uploads\/2025\/01\/hydraulic-cylinder-factory-1-1280x1625.webp 1280w, https:\/\/www.hydraulic-cylinders.net\/wp-content\/uploads\/2025\/01\/hydraulic-cylinder-factory-1-980x1244.webp 980w, https:\/\/www.hydraulic-cylinders.net\/wp-content\/uploads\/2025\/01\/hydraulic-cylinder-factory-1-480x610.webp 480w\" sizes=\"(min-width: 0px) and (max-width: 480px) 480px, (min-width: 481px) and (max-width: 980px) 980px, (min-width: 981px) and (max-width: 1280px) 1280px, (min-width: 1281px) 2016px, 100vw\" \/><\/h2>\n<p>Meil on tipptasemel s\u00f5ltumatu teadus- ja arendusplatvorm, mis on p\u00fchendatud montaa\u017eile, tagades meie tootmisprotsessides tipptasemel innovatsiooni ja kvaliteedi. Meie kahvelt\u00f5stukite silindrite tootmist\u00f6\u00f6kojas on neli poolautomaatset t\u00f5stesilindrite montaa\u017eiliini ja t\u00e4isautomaatne kallutussilindrite montaa\u017eiliin, mis on kokku projekteeritud tootma kuni miljon \u00fchikut aastas.<\/p>\n<p>Lisaks on meie spetsialiseeritud silindrite t\u00f6\u00f6koda varustatud erinevate spetsifikatsioonide jaoks kohandatud poolautomaatsete puhastus- ja montaa\u017eis\u00fcsteemidega, mille aastane tootmisv\u00f5imsus on 200 000 t\u00fckki. Kasutame tuntud CNC-seadmeid, t\u00f6\u00f6tluskeskusi ja spetsiaalseid t\u00f6\u00f6riistu \u00fclit\u00e4pseks h\u00fcdrauliliste silindrite t\u00f6\u00f6tlemiseks. Meie tehases on ka t\u00e4iustatud robotkeevitusseadmed, automaatsed puhastuss\u00fcsteemid ning t\u00e4isautomatiseeritud silindrite montaa\u017ei- ja v\u00e4rvimisliinid. \u00dcle 300 t\u00f6\u00f6korras oleva seadmega optimeerime ressursside jaotust ja tagame t\u00f5husa kasutamise, j\u00e4rgides rangeid t\u00e4psus- ja kvaliteedistandardeid.<\/p>\n<h2><img loading=\"lazy\" decoding=\"async\" class=\"alignnone size-full wp-image-16973\" src=\"https:\/\/www.hydraulic-cylinders.net\/wp-content\/uploads\/2025\/01\/hydraulic-cylinder-factory-2-scaled.webp\" alt=\"\" width=\"2011\" height=\"2560\" srcset=\"https:\/\/www.hydraulic-cylinders.net\/wp-content\/uploads\/2025\/01\/hydraulic-cylinder-factory-2-scaled.webp 2011w, https:\/\/www.hydraulic-cylinders.net\/wp-content\/uploads\/2025\/01\/hydraulic-cylinder-factory-2-1280x1629.webp 1280w, https:\/\/www.hydraulic-cylinders.net\/wp-content\/uploads\/2025\/01\/hydraulic-cylinder-factory-2-980x1248.webp 980w, https:\/\/www.hydraulic-cylinders.net\/wp-content\/uploads\/2025\/01\/hydraulic-cylinder-factory-2-480x611.webp 480w\" sizes=\"(min-width: 0px) and (max-width: 480px) 480px, (min-width: 481px) and (max-width: 980px) 980px, (min-width: 981px) and (max-width: 1280px) 1280px, (min-width: 1281px) 2011px, 100vw\" \/><\/h2>\n<p>Meil on t\u00e4isautomaatne veebaasil v\u00e4rvimise liin, mis on spetsiaalselt loodud v\u00e4ikeste ja keskmiste balloonide jaoks ning millel on automatiseeritud laadimis-, mahalaadimis- ja pihustusrobotid. Selle tipptasemel s\u00fcsteemi tootmisv\u00f5imsus on 4000 \u00fchikut vahetuse kohta. Lisaks on meil poolautomaatne v\u00e4rvimisliin suurte balloonide jaoks, mida k\u00e4itab keti\u00fclekanne ja mille projekteeritud v\u00f5imsus on 60 kasti vahetuse kohta.<\/p>\n<p>Toodete toimivuse parandamiseks ja oma juhtpositsiooni kindlustamiseks h\u00fcdrauliliste silindrite t\u00f6\u00f6stuses oleme teinud koost\u00f6\u00f6d ZJIMEE-ga, et luua terviklik j\u00f5udluslabor, mis on p\u00fchendatud h\u00fcdraulilistele silindritele, ventiilidele ja pumpadele. See t\u00e4iustatud labor kasutab arvutip\u00f5hist testimist elektroh\u00fcdraulilise tehnoloogiaga, v\u00f5imaldades eelseadistatud katsetingimusi, mis parandavad t\u00e4psust ja s\u00fcsteemi mitmek\u00fclgsust. Automatiseeritud andmekogumisprotsess kasutab andureid v\u00e4ljundandmete, n\u00e4iteks sisemise lekke ja koormuse efektiivsuse kogumiseks, mis seej\u00e4rel t\u00f6\u00f6deldakse arvuti abil ja teisendatakse standard\u00fchikuteks (ml\/min%).<\/p>\n<p>Roomikkraana kallutusvastased h\u00fcdraulilised silindrid n\u00e4itavad meie p\u00fchendumust kvaliteedile ja j\u00f5udlusele, olles loodud vastupidavate h\u00fcdrauliliste silindritena roomikkraana poomi stabiilsuse tagamiseks, eriti Liebherri, Manitowoci ja Kobelco mudelitele. Meie tooted on saanud usalduse suurte seadmete tootjate poolt \u00fcle maailma ning on teeninud v\u00e4lja tugeva maine oma t\u00f6\u00f6kindluse poolest ning Ever-Power Huachang Hydraulic on tunnustatud h\u00fcdrauliliste silindrite tootmise liidrina.<\/p>\n<\/section>\n<p>&nbsp;<\/p>","protected":false},"excerpt":{"rendered":"<p>Arm Anti Tilt Hydraulic Cylinders for Crawler Crane The Arm Anti Tilt Hydraulic Cylinders for Crawler Crane, expertly engineered by Ever-Power Huachang Hydraulic, are designed to enhance crane stability and safety during heavy lifting operations, compatible with models. This hydraulic cylinder for crawler crane arm integrates an advanced anti tilt cylinder mechanism that prevents unwanted [&hellip;]<\/p>","protected":false},"featured_media":20156,"comment_status":"open","ping_status":"closed","template":"","meta":{"_et_pb_use_builder":"","_et_pb_old_content":"","_et_gb_content_width":""},"product_brand":[],"product_cat":[1514],"product_tag":[],"class_list":{"0":"post-20145","1":"product","2":"type-product","3":"status-publish","4":"has-post-thumbnail","6":"product_cat-mobile-crane-hydraulic-cylinders","8":"first","9":"instock","10":"shipping-taxable","11":"product-type-simple"},"amp_enabled":true,"_links":{"self":[{"href":"https:\/\/www.hydraulic-cylinders.net\/et\/wp-json\/wp\/v2\/product\/20145","targetHints":{"allow":["GET"]}}],"collection":[{"href":"https:\/\/www.hydraulic-cylinders.net\/et\/wp-json\/wp\/v2\/product"}],"about":[{"href":"https:\/\/www.hydraulic-cylinders.net\/et\/wp-json\/wp\/v2\/types\/product"}],"replies":[{"embeddable":true,"href":"https:\/\/www.hydraulic-cylinders.net\/et\/wp-json\/wp\/v2\/comments?post=20145"}],"wp:featuredmedia":[{"embeddable":true,"href":"https:\/\/www.hydraulic-cylinders.net\/et\/wp-json\/wp\/v2\/media\/20156"}],"wp:attachment":[{"href":"https:\/\/www.hydraulic-cylinders.net\/et\/wp-json\/wp\/v2\/media?parent=20145"}],"wp:term":[{"taxonomy":"product_brand","embeddable":true,"href":"https:\/\/www.hydraulic-cylinders.net\/et\/wp-json\/wp\/v2\/product_brand?post=20145"},{"taxonomy":"product_cat","embeddable":true,"href":"https:\/\/www.hydraulic-cylinders.net\/et\/wp-json\/wp\/v2\/product_cat?post=20145"},{"taxonomy":"product_tag","embeddable":true,"href":"https:\/\/www.hydraulic-cylinders.net\/et\/wp-json\/wp\/v2\/product_tag?post=20145"}],"curies":[{"name":"wp","href":"https:\/\/api.w.org\/{rel}","templated":true}]}}