{"id":20147,"date":"2025-05-11T15:08:25","date_gmt":"2025-05-11T15:08:25","guid":{"rendered":"https:\/\/www.hydraulic-cylinders.net\/?post_type=product&#038;p=20147"},"modified":"2025-05-12T05:30:55","modified_gmt":"2025-05-12T05:30:55","slug":"support-hydraulic-cylinders-for-crawler-crane-2","status":"publish","type":"product","link":"https:\/\/www.hydraulic-cylinders.net\/et\/toode\/support-hydraulic-cylinders-for-crawler-crane-2\/","title":{"rendered":"Roomikkraana h\u00fcdrauliliste silindrite tugi"},"content":{"rendered":"<h1 style=\"text-align: center;\"><strong>Roomikkraana h\u00fcdrauliliste silindrite tugi<\/strong><\/h1>\n<p><img loading=\"lazy\" decoding=\"async\" class=\"wp-image-20155 aligncenter\" src=\"https:\/\/www.hydraulic-cylinders.net\/wp-content\/uploads\/2025\/05\/support-hydraulic-cylinders-for-crawler-crane.webp\" alt=\"\" width=\"500\" height=\"500\" srcset=\"https:\/\/www.hydraulic-cylinders.net\/wp-content\/uploads\/2025\/05\/support-hydraulic-cylinders-for-crawler-crane.webp 500w, https:\/\/www.hydraulic-cylinders.net\/wp-content\/uploads\/2025\/05\/support-hydraulic-cylinders-for-crawler-crane-480x480.webp 480w\" sizes=\"(min-width: 0px) and (max-width: 480px) 480px, (min-width: 481px) 500px, 100vw\" \/><\/p>\n<section id=\"introduction\">Ever-Power Huachang Hydraulic'i poolt asjatundlikult valmistatud roomikkraana tugih\u00fcdraulilised silindrid on konstrueeritud pakkuma enneolematut stabiilsust ja tuge raskete t\u00f5stet\u00f6\u00f6de jaoks ning \u00fchilduvad selliste mudelitega nagu Liebherr LR 1300, Manitowoc 14000 ja Kobelco CKE2500. See roomikkraana toe h\u00fcdrauliline silinder suurendab kraana \u0161assii stabiilsust, suurendades ulatust, tagades ohutu ja t\u00f5husa t\u00f5stmise keerulistes keskkondades, nagu ebatasased ehitusplatsid, karm kaevandusmaastik v\u00f5i k\u00f5rgm\u00e4estiku t\u00f6\u00f6stusprojektid. See vastupidav h\u00fcdrauliline silinder on valmistatud \u00fclitugevast legeerterasest ja korrosioonikindlast kattest, mis talub karme tingimusi, pakkudes samal ajal usaldusv\u00e4\u00e4rset j\u00f5udlust. T\u00f6\u00f6r\u00f5huga kuni 350 baari, kohandatavate ava suurustega (180 mm kuni 300 mm) ja k\u00e4igupikkustega (1000 mm kuni 4000 mm) vastab roomikkraana stabiilsuse tugisilinder mitmekesistele t\u00f6\u00f6vajadustele, muutes selle oluliseks roomikkraana silindriks raskete koormate jaoks ehituses, kaevanduses ja t\u00f6\u00f6stuslikes rakendustes. Meie t\u00e4iustatud tootmis- ja rangete testimisstandardite toel tagab see tugih\u00fcdrauliline silinder maksimaalse t\u00f6\u00f6aja ja ohutuse.<\/section>\n<section id=\"specifications\">\n<h2><strong>Tehnilised andmed:<\/strong><\/h2>\n<p><strong>Funktsioon:<\/strong> Toetav funktsioon<br \/>\n<strong>Silindri l\u00e4bim\u00f5\u00f5t:<\/strong> 100\u2013300 mm<br \/>\n<strong>Varda l\u00e4bim\u00f5\u00f5t:<\/strong> 80\u2013220 mm<br \/>\n<strong>Reisimine:<\/strong> 700\u2013800 mm<br \/>\n<strong>Maksimaalne r\u00f5hk:<\/strong> 31,5 MPa<br \/>\n<strong>Maksimaalne t\u00f5ukej\u00f5ud<\/strong>: 2226KN<\/p>\n<\/section>\n<section id=\"features\">\n<h2><strong>Roomikkraana tugih\u00fcdrauliliste silindrite p\u00f5hijooned:<\/strong><\/h2>\n<ul>\n<li><strong>T\u00e4iustatud \u0161assii stabiilsus:<\/strong>\u00a0Roomikkraana tugih\u00fcdraulilised silindrid on varustatud tugeva tugih\u00fcdraulilise silindri konstruktsiooniga, mis suurendab \u0161assii ulatust, tagades stabiilsuse roomikkraana tugisilindriga raskete t\u00f5stmiste ajal.<\/li>\n<li><strong>Vastupidav konstruktsioon:<\/strong>\u00a0See \u00fclitugevast legeerterasest ja korrosioonikindlast kattest valmistatud vastupidav h\u00fcdrosilinder peab vastu karmidele keskkondadele, tagades roomikkraanade pikaajalise j\u00f5udluse.<\/li>\n<li><strong>Usaldusv\u00e4\u00e4rne koormustugi:<\/strong>\u00a0See roomikkraana toe h\u00fcdrauliline silinder on loodud raskete koormate k\u00e4sitsemiseks ja tagab ohutu t\u00f5stmise, muutes selle t\u00f6\u00f6kindlaks roomikkraana silindriks raskete koormate jaoks n\u00f5udlikes \u00fclesannetes.<\/li>\n<li><strong>Madala hooldusvajadusega disain:<\/strong>\u00a0T\u00e4iustatud tihendustehnoloogiaga varustatud see vastupidav tugih\u00fcdrauliline silinder minimeerib kulumist, v\u00e4hendades hoolduskulusid ja roomikkraana seisakuid.<\/li>\n<\/ul>\n<\/section>\n<section id=\"applications\">\n<h2><strong>Roomikkraana tugih\u00fcdrauliliste silindrite rakendused:<\/strong><\/h2>\n<p><img loading=\"lazy\" decoding=\"async\" class=\"size-full wp-image-20169 aligncenter\" src=\"https:\/\/www.hydraulic-cylinders.net\/wp-content\/uploads\/2025\/05\/support-hydraulic-cylinder-for-crawler-crane-application.webp\" alt=\"\" width=\"1631\" height=\"931\" srcset=\"https:\/\/www.hydraulic-cylinders.net\/wp-content\/uploads\/2025\/05\/support-hydraulic-cylinder-for-crawler-crane-application.webp 1631w, https:\/\/www.hydraulic-cylinders.net\/wp-content\/uploads\/2025\/05\/support-hydraulic-cylinder-for-crawler-crane-application-1280x731.webp 1280w, https:\/\/www.hydraulic-cylinders.net\/wp-content\/uploads\/2025\/05\/support-hydraulic-cylinder-for-crawler-crane-application-980x559.webp 980w, https:\/\/www.hydraulic-cylinders.net\/wp-content\/uploads\/2025\/05\/support-hydraulic-cylinder-for-crawler-crane-application-480x274.webp 480w\" sizes=\"(min-width: 0px) and (max-width: 480px) 480px, (min-width: 481px) and (max-width: 980px) 980px, (min-width: 981px) and (max-width: 1280px) 1280px, (min-width: 1281px) 1631px, 100vw\" \/><\/p>\n<ul>\n<li><strong>Ehitusprojektid:<\/strong>\u00a0Tugih\u00fcdrauliline silinder tagab raskete materjalide, n\u00e4iteks terastalade ja betoonplaatide stabiilse t\u00f5stmise ehituses, mida toetab stabiilsuse tagamiseks roomikkraana tugisilinder.<\/li>\n<li><strong>Kaevandust\u00f6\u00f6d:<\/strong>\u00a0Kaevandamiseks loodud roomikkraana toestamiseks m\u00f5eldud h\u00fcdrauliline silinder s\u00e4ilitab stabiilsuse raskete koormate, n\u00e4iteks maagi, k\u00e4sitsemisel, mida t\u00e4iustab raskete koormate jaoks m\u00f5eldud roomikkraana silinder.<\/li>\n<li><strong>T\u00f6\u00f6stuslikud rasked t\u00f5steseadmed:<\/strong>\u00a0Ideaalne t\u00f6\u00f6stuskeskkondadesse, vastupidav tugih\u00fcdrauliline silinder tagab usaldusv\u00e4\u00e4rse koormuse toestamise tehastes ja suuremahulistes projektides, mis n\u00f5uavad roomikkraana kasutamist.<\/li>\n<\/ul>\n<h2 dir=\"auto\"><strong>Kuidas parandavad roomikkraana tugih\u00fcdraulilised silindrid kraana stabiilsust?<\/strong><\/h2>\n<p dir=\"auto\">Roomikkraana tugih\u00fcdraulilised silindrid suurendavad kraana stabiilsust uuendusliku disaini ja vastupidava konstruktsiooni kombinatsiooni abil, muutes need asendamatuks komponendiks raskete esemete ohutuks ja t\u00f5husaks t\u00f5stmiseks. Need tugih\u00fcdraulilised silindrid on spetsiaalselt konstrueeritud roomikkraana \u0161assii ulatuse suurendamiseks, laiendades t\u00f5husalt tugialust t\u00f5stet\u00f6\u00f6de ajal.<\/p>\n<p dir=\"auto\">Roomikkraana tugisilindri laiendatud jalaj\u00e4lg stabiilsuse tagamiseks v\u00e4hendab oluliselt \u00fcmberkukkumise v\u00f5i kallutamise ohtu, eriti ebatasasel maastikul, pehmel pinnasel v\u00f5i tugeva tuule korral, mida tavaliselt esineb ehitusplatsidel, kaevandusv\u00e4ljadel ja t\u00f6\u00f6stusprojektides. See vastupidav h\u00fcdrosilinder on valmistatud \u00fclitugevast legeerterasest ja korrosioonikindlast kattest ning s\u00e4ilitab konstruktsiooni terviklikkuse ja t\u00f6\u00f6kindluse \u00e4\u00e4rmuslike keskkonnakoormuste, n\u00e4iteks tolmuse atmosf\u00e4\u00e4ri v\u00f5i niiskete rannikualade korral, tagades pikaajalise kasutamise ajal p\u00fcsiva stabiilsuse. Maksimaalse t\u00f6\u00f6r\u00f5huga 350 baari ja kohandatavate ava suurustega (180 mm kuni 300 mm) ja k\u00e4igupikkustega (1000 mm kuni 4000 mm) kohandub roomikkraana toe h\u00fcdrosilinder erinevate koormuste ja maastiku v\u00e4ljakutsetega, pakkudes t\u00e4pset juhtimist ja suuremat kandev\u00f5imet roomikkraana silindrina raskete koormate jaoks. Konstruktsiooni integreeritud t\u00e4iustatud tihendustehnoloogia minimeerib h\u00fcdraulikavedeliku lekkeid ja kulumist, ennetades t\u00f6\u00f6katkestusi, mis v\u00f5ivad stabiilsust kahjustada, ning v\u00e4hendab hooldusvajadust, et tagada katkematu j\u00f5udlus.<\/p>\n<p dir=\"auto\">Need silindrid \u00fchilduvad juhtivate mudelitega nagu Liebherr LR 1300, Manitowoc 14000 ja Kobelco CKE2500 ning on Ever-Power Huachang Hydraulic j\u00f5udluslaboris koormust\u00f5hususe ja sisemise lekke osas rangelt testitud, j\u00e4rgides riiklikke ohutusstandardeid. Jaotades kaalu \u00fchtlaselt ja s\u00e4ilitades kindla aluse, parandab see vastupidav tugih\u00fcdrauliline silinder mitte ainult kraana stabiilsust, vaid kaitseb ka operaatoreid ja seadmeid, muutes selle usaldusv\u00e4\u00e4rseks lahenduseks n\u00f5udlike roomikkraanade rakenduste jaoks, kus ohutus ja t\u00f5husus on esmat\u00e4htsad.<\/p>\n<\/section>\n<section id=\"explore-more\">\n<h2><strong>Avastage rohkem roomikkraanade silindreid:<\/strong><\/h2>\n<p>Pakume ka mitmesuguseid teisi roomikkraana silindreid, et rahuldada erinevaid t\u00f5stevajadusi. Olenemata sellest, kas vajate roomikkraana toestamiseks h\u00fcdraulilist silindrit v\u00f5i stabiilsuse tagamiseks vastupidavat lahendust, Ever-Power Huachang Hydraulic pakub lahendust. Tutvuge meie t\u00e4ieliku valikuga. <a href=\"https:\/\/www.hydraulic-cylinders.net\/et\/mobile-crane-hydraulic-cylinders\/\">roomikkraana silindrid<\/a>.<\/p>\n<\/section>\n<section id=\"company-introduction\">\n<h2><strong>Ever-Power Huachang Hydraulic kohta:<\/strong><\/h2>\n<h2><img loading=\"lazy\" decoding=\"async\" class=\"alignnone size-full wp-image-16972\" src=\"https:\/\/www.hydraulic-cylinders.net\/wp-content\/uploads\/2025\/01\/hydraulic-cylinder-factory-1-scaled.webp\" alt=\"\" width=\"2016\" height=\"2560\" srcset=\"https:\/\/www.hydraulic-cylinders.net\/wp-content\/uploads\/2025\/01\/hydraulic-cylinder-factory-1-scaled.webp 2016w, https:\/\/www.hydraulic-cylinders.net\/wp-content\/uploads\/2025\/01\/hydraulic-cylinder-factory-1-1280x1625.webp 1280w, https:\/\/www.hydraulic-cylinders.net\/wp-content\/uploads\/2025\/01\/hydraulic-cylinder-factory-1-980x1244.webp 980w, https:\/\/www.hydraulic-cylinders.net\/wp-content\/uploads\/2025\/01\/hydraulic-cylinder-factory-1-480x610.webp 480w\" sizes=\"(min-width: 0px) and (max-width: 480px) 480px, (min-width: 481px) and (max-width: 980px) 980px, (min-width: 981px) and (max-width: 1280px) 1280px, (min-width: 1281px) 2016px, 100vw\" \/><\/h2>\n<p>Meil on tipptasemel s\u00f5ltumatu teadus- ja arendusplatvorm, mis on p\u00fchendatud montaa\u017eile, tagades meie tootmisprotsessides tipptasemel innovatsiooni ja kvaliteedi. Meie kahvelt\u00f5stukite silindrite tootmist\u00f6\u00f6kojas on neli poolautomaatset t\u00f5stesilindrite montaa\u017eiliini ja t\u00e4isautomaatne kallutussilindrite montaa\u017eiliin, mis on kokku projekteeritud tootma kuni miljon \u00fchikut aastas.<\/p>\n<p>Meil on t\u00e4isautomaatne veebaasil v\u00e4rvimise liin, mis on spetsiaalselt loodud v\u00e4ikeste ja keskmiste balloonide jaoks ning millel on automatiseeritud laadimis-, mahalaadimis- ja pihustusrobotid. Selle tipptasemel s\u00fcsteemi tootmisv\u00f5imsus on 4000 \u00fchikut vahetuse kohta. Lisaks on meil poolautomaatne v\u00e4rvimisliin suurte balloonide jaoks, mida k\u00e4itab keti\u00fclekanne ja mille projekteeritud v\u00f5imsus on 60 kasti vahetuse kohta.<\/p>\n<h2><img loading=\"lazy\" decoding=\"async\" class=\"alignnone size-full wp-image-16973\" src=\"https:\/\/www.hydraulic-cylinders.net\/wp-content\/uploads\/2025\/01\/hydraulic-cylinder-factory-2-scaled.webp\" alt=\"\" width=\"2011\" height=\"2560\" srcset=\"https:\/\/www.hydraulic-cylinders.net\/wp-content\/uploads\/2025\/01\/hydraulic-cylinder-factory-2-scaled.webp 2011w, https:\/\/www.hydraulic-cylinders.net\/wp-content\/uploads\/2025\/01\/hydraulic-cylinder-factory-2-1280x1629.webp 1280w, https:\/\/www.hydraulic-cylinders.net\/wp-content\/uploads\/2025\/01\/hydraulic-cylinder-factory-2-980x1248.webp 980w, https:\/\/www.hydraulic-cylinders.net\/wp-content\/uploads\/2025\/01\/hydraulic-cylinder-factory-2-480x611.webp 480w\" sizes=\"(min-width: 0px) and (max-width: 480px) 480px, (min-width: 481px) and (max-width: 980px) 980px, (min-width: 981px) and (max-width: 1280px) 1280px, (min-width: 1281px) 2011px, 100vw\" \/><\/h2>\n<p>Toodete toimivuse parandamiseks ja oma juhtpositsiooni kindlustamiseks h\u00fcdrauliliste silindrite t\u00f6\u00f6stuses oleme teinud koost\u00f6\u00f6d ZJIMEE-ga, et luua terviklik j\u00f5udluslabor, mis on p\u00fchendatud h\u00fcdraulilistele silindritele, ventiilidele ja pumpadele. See t\u00e4iustatud labor kasutab arvutip\u00f5hist testimist elektroh\u00fcdraulilise tehnoloogiaga, v\u00f5imaldades eelseadistatud katsetingimusi, mis parandavad t\u00e4psust ja s\u00fcsteemi mitmek\u00fclgsust. Automatiseeritud andmekogumisprotsess kasutab andureid v\u00e4ljundandmete, n\u00e4iteks sisemise lekke ja koormuse efektiivsuse kogumiseks, mis seej\u00e4rel t\u00f6\u00f6deldakse arvuti abil ja teisendatakse standard\u00fchikuteks (ml\/min%).<\/p>\n<p>Roomikkraanade tugih\u00fcdraulilised silindrid n\u00e4itavad meie p\u00fchendumust kvaliteedile ja j\u00f5udlusele, olles loodud roomikkraanade, eriti Liebherri, Manitowoci ja Kobelco mudelite jaoks m\u00f5eldud vastupidavate h\u00fcdrosilindritena. Meie tooted on saanud usalduse suurte seadmete tootjate poolt \u00fcle maailma ning on teeninud v\u00e4lja tugeva maine oma t\u00f6\u00f6kindluse poolest ning Ever-Power Huachang Hydraulic on tunnustatud h\u00fcdrauliliste silindrite tootmise liidrina.<\/p>\n<\/section>","protected":false},"excerpt":{"rendered":"<p>Support Hydraulic Cylinders for Crawler Crane The Support Hydraulic Cylinders for Crawler Crane, expertly crafted by Ever-Power Huachang Hydraulic, are engineered to provide unparalleled stability and support for heavy lifting operations, compatible with models like Liebherr LR 1300, Manitowoc 14000, and Kobelco CKE2500. This hydraulic cylinder for crawler crane support enhances crane chassis stability by [&hellip;]<\/p>","protected":false},"featured_media":20163,"comment_status":"open","ping_status":"closed","template":"","meta":{"_et_pb_use_builder":"","_et_pb_old_content":"","_et_gb_content_width":""},"product_brand":[],"product_cat":[1514],"product_tag":[],"class_list":{"0":"post-20147","1":"product","2":"type-product","3":"status-publish","4":"has-post-thumbnail","6":"product_cat-mobile-crane-hydraulic-cylinders","8":"first","9":"instock","10":"shipping-taxable","11":"product-type-simple"},"amp_enabled":true,"_links":{"self":[{"href":"https:\/\/www.hydraulic-cylinders.net\/et\/wp-json\/wp\/v2\/product\/20147","targetHints":{"allow":["GET"]}}],"collection":[{"href":"https:\/\/www.hydraulic-cylinders.net\/et\/wp-json\/wp\/v2\/product"}],"about":[{"href":"https:\/\/www.hydraulic-cylinders.net\/et\/wp-json\/wp\/v2\/types\/product"}],"replies":[{"embeddable":true,"href":"https:\/\/www.hydraulic-cylinders.net\/et\/wp-json\/wp\/v2\/comments?post=20147"}],"wp:featuredmedia":[{"embeddable":true,"href":"https:\/\/www.hydraulic-cylinders.net\/et\/wp-json\/wp\/v2\/media\/20163"}],"wp:attachment":[{"href":"https:\/\/www.hydraulic-cylinders.net\/et\/wp-json\/wp\/v2\/media?parent=20147"}],"wp:term":[{"taxonomy":"product_brand","embeddable":true,"href":"https:\/\/www.hydraulic-cylinders.net\/et\/wp-json\/wp\/v2\/product_brand?post=20147"},{"taxonomy":"product_cat","embeddable":true,"href":"https:\/\/www.hydraulic-cylinders.net\/et\/wp-json\/wp\/v2\/product_cat?post=20147"},{"taxonomy":"product_tag","embeddable":true,"href":"https:\/\/www.hydraulic-cylinders.net\/et\/wp-json\/wp\/v2\/product_tag?post=20147"}],"curies":[{"name":"wp","href":"https:\/\/api.w.org\/{rel}","templated":true}]}}