{"id":20148,"date":"2025-05-11T15:14:28","date_gmt":"2025-05-11T15:14:28","guid":{"rendered":"https:\/\/www.hydraulic-cylinders.net\/?post_type=product&#038;p=20148"},"modified":"2025-05-11T15:20:33","modified_gmt":"2025-05-11T15:20:33","slug":"lift-hydraulic-cylinders-for-crawler-crane","status":"publish","type":"product","link":"https:\/\/www.hydraulic-cylinders.net\/et\/toode\/lift-hydraulic-cylinders-for-crawler-crane\/","title":{"rendered":"Roomikkraana h\u00fcdraulilised silindrid"},"content":{"rendered":"<h1 style=\"text-align: center;\"><strong>Roomikkraana h\u00fcdraulilised silindrid<\/strong><\/h1>\n<p><img loading=\"lazy\" decoding=\"async\" class=\"wp-image-20151 aligncenter\" src=\"https:\/\/www.hydraulic-cylinders.net\/wp-content\/uploads\/2025\/05\/lift-hydraulic-cylinders-for-crawler-crane.webp\" alt=\"\" width=\"500\" height=\"500\" srcset=\"https:\/\/www.hydraulic-cylinders.net\/wp-content\/uploads\/2025\/05\/lift-hydraulic-cylinders-for-crawler-crane.webp 500w, https:\/\/www.hydraulic-cylinders.net\/wp-content\/uploads\/2025\/05\/lift-hydraulic-cylinders-for-crawler-crane-480x480.webp 480w\" sizes=\"(min-width: 0px) and (max-width: 480px) 480px, (min-width: 481px) 500px, 100vw\" \/><\/p>\n<section id=\"introduction\">Ever-Power Huachang Hydraulic poolt hoolikalt disainitud roomikkraana t\u00f5steh\u00fcdraulilised silindrid on loodud pakkuma roomikkraana t\u00f6\u00f6ks erakordset t\u00f5stej\u00f5udu ja t\u00e4psust ning \u00fchilduvad selliste mudelitega nagu Liebherr LR 1300, Manitowoc 14000 ja Kobelco CKE2500. See roomikkraana poomi h\u00fcdrauliline silinder tagab raskete koormate sujuva ja kontrollitud t\u00f5stmise, muutes selle ideaalseks roomikkraana t\u00f5stesilindriks raskete esemete t\u00f5stmiseks keerulistes keskkondades, nagu ehitusplatsid, kaevandust\u00f6\u00f6d ja t\u00f6\u00f6stusprojektid. See vastupidav h\u00fcdrauliline silinder on valmistatud \u00fclitugevast legeerterasest ja korrosioonikindlast kattest ning talub karme tingimusi, nagu tolmune maastik v\u00f5i niisked rannikualad, s\u00e4ilitades samal ajal t\u00f6\u00f6kindluse. Maksimaalse t\u00f6\u00f6r\u00f5huga 350 baari, kohandatavate ava suurustega (180 mm kuni 300 mm) ja k\u00e4igupikkustega (1000 mm kuni 4000 mm) vastab roomikkraana t\u00e4pseks t\u00f5stmiseks m\u00f5eldud silinder mitmekesistele t\u00f6\u00f6n\u00f5uetele, tagades ohutuse ja t\u00f5hususe. Meie t\u00e4iustatud tootmis- ja rangete testimisstandardite toel garanteerib see t\u00f5steh\u00fcdrauliline silinder vastupidavuse ja minimaalse seisakuaja.<\/section>\n<section id=\"specifications\">\n<h2><strong>Tehnilised andmed:<\/strong><\/h2>\n<p><strong>Funktsioon:<\/strong> Kontrolli p\u00f5hik\u00e4e liikumist<br \/>\n<strong>Silindri l\u00e4bim\u00f5\u00f5t:<\/strong> 280 mm - 400 mm<br \/>\n<strong>Varda l\u00e4bim\u00f5\u00f5t:<\/strong> 160 mm<br \/>\n<strong>Reisimine:<\/strong> 1800\u20133000 mm<br \/>\n<strong>Maksimaalne r\u00f5hk:<\/strong> 31,5 MPa<br \/>\n<strong>Maksimaalne t\u00f5ukej\u00f5ud:<\/strong> 3958KN<\/p>\n<\/section>\n<section id=\"features\">\n<h2><strong>Roomikkraana t\u00f5steh\u00fcdrauliliste silindrite p\u00f5hijooned:<\/strong><\/h2>\n<ul>\n<li><strong>V\u00f5imas t\u00f5stev\u00f5ime:<\/strong>\u00a0Roomikkraana t\u00f5steh\u00fcdraulilised silindrid on varustatud vastupidava t\u00f5steh\u00fcdraulilise silindri konstruktsiooniga, mis toetab raskeid koormaid, muutes selle usaldusv\u00e4\u00e4rseks roomikkraana t\u00f5stesilindriks raskete esemete t\u00f5stmiseks n\u00f5udlikes t\u00f6\u00f6des.<\/li>\n<li><strong>Vastupidav konstruktsioon:<\/strong>\u00a0See vastupidav h\u00fcdrosilinder on valmistatud \u00fclitugevast legeerterasest ja korrosioonikindlast kattest, mis tagab roomikkraanade rakenduste pikaajalise j\u00f5udluse karmides tingimustes.<\/li>\n<li><strong>T\u00e4pne koormuse kontroll:<\/strong>\u00a0Roomikkraana poomi h\u00fcdrosilinder tagab t\u00e4pse t\u00f5stekontrolli, suurendades ohutust ja t\u00f5husust roomikkraana silindrina t\u00e4pseks t\u00f5stmiseks t\u00f6\u00f6stuslikes \u00fclesannetes.<\/li>\n<li><strong>Madala hooldusvajadusega disain:<\/strong>\u00a0T\u00e4iustatud tihendustehnoloogiaga varustatud see vastupidav t\u00f5steh\u00fcdrauliline silinder minimeerib kulumist, v\u00e4hendades hoolduskulusid ja roomikkraana seisakuid.<\/li>\n<\/ul>\n<\/section>\n<section id=\"applications\">\n<h2><strong>Roomikkraana t\u00f5stukh\u00fcdrauliliste silindrite rakendused:<img loading=\"lazy\" decoding=\"async\" class=\"size-full wp-image-20169 aligncenter\" src=\"https:\/\/www.hydraulic-cylinders.net\/wp-content\/uploads\/2025\/05\/support-hydraulic-cylinder-for-crawler-crane-application.webp\" alt=\"\" width=\"1631\" height=\"931\" srcset=\"https:\/\/www.hydraulic-cylinders.net\/wp-content\/uploads\/2025\/05\/support-hydraulic-cylinder-for-crawler-crane-application.webp 1631w, https:\/\/www.hydraulic-cylinders.net\/wp-content\/uploads\/2025\/05\/support-hydraulic-cylinder-for-crawler-crane-application-1280x731.webp 1280w, https:\/\/www.hydraulic-cylinders.net\/wp-content\/uploads\/2025\/05\/support-hydraulic-cylinder-for-crawler-crane-application-980x559.webp 980w, https:\/\/www.hydraulic-cylinders.net\/wp-content\/uploads\/2025\/05\/support-hydraulic-cylinder-for-crawler-crane-application-480x274.webp 480w\" sizes=\"(min-width: 0px) and (max-width: 480px) 480px, (min-width: 481px) and (max-width: 980px) 980px, (min-width: 981px) and (max-width: 1280px) 1280px, (min-width: 1281px) 1631px, 100vw\" \/><\/strong><\/h2>\n<ul>\n<li><strong>Ehitusprojektid:<\/strong>\u00a0T\u00f5steh\u00fcdrauliline silinder tagab raskete materjalide, n\u00e4iteks terastalade ja betoonplaatide t\u00e4pse t\u00f5stmise ehituses, mida toetab roomikkraana t\u00f5stesilinder raskete materjalide t\u00f5stmiseks.<\/li>\n<li><strong>Kaevandust\u00f6\u00f6d:<\/strong>\u00a0Kaevandamiseks loodud roomikkraana poomi h\u00fcdrauliline silinder s\u00e4ilitab t\u00e4psuse raskete koormate, n\u00e4iteks maagi, t\u00f5stmisel, mida t\u00e4iustab roomikkraana silinder t\u00e4pseks t\u00f5stmiseks.<\/li>\n<li><strong>T\u00f6\u00f6stuslikud rasked t\u00f5steseadmed:<\/strong>\u00a0Ideaalne t\u00f6\u00f6stuskeskkondadesse, vastupidav t\u00f5steh\u00fcdrauliline silinder tagab usaldusv\u00e4\u00e4rse koorma t\u00f5stmise tehastes ja suuremahulistes projektides, mis n\u00f5uavad roomikkraana kasutamist.<\/li>\n<\/ul>\n<\/section>\n<section id=\"explore-more\">\n<h2><strong>Avastage rohkem roomikkraanade silindreid:<\/strong><\/h2>\n<p>Pakume ka mitmesuguseid teisi roomikkraana silindreid, et rahuldada erinevaid t\u00f5stevajadusi. Olenemata sellest, kas vajate roomikkraana poomile h\u00fcdraulilist silindrit v\u00f5i t\u00e4pseks t\u00f5stmiseks m\u00f5eldud vastupidavat lahendust, Ever-Power Huachang Hydraulic pakub lahendust. Tutvuge meie t\u00e4ieliku valikuga. <a href=\"https:\/\/www.hydraulic-cylinders.net\/et\/mobile-crane-hydraulic-cylinders\/\">roomikkraana silindrid<\/a>.<\/p>\n<h2 dir=\"auto\"><strong>Kuidas parandavad roomikkraana h\u00fcdraulilised silindrid t\u00f5stet\u00f5husust?<\/strong><\/h2>\n<p dir=\"auto\">Roomikkraana t\u00f5steh\u00fcdraulilised silindrid parandavad t\u00f5stet\u00f5husust t\u00e4nu t\u00e4iustatud disainifunktsioonide ja vastupidava insenerit\u00f6\u00f6 kombinatsioonile, mis on kohandatud suure j\u00f5udlusega t\u00f5stet\u00f6\u00f6deks. Need t\u00f5steh\u00fcdraulilised silindrid on konstrueeritud t\u00e4pse ja v\u00f5imsa t\u00f5stej\u00f5u tagamiseks, v\u00f5imaldades roomikkraana poomi h\u00fcdrosilindril k\u00e4sitseda raskeid koormaid \u2013 n\u00e4iteks terastalad, betoonplaadid v\u00f5i kaevandusmaagid \u2013 minimaalse energiakaduga, mis on ehitus-, kaevandus- ja t\u00f6\u00f6stuskeskkonna tootlikkuse suurendamiseks kriitilise t\u00e4htsusega.<\/p>\n<p dir=\"auto\">Roomikkraana t\u00f5stesilinder raskete esemete t\u00f5stmiseks on valmistatud \u00fclitugevast legeerterasest ja korrosioonikindlast kattest, mis tagab vastupidavuse ja \u00fchtlase j\u00f5udluse isegi karmides keskkondades, n\u00e4iteks tolmusel maastikul v\u00f5i niisketes rannikualadel, v\u00e4hendades seel\u00e4bi hooldusest v\u00f5i kulumisest tingitud seisakuid. Maksimaalse t\u00f6\u00f6r\u00f5huga 350 baari ja kohandatavate valikutega, sealhulgas ava suurustega (180 mm kuni 300 mm) ja k\u00e4igupikkustega (1000 mm kuni 4000 mm), kohandub see vastupidav h\u00fcdrauliline silinder konkreetsete t\u00f5stevajadustega, optimeerides j\u00f5u rakendamist ja v\u00e4hendades roomikkraana silindri ts\u00fckliaegu t\u00e4pse t\u00f5stmise tagamiseks. T\u00e4iustatud tihendustehnoloogia integreerimine minimeerib sisemisi lekkeid ja h\u00f5\u00f5rdumist, suurendades veelgi efektiivsust, s\u00e4ilitades h\u00fcdraulilise vedeliku terviklikkuse ja sujuva t\u00f6\u00f6 erinevates tingimustes.<\/p>\n<p dir=\"auto\">Need silindrid \u00fchilduvad selliste mudelitega nagu Liebherr LR 1300, Manitowoc 14000 ja Kobelco CKE2500 ning on Ever-Power Huachang Hydraulic j\u00f5udluslaboris koormust\u00f5hususe ja sisemise lekke osas rangelt testitud, tagades tipptasemel t\u00f6\u00f6tulemuse. Lisaks v\u00e4hendab vastupidava t\u00f5steh\u00fcdraulilise silindri t\u00e4pne juhtimine \u00fclepingutust v\u00f5i koorma k\u00f5ikumist, v\u00f5imaldades operaatoritel t\u00f5steid kiiremini ja ohutumalt teostada, samas kui selle v\u00e4hese hooldusega disain \u2013 mida toetavad vastupidavad materjalid ja tihendid \u2013 tagab pikema kasutusea ja katkematu t\u00f6\u00f6voo. See tugevuse, t\u00e4psuse ja t\u00f6\u00f6kindluse s\u00fcnergia muudab roomikkraanade t\u00f5steh\u00fcdraulilised silindrid suurep\u00e4raseks valikuks t\u00f5stet\u00f5hususe maksimeerimiseks n\u00f5udlikes rakendustes.<\/p>\n<\/section>\n<section id=\"company-introduction\">\n<h2><strong>Ever-Power Huachang Hydraulic kohta:<\/strong><\/h2>\n<h2><img loading=\"lazy\" decoding=\"async\" class=\"alignnone size-full wp-image-16972\" src=\"https:\/\/www.hydraulic-cylinders.net\/wp-content\/uploads\/2025\/01\/hydraulic-cylinder-factory-1-scaled.webp\" alt=\"\" width=\"2016\" height=\"2560\" srcset=\"https:\/\/www.hydraulic-cylinders.net\/wp-content\/uploads\/2025\/01\/hydraulic-cylinder-factory-1-scaled.webp 2016w, https:\/\/www.hydraulic-cylinders.net\/wp-content\/uploads\/2025\/01\/hydraulic-cylinder-factory-1-1280x1625.webp 1280w, https:\/\/www.hydraulic-cylinders.net\/wp-content\/uploads\/2025\/01\/hydraulic-cylinder-factory-1-980x1244.webp 980w, https:\/\/www.hydraulic-cylinders.net\/wp-content\/uploads\/2025\/01\/hydraulic-cylinder-factory-1-480x610.webp 480w\" sizes=\"(min-width: 0px) and (max-width: 480px) 480px, (min-width: 481px) and (max-width: 980px) 980px, (min-width: 981px) and (max-width: 1280px) 1280px, (min-width: 1281px) 2016px, 100vw\" \/><\/h2>\n<p>Meil on tipptasemel s\u00f5ltumatu teadus- ja arendusplatvorm, mis on p\u00fchendatud montaa\u017eile, tagades meie tootmisprotsessides tipptasemel innovatsiooni ja kvaliteedi. Meie kahvelt\u00f5stukite silindrite tootmist\u00f6\u00f6kojas on neli poolautomaatset t\u00f5stesilindrite montaa\u017eiliini ja t\u00e4isautomaatne kallutussilindrite montaa\u017eiliin, mis on kokku projekteeritud tootma kuni miljon \u00fchikut aastas.<\/p>\n<p>Lisaks on meie spetsialiseeritud silindrite t\u00f6\u00f6koda varustatud erinevate spetsifikatsioonide jaoks kohandatud poolautomaatsete puhastus- ja montaa\u017eis\u00fcsteemidega, mille aastane tootmisv\u00f5imsus on 200 000 t\u00fckki. Kasutame tuntud CNC-seadmeid, t\u00f6\u00f6tluskeskusi ja spetsiaalseid t\u00f6\u00f6riistu \u00fclit\u00e4pseks h\u00fcdrauliliste silindrite t\u00f6\u00f6tlemiseks. Meie tehases on ka t\u00e4iustatud robotkeevitusseadmed, automaatsed puhastuss\u00fcsteemid ning t\u00e4isautomatiseeritud silindrite montaa\u017ei- ja v\u00e4rvimisliinid. \u00dcle 300 t\u00f6\u00f6korras oleva seadmega optimeerime ressursside jaotust ja tagame t\u00f5husa kasutamise, j\u00e4rgides rangeid t\u00e4psus- ja kvaliteedistandardeid.<\/p>\n<p>Meie mehaanikat\u00f6\u00f6kojas on kohandatud kaldr\u00f6\u00f6bastega treikeskused, mehaanikakeskused, kiired hoonimismasinad, keevitusrobotid ja muu oluline varustus. See seadistus v\u00f5imaldab meil t\u00f6\u00f6delda silindritorusid maksimaalse sisel\u00e4bim\u00f5\u00f5duga 400 mm ja pikkusega kuni 6 meetrit, suurendades veelgi meie tootmisv\u00f5imalusi.<\/p>\n<p>Meil on t\u00e4isautomaatne veebaasil v\u00e4rvimise liin, mis on spetsiaalselt loodud v\u00e4ikeste ja keskmiste balloonide jaoks ning millel on automatiseeritud laadimis-, mahalaadimis- ja pihustusrobotid. Selle tipptasemel s\u00fcsteemi tootmisv\u00f5imsus on 4000 \u00fchikut vahetuse kohta. Lisaks on meil poolautomaatne v\u00e4rvimisliin suurte balloonide jaoks, mida k\u00e4itab keti\u00fclekanne ja mille projekteeritud v\u00f5imsus on 60 kasti vahetuse kohta.<\/p>\n<h2><img loading=\"lazy\" decoding=\"async\" class=\"alignnone size-full wp-image-16973\" src=\"https:\/\/www.hydraulic-cylinders.net\/wp-content\/uploads\/2025\/01\/hydraulic-cylinder-factory-2-scaled.webp\" alt=\"\" width=\"2011\" height=\"2560\" srcset=\"https:\/\/www.hydraulic-cylinders.net\/wp-content\/uploads\/2025\/01\/hydraulic-cylinder-factory-2-scaled.webp 2011w, https:\/\/www.hydraulic-cylinders.net\/wp-content\/uploads\/2025\/01\/hydraulic-cylinder-factory-2-1280x1629.webp 1280w, https:\/\/www.hydraulic-cylinders.net\/wp-content\/uploads\/2025\/01\/hydraulic-cylinder-factory-2-980x1248.webp 980w, https:\/\/www.hydraulic-cylinders.net\/wp-content\/uploads\/2025\/01\/hydraulic-cylinder-factory-2-480x611.webp 480w\" sizes=\"(min-width: 0px) and (max-width: 480px) 480px, (min-width: 481px) and (max-width: 980px) 980px, (min-width: 981px) and (max-width: 1280px) 1280px, (min-width: 1281px) 2011px, 100vw\" \/><\/h2>\n<p>Toodete toimivuse parandamiseks ja oma juhtpositsiooni kindlustamiseks h\u00fcdrauliliste silindrite t\u00f6\u00f6stuses oleme teinud koost\u00f6\u00f6d ZJIMEE-ga, et luua terviklik j\u00f5udluslabor, mis on p\u00fchendatud h\u00fcdraulilistele silindritele, ventiilidele ja pumpadele. See t\u00e4iustatud labor kasutab arvutip\u00f5hist testimist elektroh\u00fcdraulilise tehnoloogiaga, v\u00f5imaldades eelseadistatud katsetingimusi, mis parandavad t\u00e4psust ja s\u00fcsteemi mitmek\u00fclgsust. Automatiseeritud andmekogumisprotsess kasutab andureid v\u00e4ljundandmete, n\u00e4iteks sisemise lekke ja koormuse efektiivsuse kogumiseks, mis seej\u00e4rel t\u00f6\u00f6deldakse arvuti abil ja teisendatakse standard\u00fchikuteks (ml\/min%).<\/p>\n<p>Lisaks rakendame oma h\u00fcdraulikas\u00fcsteemide ohutuse tagamiseks peamiste j\u00f5udlusparameetrite, sealhulgas \u00f5li temperatuuri, vedeliku taseme ja filtriseadme oleku j\u00e4lgimist. Meie h\u00fcdrauliliste silindrite katsestend suudab t\u00e4psete n\u00e4itude abil hinnata \u201ekoormuse efektiivsust\u201c ja \u201esisemist leket\u201c. See on varustatud ka riiklikele standarditele vastava v\u00f5rega m\u00f5\u00f5tevahendiga, mis tagab vastavuse k\u00f5igile h\u00fcdrauliliste silindrite toodete testimisn\u00f5uetele.<\/p>\n<p>Roomikkraanade h\u00fcdraulilised silindrid n\u00e4itavad meie p\u00fchendumust kvaliteedile ja j\u00f5udlusele, olles loodud roomikkraanade poomi t\u00f5stmiseks m\u00f5eldud vastupidavate h\u00fcdrauliliste silindritena, eriti Liebherri, Manitowoci ja Kobelco mudelitele. Meie tooted on saanud usalduse suurte seadmete tootjate poolt \u00fcle maailma ning on teeninud v\u00e4lja tugeva maine oma t\u00f6\u00f6kindluse poolest ning Ever-Power Huachang Hydraulic on tunnustatud h\u00fcdrauliliste silindrite tootmise liidrina.<\/p>\n<\/section>","protected":false},"excerpt":{"rendered":"<p>Lift Hydraulic Cylinders for Crawler Crane The Lift Hydraulic Cylinders for Crawler Crane, meticulously designed by Ever-Power Huachang Hydraulic, are engineered to deliver exceptional lifting power and precision for crawler crane operations, compatible with models like Liebherr LR 1300, Manitowoc 14000, and Kobelco CKE2500. This hydraulic cylinder for crawler crane boom ensures seamless and controlled [&hellip;]<\/p>","protected":false},"featured_media":20158,"comment_status":"open","ping_status":"closed","template":"","meta":{"_et_pb_use_builder":"","_et_pb_old_content":"","_et_gb_content_width":""},"product_brand":[],"product_cat":[1514],"product_tag":[],"class_list":{"0":"post-20148","1":"product","2":"type-product","3":"status-publish","4":"has-post-thumbnail","6":"product_cat-mobile-crane-hydraulic-cylinders","8":"first","9":"instock","10":"shipping-taxable","11":"product-type-simple"},"amp_enabled":true,"_links":{"self":[{"href":"https:\/\/www.hydraulic-cylinders.net\/et\/wp-json\/wp\/v2\/product\/20148","targetHints":{"allow":["GET"]}}],"collection":[{"href":"https:\/\/www.hydraulic-cylinders.net\/et\/wp-json\/wp\/v2\/product"}],"about":[{"href":"https:\/\/www.hydraulic-cylinders.net\/et\/wp-json\/wp\/v2\/types\/product"}],"replies":[{"embeddable":true,"href":"https:\/\/www.hydraulic-cylinders.net\/et\/wp-json\/wp\/v2\/comments?post=20148"}],"wp:featuredmedia":[{"embeddable":true,"href":"https:\/\/www.hydraulic-cylinders.net\/et\/wp-json\/wp\/v2\/media\/20158"}],"wp:attachment":[{"href":"https:\/\/www.hydraulic-cylinders.net\/et\/wp-json\/wp\/v2\/media?parent=20148"}],"wp:term":[{"taxonomy":"product_brand","embeddable":true,"href":"https:\/\/www.hydraulic-cylinders.net\/et\/wp-json\/wp\/v2\/product_brand?post=20148"},{"taxonomy":"product_cat","embeddable":true,"href":"https:\/\/www.hydraulic-cylinders.net\/et\/wp-json\/wp\/v2\/product_cat?post=20148"},{"taxonomy":"product_tag","embeddable":true,"href":"https:\/\/www.hydraulic-cylinders.net\/et\/wp-json\/wp\/v2\/product_tag?post=20148"}],"curies":[{"name":"wp","href":"https:\/\/api.w.org\/{rel}","templated":true}]}}