{"id":20173,"date":"2025-05-12T02:57:12","date_gmt":"2025-05-12T02:57:12","guid":{"rendered":"https:\/\/www.hydraulic-cylinders.net\/?post_type=product&#038;p=20173"},"modified":"2025-05-12T05:09:56","modified_gmt":"2025-05-12T05:09:56","slug":"luffing-hydraulic-cylinders-for-telescopic-crawler-crane","status":"publish","type":"product","link":"https:\/\/www.hydraulic-cylinders.net\/et\/toode\/luffing-hydraulic-cylinders-for-telescopic-crawler-crane\/","title":{"rendered":"Teleskoop-roomikkraana h\u00fcdraulilised silindrid"},"content":{"rendered":"<h1 style=\"text-align: center;\"><strong>Teleskoop-roomikkraana h\u00fcdraulilised silindrid<\/strong><\/h1>\n<p><img loading=\"lazy\" decoding=\"async\" class=\"wp-image-20174 aligncenter\" src=\"https:\/\/www.hydraulic-cylinders.net\/wp-content\/uploads\/2025\/05\/luffing-hydraulic-cylinder-for-telescopic.webp\" alt=\"Teleskoop-roomikkraana h\u00fcdrauliline silinder\" width=\"500\" height=\"500\" srcset=\"https:\/\/www.hydraulic-cylinders.net\/wp-content\/uploads\/2025\/05\/luffing-hydraulic-cylinder-for-telescopic.webp 500w, https:\/\/www.hydraulic-cylinders.net\/wp-content\/uploads\/2025\/05\/luffing-hydraulic-cylinder-for-telescopic-480x480.webp 480w\" sizes=\"(min-width: 0px) and (max-width: 480px) 480px, (min-width: 481px) 500px, 100vw\" \/><\/p>\n<section id=\"introduction\">Ever-Power Huachang Hydraulic teleskoop-roomikkraana t\u00f5steh\u00fcdraulilised silindrid on t\u00e4iustatud h\u00fcdraulilised silindrid teleskoop-roomikkraana lahendustele, mis on loodud poomi nurga t\u00e4pseks juhtimiseks. See t\u00f5steh\u00fcdrauliline silinder, mis \u00fchildub mudelitega, t\u00e4iustab teleskoopkraana t\u00f5steoperatsioone ehituses, kaevanduses ja t\u00f6\u00f6stuskeskkonnas. Vastupidavaks konstrueeritud roomikkraana h\u00fcdrauliline silinder pakub vastupidavat h\u00fcdraulilist silindrit, mis on loodud n\u00f5udlike \u00fclesannete h\u00f5lpsaks t\u00e4itmiseks.<\/section>\n<section id=\"specifications\">\n<h2><strong>Tehnilised andmed:<\/strong><\/h2>\n<p><img loading=\"lazy\" decoding=\"async\" class=\"aligncenter wp-image-20176 size-full\" src=\"https:\/\/www.hydraulic-cylinders.net\/wp-content\/uploads\/2025\/05\/telescopic-crawler-crane.webp\" alt=\"Teleskoop-roomikkraana ehitus\" width=\"640\" height=\"358\" srcset=\"https:\/\/www.hydraulic-cylinders.net\/wp-content\/uploads\/2025\/05\/telescopic-crawler-crane.webp 640w, https:\/\/www.hydraulic-cylinders.net\/wp-content\/uploads\/2025\/05\/telescopic-crawler-crane-480x269.webp 480w\" sizes=\"(min-width: 0px) and (max-width: 480px) 480px, (min-width: 481px) 640px, 100vw\" \/><\/p>\n<p><strong>Funktsioon:<\/strong> Kontrolli p\u00f5hik\u00e4e liikumist<br \/>\n<strong>Silindri l\u00e4bim\u00f5\u00f5t:<\/strong> 220\u2013320 mm<br \/>\n<strong>Varda l\u00e4bim\u00f5\u00f5t:<\/strong> 180\u2013280 mm<br \/>\n<strong>Reisimine:<\/strong> 2000\u20134000 mm<br \/>\n<strong>Maksimaalne r\u00f5hk:<\/strong> 32MPa<br \/>\n<strong>Maksimaalne t\u00f5ukej\u00f5ud:<\/strong> 2574KN<\/p>\n<\/section>\n<section id=\"features\">\n<h2><strong>Teleskoop-roomikkraana luffing-h\u00fcdrauliliste silindrite p\u00f5hijooned:<\/strong><\/h2>\n<ul>\n<li><strong>T\u00e4pne kallutuskontroll:<\/strong> Teleskoop-roomikkraanade h\u00fcdraulilised silindrid v\u00f5imaldavad t\u00e4pset poomi nurga reguleerimist, muutes selle teleskoopkraana silindri ideaalseks t\u00f5stmiseks kitsastes ruumides ja keerulisel maastikul.<\/li>\n<li><strong>Vastupidav konstruktsioon:<\/strong>\u00a0See teleskoop-roomikkraana h\u00fcdrauliline silinder on valmistatud \u00fclitugevast legeerterasest ja korrosioonikindlast kattest, mis talub karme keskkondi, tagades pikaajalise j\u00f5udluse kraanade tugeva t\u00f5stesilindrina.<\/li>\n<li><strong>Kohandatav disain:<\/strong>\u00a0Reguleeritava k\u00e4igupikkuse ja ava suurusega roomikkraana h\u00fcdrauliline silinder, millel on kalde reguleerimine, kohandub erinevate teleskoopkraana t\u00f5stevajadustega, suurendades t\u00f6\u00f6paindlikkust.<\/li>\n<li><strong>K\u00f5rgsurve efektiivsus:<\/strong>\u00a0See kuni 400 baari r\u00f5hule konstrueeritud h\u00fcdrauliline silinder tagab usaldusv\u00e4\u00e4rse v\u00f5imsuse raskeveokite h\u00fcdrauliliste silindrite rakenduste jaoks, minimeerides seisakuid kraana t\u00f6\u00f6tamise ajal.<\/li>\n<\/ul>\n<\/section>\n<section id=\"applications\">\n<h2><strong>Teleskoop-roomikkraana luffing-h\u00fcdrauliliste silindrite rakendused:<\/strong><\/h2>\n<p><img loading=\"lazy\" decoding=\"async\" class=\"alignnone size-full wp-image-20177\" src=\"https:\/\/www.hydraulic-cylinders.net\/wp-content\/uploads\/2025\/05\/luffing-hydraulic-cylinders-for-telescopic-crawler-crane-application.webp\" alt=\"Teleskoop-roomikkraana h\u00fcdraulilised silindrid\" width=\"1077\" height=\"616\" srcset=\"https:\/\/www.hydraulic-cylinders.net\/wp-content\/uploads\/2025\/05\/luffing-hydraulic-cylinders-for-telescopic-crawler-crane-application.webp 1077w, https:\/\/www.hydraulic-cylinders.net\/wp-content\/uploads\/2025\/05\/luffing-hydraulic-cylinders-for-telescopic-crawler-crane-application-980x561.webp 980w, https:\/\/www.hydraulic-cylinders.net\/wp-content\/uploads\/2025\/05\/luffing-hydraulic-cylinders-for-telescopic-crawler-crane-application-480x275.webp 480w\" sizes=\"(min-width: 0px) and (max-width: 480px) 480px, (min-width: 481px) and (max-width: 980px) 980px, (min-width: 981px) 1077px, 100vw\" \/><\/p>\n<ul>\n<li><strong>K\u00f5rghoonete ehitusprojektid:<\/strong> Teleskoop-roomikkraanade kallutush\u00fcdraulilised silindrid sobivad suurep\u00e4raselt k\u00f5rghoonete, n\u00e4iteks pilvel\u00f5hkujate ja sildade ehitamiseks, pakkudes teleskoop-roomikkraana silindri asendajat t\u00e4pseks koorma positsioneerimiseks. Roomikkraana kallutusjuhtimisega h\u00fcdrosilindriga tagab see t\u00e4pse poomi reguleerimise kitsastes linnatingimustes, suurendades ohutust ja tootlikkust operaatoritele, kes k\u00e4itlevad raskeid materjale, nagu terastalad ja monteeritavad betoonpaneelid.<\/li>\n<li><strong>Kaevandust\u00f6\u00f6d ebatasasel maastikul:<\/strong>\u00a0See teleskoopkraana t\u00f5stmiseks m\u00f5eldud h\u00fcdrosilinder, mis on loodud k\u00f5ige raskemate kaevanduskeskkondade jaoks, tagab stabiilse ja kontrollitud poomi reguleerimise raskete koormate, n\u00e4iteks maagi v\u00f5i suurte seadmete k\u00e4sitsemisel ebatasasel maastikul. Kraanade vastupidav kallutussilinder talub abrasiivseid tingimusi, nagu tolm ja niiskus, pakkudes usaldusv\u00e4\u00e4rset roomikkraana h\u00fcdrosilindri lahendust, mis suurendab t\u00f6\u00f6 efektiivsust ja minimeerib seisakuid kaugemates kaevanduskohtades.<\/li>\n<li><strong>T\u00f6\u00f6stuslik t\u00f5stmine rasket\u00f6\u00f6stuses:<\/strong>\u00a0Ideaalne t\u00f6\u00f6stuslikeks rakendusteks, nagu elektrijaamade hooldus ja laevatehaste t\u00f6\u00f6, h\u00f5lbustab teleskoopkraana silinder \u00fclegabariidiliste koormate, n\u00e4iteks turbiinide v\u00f5i konteinerite, ohutut ja t\u00f5husat k\u00e4sitsemist. T\u00f5stetav h\u00fcdrauliline silinder pakub sujuvat juhtimist keerukate t\u00f5stet\u00f6\u00f6de jaoks, mida toetab vastupidav h\u00fcdraulilise silindri disain, mis tagab vastupidavuse ja t\u00e4psuse keerulistes tingimustes, parandades t\u00f6\u00f6voogu k\u00f5rge riskiga t\u00f6\u00f6stuskeskkondades.<\/li>\n<\/ul>\n<\/section>\n<section id=\"explore-more\">\n<h2><strong>Avastage rohkem roomikkraanade silindreid:<\/strong><\/h2>\n<p dir=\"auto\">Pakume laia valikut roomikkraana silindreid, et rahuldada laia valikut t\u00f5steseadmeid. Alates teleskoopkraana t\u00f5stmiseks m\u00f5eldud h\u00fcdraulilistest silindritest kuni kraanade raskeveokite t\u00f5stesilindriteni pakub Ever-Power Huachang Hydraulic teie vajadustele vastavaid lahendusi. Avastage meie t\u00e4ielik tootevalik. <a href=\"https:\/\/www.hydraulic-cylinders.net\/et\/mobile-crane-hydraulic-cylinders\/\">roomikkraana silindrid<\/a> et leida oma kraanat\u00f6\u00f6de jaoks ideaalne lahendus.<\/p>\n<h2 class=\"header-jfw95c auto-hide-last-sibling-br\"><strong>Millised on teleskoop-roomikkraanade h\u00fcdrauliliste silindrite tavalised hooldusvahendid?<\/strong><\/h2>\n<ul class=\"auto-hide-last-sibling-br\">\n<li><strong>Regulaarsed kontrollid<\/strong>Kontrollige visuaalselt h\u00fcdraulilisi t\u00f5stesilindriid kahjustuste, lekete v\u00f5i liigse kulumise suhtes. Uurige silindri \u00fcmber olevaid \u00f5litihendeid kahjustatud tihendite, painutatud varraste v\u00f5i muude n\u00e4htavate probleemide suhtes. Samuti kontrollige h\u00fcdraulikavoolikuid ja \u00fchendusi kulumise, pragude v\u00f5i lekete suhtes.<\/li>\n<li><strong>Vedeliku taseme kontroll<\/strong>J\u00e4lgige regulaarselt h\u00fcdraulikavedeliku taset s\u00fcsteemis, et see oleks tootja soovituste kohaselt \u00f5igel tasemel. Kui vedeliku tase on madal, lisage etten\u00e4htud koguses h\u00fcdraulikavedelikku.<\/li>\n<li><strong>Vedeliku kvaliteet<\/strong>Kontrollige h\u00fcdraulikavedeliku kvaliteeti ja seisukorda. Otsige saastumise m\u00e4rke, n\u00e4iteks mustust, vett v\u00f5i prahti. Kui vedelik tundub h\u00e4gune v\u00f5i saastunud, v\u00f5ib see vajada t\u00fchjendamist ja asendamist.<\/li>\n<li><strong>Komponentide m\u00e4\u00e4rimine<\/strong>M\u00e4\u00e4rige h\u00fcdraulilise t\u00f5stesilindri liikuvaid osi vastavalt tootja soovitustele. See v\u00f5ib h\u00f5lmata m\u00e4\u00e4rde pealekandmist teatud punktidele, n\u00e4iteks p\u00f6\u00f6rdliigenditele v\u00f5i varraste otstele, et tagada sujuv t\u00f6\u00f6 ja v\u00e4hendada h\u00f5\u00f5rdumist.<\/li>\n<li><strong>Tihendi kontroll ja vahetamine<\/strong>H\u00fcdraulilistes t\u00f5stesilindrites kasutatakse tihendeid vedeliku lekete v\u00e4ltimiseks ja s\u00fcsteemi terviklikkuse s\u00e4ilitamiseks. Kontrollige tihendeid regulaarselt kulumise, kahjustuste v\u00f5i lekke tunnuste suhtes. Kui m\u00f5ni tihend on kahjustatud, tuleks see viivitamatult v\u00e4lja vahetada, et v\u00e4ltida vedeliku kadu ja v\u00f5imalikku silindri riket.<\/li>\n<\/ul>\n<\/section>\n<section id=\"company-introduction\">\n<h2><strong>Ever-Power Huachang Hydraulic kohta:<\/strong><\/h2>\n<h2><img loading=\"lazy\" decoding=\"async\" class=\"alignnone size-full wp-image-16972\" src=\"https:\/\/www.hydraulic-cylinders.net\/wp-content\/uploads\/2025\/01\/hydraulic-cylinder-factory-1-scaled.webp\" alt=\"\" width=\"2016\" height=\"2560\" srcset=\"https:\/\/www.hydraulic-cylinders.net\/wp-content\/uploads\/2025\/01\/hydraulic-cylinder-factory-1-scaled.webp 2016w, https:\/\/www.hydraulic-cylinders.net\/wp-content\/uploads\/2025\/01\/hydraulic-cylinder-factory-1-1280x1625.webp 1280w, https:\/\/www.hydraulic-cylinders.net\/wp-content\/uploads\/2025\/01\/hydraulic-cylinder-factory-1-980x1244.webp 980w, https:\/\/www.hydraulic-cylinders.net\/wp-content\/uploads\/2025\/01\/hydraulic-cylinder-factory-1-480x610.webp 480w\" sizes=\"(min-width: 0px) and (max-width: 480px) 480px, (min-width: 481px) and (max-width: 980px) 980px, (min-width: 981px) and (max-width: 1280px) 1280px, (min-width: 1281px) 2016px, 100vw\" \/><\/h2>\n<p dir=\"auto\">Ever-Power Huachang Hydraulic on t\u00f6\u00f6stusharu juhtiv ettev\u00f5te oma t\u00e4iustatud teadus- ja arendusplatvormiga, mis keskendub uuenduslikele h\u00fcdrauliliste silindrite lahendustele. Meie asjatundlikud insenerid arendavad k\u00f5rgj\u00f5udlusega komponente, tagades tipptasemel kvaliteedi selliste rakenduste jaoks nagu autokraanad ja teleskoop-roomikkraanad.<\/p>\n<p dir=\"auto\">Meie kaasaegne tootmis\u00fcksus \u00fchendab automatiseeritud montaa\u017eiliinid ja t\u00e4ppist\u00f6\u00f6tluse, tootes aastas kuni 1 miljon silindrit. Spetsiaalsete puhastus-, montaa\u017ei- ja katmist\u00f6\u00f6kodadega pakume vastupidavaid silindreid, mis on kohandatud erinevatele spetsifikatsioonidele, suurendades tegevuse efektiivsust.<\/p>\n<h2><img loading=\"lazy\" decoding=\"async\" class=\"alignnone size-full wp-image-16973\" src=\"https:\/\/www.hydraulic-cylinders.net\/wp-content\/uploads\/2025\/01\/hydraulic-cylinder-factory-2-scaled.webp\" alt=\"\" width=\"2011\" height=\"2560\" srcset=\"https:\/\/www.hydraulic-cylinders.net\/wp-content\/uploads\/2025\/01\/hydraulic-cylinder-factory-2-scaled.webp 2011w, https:\/\/www.hydraulic-cylinders.net\/wp-content\/uploads\/2025\/01\/hydraulic-cylinder-factory-2-1280x1629.webp 1280w, https:\/\/www.hydraulic-cylinders.net\/wp-content\/uploads\/2025\/01\/hydraulic-cylinder-factory-2-980x1248.webp 980w, https:\/\/www.hydraulic-cylinders.net\/wp-content\/uploads\/2025\/01\/hydraulic-cylinder-factory-2-480x611.webp 480w\" sizes=\"(min-width: 0px) and (max-width: 480px) 480px, (min-width: 481px) and (max-width: 980px) 980px, (min-width: 981px) and (max-width: 1280px) 1280px, (min-width: 1281px) 2011px, 100vw\" \/><\/h2>\n<p dir=\"auto\">Meie jaoks on kvaliteet esmat\u00e4htis spetsiaalse testimislabori kaudu koost\u00f6\u00f6s ZJIMEE-ga, kus arvuti abil teostatavat elektroh\u00fcdraulilist testimist kasutatakse j\u00f5udlusn\u00e4itajate, n\u00e4iteks koormuse efektiivsuse ja sisemise lekke m\u00f5\u00f5tmiseks. See tagab, et meie tooted vastavad rangetele rahvusvahelistele ohutus- ja t\u00f6\u00f6kindluse standarditele.<\/p>\n<p dir=\"auto\">Autokraanade vastukaaluks m\u00f5eldud h\u00fcdraulilised silindrid on n\u00e4ide meie p\u00fchendumusest tipptasemele, olles loodud vastupidavate h\u00fcdrauliliste silindritena sellistele mudelitele nagu Terex ja Grove. \u00dclemaailmselt usaldusv\u00e4\u00e4rne Ever-Power Huachang Hydraulic on h\u00fcdrauliliste silindrite tootmise tunnustatud liider.<\/p>\n<\/section>","protected":false},"excerpt":{"rendered":"<p>Luffing Hydraulic Cylinders for Telescopic Crawler Crane The luffing hydraulic cylinders for telescopic crawler crane from ever-power huachang hydraulic are advanced hydraulic cylinder for telescopic crawler crane solutions, designed to control boom angle with precision. Compatible with models, this luffing hydraulic cylinder enhances telescopic crane lifting operations in construction, mining, and industrial settings. Engineered for [&hellip;]<\/p>","protected":false},"featured_media":20175,"comment_status":"open","ping_status":"closed","template":"","meta":{"_et_pb_use_builder":"","_et_pb_old_content":"","_et_gb_content_width":""},"product_brand":[],"product_cat":[1514],"product_tag":[],"class_list":{"0":"post-20173","1":"product","2":"type-product","3":"status-publish","4":"has-post-thumbnail","6":"product_cat-mobile-crane-hydraulic-cylinders","8":"first","9":"instock","10":"shipping-taxable","11":"product-type-simple"},"amp_enabled":true,"_links":{"self":[{"href":"https:\/\/www.hydraulic-cylinders.net\/et\/wp-json\/wp\/v2\/product\/20173","targetHints":{"allow":["GET"]}}],"collection":[{"href":"https:\/\/www.hydraulic-cylinders.net\/et\/wp-json\/wp\/v2\/product"}],"about":[{"href":"https:\/\/www.hydraulic-cylinders.net\/et\/wp-json\/wp\/v2\/types\/product"}],"replies":[{"embeddable":true,"href":"https:\/\/www.hydraulic-cylinders.net\/et\/wp-json\/wp\/v2\/comments?post=20173"}],"wp:featuredmedia":[{"embeddable":true,"href":"https:\/\/www.hydraulic-cylinders.net\/et\/wp-json\/wp\/v2\/media\/20175"}],"wp:attachment":[{"href":"https:\/\/www.hydraulic-cylinders.net\/et\/wp-json\/wp\/v2\/media?parent=20173"}],"wp:term":[{"taxonomy":"product_brand","embeddable":true,"href":"https:\/\/www.hydraulic-cylinders.net\/et\/wp-json\/wp\/v2\/product_brand?post=20173"},{"taxonomy":"product_cat","embeddable":true,"href":"https:\/\/www.hydraulic-cylinders.net\/et\/wp-json\/wp\/v2\/product_cat?post=20173"},{"taxonomy":"product_tag","embeddable":true,"href":"https:\/\/www.hydraulic-cylinders.net\/et\/wp-json\/wp\/v2\/product_tag?post=20173"}],"curies":[{"name":"wp","href":"https:\/\/api.w.org\/{rel}","templated":true}]}}