{"id":20179,"date":"2025-05-12T03:33:34","date_gmt":"2025-05-12T03:33:34","guid":{"rendered":"https:\/\/www.hydraulic-cylinders.net\/?post_type=product&#038;p=20179"},"modified":"2025-05-12T05:20:15","modified_gmt":"2025-05-12T05:20:15","slug":"counterweight-hydraulic-cylinders-for-car-crane","status":"publish","type":"product","link":"https:\/\/www.hydraulic-cylinders.net\/et\/toode\/counterweight-hydraulic-cylinders-for-car-crane\/","title":{"rendered":"Autokraana vastukaalu h\u00fcdraulilised silindrid"},"content":{"rendered":"<h1 style=\"text-align: center;\"><strong>Autokraana vastukaalu h\u00fcdraulilised silindrid<\/strong><\/h1>\n<p><img loading=\"lazy\" decoding=\"async\" class=\"wp-image-20180 aligncenter\" src=\"https:\/\/www.hydraulic-cylinders.net\/wp-content\/uploads\/2025\/05\/counterweight-hydraulic-cylinder-for-car-crane-scaled.webp\" alt=\"Autokraana vastukaalu h\u00fcdrauliline silinder\" width=\"500\" height=\"500\" \/><\/p>\n<section id=\"introduction\">Ever-Power Huachang Hydraulic valmistatud autokraana vastukaaluks m\u00f5eldud h\u00fcdraulilised silindrid on t\u00e4ppiskonstruktsiooniga tasakaalustussilindrid, mis tagavad optimaalse stabiilsuse ja ohutuse raskete t\u00f5stet\u00f6\u00f6de ajal. See autokraana h\u00fcdrauliline silinder, mis on loodud sujuvaks \u00fchilduvuseks juhtivate autokraana mudelitega, parandab koormuse haldamist linnaehituses, logistikas ja t\u00f6\u00f6stuskeskkondades. Tugeva h\u00fcdrosilindrina talub see kuni 320 baari suurust r\u00f5hku, pakkudes usaldusv\u00e4\u00e4rset j\u00f5udlust t\u00f5stet\u00f6\u00f6del, minimeerides samal ajal \u00fcmberkukkumisohtu. Olenemata sellest, kas k\u00e4sitsete teraskonstruktsioone v\u00f5i raskeid masinaid, pakub see autokraana silinder teie kraanat\u00f6\u00f6deks v\u00f5rratut vastupidavust ja kontrolli.<\/section>\n<section id=\"specifications\">\n<h2><strong>Tehnilised andmed:<\/strong><\/h2>\n<p><strong>Funktsioon:<\/strong> Kontrolli vastukaalu tegevust<br \/>\n<strong>Silindri l\u00e4bim\u00f5\u00f5t:<\/strong> 160\u2013180 mm<br \/>\n<strong>Varda l\u00e4bim\u00f5\u00f5t:<\/strong> 90\u2013150 mm<br \/>\n<strong>Reisimine:<\/strong> 180 mm\u2013400 mm<br \/>\n<strong>Maksimaalne r\u00f5hk:<\/strong> 25MPa<br \/>\n<strong>Maksimaalne t\u00f5ukej\u00f5ud:<\/strong> 1540KN<\/p>\n<\/section>\n<section id=\"features\">\n<h2><strong>Autokraana vastukaalu h\u00fcdrauliliste silindrite p\u00f5hijooned:<\/strong><\/h2>\n<ul>\n<li><strong>\u00dclim koormuse tasakaalustamise t\u00e4psus:<\/strong> Autokraana vastukaalu h\u00fcdraulilised silindrid on varustatud t\u00e4iustatud tasakaalustussilindrite disainiga, mis tagab \u00fchtlase kaalujaotuse, pakkudes autokraana silindrite t\u00f6\u00f6tamisel erakordset stabiilsust suure kandev\u00f5imega t\u00f5stete ajal linnakeskkonnas.<\/li>\n<li><strong>Vastupidav konstruktsioon:<\/strong>\u00a0See autokraana h\u00fcdrosilinder on valmistatud \u00fclitugevast terasest ja korrosioonivastase t\u00f6\u00f6tlusega, mis on vastupidav niiskusele ja tolmule ning on usaldusv\u00e4\u00e4rne ja vastupidav vastukaalusilindriks kraanadele rasketes tingimustes.<\/li>\n<li><strong>Kohandatav erinevate vajaduste jaoks:<\/strong>\u00a0Reguleeritava ava suuruse ja k\u00e4igupikkusega saab seda koormuse tasakaalustamiseks m\u00f5eldud autokraana silindrit kohandada konkreetsetele t\u00f5sten\u00f5uetele, pakkudes paindlikkust mitmesuguste kraanamudelite ja rakenduste jaoks, alates ehitusest kuni logistikani.<\/li>\n<li><strong>Optimeeritud k\u00f5rgsurve j\u00f5udluseks:<\/strong>\u00a0See vastukaaluga h\u00fcdrosilinder, mis on konstrueeritud t\u00f6\u00f6tama t\u00f5husalt kuni 320 baari r\u00f5hu juures, pakub \u00fchtlast v\u00f5imsust minimaalse energiakaduga, tagades sujuva ja ohutu t\u00f5stmise ning v\u00e4hendades tegevuskulusid.<\/li>\n<li><strong>Madal hooldus ja pikk eluiga:<\/strong>\u00a0T\u00e4iustatud tihendustehnoloogia ja t\u00e4ppist\u00f6\u00f6tlusega see vastupidav h\u00fcdrosilinder minimeerib lekkeid ja kulumist, v\u00e4hendades hooldusvajadust ja pikendades teie autokraana kasutusiga isegi sagedase kasutamise korral.<\/li>\n<\/ul>\n<\/section>\n<section id=\"applications\">\n<h2><strong>Autokraana vastukaalu h\u00fcdrauliliste silindrite rakendused:<\/strong><\/h2>\n<h2><strong><img loading=\"lazy\" decoding=\"async\" class=\"alignnone size-full wp-image-20183\" src=\"https:\/\/www.hydraulic-cylinders.net\/wp-content\/uploads\/2025\/05\/counterweight-hydraulic-cylinder-for-car-crane-application.webp\" alt=\"\" width=\"1080\" height=\"617\" srcset=\"https:\/\/www.hydraulic-cylinders.net\/wp-content\/uploads\/2025\/05\/counterweight-hydraulic-cylinder-for-car-crane-application.webp 1080w, https:\/\/www.hydraulic-cylinders.net\/wp-content\/uploads\/2025\/05\/counterweight-hydraulic-cylinder-for-car-crane-application-980x560.webp 980w, https:\/\/www.hydraulic-cylinders.net\/wp-content\/uploads\/2025\/05\/counterweight-hydraulic-cylinder-for-car-crane-application-480x274.webp 480w\" sizes=\"(min-width: 0px) and (max-width: 480px) 480px, (min-width: 481px) and (max-width: 980px) 980px, (min-width: 981px) 1080px, 100vw\" \/><\/strong><\/h2>\n<ul>\n<li><strong>Linnaehitus k\u00f5rghoonete projektide jaoks:<\/strong> Autokraana vastukaaluks m\u00f5eldud h\u00fcdraulilised silindrid sobivad ideaalselt linnaehitust\u00f6\u00f6deks, n\u00e4iteks k\u00f5rghoonete teraskarkasside kokkupanekuks v\u00f5i monteeritavate paneelide paigaldamiseks. See autokraana t\u00f6\u00f6ks m\u00f5eldud tasakaalustussilinder tagab t\u00e4pse koorma haldamise kitsastes ruumides, suurendades ohutust ja v\u00e4hendades \u00fcmberkukkumisohtu raskete t\u00f5stete ajal.<\/li>\n<li><strong>Logistika ja raskete kaupade k\u00e4itlemine:<\/strong>\u00a0Logistikaoperatsioonides toetab see autokraana stabiilsuse h\u00fcdrauliline silinder raskete kaupade, n\u00e4iteks konteinerite ja suurte kaubaaluste ohutut ja t\u00f5husat liigutamist ladudes v\u00f5i sadamates. Autokraana koorma tasakaalustamise silinder parandab kraana man\u00f6\u00f6verdusv\u00f5imet, suurendades tootlikkust kiire tempoga keskkondades.<\/li>\n<li><strong>T\u00f6\u00f6stuslik montaa\u017e tootmisettev\u00f5tetes:<\/strong>\u00a0See vastukaaluga h\u00fcdrauliline silinder sobib ideaalselt t\u00f6\u00f6stuskeskkondadesse, n\u00e4iteks autot\u00f6\u00f6stusesse v\u00f5i masinaehitusse, h\u00f5lbustades raskete komponentide, n\u00e4iteks konveieripresside v\u00f5i mootoriplokkide t\u00e4pset positsioneerimist. Kraanade tugeva vastukaaluga silindrina tagab see stabiilse ja kontrollitud t\u00f5ste, sujuvamaks muutes tehase t\u00f6\u00f6vooge.<\/li>\n<\/ul>\n<\/section>\n<section id=\"explore-more\">\n<h2><strong>Avastage rohkem autokraana silindreid:<\/strong><\/h2>\n<p>Pakume laia valikut autokraana silindreid, et rahuldada erinevaid t\u00f5stevajadusi. Olenemata sellest, kas vajate h\u00fcdraulilist silindrit autokraana stabiilsuse tagamiseks v\u00f5i tugevat vastukaalu silindrit kraanadele, pakub Ever-Power Huachang Hydraulic kohandatud lahendusi. Avastage meie t\u00e4ielik kollektsioon... <a href=\"https:\/\/www.hydraulic-cylinders.net\/et\/mobile-crane-hydraulic-cylinders\/\">autokraana silindrid<\/a>.<\/p>\n<\/section>\n<div class=\"container-hfX5E8 flow-markdown-body theme-samantha-yJEgBp\" dir=\"ltr\" data-testid=\"message_text_content\" data-show-indicator=\"false\">\n<h2 class=\"header-jfw95c auto-hide-last-sibling-br\"><strong>Millised on vastukaalu h\u00fcdraulilise silindri kasutamise peamised eelised kraanas?<\/strong><\/h2>\n<div class=\"auto-hide-last-sibling-br paragraph-qzbcQC paragraph-element br-paragraph-space\">Vastukaalu h\u00fcdrosilindri kasutamine kraanas pakub mitmeid olulisi eeliseid:<\/div>\n<h3><strong>T\u00e4iustatud stabiilsus<\/strong>:<\/h3>\n<h3><img loading=\"lazy\" decoding=\"async\" class=\"aligncenter wp-image-20184 size-full\" src=\"https:\/\/www.hydraulic-cylinders.net\/wp-content\/uploads\/2025\/05\/counterweight-hydraulic-cylinder-for-car-crane-1-1.webp\" alt=\"\" width=\"580\" height=\"326\" srcset=\"https:\/\/www.hydraulic-cylinders.net\/wp-content\/uploads\/2025\/05\/counterweight-hydraulic-cylinder-for-car-crane-1-1.webp 580w, https:\/\/www.hydraulic-cylinders.net\/wp-content\/uploads\/2025\/05\/counterweight-hydraulic-cylinder-for-car-crane-1-1-480x270.webp 480w\" sizes=\"(min-width: 0px) and (max-width: 480px) 480px, (min-width: 481px) 580px, 100vw\" \/><\/h3>\n<p>Vastukaalu h\u00fcdrosilinder aitab kraana koormust tasakaalustada. Vastukaalu asendi ja j\u00f5u reguleerimise abil saab see tasakaalustada t\u00f5stetava koorma tekitatud p\u00f6\u00f6rdemomenti. See v\u00e4hendab kraana \u00fcmberkukkumise ohtu raskete t\u00f5stet\u00f6\u00f6de ajal. N\u00e4iteks kui kraana t\u00f5stab k\u00f5rghoone ehitusprojektis suurt ja rasket monteeritavat betoonpaneeli, saab vastukaalu h\u00fcdrosilindrit reguleerida, et hoida kraana stabiilsena.<\/p>\n<\/div>\n<div class=\"container-hfX5E8 flow-markdown-body theme-samantha-yJEgBp\" dir=\"ltr\" data-testid=\"message_text_content\" data-show-indicator=\"false\">\n<h3><strong>T\u00e4pne koormuse haldamine<\/strong>:<\/h3>\n<p>See v\u00f5imaldab vastukaalu t\u00e4pset juhtimist, mis omakorda v\u00f5imaldab t\u00e4psemat koorma haldamist. H\u00fcdraulikasilindrit saab reaalajas reguleerida vastavalt koorma kaalule ja asukohale. Logistikaoperatsioonides, kus kraana liigutab erineva raskusega konteinereid, saab vastukaalu h\u00fcdrosilindrit peenh\u00e4\u00e4lestada, et tagada konteinerite sujuv ja ohutu t\u00f5stmine ja paigutamine.<\/p>\n<\/div>\n<div>\n<div class=\"image-box-grid-DI7Zd9\" data-finished=\"true\" data-testid=\"message_image_content\">\n<div class=\"image-box-grid-item-hjZBGw\">\n<div class=\"relative w-fit inline-flex\">\n<div class=\"container-pveQEn\"><\/div>\n<\/div>\n<\/div>\n<\/div>\n<\/div>\n<div class=\"container-hfX5E8 flow-markdown-body theme-samantha-yJEgBp\" dir=\"ltr\" data-testid=\"message_text_content\" data-show-indicator=\"false\">\n<h3><strong>Suurem man\u00f6\u00f6verdusv\u00f5ime<\/strong>:<\/h3>\n<h3><img loading=\"lazy\" decoding=\"async\" class=\"alignnone size-full wp-image-20185\" src=\"https:\/\/www.hydraulic-cylinders.net\/wp-content\/uploads\/2025\/05\/counterweight-hydraulic-cylinder-for-car-crane-2.webp\" alt=\"\" width=\"2048\" height=\"1152\" srcset=\"https:\/\/www.hydraulic-cylinders.net\/wp-content\/uploads\/2025\/05\/counterweight-hydraulic-cylinder-for-car-crane-2.webp 2048w, https:\/\/www.hydraulic-cylinders.net\/wp-content\/uploads\/2025\/05\/counterweight-hydraulic-cylinder-for-car-crane-2-1280x720.webp 1280w, https:\/\/www.hydraulic-cylinders.net\/wp-content\/uploads\/2025\/05\/counterweight-hydraulic-cylinder-for-car-crane-2-980x551.webp 980w, https:\/\/www.hydraulic-cylinders.net\/wp-content\/uploads\/2025\/05\/counterweight-hydraulic-cylinder-for-car-crane-2-480x270.webp 480w\" sizes=\"(min-width: 0px) and (max-width: 480px) 480px, (min-width: 481px) and (max-width: 980px) 980px, (min-width: 981px) and (max-width: 1280px) 1280px, (min-width: 1281px) 2048px, 100vw\" \/><\/h3>\n<p>Kitsastes ruumides, n\u00e4iteks linna ehitusplatsidel v\u00f5i tootmisettev\u00f5tetes, parandab vastukaaluga h\u00fcdrosilinder kraana man\u00f6\u00f6verdusv\u00f5imet. See v\u00f5imaldab vastukaalu kiiresti reguleerida, et see kohanduks erinevate t\u00f6\u00f6tingimuste ja ruumidega. N\u00e4iteks autotehases, kus kraanat kasutatakse mootoriplokkide paigutamiseks konveierile, v\u00f5imaldab vastukaaluga h\u00fcdrosilinder kraanal piiratud ruumis vabamalt liikuda ja t\u00f6\u00f6tada.<\/p>\n<\/div>\n<div class=\"container-hfX5E8 flow-markdown-body theme-samantha-yJEgBp\" dir=\"ltr\" data-testid=\"message_text_content\" data-show-indicator=\"false\">\n<h3><strong>T\u00e4iustatud ohutus<\/strong>:<\/h3>\n<p>Tagades stabiilsuse ja t\u00e4pse koormuse haldamise, suurendab vastukaaluga h\u00fcdrosilinder oluliselt kraana t\u00f6\u00f6ohutust. See v\u00e4hendab \u00f5nnetuste, n\u00e4iteks koorma kukkumise v\u00f5i kraana kokkuvarisemise t\u00f5en\u00e4osust, kaitstes nii operaatoreid kui ka \u00fcmbritsevat keskkonda. Olenemata sellest, kas tegemist on k\u00f5rge riskiga ehitusprojekti v\u00f5i tiheda logistikakeskusega, on vastukaaluga h\u00fcdrosilindri kasutamine ohutu t\u00f6\u00f6keskkonna s\u00e4ilitamiseks \u00fclioluline.<\/p>\n<\/div>\n<section id=\"company-introduction\">\n<h2><strong>Ever-Power Huachang Hydraulic kohta:<\/strong><\/h2>\n<h2><img loading=\"lazy\" decoding=\"async\" class=\"alignnone size-full wp-image-16972\" src=\"https:\/\/www.hydraulic-cylinders.net\/wp-content\/uploads\/2025\/01\/hydraulic-cylinder-factory-1-scaled.webp\" alt=\"\" width=\"2016\" height=\"2560\" srcset=\"https:\/\/www.hydraulic-cylinders.net\/wp-content\/uploads\/2025\/01\/hydraulic-cylinder-factory-1-scaled.webp 2016w, https:\/\/www.hydraulic-cylinders.net\/wp-content\/uploads\/2025\/01\/hydraulic-cylinder-factory-1-1280x1625.webp 1280w, https:\/\/www.hydraulic-cylinders.net\/wp-content\/uploads\/2025\/01\/hydraulic-cylinder-factory-1-980x1244.webp 980w, https:\/\/www.hydraulic-cylinders.net\/wp-content\/uploads\/2025\/01\/hydraulic-cylinder-factory-1-480x610.webp 480w\" sizes=\"(min-width: 0px) and (max-width: 480px) 480px, (min-width: 481px) and (max-width: 980px) 980px, (min-width: 981px) and (max-width: 1280px) 1280px, (min-width: 1281px) 2016px, 100vw\" \/><\/h2>\n<p dir=\"auto\">Ever-Power Huachang Hydraulic edendab h\u00fcdrauliliste silindrite innovatsiooni tipptasemel teadus- ja arendustegevuse rajatise abil, kus asjatundlikud insenerid projekteerivad t\u00f6\u00f6stuslike rakenduste, sealhulgas autokraanade ja rasketehnika jaoks k\u00f5rgj\u00f5udlusega lahendusi.<\/p>\n<p dir=\"auto\">Meie t\u00e4iustatud tootmistehases on automatiseeritud montaa\u017e ja t\u00e4ppist\u00f6\u00f6tlus, kus toodetakse nutika tehnoloogiaga kohandatud silindreid, et tagada t\u00f5husus ja vastavus rangetele t\u00f6\u00f6stusstandarditele, toetades selliseid mudeleid nagu Terex ja Grove.<\/p>\n<h2><img loading=\"lazy\" decoding=\"async\" class=\"alignnone size-full wp-image-16973\" src=\"https:\/\/www.hydraulic-cylinders.net\/wp-content\/uploads\/2025\/01\/hydraulic-cylinder-factory-2-scaled.webp\" alt=\"\" width=\"2011\" height=\"2560\" srcset=\"https:\/\/www.hydraulic-cylinders.net\/wp-content\/uploads\/2025\/01\/hydraulic-cylinder-factory-2-scaled.webp 2011w, https:\/\/www.hydraulic-cylinders.net\/wp-content\/uploads\/2025\/01\/hydraulic-cylinder-factory-2-1280x1629.webp 1280w, https:\/\/www.hydraulic-cylinders.net\/wp-content\/uploads\/2025\/01\/hydraulic-cylinder-factory-2-980x1248.webp 980w, https:\/\/www.hydraulic-cylinders.net\/wp-content\/uploads\/2025\/01\/hydraulic-cylinder-factory-2-480x611.webp 480w\" sizes=\"(min-width: 0px) and (max-width: 480px) 480px, (min-width: 481px) and (max-width: 980px) 980px, (min-width: 981px) and (max-width: 1280px) 1280px, (min-width: 1281px) 2011px, 100vw\" \/><\/h2>\n<p>Meie kvaliteeti tagatakse tipptasemel testimiskeskuses, kus valideerime j\u00f5udlust t\u00e4iustatud diagnostika abil ja kasutame vastupidavuse suurendamiseks keskkonnas\u00f5bralikke katteid. Juhtina kasutame tehisintellektil p\u00f5hinevat uurimist\u00f6\u00f6d, et pakkuda usaldusv\u00e4\u00e4rseid ja vastupidavaid h\u00fcdrosilindreid, mida usaldatakse kogu maailmas.<\/p>\n<\/section>","protected":false},"excerpt":{"rendered":"<p>Counterweight Hydraulic Cylinders for Car Crane The counterweight hydraulic cylinders for car crane, crafted by Ever-Power Huachang Hydraulic, are precision-engineered balance cylinders that ensure optimal stability and safety during heavy lifting operations. Designed for seamless compatibility with leading car crane models, this hydraulic cylinder for car crane enhances load management in urban construction, logistics, and [&hellip;]<\/p>","protected":false},"featured_media":20181,"comment_status":"open","ping_status":"closed","template":"","meta":{"_et_pb_use_builder":"","_et_pb_old_content":"","_et_gb_content_width":""},"product_brand":[],"product_cat":[1514],"product_tag":[],"class_list":{"0":"post-20179","1":"product","2":"type-product","3":"status-publish","4":"has-post-thumbnail","6":"product_cat-mobile-crane-hydraulic-cylinders","8":"first","9":"instock","10":"shipping-taxable","11":"product-type-simple"},"amp_enabled":true,"_links":{"self":[{"href":"https:\/\/www.hydraulic-cylinders.net\/et\/wp-json\/wp\/v2\/product\/20179","targetHints":{"allow":["GET"]}}],"collection":[{"href":"https:\/\/www.hydraulic-cylinders.net\/et\/wp-json\/wp\/v2\/product"}],"about":[{"href":"https:\/\/www.hydraulic-cylinders.net\/et\/wp-json\/wp\/v2\/types\/product"}],"replies":[{"embeddable":true,"href":"https:\/\/www.hydraulic-cylinders.net\/et\/wp-json\/wp\/v2\/comments?post=20179"}],"wp:featuredmedia":[{"embeddable":true,"href":"https:\/\/www.hydraulic-cylinders.net\/et\/wp-json\/wp\/v2\/media\/20181"}],"wp:attachment":[{"href":"https:\/\/www.hydraulic-cylinders.net\/et\/wp-json\/wp\/v2\/media?parent=20179"}],"wp:term":[{"taxonomy":"product_brand","embeddable":true,"href":"https:\/\/www.hydraulic-cylinders.net\/et\/wp-json\/wp\/v2\/product_brand?post=20179"},{"taxonomy":"product_cat","embeddable":true,"href":"https:\/\/www.hydraulic-cylinders.net\/et\/wp-json\/wp\/v2\/product_cat?post=20179"},{"taxonomy":"product_tag","embeddable":true,"href":"https:\/\/www.hydraulic-cylinders.net\/et\/wp-json\/wp\/v2\/product_tag?post=20179"}],"curies":[{"name":"wp","href":"https:\/\/api.w.org\/{rel}","templated":true}]}}